{"id":68118,"date":"2025-11-11T22:47:41","date_gmt":"2025-11-11T22:47:41","guid":{"rendered":"http:\/\/alekeskus.eu\/product\/aiamaja-johanna-144m%c2%b2\/"},"modified":"2026-02-18T15:14:50","modified_gmt":"2026-02-18T15:14:50","slug":"aiamaja-johanna-144m-alekeskus","status":"publish","type":"product","link":"https:\/\/alekeskus.eu\/et\/toode\/aiamaja-johanna-144m-alekeskus\/","title":{"rendered":"Aiamaja Johanna 14,4 m\u00b2"},"content":{"rendered":"<div>\n<div id=\"pilt_3761\"><\/div>\n<\/div>\n<div><\/div>\n","protected":false},"excerpt":{"rendered":"<p>V\u00e4lism\u00f5\u00f5dud:\u00a0<strong>436 x 337 cm. <\/strong><\/p>\n<ul>\n<li>seinad valmiskilpidest viimistlemata voodrilauaga 19 mm, s\u00f5restikumaterjal 44 x 94 mm<\/li>\n<li>seinte k\u00f5rgused<strong> 185 cm <\/strong>ja<strong> 226 cm<\/strong><\/li>\n<li>p\u00f5randa pindala 13,7 m\u00b2<\/li>\n<li>p\u00f5randa- ja katuselauad 19 mm, laeprussid 44 x 144 mm<\/li>\n<li>katuse pindala 19 m\u00b2 ja kalle 7\u00ba, r\u00e4\u00e4stas ees 34 cm<\/li>\n<li>klaasitud paarisuks silinderlukuga, kinnised aknad ukse m\u00f5lemal pool<\/li>\n<li>katusekate ei sisaldu hinnas<\/li>\n<li>garantii 2 aastat<\/li>\n<li>Eesti toode<\/li>\n<li>koosteohje ja kinnitusvahendid<\/li>\n<li>vihmakindel pakend<\/li>\n<\/ul>\n<p>K\u00fcsi ka paigaldust!<\/p>\n","protected":false},"featured_media":99011,"template":"","meta":{"_monsterinsights_skip_tracking":false,"_monsterinsights_sitenote_active":false,"_monsterinsights_sitenote_note":"","_monsterinsights_sitenote_category":0},"pwb-brand":[],"product_brand":[],"product_cat":[17182,13592,13540,13602,13608],"product_tag":[15471,15516,13813,13816,14252,14310],"class_list":{"0":"post-68118","1":"product","2":"type-product","3":"status-publish","4":"has-post-thumbnail","6":"product_cat-suvekoogid-alekeskus","7":"product_cat-aia-ja-grillmajad","8":"product_cat-hooned-alekeskus","9":"product_cat-elementmajad","10":"product_cat-kontorid","11":"product_tag-johanna","12":"product_tag-suvekook","13":"product_tag-aiamaja","14":"product_tag-peomaja","15":"product_tag-suvemaja","16":"product_tag-kodukontor","17":"product_shipping_class-kuni-1000kg","18":"pa_garantii-2-aastat","19":"pa_kohaletoimetamine-alates-100e","20":"pa_laoasukoht-vorumaa","21":"pa_pindalam-15472","22":"pa_tellimisaeg-tilausaika-alekeskus","23":"pa_varv-viimistlemata","24":"pa_veame-eesti-ja-soome","26":"first","27":"instock","28":"taxable","29":"shipping-taxable","30":"purchasable","31":"product-type-simple"},"yoast_head":"<!-- This site is optimized with the Yoast SEO plugin v27.3 - https:\/\/yoast.com\/product\/yoast-seo-wordpress\/ -->\n<title>Aiamaja Johanna 14,4 m\u00b2 - Alekeskus<\/title>\n<meta name=\"description\" content=\"Aiamaja Johanna alumiiniumist l\u00fckandustega\" \/>\n<meta name=\"robots\" content=\"index, follow, max-snippet:-1, max-image-preview:large, max-video-preview:-1\" \/>\n<link rel=\"canonical\" href=\"https:\/\/alekeskus.eu\/et\/toode\/aiamaja-johanna-144m-alekeskus\/\" \/>\n<meta property=\"og:locale\" content=\"et_EE\" \/>\n<meta property=\"og:type\" content=\"article\" \/>\n<meta property=\"og:title\" content=\"Aiamaja Johanna 14,4 m\u00b2 - Alekeskus\" \/>\n<meta property=\"og:description\" content=\"Aiamaja Johanna alumiiniumist l\u00fckandustega\" \/>\n<meta property=\"og:url\" content=\"https:\/\/alekeskus.eu\/et\/toode\/aiamaja-johanna-144m-alekeskus\/\" \/>\n<meta property=\"og:site_name\" content=\"Alekeskus\" \/>\n<meta property=\"article:modified_time\" content=\"2026-02-18T15:14:50+00:00\" \/>\n<meta property=\"og:image\" content=\"https:\/\/alekeskus.eu\/wp-content\/uploads\/2021\/11\/Johanna-144-wooden-doors-uus.jpg\" \/>\n\t<meta property=\"og:image:width\" content=\"1024\" \/>\n\t<meta property=\"og:image:height\" content=\"682\" \/>\n\t<meta property=\"og:image:type\" content=\"image\/jpeg\" \/>\n<meta name=\"twitter:card\" content=\"summary_large_image\" \/>\n<meta name=\"twitter:label1\" content=\"Est. reading time\" \/>\n\t<meta name=\"twitter:data1\" content=\"1 minut\" \/>\n<script type=\"application\/ld+json\" class=\"yoast-schema-graph\">{\"@context\":\"https:\\\/\\\/schema.org\",\"@graph\":[{\"@type\":\"WebPage\",\"@id\":\"https:\\\/\\\/alekeskus.eu\\\/et\\\/toode\\\/aiamaja-johanna-144m-alekeskus\\\/\",\"url\":\"https:\\\/\\\/alekeskus.eu\\\/et\\\/toode\\\/aiamaja-johanna-144m-alekeskus\\\/\",\"name\":\"Aiamaja Johanna 14,4 m\u00b2 - Alekeskus\",\"isPartOf\":{\"@id\":\"https:\\\/\\\/alekeskus.eu\\\/#website\"},\"primaryImageOfPage\":{\"@id\":\"https:\\\/\\\/alekeskus.eu\\\/et\\\/toode\\\/aiamaja-johanna-144m-alekeskus\\\/#primaryimage\"},\"image\":{\"@id\":\"https:\\\/\\\/alekeskus.eu\\\/et\\\/toode\\\/aiamaja-johanna-144m-alekeskus\\\/#primaryimage\"},\"thumbnailUrl\":\"https:\\\/\\\/alekeskus.eu\\\/wp-content\\\/uploads\\\/2021\\\/11\\\/Johanna-144-wooden-doors-uus.jpg\",\"datePublished\":\"2025-11-11T22:47:41+00:00\",\"dateModified\":\"2026-02-18T15:14:50+00:00\",\"description\":\"Aiamaja Johanna alumiiniumist l\u00fckandustega\",\"breadcrumb\":{\"@id\":\"https:\\\/\\\/alekeskus.eu\\\/et\\\/toode\\\/aiamaja-johanna-144m-alekeskus\\\/#breadcrumb\"},\"inLanguage\":\"et\",\"potentialAction\":[{\"@type\":\"ReadAction\",\"target\":[\"https:\\\/\\\/alekeskus.eu\\\/et\\\/toode\\\/aiamaja-johanna-144m-alekeskus\\\/\"]}]},{\"@type\":\"ImageObject\",\"inLanguage\":\"et\",\"@id\":\"https:\\\/\\\/alekeskus.eu\\\/et\\\/toode\\\/aiamaja-johanna-144m-alekeskus\\\/#primaryimage\",\"url\":\"https:\\\/\\\/alekeskus.eu\\\/wp-content\\\/uploads\\\/2021\\\/11\\\/Johanna-144-wooden-doors-uus.jpg\",\"contentUrl\":\"https:\\\/\\\/alekeskus.eu\\\/wp-content\\\/uploads\\\/2021\\\/11\\\/Johanna-144-wooden-doors-uus.jpg\",\"width\":1024,\"height\":682},{\"@type\":\"BreadcrumbList\",\"@id\":\"https:\\\/\\\/alekeskus.eu\\\/et\\\/toode\\\/aiamaja-johanna-144m-alekeskus\\\/#breadcrumb\",\"itemListElement\":[{\"@type\":\"ListItem\",\"position\":1,\"name\":\"Avaleht\",\"item\":\"https:\\\/\\\/alekeskus.eu\\\/et\\\/\"},{\"@type\":\"ListItem\",\"position\":2,\"name\":\"Pood\",\"item\":\"https:\\\/\\\/alekeskus.eu\\\/pood\\\/\"},{\"@type\":\"ListItem\",\"position\":3,\"name\":\"Aiamaja Johanna 14,4 m\u00b2\"}]},{\"@type\":\"WebSite\",\"@id\":\"https:\\\/\\\/alekeskus.eu\\\/#website\",\"url\":\"https:\\\/\\\/alekeskus.eu\\\/\",\"name\":\"Alekeskus\",\"description\":\"Alekeskus.eu\",\"potentialAction\":[{\"@type\":\"SearchAction\",\"target\":{\"@type\":\"EntryPoint\",\"urlTemplate\":\"https:\\\/\\\/alekeskus.eu\\\/?s={search_term_string}\"},\"query-input\":{\"@type\":\"PropertyValueSpecification\",\"valueRequired\":true,\"valueName\":\"search_term_string\"}}],\"inLanguage\":\"et\"}]}<\/script>\n<!-- \/ Yoast SEO plugin. -->","yoast_head_json":{"title":"Aiamaja Johanna 14,4 m\u00b2 - Alekeskus","description":"Aiamaja Johanna alumiiniumist l\u00fckandustega","robots":{"index":"index","follow":"follow","max-snippet":"max-snippet:-1","max-image-preview":"max-image-preview:large","max-video-preview":"max-video-preview:-1"},"canonical":"https:\/\/alekeskus.eu\/et\/toode\/aiamaja-johanna-144m-alekeskus\/","og_locale":"et_EE","og_type":"article","og_title":"Aiamaja Johanna 14,4 m\u00b2 - Alekeskus","og_description":"Aiamaja Johanna alumiiniumist l\u00fckandustega","og_url":"https:\/\/alekeskus.eu\/et\/toode\/aiamaja-johanna-144m-alekeskus\/","og_site_name":"Alekeskus","article_modified_time":"2026-02-18T15:14:50+00:00","og_image":[{"width":1024,"height":682,"url":"https:\/\/alekeskus.eu\/wp-content\/uploads\/2021\/11\/Johanna-144-wooden-doors-uus.jpg","type":"image\/jpeg"}],"twitter_card":"summary_large_image","twitter_misc":{"Est. reading time":"1 minut"},"schema":{"@context":"https:\/\/schema.org","@graph":[{"@type":"WebPage","@id":"https:\/\/alekeskus.eu\/et\/toode\/aiamaja-johanna-144m-alekeskus\/","url":"https:\/\/alekeskus.eu\/et\/toode\/aiamaja-johanna-144m-alekeskus\/","name":"Aiamaja Johanna 14,4 m\u00b2 - Alekeskus","isPartOf":{"@id":"https:\/\/alekeskus.eu\/#website"},"primaryImageOfPage":{"@id":"https:\/\/alekeskus.eu\/et\/toode\/aiamaja-johanna-144m-alekeskus\/#primaryimage"},"image":{"@id":"https:\/\/alekeskus.eu\/et\/toode\/aiamaja-johanna-144m-alekeskus\/#primaryimage"},"thumbnailUrl":"https:\/\/alekeskus.eu\/wp-content\/uploads\/2021\/11\/Johanna-144-wooden-doors-uus.jpg","datePublished":"2025-11-11T22:47:41+00:00","dateModified":"2026-02-18T15:14:50+00:00","description":"Aiamaja Johanna alumiiniumist l\u00fckandustega","breadcrumb":{"@id":"https:\/\/alekeskus.eu\/et\/toode\/aiamaja-johanna-144m-alekeskus\/#breadcrumb"},"inLanguage":"et","potentialAction":[{"@type":"ReadAction","target":["https:\/\/alekeskus.eu\/et\/toode\/aiamaja-johanna-144m-alekeskus\/"]}]},{"@type":"ImageObject","inLanguage":"et","@id":"https:\/\/alekeskus.eu\/et\/toode\/aiamaja-johanna-144m-alekeskus\/#primaryimage","url":"https:\/\/alekeskus.eu\/wp-content\/uploads\/2021\/11\/Johanna-144-wooden-doors-uus.jpg","contentUrl":"https:\/\/alekeskus.eu\/wp-content\/uploads\/2021\/11\/Johanna-144-wooden-doors-uus.jpg","width":1024,"height":682},{"@type":"BreadcrumbList","@id":"https:\/\/alekeskus.eu\/et\/toode\/aiamaja-johanna-144m-alekeskus\/#breadcrumb","itemListElement":[{"@type":"ListItem","position":1,"name":"Avaleht","item":"https:\/\/alekeskus.eu\/et\/"},{"@type":"ListItem","position":2,"name":"Pood","item":"https:\/\/alekeskus.eu\/pood\/"},{"@type":"ListItem","position":3,"name":"Aiamaja Johanna 14,4 m\u00b2"}]},{"@type":"WebSite","@id":"https:\/\/alekeskus.eu\/#website","url":"https:\/\/alekeskus.eu\/","name":"Alekeskus","description":"Alekeskus.eu","potentialAction":[{"@type":"SearchAction","target":{"@type":"EntryPoint","urlTemplate":"https:\/\/alekeskus.eu\/?s={search_term_string}"},"query-input":{"@type":"PropertyValueSpecification","valueRequired":true,"valueName":"search_term_string"}}],"inLanguage":"et"}]}},"brands":[],"_links":{"self":[{"href":"https:\/\/alekeskus.eu\/et\/wp-json\/wp\/v2\/product\/68118","targetHints":{"allow":["GET"]}}],"collection":[{"href":"https:\/\/alekeskus.eu\/et\/wp-json\/wp\/v2\/product"}],"about":[{"href":"https:\/\/alekeskus.eu\/et\/wp-json\/wp\/v2\/types\/product"}],"wp:featuredmedia":[{"embeddable":true,"href":"https:\/\/alekeskus.eu\/et\/wp-json\/wp\/v2\/media\/99011"}],"wp:attachment":[{"href":"https:\/\/alekeskus.eu\/et\/wp-json\/wp\/v2\/media?parent=68118"}],"wp:term":[{"taxonomy":"pwb-brand","embeddable":true,"href":"https:\/\/alekeskus.eu\/et\/wp-json\/wp\/v2\/pwb-brand?post=68118"},{"taxonomy":"product_brand","embeddable":true,"href":"https:\/\/alekeskus.eu\/et\/wp-json\/wp\/v2\/product_brand?post=68118"},{"taxonomy":"product_cat","embeddable":true,"href":"https:\/\/alekeskus.eu\/et\/wp-json\/wp\/v2\/product_cat?post=68118"},{"taxonomy":"product_tag","embeddable":true,"href":"https:\/\/alekeskus.eu\/et\/wp-json\/wp\/v2\/product_tag?post=68118"}],"curies":[{"name":"wp","href":"https:\/\/api.w.org\/{rel}","templated":true}]}}