{"id":68318,"date":"2024-11-11T22:49:15","date_gmt":"2024-11-11T22:49:15","guid":{"rendered":"http:\/\/alekeskus.eu\/product\/aiamaja-lisa-115m%c2%b2\/"},"modified":"2026-01-03T18:16:43","modified_gmt":"2026-01-03T18:16:43","slug":"aiamaja-liisa-115-alekeskus","status":"publish","type":"product","link":"https:\/\/alekeskus.eu\/et\/toode\/aiamaja-liisa-115-alekeskus\/","title":{"rendered":"Aiamaja Liisa 11,5 m\u00b2"},"content":{"rendered":"<div class=\"pictogram qtip-additional-element\">\n<div class=\"image\">\n<p><strong>Telli juurde:<\/strong><\/p>\n<ul>\n<li><strong>SBS-bituumekate 3 rulli\u00a0<\/strong><\/li>\n<li><strong>vihmavees\u00fcsteem\u00a0<\/strong><\/li>\n<li><strong>puitosa kastmine puukaitseainesse: <strong>pruun<strong>, hall, valge<\/strong><\/strong><\/strong><\/li>\n<li><strong>v\u00e4ljast v\u00e4rvituna<\/strong><\/li>\n<\/ul>\n<\/div>\n<\/div>\n<div class=\"pictogram qtip-additional-element\">\n<div class=\"description\">\n<div class=\"pictogram qtip-additional-element\">\n<div class=\"pictogram qtip-additional-element\">\n<div class=\"description\">\n<p>Pakend: 4,5&#215;1,2&#215;0,7 m; kaal 1000 kg<\/p>\n<\/div>\n<\/div>\n<div class=\"pictogram qtip-additional-element\" aria-describedby=\"ui-tooltip-159\">\n<div class=\"image\">Paigaldusohje: <a href=\"https:\/\/alekeskus.eu\/wp-content\/uploads\/2021\/11\/Liisa115ohje.pdf\">Liisa11,5ohje<\/a><\/div>\n<div class=\"description\"><\/div>\n<\/div>\n<\/div>\n<\/div>\n<\/div>\n","protected":false},"excerpt":{"rendered":"<p>V\u00e4lism\u00f5\u00f5dud: <strong>4,0 x 3,0 m<\/strong>.<\/p>\n<p><strong>TASUTA VEDU JA MAHALAADIMINE (ka suursaartele)!<\/strong><\/p>\n<ul>\n<li>tuuletapiga\u00a0<strong>freespalksein 34 mm<\/strong>, tormikinnitused<\/li>\n<li>seinte k\u00f5rgused 211 cm ja 234 cm<\/li>\n<li>katusetalad 70 x 140 mm, punniga katuselauad 19 mm<\/li>\n<li>katuse pindala 16 m\u00b2 ja kalle 4,4\u00ba, r\u00e4\u00e4stas ees 0,45 m<\/li>\n<li>katusekate lisahinnaga(tarve 3 rulli SBS-bituumenkatet)<\/li>\n<li>punniga p\u00f5randalauad 19 mm, puidukaitsega k\u00e4sitletud p\u00f5randatalad 60 x 80 mm<\/li>\n<li>klaasiga paarisuks 114 x 187 cm; liimpuidust ukseleng, metalliga kaetud k\u00fcnnis, silinderlukk<\/li>\n<li>2 p\u00f6\u00f6rd-kaldavatavat akent tilganinaga 90 x 124 cm<\/li>\n<li>tellitav puidukaitsevahendisse kastetuna +600\u20ac (pruun, hall v\u00f5i valkjas)<strong><img decoding=\"async\" class=\"\" src=\"https:\/\/www.palmako.ee\/sites\/default\/files\/styles\/product_list_item\/public\/2020-06\/BNDIP.jpg?itok=_LQkkeHM\" width=\"66\" height=\"66\" \/><img decoding=\"async\" class=\"\" src=\"https:\/\/www.palmako.ee\/sites\/default\/files\/styles\/product_list_item\/public\/2020-06\/GYDIP.jpg?itok=RrYf7KTV\" width=\"66\" height=\"66\" \/><img decoding=\"async\" class=\"\" src=\"https:\/\/www.palmako.ee\/sites\/default\/files\/styles\/product_list_item\/public\/2020-06\/WTDIP.jpg?itok=D9U46coI\" width=\"67\" height=\"67\" \/> <\/strong>v\u00f5i v\u00e4ljast v\u00e4rvituna(4 v\u00e4rvilahendust) +1200\u20ac; tellimisaeg 2-4 n\u00e4dalat pikem<\/li>\n<li>kinnitusvahendid ja koostejuhend<\/li>\n<li>Eesti toode<\/li>\n<li>tehase garantii 5 aastat<\/li>\n<li>vihmakindel pakend<\/li>\n<\/ul>\n<p>K\u00fcsi ka paigaldust!<\/p>\n","protected":false},"featured_media":95720,"template":"","meta":{"_monsterinsights_skip_tracking":false,"_monsterinsights_sitenote_active":false,"_monsterinsights_sitenote_note":"","_monsterinsights_sitenote_category":0},"pwb-brand":[18577],"product_brand":[],"product_cat":[17182,13592,13540,13608],"product_tag":[15516,13864,18478,13899,18565,13913,14310,15276,13813],"class_list":{"0":"post-68318","1":"product","2":"type-product","3":"status-publish","4":"has-post-thumbnail","6":"pwb-brand-eesti","7":"product_cat-suvekoogid-alekeskus","8":"product_cat-aia-ja-grillmajad","9":"product_cat-hooned-alekeskus","10":"product_cat-kontorid","11":"product_tag-suvekook","12":"product_tag-huvimaja","13":"product_tag-kesahuone","14":"product_tag-garden-house","15":"product_tag-etatyotila-2","16":"product_tag-vierasmaja","17":"product_tag-kodukontor","18":"product_tag-pihatoimisto","19":"product_tag-aiamaja","20":"product_shipping_class-tasuta-transport-kuni-1000kg","21":"pa_garantii-5-aastat","22":"pa_kohaletoimetamine-eestis-tasuta-alekeskus","23":"pa_laoasukoht-tartumaa","24":"pa_pindalam-15355","25":"pa_seinapaksus-34-mm","26":"pa_tellimisaeg-tilausaika-alekeskus","27":"pa_varv-viimistlemata","28":"pa_varv-pruunikas-puidukaitse","29":"pa_varv-hallikas-puidukaitse","30":"pa_varv-valkjas-puidukaitse","31":"pa_veame-eesti-ja-soome","33":"first","34":"instock","35":"taxable","36":"shipping-taxable","37":"purchasable","38":"product-type-variable","39":"has-default-attributes"},"yoast_head":"<!-- This site is optimized with the Yoast SEO plugin v27.3 - https:\/\/yoast.com\/product\/yoast-seo-wordpress\/ -->\n<title>Aiamaja Liisa 11,5 m\u00b2 - Alekeskus<\/title>\n<meta name=\"description\" content=\"Kaldkatusega aiamaja\" \/>\n<meta name=\"robots\" content=\"index, follow, max-snippet:-1, max-image-preview:large, max-video-preview:-1\" \/>\n<link rel=\"canonical\" href=\"https:\/\/alekeskus.eu\/toode\/aiamaja-liisa-115-alekeskus\/\" \/>\n<meta property=\"og:locale\" content=\"et_EE\" \/>\n<meta property=\"og:type\" content=\"article\" \/>\n<meta property=\"og:title\" content=\"Aiamaja Liisa 11,5 m\u00b2 - Alekeskus\" \/>\n<meta property=\"og:description\" content=\"Kaldkatusega aiamaja\" \/>\n<meta property=\"og:url\" content=\"https:\/\/alekeskus.eu\/toode\/aiamaja-liisa-115-alekeskus\/\" \/>\n<meta property=\"og:site_name\" content=\"Alekeskus\" \/>\n<meta property=\"article:modified_time\" content=\"2026-01-03T18:16:43+00:00\" \/>\n<meta property=\"og:image\" content=\"https:\/\/alekeskus.eu\/wp-content\/uploads\/2024\/11\/Lisa_11.5_m2_NATURAL_wb.jpg\" \/>\n\t<meta property=\"og:image:width\" content=\"1600\" \/>\n\t<meta property=\"og:image:height\" content=\"1200\" \/>\n\t<meta property=\"og:image:type\" content=\"image\/jpeg\" \/>\n<meta name=\"twitter:card\" content=\"summary_large_image\" \/>\n<meta name=\"twitter:label1\" content=\"Est. reading time\" \/>\n\t<meta name=\"twitter:data1\" content=\"1 minut\" \/>\n<script type=\"application\/ld+json\" class=\"yoast-schema-graph\">{\"@context\":\"https:\\\/\\\/schema.org\",\"@graph\":[{\"@type\":\"WebPage\",\"@id\":\"https:\\\/\\\/alekeskus.eu\\\/toode\\\/aiamaja-liisa-115-alekeskus\\\/\",\"url\":\"https:\\\/\\\/alekeskus.eu\\\/toode\\\/aiamaja-liisa-115-alekeskus\\\/\",\"name\":\"Aiamaja Liisa 11,5 m\u00b2 - Alekeskus\",\"isPartOf\":{\"@id\":\"https:\\\/\\\/alekeskus.eu\\\/#website\"},\"primaryImageOfPage\":{\"@id\":\"https:\\\/\\\/alekeskus.eu\\\/toode\\\/aiamaja-liisa-115-alekeskus\\\/#primaryimage\"},\"image\":{\"@id\":\"https:\\\/\\\/alekeskus.eu\\\/toode\\\/aiamaja-liisa-115-alekeskus\\\/#primaryimage\"},\"thumbnailUrl\":\"https:\\\/\\\/alekeskus.eu\\\/wp-content\\\/uploads\\\/2024\\\/11\\\/Lisa_11.5_m2_NATURAL_wb.jpg\",\"datePublished\":\"2024-11-11T22:49:15+00:00\",\"dateModified\":\"2026-01-03T18:16:43+00:00\",\"description\":\"Kaldkatusega aiamaja\",\"breadcrumb\":{\"@id\":\"https:\\\/\\\/alekeskus.eu\\\/toode\\\/aiamaja-liisa-115-alekeskus\\\/#breadcrumb\"},\"inLanguage\":\"et\",\"potentialAction\":[{\"@type\":\"ReadAction\",\"target\":[\"https:\\\/\\\/alekeskus.eu\\\/toode\\\/aiamaja-liisa-115-alekeskus\\\/\"]}]},{\"@type\":\"ImageObject\",\"inLanguage\":\"et\",\"@id\":\"https:\\\/\\\/alekeskus.eu\\\/toode\\\/aiamaja-liisa-115-alekeskus\\\/#primaryimage\",\"url\":\"https:\\\/\\\/alekeskus.eu\\\/wp-content\\\/uploads\\\/2024\\\/11\\\/Lisa_11.5_m2_NATURAL_wb.jpg\",\"contentUrl\":\"https:\\\/\\\/alekeskus.eu\\\/wp-content\\\/uploads\\\/2024\\\/11\\\/Lisa_11.5_m2_NATURAL_wb.jpg\",\"width\":1600,\"height\":1200},{\"@type\":\"BreadcrumbList\",\"@id\":\"https:\\\/\\\/alekeskus.eu\\\/toode\\\/aiamaja-liisa-115-alekeskus\\\/#breadcrumb\",\"itemListElement\":[{\"@type\":\"ListItem\",\"position\":1,\"name\":\"Avaleht\",\"item\":\"https:\\\/\\\/alekeskus.eu\\\/et\\\/\"},{\"@type\":\"ListItem\",\"position\":2,\"name\":\"Pood\",\"item\":\"https:\\\/\\\/alekeskus.eu\\\/pood\\\/\"},{\"@type\":\"ListItem\",\"position\":3,\"name\":\"Aiamaja Liisa 11,5 m\u00b2\"}]},{\"@type\":\"WebSite\",\"@id\":\"https:\\\/\\\/alekeskus.eu\\\/#website\",\"url\":\"https:\\\/\\\/alekeskus.eu\\\/\",\"name\":\"Alekeskus\",\"description\":\"Alekeskus.eu\",\"potentialAction\":[{\"@type\":\"SearchAction\",\"target\":{\"@type\":\"EntryPoint\",\"urlTemplate\":\"https:\\\/\\\/alekeskus.eu\\\/?s={search_term_string}\"},\"query-input\":{\"@type\":\"PropertyValueSpecification\",\"valueRequired\":true,\"valueName\":\"search_term_string\"}}],\"inLanguage\":\"et\"}]}<\/script>\n<!-- \/ Yoast SEO plugin. -->","yoast_head_json":{"title":"Aiamaja Liisa 11,5 m\u00b2 - Alekeskus","description":"Kaldkatusega aiamaja","robots":{"index":"index","follow":"follow","max-snippet":"max-snippet:-1","max-image-preview":"max-image-preview:large","max-video-preview":"max-video-preview:-1"},"canonical":"https:\/\/alekeskus.eu\/toode\/aiamaja-liisa-115-alekeskus\/","og_locale":"et_EE","og_type":"article","og_title":"Aiamaja Liisa 11,5 m\u00b2 - Alekeskus","og_description":"Kaldkatusega aiamaja","og_url":"https:\/\/alekeskus.eu\/toode\/aiamaja-liisa-115-alekeskus\/","og_site_name":"Alekeskus","article_modified_time":"2026-01-03T18:16:43+00:00","og_image":[{"width":1600,"height":1200,"url":"https:\/\/alekeskus.eu\/wp-content\/uploads\/2024\/11\/Lisa_11.5_m2_NATURAL_wb.jpg","type":"image\/jpeg"}],"twitter_card":"summary_large_image","twitter_misc":{"Est. reading time":"1 minut"},"schema":{"@context":"https:\/\/schema.org","@graph":[{"@type":"WebPage","@id":"https:\/\/alekeskus.eu\/toode\/aiamaja-liisa-115-alekeskus\/","url":"https:\/\/alekeskus.eu\/toode\/aiamaja-liisa-115-alekeskus\/","name":"Aiamaja Liisa 11,5 m\u00b2 - Alekeskus","isPartOf":{"@id":"https:\/\/alekeskus.eu\/#website"},"primaryImageOfPage":{"@id":"https:\/\/alekeskus.eu\/toode\/aiamaja-liisa-115-alekeskus\/#primaryimage"},"image":{"@id":"https:\/\/alekeskus.eu\/toode\/aiamaja-liisa-115-alekeskus\/#primaryimage"},"thumbnailUrl":"https:\/\/alekeskus.eu\/wp-content\/uploads\/2024\/11\/Lisa_11.5_m2_NATURAL_wb.jpg","datePublished":"2024-11-11T22:49:15+00:00","dateModified":"2026-01-03T18:16:43+00:00","description":"Kaldkatusega aiamaja","breadcrumb":{"@id":"https:\/\/alekeskus.eu\/toode\/aiamaja-liisa-115-alekeskus\/#breadcrumb"},"inLanguage":"et","potentialAction":[{"@type":"ReadAction","target":["https:\/\/alekeskus.eu\/toode\/aiamaja-liisa-115-alekeskus\/"]}]},{"@type":"ImageObject","inLanguage":"et","@id":"https:\/\/alekeskus.eu\/toode\/aiamaja-liisa-115-alekeskus\/#primaryimage","url":"https:\/\/alekeskus.eu\/wp-content\/uploads\/2024\/11\/Lisa_11.5_m2_NATURAL_wb.jpg","contentUrl":"https:\/\/alekeskus.eu\/wp-content\/uploads\/2024\/11\/Lisa_11.5_m2_NATURAL_wb.jpg","width":1600,"height":1200},{"@type":"BreadcrumbList","@id":"https:\/\/alekeskus.eu\/toode\/aiamaja-liisa-115-alekeskus\/#breadcrumb","itemListElement":[{"@type":"ListItem","position":1,"name":"Avaleht","item":"https:\/\/alekeskus.eu\/et\/"},{"@type":"ListItem","position":2,"name":"Pood","item":"https:\/\/alekeskus.eu\/pood\/"},{"@type":"ListItem","position":3,"name":"Aiamaja Liisa 11,5 m\u00b2"}]},{"@type":"WebSite","@id":"https:\/\/alekeskus.eu\/#website","url":"https:\/\/alekeskus.eu\/","name":"Alekeskus","description":"Alekeskus.eu","potentialAction":[{"@type":"SearchAction","target":{"@type":"EntryPoint","urlTemplate":"https:\/\/alekeskus.eu\/?s={search_term_string}"},"query-input":{"@type":"PropertyValueSpecification","valueRequired":true,"valueName":"search_term_string"}}],"inLanguage":"et"}]}},"brands":[{"id":18577,"name":"Eesti","slug":"eesti"}],"_links":{"self":[{"href":"https:\/\/alekeskus.eu\/et\/wp-json\/wp\/v2\/product\/68318","targetHints":{"allow":["GET"]}}],"collection":[{"href":"https:\/\/alekeskus.eu\/et\/wp-json\/wp\/v2\/product"}],"about":[{"href":"https:\/\/alekeskus.eu\/et\/wp-json\/wp\/v2\/types\/product"}],"wp:featuredmedia":[{"embeddable":true,"href":"https:\/\/alekeskus.eu\/et\/wp-json\/wp\/v2\/media\/95720"}],"wp:attachment":[{"href":"https:\/\/alekeskus.eu\/et\/wp-json\/wp\/v2\/media?parent=68318"}],"wp:term":[{"taxonomy":"pwb-brand","embeddable":true,"href":"https:\/\/alekeskus.eu\/et\/wp-json\/wp\/v2\/pwb-brand?post=68318"},{"taxonomy":"product_brand","embeddable":true,"href":"https:\/\/alekeskus.eu\/et\/wp-json\/wp\/v2\/product_brand?post=68318"},{"taxonomy":"product_cat","embeddable":true,"href":"https:\/\/alekeskus.eu\/et\/wp-json\/wp\/v2\/product_cat?post=68318"},{"taxonomy":"product_tag","embeddable":true,"href":"https:\/\/alekeskus.eu\/et\/wp-json\/wp\/v2\/product_tag?post=68318"}],"curies":[{"name":"wp","href":"https:\/\/api.w.org\/{rel}","templated":true}]}}