{"id":68576,"date":"2024-10-11T22:52:03","date_gmt":"2024-10-11T22:52:03","guid":{"rendered":"http:\/\/alekeskus.eu\/product\/aiamaja-stafford-187m%c2%b2\/"},"modified":"2025-01-05T15:24:38","modified_gmt":"2025-01-05T15:24:38","slug":"aiamaja-stafford1-187m-alekeskus","status":"publish","type":"product","link":"https:\/\/alekeskus.eu\/et\/toode\/aiamaja-stafford1-187m-alekeskus\/","title":{"rendered":"Suvemaja Stafford1 19,2 m\u00b2 + terrass 8,1 m\u00b2  (44 v\u00f5i 70 mm freespalksein)"},"content":{"rendered":"<p>Stafford 1 on ruumikas ja valgusk\u00fcllane 70 mm paksuse seinaga aiamaja. Sarja majadel on k\u00f5igil isikup\u00e4rase <i>rant\u0161oliku<b>\u00a0<\/b><\/i>disainiga terrass, mis v\u00f5imaldab nii p\u00e4ikese kui vihma eest varju leida ja v\u00e4rskes \u00f5hus sooje suvep\u00e4evi nautida. Majal on kvaliteetsed pakettklaasiga avat\u00e4ited. Esiseina suured klaaspinnad toovad tuppa p\u00e4evavalgust, mist\u00f5ttu Stafford on igati sobiv suviseks kodukontoriks v\u00f5i suve\u00fcrituseks. Staffordi on v\u00f5imalik tellida neljas erinevas versioonis. Stafford 1 on avaram versioon oma k\u00f5rgema lae poolest. Kes vajab madalamat lage, saab valida Stafford 2 aiamaja. M\u00f5lemaid saab nii 44 mm seinapaksusega kui ka 70 mm seinapaksusega. Majakomplekt sisaldab k\u00f5iki paigaldamiseks vajaminevaid detaile: immutatud alusraam, seinadetailid, p\u00f5randalauad ja -liistud, katusetalad, -lauad ja -liistud, terrassilauad ja -piirded ning avat\u00e4ited. Lisaks on pakis ka kinnitusvahendid (kruvid, naelad jms). Katusekattematerjal hinnas ei sisaldu, kuid saame kaasa pakkida ajutist katusepappi v\u00f5i kestvamaid bituumenkatusesindleid.<\/p>\n","protected":false},"excerpt":{"rendered":"<p>V\u00e4lism\u00f5\u00f5dud: <strong>54<\/strong><b>0 x 370 cm + katusealune terrass. <\/b><\/p>\n<p>Harja k\u00f5rgus<strong> 306 cm,<\/strong> seina k\u00f5rgus <strong>272 cm<\/strong>(madalama laega on saadaval s\u00f5sarmaja Stafford2).<\/p>\n<ul>\n<li>tuuletapiga freespalk <strong>44 mm<\/strong>(sisepindala 19,2 m\u00b2) v\u00f5i <strong>70 mm<\/strong>(sisepindala 18,7 m\u00b2)<strong>,<\/strong>\u00a0tormitugevdused<\/li>\n<li>s\u00fcvaimmutatud alusraam 45 x 70 mm, s\u00fcvaimmutatud terrassilauad 19 x 90 mm, punnitud p\u00f5randa- ja katuselauad 18 x 90 mm<\/li>\n<li>pakettklaasiga silinderlukuga paarisuks 158 x 200 cm<\/li>\n<li>kaldp\u00f6\u00f6rd avatavad pakettaknad alumiiniumveeninadega 2 tk 120 x 132 cm<\/li>\n<li>katuse kalle 19\u00b0, katuse pindala 37 m<sup>2<\/sup><\/li>\n<li>katusekate ei sisaldu hinnas(tarve bituumensindel 14 pakki)<\/li>\n<li>kinnitusvahendid ja p\u00fcstitusjuhend<\/li>\n<li>tehase\u00a0garantii 5 aastat<strong>\u00a0<\/strong><\/li>\n<li>Eesti toode<\/li>\n<li>ilmastikukindel pakend<\/li>\n<\/ul>\n<p>Vedu mandril tellijapoolse mahalaadimisega 180\u20ac v\u00f5i kraana-autoga 350\u20ac(suursaartele vastavalt 280\u20ac ja 590\u20ac).<\/p>\n<p>K\u00fcsi ka paigaldust!<\/p>\n","protected":false},"featured_media":87414,"template":"","meta":{"_monsterinsights_skip_tracking":false,"_monsterinsights_sitenote_active":false,"_monsterinsights_sitenote_note":"","_monsterinsights_sitenote_category":0},"pwb-brand":[18577],"product_brand":[],"product_cat":[17182,13538,13592,13540,13604,13608,13610],"product_tag":[13864,13913,13970,17390,14252,14310,17406,17866,15285,18033,13813,15533,13833],"class_list":{"0":"post-68576","1":"product","2":"type-product","3":"status-publish","4":"has-post-thumbnail","6":"pwb-brand-eesti","7":"product_cat-suvekoogid-alekeskus","8":"product_cat-ale","9":"product_cat-aia-ja-grillmajad","10":"product_cat-hooned-alekeskus","11":"product_cat-saunad","12":"product_cat-kontorid","13":"product_cat-suvilad","14":"product_tag-huvimaja","15":"product_tag-vierasmaja","16":"product_tag-suvila","17":"product_tag-freespalksuvila","18":"product_tag-suvemaja","19":"product_tag-kodukontor","20":"product_tag-staffordshire","21":"product_tag-hirsimokki","22":"product_tag-kesamokki","23":"product_tag-rantamokki-2","24":"product_tag-aiamaja","25":"product_tag-ouekontor","26":"product_tag-pihamaja","27":"product_shipping_class-alates-1000kg","28":"pa_garantii-5-aastat","29":"pa_kohaletoimetamine-alates-180e","30":"pa_laoasukoht-tartumaa","31":"pa_pakendimoodud-600x114x113-cm-200x106x65cm","32":"pa_pindalam-18566","33":"pa_seinapaksus-17405","34":"pa_seinapaksus-70-mm","35":"pa_tellimisaeg-6-8-nadalat","36":"pa_varv-viimistlemata","37":"pa_veame-eesti-ja-soome","39":"first","40":"instock","41":"sale","42":"featured","43":"taxable","44":"shipping-taxable","45":"purchasable","46":"product-type-variable","47":"has-default-attributes"},"yoast_head":"<!-- This site is optimized with the Yoast SEO plugin v27.3 - https:\/\/yoast.com\/product\/yoast-seo-wordpress\/ -->\n<title>Suvemaja Stafford1 19,2 m\u00b2 + terrass 8,1 m\u00b2 (44 v\u00f5i 70 mm freespalksein) - Alekeskus<\/title>\n<meta name=\"description\" content=\"Aiamaja-rantsho verandaga\" \/>\n<meta name=\"robots\" content=\"index, follow, max-snippet:-1, max-image-preview:large, max-video-preview:-1\" \/>\n<link rel=\"canonical\" href=\"https:\/\/alekeskus.eu\/toode\/aiamaja-stafford1-187m-alekeskus\/\" \/>\n<meta property=\"og:locale\" content=\"et_EE\" \/>\n<meta property=\"og:type\" content=\"article\" \/>\n<meta property=\"og:title\" content=\"Suvemaja Stafford1 19,2 m\u00b2 + terrass 8,1 m\u00b2 (44 v\u00f5i 70 mm freespalksein) - Alekeskus\" \/>\n<meta property=\"og:description\" content=\"Aiamaja-rantsho verandaga\" \/>\n<meta property=\"og:url\" content=\"https:\/\/alekeskus.eu\/toode\/aiamaja-stafford1-187m-alekeskus\/\" \/>\n<meta property=\"og:site_name\" content=\"Alekeskus\" \/>\n<meta property=\"article:modified_time\" content=\"2025-01-05T15:24:38+00:00\" \/>\n<meta property=\"og:image\" content=\"https:\/\/alekeskus.eu\/wp-content\/uploads\/2023\/05\/Stafford1-44-loodus-scaled.jpg\" \/>\n\t<meta property=\"og:image:width\" content=\"2560\" \/>\n\t<meta property=\"og:image:height\" content=\"1707\" \/>\n\t<meta property=\"og:image:type\" content=\"image\/jpeg\" \/>\n<meta name=\"twitter:card\" content=\"summary_large_image\" \/>\n<meta name=\"twitter:label1\" content=\"Est. reading time\" \/>\n\t<meta name=\"twitter:data1\" content=\"1 minut\" \/>\n<script type=\"application\/ld+json\" class=\"yoast-schema-graph\">{\"@context\":\"https:\\\/\\\/schema.org\",\"@graph\":[{\"@type\":\"WebPage\",\"@id\":\"https:\\\/\\\/alekeskus.eu\\\/toode\\\/aiamaja-stafford1-187m-alekeskus\\\/\",\"url\":\"https:\\\/\\\/alekeskus.eu\\\/toode\\\/aiamaja-stafford1-187m-alekeskus\\\/\",\"name\":\"Suvemaja Stafford1 19,2 m\u00b2 + terrass 8,1 m\u00b2 (44 v\u00f5i 70 mm freespalksein) - Alekeskus\",\"isPartOf\":{\"@id\":\"https:\\\/\\\/alekeskus.eu\\\/#website\"},\"primaryImageOfPage\":{\"@id\":\"https:\\\/\\\/alekeskus.eu\\\/toode\\\/aiamaja-stafford1-187m-alekeskus\\\/#primaryimage\"},\"image\":{\"@id\":\"https:\\\/\\\/alekeskus.eu\\\/toode\\\/aiamaja-stafford1-187m-alekeskus\\\/#primaryimage\"},\"thumbnailUrl\":\"https:\\\/\\\/alekeskus.eu\\\/wp-content\\\/uploads\\\/2023\\\/05\\\/Stafford1-44-loodus-scaled.jpg\",\"datePublished\":\"2024-10-11T22:52:03+00:00\",\"dateModified\":\"2025-01-05T15:24:38+00:00\",\"description\":\"Aiamaja-rantsho verandaga\",\"breadcrumb\":{\"@id\":\"https:\\\/\\\/alekeskus.eu\\\/toode\\\/aiamaja-stafford1-187m-alekeskus\\\/#breadcrumb\"},\"inLanguage\":\"et\",\"potentialAction\":[{\"@type\":\"ReadAction\",\"target\":[\"https:\\\/\\\/alekeskus.eu\\\/toode\\\/aiamaja-stafford1-187m-alekeskus\\\/\"]}]},{\"@type\":\"ImageObject\",\"inLanguage\":\"et\",\"@id\":\"https:\\\/\\\/alekeskus.eu\\\/toode\\\/aiamaja-stafford1-187m-alekeskus\\\/#primaryimage\",\"url\":\"https:\\\/\\\/alekeskus.eu\\\/wp-content\\\/uploads\\\/2023\\\/05\\\/Stafford1-44-loodus-scaled.jpg\",\"contentUrl\":\"https:\\\/\\\/alekeskus.eu\\\/wp-content\\\/uploads\\\/2023\\\/05\\\/Stafford1-44-loodus-scaled.jpg\",\"width\":1600,\"height\":1067},{\"@type\":\"BreadcrumbList\",\"@id\":\"https:\\\/\\\/alekeskus.eu\\\/toode\\\/aiamaja-stafford1-187m-alekeskus\\\/#breadcrumb\",\"itemListElement\":[{\"@type\":\"ListItem\",\"position\":1,\"name\":\"Avaleht\",\"item\":\"https:\\\/\\\/alekeskus.eu\\\/et\\\/\"},{\"@type\":\"ListItem\",\"position\":2,\"name\":\"Pood\",\"item\":\"https:\\\/\\\/alekeskus.eu\\\/pood\\\/\"},{\"@type\":\"ListItem\",\"position\":3,\"name\":\"Suvemaja Stafford1 19,2 m\u00b2 + terrass 8,1 m\u00b2 (44 v\u00f5i 70 mm freespalksein)\"}]},{\"@type\":\"WebSite\",\"@id\":\"https:\\\/\\\/alekeskus.eu\\\/#website\",\"url\":\"https:\\\/\\\/alekeskus.eu\\\/\",\"name\":\"Alekeskus\",\"description\":\"Alekeskus.eu\",\"potentialAction\":[{\"@type\":\"SearchAction\",\"target\":{\"@type\":\"EntryPoint\",\"urlTemplate\":\"https:\\\/\\\/alekeskus.eu\\\/?s={search_term_string}\"},\"query-input\":{\"@type\":\"PropertyValueSpecification\",\"valueRequired\":true,\"valueName\":\"search_term_string\"}}],\"inLanguage\":\"et\"}]}<\/script>\n<!-- \/ Yoast SEO plugin. -->","yoast_head_json":{"title":"Suvemaja Stafford1 19,2 m\u00b2 + terrass 8,1 m\u00b2 (44 v\u00f5i 70 mm freespalksein) - Alekeskus","description":"Aiamaja-rantsho verandaga","robots":{"index":"index","follow":"follow","max-snippet":"max-snippet:-1","max-image-preview":"max-image-preview:large","max-video-preview":"max-video-preview:-1"},"canonical":"https:\/\/alekeskus.eu\/toode\/aiamaja-stafford1-187m-alekeskus\/","og_locale":"et_EE","og_type":"article","og_title":"Suvemaja Stafford1 19,2 m\u00b2 + terrass 8,1 m\u00b2 (44 v\u00f5i 70 mm freespalksein) - Alekeskus","og_description":"Aiamaja-rantsho verandaga","og_url":"https:\/\/alekeskus.eu\/toode\/aiamaja-stafford1-187m-alekeskus\/","og_site_name":"Alekeskus","article_modified_time":"2025-01-05T15:24:38+00:00","og_image":[{"width":2560,"height":1707,"url":"https:\/\/alekeskus.eu\/wp-content\/uploads\/2023\/05\/Stafford1-44-loodus-scaled.jpg","type":"image\/jpeg"}],"twitter_card":"summary_large_image","twitter_misc":{"Est. reading time":"1 minut"},"schema":{"@context":"https:\/\/schema.org","@graph":[{"@type":"WebPage","@id":"https:\/\/alekeskus.eu\/toode\/aiamaja-stafford1-187m-alekeskus\/","url":"https:\/\/alekeskus.eu\/toode\/aiamaja-stafford1-187m-alekeskus\/","name":"Suvemaja Stafford1 19,2 m\u00b2 + terrass 8,1 m\u00b2 (44 v\u00f5i 70 mm freespalksein) - Alekeskus","isPartOf":{"@id":"https:\/\/alekeskus.eu\/#website"},"primaryImageOfPage":{"@id":"https:\/\/alekeskus.eu\/toode\/aiamaja-stafford1-187m-alekeskus\/#primaryimage"},"image":{"@id":"https:\/\/alekeskus.eu\/toode\/aiamaja-stafford1-187m-alekeskus\/#primaryimage"},"thumbnailUrl":"https:\/\/alekeskus.eu\/wp-content\/uploads\/2023\/05\/Stafford1-44-loodus-scaled.jpg","datePublished":"2024-10-11T22:52:03+00:00","dateModified":"2025-01-05T15:24:38+00:00","description":"Aiamaja-rantsho verandaga","breadcrumb":{"@id":"https:\/\/alekeskus.eu\/toode\/aiamaja-stafford1-187m-alekeskus\/#breadcrumb"},"inLanguage":"et","potentialAction":[{"@type":"ReadAction","target":["https:\/\/alekeskus.eu\/toode\/aiamaja-stafford1-187m-alekeskus\/"]}]},{"@type":"ImageObject","inLanguage":"et","@id":"https:\/\/alekeskus.eu\/toode\/aiamaja-stafford1-187m-alekeskus\/#primaryimage","url":"https:\/\/alekeskus.eu\/wp-content\/uploads\/2023\/05\/Stafford1-44-loodus-scaled.jpg","contentUrl":"https:\/\/alekeskus.eu\/wp-content\/uploads\/2023\/05\/Stafford1-44-loodus-scaled.jpg","width":1600,"height":1067},{"@type":"BreadcrumbList","@id":"https:\/\/alekeskus.eu\/toode\/aiamaja-stafford1-187m-alekeskus\/#breadcrumb","itemListElement":[{"@type":"ListItem","position":1,"name":"Avaleht","item":"https:\/\/alekeskus.eu\/et\/"},{"@type":"ListItem","position":2,"name":"Pood","item":"https:\/\/alekeskus.eu\/pood\/"},{"@type":"ListItem","position":3,"name":"Suvemaja Stafford1 19,2 m\u00b2 + terrass 8,1 m\u00b2 (44 v\u00f5i 70 mm freespalksein)"}]},{"@type":"WebSite","@id":"https:\/\/alekeskus.eu\/#website","url":"https:\/\/alekeskus.eu\/","name":"Alekeskus","description":"Alekeskus.eu","potentialAction":[{"@type":"SearchAction","target":{"@type":"EntryPoint","urlTemplate":"https:\/\/alekeskus.eu\/?s={search_term_string}"},"query-input":{"@type":"PropertyValueSpecification","valueRequired":true,"valueName":"search_term_string"}}],"inLanguage":"et"}]}},"brands":[{"id":18577,"name":"Eesti","slug":"eesti"}],"_links":{"self":[{"href":"https:\/\/alekeskus.eu\/et\/wp-json\/wp\/v2\/product\/68576","targetHints":{"allow":["GET"]}}],"collection":[{"href":"https:\/\/alekeskus.eu\/et\/wp-json\/wp\/v2\/product"}],"about":[{"href":"https:\/\/alekeskus.eu\/et\/wp-json\/wp\/v2\/types\/product"}],"wp:featuredmedia":[{"embeddable":true,"href":"https:\/\/alekeskus.eu\/et\/wp-json\/wp\/v2\/media\/87414"}],"wp:attachment":[{"href":"https:\/\/alekeskus.eu\/et\/wp-json\/wp\/v2\/media?parent=68576"}],"wp:term":[{"taxonomy":"pwb-brand","embeddable":true,"href":"https:\/\/alekeskus.eu\/et\/wp-json\/wp\/v2\/pwb-brand?post=68576"},{"taxonomy":"product_brand","embeddable":true,"href":"https:\/\/alekeskus.eu\/et\/wp-json\/wp\/v2\/product_brand?post=68576"},{"taxonomy":"product_cat","embeddable":true,"href":"https:\/\/alekeskus.eu\/et\/wp-json\/wp\/v2\/product_cat?post=68576"},{"taxonomy":"product_tag","embeddable":true,"href":"https:\/\/alekeskus.eu\/et\/wp-json\/wp\/v2\/product_tag?post=68576"}],"curies":[{"name":"wp","href":"https:\/\/api.w.org\/{rel}","templated":true}]}}