{"id":68634,"date":"2022-11-11T22:52:34","date_gmt":"2022-11-11T22:52:34","guid":{"rendered":"http:\/\/alekeskus.eu\/product\/grillkoda-ext-38-x-55m-taisvarustuses\/"},"modified":"2023-01-31T07:57:46","modified_gmt":"2023-01-31T07:57:46","slug":"grillkoda-ext-38-x-55m-taisvarustuses","status":"publish","type":"product","link":"https:\/\/alekeskus.eu\/et\/toode\/grillkoda-ext-38-x-55m-taisvarustuses\/","title":{"rendered":"Grillkoda EXT 3,8 x 5,5m t\u00e4isvarustuses"},"content":{"rendered":"<p><strong>Telli lisaks:<\/strong><\/p>\n<p><strong>&#8211; k\u00e4rgkate paigaldus katuselementidele\u00a0<\/strong><\/p>\n","protected":false},"excerpt":{"rendered":"<p>Grillkoda v\u00f5imaldab veeta hubaseid toiduk\u00fcpsetamise hetki ja pidutseda ilmast olenemata. Mahutab rohkem kui 10 pidulist.<\/p>\n<p><strong>Hinnas K\u00d5IK: seinakilbid 44mm(10 palgi k\u00f5rgus), muud puitosad, OSB plaadist r\u00e4\u00e4stad, aknad(1 avanev), raamuks, grill suitsukogujaga teras 2 mm, kinnitusvahendid, k\u00e4rgkatusekate, 2 p\u00f5hjap\u00f5dranahka, p\u00f5rand ja koostejuhend.<\/strong><\/p>\n<p>Pindala 13,1 m<sup>2<\/sup>. Sisem\u00f5\u00f5dud :\u00a0366&#215;317+222&#215;179 cm.<\/p>\n","protected":false},"featured_media":68614,"template":"","meta":{"_monsterinsights_skip_tracking":false,"_monsterinsights_sitenote_active":false,"_monsterinsights_sitenote_note":"","_monsterinsights_sitenote_category":0},"pwb-brand":[],"product_brand":[],"product_cat":[17182,13592,13538,13540,13568,13602,13530],"product_tag":[13831,13833,13856,13857,13858,13866,13813,13816,15356,13817],"class_list":{"0":"post-68634","1":"product","2":"type-product","3":"status-publish","4":"has-post-thumbnail","6":"product_cat-suvekoogid-alekeskus","7":"product_cat-aia-ja-grillmajad","8":"product_cat-ale","9":"product_cat-hooned-alekeskus","10":"product_cat-grill-ja-tuli","11":"product_cat-elementmajad","12":"product_cat-aed-ja-kodu","13":"product_tag-mokki","14":"product_tag-pihamaja","15":"product_tag-grill","16":"product_tag-koda","17":"product_tag-bbq","18":"product_tag-grillikota","19":"product_tag-aiamaja","20":"product_tag-peomaja","21":"product_tag-grillkoda","22":"product_tag-maja","23":"product_shipping_class-alates-1000kg","24":"pa_garantii-2-aastat","25":"pa_kohaletoimetamine-alates-180e","26":"pa_laoasukoht-vorumaa","27":"pa_pindalam-13896","28":"pa_tellimisaeg-tilausaika-alekeskus","29":"pa_varv-viimistlemata","30":"pa_veame-eesti-ja-soome","32":"first","33":"instock","34":"sale","35":"taxable","36":"shipping-taxable","37":"purchasable","38":"product-type-simple"},"yoast_head":"<!-- This site is optimized with the Yoast SEO plugin v27.3 - https:\/\/yoast.com\/product\/yoast-seo-wordpress\/ -->\n<title>Grillkoda EXT 3,8 x 5,5m t\u00e4isvarustuses - Alekeskus<\/title>\n<meta name=\"description\" content=\"SUURENDATUD GRILLKODA SUUREMATEKS KOOSVIIBIMISTEKS\" \/>\n<meta name=\"robots\" content=\"index, follow, max-snippet:-1, max-image-preview:large, max-video-preview:-1\" \/>\n<link rel=\"canonical\" href=\"https:\/\/alekeskus.eu\/toode\/grillkoda-ext-38-x-55m-taisvarustuses\/\" \/>\n<meta property=\"og:locale\" content=\"et_EE\" \/>\n<meta property=\"og:type\" content=\"article\" \/>\n<meta property=\"og:title\" content=\"Grillkoda EXT 3,8 x 5,5m t\u00e4isvarustuses - Alekeskus\" \/>\n<meta property=\"og:description\" content=\"SUURENDATUD GRILLKODA SUUREMATEKS KOOSVIIBIMISTEKS\" \/>\n<meta property=\"og:url\" content=\"https:\/\/alekeskus.eu\/toode\/grillkoda-ext-38-x-55m-taisvarustuses\/\" \/>\n<meta property=\"og:site_name\" content=\"Alekeskus\" \/>\n<meta property=\"article:modified_time\" content=\"2023-01-31T07:57:46+00:00\" \/>\n<meta property=\"og:image\" content=\"https:\/\/alekeskus.eu\/wp-content\/uploads\/2021\/11\/1279grillkoda-ext-3-8-x-5-5m-t-isvarustuses-0.jpg\" \/>\n\t<meta property=\"og:image:width\" content=\"600\" \/>\n\t<meta property=\"og:image:height\" content=\"400\" \/>\n\t<meta property=\"og:image:type\" content=\"image\/jpeg\" \/>\n<meta name=\"twitter:card\" content=\"summary_large_image\" \/>\n<meta name=\"twitter:label1\" content=\"Est. reading time\" \/>\n\t<meta name=\"twitter:data1\" content=\"1 minut\" \/>\n<script type=\"application\/ld+json\" class=\"yoast-schema-graph\">{\"@context\":\"https:\\\/\\\/schema.org\",\"@graph\":[{\"@type\":\"WebPage\",\"@id\":\"https:\\\/\\\/alekeskus.eu\\\/toode\\\/grillkoda-ext-38-x-55m-taisvarustuses\\\/\",\"url\":\"https:\\\/\\\/alekeskus.eu\\\/toode\\\/grillkoda-ext-38-x-55m-taisvarustuses\\\/\",\"name\":\"Grillkoda EXT 3,8 x 5,5m t\u00e4isvarustuses - Alekeskus\",\"isPartOf\":{\"@id\":\"https:\\\/\\\/alekeskus.eu\\\/#website\"},\"primaryImageOfPage\":{\"@id\":\"https:\\\/\\\/alekeskus.eu\\\/toode\\\/grillkoda-ext-38-x-55m-taisvarustuses\\\/#primaryimage\"},\"image\":{\"@id\":\"https:\\\/\\\/alekeskus.eu\\\/toode\\\/grillkoda-ext-38-x-55m-taisvarustuses\\\/#primaryimage\"},\"thumbnailUrl\":\"https:\\\/\\\/alekeskus.eu\\\/wp-content\\\/uploads\\\/2021\\\/11\\\/1279grillkoda-ext-3-8-x-5-5m-t-isvarustuses-0.jpg\",\"datePublished\":\"2022-11-11T22:52:34+00:00\",\"dateModified\":\"2023-01-31T07:57:46+00:00\",\"description\":\"SUURENDATUD GRILLKODA SUUREMATEKS KOOSVIIBIMISTEKS\",\"breadcrumb\":{\"@id\":\"https:\\\/\\\/alekeskus.eu\\\/toode\\\/grillkoda-ext-38-x-55m-taisvarustuses\\\/#breadcrumb\"},\"inLanguage\":\"et\",\"potentialAction\":[{\"@type\":\"ReadAction\",\"target\":[\"https:\\\/\\\/alekeskus.eu\\\/toode\\\/grillkoda-ext-38-x-55m-taisvarustuses\\\/\"]}]},{\"@type\":\"ImageObject\",\"inLanguage\":\"et\",\"@id\":\"https:\\\/\\\/alekeskus.eu\\\/toode\\\/grillkoda-ext-38-x-55m-taisvarustuses\\\/#primaryimage\",\"url\":\"https:\\\/\\\/alekeskus.eu\\\/wp-content\\\/uploads\\\/2021\\\/11\\\/1279grillkoda-ext-3-8-x-5-5m-t-isvarustuses-0.jpg\",\"contentUrl\":\"https:\\\/\\\/alekeskus.eu\\\/wp-content\\\/uploads\\\/2021\\\/11\\\/1279grillkoda-ext-3-8-x-5-5m-t-isvarustuses-0.jpg\",\"width\":600,\"height\":400},{\"@type\":\"BreadcrumbList\",\"@id\":\"https:\\\/\\\/alekeskus.eu\\\/toode\\\/grillkoda-ext-38-x-55m-taisvarustuses\\\/#breadcrumb\",\"itemListElement\":[{\"@type\":\"ListItem\",\"position\":1,\"name\":\"Avaleht\",\"item\":\"https:\\\/\\\/alekeskus.eu\\\/et\\\/\"},{\"@type\":\"ListItem\",\"position\":2,\"name\":\"Pood\",\"item\":\"https:\\\/\\\/alekeskus.eu\\\/pood\\\/\"},{\"@type\":\"ListItem\",\"position\":3,\"name\":\"Grillkoda EXT 3,8 x 5,5m t\u00e4isvarustuses\"}]},{\"@type\":\"WebSite\",\"@id\":\"https:\\\/\\\/alekeskus.eu\\\/#website\",\"url\":\"https:\\\/\\\/alekeskus.eu\\\/\",\"name\":\"Alekeskus\",\"description\":\"Alekeskus.eu\",\"potentialAction\":[{\"@type\":\"SearchAction\",\"target\":{\"@type\":\"EntryPoint\",\"urlTemplate\":\"https:\\\/\\\/alekeskus.eu\\\/?s={search_term_string}\"},\"query-input\":{\"@type\":\"PropertyValueSpecification\",\"valueRequired\":true,\"valueName\":\"search_term_string\"}}],\"inLanguage\":\"et\"}]}<\/script>\n<!-- \/ Yoast SEO plugin. -->","yoast_head_json":{"title":"Grillkoda EXT 3,8 x 5,5m t\u00e4isvarustuses - Alekeskus","description":"SUURENDATUD GRILLKODA SUUREMATEKS KOOSVIIBIMISTEKS","robots":{"index":"index","follow":"follow","max-snippet":"max-snippet:-1","max-image-preview":"max-image-preview:large","max-video-preview":"max-video-preview:-1"},"canonical":"https:\/\/alekeskus.eu\/toode\/grillkoda-ext-38-x-55m-taisvarustuses\/","og_locale":"et_EE","og_type":"article","og_title":"Grillkoda EXT 3,8 x 5,5m t\u00e4isvarustuses - Alekeskus","og_description":"SUURENDATUD GRILLKODA SUUREMATEKS KOOSVIIBIMISTEKS","og_url":"https:\/\/alekeskus.eu\/toode\/grillkoda-ext-38-x-55m-taisvarustuses\/","og_site_name":"Alekeskus","article_modified_time":"2023-01-31T07:57:46+00:00","og_image":[{"width":600,"height":400,"url":"https:\/\/alekeskus.eu\/wp-content\/uploads\/2021\/11\/1279grillkoda-ext-3-8-x-5-5m-t-isvarustuses-0.jpg","type":"image\/jpeg"}],"twitter_card":"summary_large_image","twitter_misc":{"Est. reading time":"1 minut"},"schema":{"@context":"https:\/\/schema.org","@graph":[{"@type":"WebPage","@id":"https:\/\/alekeskus.eu\/toode\/grillkoda-ext-38-x-55m-taisvarustuses\/","url":"https:\/\/alekeskus.eu\/toode\/grillkoda-ext-38-x-55m-taisvarustuses\/","name":"Grillkoda EXT 3,8 x 5,5m t\u00e4isvarustuses - Alekeskus","isPartOf":{"@id":"https:\/\/alekeskus.eu\/#website"},"primaryImageOfPage":{"@id":"https:\/\/alekeskus.eu\/toode\/grillkoda-ext-38-x-55m-taisvarustuses\/#primaryimage"},"image":{"@id":"https:\/\/alekeskus.eu\/toode\/grillkoda-ext-38-x-55m-taisvarustuses\/#primaryimage"},"thumbnailUrl":"https:\/\/alekeskus.eu\/wp-content\/uploads\/2021\/11\/1279grillkoda-ext-3-8-x-5-5m-t-isvarustuses-0.jpg","datePublished":"2022-11-11T22:52:34+00:00","dateModified":"2023-01-31T07:57:46+00:00","description":"SUURENDATUD GRILLKODA SUUREMATEKS KOOSVIIBIMISTEKS","breadcrumb":{"@id":"https:\/\/alekeskus.eu\/toode\/grillkoda-ext-38-x-55m-taisvarustuses\/#breadcrumb"},"inLanguage":"et","potentialAction":[{"@type":"ReadAction","target":["https:\/\/alekeskus.eu\/toode\/grillkoda-ext-38-x-55m-taisvarustuses\/"]}]},{"@type":"ImageObject","inLanguage":"et","@id":"https:\/\/alekeskus.eu\/toode\/grillkoda-ext-38-x-55m-taisvarustuses\/#primaryimage","url":"https:\/\/alekeskus.eu\/wp-content\/uploads\/2021\/11\/1279grillkoda-ext-3-8-x-5-5m-t-isvarustuses-0.jpg","contentUrl":"https:\/\/alekeskus.eu\/wp-content\/uploads\/2021\/11\/1279grillkoda-ext-3-8-x-5-5m-t-isvarustuses-0.jpg","width":600,"height":400},{"@type":"BreadcrumbList","@id":"https:\/\/alekeskus.eu\/toode\/grillkoda-ext-38-x-55m-taisvarustuses\/#breadcrumb","itemListElement":[{"@type":"ListItem","position":1,"name":"Avaleht","item":"https:\/\/alekeskus.eu\/et\/"},{"@type":"ListItem","position":2,"name":"Pood","item":"https:\/\/alekeskus.eu\/pood\/"},{"@type":"ListItem","position":3,"name":"Grillkoda EXT 3,8 x 5,5m t\u00e4isvarustuses"}]},{"@type":"WebSite","@id":"https:\/\/alekeskus.eu\/#website","url":"https:\/\/alekeskus.eu\/","name":"Alekeskus","description":"Alekeskus.eu","potentialAction":[{"@type":"SearchAction","target":{"@type":"EntryPoint","urlTemplate":"https:\/\/alekeskus.eu\/?s={search_term_string}"},"query-input":{"@type":"PropertyValueSpecification","valueRequired":true,"valueName":"search_term_string"}}],"inLanguage":"et"}]}},"brands":[],"_links":{"self":[{"href":"https:\/\/alekeskus.eu\/et\/wp-json\/wp\/v2\/product\/68634","targetHints":{"allow":["GET"]}}],"collection":[{"href":"https:\/\/alekeskus.eu\/et\/wp-json\/wp\/v2\/product"}],"about":[{"href":"https:\/\/alekeskus.eu\/et\/wp-json\/wp\/v2\/types\/product"}],"wp:featuredmedia":[{"embeddable":true,"href":"https:\/\/alekeskus.eu\/et\/wp-json\/wp\/v2\/media\/68614"}],"wp:attachment":[{"href":"https:\/\/alekeskus.eu\/et\/wp-json\/wp\/v2\/media?parent=68634"}],"wp:term":[{"taxonomy":"pwb-brand","embeddable":true,"href":"https:\/\/alekeskus.eu\/et\/wp-json\/wp\/v2\/pwb-brand?post=68634"},{"taxonomy":"product_brand","embeddable":true,"href":"https:\/\/alekeskus.eu\/et\/wp-json\/wp\/v2\/product_brand?post=68634"},{"taxonomy":"product_cat","embeddable":true,"href":"https:\/\/alekeskus.eu\/et\/wp-json\/wp\/v2\/product_cat?post=68634"},{"taxonomy":"product_tag","embeddable":true,"href":"https:\/\/alekeskus.eu\/et\/wp-json\/wp\/v2\/product_tag?post=68634"}],"curies":[{"name":"wp","href":"https:\/\/api.w.org\/{rel}","templated":true}]}}