{"id":68779,"date":"2024-05-11T22:53:15","date_gmt":"2024-05-11T22:53:15","guid":{"rendered":"http:\/\/alekeskus.eu\/product\/mangumaja-tom-38m%c2%b2-2-korruseline\/"},"modified":"2025-04-22T17:40:22","modified_gmt":"2025-04-22T17:40:22","slug":"mangumaja-tom-38-alekeskus","status":"publish","type":"product","link":"https:\/\/alekeskus.eu\/et\/toode\/mangumaja-tom-38-alekeskus\/","title":{"rendered":"M\u00e4ngumaja Tom 3,8 m\u00b2 2-korruseline"},"content":{"rendered":"","protected":false},"excerpt":{"rendered":"<p>M\u00f5\u00f5dud:\u00a0<strong>220 x 180 cm<\/strong><\/p>\n<p><strong>TASUTA VEDU \u00fcle Eesti (ka suursaartele)!<\/strong><\/p>\n<ul>\n<li>seinad valmis kilpidest 16 mm<\/li>\n<li>seina k\u00f5rgus 125 cm, harja k\u00f5rgus 228 cm<\/li>\n<li>punniga p\u00f5randa- ja katuselauad 16 mm<\/li>\n<li>katuse pindala 7,0 m\u00b2 ja kalded 37,0; 31,0\u00ba<\/li>\n<li>bituumensindel juurde tellitav (tarve 3 pakki)<\/li>\n<li>pleksiklaasiga aknad 35 x 35 cm<\/li>\n<li>uks 51 x 115 cm<\/li>\n<li>tellitav v\u00e4ljastpoolt valgeks v\u00e4rvituna +300\u20ac<\/li>\n<li>5-aastane tehase garantii<\/li>\n<li>Eesti toode<\/li>\n<li>kinnitusvahendid ja paigaldusjuhend<\/li>\n<\/ul>\n<p>K\u00fcsi ka paigaldust!<\/p>\n","protected":false},"featured_media":92153,"template":"","meta":{"_monsterinsights_skip_tracking":false,"_monsterinsights_sitenote_active":false,"_monsterinsights_sitenote_note":"","_monsterinsights_sitenote_category":0},"pwb-brand":[18577],"product_brand":[],"product_cat":[13540,13594],"product_tag":[14681,13817,14818,15216,15233,13910,15552,13938,15561,13939,15562,13947,13950,14000],"class_list":{"0":"post-68779","1":"product","2":"type-product","3":"status-publish","4":"has-post-thumbnail","6":"pwb-brand-eesti","7":"product_cat-hooned-alekeskus","8":"product_cat-mangumajad","9":"product_tag-element","10":"product_tag-maja","11":"product_tag-kilp","12":"product_tag-ait","13":"product_tag-loghouse","14":"product_tag-majutus","15":"product_tag-spielhaus","16":"product_tag-mangumaja","17":"product_tag-tom","18":"product_tag-lastemaja","19":"product_tag-palk","20":"product_tag-leikkimokki","21":"product_tag-lekhus","22":"product_tag-palmako","23":"product_shipping_class-tasuta-transport-kuni-300kg","24":"pa_garantii-5-aastat","25":"pa_kohaletoimetamine-tasuta-ule-eesti-soome-alates-160e-alekeskus","26":"pa_laoasukoht-laane-virumaa-eesti","27":"pa_pindalam-14111","28":"pa_seinapaksus-16-mm","29":"pa_tellimisaeg-2-10-toopaeva","30":"pa_varv-valge","31":"pa_varv-viimistlemata","32":"pa_veame-eesti-ja-soome","34":"first","35":"instock","36":"taxable","37":"shipping-taxable","38":"purchasable","39":"product-type-variable","40":"has-default-attributes"},"yoast_head":"<!-- This site is optimized with the Yoast SEO plugin v27.3 - https:\/\/yoast.com\/product\/yoast-seo-wordpress\/ -->\n<title>M\u00e4ngumaja Tom 3,8 m\u00b2 2-korruseline - Alekeskus<\/title>\n<meta name=\"description\" content=\"Kahekorruseline m\u00e4ngumaja, mida saab ka v\u00e4ljast valgeks v\u00e4rvituna tellida.\" \/>\n<meta name=\"robots\" content=\"index, follow, max-snippet:-1, max-image-preview:large, max-video-preview:-1\" \/>\n<link rel=\"canonical\" href=\"https:\/\/alekeskus.eu\/toode\/mangumaja-tom-38-alekeskus\/\" \/>\n<meta property=\"og:locale\" content=\"et_EE\" \/>\n<meta property=\"og:type\" content=\"article\" \/>\n<meta property=\"og:title\" content=\"M\u00e4ngumaja Tom 3,8 m\u00b2 2-korruseline - Alekeskus\" \/>\n<meta property=\"og:description\" content=\"Kahekorruseline m\u00e4ngumaja, mida saab ka v\u00e4ljast valgeks v\u00e4rvituna tellida.\" \/>\n<meta property=\"og:url\" content=\"https:\/\/alekeskus.eu\/toode\/mangumaja-tom-38-alekeskus\/\" \/>\n<meta property=\"og:site_name\" content=\"Alekeskus\" \/>\n<meta property=\"article:modified_time\" content=\"2025-04-22T17:40:22+00:00\" \/>\n<meta property=\"og:image\" content=\"https:\/\/alekeskus.eu\/wp-content\/uploads\/2023\/05\/Tom_3.8_NATURAL_wb-1024x1024.jpg\" \/>\n\t<meta property=\"og:image:width\" content=\"1024\" \/>\n\t<meta property=\"og:image:height\" content=\"1024\" \/>\n\t<meta property=\"og:image:type\" content=\"image\/jpeg\" \/>\n<meta name=\"twitter:card\" content=\"summary_large_image\" \/>\n<meta name=\"twitter:label1\" content=\"Est. reading time\" \/>\n\t<meta name=\"twitter:data1\" content=\"1 minut\" \/>\n<script type=\"application\/ld+json\" class=\"yoast-schema-graph\">{\"@context\":\"https:\\\/\\\/schema.org\",\"@graph\":[{\"@type\":\"WebPage\",\"@id\":\"https:\\\/\\\/alekeskus.eu\\\/toode\\\/mangumaja-tom-38-alekeskus\\\/\",\"url\":\"https:\\\/\\\/alekeskus.eu\\\/toode\\\/mangumaja-tom-38-alekeskus\\\/\",\"name\":\"M\u00e4ngumaja Tom 3,8 m\u00b2 2-korruseline - Alekeskus\",\"isPartOf\":{\"@id\":\"https:\\\/\\\/alekeskus.eu\\\/#website\"},\"primaryImageOfPage\":{\"@id\":\"https:\\\/\\\/alekeskus.eu\\\/toode\\\/mangumaja-tom-38-alekeskus\\\/#primaryimage\"},\"image\":{\"@id\":\"https:\\\/\\\/alekeskus.eu\\\/toode\\\/mangumaja-tom-38-alekeskus\\\/#primaryimage\"},\"thumbnailUrl\":\"https:\\\/\\\/alekeskus.eu\\\/wp-content\\\/uploads\\\/2023\\\/05\\\/Tom_3.8_NATURAL_wb.jpg\",\"datePublished\":\"2024-05-11T22:53:15+00:00\",\"dateModified\":\"2025-04-22T17:40:22+00:00\",\"description\":\"Kahekorruseline m\u00e4ngumaja, mida saab ka v\u00e4ljast valgeks v\u00e4rvituna tellida.\",\"breadcrumb\":{\"@id\":\"https:\\\/\\\/alekeskus.eu\\\/toode\\\/mangumaja-tom-38-alekeskus\\\/#breadcrumb\"},\"inLanguage\":\"et\",\"potentialAction\":[{\"@type\":\"ReadAction\",\"target\":[\"https:\\\/\\\/alekeskus.eu\\\/toode\\\/mangumaja-tom-38-alekeskus\\\/\"]}]},{\"@type\":\"ImageObject\",\"inLanguage\":\"et\",\"@id\":\"https:\\\/\\\/alekeskus.eu\\\/toode\\\/mangumaja-tom-38-alekeskus\\\/#primaryimage\",\"url\":\"https:\\\/\\\/alekeskus.eu\\\/wp-content\\\/uploads\\\/2023\\\/05\\\/Tom_3.8_NATURAL_wb.jpg\",\"contentUrl\":\"https:\\\/\\\/alekeskus.eu\\\/wp-content\\\/uploads\\\/2023\\\/05\\\/Tom_3.8_NATURAL_wb.jpg\",\"width\":1600,\"height\":1200},{\"@type\":\"BreadcrumbList\",\"@id\":\"https:\\\/\\\/alekeskus.eu\\\/toode\\\/mangumaja-tom-38-alekeskus\\\/#breadcrumb\",\"itemListElement\":[{\"@type\":\"ListItem\",\"position\":1,\"name\":\"Avaleht\",\"item\":\"https:\\\/\\\/alekeskus.eu\\\/et\\\/\"},{\"@type\":\"ListItem\",\"position\":2,\"name\":\"Pood\",\"item\":\"https:\\\/\\\/alekeskus.eu\\\/pood\\\/\"},{\"@type\":\"ListItem\",\"position\":3,\"name\":\"M\u00e4ngumaja Tom 3,8 m\u00b2 2-korruseline\"}]},{\"@type\":\"WebSite\",\"@id\":\"https:\\\/\\\/alekeskus.eu\\\/#website\",\"url\":\"https:\\\/\\\/alekeskus.eu\\\/\",\"name\":\"Alekeskus\",\"description\":\"Alekeskus.eu\",\"potentialAction\":[{\"@type\":\"SearchAction\",\"target\":{\"@type\":\"EntryPoint\",\"urlTemplate\":\"https:\\\/\\\/alekeskus.eu\\\/?s={search_term_string}\"},\"query-input\":{\"@type\":\"PropertyValueSpecification\",\"valueRequired\":true,\"valueName\":\"search_term_string\"}}],\"inLanguage\":\"et\"}]}<\/script>\n<!-- \/ Yoast SEO plugin. -->","yoast_head_json":{"title":"M\u00e4ngumaja Tom 3,8 m\u00b2 2-korruseline - Alekeskus","description":"Kahekorruseline m\u00e4ngumaja, mida saab ka v\u00e4ljast valgeks v\u00e4rvituna tellida.","robots":{"index":"index","follow":"follow","max-snippet":"max-snippet:-1","max-image-preview":"max-image-preview:large","max-video-preview":"max-video-preview:-1"},"canonical":"https:\/\/alekeskus.eu\/toode\/mangumaja-tom-38-alekeskus\/","og_locale":"et_EE","og_type":"article","og_title":"M\u00e4ngumaja Tom 3,8 m\u00b2 2-korruseline - Alekeskus","og_description":"Kahekorruseline m\u00e4ngumaja, mida saab ka v\u00e4ljast valgeks v\u00e4rvituna tellida.","og_url":"https:\/\/alekeskus.eu\/toode\/mangumaja-tom-38-alekeskus\/","og_site_name":"Alekeskus","article_modified_time":"2025-04-22T17:40:22+00:00","og_image":[{"width":1024,"height":1024,"url":"https:\/\/alekeskus.eu\/wp-content\/uploads\/2023\/05\/Tom_3.8_NATURAL_wb-1024x1024.jpg","type":"image\/jpeg"}],"twitter_card":"summary_large_image","twitter_misc":{"Est. reading time":"1 minut"},"schema":{"@context":"https:\/\/schema.org","@graph":[{"@type":"WebPage","@id":"https:\/\/alekeskus.eu\/toode\/mangumaja-tom-38-alekeskus\/","url":"https:\/\/alekeskus.eu\/toode\/mangumaja-tom-38-alekeskus\/","name":"M\u00e4ngumaja Tom 3,8 m\u00b2 2-korruseline - Alekeskus","isPartOf":{"@id":"https:\/\/alekeskus.eu\/#website"},"primaryImageOfPage":{"@id":"https:\/\/alekeskus.eu\/toode\/mangumaja-tom-38-alekeskus\/#primaryimage"},"image":{"@id":"https:\/\/alekeskus.eu\/toode\/mangumaja-tom-38-alekeskus\/#primaryimage"},"thumbnailUrl":"https:\/\/alekeskus.eu\/wp-content\/uploads\/2023\/05\/Tom_3.8_NATURAL_wb.jpg","datePublished":"2024-05-11T22:53:15+00:00","dateModified":"2025-04-22T17:40:22+00:00","description":"Kahekorruseline m\u00e4ngumaja, mida saab ka v\u00e4ljast valgeks v\u00e4rvituna tellida.","breadcrumb":{"@id":"https:\/\/alekeskus.eu\/toode\/mangumaja-tom-38-alekeskus\/#breadcrumb"},"inLanguage":"et","potentialAction":[{"@type":"ReadAction","target":["https:\/\/alekeskus.eu\/toode\/mangumaja-tom-38-alekeskus\/"]}]},{"@type":"ImageObject","inLanguage":"et","@id":"https:\/\/alekeskus.eu\/toode\/mangumaja-tom-38-alekeskus\/#primaryimage","url":"https:\/\/alekeskus.eu\/wp-content\/uploads\/2023\/05\/Tom_3.8_NATURAL_wb.jpg","contentUrl":"https:\/\/alekeskus.eu\/wp-content\/uploads\/2023\/05\/Tom_3.8_NATURAL_wb.jpg","width":1600,"height":1200},{"@type":"BreadcrumbList","@id":"https:\/\/alekeskus.eu\/toode\/mangumaja-tom-38-alekeskus\/#breadcrumb","itemListElement":[{"@type":"ListItem","position":1,"name":"Avaleht","item":"https:\/\/alekeskus.eu\/et\/"},{"@type":"ListItem","position":2,"name":"Pood","item":"https:\/\/alekeskus.eu\/pood\/"},{"@type":"ListItem","position":3,"name":"M\u00e4ngumaja Tom 3,8 m\u00b2 2-korruseline"}]},{"@type":"WebSite","@id":"https:\/\/alekeskus.eu\/#website","url":"https:\/\/alekeskus.eu\/","name":"Alekeskus","description":"Alekeskus.eu","potentialAction":[{"@type":"SearchAction","target":{"@type":"EntryPoint","urlTemplate":"https:\/\/alekeskus.eu\/?s={search_term_string}"},"query-input":{"@type":"PropertyValueSpecification","valueRequired":true,"valueName":"search_term_string"}}],"inLanguage":"et"}]}},"brands":[{"id":18577,"name":"Eesti","slug":"eesti"}],"_links":{"self":[{"href":"https:\/\/alekeskus.eu\/et\/wp-json\/wp\/v2\/product\/68779","targetHints":{"allow":["GET"]}}],"collection":[{"href":"https:\/\/alekeskus.eu\/et\/wp-json\/wp\/v2\/product"}],"about":[{"href":"https:\/\/alekeskus.eu\/et\/wp-json\/wp\/v2\/types\/product"}],"wp:featuredmedia":[{"embeddable":true,"href":"https:\/\/alekeskus.eu\/et\/wp-json\/wp\/v2\/media\/92153"}],"wp:attachment":[{"href":"https:\/\/alekeskus.eu\/et\/wp-json\/wp\/v2\/media?parent=68779"}],"wp:term":[{"taxonomy":"pwb-brand","embeddable":true,"href":"https:\/\/alekeskus.eu\/et\/wp-json\/wp\/v2\/pwb-brand?post=68779"},{"taxonomy":"product_brand","embeddable":true,"href":"https:\/\/alekeskus.eu\/et\/wp-json\/wp\/v2\/product_brand?post=68779"},{"taxonomy":"product_cat","embeddable":true,"href":"https:\/\/alekeskus.eu\/et\/wp-json\/wp\/v2\/product_cat?post=68779"},{"taxonomy":"product_tag","embeddable":true,"href":"https:\/\/alekeskus.eu\/et\/wp-json\/wp\/v2\/product_tag?post=68779"}],"curies":[{"name":"wp","href":"https:\/\/api.w.org\/{rel}","templated":true}]}}