{"id":68789,"date":"2024-04-11T22:53:18","date_gmt":"2024-04-11T22:53:18","guid":{"rendered":"http:\/\/alekeskus.eu\/product\/mangumaja-sam-24m%c2%b2-immutatud-terrassiga\/"},"modified":"2025-04-22T17:06:05","modified_gmt":"2025-04-22T17:06:05","slug":"mangumaja-sam-24m-alekeskus","status":"publish","type":"product","link":"https:\/\/alekeskus.eu\/et\/toode\/mangumaja-sam-24m-alekeskus\/","title":{"rendered":"M\u00e4ngumaja Sam 2,4 m\u00b2"},"content":{"rendered":"<div class=\"pictogram qtip-additional-element\">\n<div class=\"description\"><\/div>\n<\/div>\n<div class=\"pictogram qtip-additional-element\">\n<div class=\"description\"><\/div>\n<\/div>\n","protected":false},"excerpt":{"rendered":"<p>V\u00e4lism\u00f5\u00f5dud: <strong>160 x 160(220) cm<\/strong><\/p>\n<p><strong>TASUTA VEDU \u00fcle Eesti (ka suursaartele)!<\/strong><\/p>\n<ul>\n<li>viimistlemata freespalgid 19 mm<\/li>\n<li>seina k\u00f5rgus 149 cm, harja k\u00f5rgus 194 cm<\/li>\n<li>immutatud terrassilauad 16 mm ja p\u00f5randakandurid 45 x 70 mm<\/li>\n<li>punniga katuse- ja p\u00f5randalauad 16 mm<\/li>\n<li>70 cm s\u00fcgav kaetud terrass<\/li>\n<li>katuse kalle 27\u00b0, katuse pindala 5,3 m<sup>2<\/sup><\/li>\n<li>sindelkatusekate soovi korral lisahinnaga (tarve 3 pakki)<\/li>\n<li>pleksiklaasiga aken 47 x 47 cm<\/li>\n<li>uks 70 x\u00a0 131 cm<\/li>\n<li>5 aastane tehase garantii<strong>\u00a0<\/strong><\/li>\n<li>ilmastikukindel pakend<\/li>\n<li>kinnitusvahendid ja paigaldusohje<\/li>\n<li>Eesti toode<\/li>\n<li>FSC ja T\u00dcV sertifitseeritud toode<\/li>\n<li>m\u00e4ngumaja vastab Euroopa standarditele EN 71-1 ja EN 71-8<\/li>\n<\/ul>\n<p>K\u00fcsi ka paigaldust!<\/p>\n","protected":false},"featured_media":92138,"template":"","meta":{"_monsterinsights_skip_tracking":false,"_monsterinsights_sitenote_active":false,"_monsterinsights_sitenote_note":"","_monsterinsights_sitenote_category":0},"pwb-brand":[18577],"product_brand":[],"product_cat":[13538,13540,13594],"product_tag":[13938,13947,13950,13952,13953,14000,14317,13823,14319,15552,13899],"class_list":{"0":"post-68789","1":"product","2":"type-product","3":"status-publish","4":"has-post-thumbnail","6":"pwb-brand-eesti","7":"product_cat-ale","8":"product_cat-hooned-alekeskus","9":"product_cat-mangumajad","10":"product_tag-mangumaja","11":"product_tag-leikkimokki","12":"product_tag-lekhus","13":"product_tag-play-house","14":"product_tag-mang","15":"product_tag-palmako","16":"product_tag-lapsed","17":"product_tag-piha","18":"product_tag-suvi","19":"product_tag-spielhaus","20":"product_tag-garden-house","21":"product_shipping_class-tasuta-transport-kuni-300kg","22":"pa_garantii-5-aastat","23":"pa_kohaletoimetamine-tasuta-ule-eesti-soome-alates-160e-alekeskus","24":"pa_laoasukoht-laane-virumaa-eesti","25":"pa_pindalam-15563","26":"pa_seinapaksus-18-mm","27":"pa_tellimisaeg-2-10-toopaeva","28":"pa_varv-viimistlemata","29":"pa_veame-eesti-ja-soome","31":"first","32":"instock","33":"sale","34":"taxable","35":"shipping-taxable","36":"purchasable","37":"product-type-simple"},"yoast_head":"<!-- This site is optimized with the Yoast SEO plugin v27.3 - https:\/\/yoast.com\/product\/yoast-seo-wordpress\/ -->\n<title>M\u00e4ngumaja Sam 2,4 m\u00b2 - Alekeskus<\/title>\n<meta name=\"description\" content=\"m\u00e4ngumaja\" \/>\n<meta name=\"robots\" content=\"index, follow, max-snippet:-1, max-image-preview:large, max-video-preview:-1\" \/>\n<link rel=\"canonical\" href=\"https:\/\/alekeskus.eu\/toode\/mangumaja-sam-24m-alekeskus\/\" \/>\n<meta property=\"og:locale\" content=\"et_EE\" \/>\n<meta property=\"og:type\" content=\"article\" \/>\n<meta property=\"og:title\" content=\"M\u00e4ngumaja Sam 2,4 m\u00b2 - Alekeskus\" \/>\n<meta property=\"og:description\" content=\"m\u00e4ngumaja\" \/>\n<meta property=\"og:url\" content=\"https:\/\/alekeskus.eu\/toode\/mangumaja-sam-24m-alekeskus\/\" \/>\n<meta property=\"og:site_name\" content=\"Alekeskus\" \/>\n<meta property=\"article:modified_time\" content=\"2025-04-22T17:06:05+00:00\" \/>\n<meta property=\"og:image\" content=\"https:\/\/alekeskus.eu\/wp-content\/uploads\/2023\/04\/Sam_2.4_NATURAL_wb-1024x1024.jpg\" \/>\n\t<meta property=\"og:image:width\" content=\"1024\" \/>\n\t<meta property=\"og:image:height\" content=\"1024\" \/>\n\t<meta property=\"og:image:type\" content=\"image\/jpeg\" \/>\n<meta name=\"twitter:card\" content=\"summary_large_image\" \/>\n<meta name=\"twitter:label1\" content=\"Est. reading time\" \/>\n\t<meta name=\"twitter:data1\" content=\"1 minut\" \/>\n<script type=\"application\/ld+json\" class=\"yoast-schema-graph\">{\"@context\":\"https:\\\/\\\/schema.org\",\"@graph\":[{\"@type\":\"WebPage\",\"@id\":\"https:\\\/\\\/alekeskus.eu\\\/toode\\\/mangumaja-sam-24m-alekeskus\\\/\",\"url\":\"https:\\\/\\\/alekeskus.eu\\\/toode\\\/mangumaja-sam-24m-alekeskus\\\/\",\"name\":\"M\u00e4ngumaja Sam 2,4 m\u00b2 - Alekeskus\",\"isPartOf\":{\"@id\":\"https:\\\/\\\/alekeskus.eu\\\/#website\"},\"primaryImageOfPage\":{\"@id\":\"https:\\\/\\\/alekeskus.eu\\\/toode\\\/mangumaja-sam-24m-alekeskus\\\/#primaryimage\"},\"image\":{\"@id\":\"https:\\\/\\\/alekeskus.eu\\\/toode\\\/mangumaja-sam-24m-alekeskus\\\/#primaryimage\"},\"thumbnailUrl\":\"https:\\\/\\\/alekeskus.eu\\\/wp-content\\\/uploads\\\/2023\\\/04\\\/Sam_2.4_NATURAL_wb.jpg\",\"datePublished\":\"2024-04-11T22:53:18+00:00\",\"dateModified\":\"2025-04-22T17:06:05+00:00\",\"description\":\"m\u00e4ngumaja\",\"breadcrumb\":{\"@id\":\"https:\\\/\\\/alekeskus.eu\\\/toode\\\/mangumaja-sam-24m-alekeskus\\\/#breadcrumb\"},\"inLanguage\":\"et\",\"potentialAction\":[{\"@type\":\"ReadAction\",\"target\":[\"https:\\\/\\\/alekeskus.eu\\\/toode\\\/mangumaja-sam-24m-alekeskus\\\/\"]}]},{\"@type\":\"ImageObject\",\"inLanguage\":\"et\",\"@id\":\"https:\\\/\\\/alekeskus.eu\\\/toode\\\/mangumaja-sam-24m-alekeskus\\\/#primaryimage\",\"url\":\"https:\\\/\\\/alekeskus.eu\\\/wp-content\\\/uploads\\\/2023\\\/04\\\/Sam_2.4_NATURAL_wb.jpg\",\"contentUrl\":\"https:\\\/\\\/alekeskus.eu\\\/wp-content\\\/uploads\\\/2023\\\/04\\\/Sam_2.4_NATURAL_wb.jpg\",\"width\":1600,\"height\":1200},{\"@type\":\"BreadcrumbList\",\"@id\":\"https:\\\/\\\/alekeskus.eu\\\/toode\\\/mangumaja-sam-24m-alekeskus\\\/#breadcrumb\",\"itemListElement\":[{\"@type\":\"ListItem\",\"position\":1,\"name\":\"Avaleht\",\"item\":\"https:\\\/\\\/alekeskus.eu\\\/et\\\/\"},{\"@type\":\"ListItem\",\"position\":2,\"name\":\"Pood\",\"item\":\"https:\\\/\\\/alekeskus.eu\\\/pood\\\/\"},{\"@type\":\"ListItem\",\"position\":3,\"name\":\"M\u00e4ngumaja Sam 2,4 m\u00b2\"}]},{\"@type\":\"WebSite\",\"@id\":\"https:\\\/\\\/alekeskus.eu\\\/#website\",\"url\":\"https:\\\/\\\/alekeskus.eu\\\/\",\"name\":\"Alekeskus\",\"description\":\"Alekeskus.eu\",\"potentialAction\":[{\"@type\":\"SearchAction\",\"target\":{\"@type\":\"EntryPoint\",\"urlTemplate\":\"https:\\\/\\\/alekeskus.eu\\\/?s={search_term_string}\"},\"query-input\":{\"@type\":\"PropertyValueSpecification\",\"valueRequired\":true,\"valueName\":\"search_term_string\"}}],\"inLanguage\":\"et\"}]}<\/script>\n<!-- \/ Yoast SEO plugin. -->","yoast_head_json":{"title":"M\u00e4ngumaja Sam 2,4 m\u00b2 - Alekeskus","description":"m\u00e4ngumaja","robots":{"index":"index","follow":"follow","max-snippet":"max-snippet:-1","max-image-preview":"max-image-preview:large","max-video-preview":"max-video-preview:-1"},"canonical":"https:\/\/alekeskus.eu\/toode\/mangumaja-sam-24m-alekeskus\/","og_locale":"et_EE","og_type":"article","og_title":"M\u00e4ngumaja Sam 2,4 m\u00b2 - Alekeskus","og_description":"m\u00e4ngumaja","og_url":"https:\/\/alekeskus.eu\/toode\/mangumaja-sam-24m-alekeskus\/","og_site_name":"Alekeskus","article_modified_time":"2025-04-22T17:06:05+00:00","og_image":[{"width":1024,"height":1024,"url":"https:\/\/alekeskus.eu\/wp-content\/uploads\/2023\/04\/Sam_2.4_NATURAL_wb-1024x1024.jpg","type":"image\/jpeg"}],"twitter_card":"summary_large_image","twitter_misc":{"Est. reading time":"1 minut"},"schema":{"@context":"https:\/\/schema.org","@graph":[{"@type":"WebPage","@id":"https:\/\/alekeskus.eu\/toode\/mangumaja-sam-24m-alekeskus\/","url":"https:\/\/alekeskus.eu\/toode\/mangumaja-sam-24m-alekeskus\/","name":"M\u00e4ngumaja Sam 2,4 m\u00b2 - Alekeskus","isPartOf":{"@id":"https:\/\/alekeskus.eu\/#website"},"primaryImageOfPage":{"@id":"https:\/\/alekeskus.eu\/toode\/mangumaja-sam-24m-alekeskus\/#primaryimage"},"image":{"@id":"https:\/\/alekeskus.eu\/toode\/mangumaja-sam-24m-alekeskus\/#primaryimage"},"thumbnailUrl":"https:\/\/alekeskus.eu\/wp-content\/uploads\/2023\/04\/Sam_2.4_NATURAL_wb.jpg","datePublished":"2024-04-11T22:53:18+00:00","dateModified":"2025-04-22T17:06:05+00:00","description":"m\u00e4ngumaja","breadcrumb":{"@id":"https:\/\/alekeskus.eu\/toode\/mangumaja-sam-24m-alekeskus\/#breadcrumb"},"inLanguage":"et","potentialAction":[{"@type":"ReadAction","target":["https:\/\/alekeskus.eu\/toode\/mangumaja-sam-24m-alekeskus\/"]}]},{"@type":"ImageObject","inLanguage":"et","@id":"https:\/\/alekeskus.eu\/toode\/mangumaja-sam-24m-alekeskus\/#primaryimage","url":"https:\/\/alekeskus.eu\/wp-content\/uploads\/2023\/04\/Sam_2.4_NATURAL_wb.jpg","contentUrl":"https:\/\/alekeskus.eu\/wp-content\/uploads\/2023\/04\/Sam_2.4_NATURAL_wb.jpg","width":1600,"height":1200},{"@type":"BreadcrumbList","@id":"https:\/\/alekeskus.eu\/toode\/mangumaja-sam-24m-alekeskus\/#breadcrumb","itemListElement":[{"@type":"ListItem","position":1,"name":"Avaleht","item":"https:\/\/alekeskus.eu\/et\/"},{"@type":"ListItem","position":2,"name":"Pood","item":"https:\/\/alekeskus.eu\/pood\/"},{"@type":"ListItem","position":3,"name":"M\u00e4ngumaja Sam 2,4 m\u00b2"}]},{"@type":"WebSite","@id":"https:\/\/alekeskus.eu\/#website","url":"https:\/\/alekeskus.eu\/","name":"Alekeskus","description":"Alekeskus.eu","potentialAction":[{"@type":"SearchAction","target":{"@type":"EntryPoint","urlTemplate":"https:\/\/alekeskus.eu\/?s={search_term_string}"},"query-input":{"@type":"PropertyValueSpecification","valueRequired":true,"valueName":"search_term_string"}}],"inLanguage":"et"}]}},"brands":[{"id":18577,"name":"Eesti","slug":"eesti"}],"_links":{"self":[{"href":"https:\/\/alekeskus.eu\/et\/wp-json\/wp\/v2\/product\/68789","targetHints":{"allow":["GET"]}}],"collection":[{"href":"https:\/\/alekeskus.eu\/et\/wp-json\/wp\/v2\/product"}],"about":[{"href":"https:\/\/alekeskus.eu\/et\/wp-json\/wp\/v2\/types\/product"}],"wp:featuredmedia":[{"embeddable":true,"href":"https:\/\/alekeskus.eu\/et\/wp-json\/wp\/v2\/media\/92138"}],"wp:attachment":[{"href":"https:\/\/alekeskus.eu\/et\/wp-json\/wp\/v2\/media?parent=68789"}],"wp:term":[{"taxonomy":"pwb-brand","embeddable":true,"href":"https:\/\/alekeskus.eu\/et\/wp-json\/wp\/v2\/pwb-brand?post=68789"},{"taxonomy":"product_brand","embeddable":true,"href":"https:\/\/alekeskus.eu\/et\/wp-json\/wp\/v2\/product_brand?post=68789"},{"taxonomy":"product_cat","embeddable":true,"href":"https:\/\/alekeskus.eu\/et\/wp-json\/wp\/v2\/product_cat?post=68789"},{"taxonomy":"product_tag","embeddable":true,"href":"https:\/\/alekeskus.eu\/et\/wp-json\/wp\/v2\/product_tag?post=68789"}],"curies":[{"name":"wp","href":"https:\/\/api.w.org\/{rel}","templated":true}]}}