{"id":68801,"date":"2023-11-11T22:53:24","date_gmt":"2023-11-11T22:53:24","guid":{"rendered":"http:\/\/alekeskus.eu\/product\/mangumaja-merlyn2-liumae-ja-liivakastiga\/"},"modified":"2025-04-04T14:40:44","modified_gmt":"2025-04-04T14:40:44","slug":"mangumaja-merlyn2-liumae-ja-liivakastiga","status":"publish","type":"product","link":"https:\/\/alekeskus.eu\/et\/toode\/mangumaja-merlyn2-liumae-ja-liivakastiga\/","title":{"rendered":"M\u00e4ngumaja Merlyn2 lium\u00e4e ja liivakastiga"},"content":{"rendered":"","protected":false},"excerpt":{"rendered":"<p>Maja m\u00f5\u00f5dud: <strong>2 x 2 x 3,1 m<\/strong><\/p>\n<p>Sisem\u00f5\u00f5dud: <strong>1968 x 1330 x h=1650 mm.<\/strong><\/p>\n<p>Mitmekesine m\u00e4ngumaja lium\u00e4e ja kaanega liivakastiga.<\/p>\n<p>Aken 44 x 44 cm pleksiklaasist. Sein 19 mm punnlauast. Postid 70 x 70 mm. Liivakasti lauad 28 x 140 mm, kate 16 mm paksust lauast. K\u00e4sipuuga trepp.<\/p>\n<p>Telli vajadusel k\u00e4rgkatusekate 100\u20ac ja v\u00e4rvitud puitosad 500\u20ac.<\/p>\n<p>Paigaldus 800\u20ac + kohales\u00f5it 0,7\u20ac\/km.<\/p>\n","protected":false},"featured_media":68791,"template":"","meta":{"_monsterinsights_skip_tracking":false,"_monsterinsights_sitenote_active":false,"_monsterinsights_sitenote_note":"","_monsterinsights_sitenote_category":0},"pwb-brand":[18577],"product_brand":[],"product_cat":[13558,13540,13560,13594,13528],"product_tag":[13881,13938,13947,14470,15566,15567],"class_list":{"0":"post-68801","1":"product","2":"type-product","3":"status-publish","4":"has-post-thumbnail","6":"pwb-brand-eesti","7":"product_cat-manguvaljakud","8":"product_cat-hooned-alekeskus","9":"product_cat-liivakastid","10":"product_cat-mangumajad","11":"product_cat-manguvaljakud-kiiged","12":"product_tag-liumagi","13":"product_tag-mangumaja","14":"product_tag-leikkimokki","15":"product_tag-liivakast","16":"product_tag-merlyn","17":"product_tag-suvia","18":"product_shipping_class-30-300kg","19":"pa_garantii-2-aastat","20":"pa_kohaletoimetamine-veohind-mandri-eestis-alekeskus","21":"pa_laoasukoht-tartumaa","22":"pa_pindalam-15568","23":"pa_tellimisaeg-2-10-toopaeva","24":"pa_varv-viimistlemata","25":"pa_veame-eesti-ja-soome","27":"first","28":"instock","29":"taxable","30":"shipping-taxable","31":"purchasable","32":"product-type-simple"},"yoast_head":"<!-- This site is optimized with the Yoast SEO plugin v27.3 - https:\/\/yoast.com\/product\/yoast-seo-wordpress\/ -->\n<title>M\u00e4ngumaja Merlyn2 lium\u00e4e ja liivakastiga - Alekeskus<\/title>\n<meta name=\"description\" content=\"M\u00e4ngumaja lium\u00e4ega ja liivakastiga.\" \/>\n<meta name=\"robots\" content=\"index, follow, max-snippet:-1, max-image-preview:large, max-video-preview:-1\" \/>\n<link rel=\"canonical\" href=\"https:\/\/alekeskus.eu\/toode\/mangumaja-merlyn2-liumae-ja-liivakastiga\/\" \/>\n<meta property=\"og:locale\" content=\"et_EE\" \/>\n<meta property=\"og:type\" content=\"article\" \/>\n<meta property=\"og:title\" content=\"M\u00e4ngumaja Merlyn2 lium\u00e4e ja liivakastiga - Alekeskus\" \/>\n<meta property=\"og:description\" content=\"M\u00e4ngumaja lium\u00e4ega ja liivakastiga.\" \/>\n<meta property=\"og:url\" content=\"https:\/\/alekeskus.eu\/toode\/mangumaja-merlyn2-liumae-ja-liivakastiga\/\" \/>\n<meta property=\"og:site_name\" content=\"Alekeskus\" \/>\n<meta property=\"article:modified_time\" content=\"2025-04-04T14:40:44+00:00\" \/>\n<meta property=\"og:image\" content=\"https:\/\/alekeskus.eu\/wp-content\/uploads\/2021\/11\/678m-ngumaja-merlyn2-lium-e-ja-liivakastiga-0.jpg\" \/>\n\t<meta property=\"og:image:width\" content=\"2256\" \/>\n\t<meta property=\"og:image:height\" content=\"1496\" \/>\n\t<meta property=\"og:image:type\" content=\"image\/jpeg\" \/>\n<meta name=\"twitter:card\" content=\"summary_large_image\" \/>\n<meta name=\"twitter:label1\" content=\"Est. reading time\" \/>\n\t<meta name=\"twitter:data1\" content=\"1 minut\" \/>\n<script type=\"application\/ld+json\" class=\"yoast-schema-graph\">{\"@context\":\"https:\\\/\\\/schema.org\",\"@graph\":[{\"@type\":\"WebPage\",\"@id\":\"https:\\\/\\\/alekeskus.eu\\\/toode\\\/mangumaja-merlyn2-liumae-ja-liivakastiga\\\/\",\"url\":\"https:\\\/\\\/alekeskus.eu\\\/toode\\\/mangumaja-merlyn2-liumae-ja-liivakastiga\\\/\",\"name\":\"M\u00e4ngumaja Merlyn2 lium\u00e4e ja liivakastiga - Alekeskus\",\"isPartOf\":{\"@id\":\"https:\\\/\\\/alekeskus.eu\\\/#website\"},\"primaryImageOfPage\":{\"@id\":\"https:\\\/\\\/alekeskus.eu\\\/toode\\\/mangumaja-merlyn2-liumae-ja-liivakastiga\\\/#primaryimage\"},\"image\":{\"@id\":\"https:\\\/\\\/alekeskus.eu\\\/toode\\\/mangumaja-merlyn2-liumae-ja-liivakastiga\\\/#primaryimage\"},\"thumbnailUrl\":\"https:\\\/\\\/alekeskus.eu\\\/wp-content\\\/uploads\\\/2021\\\/11\\\/678m-ngumaja-merlyn2-lium-e-ja-liivakastiga-0.jpg\",\"datePublished\":\"2023-11-11T22:53:24+00:00\",\"dateModified\":\"2025-04-04T14:40:44+00:00\",\"description\":\"M\u00e4ngumaja lium\u00e4ega ja liivakastiga.\",\"breadcrumb\":{\"@id\":\"https:\\\/\\\/alekeskus.eu\\\/toode\\\/mangumaja-merlyn2-liumae-ja-liivakastiga\\\/#breadcrumb\"},\"inLanguage\":\"et\",\"potentialAction\":[{\"@type\":\"ReadAction\",\"target\":[\"https:\\\/\\\/alekeskus.eu\\\/toode\\\/mangumaja-merlyn2-liumae-ja-liivakastiga\\\/\"]}]},{\"@type\":\"ImageObject\",\"inLanguage\":\"et\",\"@id\":\"https:\\\/\\\/alekeskus.eu\\\/toode\\\/mangumaja-merlyn2-liumae-ja-liivakastiga\\\/#primaryimage\",\"url\":\"https:\\\/\\\/alekeskus.eu\\\/wp-content\\\/uploads\\\/2021\\\/11\\\/678m-ngumaja-merlyn2-lium-e-ja-liivakastiga-0.jpg\",\"contentUrl\":\"https:\\\/\\\/alekeskus.eu\\\/wp-content\\\/uploads\\\/2021\\\/11\\\/678m-ngumaja-merlyn2-lium-e-ja-liivakastiga-0.jpg\",\"width\":1600,\"height\":1061},{\"@type\":\"BreadcrumbList\",\"@id\":\"https:\\\/\\\/alekeskus.eu\\\/toode\\\/mangumaja-merlyn2-liumae-ja-liivakastiga\\\/#breadcrumb\",\"itemListElement\":[{\"@type\":\"ListItem\",\"position\":1,\"name\":\"Avaleht\",\"item\":\"https:\\\/\\\/alekeskus.eu\\\/et\\\/\"},{\"@type\":\"ListItem\",\"position\":2,\"name\":\"Pood\",\"item\":\"https:\\\/\\\/alekeskus.eu\\\/pood\\\/\"},{\"@type\":\"ListItem\",\"position\":3,\"name\":\"M\u00e4ngumaja Merlyn2 lium\u00e4e ja liivakastiga\"}]},{\"@type\":\"WebSite\",\"@id\":\"https:\\\/\\\/alekeskus.eu\\\/#website\",\"url\":\"https:\\\/\\\/alekeskus.eu\\\/\",\"name\":\"Alekeskus\",\"description\":\"Alekeskus.eu\",\"potentialAction\":[{\"@type\":\"SearchAction\",\"target\":{\"@type\":\"EntryPoint\",\"urlTemplate\":\"https:\\\/\\\/alekeskus.eu\\\/?s={search_term_string}\"},\"query-input\":{\"@type\":\"PropertyValueSpecification\",\"valueRequired\":true,\"valueName\":\"search_term_string\"}}],\"inLanguage\":\"et\"}]}<\/script>\n<!-- \/ Yoast SEO plugin. -->","yoast_head_json":{"title":"M\u00e4ngumaja Merlyn2 lium\u00e4e ja liivakastiga - Alekeskus","description":"M\u00e4ngumaja lium\u00e4ega ja liivakastiga.","robots":{"index":"index","follow":"follow","max-snippet":"max-snippet:-1","max-image-preview":"max-image-preview:large","max-video-preview":"max-video-preview:-1"},"canonical":"https:\/\/alekeskus.eu\/toode\/mangumaja-merlyn2-liumae-ja-liivakastiga\/","og_locale":"et_EE","og_type":"article","og_title":"M\u00e4ngumaja Merlyn2 lium\u00e4e ja liivakastiga - Alekeskus","og_description":"M\u00e4ngumaja lium\u00e4ega ja liivakastiga.","og_url":"https:\/\/alekeskus.eu\/toode\/mangumaja-merlyn2-liumae-ja-liivakastiga\/","og_site_name":"Alekeskus","article_modified_time":"2025-04-04T14:40:44+00:00","og_image":[{"width":2256,"height":1496,"url":"https:\/\/alekeskus.eu\/wp-content\/uploads\/2021\/11\/678m-ngumaja-merlyn2-lium-e-ja-liivakastiga-0.jpg","type":"image\/jpeg"}],"twitter_card":"summary_large_image","twitter_misc":{"Est. reading time":"1 minut"},"schema":{"@context":"https:\/\/schema.org","@graph":[{"@type":"WebPage","@id":"https:\/\/alekeskus.eu\/toode\/mangumaja-merlyn2-liumae-ja-liivakastiga\/","url":"https:\/\/alekeskus.eu\/toode\/mangumaja-merlyn2-liumae-ja-liivakastiga\/","name":"M\u00e4ngumaja Merlyn2 lium\u00e4e ja liivakastiga - Alekeskus","isPartOf":{"@id":"https:\/\/alekeskus.eu\/#website"},"primaryImageOfPage":{"@id":"https:\/\/alekeskus.eu\/toode\/mangumaja-merlyn2-liumae-ja-liivakastiga\/#primaryimage"},"image":{"@id":"https:\/\/alekeskus.eu\/toode\/mangumaja-merlyn2-liumae-ja-liivakastiga\/#primaryimage"},"thumbnailUrl":"https:\/\/alekeskus.eu\/wp-content\/uploads\/2021\/11\/678m-ngumaja-merlyn2-lium-e-ja-liivakastiga-0.jpg","datePublished":"2023-11-11T22:53:24+00:00","dateModified":"2025-04-04T14:40:44+00:00","description":"M\u00e4ngumaja lium\u00e4ega ja liivakastiga.","breadcrumb":{"@id":"https:\/\/alekeskus.eu\/toode\/mangumaja-merlyn2-liumae-ja-liivakastiga\/#breadcrumb"},"inLanguage":"et","potentialAction":[{"@type":"ReadAction","target":["https:\/\/alekeskus.eu\/toode\/mangumaja-merlyn2-liumae-ja-liivakastiga\/"]}]},{"@type":"ImageObject","inLanguage":"et","@id":"https:\/\/alekeskus.eu\/toode\/mangumaja-merlyn2-liumae-ja-liivakastiga\/#primaryimage","url":"https:\/\/alekeskus.eu\/wp-content\/uploads\/2021\/11\/678m-ngumaja-merlyn2-lium-e-ja-liivakastiga-0.jpg","contentUrl":"https:\/\/alekeskus.eu\/wp-content\/uploads\/2021\/11\/678m-ngumaja-merlyn2-lium-e-ja-liivakastiga-0.jpg","width":1600,"height":1061},{"@type":"BreadcrumbList","@id":"https:\/\/alekeskus.eu\/toode\/mangumaja-merlyn2-liumae-ja-liivakastiga\/#breadcrumb","itemListElement":[{"@type":"ListItem","position":1,"name":"Avaleht","item":"https:\/\/alekeskus.eu\/et\/"},{"@type":"ListItem","position":2,"name":"Pood","item":"https:\/\/alekeskus.eu\/pood\/"},{"@type":"ListItem","position":3,"name":"M\u00e4ngumaja Merlyn2 lium\u00e4e ja liivakastiga"}]},{"@type":"WebSite","@id":"https:\/\/alekeskus.eu\/#website","url":"https:\/\/alekeskus.eu\/","name":"Alekeskus","description":"Alekeskus.eu","potentialAction":[{"@type":"SearchAction","target":{"@type":"EntryPoint","urlTemplate":"https:\/\/alekeskus.eu\/?s={search_term_string}"},"query-input":{"@type":"PropertyValueSpecification","valueRequired":true,"valueName":"search_term_string"}}],"inLanguage":"et"}]}},"brands":[{"id":18577,"name":"Eesti","slug":"eesti"}],"_links":{"self":[{"href":"https:\/\/alekeskus.eu\/et\/wp-json\/wp\/v2\/product\/68801","targetHints":{"allow":["GET"]}}],"collection":[{"href":"https:\/\/alekeskus.eu\/et\/wp-json\/wp\/v2\/product"}],"about":[{"href":"https:\/\/alekeskus.eu\/et\/wp-json\/wp\/v2\/types\/product"}],"wp:featuredmedia":[{"embeddable":true,"href":"https:\/\/alekeskus.eu\/et\/wp-json\/wp\/v2\/media\/68791"}],"wp:attachment":[{"href":"https:\/\/alekeskus.eu\/et\/wp-json\/wp\/v2\/media?parent=68801"}],"wp:term":[{"taxonomy":"pwb-brand","embeddable":true,"href":"https:\/\/alekeskus.eu\/et\/wp-json\/wp\/v2\/pwb-brand?post=68801"},{"taxonomy":"product_brand","embeddable":true,"href":"https:\/\/alekeskus.eu\/et\/wp-json\/wp\/v2\/product_brand?post=68801"},{"taxonomy":"product_cat","embeddable":true,"href":"https:\/\/alekeskus.eu\/et\/wp-json\/wp\/v2\/product_cat?post=68801"},{"taxonomy":"product_tag","embeddable":true,"href":"https:\/\/alekeskus.eu\/et\/wp-json\/wp\/v2\/product_tag?post=68801"}],"curies":[{"name":"wp","href":"https:\/\/api.w.org\/{rel}","templated":true}]}}