{"id":68853,"date":"2023-06-11T22:53:49","date_gmt":"2023-06-11T22:53:49","guid":{"rendered":"http:\/\/alekeskus.eu\/product\/mangumaja-grete-37m%c2%b2-2-korruseline\/"},"modified":"2025-04-22T15:34:34","modified_gmt":"2025-04-22T15:34:34","slug":"mangumaja-grete-37-alekeskus","status":"publish","type":"product","link":"https:\/\/alekeskus.eu\/et\/toode\/mangumaja-grete-37-alekeskus\/","title":{"rendered":"M\u00e4ngumaja Grete 3,7 m\u00b2 2-korruseline"},"content":{"rendered":"","protected":false},"excerpt":{"rendered":"<p>V\u00e4lism\u00f5\u00f5dud: <strong>233 x 175 cm<\/strong><\/p>\n<p><strong>TASUTA VEDU (ka suursaartele)!<\/strong><\/p>\n<ul>\n<li>seinad valmis kilpidest 16 mm<\/li>\n<li>p\u00f5randa- ja katuselauad punnitud 16 mm<\/li>\n<li>seina k\u00f5rgus 170 cm ja harja k\u00f5rgus 220 cm<\/li>\n<li>pleksiklaasiga aknad 59 x 59 cm<\/li>\n<li>uks 58 x 130 cm<\/li>\n<li>katusekate lisahinnaga(tarve 3 pakki bituumensindlit)<\/li>\n<li>Eesti toode<\/li>\n<li>kinnitusvahendid ja paigaldusohje<\/li>\n<li>5-aastane tehase garantii<\/li>\n<\/ul>\n<p>K\u00fcsi ka paigaldust!<\/p>\n","protected":false},"featured_media":92123,"template":"","meta":{"_monsterinsights_skip_tracking":false,"_monsterinsights_sitenote_active":false,"_monsterinsights_sitenote_note":"","_monsterinsights_sitenote_category":0},"pwb-brand":[18577],"product_brand":[],"product_cat":[13540,13594],"product_tag":[13939,13947,13950,14000,14457,15552,15590,13938],"class_list":{"0":"post-68853","1":"product","2":"type-product","3":"status-publish","4":"has-post-thumbnail","6":"pwb-brand-eesti","7":"product_cat-hooned-alekeskus","8":"product_cat-mangumajad","9":"product_tag-lastemaja","10":"product_tag-leikkimokki","11":"product_tag-lekhus","12":"product_tag-palmako","13":"product_tag-lobus","14":"product_tag-spielhaus","15":"product_tag-grete","16":"product_tag-mangumaja","17":"product_shipping_class-tasuta-transport-kuni-300kg","18":"pa_garantii-5-aastat","19":"pa_kohaletoimetamine-tasuta-ule-eesti-soome-alates-160e-alekeskus","20":"pa_laoasukoht-laane-virumaa-eesti","21":"pa_pindalam-17991","22":"pa_seinapaksus-16-mm","23":"pa_tellimisaeg-2-10-toopaeva","24":"pa_varv-viimistlemata","25":"pa_veame-eesti-ja-soome","27":"first","28":"instock","29":"taxable","30":"shipping-taxable","31":"purchasable","32":"product-type-simple"},"yoast_head":"<!-- This site is optimized with the Yoast SEO plugin v27.3 - https:\/\/yoast.com\/product\/yoast-seo-wordpress\/ -->\n<title>M\u00e4ngumaja Grete 3,7 m\u00b2 2-korruseline - Alekeskus<\/title>\n<meta name=\"description\" content=\"laste m\u00e4ngumaja\" \/>\n<meta name=\"robots\" content=\"index, follow, max-snippet:-1, max-image-preview:large, max-video-preview:-1\" \/>\n<link rel=\"canonical\" href=\"https:\/\/alekeskus.eu\/toode\/mangumaja-grete-37-alekeskus\/\" \/>\n<meta property=\"og:locale\" content=\"et_EE\" \/>\n<meta property=\"og:type\" content=\"article\" \/>\n<meta property=\"og:title\" content=\"M\u00e4ngumaja Grete 3,7 m\u00b2 2-korruseline - Alekeskus\" \/>\n<meta property=\"og:description\" content=\"laste m\u00e4ngumaja\" \/>\n<meta property=\"og:url\" content=\"https:\/\/alekeskus.eu\/toode\/mangumaja-grete-37-alekeskus\/\" \/>\n<meta property=\"og:site_name\" content=\"Alekeskus\" \/>\n<meta property=\"article:modified_time\" content=\"2025-04-22T15:34:34+00:00\" \/>\n<meta property=\"og:image\" content=\"https:\/\/alekeskus.eu\/wp-content\/uploads\/2023\/06\/Grete_3.7_NATURAL_wb.jpg\" \/>\n\t<meta property=\"og:image:width\" content=\"2500\" \/>\n\t<meta property=\"og:image:height\" content=\"1875\" \/>\n\t<meta property=\"og:image:type\" content=\"image\/jpeg\" \/>\n<meta name=\"twitter:card\" content=\"summary_large_image\" \/>\n<meta name=\"twitter:label1\" content=\"Est. reading time\" \/>\n\t<meta name=\"twitter:data1\" content=\"1 minut\" \/>\n<script type=\"application\/ld+json\" class=\"yoast-schema-graph\">{\"@context\":\"https:\\\/\\\/schema.org\",\"@graph\":[{\"@type\":\"WebPage\",\"@id\":\"https:\\\/\\\/alekeskus.eu\\\/toode\\\/mangumaja-grete-37-alekeskus\\\/\",\"url\":\"https:\\\/\\\/alekeskus.eu\\\/toode\\\/mangumaja-grete-37-alekeskus\\\/\",\"name\":\"M\u00e4ngumaja Grete 3,7 m\u00b2 2-korruseline - Alekeskus\",\"isPartOf\":{\"@id\":\"https:\\\/\\\/alekeskus.eu\\\/#website\"},\"primaryImageOfPage\":{\"@id\":\"https:\\\/\\\/alekeskus.eu\\\/toode\\\/mangumaja-grete-37-alekeskus\\\/#primaryimage\"},\"image\":{\"@id\":\"https:\\\/\\\/alekeskus.eu\\\/toode\\\/mangumaja-grete-37-alekeskus\\\/#primaryimage\"},\"thumbnailUrl\":\"https:\\\/\\\/alekeskus.eu\\\/wp-content\\\/uploads\\\/2023\\\/06\\\/Grete_3.7_NATURAL_wb.jpg\",\"datePublished\":\"2023-06-11T22:53:49+00:00\",\"dateModified\":\"2025-04-22T15:34:34+00:00\",\"description\":\"laste m\u00e4ngumaja\",\"breadcrumb\":{\"@id\":\"https:\\\/\\\/alekeskus.eu\\\/toode\\\/mangumaja-grete-37-alekeskus\\\/#breadcrumb\"},\"inLanguage\":\"et\",\"potentialAction\":[{\"@type\":\"ReadAction\",\"target\":[\"https:\\\/\\\/alekeskus.eu\\\/toode\\\/mangumaja-grete-37-alekeskus\\\/\"]}]},{\"@type\":\"ImageObject\",\"inLanguage\":\"et\",\"@id\":\"https:\\\/\\\/alekeskus.eu\\\/toode\\\/mangumaja-grete-37-alekeskus\\\/#primaryimage\",\"url\":\"https:\\\/\\\/alekeskus.eu\\\/wp-content\\\/uploads\\\/2023\\\/06\\\/Grete_3.7_NATURAL_wb.jpg\",\"contentUrl\":\"https:\\\/\\\/alekeskus.eu\\\/wp-content\\\/uploads\\\/2023\\\/06\\\/Grete_3.7_NATURAL_wb.jpg\",\"width\":1600,\"height\":1200},{\"@type\":\"BreadcrumbList\",\"@id\":\"https:\\\/\\\/alekeskus.eu\\\/toode\\\/mangumaja-grete-37-alekeskus\\\/#breadcrumb\",\"itemListElement\":[{\"@type\":\"ListItem\",\"position\":1,\"name\":\"Avaleht\",\"item\":\"https:\\\/\\\/alekeskus.eu\\\/et\\\/\"},{\"@type\":\"ListItem\",\"position\":2,\"name\":\"Pood\",\"item\":\"https:\\\/\\\/alekeskus.eu\\\/pood\\\/\"},{\"@type\":\"ListItem\",\"position\":3,\"name\":\"M\u00e4ngumaja Grete 3,7 m\u00b2 2-korruseline\"}]},{\"@type\":\"WebSite\",\"@id\":\"https:\\\/\\\/alekeskus.eu\\\/#website\",\"url\":\"https:\\\/\\\/alekeskus.eu\\\/\",\"name\":\"Alekeskus\",\"description\":\"Alekeskus.eu\",\"potentialAction\":[{\"@type\":\"SearchAction\",\"target\":{\"@type\":\"EntryPoint\",\"urlTemplate\":\"https:\\\/\\\/alekeskus.eu\\\/?s={search_term_string}\"},\"query-input\":{\"@type\":\"PropertyValueSpecification\",\"valueRequired\":true,\"valueName\":\"search_term_string\"}}],\"inLanguage\":\"et\"}]}<\/script>\n<!-- \/ Yoast SEO plugin. -->","yoast_head_json":{"title":"M\u00e4ngumaja Grete 3,7 m\u00b2 2-korruseline - Alekeskus","description":"laste m\u00e4ngumaja","robots":{"index":"index","follow":"follow","max-snippet":"max-snippet:-1","max-image-preview":"max-image-preview:large","max-video-preview":"max-video-preview:-1"},"canonical":"https:\/\/alekeskus.eu\/toode\/mangumaja-grete-37-alekeskus\/","og_locale":"et_EE","og_type":"article","og_title":"M\u00e4ngumaja Grete 3,7 m\u00b2 2-korruseline - Alekeskus","og_description":"laste m\u00e4ngumaja","og_url":"https:\/\/alekeskus.eu\/toode\/mangumaja-grete-37-alekeskus\/","og_site_name":"Alekeskus","article_modified_time":"2025-04-22T15:34:34+00:00","og_image":[{"width":2500,"height":1875,"url":"https:\/\/alekeskus.eu\/wp-content\/uploads\/2023\/06\/Grete_3.7_NATURAL_wb.jpg","type":"image\/jpeg"}],"twitter_card":"summary_large_image","twitter_misc":{"Est. reading time":"1 minut"},"schema":{"@context":"https:\/\/schema.org","@graph":[{"@type":"WebPage","@id":"https:\/\/alekeskus.eu\/toode\/mangumaja-grete-37-alekeskus\/","url":"https:\/\/alekeskus.eu\/toode\/mangumaja-grete-37-alekeskus\/","name":"M\u00e4ngumaja Grete 3,7 m\u00b2 2-korruseline - Alekeskus","isPartOf":{"@id":"https:\/\/alekeskus.eu\/#website"},"primaryImageOfPage":{"@id":"https:\/\/alekeskus.eu\/toode\/mangumaja-grete-37-alekeskus\/#primaryimage"},"image":{"@id":"https:\/\/alekeskus.eu\/toode\/mangumaja-grete-37-alekeskus\/#primaryimage"},"thumbnailUrl":"https:\/\/alekeskus.eu\/wp-content\/uploads\/2023\/06\/Grete_3.7_NATURAL_wb.jpg","datePublished":"2023-06-11T22:53:49+00:00","dateModified":"2025-04-22T15:34:34+00:00","description":"laste m\u00e4ngumaja","breadcrumb":{"@id":"https:\/\/alekeskus.eu\/toode\/mangumaja-grete-37-alekeskus\/#breadcrumb"},"inLanguage":"et","potentialAction":[{"@type":"ReadAction","target":["https:\/\/alekeskus.eu\/toode\/mangumaja-grete-37-alekeskus\/"]}]},{"@type":"ImageObject","inLanguage":"et","@id":"https:\/\/alekeskus.eu\/toode\/mangumaja-grete-37-alekeskus\/#primaryimage","url":"https:\/\/alekeskus.eu\/wp-content\/uploads\/2023\/06\/Grete_3.7_NATURAL_wb.jpg","contentUrl":"https:\/\/alekeskus.eu\/wp-content\/uploads\/2023\/06\/Grete_3.7_NATURAL_wb.jpg","width":1600,"height":1200},{"@type":"BreadcrumbList","@id":"https:\/\/alekeskus.eu\/toode\/mangumaja-grete-37-alekeskus\/#breadcrumb","itemListElement":[{"@type":"ListItem","position":1,"name":"Avaleht","item":"https:\/\/alekeskus.eu\/et\/"},{"@type":"ListItem","position":2,"name":"Pood","item":"https:\/\/alekeskus.eu\/pood\/"},{"@type":"ListItem","position":3,"name":"M\u00e4ngumaja Grete 3,7 m\u00b2 2-korruseline"}]},{"@type":"WebSite","@id":"https:\/\/alekeskus.eu\/#website","url":"https:\/\/alekeskus.eu\/","name":"Alekeskus","description":"Alekeskus.eu","potentialAction":[{"@type":"SearchAction","target":{"@type":"EntryPoint","urlTemplate":"https:\/\/alekeskus.eu\/?s={search_term_string}"},"query-input":{"@type":"PropertyValueSpecification","valueRequired":true,"valueName":"search_term_string"}}],"inLanguage":"et"}]}},"brands":[{"id":18577,"name":"Eesti","slug":"eesti"}],"_links":{"self":[{"href":"https:\/\/alekeskus.eu\/et\/wp-json\/wp\/v2\/product\/68853","targetHints":{"allow":["GET"]}}],"collection":[{"href":"https:\/\/alekeskus.eu\/et\/wp-json\/wp\/v2\/product"}],"about":[{"href":"https:\/\/alekeskus.eu\/et\/wp-json\/wp\/v2\/types\/product"}],"wp:featuredmedia":[{"embeddable":true,"href":"https:\/\/alekeskus.eu\/et\/wp-json\/wp\/v2\/media\/92123"}],"wp:attachment":[{"href":"https:\/\/alekeskus.eu\/et\/wp-json\/wp\/v2\/media?parent=68853"}],"wp:term":[{"taxonomy":"pwb-brand","embeddable":true,"href":"https:\/\/alekeskus.eu\/et\/wp-json\/wp\/v2\/pwb-brand?post=68853"},{"taxonomy":"product_brand","embeddable":true,"href":"https:\/\/alekeskus.eu\/et\/wp-json\/wp\/v2\/product_brand?post=68853"},{"taxonomy":"product_cat","embeddable":true,"href":"https:\/\/alekeskus.eu\/et\/wp-json\/wp\/v2\/product_cat?post=68853"},{"taxonomy":"product_tag","embeddable":true,"href":"https:\/\/alekeskus.eu\/et\/wp-json\/wp\/v2\/product_tag?post=68853"}],"curies":[{"name":"wp","href":"https:\/\/api.w.org\/{rel}","templated":true}]}}