{"id":68867,"date":"2023-11-11T22:53:53","date_gmt":"2023-11-11T22:53:53","guid":{"rendered":"http:\/\/alekeskus.eu\/product\/mangumaja-valjak-merlyn3-kiikede-liumae-ja-liivakastiga\/"},"modified":"2025-04-04T14:47:24","modified_gmt":"2025-04-04T14:47:24","slug":"mangumaja-valjak-merlyn3-kiikede-liumae-ja-liivakastiga","status":"publish","type":"product","link":"https:\/\/alekeskus.eu\/et\/toode\/mangumaja-valjak-merlyn3-kiikede-liumae-ja-liivakastiga\/","title":{"rendered":"M\u00e4ngumaja-v\u00e4ljak Merlyn3 kiikede, lium\u00e4e ja liivakastiga"},"content":{"rendered":"<p>&nbsp;<\/p>\n<p>&nbsp;<\/p>\n","protected":false},"excerpt":{"rendered":"<p>Siin juba naljalt igav ei hakka ja kui v\u00e4simus peale tuleb, saab majas ka puhata!<\/p>\n<p>Maja sisem\u00f5\u00f5dud:<strong> 1,97 x 1,33 x h=1,65m<\/strong><\/p>\n<p>Maja v\u00e4lism\u00f5\u00f5dud:\u00a0<strong>2,0 x 2,0 x h=3,1m<\/strong><\/p>\n<p>Kiigeosa : <strong>2,7 x 2,8 x h=2,34m<\/strong><\/p>\n<p>Hinnas kogu puitosa(viimistlemata), beebikiik, tavakiik, 3m lium\u00e4gi ja kaanega liivakast.<\/p>\n<p>Postid 70 x 70 mm. Liivakasti lauad 28 x 140 mm, kate 16 mm paksust lauast. K\u00e4sipuuga trepp. Aken 44 x 44 cm pleksiklaasist. Sein 19 mm punnlauast.<\/p>\n<p>Telli puitosad v\u00e4rvituna 500\u20ac, k\u00e4rgkatus 100\u20ac, paigaldus 800\u20ac + kohales\u00f5it 0,7\u20ac\/km.<\/p>\n","protected":false},"featured_media":68855,"template":"","meta":{"_monsterinsights_skip_tracking":false,"_monsterinsights_sitenote_active":false,"_monsterinsights_sitenote_note":"","_monsterinsights_sitenote_category":0},"pwb-brand":[18577],"product_brand":[],"product_cat":[13558,13540,13594,13528],"product_tag":[13881,13938,13947,14332,14470,15566,13782],"class_list":{"0":"post-68867","1":"product","2":"type-product","3":"status-publish","4":"has-post-thumbnail","6":"pwb-brand-eesti","7":"product_cat-manguvaljakud","8":"product_cat-hooned-alekeskus","9":"product_cat-mangumajad","10":"product_cat-manguvaljakud-kiiged","11":"product_tag-liumagi","12":"product_tag-mangumaja","13":"product_tag-leikkimokki","14":"product_tag-play-set","15":"product_tag-liivakast","16":"product_tag-merlyn","17":"product_tag-manguvaljak","18":"product_shipping_class-30-300kg","19":"pa_garantii-2-aastat","20":"pa_kohaletoimetamine-veohind-mandri-eestis-alekeskus","21":"pa_laoasukoht-tartumaa","22":"pa_pindalam-15568","23":"pa_tellimisaeg-2-10-toopaeva","24":"pa_varv-viimistlemata","25":"pa_veame-eesti-ja-soome","27":"first","28":"instock","29":"taxable","30":"shipping-taxable","31":"purchasable","32":"product-type-simple"},"yoast_head":"<!-- This site is optimized with the Yoast SEO plugin v27.3 - https:\/\/yoast.com\/product\/yoast-seo-wordpress\/ -->\n<title>M\u00e4ngumaja-v\u00e4ljak Merlyn3 kiikede, lium\u00e4e ja liivakastiga - Alekeskus<\/title>\n<meta name=\"description\" content=\"M\u00e4nguv\u00e4ljak kiikede, lium\u00e4e ja liivakastiga.\" \/>\n<meta name=\"robots\" content=\"index, follow, max-snippet:-1, max-image-preview:large, max-video-preview:-1\" \/>\n<link rel=\"canonical\" href=\"https:\/\/alekeskus.eu\/toode\/mangumaja-valjak-merlyn3-kiikede-liumae-ja-liivakastiga\/\" \/>\n<meta property=\"og:locale\" content=\"et_EE\" \/>\n<meta property=\"og:type\" content=\"article\" \/>\n<meta property=\"og:title\" content=\"M\u00e4ngumaja-v\u00e4ljak Merlyn3 kiikede, lium\u00e4e ja liivakastiga - Alekeskus\" \/>\n<meta property=\"og:description\" content=\"M\u00e4nguv\u00e4ljak kiikede, lium\u00e4e ja liivakastiga.\" \/>\n<meta property=\"og:url\" content=\"https:\/\/alekeskus.eu\/toode\/mangumaja-valjak-merlyn3-kiikede-liumae-ja-liivakastiga\/\" \/>\n<meta property=\"og:site_name\" content=\"Alekeskus\" \/>\n<meta property=\"article:modified_time\" content=\"2025-04-04T14:47:24+00:00\" \/>\n<meta property=\"og:image\" content=\"https:\/\/alekeskus.eu\/wp-content\/uploads\/2021\/11\/894m-ngumaja-v-ljak-merlyn3-kiikede-lium-e-ja-liivakastiga-0.jpg\" \/>\n\t<meta property=\"og:image:width\" content=\"960\" \/>\n\t<meta property=\"og:image:height\" content=\"560\" \/>\n\t<meta property=\"og:image:type\" content=\"image\/jpeg\" \/>\n<meta name=\"twitter:card\" content=\"summary_large_image\" \/>\n<meta name=\"twitter:label1\" content=\"Est. reading time\" \/>\n\t<meta name=\"twitter:data1\" content=\"1 minut\" \/>\n<script type=\"application\/ld+json\" class=\"yoast-schema-graph\">{\"@context\":\"https:\\\/\\\/schema.org\",\"@graph\":[{\"@type\":\"WebPage\",\"@id\":\"https:\\\/\\\/alekeskus.eu\\\/toode\\\/mangumaja-valjak-merlyn3-kiikede-liumae-ja-liivakastiga\\\/\",\"url\":\"https:\\\/\\\/alekeskus.eu\\\/toode\\\/mangumaja-valjak-merlyn3-kiikede-liumae-ja-liivakastiga\\\/\",\"name\":\"M\u00e4ngumaja-v\u00e4ljak Merlyn3 kiikede, lium\u00e4e ja liivakastiga - Alekeskus\",\"isPartOf\":{\"@id\":\"https:\\\/\\\/alekeskus.eu\\\/#website\"},\"primaryImageOfPage\":{\"@id\":\"https:\\\/\\\/alekeskus.eu\\\/toode\\\/mangumaja-valjak-merlyn3-kiikede-liumae-ja-liivakastiga\\\/#primaryimage\"},\"image\":{\"@id\":\"https:\\\/\\\/alekeskus.eu\\\/toode\\\/mangumaja-valjak-merlyn3-kiikede-liumae-ja-liivakastiga\\\/#primaryimage\"},\"thumbnailUrl\":\"https:\\\/\\\/alekeskus.eu\\\/wp-content\\\/uploads\\\/2021\\\/11\\\/894m-ngumaja-v-ljak-merlyn3-kiikede-lium-e-ja-liivakastiga-0.jpg\",\"datePublished\":\"2023-11-11T22:53:53+00:00\",\"dateModified\":\"2025-04-04T14:47:24+00:00\",\"description\":\"M\u00e4nguv\u00e4ljak kiikede, lium\u00e4e ja liivakastiga.\",\"breadcrumb\":{\"@id\":\"https:\\\/\\\/alekeskus.eu\\\/toode\\\/mangumaja-valjak-merlyn3-kiikede-liumae-ja-liivakastiga\\\/#breadcrumb\"},\"inLanguage\":\"et\",\"potentialAction\":[{\"@type\":\"ReadAction\",\"target\":[\"https:\\\/\\\/alekeskus.eu\\\/toode\\\/mangumaja-valjak-merlyn3-kiikede-liumae-ja-liivakastiga\\\/\"]}]},{\"@type\":\"ImageObject\",\"inLanguage\":\"et\",\"@id\":\"https:\\\/\\\/alekeskus.eu\\\/toode\\\/mangumaja-valjak-merlyn3-kiikede-liumae-ja-liivakastiga\\\/#primaryimage\",\"url\":\"https:\\\/\\\/alekeskus.eu\\\/wp-content\\\/uploads\\\/2021\\\/11\\\/894m-ngumaja-v-ljak-merlyn3-kiikede-lium-e-ja-liivakastiga-0.jpg\",\"contentUrl\":\"https:\\\/\\\/alekeskus.eu\\\/wp-content\\\/uploads\\\/2021\\\/11\\\/894m-ngumaja-v-ljak-merlyn3-kiikede-lium-e-ja-liivakastiga-0.jpg\",\"width\":960,\"height\":560},{\"@type\":\"BreadcrumbList\",\"@id\":\"https:\\\/\\\/alekeskus.eu\\\/toode\\\/mangumaja-valjak-merlyn3-kiikede-liumae-ja-liivakastiga\\\/#breadcrumb\",\"itemListElement\":[{\"@type\":\"ListItem\",\"position\":1,\"name\":\"Avaleht\",\"item\":\"https:\\\/\\\/alekeskus.eu\\\/et\\\/\"},{\"@type\":\"ListItem\",\"position\":2,\"name\":\"Pood\",\"item\":\"https:\\\/\\\/alekeskus.eu\\\/pood\\\/\"},{\"@type\":\"ListItem\",\"position\":3,\"name\":\"M\u00e4ngumaja-v\u00e4ljak Merlyn3 kiikede, lium\u00e4e ja liivakastiga\"}]},{\"@type\":\"WebSite\",\"@id\":\"https:\\\/\\\/alekeskus.eu\\\/#website\",\"url\":\"https:\\\/\\\/alekeskus.eu\\\/\",\"name\":\"Alekeskus\",\"description\":\"Alekeskus.eu\",\"potentialAction\":[{\"@type\":\"SearchAction\",\"target\":{\"@type\":\"EntryPoint\",\"urlTemplate\":\"https:\\\/\\\/alekeskus.eu\\\/?s={search_term_string}\"},\"query-input\":{\"@type\":\"PropertyValueSpecification\",\"valueRequired\":true,\"valueName\":\"search_term_string\"}}],\"inLanguage\":\"et\"}]}<\/script>\n<!-- \/ Yoast SEO plugin. -->","yoast_head_json":{"title":"M\u00e4ngumaja-v\u00e4ljak Merlyn3 kiikede, lium\u00e4e ja liivakastiga - Alekeskus","description":"M\u00e4nguv\u00e4ljak kiikede, lium\u00e4e ja liivakastiga.","robots":{"index":"index","follow":"follow","max-snippet":"max-snippet:-1","max-image-preview":"max-image-preview:large","max-video-preview":"max-video-preview:-1"},"canonical":"https:\/\/alekeskus.eu\/toode\/mangumaja-valjak-merlyn3-kiikede-liumae-ja-liivakastiga\/","og_locale":"et_EE","og_type":"article","og_title":"M\u00e4ngumaja-v\u00e4ljak Merlyn3 kiikede, lium\u00e4e ja liivakastiga - Alekeskus","og_description":"M\u00e4nguv\u00e4ljak kiikede, lium\u00e4e ja liivakastiga.","og_url":"https:\/\/alekeskus.eu\/toode\/mangumaja-valjak-merlyn3-kiikede-liumae-ja-liivakastiga\/","og_site_name":"Alekeskus","article_modified_time":"2025-04-04T14:47:24+00:00","og_image":[{"width":960,"height":560,"url":"https:\/\/alekeskus.eu\/wp-content\/uploads\/2021\/11\/894m-ngumaja-v-ljak-merlyn3-kiikede-lium-e-ja-liivakastiga-0.jpg","type":"image\/jpeg"}],"twitter_card":"summary_large_image","twitter_misc":{"Est. reading time":"1 minut"},"schema":{"@context":"https:\/\/schema.org","@graph":[{"@type":"WebPage","@id":"https:\/\/alekeskus.eu\/toode\/mangumaja-valjak-merlyn3-kiikede-liumae-ja-liivakastiga\/","url":"https:\/\/alekeskus.eu\/toode\/mangumaja-valjak-merlyn3-kiikede-liumae-ja-liivakastiga\/","name":"M\u00e4ngumaja-v\u00e4ljak Merlyn3 kiikede, lium\u00e4e ja liivakastiga - Alekeskus","isPartOf":{"@id":"https:\/\/alekeskus.eu\/#website"},"primaryImageOfPage":{"@id":"https:\/\/alekeskus.eu\/toode\/mangumaja-valjak-merlyn3-kiikede-liumae-ja-liivakastiga\/#primaryimage"},"image":{"@id":"https:\/\/alekeskus.eu\/toode\/mangumaja-valjak-merlyn3-kiikede-liumae-ja-liivakastiga\/#primaryimage"},"thumbnailUrl":"https:\/\/alekeskus.eu\/wp-content\/uploads\/2021\/11\/894m-ngumaja-v-ljak-merlyn3-kiikede-lium-e-ja-liivakastiga-0.jpg","datePublished":"2023-11-11T22:53:53+00:00","dateModified":"2025-04-04T14:47:24+00:00","description":"M\u00e4nguv\u00e4ljak kiikede, lium\u00e4e ja liivakastiga.","breadcrumb":{"@id":"https:\/\/alekeskus.eu\/toode\/mangumaja-valjak-merlyn3-kiikede-liumae-ja-liivakastiga\/#breadcrumb"},"inLanguage":"et","potentialAction":[{"@type":"ReadAction","target":["https:\/\/alekeskus.eu\/toode\/mangumaja-valjak-merlyn3-kiikede-liumae-ja-liivakastiga\/"]}]},{"@type":"ImageObject","inLanguage":"et","@id":"https:\/\/alekeskus.eu\/toode\/mangumaja-valjak-merlyn3-kiikede-liumae-ja-liivakastiga\/#primaryimage","url":"https:\/\/alekeskus.eu\/wp-content\/uploads\/2021\/11\/894m-ngumaja-v-ljak-merlyn3-kiikede-lium-e-ja-liivakastiga-0.jpg","contentUrl":"https:\/\/alekeskus.eu\/wp-content\/uploads\/2021\/11\/894m-ngumaja-v-ljak-merlyn3-kiikede-lium-e-ja-liivakastiga-0.jpg","width":960,"height":560},{"@type":"BreadcrumbList","@id":"https:\/\/alekeskus.eu\/toode\/mangumaja-valjak-merlyn3-kiikede-liumae-ja-liivakastiga\/#breadcrumb","itemListElement":[{"@type":"ListItem","position":1,"name":"Avaleht","item":"https:\/\/alekeskus.eu\/et\/"},{"@type":"ListItem","position":2,"name":"Pood","item":"https:\/\/alekeskus.eu\/pood\/"},{"@type":"ListItem","position":3,"name":"M\u00e4ngumaja-v\u00e4ljak Merlyn3 kiikede, lium\u00e4e ja liivakastiga"}]},{"@type":"WebSite","@id":"https:\/\/alekeskus.eu\/#website","url":"https:\/\/alekeskus.eu\/","name":"Alekeskus","description":"Alekeskus.eu","potentialAction":[{"@type":"SearchAction","target":{"@type":"EntryPoint","urlTemplate":"https:\/\/alekeskus.eu\/?s={search_term_string}"},"query-input":{"@type":"PropertyValueSpecification","valueRequired":true,"valueName":"search_term_string"}}],"inLanguage":"et"}]}},"brands":[{"id":18577,"name":"Eesti","slug":"eesti"}],"_links":{"self":[{"href":"https:\/\/alekeskus.eu\/et\/wp-json\/wp\/v2\/product\/68867","targetHints":{"allow":["GET"]}}],"collection":[{"href":"https:\/\/alekeskus.eu\/et\/wp-json\/wp\/v2\/product"}],"about":[{"href":"https:\/\/alekeskus.eu\/et\/wp-json\/wp\/v2\/types\/product"}],"wp:featuredmedia":[{"embeddable":true,"href":"https:\/\/alekeskus.eu\/et\/wp-json\/wp\/v2\/media\/68855"}],"wp:attachment":[{"href":"https:\/\/alekeskus.eu\/et\/wp-json\/wp\/v2\/media?parent=68867"}],"wp:term":[{"taxonomy":"pwb-brand","embeddable":true,"href":"https:\/\/alekeskus.eu\/et\/wp-json\/wp\/v2\/pwb-brand?post=68867"},{"taxonomy":"product_brand","embeddable":true,"href":"https:\/\/alekeskus.eu\/et\/wp-json\/wp\/v2\/product_brand?post=68867"},{"taxonomy":"product_cat","embeddable":true,"href":"https:\/\/alekeskus.eu\/et\/wp-json\/wp\/v2\/product_cat?post=68867"},{"taxonomy":"product_tag","embeddable":true,"href":"https:\/\/alekeskus.eu\/et\/wp-json\/wp\/v2\/product_tag?post=68867"}],"curies":[{"name":"wp","href":"https:\/\/api.w.org\/{rel}","templated":true}]}}