{"id":68911,"date":"2023-05-11T22:54:07","date_gmt":"2023-05-11T22:54:07","guid":{"rendered":"http:\/\/alekeskus.eu\/product\/mangumaja-huck-33m%c2%b2\/"},"modified":"2023-12-11T11:40:57","modified_gmt":"2023-12-11T11:40:57","slug":"mangumaja-huck-33m%c2%b2","status":"publish","type":"product","link":"https:\/\/alekeskus.eu\/et\/toode\/mangumaja-huck-33m%c2%b2\/","title":{"rendered":"M\u00e4ngumaja Huck 3,3 m\u00b2"},"content":{"rendered":"<div class=\"pictogram qtip-additional-element\">\n<div class=\"description\">Pakend: 3,3&#215;1,2&#215;0,4 m ,\u00a0 355 kg<\/div>\n<\/div>\n<div class=\"pictogram qtip-additional-element\">\n<div><\/div>\n<div class=\"description\">Katuserullkate soovi korral lisahinnaga (vajadus 1 rull).<\/div>\n<\/div>\n<div class=\"pictogram qtip-additional-element\"><\/div>\n","protected":false},"excerpt":{"rendered":"<p>V\u00e4lism\u00f5\u00f5dud: <strong>180 x 203(271) cm<\/strong><\/p>\n<p><strong>TASUTA VEDU \u00dcLE EESTI(ka suursaartele)!<\/strong><\/p>\n<ul>\n<li>seinad valmis kilpidest 16 mm<\/li>\n<li>katuse pindala 5,6 m<sup>2<\/sup><\/li>\n<li>punniga p\u00f5randa- ja katuselauad 16 mm<\/li>\n<li>seina k\u00f5rgus 133 cm ja harja k\u00f5rgus 225 cm<\/li>\n<li>70 cm s\u00fcgav kaetud terrass, immutatud terrassilauad 16 mm<\/li>\n<li>pleksiklaasiga aknad 37 x 43 cm<\/li>\n<li>uks 51 x 124 cm<\/li>\n<li>kinnitusvahendid ja paigaldusohje<\/li>\n<li>katusekate ei sisaldu hinnas (tarve 1 rull)<\/li>\n<li>5-aastane tehase garantii<\/li>\n<li>Eesti toode<\/li>\n<li>FSC ja T\u00dcV sertifitseeritud toode<\/li>\n<li>m\u00e4ngumaja vastab Euroopa standarditele EN 71-1 ja EN 71-8<\/li>\n<\/ul>\n<p>K\u00fcsi ka paigaldust!<\/p>\n","protected":false},"featured_media":68905,"template":"","meta":{"_monsterinsights_skip_tracking":false,"_monsterinsights_sitenote_active":false,"_monsterinsights_sitenote_note":"","_monsterinsights_sitenote_category":0},"pwb-brand":[17744],"product_brand":[],"product_cat":[13540,13594],"product_tag":[13938,13947,15602,15603],"class_list":{"0":"post-68911","1":"product","2":"type-product","3":"status-publish","4":"has-post-thumbnail","6":"pwb-brand-palmako","7":"product_cat-hooned-alekeskus","8":"product_cat-mangumajad","9":"product_tag-mangumaja","10":"product_tag-leikkimokki","11":"product_tag-huck","12":"product_tag-manguonn","13":"product_shipping_class-tasuta-transport-kuni-300kg","14":"pa_garantii-5-aastat","15":"pa_kaalkg-15604","16":"pa_kohaletoimetamine-tasuta-ule-eesti-soome-alates-160e-alekeskus","17":"pa_laoasukoht-laane-virumaa-eesti","18":"pa_pakendimoodud-33x12x04m","19":"pa_pindalam-18144","20":"pa_seinapaksus-16-mm","21":"pa_tellimisaeg-2-10-toopaeva","22":"pa_varv-viimistlemata","23":"pa_veame-eesti-ja-soome","25":"first","26":"instock","27":"taxable","28":"shipping-taxable","29":"purchasable","30":"product-type-simple"},"yoast_head":"<!-- This site is optimized with the Yoast SEO plugin v27.3 - https:\/\/yoast.com\/product\/yoast-seo-wordpress\/ -->\n<title>M\u00e4ngumaja Huck 3,3 m\u00b2 - Alekeskus<\/title>\n<meta name=\"description\" content=\"puidust laste m\u00e4ngumaja\" \/>\n<meta name=\"robots\" content=\"index, follow, max-snippet:-1, max-image-preview:large, max-video-preview:-1\" \/>\n<link rel=\"canonical\" href=\"https:\/\/alekeskus.eu\/toode\/mangumaja-huck-33m\u00b2\/\" \/>\n<meta property=\"og:locale\" content=\"et_EE\" \/>\n<meta property=\"og:type\" content=\"article\" \/>\n<meta property=\"og:title\" content=\"M\u00e4ngumaja Huck 3,3 m\u00b2 - Alekeskus\" \/>\n<meta property=\"og:description\" content=\"puidust laste m\u00e4ngumaja\" \/>\n<meta property=\"og:url\" content=\"https:\/\/alekeskus.eu\/toode\/mangumaja-huck-33m\u00b2\/\" \/>\n<meta property=\"og:site_name\" content=\"Alekeskus\" \/>\n<meta property=\"article:modified_time\" content=\"2023-12-11T11:40:57+00:00\" \/>\n<meta property=\"og:image\" content=\"https:\/\/alekeskus.eu\/wp-content\/uploads\/2021\/11\/1054m-ngumaja-huck-3-3m-0.jpg\" \/>\n\t<meta property=\"og:image:width\" content=\"1400\" \/>\n\t<meta property=\"og:image:height\" content=\"992\" \/>\n\t<meta property=\"og:image:type\" content=\"image\/jpeg\" \/>\n<meta name=\"twitter:card\" content=\"summary_large_image\" \/>\n<meta name=\"twitter:label1\" content=\"Est. reading time\" \/>\n\t<meta name=\"twitter:data1\" content=\"1 minut\" \/>\n<script type=\"application\/ld+json\" class=\"yoast-schema-graph\">{\"@context\":\"https:\\\/\\\/schema.org\",\"@graph\":[{\"@type\":\"WebPage\",\"@id\":\"https:\\\/\\\/alekeskus.eu\\\/toode\\\/mangumaja-huck-33m%c2%b2\\\/\",\"url\":\"https:\\\/\\\/alekeskus.eu\\\/toode\\\/mangumaja-huck-33m%c2%b2\\\/\",\"name\":\"M\u00e4ngumaja Huck 3,3 m\u00b2 - Alekeskus\",\"isPartOf\":{\"@id\":\"https:\\\/\\\/alekeskus.eu\\\/#website\"},\"primaryImageOfPage\":{\"@id\":\"https:\\\/\\\/alekeskus.eu\\\/toode\\\/mangumaja-huck-33m%c2%b2\\\/#primaryimage\"},\"image\":{\"@id\":\"https:\\\/\\\/alekeskus.eu\\\/toode\\\/mangumaja-huck-33m%c2%b2\\\/#primaryimage\"},\"thumbnailUrl\":\"https:\\\/\\\/alekeskus.eu\\\/wp-content\\\/uploads\\\/2021\\\/11\\\/1054m-ngumaja-huck-3-3m-0.jpg\",\"datePublished\":\"2023-05-11T22:54:07+00:00\",\"dateModified\":\"2023-12-11T11:40:57+00:00\",\"description\":\"puidust laste m\u00e4ngumaja\",\"breadcrumb\":{\"@id\":\"https:\\\/\\\/alekeskus.eu\\\/toode\\\/mangumaja-huck-33m%c2%b2\\\/#breadcrumb\"},\"inLanguage\":\"et\",\"potentialAction\":[{\"@type\":\"ReadAction\",\"target\":[\"https:\\\/\\\/alekeskus.eu\\\/toode\\\/mangumaja-huck-33m%c2%b2\\\/\"]}]},{\"@type\":\"ImageObject\",\"inLanguage\":\"et\",\"@id\":\"https:\\\/\\\/alekeskus.eu\\\/toode\\\/mangumaja-huck-33m%c2%b2\\\/#primaryimage\",\"url\":\"https:\\\/\\\/alekeskus.eu\\\/wp-content\\\/uploads\\\/2021\\\/11\\\/1054m-ngumaja-huck-3-3m-0.jpg\",\"contentUrl\":\"https:\\\/\\\/alekeskus.eu\\\/wp-content\\\/uploads\\\/2021\\\/11\\\/1054m-ngumaja-huck-3-3m-0.jpg\",\"width\":1400,\"height\":992},{\"@type\":\"BreadcrumbList\",\"@id\":\"https:\\\/\\\/alekeskus.eu\\\/toode\\\/mangumaja-huck-33m%c2%b2\\\/#breadcrumb\",\"itemListElement\":[{\"@type\":\"ListItem\",\"position\":1,\"name\":\"Avaleht\",\"item\":\"https:\\\/\\\/alekeskus.eu\\\/et\\\/\"},{\"@type\":\"ListItem\",\"position\":2,\"name\":\"Pood\",\"item\":\"https:\\\/\\\/alekeskus.eu\\\/pood\\\/\"},{\"@type\":\"ListItem\",\"position\":3,\"name\":\"M\u00e4ngumaja Huck 3,3 m\u00b2\"}]},{\"@type\":\"WebSite\",\"@id\":\"https:\\\/\\\/alekeskus.eu\\\/#website\",\"url\":\"https:\\\/\\\/alekeskus.eu\\\/\",\"name\":\"Alekeskus\",\"description\":\"Alekeskus.eu\",\"potentialAction\":[{\"@type\":\"SearchAction\",\"target\":{\"@type\":\"EntryPoint\",\"urlTemplate\":\"https:\\\/\\\/alekeskus.eu\\\/?s={search_term_string}\"},\"query-input\":{\"@type\":\"PropertyValueSpecification\",\"valueRequired\":true,\"valueName\":\"search_term_string\"}}],\"inLanguage\":\"et\"}]}<\/script>\n<!-- \/ Yoast SEO plugin. -->","yoast_head_json":{"title":"M\u00e4ngumaja Huck 3,3 m\u00b2 - Alekeskus","description":"puidust laste m\u00e4ngumaja","robots":{"index":"index","follow":"follow","max-snippet":"max-snippet:-1","max-image-preview":"max-image-preview:large","max-video-preview":"max-video-preview:-1"},"canonical":"https:\/\/alekeskus.eu\/toode\/mangumaja-huck-33m\u00b2\/","og_locale":"et_EE","og_type":"article","og_title":"M\u00e4ngumaja Huck 3,3 m\u00b2 - Alekeskus","og_description":"puidust laste m\u00e4ngumaja","og_url":"https:\/\/alekeskus.eu\/toode\/mangumaja-huck-33m\u00b2\/","og_site_name":"Alekeskus","article_modified_time":"2023-12-11T11:40:57+00:00","og_image":[{"width":1400,"height":992,"url":"https:\/\/alekeskus.eu\/wp-content\/uploads\/2021\/11\/1054m-ngumaja-huck-3-3m-0.jpg","type":"image\/jpeg"}],"twitter_card":"summary_large_image","twitter_misc":{"Est. reading time":"1 minut"},"schema":{"@context":"https:\/\/schema.org","@graph":[{"@type":"WebPage","@id":"https:\/\/alekeskus.eu\/toode\/mangumaja-huck-33m%c2%b2\/","url":"https:\/\/alekeskus.eu\/toode\/mangumaja-huck-33m%c2%b2\/","name":"M\u00e4ngumaja Huck 3,3 m\u00b2 - Alekeskus","isPartOf":{"@id":"https:\/\/alekeskus.eu\/#website"},"primaryImageOfPage":{"@id":"https:\/\/alekeskus.eu\/toode\/mangumaja-huck-33m%c2%b2\/#primaryimage"},"image":{"@id":"https:\/\/alekeskus.eu\/toode\/mangumaja-huck-33m%c2%b2\/#primaryimage"},"thumbnailUrl":"https:\/\/alekeskus.eu\/wp-content\/uploads\/2021\/11\/1054m-ngumaja-huck-3-3m-0.jpg","datePublished":"2023-05-11T22:54:07+00:00","dateModified":"2023-12-11T11:40:57+00:00","description":"puidust laste m\u00e4ngumaja","breadcrumb":{"@id":"https:\/\/alekeskus.eu\/toode\/mangumaja-huck-33m%c2%b2\/#breadcrumb"},"inLanguage":"et","potentialAction":[{"@type":"ReadAction","target":["https:\/\/alekeskus.eu\/toode\/mangumaja-huck-33m%c2%b2\/"]}]},{"@type":"ImageObject","inLanguage":"et","@id":"https:\/\/alekeskus.eu\/toode\/mangumaja-huck-33m%c2%b2\/#primaryimage","url":"https:\/\/alekeskus.eu\/wp-content\/uploads\/2021\/11\/1054m-ngumaja-huck-3-3m-0.jpg","contentUrl":"https:\/\/alekeskus.eu\/wp-content\/uploads\/2021\/11\/1054m-ngumaja-huck-3-3m-0.jpg","width":1400,"height":992},{"@type":"BreadcrumbList","@id":"https:\/\/alekeskus.eu\/toode\/mangumaja-huck-33m%c2%b2\/#breadcrumb","itemListElement":[{"@type":"ListItem","position":1,"name":"Avaleht","item":"https:\/\/alekeskus.eu\/et\/"},{"@type":"ListItem","position":2,"name":"Pood","item":"https:\/\/alekeskus.eu\/pood\/"},{"@type":"ListItem","position":3,"name":"M\u00e4ngumaja Huck 3,3 m\u00b2"}]},{"@type":"WebSite","@id":"https:\/\/alekeskus.eu\/#website","url":"https:\/\/alekeskus.eu\/","name":"Alekeskus","description":"Alekeskus.eu","potentialAction":[{"@type":"SearchAction","target":{"@type":"EntryPoint","urlTemplate":"https:\/\/alekeskus.eu\/?s={search_term_string}"},"query-input":{"@type":"PropertyValueSpecification","valueRequired":true,"valueName":"search_term_string"}}],"inLanguage":"et"}]}},"brands":[{"id":17744,"name":"Palmako","slug":"palmako"}],"_links":{"self":[{"href":"https:\/\/alekeskus.eu\/et\/wp-json\/wp\/v2\/product\/68911","targetHints":{"allow":["GET"]}}],"collection":[{"href":"https:\/\/alekeskus.eu\/et\/wp-json\/wp\/v2\/product"}],"about":[{"href":"https:\/\/alekeskus.eu\/et\/wp-json\/wp\/v2\/types\/product"}],"wp:featuredmedia":[{"embeddable":true,"href":"https:\/\/alekeskus.eu\/et\/wp-json\/wp\/v2\/media\/68905"}],"wp:attachment":[{"href":"https:\/\/alekeskus.eu\/et\/wp-json\/wp\/v2\/media?parent=68911"}],"wp:term":[{"taxonomy":"pwb-brand","embeddable":true,"href":"https:\/\/alekeskus.eu\/et\/wp-json\/wp\/v2\/pwb-brand?post=68911"},{"taxonomy":"product_brand","embeddable":true,"href":"https:\/\/alekeskus.eu\/et\/wp-json\/wp\/v2\/product_brand?post=68911"},{"taxonomy":"product_cat","embeddable":true,"href":"https:\/\/alekeskus.eu\/et\/wp-json\/wp\/v2\/product_cat?post=68911"},{"taxonomy":"product_tag","embeddable":true,"href":"https:\/\/alekeskus.eu\/et\/wp-json\/wp\/v2\/product_tag?post=68911"}],"curies":[{"name":"wp","href":"https:\/\/api.w.org\/{rel}","templated":true}]}}