{"id":68919,"date":"2023-04-11T22:54:10","date_gmt":"2023-04-11T22:54:10","guid":{"rendered":"http:\/\/alekeskus.eu\/product\/mangumaja-stina-31m%c2%b2\/"},"modified":"2023-12-11T11:40:57","modified_gmt":"2023-12-11T11:40:57","slug":"mangumaja-stina-31m%c2%b2","status":"publish","type":"product","link":"https:\/\/alekeskus.eu\/et\/toode\/mangumaja-stina-31m%c2%b2\/","title":{"rendered":"M\u00e4ngumaja Stina 3,1 m\u00b2"},"content":{"rendered":"<div class=\"pictogram qtip-additional-element\">\n<div class=\"image\">\n<div class=\"pictogram qtip-additional-element\"><\/div>\n<div class=\"pictogram qtip-additional-element\">\n<div class=\"description\">Pakend:<\/div>\n<\/div>\n<div class=\"pictogram qtip-additional-element\">\n<div class=\"description\">2,6&#215;1,2&#215;0,4 m , kaal 283 kg<\/div>\n<\/div>\n<div class=\"pictogram qtip-additional-element\"><\/div>\n<\/div>\n<\/div>\n<div class=\"pictogram qtip-additional-element\">\n<div class=\"description\">Telli ka:<\/div>\n<div class=\"description\">&#8211; sindelkatusekate 3pk<\/div>\n<div class=\"description\">v\u00f5i<\/div>\n<div class=\"description\">&#8211; 1 rull bituumenkatusekatet<\/div>\n<\/div>\n","protected":false},"excerpt":{"rendered":"<p>V\u00e4lism\u00f5\u00f5dud: <strong>180 x 180(236) cm<\/strong><\/p>\n<p><strong>TASUTA VEDU(ka suursaartele)!<\/strong><\/p>\n<ul>\n<li>viimistlemata freespalgid 19 mm<\/li>\n<li>seina k\u00f5rgus 149 cm, harja k\u00f5rgus 193 cm<\/li>\n<li>immutatud terrassilauad 16 mm ja p\u00f5randakandurid 45 x 70 mm<\/li>\n<li>punniga katuse- ja p\u00f5randalauad 16 mm<\/li>\n<li>70 cm s\u00fcgav kaetud terrass<\/li>\n<li>katuse kalle 24\u00b0, katuse pindala 6,2 m<sup>2<\/sup><\/li>\n<li>sindelkatusekate soovi korral lisahinnaga (tarve 3 pakki)<\/li>\n<li>pleksiklaasiga aken 47 x 47 cm<\/li>\n<li>uks 70 x\u00a0 131 cm<\/li>\n<li>5 aastane tehase garantii<strong>\u00a0<\/strong><\/li>\n<li>ilmastikukindel pakend<\/li>\n<li>kinnitusvahendid ja paigaldusohje<\/li>\n<li>Eesti toode<\/li>\n<li>FSC ja T\u00dcV sertifitseeritud toode<\/li>\n<li>m\u00e4ngumaja vastab Euroopa standarditele EN 71-1 ja EN 71-8<\/li>\n<\/ul>\n","protected":false},"featured_media":68913,"template":"","meta":{"_monsterinsights_skip_tracking":false,"_monsterinsights_sitenote_active":false,"_monsterinsights_sitenote_note":"","_monsterinsights_sitenote_category":0},"pwb-brand":[17744],"product_brand":[],"product_cat":[13540,13594],"product_tag":[13938,13953,15596,15598,15606],"class_list":{"0":"post-68919","1":"product","2":"type-product","3":"status-publish","4":"has-post-thumbnail","6":"pwb-brand-palmako","7":"product_cat-hooned-alekeskus","8":"product_cat-mangumajad","9":"product_tag-mangumaja","10":"product_tag-mang","11":"product_tag-leikkimaja","12":"product_tag-laste-onn","13":"product_tag-stina","14":"product_shipping_class-tasuta-transport-kuni-300kg","15":"pa_garantii-5-aastat","16":"pa_kaalkg-15607","17":"pa_kohaletoimetamine-tasuta-ule-eesti-soome-alates-160e-alekeskus","18":"pa_laoasukoht-laane-virumaa-eesti","19":"pa_pakendimoodud-26x12x04-m","20":"pa_pindalam-14114","21":"pa_seinapaksus-18-mm","22":"pa_tellimisaeg-2-10-toopaeva","23":"pa_varv-viimistlemata","24":"pa_veame-eesti-ja-soome","26":"first","27":"instock","28":"taxable","29":"shipping-taxable","30":"purchasable","31":"product-type-simple"},"yoast_head":"<!-- This site is optimized with the Yoast SEO plugin v27.3 - https:\/\/yoast.com\/product\/yoast-seo-wordpress\/ -->\n<title>M\u00e4ngumaja Stina 3,1 m\u00b2 - Alekeskus<\/title>\n<meta name=\"description\" content=\"laste m\u00e4ngumaja\" \/>\n<meta name=\"robots\" content=\"index, follow, max-snippet:-1, max-image-preview:large, max-video-preview:-1\" \/>\n<link rel=\"canonical\" href=\"https:\/\/alekeskus.eu\/toode\/mangumaja-stina-31m\u00b2\/\" \/>\n<meta property=\"og:locale\" content=\"et_EE\" \/>\n<meta property=\"og:type\" content=\"article\" \/>\n<meta property=\"og:title\" content=\"M\u00e4ngumaja Stina 3,1 m\u00b2 - Alekeskus\" \/>\n<meta property=\"og:description\" content=\"laste m\u00e4ngumaja\" \/>\n<meta property=\"og:url\" content=\"https:\/\/alekeskus.eu\/toode\/mangumaja-stina-31m\u00b2\/\" \/>\n<meta property=\"og:site_name\" content=\"Alekeskus\" \/>\n<meta property=\"article:modified_time\" content=\"2023-12-11T11:40:57+00:00\" \/>\n<meta property=\"og:image\" content=\"https:\/\/alekeskus.eu\/wp-content\/uploads\/2021\/11\/1055m-ngumaja-stina-3-1m-0.jpg\" \/>\n\t<meta property=\"og:image:width\" content=\"1400\" \/>\n\t<meta property=\"og:image:height\" content=\"992\" \/>\n\t<meta property=\"og:image:type\" content=\"image\/jpeg\" \/>\n<meta name=\"twitter:card\" content=\"summary_large_image\" \/>\n<meta name=\"twitter:label1\" content=\"Est. reading time\" \/>\n\t<meta name=\"twitter:data1\" content=\"1 minut\" \/>\n<script type=\"application\/ld+json\" class=\"yoast-schema-graph\">{\"@context\":\"https:\\\/\\\/schema.org\",\"@graph\":[{\"@type\":\"WebPage\",\"@id\":\"https:\\\/\\\/alekeskus.eu\\\/toode\\\/mangumaja-stina-31m%c2%b2\\\/\",\"url\":\"https:\\\/\\\/alekeskus.eu\\\/toode\\\/mangumaja-stina-31m%c2%b2\\\/\",\"name\":\"M\u00e4ngumaja Stina 3,1 m\u00b2 - Alekeskus\",\"isPartOf\":{\"@id\":\"https:\\\/\\\/alekeskus.eu\\\/#website\"},\"primaryImageOfPage\":{\"@id\":\"https:\\\/\\\/alekeskus.eu\\\/toode\\\/mangumaja-stina-31m%c2%b2\\\/#primaryimage\"},\"image\":{\"@id\":\"https:\\\/\\\/alekeskus.eu\\\/toode\\\/mangumaja-stina-31m%c2%b2\\\/#primaryimage\"},\"thumbnailUrl\":\"https:\\\/\\\/alekeskus.eu\\\/wp-content\\\/uploads\\\/2021\\\/11\\\/1055m-ngumaja-stina-3-1m-0.jpg\",\"datePublished\":\"2023-04-11T22:54:10+00:00\",\"dateModified\":\"2023-12-11T11:40:57+00:00\",\"description\":\"laste m\u00e4ngumaja\",\"breadcrumb\":{\"@id\":\"https:\\\/\\\/alekeskus.eu\\\/toode\\\/mangumaja-stina-31m%c2%b2\\\/#breadcrumb\"},\"inLanguage\":\"et\",\"potentialAction\":[{\"@type\":\"ReadAction\",\"target\":[\"https:\\\/\\\/alekeskus.eu\\\/toode\\\/mangumaja-stina-31m%c2%b2\\\/\"]}]},{\"@type\":\"ImageObject\",\"inLanguage\":\"et\",\"@id\":\"https:\\\/\\\/alekeskus.eu\\\/toode\\\/mangumaja-stina-31m%c2%b2\\\/#primaryimage\",\"url\":\"https:\\\/\\\/alekeskus.eu\\\/wp-content\\\/uploads\\\/2021\\\/11\\\/1055m-ngumaja-stina-3-1m-0.jpg\",\"contentUrl\":\"https:\\\/\\\/alekeskus.eu\\\/wp-content\\\/uploads\\\/2021\\\/11\\\/1055m-ngumaja-stina-3-1m-0.jpg\",\"width\":1400,\"height\":992},{\"@type\":\"BreadcrumbList\",\"@id\":\"https:\\\/\\\/alekeskus.eu\\\/toode\\\/mangumaja-stina-31m%c2%b2\\\/#breadcrumb\",\"itemListElement\":[{\"@type\":\"ListItem\",\"position\":1,\"name\":\"Avaleht\",\"item\":\"https:\\\/\\\/alekeskus.eu\\\/et\\\/\"},{\"@type\":\"ListItem\",\"position\":2,\"name\":\"Pood\",\"item\":\"https:\\\/\\\/alekeskus.eu\\\/pood\\\/\"},{\"@type\":\"ListItem\",\"position\":3,\"name\":\"M\u00e4ngumaja Stina 3,1 m\u00b2\"}]},{\"@type\":\"WebSite\",\"@id\":\"https:\\\/\\\/alekeskus.eu\\\/#website\",\"url\":\"https:\\\/\\\/alekeskus.eu\\\/\",\"name\":\"Alekeskus\",\"description\":\"Alekeskus.eu\",\"potentialAction\":[{\"@type\":\"SearchAction\",\"target\":{\"@type\":\"EntryPoint\",\"urlTemplate\":\"https:\\\/\\\/alekeskus.eu\\\/?s={search_term_string}\"},\"query-input\":{\"@type\":\"PropertyValueSpecification\",\"valueRequired\":true,\"valueName\":\"search_term_string\"}}],\"inLanguage\":\"et\"}]}<\/script>\n<!-- \/ Yoast SEO plugin. -->","yoast_head_json":{"title":"M\u00e4ngumaja Stina 3,1 m\u00b2 - Alekeskus","description":"laste m\u00e4ngumaja","robots":{"index":"index","follow":"follow","max-snippet":"max-snippet:-1","max-image-preview":"max-image-preview:large","max-video-preview":"max-video-preview:-1"},"canonical":"https:\/\/alekeskus.eu\/toode\/mangumaja-stina-31m\u00b2\/","og_locale":"et_EE","og_type":"article","og_title":"M\u00e4ngumaja Stina 3,1 m\u00b2 - Alekeskus","og_description":"laste m\u00e4ngumaja","og_url":"https:\/\/alekeskus.eu\/toode\/mangumaja-stina-31m\u00b2\/","og_site_name":"Alekeskus","article_modified_time":"2023-12-11T11:40:57+00:00","og_image":[{"width":1400,"height":992,"url":"https:\/\/alekeskus.eu\/wp-content\/uploads\/2021\/11\/1055m-ngumaja-stina-3-1m-0.jpg","type":"image\/jpeg"}],"twitter_card":"summary_large_image","twitter_misc":{"Est. reading time":"1 minut"},"schema":{"@context":"https:\/\/schema.org","@graph":[{"@type":"WebPage","@id":"https:\/\/alekeskus.eu\/toode\/mangumaja-stina-31m%c2%b2\/","url":"https:\/\/alekeskus.eu\/toode\/mangumaja-stina-31m%c2%b2\/","name":"M\u00e4ngumaja Stina 3,1 m\u00b2 - Alekeskus","isPartOf":{"@id":"https:\/\/alekeskus.eu\/#website"},"primaryImageOfPage":{"@id":"https:\/\/alekeskus.eu\/toode\/mangumaja-stina-31m%c2%b2\/#primaryimage"},"image":{"@id":"https:\/\/alekeskus.eu\/toode\/mangumaja-stina-31m%c2%b2\/#primaryimage"},"thumbnailUrl":"https:\/\/alekeskus.eu\/wp-content\/uploads\/2021\/11\/1055m-ngumaja-stina-3-1m-0.jpg","datePublished":"2023-04-11T22:54:10+00:00","dateModified":"2023-12-11T11:40:57+00:00","description":"laste m\u00e4ngumaja","breadcrumb":{"@id":"https:\/\/alekeskus.eu\/toode\/mangumaja-stina-31m%c2%b2\/#breadcrumb"},"inLanguage":"et","potentialAction":[{"@type":"ReadAction","target":["https:\/\/alekeskus.eu\/toode\/mangumaja-stina-31m%c2%b2\/"]}]},{"@type":"ImageObject","inLanguage":"et","@id":"https:\/\/alekeskus.eu\/toode\/mangumaja-stina-31m%c2%b2\/#primaryimage","url":"https:\/\/alekeskus.eu\/wp-content\/uploads\/2021\/11\/1055m-ngumaja-stina-3-1m-0.jpg","contentUrl":"https:\/\/alekeskus.eu\/wp-content\/uploads\/2021\/11\/1055m-ngumaja-stina-3-1m-0.jpg","width":1400,"height":992},{"@type":"BreadcrumbList","@id":"https:\/\/alekeskus.eu\/toode\/mangumaja-stina-31m%c2%b2\/#breadcrumb","itemListElement":[{"@type":"ListItem","position":1,"name":"Avaleht","item":"https:\/\/alekeskus.eu\/et\/"},{"@type":"ListItem","position":2,"name":"Pood","item":"https:\/\/alekeskus.eu\/pood\/"},{"@type":"ListItem","position":3,"name":"M\u00e4ngumaja Stina 3,1 m\u00b2"}]},{"@type":"WebSite","@id":"https:\/\/alekeskus.eu\/#website","url":"https:\/\/alekeskus.eu\/","name":"Alekeskus","description":"Alekeskus.eu","potentialAction":[{"@type":"SearchAction","target":{"@type":"EntryPoint","urlTemplate":"https:\/\/alekeskus.eu\/?s={search_term_string}"},"query-input":{"@type":"PropertyValueSpecification","valueRequired":true,"valueName":"search_term_string"}}],"inLanguage":"et"}]}},"brands":[{"id":17744,"name":"Palmako","slug":"palmako"}],"_links":{"self":[{"href":"https:\/\/alekeskus.eu\/et\/wp-json\/wp\/v2\/product\/68919","targetHints":{"allow":["GET"]}}],"collection":[{"href":"https:\/\/alekeskus.eu\/et\/wp-json\/wp\/v2\/product"}],"about":[{"href":"https:\/\/alekeskus.eu\/et\/wp-json\/wp\/v2\/types\/product"}],"wp:featuredmedia":[{"embeddable":true,"href":"https:\/\/alekeskus.eu\/et\/wp-json\/wp\/v2\/media\/68913"}],"wp:attachment":[{"href":"https:\/\/alekeskus.eu\/et\/wp-json\/wp\/v2\/media?parent=68919"}],"wp:term":[{"taxonomy":"pwb-brand","embeddable":true,"href":"https:\/\/alekeskus.eu\/et\/wp-json\/wp\/v2\/pwb-brand?post=68919"},{"taxonomy":"product_brand","embeddable":true,"href":"https:\/\/alekeskus.eu\/et\/wp-json\/wp\/v2\/product_brand?post=68919"},{"taxonomy":"product_cat","embeddable":true,"href":"https:\/\/alekeskus.eu\/et\/wp-json\/wp\/v2\/product_cat?post=68919"},{"taxonomy":"product_tag","embeddable":true,"href":"https:\/\/alekeskus.eu\/et\/wp-json\/wp\/v2\/product_tag?post=68919"}],"curies":[{"name":"wp","href":"https:\/\/api.w.org\/{rel}","templated":true}]}}