{"id":69151,"date":"2024-08-11T22:56:06","date_gmt":"2024-08-11T22:56:06","guid":{"rendered":"http:\/\/alekeskus.eu\/product\/lehtla-betty-99m%c2%b2\/"},"modified":"2025-12-05T17:08:28","modified_gmt":"2025-12-05T17:08:28","slug":"lehtla-bett99m-alekeskus","status":"publish","type":"product","link":"https:\/\/alekeskus.eu\/et\/toode\/lehtla-bett99m-alekeskus\/","title":{"rendered":"Aiapaviljon-lehtla Bett 9,9 m\u00b2"},"content":{"rendered":"<p><strong>Telli juurde:<\/strong><\/p>\n<ul>\n<li><strong>9 pk bituumensindlit\u00a0<\/strong><\/li>\n<li><strong>s\u00fcgavimmutatud terrassilauad ja immutatud kandurid<\/strong><\/li>\n<li><strong>puidukaitsevahendisse kastmine: pruun, hall, valge<\/strong><\/li>\n<li><strong>valge v\u00e4rviga<\/strong><\/li>\n<\/ul>\n<div class=\"pictogram qtip-additional-element\">\n<div class=\"description\">Pakend: 2,6&#215;1,2&#215;0,7 m, kaal 700 kg<\/div>\n<div>Paigaldusohje: <a href=\"https:\/\/alekeskus.eu\/wp-content\/uploads\/2022\/08\/Betty99ohje.pdf\">Betty9,9ohje<\/a><\/div>\n<\/div>\n<div class=\"pictogram qtip-additional-element\"><\/div>\n","protected":false},"excerpt":{"rendered":"<p>L\u00e4bim\u00f5\u00f5t: <strong>337 cm<\/strong>.<strong>\u00a0<\/strong><\/p>\n<p><strong>TASUTA VEDU JA MAHALAADIMINE(ka suursaartel)!<\/strong><\/p>\n<p>Aiapaviljon Bett pakub silmailu, kaitset vihma ja varju p\u00e4ikese eest.<\/p>\n<ul>\n<li>6 liimpuidust posti 120 x 120 mm ja terastoed 120 x 120 x 60 mm<\/li>\n<li>harja k\u00f5rgus 313 cm ja r\u00e4\u00e4sta k\u00f5rgus 204 cm<\/li>\n<li>plekist tipum\u00fcts, punniga katuselaudis 19 mm<\/li>\n<li>katuse pindala 17 m\u00b2 ja kalle 25\u00ba, r\u00e4\u00e4stas 43 cm<\/li>\n<li>katusekate ei sisaldu hinnas(tarve 9 pakki bituumensindelkatet)<\/li>\n<li>s\u00fcgavimmutatud terrassilauad 28 x 120 mm, immutatud p\u00f5randatalad 45 x 70 mm kruvidega lisahinnaga +700\u20ac<\/li>\n<li>tellitav puidukaitsevahendisse kastetuna +500\u20ac (pruun, hall v\u00f5i valkjas)<strong><img decoding=\"async\" class=\"\" src=\"https:\/\/www.palmako.ee\/sites\/default\/files\/styles\/product_list_item\/public\/2020-06\/BNDIP.jpg?itok=_LQkkeHM\" width=\"66\" height=\"66\" \/><img decoding=\"async\" class=\"\" src=\"https:\/\/www.palmako.ee\/sites\/default\/files\/styles\/product_list_item\/public\/2020-06\/GYDIP.jpg?itok=RrYf7KTV\" width=\"66\" height=\"66\" \/><img decoding=\"async\" class=\"\" src=\"https:\/\/www.palmako.ee\/sites\/default\/files\/styles\/product_list_item\/public\/2020-06\/WTDIP.jpg?itok=D9U46coI\" width=\"67\" height=\"67\" \/> <\/strong>v\u00f5i valge v\u00e4rviga +1000\u20ac (tellimisaeg 2-4 n\u00e4dalat pikem)<\/li>\n<li>5-aastane tehase garantii<\/li>\n<li>kinnitusvahendid ja koostejuhend<\/li>\n<li>Eesti toode<\/li>\n<li>vihmakindel pakend<\/li>\n<\/ul>\n<p>K\u00fcsi ka paigaldust!<\/p>\n","protected":false},"featured_media":94069,"template":"","meta":{"_monsterinsights_skip_tracking":false,"_monsterinsights_sitenote_active":false,"_monsterinsights_sitenote_note":"","_monsterinsights_sitenote_category":0},"pwb-brand":[18577],"product_brand":[],"product_cat":[17182,13540,13596],"product_tag":[13864,18309,13983,18319,13994,14666,18342,15264,13848,15277,13850,15657,13851],"class_list":{"0":"post-69151","1":"product","2":"type-product","3":"status-publish","4":"has-post-thumbnail","6":"pwb-brand-eesti","7":"product_cat-suvekoogid-alekeskus","8":"product_cat-hooned-alekeskus","9":"product_cat-varjualused-talveaiad-alekeskus","10":"product_tag-huvimaja","11":"product_tag-palmako-huvimaja","12":"product_tag-piharakennus","13":"product_tag-palmako-katos","14":"product_tag-katos","15":"product_tag-pergola","16":"product_tag-palmako-betty-2","17":"product_tag-grillikatos","18":"product_tag-lehtla","19":"product_tag-aiapaviljon","20":"product_tag-paviljonki","21":"product_tag-betty","22":"product_tag-gazebo","23":"product_shipping_class-tasuta-transport-kuni-1000kg","24":"pa_garantii-5-aastat","25":"pa_kohaletoimetamine-eestis-tasuta-alekeskus","26":"pa_laoasukoht-tartumaa","27":"pa_pindalam-15660","28":"pa_seinapaksus-120-mm","29":"pa_tellimisaeg-tilausaika-alekeskus","30":"pa_valilisad-porandalauad-kaasa","31":"pa_valilisad-ilma-porandata","32":"pa_varv-hallikas-puidukaitse","33":"pa_varv-valkjas-puidukaitse","34":"pa_varv-valge","35":"pa_varv-viimistlemata","36":"pa_varv-pruunikas-puidukaitse","37":"pa_veame-eesti-ja-soome","39":"first","40":"instock","41":"taxable","42":"shipping-taxable","43":"purchasable","44":"product-type-variable","45":"has-default-attributes"},"yoast_head":"<!-- This site is optimized with the Yoast SEO plugin v27.3 - https:\/\/yoast.com\/product\/yoast-seo-wordpress\/ -->\n<title>Aiapaviljon-lehtla Bett 9,9 m\u00b2 - Alekeskus<\/title>\n<meta name=\"description\" content=\"Liimpuidust postidel aiapaviljon Bett pakub kaitset vihma ja varju p\u00e4ikese eest.\" \/>\n<meta name=\"robots\" content=\"index, follow, max-snippet:-1, max-image-preview:large, max-video-preview:-1\" \/>\n<link rel=\"canonical\" href=\"https:\/\/alekeskus.eu\/et\/toode\/lehtla-bett99m-alekeskus\/\" \/>\n<meta property=\"og:locale\" content=\"et_EE\" \/>\n<meta property=\"og:type\" content=\"article\" \/>\n<meta property=\"og:title\" content=\"Aiapaviljon-lehtla Bett 9,9 m\u00b2 - Alekeskus\" \/>\n<meta property=\"og:description\" content=\"Liimpuidust postidel aiapaviljon Bett pakub kaitset vihma ja varju p\u00e4ikese eest.\" \/>\n<meta property=\"og:url\" content=\"https:\/\/alekeskus.eu\/et\/toode\/lehtla-bett99m-alekeskus\/\" \/>\n<meta property=\"og:site_name\" content=\"Alekeskus\" \/>\n<meta property=\"article:modified_time\" content=\"2025-12-05T17:08:28+00:00\" \/>\n<meta property=\"og:image\" content=\"https:\/\/alekeskus.eu\/wp-content\/uploads\/2024\/08\/Betty_9.9_NATURAL_wb2025.jpg\" \/>\n\t<meta property=\"og:image:width\" content=\"2500\" \/>\n\t<meta property=\"og:image:height\" content=\"1875\" \/>\n\t<meta property=\"og:image:type\" content=\"image\/jpeg\" \/>\n<meta name=\"twitter:card\" content=\"summary_large_image\" \/>\n<meta name=\"twitter:label1\" content=\"Est. reading time\" \/>\n\t<meta name=\"twitter:data1\" content=\"1 minut\" \/>\n<script type=\"application\/ld+json\" class=\"yoast-schema-graph\">{\"@context\":\"https:\\\/\\\/schema.org\",\"@graph\":[{\"@type\":\"WebPage\",\"@id\":\"https:\\\/\\\/alekeskus.eu\\\/et\\\/toode\\\/lehtla-bett99m-alekeskus\\\/\",\"url\":\"https:\\\/\\\/alekeskus.eu\\\/et\\\/toode\\\/lehtla-bett99m-alekeskus\\\/\",\"name\":\"Aiapaviljon-lehtla Bett 9,9 m\u00b2 - Alekeskus\",\"isPartOf\":{\"@id\":\"https:\\\/\\\/alekeskus.eu\\\/#website\"},\"primaryImageOfPage\":{\"@id\":\"https:\\\/\\\/alekeskus.eu\\\/et\\\/toode\\\/lehtla-bett99m-alekeskus\\\/#primaryimage\"},\"image\":{\"@id\":\"https:\\\/\\\/alekeskus.eu\\\/et\\\/toode\\\/lehtla-bett99m-alekeskus\\\/#primaryimage\"},\"thumbnailUrl\":\"https:\\\/\\\/alekeskus.eu\\\/wp-content\\\/uploads\\\/2024\\\/08\\\/Betty_9.9_NATURAL_wb2025.jpg\",\"datePublished\":\"2024-08-11T22:56:06+00:00\",\"dateModified\":\"2025-12-05T17:08:28+00:00\",\"description\":\"Liimpuidust postidel aiapaviljon Bett pakub kaitset vihma ja varju p\u00e4ikese eest.\",\"breadcrumb\":{\"@id\":\"https:\\\/\\\/alekeskus.eu\\\/et\\\/toode\\\/lehtla-bett99m-alekeskus\\\/#breadcrumb\"},\"inLanguage\":\"et\",\"potentialAction\":[{\"@type\":\"ReadAction\",\"target\":[\"https:\\\/\\\/alekeskus.eu\\\/et\\\/toode\\\/lehtla-bett99m-alekeskus\\\/\"]}]},{\"@type\":\"ImageObject\",\"inLanguage\":\"et\",\"@id\":\"https:\\\/\\\/alekeskus.eu\\\/et\\\/toode\\\/lehtla-bett99m-alekeskus\\\/#primaryimage\",\"url\":\"https:\\\/\\\/alekeskus.eu\\\/wp-content\\\/uploads\\\/2024\\\/08\\\/Betty_9.9_NATURAL_wb2025.jpg\",\"contentUrl\":\"https:\\\/\\\/alekeskus.eu\\\/wp-content\\\/uploads\\\/2024\\\/08\\\/Betty_9.9_NATURAL_wb2025.jpg\",\"width\":1600,\"height\":1200},{\"@type\":\"BreadcrumbList\",\"@id\":\"https:\\\/\\\/alekeskus.eu\\\/et\\\/toode\\\/lehtla-bett99m-alekeskus\\\/#breadcrumb\",\"itemListElement\":[{\"@type\":\"ListItem\",\"position\":1,\"name\":\"Avaleht\",\"item\":\"https:\\\/\\\/alekeskus.eu\\\/et\\\/\"},{\"@type\":\"ListItem\",\"position\":2,\"name\":\"Pood\",\"item\":\"https:\\\/\\\/alekeskus.eu\\\/pood\\\/\"},{\"@type\":\"ListItem\",\"position\":3,\"name\":\"Aiapaviljon-lehtla Bett 9,9 m\u00b2\"}]},{\"@type\":\"WebSite\",\"@id\":\"https:\\\/\\\/alekeskus.eu\\\/#website\",\"url\":\"https:\\\/\\\/alekeskus.eu\\\/\",\"name\":\"Alekeskus\",\"description\":\"Alekeskus.eu\",\"potentialAction\":[{\"@type\":\"SearchAction\",\"target\":{\"@type\":\"EntryPoint\",\"urlTemplate\":\"https:\\\/\\\/alekeskus.eu\\\/?s={search_term_string}\"},\"query-input\":{\"@type\":\"PropertyValueSpecification\",\"valueRequired\":true,\"valueName\":\"search_term_string\"}}],\"inLanguage\":\"et\"}]}<\/script>\n<!-- \/ Yoast SEO plugin. -->","yoast_head_json":{"title":"Aiapaviljon-lehtla Bett 9,9 m\u00b2 - Alekeskus","description":"Liimpuidust postidel aiapaviljon Bett pakub kaitset vihma ja varju p\u00e4ikese eest.","robots":{"index":"index","follow":"follow","max-snippet":"max-snippet:-1","max-image-preview":"max-image-preview:large","max-video-preview":"max-video-preview:-1"},"canonical":"https:\/\/alekeskus.eu\/et\/toode\/lehtla-bett99m-alekeskus\/","og_locale":"et_EE","og_type":"article","og_title":"Aiapaviljon-lehtla Bett 9,9 m\u00b2 - Alekeskus","og_description":"Liimpuidust postidel aiapaviljon Bett pakub kaitset vihma ja varju p\u00e4ikese eest.","og_url":"https:\/\/alekeskus.eu\/et\/toode\/lehtla-bett99m-alekeskus\/","og_site_name":"Alekeskus","article_modified_time":"2025-12-05T17:08:28+00:00","og_image":[{"width":2500,"height":1875,"url":"https:\/\/alekeskus.eu\/wp-content\/uploads\/2024\/08\/Betty_9.9_NATURAL_wb2025.jpg","type":"image\/jpeg"}],"twitter_card":"summary_large_image","twitter_misc":{"Est. reading time":"1 minut"},"schema":{"@context":"https:\/\/schema.org","@graph":[{"@type":"WebPage","@id":"https:\/\/alekeskus.eu\/et\/toode\/lehtla-bett99m-alekeskus\/","url":"https:\/\/alekeskus.eu\/et\/toode\/lehtla-bett99m-alekeskus\/","name":"Aiapaviljon-lehtla Bett 9,9 m\u00b2 - Alekeskus","isPartOf":{"@id":"https:\/\/alekeskus.eu\/#website"},"primaryImageOfPage":{"@id":"https:\/\/alekeskus.eu\/et\/toode\/lehtla-bett99m-alekeskus\/#primaryimage"},"image":{"@id":"https:\/\/alekeskus.eu\/et\/toode\/lehtla-bett99m-alekeskus\/#primaryimage"},"thumbnailUrl":"https:\/\/alekeskus.eu\/wp-content\/uploads\/2024\/08\/Betty_9.9_NATURAL_wb2025.jpg","datePublished":"2024-08-11T22:56:06+00:00","dateModified":"2025-12-05T17:08:28+00:00","description":"Liimpuidust postidel aiapaviljon Bett pakub kaitset vihma ja varju p\u00e4ikese eest.","breadcrumb":{"@id":"https:\/\/alekeskus.eu\/et\/toode\/lehtla-bett99m-alekeskus\/#breadcrumb"},"inLanguage":"et","potentialAction":[{"@type":"ReadAction","target":["https:\/\/alekeskus.eu\/et\/toode\/lehtla-bett99m-alekeskus\/"]}]},{"@type":"ImageObject","inLanguage":"et","@id":"https:\/\/alekeskus.eu\/et\/toode\/lehtla-bett99m-alekeskus\/#primaryimage","url":"https:\/\/alekeskus.eu\/wp-content\/uploads\/2024\/08\/Betty_9.9_NATURAL_wb2025.jpg","contentUrl":"https:\/\/alekeskus.eu\/wp-content\/uploads\/2024\/08\/Betty_9.9_NATURAL_wb2025.jpg","width":1600,"height":1200},{"@type":"BreadcrumbList","@id":"https:\/\/alekeskus.eu\/et\/toode\/lehtla-bett99m-alekeskus\/#breadcrumb","itemListElement":[{"@type":"ListItem","position":1,"name":"Avaleht","item":"https:\/\/alekeskus.eu\/et\/"},{"@type":"ListItem","position":2,"name":"Pood","item":"https:\/\/alekeskus.eu\/pood\/"},{"@type":"ListItem","position":3,"name":"Aiapaviljon-lehtla Bett 9,9 m\u00b2"}]},{"@type":"WebSite","@id":"https:\/\/alekeskus.eu\/#website","url":"https:\/\/alekeskus.eu\/","name":"Alekeskus","description":"Alekeskus.eu","potentialAction":[{"@type":"SearchAction","target":{"@type":"EntryPoint","urlTemplate":"https:\/\/alekeskus.eu\/?s={search_term_string}"},"query-input":{"@type":"PropertyValueSpecification","valueRequired":true,"valueName":"search_term_string"}}],"inLanguage":"et"}]}},"brands":[{"id":18577,"name":"Eesti","slug":"eesti"}],"_links":{"self":[{"href":"https:\/\/alekeskus.eu\/et\/wp-json\/wp\/v2\/product\/69151","targetHints":{"allow":["GET"]}}],"collection":[{"href":"https:\/\/alekeskus.eu\/et\/wp-json\/wp\/v2\/product"}],"about":[{"href":"https:\/\/alekeskus.eu\/et\/wp-json\/wp\/v2\/types\/product"}],"wp:featuredmedia":[{"embeddable":true,"href":"https:\/\/alekeskus.eu\/et\/wp-json\/wp\/v2\/media\/94069"}],"wp:attachment":[{"href":"https:\/\/alekeskus.eu\/et\/wp-json\/wp\/v2\/media?parent=69151"}],"wp:term":[{"taxonomy":"pwb-brand","embeddable":true,"href":"https:\/\/alekeskus.eu\/et\/wp-json\/wp\/v2\/pwb-brand?post=69151"},{"taxonomy":"product_brand","embeddable":true,"href":"https:\/\/alekeskus.eu\/et\/wp-json\/wp\/v2\/product_brand?post=69151"},{"taxonomy":"product_cat","embeddable":true,"href":"https:\/\/alekeskus.eu\/et\/wp-json\/wp\/v2\/product_cat?post=69151"},{"taxonomy":"product_tag","embeddable":true,"href":"https:\/\/alekeskus.eu\/et\/wp-json\/wp\/v2\/product_tag?post=69151"}],"curies":[{"name":"wp","href":"https:\/\/api.w.org\/{rel}","templated":true}]}}