{"id":69205,"date":"2025-09-11T22:56:29","date_gmt":"2025-09-11T22:56:29","guid":{"rendered":"http:\/\/alekeskus.eu\/product\/lehtla-betty-18m%c2%b2\/"},"modified":"2025-12-05T17:20:13","modified_gmt":"2025-12-05T17:20:13","slug":"lehtla-bett18m-alekeskus","status":"publish","type":"product","link":"https:\/\/alekeskus.eu\/et\/toode\/lehtla-bett18m-alekeskus\/","title":{"rendered":"Lehtla &#8211; aiapaviljon Bett 18 m\u00b2"},"content":{"rendered":"<p><strong>Telli juurde:<\/strong><\/p>\n<ul>\n<li><strong>14 pk bituumensindlit<\/strong><\/li>\n<li><strong>terrassilauad ja immutatud alusprussid\u00a0<\/strong><\/li>\n<li><strong>puidukaitsevahendisse kastmine : pruun, hall, valge<\/strong><\/li>\n<li><strong>valge v\u00e4rviga<\/strong><\/li>\n<\/ul>\n<div class=\"pictogram qtip-additional-element\">\n<div class=\"description\">Pakend: 3,2&#215;1,2&#215;0,9 m, kaal 1050 kg<\/div>\n<div>Paigaldusohje: <a href=\"https:\/\/alekeskus.eu\/wp-content\/uploads\/2022\/11\/Betty18.0ohje.pdf\">Betty18.0ohje<\/a><\/div>\n<\/div>\n<div class=\"pictogram qtip-additional-element\"><\/div>\n","protected":false},"excerpt":{"rendered":"<p>L\u00e4bim\u00f5\u00f5t: <strong>465 cm<\/strong>.<\/p>\n<p>Lehtla Bett pikendab v\u00e4rskes \u00f5hus ajaveetmise aega.<\/p>\n<p><strong>TASUTA VEDU JA MAHALAADIMINE(ka suursaartel)!<\/strong><\/p>\n<ul>\n<li>8 liimpuidust posti 120 x 120 mm ja terastoed 120 x 120 x 60 mm<\/li>\n<li>harja k\u00f5rgus 346 cm ja seina k\u00f5rgus 207 cm<\/li>\n<li>plekist tipum\u00fcts, punniga katuselaudis 19 mm<\/li>\n<li>katuse pindala 27 m\u00b2 ja kalle 25\u00ba, r\u00e4\u00e4stas 43 cm<\/li>\n<li>katusekate ei sisaldu hinnas(tarve 14 pakki bituumensindlit)<\/li>\n<li>immutatud terrassilauad 28 x 120 mm, immutatud p\u00f5randatalad 45 x 70 mm ja kruvid lisahinnaga +1000\u20ac<\/li>\n<li>tellitav puidukaitsevahendisse kastetuna +1000\u20ac (pruun, hall v\u00f5i valkjas)<strong>\u00a0<img decoding=\"async\" class=\"\" src=\"https:\/\/www.palmako.ee\/sites\/default\/files\/styles\/product_list_item\/public\/2020-06\/BNDIP.jpg?itok=_LQkkeHM\" width=\"66\" height=\"66\" \/><img decoding=\"async\" class=\"\" src=\"https:\/\/www.palmako.ee\/sites\/default\/files\/styles\/product_list_item\/public\/2020-06\/GYDIP.jpg?itok=RrYf7KTV\" width=\"66\" height=\"66\" \/><img decoding=\"async\" class=\"\" src=\"https:\/\/www.palmako.ee\/sites\/default\/files\/styles\/product_list_item\/public\/2020-06\/WTDIP.jpg?itok=D9U46coI\" width=\"67\" height=\"67\" \/> <\/strong>v\u00f5i valge v\u00e4rv +2000\u20ac; tellimisaeg 2-4 n\u00e4dalat pikem<\/li>\n<li>5-aastane tehase garantii<\/li>\n<li>kinnitusvahendid ja koostejuhend<\/li>\n<li>Eesti toode<\/li>\n<li>vihmakindel pakend<\/li>\n<\/ul>\n<p>K\u00fcsi ka paigaldust!<\/p>\n","protected":false},"featured_media":94030,"template":"","meta":{"_monsterinsights_skip_tracking":false,"_monsterinsights_sitenote_active":false,"_monsterinsights_sitenote_note":"","_monsterinsights_sitenote_category":0},"pwb-brand":[18577],"product_brand":[],"product_cat":[17182,13540,13596],"product_tag":[13848,15264,13849,15389,13850,13851,15543,15657,15661,13864,13907,17742,13994,13813,14266,18319],"class_list":{"0":"post-69205","1":"product","2":"type-product","3":"status-publish","4":"has-post-thumbnail","6":"pwb-brand-eesti","7":"product_cat-suvekoogid-alekeskus","8":"product_cat-hooned-alekeskus","9":"product_cat-varjualused-talveaiad-alekeskus","10":"product_tag-lehtla","11":"product_tag-grillikatos","12":"product_tag-shed","13":"product_tag-pool-house","14":"product_tag-paviljonki","15":"product_tag-gazebo","16":"product_tag-pihakatos","17":"product_tag-betty","18":"product_tag-kolakoda","19":"product_tag-huvimaja","20":"product_tag-paviljon","21":"product_tag-grillvarjualune","22":"product_tag-katos","23":"product_tag-aiamaja","24":"product_tag-katusealune","25":"product_tag-palmako-katos","26":"product_shipping_class-tasuta-transport-alates-1000kg","27":"pa_garantii-5-aastat","28":"pa_kohaletoimetamine-eestis-tasuta-alekeskus","29":"pa_laoasukoht-tartumaa","30":"pa_pindalam-15521","31":"pa_seinapaksus-120-mm","32":"pa_tellimisaeg-tilausaika-alekeskus","33":"pa_valilisad-ilma-porandata","34":"pa_valilisad-porandalauad-kaasa","35":"pa_varv-valge","36":"pa_varv-viimistlemata","37":"pa_varv-pruunikas-puidukaitse","38":"pa_varv-hallikas-puidukaitse","39":"pa_varv-valkjas-puidukaitse","40":"pa_veame-eesti-ja-soome","42":"first","43":"instock","44":"taxable","45":"shipping-taxable","46":"purchasable","47":"product-type-variable","48":"has-default-attributes"},"yoast_head":"<!-- This site is optimized with the Yoast SEO plugin v27.3 - https:\/\/yoast.com\/product\/yoast-seo-wordpress\/ -->\n<title>Lehtla - aiapaviljon Bett 18 m\u00b2 - Alekeskus<\/title>\n<meta name=\"description\" content=\"Lehtla Bett pikendab aias ajaveetmise aega.\" \/>\n<meta name=\"robots\" content=\"index, follow, max-snippet:-1, max-image-preview:large, max-video-preview:-1\" \/>\n<link rel=\"canonical\" href=\"https:\/\/alekeskus.eu\/et\/toode\/lehtla-bett18m-alekeskus\/\" \/>\n<meta property=\"og:locale\" content=\"et_EE\" \/>\n<meta property=\"og:type\" content=\"article\" \/>\n<meta property=\"og:title\" content=\"Lehtla - aiapaviljon Bett 18 m\u00b2 - Alekeskus\" \/>\n<meta property=\"og:description\" content=\"Lehtla Bett pikendab aias ajaveetmise aega.\" \/>\n<meta property=\"og:url\" content=\"https:\/\/alekeskus.eu\/et\/toode\/lehtla-bett18m-alekeskus\/\" \/>\n<meta property=\"og:site_name\" content=\"Alekeskus\" \/>\n<meta property=\"article:modified_time\" content=\"2025-12-05T17:20:13+00:00\" \/>\n<meta property=\"og:image\" content=\"https:\/\/alekeskus.eu\/wp-content\/uploads\/2024\/09\/Betty_18.0_NATURAL_wb2025.jpg\" \/>\n\t<meta property=\"og:image:width\" content=\"2500\" \/>\n\t<meta property=\"og:image:height\" content=\"1875\" \/>\n\t<meta property=\"og:image:type\" content=\"image\/jpeg\" \/>\n<meta name=\"twitter:card\" content=\"summary_large_image\" \/>\n<meta name=\"twitter:label1\" content=\"Est. reading time\" \/>\n\t<meta name=\"twitter:data1\" content=\"1 minut\" \/>\n<script type=\"application\/ld+json\" class=\"yoast-schema-graph\">{\"@context\":\"https:\\\/\\\/schema.org\",\"@graph\":[{\"@type\":\"WebPage\",\"@id\":\"https:\\\/\\\/alekeskus.eu\\\/et\\\/toode\\\/lehtla-bett18m-alekeskus\\\/\",\"url\":\"https:\\\/\\\/alekeskus.eu\\\/et\\\/toode\\\/lehtla-bett18m-alekeskus\\\/\",\"name\":\"Lehtla - aiapaviljon Bett 18 m\u00b2 - Alekeskus\",\"isPartOf\":{\"@id\":\"https:\\\/\\\/alekeskus.eu\\\/#website\"},\"primaryImageOfPage\":{\"@id\":\"https:\\\/\\\/alekeskus.eu\\\/et\\\/toode\\\/lehtla-bett18m-alekeskus\\\/#primaryimage\"},\"image\":{\"@id\":\"https:\\\/\\\/alekeskus.eu\\\/et\\\/toode\\\/lehtla-bett18m-alekeskus\\\/#primaryimage\"},\"thumbnailUrl\":\"https:\\\/\\\/alekeskus.eu\\\/wp-content\\\/uploads\\\/2024\\\/09\\\/Betty_18.0_NATURAL_wb2025.jpg\",\"datePublished\":\"2025-09-11T22:56:29+00:00\",\"dateModified\":\"2025-12-05T17:20:13+00:00\",\"description\":\"Lehtla Bett pikendab aias ajaveetmise aega.\",\"breadcrumb\":{\"@id\":\"https:\\\/\\\/alekeskus.eu\\\/et\\\/toode\\\/lehtla-bett18m-alekeskus\\\/#breadcrumb\"},\"inLanguage\":\"et\",\"potentialAction\":[{\"@type\":\"ReadAction\",\"target\":[\"https:\\\/\\\/alekeskus.eu\\\/et\\\/toode\\\/lehtla-bett18m-alekeskus\\\/\"]}]},{\"@type\":\"ImageObject\",\"inLanguage\":\"et\",\"@id\":\"https:\\\/\\\/alekeskus.eu\\\/et\\\/toode\\\/lehtla-bett18m-alekeskus\\\/#primaryimage\",\"url\":\"https:\\\/\\\/alekeskus.eu\\\/wp-content\\\/uploads\\\/2024\\\/09\\\/Betty_18.0_NATURAL_wb2025.jpg\",\"contentUrl\":\"https:\\\/\\\/alekeskus.eu\\\/wp-content\\\/uploads\\\/2024\\\/09\\\/Betty_18.0_NATURAL_wb2025.jpg\",\"width\":1600,\"height\":1200},{\"@type\":\"BreadcrumbList\",\"@id\":\"https:\\\/\\\/alekeskus.eu\\\/et\\\/toode\\\/lehtla-bett18m-alekeskus\\\/#breadcrumb\",\"itemListElement\":[{\"@type\":\"ListItem\",\"position\":1,\"name\":\"Avaleht\",\"item\":\"https:\\\/\\\/alekeskus.eu\\\/et\\\/\"},{\"@type\":\"ListItem\",\"position\":2,\"name\":\"Pood\",\"item\":\"https:\\\/\\\/alekeskus.eu\\\/pood\\\/\"},{\"@type\":\"ListItem\",\"position\":3,\"name\":\"Lehtla &#8211; aiapaviljon Bett 18 m\u00b2\"}]},{\"@type\":\"WebSite\",\"@id\":\"https:\\\/\\\/alekeskus.eu\\\/#website\",\"url\":\"https:\\\/\\\/alekeskus.eu\\\/\",\"name\":\"Alekeskus\",\"description\":\"Alekeskus.eu\",\"potentialAction\":[{\"@type\":\"SearchAction\",\"target\":{\"@type\":\"EntryPoint\",\"urlTemplate\":\"https:\\\/\\\/alekeskus.eu\\\/?s={search_term_string}\"},\"query-input\":{\"@type\":\"PropertyValueSpecification\",\"valueRequired\":true,\"valueName\":\"search_term_string\"}}],\"inLanguage\":\"et\"}]}<\/script>\n<!-- \/ Yoast SEO plugin. -->","yoast_head_json":{"title":"Lehtla - aiapaviljon Bett 18 m\u00b2 - Alekeskus","description":"Lehtla Bett pikendab aias ajaveetmise aega.","robots":{"index":"index","follow":"follow","max-snippet":"max-snippet:-1","max-image-preview":"max-image-preview:large","max-video-preview":"max-video-preview:-1"},"canonical":"https:\/\/alekeskus.eu\/et\/toode\/lehtla-bett18m-alekeskus\/","og_locale":"et_EE","og_type":"article","og_title":"Lehtla - aiapaviljon Bett 18 m\u00b2 - Alekeskus","og_description":"Lehtla Bett pikendab aias ajaveetmise aega.","og_url":"https:\/\/alekeskus.eu\/et\/toode\/lehtla-bett18m-alekeskus\/","og_site_name":"Alekeskus","article_modified_time":"2025-12-05T17:20:13+00:00","og_image":[{"width":2500,"height":1875,"url":"https:\/\/alekeskus.eu\/wp-content\/uploads\/2024\/09\/Betty_18.0_NATURAL_wb2025.jpg","type":"image\/jpeg"}],"twitter_card":"summary_large_image","twitter_misc":{"Est. reading time":"1 minut"},"schema":{"@context":"https:\/\/schema.org","@graph":[{"@type":"WebPage","@id":"https:\/\/alekeskus.eu\/et\/toode\/lehtla-bett18m-alekeskus\/","url":"https:\/\/alekeskus.eu\/et\/toode\/lehtla-bett18m-alekeskus\/","name":"Lehtla - aiapaviljon Bett 18 m\u00b2 - Alekeskus","isPartOf":{"@id":"https:\/\/alekeskus.eu\/#website"},"primaryImageOfPage":{"@id":"https:\/\/alekeskus.eu\/et\/toode\/lehtla-bett18m-alekeskus\/#primaryimage"},"image":{"@id":"https:\/\/alekeskus.eu\/et\/toode\/lehtla-bett18m-alekeskus\/#primaryimage"},"thumbnailUrl":"https:\/\/alekeskus.eu\/wp-content\/uploads\/2024\/09\/Betty_18.0_NATURAL_wb2025.jpg","datePublished":"2025-09-11T22:56:29+00:00","dateModified":"2025-12-05T17:20:13+00:00","description":"Lehtla Bett pikendab aias ajaveetmise aega.","breadcrumb":{"@id":"https:\/\/alekeskus.eu\/et\/toode\/lehtla-bett18m-alekeskus\/#breadcrumb"},"inLanguage":"et","potentialAction":[{"@type":"ReadAction","target":["https:\/\/alekeskus.eu\/et\/toode\/lehtla-bett18m-alekeskus\/"]}]},{"@type":"ImageObject","inLanguage":"et","@id":"https:\/\/alekeskus.eu\/et\/toode\/lehtla-bett18m-alekeskus\/#primaryimage","url":"https:\/\/alekeskus.eu\/wp-content\/uploads\/2024\/09\/Betty_18.0_NATURAL_wb2025.jpg","contentUrl":"https:\/\/alekeskus.eu\/wp-content\/uploads\/2024\/09\/Betty_18.0_NATURAL_wb2025.jpg","width":1600,"height":1200},{"@type":"BreadcrumbList","@id":"https:\/\/alekeskus.eu\/et\/toode\/lehtla-bett18m-alekeskus\/#breadcrumb","itemListElement":[{"@type":"ListItem","position":1,"name":"Avaleht","item":"https:\/\/alekeskus.eu\/et\/"},{"@type":"ListItem","position":2,"name":"Pood","item":"https:\/\/alekeskus.eu\/pood\/"},{"@type":"ListItem","position":3,"name":"Lehtla &#8211; aiapaviljon Bett 18 m\u00b2"}]},{"@type":"WebSite","@id":"https:\/\/alekeskus.eu\/#website","url":"https:\/\/alekeskus.eu\/","name":"Alekeskus","description":"Alekeskus.eu","potentialAction":[{"@type":"SearchAction","target":{"@type":"EntryPoint","urlTemplate":"https:\/\/alekeskus.eu\/?s={search_term_string}"},"query-input":{"@type":"PropertyValueSpecification","valueRequired":true,"valueName":"search_term_string"}}],"inLanguage":"et"}]}},"brands":[{"id":18577,"name":"Eesti","slug":"eesti"}],"_links":{"self":[{"href":"https:\/\/alekeskus.eu\/et\/wp-json\/wp\/v2\/product\/69205","targetHints":{"allow":["GET"]}}],"collection":[{"href":"https:\/\/alekeskus.eu\/et\/wp-json\/wp\/v2\/product"}],"about":[{"href":"https:\/\/alekeskus.eu\/et\/wp-json\/wp\/v2\/types\/product"}],"wp:featuredmedia":[{"embeddable":true,"href":"https:\/\/alekeskus.eu\/et\/wp-json\/wp\/v2\/media\/94030"}],"wp:attachment":[{"href":"https:\/\/alekeskus.eu\/et\/wp-json\/wp\/v2\/media?parent=69205"}],"wp:term":[{"taxonomy":"pwb-brand","embeddable":true,"href":"https:\/\/alekeskus.eu\/et\/wp-json\/wp\/v2\/pwb-brand?post=69205"},{"taxonomy":"product_brand","embeddable":true,"href":"https:\/\/alekeskus.eu\/et\/wp-json\/wp\/v2\/product_brand?post=69205"},{"taxonomy":"product_cat","embeddable":true,"href":"https:\/\/alekeskus.eu\/et\/wp-json\/wp\/v2\/product_cat?post=69205"},{"taxonomy":"product_tag","embeddable":true,"href":"https:\/\/alekeskus.eu\/et\/wp-json\/wp\/v2\/product_tag?post=69205"}],"curies":[{"name":"wp","href":"https:\/\/api.w.org\/{rel}","templated":true}]}}