{"id":69819,"date":"2025-11-12T05:07:53","date_gmt":"2025-11-12T05:07:53","guid":{"rendered":"http:\/\/alekeskus.eu\/product\/garaaz-rasmus-19m%c2%b2-tosteuksega\/"},"modified":"2026-01-12T15:05:06","modified_gmt":"2026-01-12T15:05:06","slug":"garaaz-romet-19m-tosteuksega-alekeskus","status":"publish","type":"product","link":"https:\/\/alekeskus.eu\/et\/toode\/garaaz-romet-19m-tosteuksega-alekeskus\/","title":{"rendered":"Garaa\u017e Romet 19 m\u00b2 t\u00f5steuksega"},"content":{"rendered":"<p><strong>Lisahinnaga:<\/strong><\/p>\n<ul>\n<li><strong>SBS-bituumenkate 4 rulli\u00a0<\/strong><\/li>\n<li><strong>iseliimuv EPDM-kummikate 1,5 x 10 m 2 rulli<\/strong><\/li>\n<li><strong>v\u00e4ljast v\u00e4rvituna helehalliks, tumehalliks v\u00f5i valgeks<\/strong><\/li>\n<\/ul>\n<div class=\"pictogram qtip-additional-element\">\n<div class=\"image\">\n<div class=\"pictogram qtip-additional-element\">\n<div class=\"image\">\n<div class=\"pictogram qtip-additional-element\">\n<div class=\"image\">\n<div class=\"pictogram qtip-additional-element\"><\/div>\n<\/div>\n<\/div>\n<\/div>\n<\/div>\n<\/div>\n<\/div>\n","protected":false},"excerpt":{"rendered":"<p>V\u00e4lism\u00f5\u00f5dud: <strong>3,6 x 5,5 m<\/strong>. <strong>\u00a0<\/strong><\/p>\n<p><b>TASUTA VEDU JA MAHALAADIMINE (ka suursaartel)!<\/b><\/p>\n<ul>\n<li>tuuletapiga freespalk <strong>44 mm<\/strong>, tormikinnitused<\/li>\n<li>seina k\u00f5rgus 228 cm; kogu k\u00f5rgus 253 cm<\/li>\n<li>katuse kalle 2\u00b0, katuse pindala 25 m<sup>2<\/sup><\/li>\n<li>katusetalad 70 x 140 mm ja 44 x 120 mm<\/li>\n<li>immutatud alusprussid 60 x 80 mm<\/li>\n<li>punnitud katuselaudis 19 mm<\/li>\n<li>liimpuidust lengi, silinderluku, metallist k\u00fcnnisega ja piimjate klaasidega jalguks 73 x 183 cm (ukselehe m\u00f5\u00f5t)<\/li>\n<li>lukustatav t\u00f5steuks 221 x 188 cm<\/li>\n<li>2 avatavat akent piimja klaasiga 70 x 43 cm (avaneva osa m\u00f5\u00f5dud)<\/li>\n<li>kinnitusvahendid ja koostejuhend<\/li>\n<li>katusekate ei sisaldu hinnas(telli juurde 4 rulli SBS-bituumenkatet 1 x 10 m v\u00f5i 2 rulli iseliimuvat EPDM-kummikatet 1,5 x 10 m)<\/li>\n<li>v\u00e4ljast v\u00e4rvituna +1500\u20ac (helehall, tumehall v\u00f5i valge), tellimisaeg 2-4 n\u00e4dalat pikem<\/li>\n<li>Eesti toode<\/li>\n<li>v\u00f5imalik paigaldada peegelpildis<\/li>\n<li>vihmakindel pakend<\/li>\n<\/ul>\n<p>K\u00fcsi ka paigaldust!<\/p>\n","protected":false},"featured_media":96244,"template":"","meta":{"_monsterinsights_skip_tracking":false,"_monsterinsights_sitenote_active":false,"_monsterinsights_sitenote_note":"","_monsterinsights_sitenote_category":0},"pwb-brand":[],"product_brand":[],"product_cat":[13540,13598,13600],"product_tag":[15842,14225,15633,15683,15714],"class_list":{"0":"post-69819","1":"product","2":"type-product","3":"status-publish","4":"has-post-thumbnail","6":"product_cat-hooned-alekeskus","7":"product_cat-garaazid","8":"product_cat-kuurid-aidad-kioskid","9":"product_tag-tooriistakuur","10":"product_tag-garaaz","11":"product_tag-garaazh","12":"product_tag-tall","13":"product_tag-garage","14":"product_shipping_class-tasuta-transport-alates-1000kg","15":"pa_garantii-5-aastat","16":"pa_kohaletoimetamine-tasuta-mandri-eestis-ja-suursaartel-soome-alates-699e","17":"pa_laoasukoht-tartumaa","18":"pa_pindalam-14314","19":"pa_seinapaksus-17405","20":"pa_tellimisaeg-tilausaika-alekeskus","21":"pa_varv-viimistlemata","22":"pa_varv-helehall-sein-valged-avataited-liistud","23":"pa_varv-tumehall-sein-valged-avataited-ja-liistud-alekeskus","24":"pa_varv-valge","25":"pa_veame-eesti-ja-soome","27":"first","28":"instock","29":"taxable","30":"shipping-taxable","31":"purchasable","32":"product-type-variable","33":"has-default-attributes"},"yoast_head":"<!-- This site is optimized with the Yoast SEO plugin v27.3 - https:\/\/yoast.com\/product\/yoast-seo-wordpress\/ -->\n<title>Garaa\u017e Romet 19 m\u00b2 t\u00f5steuksega - Alekeskus<\/title>\n<meta name=\"description\" content=\"garaazh t\u00f5steuksega\" \/>\n<meta name=\"robots\" content=\"index, follow, max-snippet:-1, max-image-preview:large, max-video-preview:-1\" \/>\n<link rel=\"canonical\" href=\"https:\/\/alekeskus.eu\/toode\/garaaz-romet-19m-tosteuksega-alekeskus\/\" \/>\n<meta property=\"og:locale\" content=\"et_EE\" \/>\n<meta property=\"og:type\" content=\"article\" \/>\n<meta property=\"og:title\" content=\"Garaa\u017e Romet 19 m\u00b2 t\u00f5steuksega - Alekeskus\" \/>\n<meta property=\"og:description\" content=\"garaazh t\u00f5steuksega\" \/>\n<meta property=\"og:url\" content=\"https:\/\/alekeskus.eu\/toode\/garaaz-romet-19m-tosteuksega-alekeskus\/\" \/>\n<meta property=\"og:site_name\" content=\"Alekeskus\" \/>\n<meta property=\"article:modified_time\" content=\"2026-01-12T15:05:06+00:00\" \/>\n<meta property=\"og:image\" content=\"https:\/\/alekeskus.eu\/wp-content\/uploads\/2025\/11\/Rasmus_19.0_m2_with_sectional_door_NATURAL_wb.jpg\" \/>\n\t<meta property=\"og:image:width\" content=\"1600\" \/>\n\t<meta property=\"og:image:height\" content=\"1200\" \/>\n\t<meta property=\"og:image:type\" content=\"image\/jpeg\" \/>\n<meta name=\"twitter:card\" content=\"summary_large_image\" \/>\n<meta name=\"twitter:label1\" content=\"Est. reading time\" \/>\n\t<meta name=\"twitter:data1\" content=\"1 minut\" \/>\n<script type=\"application\/ld+json\" class=\"yoast-schema-graph\">{\"@context\":\"https:\\\/\\\/schema.org\",\"@graph\":[{\"@type\":\"WebPage\",\"@id\":\"https:\\\/\\\/alekeskus.eu\\\/toode\\\/garaaz-romet-19m-tosteuksega-alekeskus\\\/\",\"url\":\"https:\\\/\\\/alekeskus.eu\\\/toode\\\/garaaz-romet-19m-tosteuksega-alekeskus\\\/\",\"name\":\"Garaa\u017e Romet 19 m\u00b2 t\u00f5steuksega - Alekeskus\",\"isPartOf\":{\"@id\":\"https:\\\/\\\/alekeskus.eu\\\/#website\"},\"primaryImageOfPage\":{\"@id\":\"https:\\\/\\\/alekeskus.eu\\\/toode\\\/garaaz-romet-19m-tosteuksega-alekeskus\\\/#primaryimage\"},\"image\":{\"@id\":\"https:\\\/\\\/alekeskus.eu\\\/toode\\\/garaaz-romet-19m-tosteuksega-alekeskus\\\/#primaryimage\"},\"thumbnailUrl\":\"https:\\\/\\\/alekeskus.eu\\\/wp-content\\\/uploads\\\/2025\\\/11\\\/Rasmus_19.0_m2_with_sectional_door_NATURAL_wb.jpg\",\"datePublished\":\"2025-11-12T05:07:53+00:00\",\"dateModified\":\"2026-01-12T15:05:06+00:00\",\"description\":\"garaazh t\u00f5steuksega\",\"breadcrumb\":{\"@id\":\"https:\\\/\\\/alekeskus.eu\\\/toode\\\/garaaz-romet-19m-tosteuksega-alekeskus\\\/#breadcrumb\"},\"inLanguage\":\"et\",\"potentialAction\":[{\"@type\":\"ReadAction\",\"target\":[\"https:\\\/\\\/alekeskus.eu\\\/toode\\\/garaaz-romet-19m-tosteuksega-alekeskus\\\/\"]}]},{\"@type\":\"ImageObject\",\"inLanguage\":\"et\",\"@id\":\"https:\\\/\\\/alekeskus.eu\\\/toode\\\/garaaz-romet-19m-tosteuksega-alekeskus\\\/#primaryimage\",\"url\":\"https:\\\/\\\/alekeskus.eu\\\/wp-content\\\/uploads\\\/2025\\\/11\\\/Rasmus_19.0_m2_with_sectional_door_NATURAL_wb.jpg\",\"contentUrl\":\"https:\\\/\\\/alekeskus.eu\\\/wp-content\\\/uploads\\\/2025\\\/11\\\/Rasmus_19.0_m2_with_sectional_door_NATURAL_wb.jpg\",\"width\":1600,\"height\":1200},{\"@type\":\"BreadcrumbList\",\"@id\":\"https:\\\/\\\/alekeskus.eu\\\/toode\\\/garaaz-romet-19m-tosteuksega-alekeskus\\\/#breadcrumb\",\"itemListElement\":[{\"@type\":\"ListItem\",\"position\":1,\"name\":\"Avaleht\",\"item\":\"https:\\\/\\\/alekeskus.eu\\\/et\\\/\"},{\"@type\":\"ListItem\",\"position\":2,\"name\":\"Pood\",\"item\":\"https:\\\/\\\/alekeskus.eu\\\/pood\\\/\"},{\"@type\":\"ListItem\",\"position\":3,\"name\":\"Garaa\u017e Romet 19 m\u00b2 t\u00f5steuksega\"}]},{\"@type\":\"WebSite\",\"@id\":\"https:\\\/\\\/alekeskus.eu\\\/#website\",\"url\":\"https:\\\/\\\/alekeskus.eu\\\/\",\"name\":\"Alekeskus\",\"description\":\"Alekeskus.eu\",\"potentialAction\":[{\"@type\":\"SearchAction\",\"target\":{\"@type\":\"EntryPoint\",\"urlTemplate\":\"https:\\\/\\\/alekeskus.eu\\\/?s={search_term_string}\"},\"query-input\":{\"@type\":\"PropertyValueSpecification\",\"valueRequired\":true,\"valueName\":\"search_term_string\"}}],\"inLanguage\":\"et\"}]}<\/script>\n<!-- \/ Yoast SEO plugin. -->","yoast_head_json":{"title":"Garaa\u017e Romet 19 m\u00b2 t\u00f5steuksega - Alekeskus","description":"garaazh t\u00f5steuksega","robots":{"index":"index","follow":"follow","max-snippet":"max-snippet:-1","max-image-preview":"max-image-preview:large","max-video-preview":"max-video-preview:-1"},"canonical":"https:\/\/alekeskus.eu\/toode\/garaaz-romet-19m-tosteuksega-alekeskus\/","og_locale":"et_EE","og_type":"article","og_title":"Garaa\u017e Romet 19 m\u00b2 t\u00f5steuksega - Alekeskus","og_description":"garaazh t\u00f5steuksega","og_url":"https:\/\/alekeskus.eu\/toode\/garaaz-romet-19m-tosteuksega-alekeskus\/","og_site_name":"Alekeskus","article_modified_time":"2026-01-12T15:05:06+00:00","og_image":[{"width":1600,"height":1200,"url":"https:\/\/alekeskus.eu\/wp-content\/uploads\/2025\/11\/Rasmus_19.0_m2_with_sectional_door_NATURAL_wb.jpg","type":"image\/jpeg"}],"twitter_card":"summary_large_image","twitter_misc":{"Est. reading time":"1 minut"},"schema":{"@context":"https:\/\/schema.org","@graph":[{"@type":"WebPage","@id":"https:\/\/alekeskus.eu\/toode\/garaaz-romet-19m-tosteuksega-alekeskus\/","url":"https:\/\/alekeskus.eu\/toode\/garaaz-romet-19m-tosteuksega-alekeskus\/","name":"Garaa\u017e Romet 19 m\u00b2 t\u00f5steuksega - Alekeskus","isPartOf":{"@id":"https:\/\/alekeskus.eu\/#website"},"primaryImageOfPage":{"@id":"https:\/\/alekeskus.eu\/toode\/garaaz-romet-19m-tosteuksega-alekeskus\/#primaryimage"},"image":{"@id":"https:\/\/alekeskus.eu\/toode\/garaaz-romet-19m-tosteuksega-alekeskus\/#primaryimage"},"thumbnailUrl":"https:\/\/alekeskus.eu\/wp-content\/uploads\/2025\/11\/Rasmus_19.0_m2_with_sectional_door_NATURAL_wb.jpg","datePublished":"2025-11-12T05:07:53+00:00","dateModified":"2026-01-12T15:05:06+00:00","description":"garaazh t\u00f5steuksega","breadcrumb":{"@id":"https:\/\/alekeskus.eu\/toode\/garaaz-romet-19m-tosteuksega-alekeskus\/#breadcrumb"},"inLanguage":"et","potentialAction":[{"@type":"ReadAction","target":["https:\/\/alekeskus.eu\/toode\/garaaz-romet-19m-tosteuksega-alekeskus\/"]}]},{"@type":"ImageObject","inLanguage":"et","@id":"https:\/\/alekeskus.eu\/toode\/garaaz-romet-19m-tosteuksega-alekeskus\/#primaryimage","url":"https:\/\/alekeskus.eu\/wp-content\/uploads\/2025\/11\/Rasmus_19.0_m2_with_sectional_door_NATURAL_wb.jpg","contentUrl":"https:\/\/alekeskus.eu\/wp-content\/uploads\/2025\/11\/Rasmus_19.0_m2_with_sectional_door_NATURAL_wb.jpg","width":1600,"height":1200},{"@type":"BreadcrumbList","@id":"https:\/\/alekeskus.eu\/toode\/garaaz-romet-19m-tosteuksega-alekeskus\/#breadcrumb","itemListElement":[{"@type":"ListItem","position":1,"name":"Avaleht","item":"https:\/\/alekeskus.eu\/et\/"},{"@type":"ListItem","position":2,"name":"Pood","item":"https:\/\/alekeskus.eu\/pood\/"},{"@type":"ListItem","position":3,"name":"Garaa\u017e Romet 19 m\u00b2 t\u00f5steuksega"}]},{"@type":"WebSite","@id":"https:\/\/alekeskus.eu\/#website","url":"https:\/\/alekeskus.eu\/","name":"Alekeskus","description":"Alekeskus.eu","potentialAction":[{"@type":"SearchAction","target":{"@type":"EntryPoint","urlTemplate":"https:\/\/alekeskus.eu\/?s={search_term_string}"},"query-input":{"@type":"PropertyValueSpecification","valueRequired":true,"valueName":"search_term_string"}}],"inLanguage":"et"}]}},"brands":[],"_links":{"self":[{"href":"https:\/\/alekeskus.eu\/et\/wp-json\/wp\/v2\/product\/69819","targetHints":{"allow":["GET"]}}],"collection":[{"href":"https:\/\/alekeskus.eu\/et\/wp-json\/wp\/v2\/product"}],"about":[{"href":"https:\/\/alekeskus.eu\/et\/wp-json\/wp\/v2\/types\/product"}],"wp:featuredmedia":[{"embeddable":true,"href":"https:\/\/alekeskus.eu\/et\/wp-json\/wp\/v2\/media\/96244"}],"wp:attachment":[{"href":"https:\/\/alekeskus.eu\/et\/wp-json\/wp\/v2\/media?parent=69819"}],"wp:term":[{"taxonomy":"pwb-brand","embeddable":true,"href":"https:\/\/alekeskus.eu\/et\/wp-json\/wp\/v2\/pwb-brand?post=69819"},{"taxonomy":"product_brand","embeddable":true,"href":"https:\/\/alekeskus.eu\/et\/wp-json\/wp\/v2\/product_brand?post=69819"},{"taxonomy":"product_cat","embeddable":true,"href":"https:\/\/alekeskus.eu\/et\/wp-json\/wp\/v2\/product_cat?post=69819"},{"taxonomy":"product_tag","embeddable":true,"href":"https:\/\/alekeskus.eu\/et\/wp-json\/wp\/v2\/product_tag?post=69819"}],"curies":[{"name":"wp","href":"https:\/\/api.w.org\/{rel}","templated":true}]}}