{"id":69901,"date":"2024-11-12T05:08:30","date_gmt":"2024-11-12T05:08:30","guid":{"rendered":"http:\/\/alekeskus.eu\/product\/garaaz-roger-190m%c2%b2-puitvaravaga\/"},"modified":"2026-01-15T12:34:53","modified_gmt":"2026-01-15T12:34:53","slug":"garaaz-reigo-19-puustvaravaga-alekeskus","status":"publish","type":"product","link":"https:\/\/alekeskus.eu\/et\/toode\/garaaz-reigo-19-puustvaravaga-alekeskus\/","title":{"rendered":"Garaa\u017e Reigo 19,0 m\u00b2 puust autov\u00e4ravaga"},"content":{"rendered":"<p><strong>Telli juurde:<\/strong><\/p>\n<p><strong>&#8211; bituumensindel 10 pakki\u00a0<\/strong><\/p>\n<p><strong>&#8211; ajutine katusepapp v\u00f5i SBS rullkate 6 rulli\u00a0<\/strong><\/p>\n<p>Pakend: 6,0&#215;1,2&#215;0,7 m; 2,0&#215;1,2&#215;0,2 m, kaal: 1400kg<\/p>\n<p>Paigaldusohje: <a href=\"https:\/\/alekeskus.eu\/wp-content\/uploads\/2022\/11\/Roger19puuvaravohje.pdf\">Roger19puuv\u00e4ravohje<\/a><\/p>\n","protected":false},"excerpt":{"rendered":"<div class=\"main-content col-lg-9\">\n<div id=\"primary\" class=\"content-area\">\n<div id=\"product-69945\" class=\"product type-product post-69945 status-publish first instock product_cat-hooned product_cat-garaazid product_cat-kuurid-aidad-kioskid product_tag-shed product_tag-garaaz product_tag-autotalli product_tag-pihavaja product_tag-garaazh product_tag-tall product_tag-garage product_tag-pihavarasto product_tag-puidust-garaazh product_tag-garaaz-roger product_tag-aiamaja product_tag-kuur product_tag-vaja has-post-thumbnail taxable shipping-taxable purchasable product-type-variable product-layout-default\">\n<div class=\"product-summary-wrap\">\n<div class=\"row\">\n<div>\n<p>V\u00e4lism\u00f5\u00f5dud:\u00a0<strong>3,6 x 5,5 m.\u00a0<\/strong>Harja k\u00f5rgus<strong>\u00a0276 cm,\u00a0<\/strong>seina k\u00f5rgus<strong>\u00a0217 cm.\u00a0<\/strong><\/p>\n<p><strong>TASUTA VEDU JA MAHALAADIMINE(ka suursaartel)!<\/strong><\/p>\n<ul>\n<li>tuuletapiga\u00a0<strong>freespalk<\/strong>\u00a0<strong>44\u00a0mm,<\/strong>\u00a0tormikinnitused<\/li>\n<li>katuse kalle 16\u00b0, katuse pindala 26 m<sup>2<\/sup><\/li>\n<li>punniga katuselauad 19 x 90 mm, katusetalad 60 x 240 mm<\/li>\n<li>avatav pakettaken 119 x 89 cm<\/li>\n<li>pakettklaasiga uks 74 x 175 cm, liimpuidust ukseleng, metalliga uksek\u00fcnnis, silinderlukk<\/li>\n<li>puust autov\u00e4rav silinderlukuga 225 x 194 cm (lengi m\u00f5\u00f5t 239 x 195 cm)<\/li>\n<li>s\u00fcgavimmutatud sokliprussid 60 x 80 mm, p\u00f5randalaudu ei ole<\/li>\n<li>katusekate lisahinnaga(tarve 10 pakki bituumensindlit, 6 rulli ajutist katusepappi v\u00f5i SBS-bituumenkatet)<\/li>\n<li>tellitav puidukaitsevahendisse kastetuna +800\u20ac (pruun, hall v\u00f5i valkjas)<strong> <img decoding=\"async\" class=\"\" src=\"https:\/\/www.palmako.ee\/sites\/default\/files\/styles\/product_list_item\/public\/2020-06\/BNDIP.jpg?itok=_LQkkeHM\" width=\"57\" height=\"57\" \/><img decoding=\"async\" class=\"\" src=\"https:\/\/www.palmako.ee\/sites\/default\/files\/styles\/product_list_item\/public\/2020-06\/GYDIP.jpg?itok=RrYf7KTV\" width=\"56\" height=\"56\" \/><img decoding=\"async\" class=\"\" src=\"https:\/\/www.palmako.ee\/sites\/default\/files\/styles\/product_list_item\/public\/2020-06\/WTDIP.jpg?itok=D9U46coI\" width=\"55\" height=\"55\" \/> <\/strong>v\u00f5i v\u00e4ljast v\u00e4rvituna +1600\u20ac (helehall, tumehall v\u00f5i valge), tellimisaeg 2-4 n\u00e4dalat pikem<\/li>\n<li>tehase garantii 5 aastat<\/li>\n<li>kinnitusvahendid, koostejuhend<\/li>\n<li>ilmastikukindel pakend<\/li>\n<li>Eesti toode<\/li>\n<\/ul>\n<p>K\u00fcsi ka paigaldust!<\/p>\n<\/div>\n<\/div>\n<\/div>\n<\/div>\n<\/div>\n<\/div>\n","protected":false},"featured_media":96377,"template":"","meta":{"_monsterinsights_skip_tracking":false,"_monsterinsights_sitenote_active":false,"_monsterinsights_sitenote_note":"","_monsterinsights_sitenote_category":0},"pwb-brand":[18577],"product_brand":[],"product_cat":[13540,13598,13600],"product_tag":[13813,13815,17995,13819,17999,14229,14264,18852,15633,18853],"class_list":{"0":"post-69901","1":"product","2":"type-product","3":"status-publish","4":"has-post-thumbnail","6":"pwb-brand-eesti","7":"product_cat-hooned-alekeskus","8":"product_cat-garaazid","9":"product_cat-kuurid-aidad-kioskid","10":"product_tag-aiamaja","11":"product_tag-kuur","12":"product_tag-puidust-garaazh","13":"product_tag-vaja","14":"product_tag-varastorakennus","15":"product_tag-autotalli","16":"product_tag-aiakuur","17":"product_tag-tehnikakuur","18":"product_tag-garaazh","19":"product_tag-puust-varav","20":"product_shipping_class-tasuta-transport-alates-1000kg","21":"pa_garantii-5-aastat","22":"pa_kohaletoimetamine-tasuta-mandri-eestis-ja-suursaartel-soome-alates-699e","23":"pa_laoasukoht-tartumaa","24":"pa_pindalam-14314","25":"pa_seinapaksus-17405","26":"pa_tellimisaeg-kuni-4-nadalat","27":"pa_varv-valge","28":"pa_varv-viimistlemata","29":"pa_varv-helehall-sein-valged-avataited-liistud","30":"pa_varv-pruunikas-puidukaitse","31":"pa_varv-tumehall-sein-valged-avataited-ja-liistud-alekeskus","32":"pa_varv-hallikas-puidukaitse","33":"pa_varv-valkjas-puidukaitse","34":"pa_veame-eesti-ja-soome","36":"first","37":"instock","38":"taxable","39":"shipping-taxable","40":"purchasable","41":"product-type-variable","42":"has-default-attributes"},"yoast_head":"<!-- This site is optimized with the Yoast SEO plugin v27.3 - https:\/\/yoast.com\/product\/yoast-seo-wordpress\/ -->\n<title>Garaa\u017e Reigo 19,0 m\u00b2 puust autov\u00e4ravaga - Alekeskus<\/title>\n<meta name=\"description\" content=\"freespalgist garaazh puust v\u00e4ravaga ja tasuta veoga\" \/>\n<meta name=\"robots\" content=\"index, follow, max-snippet:-1, max-image-preview:large, max-video-preview:-1\" \/>\n<link rel=\"canonical\" href=\"https:\/\/alekeskus.eu\/toode\/garaaz-reigo-19-puustvaravaga-alekeskus\/\" \/>\n<meta property=\"og:locale\" content=\"et_EE\" \/>\n<meta property=\"og:type\" content=\"article\" \/>\n<meta property=\"og:title\" content=\"Garaa\u017e Reigo 19,0 m\u00b2 puust autov\u00e4ravaga - Alekeskus\" \/>\n<meta property=\"og:description\" content=\"freespalgist garaazh puust v\u00e4ravaga ja tasuta veoga\" \/>\n<meta property=\"og:url\" content=\"https:\/\/alekeskus.eu\/toode\/garaaz-reigo-19-puustvaravaga-alekeskus\/\" \/>\n<meta property=\"og:site_name\" content=\"Alekeskus\" \/>\n<meta property=\"article:modified_time\" content=\"2026-01-15T12:34:53+00:00\" \/>\n<meta property=\"og:image\" content=\"https:\/\/alekeskus.eu\/wp-content\/uploads\/2024\/11\/Roger_19.0_m2_with_wooden_gate_NATURAL_wb.jpg\" \/>\n\t<meta property=\"og:image:width\" content=\"1600\" \/>\n\t<meta property=\"og:image:height\" content=\"1200\" \/>\n\t<meta property=\"og:image:type\" content=\"image\/jpeg\" \/>\n<meta name=\"twitter:card\" content=\"summary_large_image\" \/>\n<meta name=\"twitter:label1\" content=\"Est. reading time\" \/>\n\t<meta name=\"twitter:data1\" content=\"1 minut\" \/>\n<script type=\"application\/ld+json\" class=\"yoast-schema-graph\">{\"@context\":\"https:\\\/\\\/schema.org\",\"@graph\":[{\"@type\":\"WebPage\",\"@id\":\"https:\\\/\\\/alekeskus.eu\\\/toode\\\/garaaz-reigo-19-puustvaravaga-alekeskus\\\/\",\"url\":\"https:\\\/\\\/alekeskus.eu\\\/toode\\\/garaaz-reigo-19-puustvaravaga-alekeskus\\\/\",\"name\":\"Garaa\u017e Reigo 19,0 m\u00b2 puust autov\u00e4ravaga - Alekeskus\",\"isPartOf\":{\"@id\":\"https:\\\/\\\/alekeskus.eu\\\/#website\"},\"primaryImageOfPage\":{\"@id\":\"https:\\\/\\\/alekeskus.eu\\\/toode\\\/garaaz-reigo-19-puustvaravaga-alekeskus\\\/#primaryimage\"},\"image\":{\"@id\":\"https:\\\/\\\/alekeskus.eu\\\/toode\\\/garaaz-reigo-19-puustvaravaga-alekeskus\\\/#primaryimage\"},\"thumbnailUrl\":\"https:\\\/\\\/alekeskus.eu\\\/wp-content\\\/uploads\\\/2024\\\/11\\\/Roger_19.0_m2_with_wooden_gate_NATURAL_wb.jpg\",\"datePublished\":\"2024-11-12T05:08:30+00:00\",\"dateModified\":\"2026-01-15T12:34:53+00:00\",\"description\":\"freespalgist garaazh puust v\u00e4ravaga ja tasuta veoga\",\"breadcrumb\":{\"@id\":\"https:\\\/\\\/alekeskus.eu\\\/toode\\\/garaaz-reigo-19-puustvaravaga-alekeskus\\\/#breadcrumb\"},\"inLanguage\":\"et\",\"potentialAction\":[{\"@type\":\"ReadAction\",\"target\":[\"https:\\\/\\\/alekeskus.eu\\\/toode\\\/garaaz-reigo-19-puustvaravaga-alekeskus\\\/\"]}]},{\"@type\":\"ImageObject\",\"inLanguage\":\"et\",\"@id\":\"https:\\\/\\\/alekeskus.eu\\\/toode\\\/garaaz-reigo-19-puustvaravaga-alekeskus\\\/#primaryimage\",\"url\":\"https:\\\/\\\/alekeskus.eu\\\/wp-content\\\/uploads\\\/2024\\\/11\\\/Roger_19.0_m2_with_wooden_gate_NATURAL_wb.jpg\",\"contentUrl\":\"https:\\\/\\\/alekeskus.eu\\\/wp-content\\\/uploads\\\/2024\\\/11\\\/Roger_19.0_m2_with_wooden_gate_NATURAL_wb.jpg\",\"width\":1600,\"height\":1200},{\"@type\":\"BreadcrumbList\",\"@id\":\"https:\\\/\\\/alekeskus.eu\\\/toode\\\/garaaz-reigo-19-puustvaravaga-alekeskus\\\/#breadcrumb\",\"itemListElement\":[{\"@type\":\"ListItem\",\"position\":1,\"name\":\"Avaleht\",\"item\":\"https:\\\/\\\/alekeskus.eu\\\/et\\\/\"},{\"@type\":\"ListItem\",\"position\":2,\"name\":\"Pood\",\"item\":\"https:\\\/\\\/alekeskus.eu\\\/pood\\\/\"},{\"@type\":\"ListItem\",\"position\":3,\"name\":\"Garaa\u017e Reigo 19,0 m\u00b2 puust autov\u00e4ravaga\"}]},{\"@type\":\"WebSite\",\"@id\":\"https:\\\/\\\/alekeskus.eu\\\/#website\",\"url\":\"https:\\\/\\\/alekeskus.eu\\\/\",\"name\":\"Alekeskus\",\"description\":\"Alekeskus.eu\",\"potentialAction\":[{\"@type\":\"SearchAction\",\"target\":{\"@type\":\"EntryPoint\",\"urlTemplate\":\"https:\\\/\\\/alekeskus.eu\\\/?s={search_term_string}\"},\"query-input\":{\"@type\":\"PropertyValueSpecification\",\"valueRequired\":true,\"valueName\":\"search_term_string\"}}],\"inLanguage\":\"et\"}]}<\/script>\n<!-- \/ Yoast SEO plugin. -->","yoast_head_json":{"title":"Garaa\u017e Reigo 19,0 m\u00b2 puust autov\u00e4ravaga - Alekeskus","description":"freespalgist garaazh puust v\u00e4ravaga ja tasuta veoga","robots":{"index":"index","follow":"follow","max-snippet":"max-snippet:-1","max-image-preview":"max-image-preview:large","max-video-preview":"max-video-preview:-1"},"canonical":"https:\/\/alekeskus.eu\/toode\/garaaz-reigo-19-puustvaravaga-alekeskus\/","og_locale":"et_EE","og_type":"article","og_title":"Garaa\u017e Reigo 19,0 m\u00b2 puust autov\u00e4ravaga - Alekeskus","og_description":"freespalgist garaazh puust v\u00e4ravaga ja tasuta veoga","og_url":"https:\/\/alekeskus.eu\/toode\/garaaz-reigo-19-puustvaravaga-alekeskus\/","og_site_name":"Alekeskus","article_modified_time":"2026-01-15T12:34:53+00:00","og_image":[{"width":1600,"height":1200,"url":"https:\/\/alekeskus.eu\/wp-content\/uploads\/2024\/11\/Roger_19.0_m2_with_wooden_gate_NATURAL_wb.jpg","type":"image\/jpeg"}],"twitter_card":"summary_large_image","twitter_misc":{"Est. reading time":"1 minut"},"schema":{"@context":"https:\/\/schema.org","@graph":[{"@type":"WebPage","@id":"https:\/\/alekeskus.eu\/toode\/garaaz-reigo-19-puustvaravaga-alekeskus\/","url":"https:\/\/alekeskus.eu\/toode\/garaaz-reigo-19-puustvaravaga-alekeskus\/","name":"Garaa\u017e Reigo 19,0 m\u00b2 puust autov\u00e4ravaga - Alekeskus","isPartOf":{"@id":"https:\/\/alekeskus.eu\/#website"},"primaryImageOfPage":{"@id":"https:\/\/alekeskus.eu\/toode\/garaaz-reigo-19-puustvaravaga-alekeskus\/#primaryimage"},"image":{"@id":"https:\/\/alekeskus.eu\/toode\/garaaz-reigo-19-puustvaravaga-alekeskus\/#primaryimage"},"thumbnailUrl":"https:\/\/alekeskus.eu\/wp-content\/uploads\/2024\/11\/Roger_19.0_m2_with_wooden_gate_NATURAL_wb.jpg","datePublished":"2024-11-12T05:08:30+00:00","dateModified":"2026-01-15T12:34:53+00:00","description":"freespalgist garaazh puust v\u00e4ravaga ja tasuta veoga","breadcrumb":{"@id":"https:\/\/alekeskus.eu\/toode\/garaaz-reigo-19-puustvaravaga-alekeskus\/#breadcrumb"},"inLanguage":"et","potentialAction":[{"@type":"ReadAction","target":["https:\/\/alekeskus.eu\/toode\/garaaz-reigo-19-puustvaravaga-alekeskus\/"]}]},{"@type":"ImageObject","inLanguage":"et","@id":"https:\/\/alekeskus.eu\/toode\/garaaz-reigo-19-puustvaravaga-alekeskus\/#primaryimage","url":"https:\/\/alekeskus.eu\/wp-content\/uploads\/2024\/11\/Roger_19.0_m2_with_wooden_gate_NATURAL_wb.jpg","contentUrl":"https:\/\/alekeskus.eu\/wp-content\/uploads\/2024\/11\/Roger_19.0_m2_with_wooden_gate_NATURAL_wb.jpg","width":1600,"height":1200},{"@type":"BreadcrumbList","@id":"https:\/\/alekeskus.eu\/toode\/garaaz-reigo-19-puustvaravaga-alekeskus\/#breadcrumb","itemListElement":[{"@type":"ListItem","position":1,"name":"Avaleht","item":"https:\/\/alekeskus.eu\/et\/"},{"@type":"ListItem","position":2,"name":"Pood","item":"https:\/\/alekeskus.eu\/pood\/"},{"@type":"ListItem","position":3,"name":"Garaa\u017e Reigo 19,0 m\u00b2 puust autov\u00e4ravaga"}]},{"@type":"WebSite","@id":"https:\/\/alekeskus.eu\/#website","url":"https:\/\/alekeskus.eu\/","name":"Alekeskus","description":"Alekeskus.eu","potentialAction":[{"@type":"SearchAction","target":{"@type":"EntryPoint","urlTemplate":"https:\/\/alekeskus.eu\/?s={search_term_string}"},"query-input":{"@type":"PropertyValueSpecification","valueRequired":true,"valueName":"search_term_string"}}],"inLanguage":"et"}]}},"brands":[{"id":18577,"name":"Eesti","slug":"eesti"}],"_links":{"self":[{"href":"https:\/\/alekeskus.eu\/et\/wp-json\/wp\/v2\/product\/69901","targetHints":{"allow":["GET"]}}],"collection":[{"href":"https:\/\/alekeskus.eu\/et\/wp-json\/wp\/v2\/product"}],"about":[{"href":"https:\/\/alekeskus.eu\/et\/wp-json\/wp\/v2\/types\/product"}],"wp:featuredmedia":[{"embeddable":true,"href":"https:\/\/alekeskus.eu\/et\/wp-json\/wp\/v2\/media\/96377"}],"wp:attachment":[{"href":"https:\/\/alekeskus.eu\/et\/wp-json\/wp\/v2\/media?parent=69901"}],"wp:term":[{"taxonomy":"pwb-brand","embeddable":true,"href":"https:\/\/alekeskus.eu\/et\/wp-json\/wp\/v2\/pwb-brand?post=69901"},{"taxonomy":"product_brand","embeddable":true,"href":"https:\/\/alekeskus.eu\/et\/wp-json\/wp\/v2\/product_brand?post=69901"},{"taxonomy":"product_cat","embeddable":true,"href":"https:\/\/alekeskus.eu\/et\/wp-json\/wp\/v2\/product_cat?post=69901"},{"taxonomy":"product_tag","embeddable":true,"href":"https:\/\/alekeskus.eu\/et\/wp-json\/wp\/v2\/product_tag?post=69901"}],"curies":[{"name":"wp","href":"https:\/\/api.w.org\/{rel}","templated":true}]}}