{"id":70185,"date":"2025-11-12T05:10:35","date_gmt":"2025-11-12T05:10:35","guid":{"rendered":"http:\/\/alekeskus.eu\/product\/kuur-kalle-66m%c2%b2\/"},"modified":"2026-01-13T08:00:59","modified_gmt":"2026-01-13T08:00:59","slug":"kuur-kalle-66m-alekeskus","status":"publish","type":"product","link":"https:\/\/alekeskus.eu\/et\/toode\/kuur-kalle-66m-alekeskus\/","title":{"rendered":"Aiakuur-ait Kalle 6,6m\u00b2 soojustusvalmidusega"},"content":{"rendered":"<div class=\"pictogram qtip-additional-element\"><\/div>\n<div class=\"pictogram qtip-additional-element\"><\/div>\n<div class=\"pictogram qtip-additional-element\">\n<div class=\"description\"><\/div>\n<\/div>\n<div class=\"pictogram qtip-additional-element\"><\/div>\n","protected":false},"excerpt":{"rendered":"<p>V\u00e4lism\u00f5\u00f5dud: <strong>3,44 x 2,21 m<\/strong>.<\/p>\n<p><strong>TASUTA VEDU JA MAHALAADIMINE(ka suursaartel)!<\/strong><\/p>\n<ul>\n<li>soojustusvalmidusega <strong>elementseinad kogupaksusega 88 mm<\/strong> (18 mm peensaetud viimistlemata voodrilaud tuulet\u00f5kkekilega, 34 x 70 mm s\u00f5restik)<\/li>\n<li>katuse ja p\u00f5randa punnitud lauad 19 mm<\/li>\n<li>puidukaitsega t\u00f6\u00f6deldud p\u00f5hjaprussid 70 x 45 mm<\/li>\n<li>vahesein<\/li>\n<li>soojustatud uksed silinderlukuga 87 x 189 cm ja 147 x 189 cm, kummitihendid<\/li>\n<li>pakettklaasiga ja metallist tilganinaga aken 50 x 54 cm<\/li>\n<li>kinnitusvahendid ja koostejuhend<\/li>\n<li>katusekate lisahinnaga<\/li>\n<li>5 aastane garantii<\/li>\n<li>Eesti toode<\/li>\n<li>akende ja uste asukoht muudetav seinakilpide \u00fcmbert\u00f5stmisega<\/li>\n<\/ul>\n<p>K\u00fcsi ka paigaldust!<\/p>\n","protected":false},"featured_media":96305,"template":"","meta":{"_monsterinsights_skip_tracking":false,"_monsterinsights_sitenote_active":false,"_monsterinsights_sitenote_note":"","_monsterinsights_sitenote_category":0},"pwb-brand":[],"product_brand":[],"product_cat":[13538,13540,13600,13602],"product_tag":[13987,14027,18851,14264,15216,13815,15668,13819,15706,15784,13983,17888],"class_list":{"0":"post-70185","1":"product","2":"type-product","3":"status-publish","4":"has-post-thumbnail","6":"product_cat-ale","7":"product_cat-hooned-alekeskus","8":"product_cat-kuurid-aidad-kioskid","9":"product_cat-elementmajad","10":"product_tag-puukuur","11":"product_tag-hoidla","12":"product_tag-soojustatav-abihoone","13":"product_tag-aiakuur","14":"product_tag-ait","15":"product_tag-kuur","16":"product_tag-seinaelement","17":"product_tag-vaja","18":"product_tag-abihoone","19":"product_tag-kalle","20":"product_tag-piharakennus","21":"product_tag-soojustamisvalmidus","22":"product_shipping_class-tasuta-transport-kuni-1000kg","23":"pa_garantii-5-aastat","24":"pa_kohaletoimetamine-eestis-tasuta-alekeskus","25":"pa_laoasukoht-tartumaa","26":"pa_pindalam-13921","27":"pa_seinapaksus-18-mm","28":"pa_tellimisaeg-2-10-toopaeva","29":"pa_varv-viimistlemata","30":"pa_veame-eesti-ja-soome","32":"first","33":"instock","34":"sale","35":"featured","36":"taxable","37":"shipping-taxable","38":"purchasable","39":"product-type-simple"},"yoast_head":"<!-- This site is optimized with the Yoast SEO plugin v27.3 - https:\/\/yoast.com\/product\/yoast-seo-wordpress\/ -->\n<title>Aiakuur-ait Kalle 6,6m\u00b2 soojustusvalmidusega - Alekeskus<\/title>\n<meta name=\"description\" content=\"soojustatav aiakuur Kalle tasuta veoga \u00fcle Eesti\" \/>\n<meta name=\"robots\" content=\"index, follow, max-snippet:-1, max-image-preview:large, max-video-preview:-1\" \/>\n<link rel=\"canonical\" href=\"https:\/\/alekeskus.eu\/toode\/kuur-kalle-66m-alekeskus\/\" \/>\n<meta property=\"og:locale\" content=\"et_EE\" \/>\n<meta property=\"og:type\" content=\"article\" \/>\n<meta property=\"og:title\" content=\"Aiakuur-ait Kalle 6,6m\u00b2 soojustusvalmidusega - Alekeskus\" \/>\n<meta property=\"og:description\" content=\"soojustatav aiakuur Kalle tasuta veoga \u00fcle Eesti\" \/>\n<meta property=\"og:url\" content=\"https:\/\/alekeskus.eu\/toode\/kuur-kalle-66m-alekeskus\/\" \/>\n<meta property=\"og:site_name\" content=\"Alekeskus\" \/>\n<meta property=\"article:modified_time\" content=\"2026-01-13T08:00:59+00:00\" \/>\n<meta property=\"og:image\" content=\"https:\/\/alekeskus.eu\/wp-content\/uploads\/2021\/11\/Kalle_6.6_m2_NATURAL_wb-2026.jpg\" \/>\n\t<meta property=\"og:image:width\" content=\"1600\" \/>\n\t<meta property=\"og:image:height\" content=\"1200\" \/>\n\t<meta property=\"og:image:type\" content=\"image\/jpeg\" \/>\n<meta name=\"twitter:card\" content=\"summary_large_image\" \/>\n<meta name=\"twitter:label1\" content=\"Est. reading time\" \/>\n\t<meta name=\"twitter:data1\" content=\"1 minut\" \/>\n<script type=\"application\/ld+json\" class=\"yoast-schema-graph\">{\"@context\":\"https:\\\/\\\/schema.org\",\"@graph\":[{\"@type\":\"WebPage\",\"@id\":\"https:\\\/\\\/alekeskus.eu\\\/toode\\\/kuur-kalle-66m-alekeskus\\\/\",\"url\":\"https:\\\/\\\/alekeskus.eu\\\/toode\\\/kuur-kalle-66m-alekeskus\\\/\",\"name\":\"Aiakuur-ait Kalle 6,6m\u00b2 soojustusvalmidusega - Alekeskus\",\"isPartOf\":{\"@id\":\"https:\\\/\\\/alekeskus.eu\\\/#website\"},\"primaryImageOfPage\":{\"@id\":\"https:\\\/\\\/alekeskus.eu\\\/toode\\\/kuur-kalle-66m-alekeskus\\\/#primaryimage\"},\"image\":{\"@id\":\"https:\\\/\\\/alekeskus.eu\\\/toode\\\/kuur-kalle-66m-alekeskus\\\/#primaryimage\"},\"thumbnailUrl\":\"https:\\\/\\\/alekeskus.eu\\\/wp-content\\\/uploads\\\/2021\\\/11\\\/Kalle_6.6_m2_NATURAL_wb-2026.jpg\",\"datePublished\":\"2025-11-12T05:10:35+00:00\",\"dateModified\":\"2026-01-13T08:00:59+00:00\",\"description\":\"soojustatav aiakuur Kalle tasuta veoga \u00fcle Eesti\",\"breadcrumb\":{\"@id\":\"https:\\\/\\\/alekeskus.eu\\\/toode\\\/kuur-kalle-66m-alekeskus\\\/#breadcrumb\"},\"inLanguage\":\"et\",\"potentialAction\":[{\"@type\":\"ReadAction\",\"target\":[\"https:\\\/\\\/alekeskus.eu\\\/toode\\\/kuur-kalle-66m-alekeskus\\\/\"]}]},{\"@type\":\"ImageObject\",\"inLanguage\":\"et\",\"@id\":\"https:\\\/\\\/alekeskus.eu\\\/toode\\\/kuur-kalle-66m-alekeskus\\\/#primaryimage\",\"url\":\"https:\\\/\\\/alekeskus.eu\\\/wp-content\\\/uploads\\\/2021\\\/11\\\/Kalle_6.6_m2_NATURAL_wb-2026.jpg\",\"contentUrl\":\"https:\\\/\\\/alekeskus.eu\\\/wp-content\\\/uploads\\\/2021\\\/11\\\/Kalle_6.6_m2_NATURAL_wb-2026.jpg\",\"width\":1600,\"height\":1200},{\"@type\":\"BreadcrumbList\",\"@id\":\"https:\\\/\\\/alekeskus.eu\\\/toode\\\/kuur-kalle-66m-alekeskus\\\/#breadcrumb\",\"itemListElement\":[{\"@type\":\"ListItem\",\"position\":1,\"name\":\"Avaleht\",\"item\":\"https:\\\/\\\/alekeskus.eu\\\/et\\\/\"},{\"@type\":\"ListItem\",\"position\":2,\"name\":\"Pood\",\"item\":\"https:\\\/\\\/alekeskus.eu\\\/pood\\\/\"},{\"@type\":\"ListItem\",\"position\":3,\"name\":\"Aiakuur-ait Kalle 6,6m\u00b2 soojustusvalmidusega\"}]},{\"@type\":\"WebSite\",\"@id\":\"https:\\\/\\\/alekeskus.eu\\\/#website\",\"url\":\"https:\\\/\\\/alekeskus.eu\\\/\",\"name\":\"Alekeskus\",\"description\":\"Alekeskus.eu\",\"potentialAction\":[{\"@type\":\"SearchAction\",\"target\":{\"@type\":\"EntryPoint\",\"urlTemplate\":\"https:\\\/\\\/alekeskus.eu\\\/?s={search_term_string}\"},\"query-input\":{\"@type\":\"PropertyValueSpecification\",\"valueRequired\":true,\"valueName\":\"search_term_string\"}}],\"inLanguage\":\"et\"}]}<\/script>\n<!-- \/ Yoast SEO plugin. -->","yoast_head_json":{"title":"Aiakuur-ait Kalle 6,6m\u00b2 soojustusvalmidusega - Alekeskus","description":"soojustatav aiakuur Kalle tasuta veoga \u00fcle Eesti","robots":{"index":"index","follow":"follow","max-snippet":"max-snippet:-1","max-image-preview":"max-image-preview:large","max-video-preview":"max-video-preview:-1"},"canonical":"https:\/\/alekeskus.eu\/toode\/kuur-kalle-66m-alekeskus\/","og_locale":"et_EE","og_type":"article","og_title":"Aiakuur-ait Kalle 6,6m\u00b2 soojustusvalmidusega - Alekeskus","og_description":"soojustatav aiakuur Kalle tasuta veoga \u00fcle Eesti","og_url":"https:\/\/alekeskus.eu\/toode\/kuur-kalle-66m-alekeskus\/","og_site_name":"Alekeskus","article_modified_time":"2026-01-13T08:00:59+00:00","og_image":[{"width":1600,"height":1200,"url":"https:\/\/alekeskus.eu\/wp-content\/uploads\/2021\/11\/Kalle_6.6_m2_NATURAL_wb-2026.jpg","type":"image\/jpeg"}],"twitter_card":"summary_large_image","twitter_misc":{"Est. reading time":"1 minut"},"schema":{"@context":"https:\/\/schema.org","@graph":[{"@type":"WebPage","@id":"https:\/\/alekeskus.eu\/toode\/kuur-kalle-66m-alekeskus\/","url":"https:\/\/alekeskus.eu\/toode\/kuur-kalle-66m-alekeskus\/","name":"Aiakuur-ait Kalle 6,6m\u00b2 soojustusvalmidusega - Alekeskus","isPartOf":{"@id":"https:\/\/alekeskus.eu\/#website"},"primaryImageOfPage":{"@id":"https:\/\/alekeskus.eu\/toode\/kuur-kalle-66m-alekeskus\/#primaryimage"},"image":{"@id":"https:\/\/alekeskus.eu\/toode\/kuur-kalle-66m-alekeskus\/#primaryimage"},"thumbnailUrl":"https:\/\/alekeskus.eu\/wp-content\/uploads\/2021\/11\/Kalle_6.6_m2_NATURAL_wb-2026.jpg","datePublished":"2025-11-12T05:10:35+00:00","dateModified":"2026-01-13T08:00:59+00:00","description":"soojustatav aiakuur Kalle tasuta veoga \u00fcle Eesti","breadcrumb":{"@id":"https:\/\/alekeskus.eu\/toode\/kuur-kalle-66m-alekeskus\/#breadcrumb"},"inLanguage":"et","potentialAction":[{"@type":"ReadAction","target":["https:\/\/alekeskus.eu\/toode\/kuur-kalle-66m-alekeskus\/"]}]},{"@type":"ImageObject","inLanguage":"et","@id":"https:\/\/alekeskus.eu\/toode\/kuur-kalle-66m-alekeskus\/#primaryimage","url":"https:\/\/alekeskus.eu\/wp-content\/uploads\/2021\/11\/Kalle_6.6_m2_NATURAL_wb-2026.jpg","contentUrl":"https:\/\/alekeskus.eu\/wp-content\/uploads\/2021\/11\/Kalle_6.6_m2_NATURAL_wb-2026.jpg","width":1600,"height":1200},{"@type":"BreadcrumbList","@id":"https:\/\/alekeskus.eu\/toode\/kuur-kalle-66m-alekeskus\/#breadcrumb","itemListElement":[{"@type":"ListItem","position":1,"name":"Avaleht","item":"https:\/\/alekeskus.eu\/et\/"},{"@type":"ListItem","position":2,"name":"Pood","item":"https:\/\/alekeskus.eu\/pood\/"},{"@type":"ListItem","position":3,"name":"Aiakuur-ait Kalle 6,6m\u00b2 soojustusvalmidusega"}]},{"@type":"WebSite","@id":"https:\/\/alekeskus.eu\/#website","url":"https:\/\/alekeskus.eu\/","name":"Alekeskus","description":"Alekeskus.eu","potentialAction":[{"@type":"SearchAction","target":{"@type":"EntryPoint","urlTemplate":"https:\/\/alekeskus.eu\/?s={search_term_string}"},"query-input":{"@type":"PropertyValueSpecification","valueRequired":true,"valueName":"search_term_string"}}],"inLanguage":"et"}]}},"brands":[],"_links":{"self":[{"href":"https:\/\/alekeskus.eu\/et\/wp-json\/wp\/v2\/product\/70185","targetHints":{"allow":["GET"]}}],"collection":[{"href":"https:\/\/alekeskus.eu\/et\/wp-json\/wp\/v2\/product"}],"about":[{"href":"https:\/\/alekeskus.eu\/et\/wp-json\/wp\/v2\/types\/product"}],"wp:featuredmedia":[{"embeddable":true,"href":"https:\/\/alekeskus.eu\/et\/wp-json\/wp\/v2\/media\/96305"}],"wp:attachment":[{"href":"https:\/\/alekeskus.eu\/et\/wp-json\/wp\/v2\/media?parent=70185"}],"wp:term":[{"taxonomy":"pwb-brand","embeddable":true,"href":"https:\/\/alekeskus.eu\/et\/wp-json\/wp\/v2\/pwb-brand?post=70185"},{"taxonomy":"product_brand","embeddable":true,"href":"https:\/\/alekeskus.eu\/et\/wp-json\/wp\/v2\/product_brand?post=70185"},{"taxonomy":"product_cat","embeddable":true,"href":"https:\/\/alekeskus.eu\/et\/wp-json\/wp\/v2\/product_cat?post=70185"},{"taxonomy":"product_tag","embeddable":true,"href":"https:\/\/alekeskus.eu\/et\/wp-json\/wp\/v2\/product_tag?post=70185"}],"curies":[{"name":"wp","href":"https:\/\/api.w.org\/{rel}","templated":true}]}}