{"id":70325,"date":"2025-10-12T05:11:49","date_gmt":"2025-10-12T05:11:49","guid":{"rendered":"http:\/\/alekeskus.eu\/product\/kuur-dan-142m%c2%b2-vaheseinaga\/"},"modified":"2025-12-07T18:56:50","modified_gmt":"2025-12-07T18:56:50","slug":"kuur-daniel-142-vaheseinaga-alekeskus","status":"publish","type":"product","link":"https:\/\/alekeskus.eu\/et\/toode\/kuur-daniel-142-vaheseinaga-alekeskus\/","title":{"rendered":"Aiakuur Daniel 14,7 m\u00b2 vaheseinaga"},"content":{"rendered":"<p><strong>Lisahinnaga:<\/strong><\/p>\n<ul>\n<li><strong>SBS-bituumenkate 3 rulli\u00a0<\/strong><\/li>\n<li><strong>bituumensindel 6 pakki\u00a0<\/strong><\/li>\n<li><strong>puitosa kastmine puukaitseainesse:<strong>\u00a0pruun<strong>, hall, valge\u00a0<\/strong><\/strong><\/strong><\/li>\n<li><strong>v\u00e4ljast v\u00e4rvituna hele- v\u00f5i tumehalliks<\/strong><\/li>\n<\/ul>\n<p>Pakend: 1,9 x 1,2 x 1,1 m, kaal 720 kg<\/p>\n<p>Paigaldusohje: <a href=\"https:\/\/alekeskus.eu\/wp-content\/uploads\/2022\/11\/Dan147ohje.pdf\">Dan14,7ohje<\/a><\/p>\n<p>&nbsp;<\/p>\n<div class=\"pictogram qtip-additional-element\">\n<div class=\"description\">\n<div class=\"pictogram qtip-additional-element\"><\/div>\n<\/div>\n<\/div>\n<div class=\"pictogram qtip-additional-element\">\n<div class=\"image\"><\/div>\n<div class=\"description\"><\/div>\n<\/div>\n<div class=\"pictogram qtip-additional-element\">\n<div class=\"description\"><\/div>\n<\/div>\n","protected":false},"excerpt":{"rendered":"<p>V\u00e4lism\u00f5\u00f5dud: <strong>273 x 550 cm<\/strong>.<\/p>\n<p><strong>TASUTA VEDU JA MAHALAADIMINE(ka suursaartel)!<\/strong><\/p>\n<ul>\n<li><strong>seinad valmis elementidest<\/strong>\u00a0<strong>16 mm punnlauaga<\/strong><\/li>\n<li>seina k\u00f5rgus 190 cm ja harja k\u00f5rgus 230 cm<\/li>\n<li>katuse pindala 17,3 m\u00b2 \/ kalle 16\u00ba, r\u00e4\u00e4stas 12 cm<\/li>\n<li>katusekate ei sisaldu hinnas (tarve 6 pakki bituumensindlit, ajutist katusepappi v\u00f5i kestvat SBS-bituumenkatet 3 rulli)<\/li>\n<li>puidukaitsega t\u00f6\u00f6deldud p\u00f5randatalad 32 x 40 mm, punnitud p\u00f5randa- ja katuselauad 16 mm<\/li>\n<li>pleksiklaasiga aknad 44 x 44 cm; paarisuks 138 x 182 cm ja jalguks 75 x 169 cm<\/li>\n<li>vahesein<\/li>\n<li>tellitav puidukaitsevahendisse kastetuna +500\u20ac (pruun, hall v\u00f5i valkjas)<strong><img decoding=\"async\" class=\"\" src=\"https:\/\/www.palmako.ee\/sites\/default\/files\/styles\/product_list_item\/public\/2020-06\/BNDIP.jpg?itok=_LQkkeHM\" width=\"66\" height=\"66\" \/><img decoding=\"async\" class=\"\" src=\"https:\/\/www.palmako.ee\/sites\/default\/files\/styles\/product_list_item\/public\/2020-06\/GYDIP.jpg?itok=RrYf7KTV\" width=\"66\" height=\"66\" \/><img decoding=\"async\" class=\"\" src=\"https:\/\/www.palmako.ee\/sites\/default\/files\/styles\/product_list_item\/public\/2020-06\/WTDIP.jpg?itok=D9U46coI\" width=\"67\" height=\"67\" \/>\u00a0<\/strong>v\u00f5i v\u00e4ljast v\u00e4rvituna +1000\u20ac (helehall v\u00f5i tumehall), tellimisaeg 2-4 n\u00e4dalat pikem<\/li>\n<li>kinnitusvahendid ja koostejuhend<\/li>\n<li>vihmakindel pakend<\/li>\n<li>5-aastane tehase garantii<\/li>\n<li>Eesti toode<\/li>\n<li>peegelpildis koostatav<\/li>\n<\/ul>\n<p><strong>\u00a0<\/strong>K\u00fcsi ka paigaldust!<\/p>\n","protected":false},"featured_media":89474,"template":"","meta":{"_monsterinsights_skip_tracking":false,"_monsterinsights_sitenote_active":false,"_monsterinsights_sitenote_note":"","_monsterinsights_sitenote_category":0},"pwb-brand":[18577],"product_brand":[],"product_cat":[13538,13540,13598,13600,13602],"product_tag":[14000,18325,14264,14265,18359,15779,13815,15841,18630,13819,17443,17688,17930,13983,17936],"class_list":{"0":"post-70325","1":"product","2":"type-product","3":"status-publish","4":"has-post-thumbnail","6":"pwb-brand-eesti","7":"product_cat-ale","8":"product_cat-hooned-alekeskus","9":"product_cat-garaazid","10":"product_cat-kuurid-aidad-kioskid","11":"product_cat-elementmajad","12":"product_tag-palmako","13":"product_tag-palmako-pihavarasto","14":"product_tag-aiakuur","15":"product_tag-pihavaja","16":"product_tag-palmako-dan","17":"product_tag-panipaik","18":"product_tag-kuur","19":"product_tag-pyoravaja","20":"product_tag-aiatooriistade-kuur","21":"product_tag-vaja","22":"product_tag-tyokaluvaja","23":"product_tag-pihavaja-valiseinalla","24":"product_tag-puidust-kuur","25":"product_tag-piharakennus","26":"product_tag-pihavarasto","27":"product_shipping_class-tasuta-transport-kuni-300kg","28":"pa_garantii-5-aastat","29":"pa_kohaletoimetamine-tasuta-ule-eesti-soome-alates-160e-alekeskus","30":"pa_laoasukoht-tartumaa","31":"pa_pindalam-17552","32":"pa_seinapaksus-16-mm","33":"pa_tellimisaeg-tilausaika-alekeskus","34":"pa_varv-valkjas-puidukaitse","35":"pa_varv-viimistlemata","36":"pa_varv-tumehall","37":"pa_varv-helehall","38":"pa_varv-pruunikas-puidukaitse","39":"pa_varv-hallikas-puidukaitse","40":"pa_veame-eesti-ja-soome","42":"first","43":"instock","44":"sale","45":"taxable","46":"shipping-taxable","47":"purchasable","48":"product-type-variable"},"yoast_head":"<!-- This site is optimized with the Yoast SEO plugin v27.3 - https:\/\/yoast.com\/product\/yoast-seo-wordpress\/ -->\n<title>Aiakuur Daniel 14,7 m\u00b2 vaheseinaga - Alekeskus<\/title>\n<meta name=\"description\" content=\"Elementseintega aiakuur Daniel 2 ruumiga ja tasuta veoga \u00fcle Eesti.\" \/>\n<meta name=\"robots\" content=\"index, follow, max-snippet:-1, max-image-preview:large, max-video-preview:-1\" \/>\n<link rel=\"canonical\" href=\"https:\/\/alekeskus.eu\/toode\/kuur-daniel-142-vaheseinaga-alekeskus\/\" \/>\n<meta property=\"og:locale\" content=\"et_EE\" \/>\n<meta property=\"og:type\" content=\"article\" \/>\n<meta property=\"og:title\" content=\"Aiakuur Daniel 14,7 m\u00b2 vaheseinaga - Alekeskus\" \/>\n<meta property=\"og:description\" content=\"Elementseintega aiakuur Daniel 2 ruumiga ja tasuta veoga \u00fcle Eesti.\" \/>\n<meta property=\"og:url\" content=\"https:\/\/alekeskus.eu\/toode\/kuur-daniel-142-vaheseinaga-alekeskus\/\" \/>\n<meta property=\"og:site_name\" content=\"Alekeskus\" \/>\n<meta property=\"article:modified_time\" content=\"2025-12-07T18:56:50+00:00\" \/>\n<meta property=\"og:image\" content=\"https:\/\/alekeskus.eu\/wp-content\/uploads\/2024\/12\/Dan_14.7_NATURAL_wb--scaled.jpg\" \/>\n\t<meta property=\"og:image:width\" content=\"2560\" \/>\n\t<meta property=\"og:image:height\" content=\"1920\" \/>\n\t<meta property=\"og:image:type\" content=\"image\/jpeg\" \/>\n<meta name=\"twitter:card\" content=\"summary_large_image\" \/>\n<meta name=\"twitter:label1\" content=\"Est. reading time\" \/>\n\t<meta name=\"twitter:data1\" content=\"1 minut\" \/>\n<script type=\"application\/ld+json\" class=\"yoast-schema-graph\">{\"@context\":\"https:\\\/\\\/schema.org\",\"@graph\":[{\"@type\":\"WebPage\",\"@id\":\"https:\\\/\\\/alekeskus.eu\\\/toode\\\/kuur-daniel-142-vaheseinaga-alekeskus\\\/\",\"url\":\"https:\\\/\\\/alekeskus.eu\\\/toode\\\/kuur-daniel-142-vaheseinaga-alekeskus\\\/\",\"name\":\"Aiakuur Daniel 14,7 m\u00b2 vaheseinaga - Alekeskus\",\"isPartOf\":{\"@id\":\"https:\\\/\\\/alekeskus.eu\\\/#website\"},\"primaryImageOfPage\":{\"@id\":\"https:\\\/\\\/alekeskus.eu\\\/toode\\\/kuur-daniel-142-vaheseinaga-alekeskus\\\/#primaryimage\"},\"image\":{\"@id\":\"https:\\\/\\\/alekeskus.eu\\\/toode\\\/kuur-daniel-142-vaheseinaga-alekeskus\\\/#primaryimage\"},\"thumbnailUrl\":\"https:\\\/\\\/alekeskus.eu\\\/wp-content\\\/uploads\\\/2024\\\/12\\\/Dan_14.7_NATURAL_wb--scaled.jpg\",\"datePublished\":\"2025-10-12T05:11:49+00:00\",\"dateModified\":\"2025-12-07T18:56:50+00:00\",\"description\":\"Elementseintega aiakuur Daniel 2 ruumiga ja tasuta veoga \u00fcle Eesti.\",\"breadcrumb\":{\"@id\":\"https:\\\/\\\/alekeskus.eu\\\/toode\\\/kuur-daniel-142-vaheseinaga-alekeskus\\\/#breadcrumb\"},\"inLanguage\":\"et\",\"potentialAction\":[{\"@type\":\"ReadAction\",\"target\":[\"https:\\\/\\\/alekeskus.eu\\\/toode\\\/kuur-daniel-142-vaheseinaga-alekeskus\\\/\"]}]},{\"@type\":\"ImageObject\",\"inLanguage\":\"et\",\"@id\":\"https:\\\/\\\/alekeskus.eu\\\/toode\\\/kuur-daniel-142-vaheseinaga-alekeskus\\\/#primaryimage\",\"url\":\"https:\\\/\\\/alekeskus.eu\\\/wp-content\\\/uploads\\\/2024\\\/12\\\/Dan_14.7_NATURAL_wb--scaled.jpg\",\"contentUrl\":\"https:\\\/\\\/alekeskus.eu\\\/wp-content\\\/uploads\\\/2024\\\/12\\\/Dan_14.7_NATURAL_wb--scaled.jpg\",\"width\":1600,\"height\":1200},{\"@type\":\"BreadcrumbList\",\"@id\":\"https:\\\/\\\/alekeskus.eu\\\/toode\\\/kuur-daniel-142-vaheseinaga-alekeskus\\\/#breadcrumb\",\"itemListElement\":[{\"@type\":\"ListItem\",\"position\":1,\"name\":\"Avaleht\",\"item\":\"https:\\\/\\\/alekeskus.eu\\\/et\\\/\"},{\"@type\":\"ListItem\",\"position\":2,\"name\":\"Pood\",\"item\":\"https:\\\/\\\/alekeskus.eu\\\/pood\\\/\"},{\"@type\":\"ListItem\",\"position\":3,\"name\":\"Aiakuur Daniel 14,7 m\u00b2 vaheseinaga\"}]},{\"@type\":\"WebSite\",\"@id\":\"https:\\\/\\\/alekeskus.eu\\\/#website\",\"url\":\"https:\\\/\\\/alekeskus.eu\\\/\",\"name\":\"Alekeskus\",\"description\":\"Alekeskus.eu\",\"potentialAction\":[{\"@type\":\"SearchAction\",\"target\":{\"@type\":\"EntryPoint\",\"urlTemplate\":\"https:\\\/\\\/alekeskus.eu\\\/?s={search_term_string}\"},\"query-input\":{\"@type\":\"PropertyValueSpecification\",\"valueRequired\":true,\"valueName\":\"search_term_string\"}}],\"inLanguage\":\"et\"}]}<\/script>\n<!-- \/ Yoast SEO plugin. -->","yoast_head_json":{"title":"Aiakuur Daniel 14,7 m\u00b2 vaheseinaga - Alekeskus","description":"Elementseintega aiakuur Daniel 2 ruumiga ja tasuta veoga \u00fcle Eesti.","robots":{"index":"index","follow":"follow","max-snippet":"max-snippet:-1","max-image-preview":"max-image-preview:large","max-video-preview":"max-video-preview:-1"},"canonical":"https:\/\/alekeskus.eu\/toode\/kuur-daniel-142-vaheseinaga-alekeskus\/","og_locale":"et_EE","og_type":"article","og_title":"Aiakuur Daniel 14,7 m\u00b2 vaheseinaga - Alekeskus","og_description":"Elementseintega aiakuur Daniel 2 ruumiga ja tasuta veoga \u00fcle Eesti.","og_url":"https:\/\/alekeskus.eu\/toode\/kuur-daniel-142-vaheseinaga-alekeskus\/","og_site_name":"Alekeskus","article_modified_time":"2025-12-07T18:56:50+00:00","og_image":[{"width":2560,"height":1920,"url":"https:\/\/alekeskus.eu\/wp-content\/uploads\/2024\/12\/Dan_14.7_NATURAL_wb--scaled.jpg","type":"image\/jpeg"}],"twitter_card":"summary_large_image","twitter_misc":{"Est. reading time":"1 minut"},"schema":{"@context":"https:\/\/schema.org","@graph":[{"@type":"WebPage","@id":"https:\/\/alekeskus.eu\/toode\/kuur-daniel-142-vaheseinaga-alekeskus\/","url":"https:\/\/alekeskus.eu\/toode\/kuur-daniel-142-vaheseinaga-alekeskus\/","name":"Aiakuur Daniel 14,7 m\u00b2 vaheseinaga - Alekeskus","isPartOf":{"@id":"https:\/\/alekeskus.eu\/#website"},"primaryImageOfPage":{"@id":"https:\/\/alekeskus.eu\/toode\/kuur-daniel-142-vaheseinaga-alekeskus\/#primaryimage"},"image":{"@id":"https:\/\/alekeskus.eu\/toode\/kuur-daniel-142-vaheseinaga-alekeskus\/#primaryimage"},"thumbnailUrl":"https:\/\/alekeskus.eu\/wp-content\/uploads\/2024\/12\/Dan_14.7_NATURAL_wb--scaled.jpg","datePublished":"2025-10-12T05:11:49+00:00","dateModified":"2025-12-07T18:56:50+00:00","description":"Elementseintega aiakuur Daniel 2 ruumiga ja tasuta veoga \u00fcle Eesti.","breadcrumb":{"@id":"https:\/\/alekeskus.eu\/toode\/kuur-daniel-142-vaheseinaga-alekeskus\/#breadcrumb"},"inLanguage":"et","potentialAction":[{"@type":"ReadAction","target":["https:\/\/alekeskus.eu\/toode\/kuur-daniel-142-vaheseinaga-alekeskus\/"]}]},{"@type":"ImageObject","inLanguage":"et","@id":"https:\/\/alekeskus.eu\/toode\/kuur-daniel-142-vaheseinaga-alekeskus\/#primaryimage","url":"https:\/\/alekeskus.eu\/wp-content\/uploads\/2024\/12\/Dan_14.7_NATURAL_wb--scaled.jpg","contentUrl":"https:\/\/alekeskus.eu\/wp-content\/uploads\/2024\/12\/Dan_14.7_NATURAL_wb--scaled.jpg","width":1600,"height":1200},{"@type":"BreadcrumbList","@id":"https:\/\/alekeskus.eu\/toode\/kuur-daniel-142-vaheseinaga-alekeskus\/#breadcrumb","itemListElement":[{"@type":"ListItem","position":1,"name":"Avaleht","item":"https:\/\/alekeskus.eu\/et\/"},{"@type":"ListItem","position":2,"name":"Pood","item":"https:\/\/alekeskus.eu\/pood\/"},{"@type":"ListItem","position":3,"name":"Aiakuur Daniel 14,7 m\u00b2 vaheseinaga"}]},{"@type":"WebSite","@id":"https:\/\/alekeskus.eu\/#website","url":"https:\/\/alekeskus.eu\/","name":"Alekeskus","description":"Alekeskus.eu","potentialAction":[{"@type":"SearchAction","target":{"@type":"EntryPoint","urlTemplate":"https:\/\/alekeskus.eu\/?s={search_term_string}"},"query-input":{"@type":"PropertyValueSpecification","valueRequired":true,"valueName":"search_term_string"}}],"inLanguage":"et"}]}},"brands":[{"id":18577,"name":"Eesti","slug":"eesti"}],"_links":{"self":[{"href":"https:\/\/alekeskus.eu\/et\/wp-json\/wp\/v2\/product\/70325","targetHints":{"allow":["GET"]}}],"collection":[{"href":"https:\/\/alekeskus.eu\/et\/wp-json\/wp\/v2\/product"}],"about":[{"href":"https:\/\/alekeskus.eu\/et\/wp-json\/wp\/v2\/types\/product"}],"wp:featuredmedia":[{"embeddable":true,"href":"https:\/\/alekeskus.eu\/et\/wp-json\/wp\/v2\/media\/89474"}],"wp:attachment":[{"href":"https:\/\/alekeskus.eu\/et\/wp-json\/wp\/v2\/media?parent=70325"}],"wp:term":[{"taxonomy":"pwb-brand","embeddable":true,"href":"https:\/\/alekeskus.eu\/et\/wp-json\/wp\/v2\/pwb-brand?post=70325"},{"taxonomy":"product_brand","embeddable":true,"href":"https:\/\/alekeskus.eu\/et\/wp-json\/wp\/v2\/product_brand?post=70325"},{"taxonomy":"product_cat","embeddable":true,"href":"https:\/\/alekeskus.eu\/et\/wp-json\/wp\/v2\/product_cat?post=70325"},{"taxonomy":"product_tag","embeddable":true,"href":"https:\/\/alekeskus.eu\/et\/wp-json\/wp\/v2\/product_tag?post=70325"}],"curies":[{"name":"wp","href":"https:\/\/api.w.org\/{rel}","templated":true}]}}