{"id":70351,"date":"2024-09-12T05:12:00","date_gmt":"2024-09-12T05:12:00","guid":{"rendered":"http:\/\/alekeskus.eu\/product\/kuur-nils-82m%c2%b2-paarisuksega\/"},"modified":"2026-02-12T11:55:32","modified_gmt":"2026-02-12T11:55:32","slug":"aiakuur-nils-82m-alekeskus","status":"publish","type":"product","link":"https:\/\/alekeskus.eu\/et\/toode\/aiakuur-nils-82m-alekeskus\/","title":{"rendered":"Aiakuur Nils 8,2 m\u00b2"},"content":{"rendered":"<div class=\"pictogram qtip-additional-element\">\n<div class=\"image\">\n<p><strong>Telli juurde:<\/strong><\/p>\n<p><strong>&#8211; 2 rulli katusepappi v\u00f5i SBS-bituumen katusekatet<\/strong><\/p>\n<p><strong>&#8211;\u00a0 sindelkatusekate 5 pakki\u00a0<\/strong><\/p>\n<\/div>\n<div class=\"image\"><strong>\u00a0&#8211; puidukaitsevahendisse kastmine: pruun, hall v\u00f5i valkjas v\u00f5i v\u00e4ljast v\u00e4rvituna\u00a0<\/strong><\/div>\n<div class=\"description\"><\/div>\n<\/div>\n<div class=\"pictogram qtip-additional-element\">\n<div class=\"description\">Pakend: 2,4 x 1,2 x 0,9 m, kaal 600 kg<\/div>\n<div>Paigaldusohje: <a href=\"https:\/\/alekeskus.eu\/wp-content\/uploads\/2022\/09\/Nils82ohje.pdf\">Nils8,2ohje<\/a><\/div>\n<\/div>\n<div class=\"pictogram qtip-additional-element\">\n<div class=\"description\"><\/div>\n<div class=\"description\"><\/div>\n<\/div>\n<div class=\"pictogram qtip-additional-element\"><\/div>\n","protected":false},"excerpt":{"rendered":"<p>V\u00e4lism\u00f5\u00f5dud:<strong> 348 x 239 cm<\/strong>.<\/p>\n<p><strong>TASUTA VEDU JA MAHALAADIMINE (ka suursaartel)!<\/strong><\/p>\n<ul>\n<li><strong>seinad valmis elementidest<\/strong>\u00a0<strong>16 mm punnlauaga<\/strong><\/li>\n<li>r\u00e4\u00e4sta k\u00f5rgus 188 cm ja harja k\u00f5rgus 259 cm<\/li>\n<li>katuse pindala 12 m\u00b2 \/ kalle 21\u00ba, r\u00e4\u00e4stas 25 cm<\/li>\n<li>katusekate ei sisaldu hinnas (tarve 5 pakki sindelkatust, katusepappi v\u00f5i SBS rullkatet 2 rulli)<\/li>\n<li>puidukaitsega t\u00f6\u00f6deldud p\u00f5randatalad 32 x 40 mm, punnitud p\u00f5randa- ja katuselauad 16 mm; p\u00e4rlinid 32 x 120 mm<\/li>\n<li>pleksiklaasiga kinnine aken 70 x 46 cm; paarisuks 135 x 182 cm<\/li>\n<li>tellitav puidukaitsevahendisse kastetuna +400\u20ac (pruun, hall v\u00f5i valkjas)<strong><img decoding=\"async\" class=\"\" src=\"https:\/\/www.palmako.ee\/sites\/default\/files\/styles\/product_list_item\/public\/2020-06\/BNDIP.jpg?itok=_LQkkeHM\" width=\"66\" height=\"66\" \/><img decoding=\"async\" class=\"\" src=\"https:\/\/www.palmako.ee\/sites\/default\/files\/styles\/product_list_item\/public\/2020-06\/GYDIP.jpg?itok=RrYf7KTV\" width=\"66\" height=\"66\" \/><img decoding=\"async\" class=\"\" src=\"https:\/\/www.palmako.ee\/sites\/default\/files\/styles\/product_list_item\/public\/2020-06\/WTDIP.jpg?itok=D9U46coI\" width=\"67\" height=\"67\" \/>\u00a0<\/strong>v\u00f5i v\u00e4ljast v\u00e4rvituna +800\u20ac (hele- v\u00f5i tumehall), tellimisaeg 2-4 n\u00e4dalat pikem<\/li>\n<li>kinnitusvahendid ja koostejuhend<\/li>\n<li>vihmakindel pakend<\/li>\n<li>peegelpildis paigaldatav<\/li>\n<li>5-aastane tehase garantii<\/li>\n<li>Eesti toode<\/li>\n<\/ul>\n<p>K\u00fcsi ka paigaldust!<\/p>\n","protected":false},"featured_media":92051,"template":"","meta":{"_monsterinsights_skip_tracking":false,"_monsterinsights_sitenote_active":false,"_monsterinsights_sitenote_note":"","_monsterinsights_sitenote_category":0},"pwb-brand":[18577],"product_brand":[],"product_cat":[13592,13540,13598,13600,13602],"product_tag":[13849,18370,13987,14264,15706,15813,13815],"class_list":{"0":"post-70351","1":"product","2":"type-product","3":"status-publish","4":"has-post-thumbnail","6":"pwb-brand-eesti","7":"product_cat-aia-ja-grillmajad","8":"product_cat-hooned-alekeskus","9":"product_cat-garaazid","10":"product_cat-kuurid-aidad-kioskid","11":"product_cat-elementmajad","12":"product_tag-shed","13":"product_tag-palmako-nils","14":"product_tag-puukuur","15":"product_tag-aiakuur","16":"product_tag-abihoone","17":"product_tag-nils","18":"product_tag-kuur","19":"product_shipping_class-tasuta-transport-kuni-1000kg","20":"pa_garantii-5-aastat","21":"pa_kohaletoimetamine-eestis-tasuta-alekeskus","22":"pa_laoasukoht-tartumaa","23":"pa_pindalam-15289","24":"pa_seinapaksus-16-mm","25":"pa_tellimisaeg-2-10-toopaeva","26":"pa_varv-viimistlemata","27":"pa_varv-pruunikas-puidukaitse","28":"pa_varv-hallikas-puidukaitse","29":"pa_varv-valkjas-puidukaitse","30":"pa_veame-eesti-ja-soome","32":"first","33":"instock","34":"taxable","35":"shipping-taxable","36":"purchasable","37":"product-type-variable","38":"has-default-attributes"},"yoast_head":"<!-- This site is optimized with the Yoast SEO plugin v27.3 - https:\/\/yoast.com\/product\/yoast-seo-wordpress\/ -->\n<title>Aiakuur Nils 8,2 m\u00b2 - Alekeskus<\/title>\n<meta name=\"description\" content=\"Aiakuur elementseintega.\" \/>\n<meta name=\"robots\" content=\"index, follow, max-snippet:-1, max-image-preview:large, max-video-preview:-1\" \/>\n<link rel=\"canonical\" href=\"https:\/\/alekeskus.eu\/et\/toode\/aiakuur-nils-82m-alekeskus\/\" \/>\n<meta property=\"og:locale\" content=\"et_EE\" \/>\n<meta property=\"og:type\" content=\"article\" \/>\n<meta property=\"og:title\" content=\"Aiakuur Nils 8,2 m\u00b2 - Alekeskus\" \/>\n<meta property=\"og:description\" content=\"Aiakuur elementseintega.\" \/>\n<meta property=\"og:url\" content=\"https:\/\/alekeskus.eu\/et\/toode\/aiakuur-nils-82m-alekeskus\/\" \/>\n<meta property=\"og:site_name\" content=\"Alekeskus\" \/>\n<meta property=\"article:modified_time\" content=\"2026-02-12T11:55:32+00:00\" \/>\n<meta property=\"og:image\" content=\"https:\/\/alekeskus.eu\/wp-content\/uploads\/2022\/09\/Nils_8.2_NATURALaias2025-scaled.jpg\" \/>\n\t<meta property=\"og:image:width\" content=\"1600\" \/>\n\t<meta property=\"og:image:height\" content=\"1200\" \/>\n\t<meta property=\"og:image:type\" content=\"image\/jpeg\" \/>\n<meta name=\"twitter:card\" content=\"summary_large_image\" \/>\n<meta name=\"twitter:label1\" content=\"Est. reading time\" \/>\n\t<meta name=\"twitter:data1\" content=\"1 minut\" \/>\n<script type=\"application\/ld+json\" class=\"yoast-schema-graph\">{\"@context\":\"https:\\\/\\\/schema.org\",\"@graph\":[{\"@type\":\"WebPage\",\"@id\":\"https:\\\/\\\/alekeskus.eu\\\/et\\\/toode\\\/aiakuur-nils-82m-alekeskus\\\/\",\"url\":\"https:\\\/\\\/alekeskus.eu\\\/et\\\/toode\\\/aiakuur-nils-82m-alekeskus\\\/\",\"name\":\"Aiakuur Nils 8,2 m\u00b2 - Alekeskus\",\"isPartOf\":{\"@id\":\"https:\\\/\\\/alekeskus.eu\\\/#website\"},\"primaryImageOfPage\":{\"@id\":\"https:\\\/\\\/alekeskus.eu\\\/et\\\/toode\\\/aiakuur-nils-82m-alekeskus\\\/#primaryimage\"},\"image\":{\"@id\":\"https:\\\/\\\/alekeskus.eu\\\/et\\\/toode\\\/aiakuur-nils-82m-alekeskus\\\/#primaryimage\"},\"thumbnailUrl\":\"https:\\\/\\\/alekeskus.eu\\\/wp-content\\\/uploads\\\/2022\\\/09\\\/Nils_8.2_NATURALaias2025-scaled.jpg\",\"datePublished\":\"2024-09-12T05:12:00+00:00\",\"dateModified\":\"2026-02-12T11:55:32+00:00\",\"description\":\"Aiakuur elementseintega.\",\"breadcrumb\":{\"@id\":\"https:\\\/\\\/alekeskus.eu\\\/et\\\/toode\\\/aiakuur-nils-82m-alekeskus\\\/#breadcrumb\"},\"inLanguage\":\"et\",\"potentialAction\":[{\"@type\":\"ReadAction\",\"target\":[\"https:\\\/\\\/alekeskus.eu\\\/et\\\/toode\\\/aiakuur-nils-82m-alekeskus\\\/\"]}]},{\"@type\":\"ImageObject\",\"inLanguage\":\"et\",\"@id\":\"https:\\\/\\\/alekeskus.eu\\\/et\\\/toode\\\/aiakuur-nils-82m-alekeskus\\\/#primaryimage\",\"url\":\"https:\\\/\\\/alekeskus.eu\\\/wp-content\\\/uploads\\\/2022\\\/09\\\/Nils_8.2_NATURALaias2025-scaled.jpg\",\"contentUrl\":\"https:\\\/\\\/alekeskus.eu\\\/wp-content\\\/uploads\\\/2022\\\/09\\\/Nils_8.2_NATURALaias2025-scaled.jpg\",\"width\":1600,\"height\":1200},{\"@type\":\"BreadcrumbList\",\"@id\":\"https:\\\/\\\/alekeskus.eu\\\/et\\\/toode\\\/aiakuur-nils-82m-alekeskus\\\/#breadcrumb\",\"itemListElement\":[{\"@type\":\"ListItem\",\"position\":1,\"name\":\"Avaleht\",\"item\":\"https:\\\/\\\/alekeskus.eu\\\/et\\\/\"},{\"@type\":\"ListItem\",\"position\":2,\"name\":\"Pood\",\"item\":\"https:\\\/\\\/alekeskus.eu\\\/pood\\\/\"},{\"@type\":\"ListItem\",\"position\":3,\"name\":\"Aiakuur Nils 8,2 m\u00b2\"}]},{\"@type\":\"WebSite\",\"@id\":\"https:\\\/\\\/alekeskus.eu\\\/#website\",\"url\":\"https:\\\/\\\/alekeskus.eu\\\/\",\"name\":\"Alekeskus\",\"description\":\"Alekeskus.eu\",\"potentialAction\":[{\"@type\":\"SearchAction\",\"target\":{\"@type\":\"EntryPoint\",\"urlTemplate\":\"https:\\\/\\\/alekeskus.eu\\\/?s={search_term_string}\"},\"query-input\":{\"@type\":\"PropertyValueSpecification\",\"valueRequired\":true,\"valueName\":\"search_term_string\"}}],\"inLanguage\":\"et\"}]}<\/script>\n<!-- \/ Yoast SEO plugin. -->","yoast_head_json":{"title":"Aiakuur Nils 8,2 m\u00b2 - Alekeskus","description":"Aiakuur elementseintega.","robots":{"index":"index","follow":"follow","max-snippet":"max-snippet:-1","max-image-preview":"max-image-preview:large","max-video-preview":"max-video-preview:-1"},"canonical":"https:\/\/alekeskus.eu\/et\/toode\/aiakuur-nils-82m-alekeskus\/","og_locale":"et_EE","og_type":"article","og_title":"Aiakuur Nils 8,2 m\u00b2 - Alekeskus","og_description":"Aiakuur elementseintega.","og_url":"https:\/\/alekeskus.eu\/et\/toode\/aiakuur-nils-82m-alekeskus\/","og_site_name":"Alekeskus","article_modified_time":"2026-02-12T11:55:32+00:00","og_image":[{"width":1600,"height":1200,"url":"https:\/\/alekeskus.eu\/wp-content\/uploads\/2022\/09\/Nils_8.2_NATURALaias2025-scaled.jpg","type":"image\/jpeg"}],"twitter_card":"summary_large_image","twitter_misc":{"Est. reading time":"1 minut"},"schema":{"@context":"https:\/\/schema.org","@graph":[{"@type":"WebPage","@id":"https:\/\/alekeskus.eu\/et\/toode\/aiakuur-nils-82m-alekeskus\/","url":"https:\/\/alekeskus.eu\/et\/toode\/aiakuur-nils-82m-alekeskus\/","name":"Aiakuur Nils 8,2 m\u00b2 - Alekeskus","isPartOf":{"@id":"https:\/\/alekeskus.eu\/#website"},"primaryImageOfPage":{"@id":"https:\/\/alekeskus.eu\/et\/toode\/aiakuur-nils-82m-alekeskus\/#primaryimage"},"image":{"@id":"https:\/\/alekeskus.eu\/et\/toode\/aiakuur-nils-82m-alekeskus\/#primaryimage"},"thumbnailUrl":"https:\/\/alekeskus.eu\/wp-content\/uploads\/2022\/09\/Nils_8.2_NATURALaias2025-scaled.jpg","datePublished":"2024-09-12T05:12:00+00:00","dateModified":"2026-02-12T11:55:32+00:00","description":"Aiakuur elementseintega.","breadcrumb":{"@id":"https:\/\/alekeskus.eu\/et\/toode\/aiakuur-nils-82m-alekeskus\/#breadcrumb"},"inLanguage":"et","potentialAction":[{"@type":"ReadAction","target":["https:\/\/alekeskus.eu\/et\/toode\/aiakuur-nils-82m-alekeskus\/"]}]},{"@type":"ImageObject","inLanguage":"et","@id":"https:\/\/alekeskus.eu\/et\/toode\/aiakuur-nils-82m-alekeskus\/#primaryimage","url":"https:\/\/alekeskus.eu\/wp-content\/uploads\/2022\/09\/Nils_8.2_NATURALaias2025-scaled.jpg","contentUrl":"https:\/\/alekeskus.eu\/wp-content\/uploads\/2022\/09\/Nils_8.2_NATURALaias2025-scaled.jpg","width":1600,"height":1200},{"@type":"BreadcrumbList","@id":"https:\/\/alekeskus.eu\/et\/toode\/aiakuur-nils-82m-alekeskus\/#breadcrumb","itemListElement":[{"@type":"ListItem","position":1,"name":"Avaleht","item":"https:\/\/alekeskus.eu\/et\/"},{"@type":"ListItem","position":2,"name":"Pood","item":"https:\/\/alekeskus.eu\/pood\/"},{"@type":"ListItem","position":3,"name":"Aiakuur Nils 8,2 m\u00b2"}]},{"@type":"WebSite","@id":"https:\/\/alekeskus.eu\/#website","url":"https:\/\/alekeskus.eu\/","name":"Alekeskus","description":"Alekeskus.eu","potentialAction":[{"@type":"SearchAction","target":{"@type":"EntryPoint","urlTemplate":"https:\/\/alekeskus.eu\/?s={search_term_string}"},"query-input":{"@type":"PropertyValueSpecification","valueRequired":true,"valueName":"search_term_string"}}],"inLanguage":"et"}]}},"brands":[{"id":18577,"name":"Eesti","slug":"eesti"}],"_links":{"self":[{"href":"https:\/\/alekeskus.eu\/et\/wp-json\/wp\/v2\/product\/70351","targetHints":{"allow":["GET"]}}],"collection":[{"href":"https:\/\/alekeskus.eu\/et\/wp-json\/wp\/v2\/product"}],"about":[{"href":"https:\/\/alekeskus.eu\/et\/wp-json\/wp\/v2\/types\/product"}],"wp:featuredmedia":[{"embeddable":true,"href":"https:\/\/alekeskus.eu\/et\/wp-json\/wp\/v2\/media\/92051"}],"wp:attachment":[{"href":"https:\/\/alekeskus.eu\/et\/wp-json\/wp\/v2\/media?parent=70351"}],"wp:term":[{"taxonomy":"pwb-brand","embeddable":true,"href":"https:\/\/alekeskus.eu\/et\/wp-json\/wp\/v2\/pwb-brand?post=70351"},{"taxonomy":"product_brand","embeddable":true,"href":"https:\/\/alekeskus.eu\/et\/wp-json\/wp\/v2\/product_brand?post=70351"},{"taxonomy":"product_cat","embeddable":true,"href":"https:\/\/alekeskus.eu\/et\/wp-json\/wp\/v2\/product_cat?post=70351"},{"taxonomy":"product_tag","embeddable":true,"href":"https:\/\/alekeskus.eu\/et\/wp-json\/wp\/v2\/product_tag?post=70351"}],"curies":[{"name":"wp","href":"https:\/\/api.w.org\/{rel}","templated":true}]}}