{"id":70728,"date":"2024-11-12T05:16:37","date_gmt":"2024-11-12T05:16:37","guid":{"rendered":"http:\/\/alekeskus.eu\/product\/aiamaja-ly-136m%c2%b2\/"},"modified":"2025-12-05T19:15:39","modified_gmt":"2025-12-05T19:15:39","slug":"aiamaja-lee136m-alekeskus","status":"publish","type":"product","link":"https:\/\/alekeskus.eu\/et\/toode\/aiamaja-lee136m-alekeskus\/","title":{"rendered":"Aiamaja Lee 13,6 m\u00b2 soojustamisvalmidusega"},"content":{"rendered":"<div class=\"&quot;pictogram\">\n<div class=\"&quot;image&quot;\"><strong>Telli lisaks: <\/strong><\/div>\n<div class=\"&quot;image&quot;\">\n<ul>\n<li><strong>sindelkatusekate 8 pk <\/strong><\/li>\n<li><strong>SBS-bituumenkate 5 rll<\/strong><\/li>\n<\/ul>\n<\/div>\n<div class=\"&quot;image&quot;\">\n<div class=\"pictogram qtip-additional-element\">\n<div class=\"description\">\n<div class=\"pictogram qtip-additional-element\">\n<div class=\"description\">\n<div class=\"pictogram qtip-additional-element\">\n<div class=\"description\">Pakend: 6,2&#215;1,2&#215;1,0 m, kaal 2450 kg<\/div>\n<\/div>\n<div class=\"pictogram qtip-additional-element\"><\/div>\n<\/div>\n<\/div>\n<div class=\"pictogram qtip-additional-element\"><\/div>\n<div class=\"pictogram qtip-additional-element\"><\/div>\n<div class=\"pictogram qtip-additional-element\"><\/div>\n<\/div>\n<\/div>\n<div class=\"pictogram qtip-additional-element\"><\/div>\n<div class=\"pictogram qtip-additional-element\"><\/div>\n<div class=\"pictogram qtip-additional-element\"><\/div>\n<\/div>\n<\/div>\n<div class=\"&quot;pictogram\"><\/div>\n<div class=\"&quot;pictogram\"><\/div>\n","protected":false},"excerpt":{"rendered":"<p><strong>V\u00e4lism\u00f5\u00f5dud: 4,52 x 3,3 m. <\/strong><\/p>\n<p><strong>TASUTA VEDU JA MAHALAADIMINE!<\/strong><\/p>\n<ul>\n<li>soojustusvalmis elementseinad kogupaksusega <strong>88 mm<\/strong> (18 mm peensaetud viimistlemata voodrilaud tuulet\u00f5kkekilega, 34 x 70 mm s\u00f5restik)<\/li>\n<li>seina k\u00f5rgused 297 cm ja 203 cm<\/li>\n<li>katus ja p\u00f5rand punnitud 19 mm<\/li>\n<li>immutatud p\u00f5hjaprussid<\/li>\n<li>pakettklaasiga soojustatud uks silinderlukuga 78 x 191 cm<\/li>\n<li>kummitihendid ja silikoon<\/li>\n<li>metallist tilganinaga pakettklaasiga aknad 57 x 165 cm<\/li>\n<li>kinnitusvahendid ja juhend<\/li>\n<li>katusekate lisahinnaga (5 rulli SBS-bituumenrullkatet v\u00f5i 7 pk bituumensindlit)<\/li>\n<li>5 aastane garantii<\/li>\n<li>Eesti toode<\/li>\n<li>vihmakindel veopakend<\/li>\n<\/ul>\n<p>Akende ja uste asukoht muudetav seinakilpide \u00fcmbert\u00f5stmisega.<\/p>\n<p>K\u00fcsi ka paigaldust!<\/p>\n","protected":false},"featured_media":94225,"template":"","meta":{"_monsterinsights_skip_tracking":false,"_monsterinsights_sitenote_active":false,"_monsterinsights_sitenote_note":"","_monsterinsights_sitenote_category":0},"pwb-brand":[],"product_brand":[],"product_cat":[17182,13592,13540,13600,13602,13604,13608],"product_tag":[15468,13815,15898,13841,15923,16272,13894,13913,17515,14253,17526,14818,15216,18033,13813],"class_list":{"0":"post-70728","1":"product","2":"type-product","3":"status-publish","4":"has-post-thumbnail","6":"product_cat-suvekoogid-alekeskus","7":"product_cat-aia-ja-grillmajad","8":"product_cat-hooned-alekeskus","9":"product_cat-kuurid-aidad-kioskid","10":"product_cat-elementmajad","11":"product_cat-saunad","12":"product_cat-kontorid","13":"product_tag-elementmaja","14":"product_tag-kuur","15":"product_tag-ly","16":"product_tag-soojak","17":"product_tag-kilpmaja","18":"product_tag-aiamajade-pustitamine","19":"product_tag-puitmaja","20":"product_tag-vierasmaja","21":"product_tag-saunamokki","22":"product_tag-rannamaja","23":"product_tag-elmenttirakenteinen","24":"product_tag-kilp","25":"product_tag-ait","26":"product_tag-rantamokki-2","27":"product_tag-aiamaja","28":"product_shipping_class-tasuta-transport-alates-1000kg","29":"pa_garantii-5-aastat","30":"pa_kohaletoimetamine-tasuta-mandri-eestis-ja-suursaartel-soome-alates-699e","31":"pa_laoasukoht-tartumaa","32":"pa_pindalam-15900","33":"pa_seinapaksus-88-mm","34":"pa_tellimisaeg-tilausaika-alekeskus","35":"pa_varv-viimistlemata","36":"pa_veame-eesti-ja-soome","38":"first","39":"instock","40":"taxable","41":"shipping-taxable","42":"purchasable","43":"product-type-simple"},"yoast_head":"<!-- This site is optimized with the Yoast SEO plugin v27.3 - https:\/\/yoast.com\/product\/yoast-seo-wordpress\/ -->\n<title>Aiamaja Lee 13,6 m\u00b2 soojustamisvalmidusega - Alekeskus<\/title>\n<meta name=\"description\" content=\"aiamaja Lee tasuta veoga ja mahalaadimisega\" \/>\n<meta name=\"robots\" content=\"index, follow, max-snippet:-1, max-image-preview:large, max-video-preview:-1\" \/>\n<link rel=\"canonical\" href=\"https:\/\/alekeskus.eu\/toode\/aiamaja-lee136m-alekeskus\/\" \/>\n<meta property=\"og:locale\" content=\"et_EE\" \/>\n<meta property=\"og:type\" content=\"article\" \/>\n<meta property=\"og:title\" content=\"Aiamaja Lee 13,6 m\u00b2 soojustamisvalmidusega - Alekeskus\" \/>\n<meta property=\"og:description\" content=\"aiamaja Lee tasuta veoga ja mahalaadimisega\" \/>\n<meta property=\"og:url\" content=\"https:\/\/alekeskus.eu\/toode\/aiamaja-lee136m-alekeskus\/\" \/>\n<meta property=\"og:site_name\" content=\"Alekeskus\" \/>\n<meta property=\"article:modified_time\" content=\"2025-12-05T19:15:39+00:00\" \/>\n<meta property=\"og:image\" content=\"https:\/\/alekeskus.eu\/wp-content\/uploads\/2024\/11\/Ly_13.6_NATURAL_wb2025-.jpg\" \/>\n\t<meta property=\"og:image:width\" content=\"2500\" \/>\n\t<meta property=\"og:image:height\" content=\"1875\" \/>\n\t<meta property=\"og:image:type\" content=\"image\/jpeg\" \/>\n<meta name=\"twitter:card\" content=\"summary_large_image\" \/>\n<meta name=\"twitter:label1\" content=\"Est. reading time\" \/>\n\t<meta name=\"twitter:data1\" content=\"1 minut\" \/>\n<script type=\"application\/ld+json\" class=\"yoast-schema-graph\">{\"@context\":\"https:\\\/\\\/schema.org\",\"@graph\":[{\"@type\":\"WebPage\",\"@id\":\"https:\\\/\\\/alekeskus.eu\\\/toode\\\/aiamaja-lee136m-alekeskus\\\/\",\"url\":\"https:\\\/\\\/alekeskus.eu\\\/toode\\\/aiamaja-lee136m-alekeskus\\\/\",\"name\":\"Aiamaja Lee 13,6 m\u00b2 soojustamisvalmidusega - Alekeskus\",\"isPartOf\":{\"@id\":\"https:\\\/\\\/alekeskus.eu\\\/#website\"},\"primaryImageOfPage\":{\"@id\":\"https:\\\/\\\/alekeskus.eu\\\/toode\\\/aiamaja-lee136m-alekeskus\\\/#primaryimage\"},\"image\":{\"@id\":\"https:\\\/\\\/alekeskus.eu\\\/toode\\\/aiamaja-lee136m-alekeskus\\\/#primaryimage\"},\"thumbnailUrl\":\"https:\\\/\\\/alekeskus.eu\\\/wp-content\\\/uploads\\\/2024\\\/11\\\/Ly_13.6_NATURAL_wb2025-.jpg\",\"datePublished\":\"2024-11-12T05:16:37+00:00\",\"dateModified\":\"2025-12-05T19:15:39+00:00\",\"description\":\"aiamaja Lee tasuta veoga ja mahalaadimisega\",\"breadcrumb\":{\"@id\":\"https:\\\/\\\/alekeskus.eu\\\/toode\\\/aiamaja-lee136m-alekeskus\\\/#breadcrumb\"},\"inLanguage\":\"et\",\"potentialAction\":[{\"@type\":\"ReadAction\",\"target\":[\"https:\\\/\\\/alekeskus.eu\\\/toode\\\/aiamaja-lee136m-alekeskus\\\/\"]}]},{\"@type\":\"ImageObject\",\"inLanguage\":\"et\",\"@id\":\"https:\\\/\\\/alekeskus.eu\\\/toode\\\/aiamaja-lee136m-alekeskus\\\/#primaryimage\",\"url\":\"https:\\\/\\\/alekeskus.eu\\\/wp-content\\\/uploads\\\/2024\\\/11\\\/Ly_13.6_NATURAL_wb2025-.jpg\",\"contentUrl\":\"https:\\\/\\\/alekeskus.eu\\\/wp-content\\\/uploads\\\/2024\\\/11\\\/Ly_13.6_NATURAL_wb2025-.jpg\",\"width\":1600,\"height\":1200},{\"@type\":\"BreadcrumbList\",\"@id\":\"https:\\\/\\\/alekeskus.eu\\\/toode\\\/aiamaja-lee136m-alekeskus\\\/#breadcrumb\",\"itemListElement\":[{\"@type\":\"ListItem\",\"position\":1,\"name\":\"Avaleht\",\"item\":\"https:\\\/\\\/alekeskus.eu\\\/et\\\/\"},{\"@type\":\"ListItem\",\"position\":2,\"name\":\"Pood\",\"item\":\"https:\\\/\\\/alekeskus.eu\\\/pood\\\/\"},{\"@type\":\"ListItem\",\"position\":3,\"name\":\"Aiamaja Lee 13,6 m\u00b2 soojustamisvalmidusega\"}]},{\"@type\":\"WebSite\",\"@id\":\"https:\\\/\\\/alekeskus.eu\\\/#website\",\"url\":\"https:\\\/\\\/alekeskus.eu\\\/\",\"name\":\"Alekeskus\",\"description\":\"Alekeskus.eu\",\"potentialAction\":[{\"@type\":\"SearchAction\",\"target\":{\"@type\":\"EntryPoint\",\"urlTemplate\":\"https:\\\/\\\/alekeskus.eu\\\/?s={search_term_string}\"},\"query-input\":{\"@type\":\"PropertyValueSpecification\",\"valueRequired\":true,\"valueName\":\"search_term_string\"}}],\"inLanguage\":\"et\"}]}<\/script>\n<!-- \/ Yoast SEO plugin. -->","yoast_head_json":{"title":"Aiamaja Lee 13,6 m\u00b2 soojustamisvalmidusega - Alekeskus","description":"aiamaja Lee tasuta veoga ja mahalaadimisega","robots":{"index":"index","follow":"follow","max-snippet":"max-snippet:-1","max-image-preview":"max-image-preview:large","max-video-preview":"max-video-preview:-1"},"canonical":"https:\/\/alekeskus.eu\/toode\/aiamaja-lee136m-alekeskus\/","og_locale":"et_EE","og_type":"article","og_title":"Aiamaja Lee 13,6 m\u00b2 soojustamisvalmidusega - Alekeskus","og_description":"aiamaja Lee tasuta veoga ja mahalaadimisega","og_url":"https:\/\/alekeskus.eu\/toode\/aiamaja-lee136m-alekeskus\/","og_site_name":"Alekeskus","article_modified_time":"2025-12-05T19:15:39+00:00","og_image":[{"width":2500,"height":1875,"url":"https:\/\/alekeskus.eu\/wp-content\/uploads\/2024\/11\/Ly_13.6_NATURAL_wb2025-.jpg","type":"image\/jpeg"}],"twitter_card":"summary_large_image","twitter_misc":{"Est. reading time":"1 minut"},"schema":{"@context":"https:\/\/schema.org","@graph":[{"@type":"WebPage","@id":"https:\/\/alekeskus.eu\/toode\/aiamaja-lee136m-alekeskus\/","url":"https:\/\/alekeskus.eu\/toode\/aiamaja-lee136m-alekeskus\/","name":"Aiamaja Lee 13,6 m\u00b2 soojustamisvalmidusega - Alekeskus","isPartOf":{"@id":"https:\/\/alekeskus.eu\/#website"},"primaryImageOfPage":{"@id":"https:\/\/alekeskus.eu\/toode\/aiamaja-lee136m-alekeskus\/#primaryimage"},"image":{"@id":"https:\/\/alekeskus.eu\/toode\/aiamaja-lee136m-alekeskus\/#primaryimage"},"thumbnailUrl":"https:\/\/alekeskus.eu\/wp-content\/uploads\/2024\/11\/Ly_13.6_NATURAL_wb2025-.jpg","datePublished":"2024-11-12T05:16:37+00:00","dateModified":"2025-12-05T19:15:39+00:00","description":"aiamaja Lee tasuta veoga ja mahalaadimisega","breadcrumb":{"@id":"https:\/\/alekeskus.eu\/toode\/aiamaja-lee136m-alekeskus\/#breadcrumb"},"inLanguage":"et","potentialAction":[{"@type":"ReadAction","target":["https:\/\/alekeskus.eu\/toode\/aiamaja-lee136m-alekeskus\/"]}]},{"@type":"ImageObject","inLanguage":"et","@id":"https:\/\/alekeskus.eu\/toode\/aiamaja-lee136m-alekeskus\/#primaryimage","url":"https:\/\/alekeskus.eu\/wp-content\/uploads\/2024\/11\/Ly_13.6_NATURAL_wb2025-.jpg","contentUrl":"https:\/\/alekeskus.eu\/wp-content\/uploads\/2024\/11\/Ly_13.6_NATURAL_wb2025-.jpg","width":1600,"height":1200},{"@type":"BreadcrumbList","@id":"https:\/\/alekeskus.eu\/toode\/aiamaja-lee136m-alekeskus\/#breadcrumb","itemListElement":[{"@type":"ListItem","position":1,"name":"Avaleht","item":"https:\/\/alekeskus.eu\/et\/"},{"@type":"ListItem","position":2,"name":"Pood","item":"https:\/\/alekeskus.eu\/pood\/"},{"@type":"ListItem","position":3,"name":"Aiamaja Lee 13,6 m\u00b2 soojustamisvalmidusega"}]},{"@type":"WebSite","@id":"https:\/\/alekeskus.eu\/#website","url":"https:\/\/alekeskus.eu\/","name":"Alekeskus","description":"Alekeskus.eu","potentialAction":[{"@type":"SearchAction","target":{"@type":"EntryPoint","urlTemplate":"https:\/\/alekeskus.eu\/?s={search_term_string}"},"query-input":{"@type":"PropertyValueSpecification","valueRequired":true,"valueName":"search_term_string"}}],"inLanguage":"et"}]}},"brands":[],"_links":{"self":[{"href":"https:\/\/alekeskus.eu\/et\/wp-json\/wp\/v2\/product\/70728","targetHints":{"allow":["GET"]}}],"collection":[{"href":"https:\/\/alekeskus.eu\/et\/wp-json\/wp\/v2\/product"}],"about":[{"href":"https:\/\/alekeskus.eu\/et\/wp-json\/wp\/v2\/types\/product"}],"wp:featuredmedia":[{"embeddable":true,"href":"https:\/\/alekeskus.eu\/et\/wp-json\/wp\/v2\/media\/94225"}],"wp:attachment":[{"href":"https:\/\/alekeskus.eu\/et\/wp-json\/wp\/v2\/media?parent=70728"}],"wp:term":[{"taxonomy":"pwb-brand","embeddable":true,"href":"https:\/\/alekeskus.eu\/et\/wp-json\/wp\/v2\/pwb-brand?post=70728"},{"taxonomy":"product_brand","embeddable":true,"href":"https:\/\/alekeskus.eu\/et\/wp-json\/wp\/v2\/product_brand?post=70728"},{"taxonomy":"product_cat","embeddable":true,"href":"https:\/\/alekeskus.eu\/et\/wp-json\/wp\/v2\/product_cat?post=70728"},{"taxonomy":"product_tag","embeddable":true,"href":"https:\/\/alekeskus.eu\/et\/wp-json\/wp\/v2\/product_tag?post=70728"}],"curies":[{"name":"wp","href":"https:\/\/api.w.org\/{rel}","templated":true}]}}