{"id":70810,"date":"2023-11-12T05:17:04","date_gmt":"2023-11-12T05:17:04","guid":{"rendered":"http:\/\/alekeskus.eu\/product\/aiamaja-hedwig-136m%c2%b2\/"},"modified":"2025-12-05T18:36:39","modified_gmt":"2025-12-05T18:36:39","slug":"aiamaja-hedvig-136-alekeskus","status":"publish","type":"product","link":"https:\/\/alekeskus.eu\/et\/toode\/aiamaja-hedvig-136-alekeskus\/","title":{"rendered":"Aiamaja Hedvig 13,6 m\u00b2 soojustamisvalmidusega"},"content":{"rendered":"<div class=\"&quot;pictogram\">\n<div class=\"&quot;image&quot;\"><strong>Telli lisaks: <\/strong><\/div>\n<div class=\"&quot;image&quot;\">\n<ul>\n<li><strong>bituumensindelkatus 8 pakki<\/strong><\/li>\n<li><strong>SBS-bituumenkate 5 rulli\u00a0<\/strong><\/li>\n<li><strong>vihmaveerennid\u00a0<\/strong><\/li>\n<\/ul>\n<\/div>\n<div class=\"&quot;image&quot;\">\n<div class=\"pictogram qtip-additional-element\">\n<div class=\"description\">\n<div class=\"pictogram qtip-additional-element\">\n<div class=\"description\">\n<div class=\"pictogram qtip-additional-element\">\n<div class=\"description\">Pakend: 6,5&#215;1,2&#215;1,0 m; kaal 1150 kg<\/div>\n<div>Paigaldusjuhend: <a href=\"https:\/\/alekeskus.eu\/wp-content\/uploads\/2022\/11\/Hedwig136ohje.pdf\">Hedwig13,6ohje<\/a><\/div>\n<\/div>\n<div class=\"pictogram qtip-additional-element\"><\/div>\n<\/div>\n<\/div>\n<div class=\"pictogram qtip-additional-element\"><\/div>\n<div class=\"pictogram qtip-additional-element\"><\/div>\n<div class=\"pictogram qtip-additional-element\"><\/div>\n<\/div>\n<\/div>\n<div class=\"pictogram qtip-additional-element\"><\/div>\n<div class=\"pictogram qtip-additional-element\"><\/div>\n<div class=\"pictogram qtip-additional-element\"><\/div>\n<\/div>\n<\/div>\n<div class=\"&quot;pictogram\"><\/div>\n<div class=\"&quot;pictogram\"><\/div>\n","protected":false},"excerpt":{"rendered":"<p><strong>V\u00e4lism\u00f5\u00f5dud: 4,52 x 3,3 m. <\/strong><\/p>\n<p><strong>TASUTA VEDU JA MAHALAADIMINE!<\/strong><\/p>\n<ul>\n<li>soojustusvalmidusega elementseinad kogupaksusega 88 mm (18 mm peensaetud viimistlemata voodrilaud tuulet\u00f5kkekilega, 34 x 70 mm s\u00f5restik)<\/li>\n<li>harja k\u00f5rgus 297 cm ja r\u00e4\u00e4sta k\u00f5rgus 203 cm<\/li>\n<li>katus ja p\u00f5rand 19 mm punnitud lauad<\/li>\n<li>puidukaitsega t\u00f6\u00f6deldud p\u00f5hjaprussid<\/li>\n<li>pakettklaasiga soojustatud uks silinderlukuga 78 x 191 cm<\/li>\n<li>kummitihendid ja silikoon<\/li>\n<li>pakettklaasiga ja metallist tilganinaga aknad 57 x 86 cm<\/li>\n<li>kinnitusvahendid ja juhend<\/li>\n<li>katusekate lisahinnaga (5 rulli SBS-bituumekatet v\u00f5i 8 pk bituumensindlit)<\/li>\n<li>5 aastane garantii<\/li>\n<li>Eesti toode<\/li>\n<li>akende ja uste asukoht muudetav seinakilpide \u00fcmbert\u00f5stmisega<\/li>\n<\/ul>\n<p>K\u00fcsi ka paigaldust!<\/p>\n","protected":false},"featured_media":76716,"template":"","meta":{"_monsterinsights_skip_tracking":false,"_monsterinsights_sitenote_active":false,"_monsterinsights_sitenote_note":"","_monsterinsights_sitenote_category":0},"pwb-brand":[],"product_brand":[],"product_cat":[17182,13592,13540,13600,13602,13604,13608],"product_tag":[13841,15912,15913,13913,14000,14681,14768,14818,17886,13813,15216,17887,13815,15468,18258,13840,15470],"class_list":{"0":"post-70810","1":"product","2":"type-product","3":"status-publish","4":"has-post-thumbnail","6":"product_cat-suvekoogid-alekeskus","7":"product_cat-aia-ja-grillmajad","8":"product_cat-hooned-alekeskus","9":"product_cat-kuurid-aidad-kioskid","10":"product_cat-elementmajad","11":"product_cat-saunad","12":"product_cat-kontorid","13":"product_tag-soojak","14":"product_tag-hedwig","15":"product_tag-hedvig","16":"product_tag-vierasmaja","17":"product_tag-palmako","18":"product_tag-element","19":"product_tag-garden","20":"product_tag-kilp","21":"product_tag-puitkuur","22":"product_tag-aiamaja","23":"product_tag-ait","24":"product_tag-puidust-aiamaja","25":"product_tag-kuur","26":"product_tag-elementmaja","27":"product_tag-elementtitalo","28":"product_tag-kontor","29":"product_tag-elementtirakenteinen","30":"product_shipping_class-tasuta-transport-alates-1000kg","31":"pa_garantii-5-aastat","32":"pa_kohaletoimetamine-tasuta-mandri-eestis-ja-suursaartel-soome-alates-699e","33":"pa_laoasukoht-tartumaa","34":"pa_pindalam-15900","35":"pa_seinapaksus-88-mm","36":"pa_tellimisaeg-kuni-4-nadalat","37":"pa_varv-viimistlemata","38":"pa_veame-eesti-ja-soome","40":"first","41":"instock","42":"taxable","43":"shipping-taxable","44":"purchasable","45":"product-type-simple"},"yoast_head":"<!-- This site is optimized with the Yoast SEO plugin v27.3 - https:\/\/yoast.com\/product\/yoast-seo-wordpress\/ -->\n<title>Aiamaja Hedvig 13,6 m\u00b2 soojustamisvalmidusega - Alekeskus<\/title>\n<meta name=\"description\" content=\"aiamaja soojustusvalmidusega elementseintega\" \/>\n<meta name=\"robots\" content=\"index, follow, max-snippet:-1, max-image-preview:large, max-video-preview:-1\" \/>\n<link rel=\"canonical\" href=\"https:\/\/alekeskus.eu\/toode\/aiamaja-hedvig-136-alekeskus\/\" \/>\n<meta property=\"og:locale\" content=\"et_EE\" \/>\n<meta property=\"og:type\" content=\"article\" \/>\n<meta property=\"og:title\" content=\"Aiamaja Hedvig 13,6 m\u00b2 soojustamisvalmidusega - Alekeskus\" \/>\n<meta property=\"og:description\" content=\"aiamaja soojustusvalmidusega elementseintega\" \/>\n<meta property=\"og:url\" content=\"https:\/\/alekeskus.eu\/toode\/aiamaja-hedvig-136-alekeskus\/\" \/>\n<meta property=\"og:site_name\" content=\"Alekeskus\" \/>\n<meta property=\"article:modified_time\" content=\"2025-12-05T18:36:39+00:00\" \/>\n<meta property=\"og:image\" content=\"https:\/\/alekeskus.eu\/wp-content\/uploads\/2021\/11\/Hedwig_13.6_m2-rannas-scaled.jpg\" \/>\n\t<meta property=\"og:image:width\" content=\"2560\" \/>\n\t<meta property=\"og:image:height\" content=\"1629\" \/>\n\t<meta property=\"og:image:type\" content=\"image\/jpeg\" \/>\n<meta name=\"twitter:card\" content=\"summary_large_image\" \/>\n<meta name=\"twitter:label1\" content=\"Est. reading time\" \/>\n\t<meta name=\"twitter:data1\" content=\"1 minut\" \/>\n<script type=\"application\/ld+json\" class=\"yoast-schema-graph\">{\"@context\":\"https:\\\/\\\/schema.org\",\"@graph\":[{\"@type\":\"WebPage\",\"@id\":\"https:\\\/\\\/alekeskus.eu\\\/toode\\\/aiamaja-hedvig-136-alekeskus\\\/\",\"url\":\"https:\\\/\\\/alekeskus.eu\\\/toode\\\/aiamaja-hedvig-136-alekeskus\\\/\",\"name\":\"Aiamaja Hedvig 13,6 m\u00b2 soojustamisvalmidusega - Alekeskus\",\"isPartOf\":{\"@id\":\"https:\\\/\\\/alekeskus.eu\\\/#website\"},\"primaryImageOfPage\":{\"@id\":\"https:\\\/\\\/alekeskus.eu\\\/toode\\\/aiamaja-hedvig-136-alekeskus\\\/#primaryimage\"},\"image\":{\"@id\":\"https:\\\/\\\/alekeskus.eu\\\/toode\\\/aiamaja-hedvig-136-alekeskus\\\/#primaryimage\"},\"thumbnailUrl\":\"https:\\\/\\\/alekeskus.eu\\\/wp-content\\\/uploads\\\/2021\\\/11\\\/Hedwig_13.6_m2-rannas-scaled.jpg\",\"datePublished\":\"2023-11-12T05:17:04+00:00\",\"dateModified\":\"2025-12-05T18:36:39+00:00\",\"description\":\"aiamaja soojustusvalmidusega elementseintega\",\"breadcrumb\":{\"@id\":\"https:\\\/\\\/alekeskus.eu\\\/toode\\\/aiamaja-hedvig-136-alekeskus\\\/#breadcrumb\"},\"inLanguage\":\"et\",\"potentialAction\":[{\"@type\":\"ReadAction\",\"target\":[\"https:\\\/\\\/alekeskus.eu\\\/toode\\\/aiamaja-hedvig-136-alekeskus\\\/\"]}]},{\"@type\":\"ImageObject\",\"inLanguage\":\"et\",\"@id\":\"https:\\\/\\\/alekeskus.eu\\\/toode\\\/aiamaja-hedvig-136-alekeskus\\\/#primaryimage\",\"url\":\"https:\\\/\\\/alekeskus.eu\\\/wp-content\\\/uploads\\\/2021\\\/11\\\/Hedwig_13.6_m2-rannas-scaled.jpg\",\"contentUrl\":\"https:\\\/\\\/alekeskus.eu\\\/wp-content\\\/uploads\\\/2021\\\/11\\\/Hedwig_13.6_m2-rannas-scaled.jpg\",\"width\":1600,\"height\":1018},{\"@type\":\"BreadcrumbList\",\"@id\":\"https:\\\/\\\/alekeskus.eu\\\/toode\\\/aiamaja-hedvig-136-alekeskus\\\/#breadcrumb\",\"itemListElement\":[{\"@type\":\"ListItem\",\"position\":1,\"name\":\"Avaleht\",\"item\":\"https:\\\/\\\/alekeskus.eu\\\/et\\\/\"},{\"@type\":\"ListItem\",\"position\":2,\"name\":\"Pood\",\"item\":\"https:\\\/\\\/alekeskus.eu\\\/pood\\\/\"},{\"@type\":\"ListItem\",\"position\":3,\"name\":\"Aiamaja Hedvig 13,6 m\u00b2 soojustamisvalmidusega\"}]},{\"@type\":\"WebSite\",\"@id\":\"https:\\\/\\\/alekeskus.eu\\\/#website\",\"url\":\"https:\\\/\\\/alekeskus.eu\\\/\",\"name\":\"Alekeskus\",\"description\":\"Alekeskus.eu\",\"potentialAction\":[{\"@type\":\"SearchAction\",\"target\":{\"@type\":\"EntryPoint\",\"urlTemplate\":\"https:\\\/\\\/alekeskus.eu\\\/?s={search_term_string}\"},\"query-input\":{\"@type\":\"PropertyValueSpecification\",\"valueRequired\":true,\"valueName\":\"search_term_string\"}}],\"inLanguage\":\"et\"}]}<\/script>\n<!-- \/ Yoast SEO plugin. -->","yoast_head_json":{"title":"Aiamaja Hedvig 13,6 m\u00b2 soojustamisvalmidusega - Alekeskus","description":"aiamaja soojustusvalmidusega elementseintega","robots":{"index":"index","follow":"follow","max-snippet":"max-snippet:-1","max-image-preview":"max-image-preview:large","max-video-preview":"max-video-preview:-1"},"canonical":"https:\/\/alekeskus.eu\/toode\/aiamaja-hedvig-136-alekeskus\/","og_locale":"et_EE","og_type":"article","og_title":"Aiamaja Hedvig 13,6 m\u00b2 soojustamisvalmidusega - Alekeskus","og_description":"aiamaja soojustusvalmidusega elementseintega","og_url":"https:\/\/alekeskus.eu\/toode\/aiamaja-hedvig-136-alekeskus\/","og_site_name":"Alekeskus","article_modified_time":"2025-12-05T18:36:39+00:00","og_image":[{"width":2560,"height":1629,"url":"https:\/\/alekeskus.eu\/wp-content\/uploads\/2021\/11\/Hedwig_13.6_m2-rannas-scaled.jpg","type":"image\/jpeg"}],"twitter_card":"summary_large_image","twitter_misc":{"Est. reading time":"1 minut"},"schema":{"@context":"https:\/\/schema.org","@graph":[{"@type":"WebPage","@id":"https:\/\/alekeskus.eu\/toode\/aiamaja-hedvig-136-alekeskus\/","url":"https:\/\/alekeskus.eu\/toode\/aiamaja-hedvig-136-alekeskus\/","name":"Aiamaja Hedvig 13,6 m\u00b2 soojustamisvalmidusega - Alekeskus","isPartOf":{"@id":"https:\/\/alekeskus.eu\/#website"},"primaryImageOfPage":{"@id":"https:\/\/alekeskus.eu\/toode\/aiamaja-hedvig-136-alekeskus\/#primaryimage"},"image":{"@id":"https:\/\/alekeskus.eu\/toode\/aiamaja-hedvig-136-alekeskus\/#primaryimage"},"thumbnailUrl":"https:\/\/alekeskus.eu\/wp-content\/uploads\/2021\/11\/Hedwig_13.6_m2-rannas-scaled.jpg","datePublished":"2023-11-12T05:17:04+00:00","dateModified":"2025-12-05T18:36:39+00:00","description":"aiamaja soojustusvalmidusega elementseintega","breadcrumb":{"@id":"https:\/\/alekeskus.eu\/toode\/aiamaja-hedvig-136-alekeskus\/#breadcrumb"},"inLanguage":"et","potentialAction":[{"@type":"ReadAction","target":["https:\/\/alekeskus.eu\/toode\/aiamaja-hedvig-136-alekeskus\/"]}]},{"@type":"ImageObject","inLanguage":"et","@id":"https:\/\/alekeskus.eu\/toode\/aiamaja-hedvig-136-alekeskus\/#primaryimage","url":"https:\/\/alekeskus.eu\/wp-content\/uploads\/2021\/11\/Hedwig_13.6_m2-rannas-scaled.jpg","contentUrl":"https:\/\/alekeskus.eu\/wp-content\/uploads\/2021\/11\/Hedwig_13.6_m2-rannas-scaled.jpg","width":1600,"height":1018},{"@type":"BreadcrumbList","@id":"https:\/\/alekeskus.eu\/toode\/aiamaja-hedvig-136-alekeskus\/#breadcrumb","itemListElement":[{"@type":"ListItem","position":1,"name":"Avaleht","item":"https:\/\/alekeskus.eu\/et\/"},{"@type":"ListItem","position":2,"name":"Pood","item":"https:\/\/alekeskus.eu\/pood\/"},{"@type":"ListItem","position":3,"name":"Aiamaja Hedvig 13,6 m\u00b2 soojustamisvalmidusega"}]},{"@type":"WebSite","@id":"https:\/\/alekeskus.eu\/#website","url":"https:\/\/alekeskus.eu\/","name":"Alekeskus","description":"Alekeskus.eu","potentialAction":[{"@type":"SearchAction","target":{"@type":"EntryPoint","urlTemplate":"https:\/\/alekeskus.eu\/?s={search_term_string}"},"query-input":{"@type":"PropertyValueSpecification","valueRequired":true,"valueName":"search_term_string"}}],"inLanguage":"et"}]}},"brands":[],"_links":{"self":[{"href":"https:\/\/alekeskus.eu\/et\/wp-json\/wp\/v2\/product\/70810","targetHints":{"allow":["GET"]}}],"collection":[{"href":"https:\/\/alekeskus.eu\/et\/wp-json\/wp\/v2\/product"}],"about":[{"href":"https:\/\/alekeskus.eu\/et\/wp-json\/wp\/v2\/types\/product"}],"wp:featuredmedia":[{"embeddable":true,"href":"https:\/\/alekeskus.eu\/et\/wp-json\/wp\/v2\/media\/76716"}],"wp:attachment":[{"href":"https:\/\/alekeskus.eu\/et\/wp-json\/wp\/v2\/media?parent=70810"}],"wp:term":[{"taxonomy":"pwb-brand","embeddable":true,"href":"https:\/\/alekeskus.eu\/et\/wp-json\/wp\/v2\/pwb-brand?post=70810"},{"taxonomy":"product_brand","embeddable":true,"href":"https:\/\/alekeskus.eu\/et\/wp-json\/wp\/v2\/product_brand?post=70810"},{"taxonomy":"product_cat","embeddable":true,"href":"https:\/\/alekeskus.eu\/et\/wp-json\/wp\/v2\/product_cat?post=70810"},{"taxonomy":"product_tag","embeddable":true,"href":"https:\/\/alekeskus.eu\/et\/wp-json\/wp\/v2\/product_tag?post=70810"}],"curies":[{"name":"wp","href":"https:\/\/api.w.org\/{rel}","templated":true}]}}