{"id":70916,"date":"2021-11-12T05:17:46","date_gmt":"2021-11-12T05:17:46","guid":{"rendered":"http:\/\/alekeskus.eu\/?post_type=product&#038;p=70916"},"modified":"2026-01-10T14:25:07","modified_gmt":"2026-01-10T14:25:07","slug":"aiamaja-kontor-airi-22-alumiiniumliuguksega-alekeskus","status":"publish","type":"product","link":"https:\/\/alekeskus.eu\/et\/toode\/aiamaja-kontor-airi-22-alumiiniumliuguksega-alekeskus\/","title":{"rendered":"Aiamaja-kodukontor Airi 22 alumiiniumliuguksega"},"content":{"rendered":"<div>\n<div id=\"pilt_3263\">Alumiiniumliuguksed 229&#215;185 cm, 171&#215;185 cm<\/div>\n<\/div>\n","protected":false},"excerpt":{"rendered":"<p>V\u00e4lism\u00f5\u00f5dud:<strong> 6,0\u00a0x 3,6 cm.\u00a0<\/strong><\/p>\n<p><strong>Valmis p\u00f5randa- ja seinakilpidega\u00a0<\/strong>ning<strong> 2 ilmastikukindla<\/strong>\u00a0<strong>lukustatava alumiiniumist liuguksega(karastatud klaasiga <\/strong>229&#215;185 cm, 171&#215;185 cm) valgusk\u00fcllane suvemaja-kodukontor.<\/p>\n<p>Katusekate ei sisaldu hinnas.<\/p>\n<p>Garantii 2 aastat. Eesti toode.<\/p>\n<p>K\u00fcsi ka paigaldust! Vajadusel kaasa joonised ehitusloa taotlemiseks.<\/p>\n","protected":false},"featured_media":70902,"template":"","meta":{"_monsterinsights_skip_tracking":false,"_monsterinsights_sitenote_active":false,"_monsterinsights_sitenote_note":"","_monsterinsights_sitenote_category":0},"pwb-brand":[],"product_brand":[],"product_cat":[13592,13540,13602,13608],"product_tag":[14681,13813,15276,15923,13846,13898,13899,13913,13970,14310],"class_list":{"0":"post-70916","1":"product","2":"type-product","3":"status-publish","4":"has-post-thumbnail","6":"product_cat-aia-ja-grillmajad","7":"product_cat-hooned-alekeskus","8":"product_cat-elementmajad","9":"product_cat-kontorid","10":"product_tag-element","11":"product_tag-aiamaja","12":"product_tag-pihatoimisto","13":"product_tag-kilpmaja","14":"product_tag-office","15":"product_tag-airi","16":"product_tag-garden-house","17":"product_tag-vierasmaja","18":"product_tag-suvila","19":"product_tag-kodukontor","20":"product_shipping_class-alates-1000kg","21":"pa_garantii-2-aastat","22":"pa_kaalkg-1690-kg","23":"pa_laoasukoht-vorumaa","24":"pa_pakendimoodud-480x120x160cm","25":"pa_pindalam-18847","26":"pa_tellimisaeg-tilausaika-alekeskus","27":"pa_varv-viimistlemata","28":"pa_veame-eesti-ja-soome","30":"first","31":"onbackorder","32":"taxable","33":"shipping-taxable","34":"purchasable","35":"product-type-simple"},"yoast_head":"<!-- This site is optimized with the Yoast SEO plugin v27.3 - https:\/\/yoast.com\/product\/yoast-seo-wordpress\/ -->\n<title>Aiamaja-kodukontor Airi 22 alumiiniumliuguksega - Alekeskus<\/title>\n<meta name=\"description\" content=\"Kodukontor alumiiniumliuguksega\" \/>\n<meta name=\"robots\" content=\"index, follow, max-snippet:-1, max-image-preview:large, max-video-preview:-1\" \/>\n<link rel=\"canonical\" href=\"https:\/\/alekeskus.eu\/toode\/aiamaja-kontor-airi-22-alumiiniumliuguksega-alekeskus\/\" \/>\n<meta property=\"og:locale\" content=\"et_EE\" \/>\n<meta property=\"og:type\" content=\"article\" \/>\n<meta property=\"og:title\" content=\"Aiamaja-kodukontor Airi 22 alumiiniumliuguksega - Alekeskus\" \/>\n<meta property=\"og:description\" content=\"Kodukontor alumiiniumliuguksega\" \/>\n<meta property=\"og:url\" content=\"https:\/\/alekeskus.eu\/toode\/aiamaja-kontor-airi-22-alumiiniumliuguksega-alekeskus\/\" \/>\n<meta property=\"og:site_name\" content=\"Alekeskus\" \/>\n<meta property=\"article:modified_time\" content=\"2026-01-10T14:25:07+00:00\" \/>\n<meta property=\"og:image\" content=\"https:\/\/alekeskus.eu\/wp-content\/uploads\/2021\/11\/676aiamaja-kontor-airi-22-alumiiniumliuguksega-0.jpg\" \/>\n\t<meta property=\"og:image:width\" content=\"400\" \/>\n\t<meta property=\"og:image:height\" content=\"225\" \/>\n\t<meta property=\"og:image:type\" content=\"image\/jpeg\" \/>\n<meta name=\"twitter:card\" content=\"summary_large_image\" \/>\n<meta name=\"twitter:label1\" content=\"Est. reading time\" \/>\n\t<meta name=\"twitter:data1\" content=\"1 minut\" \/>\n<script type=\"application\/ld+json\" class=\"yoast-schema-graph\">{\"@context\":\"https:\\\/\\\/schema.org\",\"@graph\":[{\"@type\":\"WebPage\",\"@id\":\"https:\\\/\\\/alekeskus.eu\\\/toode\\\/aiamaja-kontor-airi-22-alumiiniumliuguksega-alekeskus\\\/\",\"url\":\"https:\\\/\\\/alekeskus.eu\\\/toode\\\/aiamaja-kontor-airi-22-alumiiniumliuguksega-alekeskus\\\/\",\"name\":\"Aiamaja-kodukontor Airi 22 alumiiniumliuguksega - Alekeskus\",\"isPartOf\":{\"@id\":\"https:\\\/\\\/alekeskus.eu\\\/#website\"},\"primaryImageOfPage\":{\"@id\":\"https:\\\/\\\/alekeskus.eu\\\/toode\\\/aiamaja-kontor-airi-22-alumiiniumliuguksega-alekeskus\\\/#primaryimage\"},\"image\":{\"@id\":\"https:\\\/\\\/alekeskus.eu\\\/toode\\\/aiamaja-kontor-airi-22-alumiiniumliuguksega-alekeskus\\\/#primaryimage\"},\"thumbnailUrl\":\"https:\\\/\\\/alekeskus.eu\\\/wp-content\\\/uploads\\\/2021\\\/11\\\/676aiamaja-kontor-airi-22-alumiiniumliuguksega-0.jpg\",\"datePublished\":\"2021-11-12T05:17:46+00:00\",\"dateModified\":\"2026-01-10T14:25:07+00:00\",\"description\":\"Kodukontor alumiiniumliuguksega\",\"breadcrumb\":{\"@id\":\"https:\\\/\\\/alekeskus.eu\\\/toode\\\/aiamaja-kontor-airi-22-alumiiniumliuguksega-alekeskus\\\/#breadcrumb\"},\"inLanguage\":\"et\",\"potentialAction\":[{\"@type\":\"ReadAction\",\"target\":[\"https:\\\/\\\/alekeskus.eu\\\/toode\\\/aiamaja-kontor-airi-22-alumiiniumliuguksega-alekeskus\\\/\"]}]},{\"@type\":\"ImageObject\",\"inLanguage\":\"et\",\"@id\":\"https:\\\/\\\/alekeskus.eu\\\/toode\\\/aiamaja-kontor-airi-22-alumiiniumliuguksega-alekeskus\\\/#primaryimage\",\"url\":\"https:\\\/\\\/alekeskus.eu\\\/wp-content\\\/uploads\\\/2021\\\/11\\\/676aiamaja-kontor-airi-22-alumiiniumliuguksega-0.jpg\",\"contentUrl\":\"https:\\\/\\\/alekeskus.eu\\\/wp-content\\\/uploads\\\/2021\\\/11\\\/676aiamaja-kontor-airi-22-alumiiniumliuguksega-0.jpg\",\"width\":400,\"height\":225},{\"@type\":\"BreadcrumbList\",\"@id\":\"https:\\\/\\\/alekeskus.eu\\\/toode\\\/aiamaja-kontor-airi-22-alumiiniumliuguksega-alekeskus\\\/#breadcrumb\",\"itemListElement\":[{\"@type\":\"ListItem\",\"position\":1,\"name\":\"Avaleht\",\"item\":\"https:\\\/\\\/alekeskus.eu\\\/et\\\/\"},{\"@type\":\"ListItem\",\"position\":2,\"name\":\"Pood\",\"item\":\"https:\\\/\\\/alekeskus.eu\\\/pood\\\/\"},{\"@type\":\"ListItem\",\"position\":3,\"name\":\"Aiamaja-kodukontor Airi 22 alumiiniumliuguksega\"}]},{\"@type\":\"WebSite\",\"@id\":\"https:\\\/\\\/alekeskus.eu\\\/#website\",\"url\":\"https:\\\/\\\/alekeskus.eu\\\/\",\"name\":\"Alekeskus\",\"description\":\"Alekeskus.eu\",\"potentialAction\":[{\"@type\":\"SearchAction\",\"target\":{\"@type\":\"EntryPoint\",\"urlTemplate\":\"https:\\\/\\\/alekeskus.eu\\\/?s={search_term_string}\"},\"query-input\":{\"@type\":\"PropertyValueSpecification\",\"valueRequired\":true,\"valueName\":\"search_term_string\"}}],\"inLanguage\":\"et\"}]}<\/script>\n<!-- \/ Yoast SEO plugin. -->","yoast_head_json":{"title":"Aiamaja-kodukontor Airi 22 alumiiniumliuguksega - Alekeskus","description":"Kodukontor alumiiniumliuguksega","robots":{"index":"index","follow":"follow","max-snippet":"max-snippet:-1","max-image-preview":"max-image-preview:large","max-video-preview":"max-video-preview:-1"},"canonical":"https:\/\/alekeskus.eu\/toode\/aiamaja-kontor-airi-22-alumiiniumliuguksega-alekeskus\/","og_locale":"et_EE","og_type":"article","og_title":"Aiamaja-kodukontor Airi 22 alumiiniumliuguksega - Alekeskus","og_description":"Kodukontor alumiiniumliuguksega","og_url":"https:\/\/alekeskus.eu\/toode\/aiamaja-kontor-airi-22-alumiiniumliuguksega-alekeskus\/","og_site_name":"Alekeskus","article_modified_time":"2026-01-10T14:25:07+00:00","og_image":[{"width":400,"height":225,"url":"https:\/\/alekeskus.eu\/wp-content\/uploads\/2021\/11\/676aiamaja-kontor-airi-22-alumiiniumliuguksega-0.jpg","type":"image\/jpeg"}],"twitter_card":"summary_large_image","twitter_misc":{"Est. reading time":"1 minut"},"schema":{"@context":"https:\/\/schema.org","@graph":[{"@type":"WebPage","@id":"https:\/\/alekeskus.eu\/toode\/aiamaja-kontor-airi-22-alumiiniumliuguksega-alekeskus\/","url":"https:\/\/alekeskus.eu\/toode\/aiamaja-kontor-airi-22-alumiiniumliuguksega-alekeskus\/","name":"Aiamaja-kodukontor Airi 22 alumiiniumliuguksega - Alekeskus","isPartOf":{"@id":"https:\/\/alekeskus.eu\/#website"},"primaryImageOfPage":{"@id":"https:\/\/alekeskus.eu\/toode\/aiamaja-kontor-airi-22-alumiiniumliuguksega-alekeskus\/#primaryimage"},"image":{"@id":"https:\/\/alekeskus.eu\/toode\/aiamaja-kontor-airi-22-alumiiniumliuguksega-alekeskus\/#primaryimage"},"thumbnailUrl":"https:\/\/alekeskus.eu\/wp-content\/uploads\/2021\/11\/676aiamaja-kontor-airi-22-alumiiniumliuguksega-0.jpg","datePublished":"2021-11-12T05:17:46+00:00","dateModified":"2026-01-10T14:25:07+00:00","description":"Kodukontor alumiiniumliuguksega","breadcrumb":{"@id":"https:\/\/alekeskus.eu\/toode\/aiamaja-kontor-airi-22-alumiiniumliuguksega-alekeskus\/#breadcrumb"},"inLanguage":"et","potentialAction":[{"@type":"ReadAction","target":["https:\/\/alekeskus.eu\/toode\/aiamaja-kontor-airi-22-alumiiniumliuguksega-alekeskus\/"]}]},{"@type":"ImageObject","inLanguage":"et","@id":"https:\/\/alekeskus.eu\/toode\/aiamaja-kontor-airi-22-alumiiniumliuguksega-alekeskus\/#primaryimage","url":"https:\/\/alekeskus.eu\/wp-content\/uploads\/2021\/11\/676aiamaja-kontor-airi-22-alumiiniumliuguksega-0.jpg","contentUrl":"https:\/\/alekeskus.eu\/wp-content\/uploads\/2021\/11\/676aiamaja-kontor-airi-22-alumiiniumliuguksega-0.jpg","width":400,"height":225},{"@type":"BreadcrumbList","@id":"https:\/\/alekeskus.eu\/toode\/aiamaja-kontor-airi-22-alumiiniumliuguksega-alekeskus\/#breadcrumb","itemListElement":[{"@type":"ListItem","position":1,"name":"Avaleht","item":"https:\/\/alekeskus.eu\/et\/"},{"@type":"ListItem","position":2,"name":"Pood","item":"https:\/\/alekeskus.eu\/pood\/"},{"@type":"ListItem","position":3,"name":"Aiamaja-kodukontor Airi 22 alumiiniumliuguksega"}]},{"@type":"WebSite","@id":"https:\/\/alekeskus.eu\/#website","url":"https:\/\/alekeskus.eu\/","name":"Alekeskus","description":"Alekeskus.eu","potentialAction":[{"@type":"SearchAction","target":{"@type":"EntryPoint","urlTemplate":"https:\/\/alekeskus.eu\/?s={search_term_string}"},"query-input":{"@type":"PropertyValueSpecification","valueRequired":true,"valueName":"search_term_string"}}],"inLanguage":"et"}]}},"brands":[],"_links":{"self":[{"href":"https:\/\/alekeskus.eu\/et\/wp-json\/wp\/v2\/product\/70916","targetHints":{"allow":["GET"]}}],"collection":[{"href":"https:\/\/alekeskus.eu\/et\/wp-json\/wp\/v2\/product"}],"about":[{"href":"https:\/\/alekeskus.eu\/et\/wp-json\/wp\/v2\/types\/product"}],"wp:featuredmedia":[{"embeddable":true,"href":"https:\/\/alekeskus.eu\/et\/wp-json\/wp\/v2\/media\/70902"}],"wp:attachment":[{"href":"https:\/\/alekeskus.eu\/et\/wp-json\/wp\/v2\/media?parent=70916"}],"wp:term":[{"taxonomy":"pwb-brand","embeddable":true,"href":"https:\/\/alekeskus.eu\/et\/wp-json\/wp\/v2\/pwb-brand?post=70916"},{"taxonomy":"product_brand","embeddable":true,"href":"https:\/\/alekeskus.eu\/et\/wp-json\/wp\/v2\/product_brand?post=70916"},{"taxonomy":"product_cat","embeddable":true,"href":"https:\/\/alekeskus.eu\/et\/wp-json\/wp\/v2\/product_cat?post=70916"},{"taxonomy":"product_tag","embeddable":true,"href":"https:\/\/alekeskus.eu\/et\/wp-json\/wp\/v2\/product_tag?post=70916"}],"curies":[{"name":"wp","href":"https:\/\/api.w.org\/{rel}","templated":true}]}}