{"id":70942,"date":"2021-11-12T05:18:04","date_gmt":"2021-11-12T05:18:04","guid":{"rendered":"http:\/\/alekeskus.eu\/product\/pohjapodranahk-hut-grillmaja-istmele\/"},"modified":"2022-02-05T13:12:15","modified_gmt":"2022-02-05T13:12:15","slug":"pohjapodranahk-hut-grillmaja-istmele","status":"publish","type":"product","link":"https:\/\/alekeskus.eu\/et\/toode\/pohjapodranahk-hut-grillmaja-istmele\/","title":{"rendered":"P\u00f5hjap\u00f5dranahk grillkoja pingile"},"content":{"rendered":"","protected":false},"excerpt":{"rendered":"<p>P\u00f5hjap\u00f5dranahk teeb istumise pehmemaks ja toidu ootamise soojemaks, enne kui elav leek maja \u00fcles k\u00fctab.<\/p>\n<p>Campingkvaliteet, st iluvead lubatud. Saadaval vaid koos grillkojaga.<\/p>\n","protected":false},"featured_media":70940,"template":"","meta":{"_monsterinsights_skip_tracking":false,"_monsterinsights_sitenote_active":false,"_monsterinsights_sitenote_note":"","_monsterinsights_sitenote_category":0},"pwb-brand":[],"product_brand":[],"product_cat":[17182,13592,13540],"product_tag":[15938,13858,15936,15937],"class_list":{"0":"post-70942","1":"product","2":"type-product","3":"status-publish","4":"has-post-thumbnail","6":"product_cat-suvekoogid-alekeskus","7":"product_cat-aia-ja-grillmajad","8":"product_cat-hooned-alekeskus","9":"product_tag-reindeer","10":"product_tag-bbq","11":"product_tag-nahk","12":"product_tag-leather","13":"product_shipping_class-pakiautomaat","14":"pa_laoasukoht-vorumaa","15":"pa_veame-eesti-ja-soome","17":"first","18":"instock","19":"taxable","20":"shipping-taxable","21":"purchasable","22":"product-type-simple"},"yoast_head":"<!-- This site is optimized with the Yoast SEO plugin v27.3 - https:\/\/yoast.com\/product\/yoast-seo-wordpress\/ -->\n<title>P\u00f5hjap\u00f5dranahk grillkoja pingile - Alekeskus<\/title>\n<meta name=\"robots\" content=\"index, follow, max-snippet:-1, max-image-preview:large, max-video-preview:-1\" \/>\n<link rel=\"canonical\" href=\"https:\/\/alekeskus.eu\/toode\/pohjapodranahk-hut-grillmaja-istmele\/\" \/>\n<meta property=\"og:locale\" content=\"et_EE\" \/>\n<meta property=\"og:type\" content=\"article\" \/>\n<meta property=\"og:title\" content=\"P\u00f5hjap\u00f5dranahk grillkoja pingile - Alekeskus\" \/>\n<meta property=\"og:description\" content=\"P\u00f5hjap\u00f5dranahk teeb istumise pehmemaks ja toidu ootamise soojemaks, enne kui elav leek maja \u00fcles k\u00fctab.  Campingkvaliteet, st iluvead lubatud. Saadaval vaid koos grillkojaga.\" \/>\n<meta property=\"og:url\" content=\"https:\/\/alekeskus.eu\/toode\/pohjapodranahk-hut-grillmaja-istmele\/\" \/>\n<meta property=\"og:site_name\" content=\"Alekeskus\" \/>\n<meta property=\"article:modified_time\" content=\"2022-02-05T13:12:15+00:00\" \/>\n<meta property=\"og:image\" content=\"https:\/\/alekeskus.eu\/wp-content\/uploads\/2021\/11\/690p-hjap-dranahk-hut-grillmaja-istmele-0-scaled.jpg\" \/>\n\t<meta property=\"og:image:width\" content=\"2560\" \/>\n\t<meta property=\"og:image:height\" content=\"1439\" \/>\n\t<meta property=\"og:image:type\" content=\"image\/jpeg\" \/>\n<meta name=\"twitter:card\" content=\"summary_large_image\" \/>\n<script type=\"application\/ld+json\" class=\"yoast-schema-graph\">{\"@context\":\"https:\\\/\\\/schema.org\",\"@graph\":[{\"@type\":\"WebPage\",\"@id\":\"https:\\\/\\\/alekeskus.eu\\\/toode\\\/pohjapodranahk-hut-grillmaja-istmele\\\/\",\"url\":\"https:\\\/\\\/alekeskus.eu\\\/toode\\\/pohjapodranahk-hut-grillmaja-istmele\\\/\",\"name\":\"P\u00f5hjap\u00f5dranahk grillkoja pingile - Alekeskus\",\"isPartOf\":{\"@id\":\"https:\\\/\\\/alekeskus.eu\\\/#website\"},\"primaryImageOfPage\":{\"@id\":\"https:\\\/\\\/alekeskus.eu\\\/toode\\\/pohjapodranahk-hut-grillmaja-istmele\\\/#primaryimage\"},\"image\":{\"@id\":\"https:\\\/\\\/alekeskus.eu\\\/toode\\\/pohjapodranahk-hut-grillmaja-istmele\\\/#primaryimage\"},\"thumbnailUrl\":\"https:\\\/\\\/alekeskus.eu\\\/wp-content\\\/uploads\\\/2021\\\/11\\\/690p-hjap-dranahk-hut-grillmaja-istmele-0-scaled.jpg\",\"datePublished\":\"2021-11-12T05:18:04+00:00\",\"dateModified\":\"2022-02-05T13:12:15+00:00\",\"breadcrumb\":{\"@id\":\"https:\\\/\\\/alekeskus.eu\\\/toode\\\/pohjapodranahk-hut-grillmaja-istmele\\\/#breadcrumb\"},\"inLanguage\":\"et\",\"potentialAction\":[{\"@type\":\"ReadAction\",\"target\":[\"https:\\\/\\\/alekeskus.eu\\\/toode\\\/pohjapodranahk-hut-grillmaja-istmele\\\/\"]}]},{\"@type\":\"ImageObject\",\"inLanguage\":\"et\",\"@id\":\"https:\\\/\\\/alekeskus.eu\\\/toode\\\/pohjapodranahk-hut-grillmaja-istmele\\\/#primaryimage\",\"url\":\"https:\\\/\\\/alekeskus.eu\\\/wp-content\\\/uploads\\\/2021\\\/11\\\/690p-hjap-dranahk-hut-grillmaja-istmele-0-scaled.jpg\",\"contentUrl\":\"https:\\\/\\\/alekeskus.eu\\\/wp-content\\\/uploads\\\/2021\\\/11\\\/690p-hjap-dranahk-hut-grillmaja-istmele-0-scaled.jpg\",\"width\":1600,\"height\":899},{\"@type\":\"BreadcrumbList\",\"@id\":\"https:\\\/\\\/alekeskus.eu\\\/toode\\\/pohjapodranahk-hut-grillmaja-istmele\\\/#breadcrumb\",\"itemListElement\":[{\"@type\":\"ListItem\",\"position\":1,\"name\":\"Avaleht\",\"item\":\"https:\\\/\\\/alekeskus.eu\\\/et\\\/\"},{\"@type\":\"ListItem\",\"position\":2,\"name\":\"Pood\",\"item\":\"https:\\\/\\\/alekeskus.eu\\\/pood\\\/\"},{\"@type\":\"ListItem\",\"position\":3,\"name\":\"P\u00f5hjap\u00f5dranahk grillkoja pingile\"}]},{\"@type\":\"WebSite\",\"@id\":\"https:\\\/\\\/alekeskus.eu\\\/#website\",\"url\":\"https:\\\/\\\/alekeskus.eu\\\/\",\"name\":\"Alekeskus\",\"description\":\"Alekeskus.eu\",\"potentialAction\":[{\"@type\":\"SearchAction\",\"target\":{\"@type\":\"EntryPoint\",\"urlTemplate\":\"https:\\\/\\\/alekeskus.eu\\\/?s={search_term_string}\"},\"query-input\":{\"@type\":\"PropertyValueSpecification\",\"valueRequired\":true,\"valueName\":\"search_term_string\"}}],\"inLanguage\":\"et\"}]}<\/script>\n<!-- \/ Yoast SEO plugin. -->","yoast_head_json":{"title":"P\u00f5hjap\u00f5dranahk grillkoja pingile - Alekeskus","robots":{"index":"index","follow":"follow","max-snippet":"max-snippet:-1","max-image-preview":"max-image-preview:large","max-video-preview":"max-video-preview:-1"},"canonical":"https:\/\/alekeskus.eu\/toode\/pohjapodranahk-hut-grillmaja-istmele\/","og_locale":"et_EE","og_type":"article","og_title":"P\u00f5hjap\u00f5dranahk grillkoja pingile - Alekeskus","og_description":"P\u00f5hjap\u00f5dranahk teeb istumise pehmemaks ja toidu ootamise soojemaks, enne kui elav leek maja \u00fcles k\u00fctab.  Campingkvaliteet, st iluvead lubatud. Saadaval vaid koos grillkojaga.","og_url":"https:\/\/alekeskus.eu\/toode\/pohjapodranahk-hut-grillmaja-istmele\/","og_site_name":"Alekeskus","article_modified_time":"2022-02-05T13:12:15+00:00","og_image":[{"width":2560,"height":1439,"url":"https:\/\/alekeskus.eu\/wp-content\/uploads\/2021\/11\/690p-hjap-dranahk-hut-grillmaja-istmele-0-scaled.jpg","type":"image\/jpeg"}],"twitter_card":"summary_large_image","schema":{"@context":"https:\/\/schema.org","@graph":[{"@type":"WebPage","@id":"https:\/\/alekeskus.eu\/toode\/pohjapodranahk-hut-grillmaja-istmele\/","url":"https:\/\/alekeskus.eu\/toode\/pohjapodranahk-hut-grillmaja-istmele\/","name":"P\u00f5hjap\u00f5dranahk grillkoja pingile - Alekeskus","isPartOf":{"@id":"https:\/\/alekeskus.eu\/#website"},"primaryImageOfPage":{"@id":"https:\/\/alekeskus.eu\/toode\/pohjapodranahk-hut-grillmaja-istmele\/#primaryimage"},"image":{"@id":"https:\/\/alekeskus.eu\/toode\/pohjapodranahk-hut-grillmaja-istmele\/#primaryimage"},"thumbnailUrl":"https:\/\/alekeskus.eu\/wp-content\/uploads\/2021\/11\/690p-hjap-dranahk-hut-grillmaja-istmele-0-scaled.jpg","datePublished":"2021-11-12T05:18:04+00:00","dateModified":"2022-02-05T13:12:15+00:00","breadcrumb":{"@id":"https:\/\/alekeskus.eu\/toode\/pohjapodranahk-hut-grillmaja-istmele\/#breadcrumb"},"inLanguage":"et","potentialAction":[{"@type":"ReadAction","target":["https:\/\/alekeskus.eu\/toode\/pohjapodranahk-hut-grillmaja-istmele\/"]}]},{"@type":"ImageObject","inLanguage":"et","@id":"https:\/\/alekeskus.eu\/toode\/pohjapodranahk-hut-grillmaja-istmele\/#primaryimage","url":"https:\/\/alekeskus.eu\/wp-content\/uploads\/2021\/11\/690p-hjap-dranahk-hut-grillmaja-istmele-0-scaled.jpg","contentUrl":"https:\/\/alekeskus.eu\/wp-content\/uploads\/2021\/11\/690p-hjap-dranahk-hut-grillmaja-istmele-0-scaled.jpg","width":1600,"height":899},{"@type":"BreadcrumbList","@id":"https:\/\/alekeskus.eu\/toode\/pohjapodranahk-hut-grillmaja-istmele\/#breadcrumb","itemListElement":[{"@type":"ListItem","position":1,"name":"Avaleht","item":"https:\/\/alekeskus.eu\/et\/"},{"@type":"ListItem","position":2,"name":"Pood","item":"https:\/\/alekeskus.eu\/pood\/"},{"@type":"ListItem","position":3,"name":"P\u00f5hjap\u00f5dranahk grillkoja pingile"}]},{"@type":"WebSite","@id":"https:\/\/alekeskus.eu\/#website","url":"https:\/\/alekeskus.eu\/","name":"Alekeskus","description":"Alekeskus.eu","potentialAction":[{"@type":"SearchAction","target":{"@type":"EntryPoint","urlTemplate":"https:\/\/alekeskus.eu\/?s={search_term_string}"},"query-input":{"@type":"PropertyValueSpecification","valueRequired":true,"valueName":"search_term_string"}}],"inLanguage":"et"}]}},"brands":[],"_links":{"self":[{"href":"https:\/\/alekeskus.eu\/et\/wp-json\/wp\/v2\/product\/70942","targetHints":{"allow":["GET"]}}],"collection":[{"href":"https:\/\/alekeskus.eu\/et\/wp-json\/wp\/v2\/product"}],"about":[{"href":"https:\/\/alekeskus.eu\/et\/wp-json\/wp\/v2\/types\/product"}],"wp:featuredmedia":[{"embeddable":true,"href":"https:\/\/alekeskus.eu\/et\/wp-json\/wp\/v2\/media\/70940"}],"wp:attachment":[{"href":"https:\/\/alekeskus.eu\/et\/wp-json\/wp\/v2\/media?parent=70942"}],"wp:term":[{"taxonomy":"pwb-brand","embeddable":true,"href":"https:\/\/alekeskus.eu\/et\/wp-json\/wp\/v2\/pwb-brand?post=70942"},{"taxonomy":"product_brand","embeddable":true,"href":"https:\/\/alekeskus.eu\/et\/wp-json\/wp\/v2\/product_brand?post=70942"},{"taxonomy":"product_cat","embeddable":true,"href":"https:\/\/alekeskus.eu\/et\/wp-json\/wp\/v2\/product_cat?post=70942"},{"taxonomy":"product_tag","embeddable":true,"href":"https:\/\/alekeskus.eu\/et\/wp-json\/wp\/v2\/product_tag?post=70942"}],"curies":[{"name":"wp","href":"https:\/\/api.w.org\/{rel}","templated":true}]}}