{"id":70964,"date":"2024-11-12T05:18:16","date_gmt":"2024-11-12T05:18:16","guid":{"rendered":"http:\/\/alekeskus.eu\/product\/grillkoda-42-x-37-m-taisvarustusega\/"},"modified":"2026-03-23T18:56:07","modified_gmt":"2026-03-23T18:56:07","slug":"grillkoda-42-x-37-m-taisvarustusega-alekeskus","status":"publish","type":"product","link":"https:\/\/alekeskus.eu\/et\/toode\/grillkoda-42-x-37-m-taisvarustusega-alekeskus\/","title":{"rendered":"Grillkoda 4,2 x 3,7 m t\u00e4isvarustusega"},"content":{"rendered":"<div>\n<div>\n<p><strong>Telli lisaks:<\/strong><\/p>\n<p><strong>&#8211; k\u00e4rgkate paigaldus katuselementidele\u00a0<\/strong><\/p>\n<p><strong>&#8211; lisa p\u00f5hjap\u00f5dra nahk\u00a0<\/strong><\/p>\n<\/div>\n<\/div>\n<div><\/div>\n","protected":false},"excerpt":{"rendered":"<p>Grillkoda hubasteks roogade valmistamise hetkedeks ja talvisteks koosviibimisteks. Mahutab pidutsema 12 inimest.<\/p>\n<p><strong>Hinnas K\u00d5IK: seinakilbid(10 palgi k\u00f5rgus), muud puitosad, OSB plaadist r\u00e4\u00e4stad, aknad, raamuks, grill koos suitsukogujaga teras 2 mm, kinnitusvahendid, k\u00e4rgkatus, p\u00f5rand ja koostejuhend.<\/strong><\/p>\n<p><strong>Pindala 12 m<sup>2<\/sup>.<\/strong> 1 avanev aken.<\/p>\n<p>Eesti toode. K\u00fcsi ka paigaldust!<\/p>\n<p><span style=\"text-decoration: underline;\"><strong>2 p\u00f5hjap\u00f5dranahka tasuta kaasa!<\/strong><\/span><\/p>\n","protected":false},"featured_media":70944,"template":"","meta":{"_monsterinsights_skip_tracking":false,"_monsterinsights_sitenote_active":false,"_monsterinsights_sitenote_note":"","_monsterinsights_sitenote_category":0},"pwb-brand":[],"product_brand":[],"product_cat":[17182,13592,13538,13540,13602],"product_tag":[13857,13858,13866,13993,15356,13831,13856],"class_list":{"0":"post-70964","1":"product","2":"type-product","3":"status-publish","4":"has-post-thumbnail","6":"product_cat-suvekoogid-alekeskus","7":"product_cat-aia-ja-grillmajad","8":"product_cat-ale","9":"product_cat-hooned-alekeskus","10":"product_cat-elementmajad","11":"product_tag-koda","12":"product_tag-bbq","13":"product_tag-grillikota","14":"product_tag-kota","15":"product_tag-grillkoda","16":"product_tag-mokki","17":"product_tag-grill","18":"product_shipping_class-alates-1000kg","19":"pa_garantii-2-aastat","20":"pa_kohaletoimetamine-alates-180e","21":"pa_laoasukoht-vorumaa","22":"pa_pindalam-13827","23":"pa_tellimisaeg-tilausaika-alekeskus","24":"pa_varv-viimistlemata","25":"pa_veame-eesti-ja-soome","27":"first","28":"instock","29":"sale","30":"featured","31":"taxable","32":"shipping-taxable","33":"purchasable","34":"product-type-simple"},"yoast_head":"<!-- This site is optimized with the Yoast SEO plugin v27.3 - https:\/\/yoast.com\/product\/yoast-seo-wordpress\/ -->\n<title>Grillkoda 4,2 x 3,7 m t\u00e4isvarustusega - Alekeskus<\/title>\n<meta name=\"description\" content=\"Grillkoda t\u00e4isvarustuses sh grillimiskubu korstnaga\" \/>\n<meta name=\"robots\" content=\"index, follow, max-snippet:-1, max-image-preview:large, max-video-preview:-1\" \/>\n<link rel=\"canonical\" href=\"https:\/\/alekeskus.eu\/et\/toode\/grillkoda-42-x-37-m-taisvarustusega-alekeskus\/\" \/>\n<meta property=\"og:locale\" content=\"et_EE\" \/>\n<meta property=\"og:type\" content=\"article\" \/>\n<meta property=\"og:title\" content=\"Grillkoda 4,2 x 3,7 m t\u00e4isvarustusega - Alekeskus\" \/>\n<meta property=\"og:description\" content=\"Grillkoda t\u00e4isvarustuses sh grillimiskubu korstnaga\" \/>\n<meta property=\"og:url\" content=\"https:\/\/alekeskus.eu\/et\/toode\/grillkoda-42-x-37-m-taisvarustusega-alekeskus\/\" \/>\n<meta property=\"og:site_name\" content=\"Alekeskus\" \/>\n<meta property=\"article:modified_time\" content=\"2026-03-23T18:56:07+00:00\" \/>\n<meta property=\"og:image\" content=\"https:\/\/alekeskus.eu\/wp-content\/uploads\/2021\/11\/692grillkoda-4-2-x-3-7-m-t-isvarustusega-0.jpg\" \/>\n\t<meta property=\"og:image:width\" content=\"400\" \/>\n\t<meta property=\"og:image:height\" content=\"225\" \/>\n\t<meta property=\"og:image:type\" content=\"image\/jpeg\" \/>\n<meta name=\"twitter:card\" content=\"summary_large_image\" \/>\n<meta name=\"twitter:label1\" content=\"Est. reading time\" \/>\n\t<meta name=\"twitter:data1\" content=\"1 minut\" \/>\n<script type=\"application\/ld+json\" class=\"yoast-schema-graph\">{\"@context\":\"https:\\\/\\\/schema.org\",\"@graph\":[{\"@type\":\"WebPage\",\"@id\":\"https:\\\/\\\/alekeskus.eu\\\/et\\\/toode\\\/grillkoda-42-x-37-m-taisvarustusega-alekeskus\\\/\",\"url\":\"https:\\\/\\\/alekeskus.eu\\\/et\\\/toode\\\/grillkoda-42-x-37-m-taisvarustusega-alekeskus\\\/\",\"name\":\"Grillkoda 4,2 x 3,7 m t\u00e4isvarustusega - Alekeskus\",\"isPartOf\":{\"@id\":\"https:\\\/\\\/alekeskus.eu\\\/#website\"},\"primaryImageOfPage\":{\"@id\":\"https:\\\/\\\/alekeskus.eu\\\/et\\\/toode\\\/grillkoda-42-x-37-m-taisvarustusega-alekeskus\\\/#primaryimage\"},\"image\":{\"@id\":\"https:\\\/\\\/alekeskus.eu\\\/et\\\/toode\\\/grillkoda-42-x-37-m-taisvarustusega-alekeskus\\\/#primaryimage\"},\"thumbnailUrl\":\"https:\\\/\\\/alekeskus.eu\\\/wp-content\\\/uploads\\\/2021\\\/11\\\/692grillkoda-4-2-x-3-7-m-t-isvarustusega-0.jpg\",\"datePublished\":\"2024-11-12T05:18:16+00:00\",\"dateModified\":\"2026-03-23T18:56:07+00:00\",\"description\":\"Grillkoda t\u00e4isvarustuses sh grillimiskubu korstnaga\",\"breadcrumb\":{\"@id\":\"https:\\\/\\\/alekeskus.eu\\\/et\\\/toode\\\/grillkoda-42-x-37-m-taisvarustusega-alekeskus\\\/#breadcrumb\"},\"inLanguage\":\"et\",\"potentialAction\":[{\"@type\":\"ReadAction\",\"target\":[\"https:\\\/\\\/alekeskus.eu\\\/et\\\/toode\\\/grillkoda-42-x-37-m-taisvarustusega-alekeskus\\\/\"]}]},{\"@type\":\"ImageObject\",\"inLanguage\":\"et\",\"@id\":\"https:\\\/\\\/alekeskus.eu\\\/et\\\/toode\\\/grillkoda-42-x-37-m-taisvarustusega-alekeskus\\\/#primaryimage\",\"url\":\"https:\\\/\\\/alekeskus.eu\\\/wp-content\\\/uploads\\\/2021\\\/11\\\/692grillkoda-4-2-x-3-7-m-t-isvarustusega-0.jpg\",\"contentUrl\":\"https:\\\/\\\/alekeskus.eu\\\/wp-content\\\/uploads\\\/2021\\\/11\\\/692grillkoda-4-2-x-3-7-m-t-isvarustusega-0.jpg\",\"width\":400,\"height\":225},{\"@type\":\"BreadcrumbList\",\"@id\":\"https:\\\/\\\/alekeskus.eu\\\/et\\\/toode\\\/grillkoda-42-x-37-m-taisvarustusega-alekeskus\\\/#breadcrumb\",\"itemListElement\":[{\"@type\":\"ListItem\",\"position\":1,\"name\":\"Avaleht\",\"item\":\"https:\\\/\\\/alekeskus.eu\\\/et\\\/\"},{\"@type\":\"ListItem\",\"position\":2,\"name\":\"Pood\",\"item\":\"https:\\\/\\\/alekeskus.eu\\\/pood\\\/\"},{\"@type\":\"ListItem\",\"position\":3,\"name\":\"Grillkoda 4,2 x 3,7 m t\u00e4isvarustusega\"}]},{\"@type\":\"WebSite\",\"@id\":\"https:\\\/\\\/alekeskus.eu\\\/#website\",\"url\":\"https:\\\/\\\/alekeskus.eu\\\/\",\"name\":\"Alekeskus\",\"description\":\"Alekeskus.eu\",\"potentialAction\":[{\"@type\":\"SearchAction\",\"target\":{\"@type\":\"EntryPoint\",\"urlTemplate\":\"https:\\\/\\\/alekeskus.eu\\\/?s={search_term_string}\"},\"query-input\":{\"@type\":\"PropertyValueSpecification\",\"valueRequired\":true,\"valueName\":\"search_term_string\"}}],\"inLanguage\":\"et\"}]}<\/script>\n<!-- \/ Yoast SEO plugin. -->","yoast_head_json":{"title":"Grillkoda 4,2 x 3,7 m t\u00e4isvarustusega - Alekeskus","description":"Grillkoda t\u00e4isvarustuses sh grillimiskubu korstnaga","robots":{"index":"index","follow":"follow","max-snippet":"max-snippet:-1","max-image-preview":"max-image-preview:large","max-video-preview":"max-video-preview:-1"},"canonical":"https:\/\/alekeskus.eu\/et\/toode\/grillkoda-42-x-37-m-taisvarustusega-alekeskus\/","og_locale":"et_EE","og_type":"article","og_title":"Grillkoda 4,2 x 3,7 m t\u00e4isvarustusega - Alekeskus","og_description":"Grillkoda t\u00e4isvarustuses sh grillimiskubu korstnaga","og_url":"https:\/\/alekeskus.eu\/et\/toode\/grillkoda-42-x-37-m-taisvarustusega-alekeskus\/","og_site_name":"Alekeskus","article_modified_time":"2026-03-23T18:56:07+00:00","og_image":[{"width":400,"height":225,"url":"https:\/\/alekeskus.eu\/wp-content\/uploads\/2021\/11\/692grillkoda-4-2-x-3-7-m-t-isvarustusega-0.jpg","type":"image\/jpeg"}],"twitter_card":"summary_large_image","twitter_misc":{"Est. reading time":"1 minut"},"schema":{"@context":"https:\/\/schema.org","@graph":[{"@type":"WebPage","@id":"https:\/\/alekeskus.eu\/et\/toode\/grillkoda-42-x-37-m-taisvarustusega-alekeskus\/","url":"https:\/\/alekeskus.eu\/et\/toode\/grillkoda-42-x-37-m-taisvarustusega-alekeskus\/","name":"Grillkoda 4,2 x 3,7 m t\u00e4isvarustusega - Alekeskus","isPartOf":{"@id":"https:\/\/alekeskus.eu\/#website"},"primaryImageOfPage":{"@id":"https:\/\/alekeskus.eu\/et\/toode\/grillkoda-42-x-37-m-taisvarustusega-alekeskus\/#primaryimage"},"image":{"@id":"https:\/\/alekeskus.eu\/et\/toode\/grillkoda-42-x-37-m-taisvarustusega-alekeskus\/#primaryimage"},"thumbnailUrl":"https:\/\/alekeskus.eu\/wp-content\/uploads\/2021\/11\/692grillkoda-4-2-x-3-7-m-t-isvarustusega-0.jpg","datePublished":"2024-11-12T05:18:16+00:00","dateModified":"2026-03-23T18:56:07+00:00","description":"Grillkoda t\u00e4isvarustuses sh grillimiskubu korstnaga","breadcrumb":{"@id":"https:\/\/alekeskus.eu\/et\/toode\/grillkoda-42-x-37-m-taisvarustusega-alekeskus\/#breadcrumb"},"inLanguage":"et","potentialAction":[{"@type":"ReadAction","target":["https:\/\/alekeskus.eu\/et\/toode\/grillkoda-42-x-37-m-taisvarustusega-alekeskus\/"]}]},{"@type":"ImageObject","inLanguage":"et","@id":"https:\/\/alekeskus.eu\/et\/toode\/grillkoda-42-x-37-m-taisvarustusega-alekeskus\/#primaryimage","url":"https:\/\/alekeskus.eu\/wp-content\/uploads\/2021\/11\/692grillkoda-4-2-x-3-7-m-t-isvarustusega-0.jpg","contentUrl":"https:\/\/alekeskus.eu\/wp-content\/uploads\/2021\/11\/692grillkoda-4-2-x-3-7-m-t-isvarustusega-0.jpg","width":400,"height":225},{"@type":"BreadcrumbList","@id":"https:\/\/alekeskus.eu\/et\/toode\/grillkoda-42-x-37-m-taisvarustusega-alekeskus\/#breadcrumb","itemListElement":[{"@type":"ListItem","position":1,"name":"Avaleht","item":"https:\/\/alekeskus.eu\/et\/"},{"@type":"ListItem","position":2,"name":"Pood","item":"https:\/\/alekeskus.eu\/pood\/"},{"@type":"ListItem","position":3,"name":"Grillkoda 4,2 x 3,7 m t\u00e4isvarustusega"}]},{"@type":"WebSite","@id":"https:\/\/alekeskus.eu\/#website","url":"https:\/\/alekeskus.eu\/","name":"Alekeskus","description":"Alekeskus.eu","potentialAction":[{"@type":"SearchAction","target":{"@type":"EntryPoint","urlTemplate":"https:\/\/alekeskus.eu\/?s={search_term_string}"},"query-input":{"@type":"PropertyValueSpecification","valueRequired":true,"valueName":"search_term_string"}}],"inLanguage":"et"}]}},"brands":[],"_links":{"self":[{"href":"https:\/\/alekeskus.eu\/et\/wp-json\/wp\/v2\/product\/70964","targetHints":{"allow":["GET"]}}],"collection":[{"href":"https:\/\/alekeskus.eu\/et\/wp-json\/wp\/v2\/product"}],"about":[{"href":"https:\/\/alekeskus.eu\/et\/wp-json\/wp\/v2\/types\/product"}],"wp:featuredmedia":[{"embeddable":true,"href":"https:\/\/alekeskus.eu\/et\/wp-json\/wp\/v2\/media\/70944"}],"wp:attachment":[{"href":"https:\/\/alekeskus.eu\/et\/wp-json\/wp\/v2\/media?parent=70964"}],"wp:term":[{"taxonomy":"pwb-brand","embeddable":true,"href":"https:\/\/alekeskus.eu\/et\/wp-json\/wp\/v2\/pwb-brand?post=70964"},{"taxonomy":"product_brand","embeddable":true,"href":"https:\/\/alekeskus.eu\/et\/wp-json\/wp\/v2\/product_brand?post=70964"},{"taxonomy":"product_cat","embeddable":true,"href":"https:\/\/alekeskus.eu\/et\/wp-json\/wp\/v2\/product_cat?post=70964"},{"taxonomy":"product_tag","embeddable":true,"href":"https:\/\/alekeskus.eu\/et\/wp-json\/wp\/v2\/product_tag?post=70964"}],"curies":[{"name":"wp","href":"https:\/\/api.w.org\/{rel}","templated":true}]}}