{"id":71018,"date":"2021-11-12T05:18:47","date_gmt":"2021-11-12T05:18:47","guid":{"rendered":"http:\/\/alekeskus.eu\/product\/grillkoda-40-x-34-m-kaldseintega-taisvarustusega\/"},"modified":"2022-02-05T12:57:47","modified_gmt":"2022-02-05T12:57:47","slug":"grillkoda-40-x-34-m-kaldseintega-taisvarustusega","status":"publish","type":"product","link":"https:\/\/alekeskus.eu\/et\/toode\/grillkoda-40-x-34-m-kaldseintega-taisvarustusega\/","title":{"rendered":"Grillkoda 4,0 x 3,4 m kaldseintega t\u00e4isvarustusega"},"content":{"rendered":"<div>\n<div>\n<p><strong>Telli lisaks:<\/strong><\/p>\n<p><strong>&#8211; p\u00f5randarestid 250\u20ac<\/strong><\/p>\n<p><strong>&#8211; 3 aknaluuki 250\u20ac<\/strong><\/p>\n<p><strong>&#8211; k\u00e4rgkate paigaldus katuselementidele 350\u20ac<\/strong><\/p>\n<p><strong>&#8211; lisa p\u00f5hjap\u00f5dra nahk 99EUR \/tk<\/strong><\/p>\n<\/div>\n<div id=\"pilt_3130\">\n<div><\/div>\n<div><\/div>\n<\/div>\n<\/div>\n<div><\/div>\n","protected":false},"excerpt":{"rendered":"<p>Huvitava kaldseinalahendusega grillkoda pidutsemiseks ja talvisteks koosviibimisteks.<\/p>\n<p><strong>Hinnas K\u00d5IK: seinakilbid(10 palgi k\u00f5rgus), muud puitosad, OSB plaadist r\u00e4\u00e4stad, aknad, raamuks, grill koos suitsukogujaga teras 2 mm, kinnitusvahendid, k\u00e4rgkatus, p\u00f5rand ja koostejuhend.<\/strong><\/p>\n<p><strong>Pindala 9,2 m<sup>2<\/sup>.<\/strong> 1 avanev aken.<\/p>\n<p>Eesti toode. K\u00fcsi ka paigaldust!<\/p>\n<p><span style=\"text-decoration: underline;\">2 p\u00f5hjap\u00f5dranahka tasuta kaasa!<\/span><\/p>\n","protected":false},"featured_media":71008,"template":"","meta":{"_monsterinsights_skip_tracking":false,"_monsterinsights_sitenote_active":false,"_monsterinsights_sitenote_note":"","_monsterinsights_sitenote_category":0},"pwb-brand":[],"product_brand":[],"product_cat":[17182,13592,13540,13602],"product_tag":[13856,15356,13857,13858,13866,13910,13993,14000,14053,13831,14289],"class_list":{"0":"post-71018","1":"product","2":"type-product","3":"status-publish","4":"has-post-thumbnail","6":"product_cat-suvekoogid-alekeskus","7":"product_cat-aia-ja-grillmajad","8":"product_cat-hooned-alekeskus","9":"product_cat-elementmajad","10":"product_tag-grill","11":"product_tag-grillkoda","12":"product_tag-koda","13":"product_tag-bbq","14":"product_tag-grillikota","15":"product_tag-majutus","16":"product_tag-kota","17":"product_tag-palmako","18":"product_tag-onn","19":"product_tag-mokki","20":"product_tag-majoitus","21":"product_shipping_class-kuni-1000kg","22":"pa_garantii-2-aastat","23":"pa_kohaletoimetamine-65e-mandril-hiiu-ja-saaremaale-100e-soome-alates-149e","24":"pa_laoasukoht-vorumaa","25":"pa_pindalam-13860","26":"pa_tellimisaeg-tilausaika-alekeskus","27":"pa_varv-viimistlemata","28":"pa_veame-eesti-ja-soome","30":"first","31":"instock","32":"taxable","33":"shipping-taxable","34":"purchasable","35":"product-type-simple"},"yoast_head":"<!-- This site is optimized with the Yoast SEO plugin v27.3 - https:\/\/yoast.com\/product\/yoast-seo-wordpress\/ -->\n<title>Grillkoda 4,0 x 3,4 m kaldseintega t\u00e4isvarustusega - Alekeskus<\/title>\n<meta name=\"description\" content=\"grillkoda on majaliik, mis enam v\u00e4ga ei m\u00fc\u00fc\" \/>\n<meta name=\"robots\" content=\"index, follow, max-snippet:-1, max-image-preview:large, max-video-preview:-1\" \/>\n<link rel=\"canonical\" href=\"https:\/\/alekeskus.eu\/toode\/grillkoda-40-x-34-m-kaldseintega-taisvarustusega\/\" \/>\n<meta property=\"og:locale\" content=\"et_EE\" \/>\n<meta property=\"og:type\" content=\"article\" \/>\n<meta property=\"og:title\" content=\"Grillkoda 4,0 x 3,4 m kaldseintega t\u00e4isvarustusega - Alekeskus\" \/>\n<meta property=\"og:description\" content=\"grillkoda on majaliik, mis enam v\u00e4ga ei m\u00fc\u00fc\" \/>\n<meta property=\"og:url\" content=\"https:\/\/alekeskus.eu\/toode\/grillkoda-40-x-34-m-kaldseintega-taisvarustusega\/\" \/>\n<meta property=\"og:site_name\" content=\"Alekeskus\" \/>\n<meta property=\"article:modified_time\" content=\"2022-02-05T12:57:47+00:00\" \/>\n<meta property=\"og:image\" content=\"https:\/\/alekeskus.eu\/wp-content\/uploads\/2021\/11\/904grillkoda-4-0-x-3-4-m-kaldseintega-t-isvarustusega-0.jpg\" \/>\n\t<meta property=\"og:image:width\" content=\"600\" \/>\n\t<meta property=\"og:image:height\" content=\"400\" \/>\n\t<meta property=\"og:image:type\" content=\"image\/jpeg\" \/>\n<meta name=\"twitter:card\" content=\"summary_large_image\" \/>\n<meta name=\"twitter:label1\" content=\"Est. reading time\" \/>\n\t<meta name=\"twitter:data1\" content=\"1 minut\" \/>\n<script type=\"application\/ld+json\" class=\"yoast-schema-graph\">{\"@context\":\"https:\\\/\\\/schema.org\",\"@graph\":[{\"@type\":\"WebPage\",\"@id\":\"https:\\\/\\\/alekeskus.eu\\\/toode\\\/grillkoda-40-x-34-m-kaldseintega-taisvarustusega\\\/\",\"url\":\"https:\\\/\\\/alekeskus.eu\\\/toode\\\/grillkoda-40-x-34-m-kaldseintega-taisvarustusega\\\/\",\"name\":\"Grillkoda 4,0 x 3,4 m kaldseintega t\u00e4isvarustusega - Alekeskus\",\"isPartOf\":{\"@id\":\"https:\\\/\\\/alekeskus.eu\\\/#website\"},\"primaryImageOfPage\":{\"@id\":\"https:\\\/\\\/alekeskus.eu\\\/toode\\\/grillkoda-40-x-34-m-kaldseintega-taisvarustusega\\\/#primaryimage\"},\"image\":{\"@id\":\"https:\\\/\\\/alekeskus.eu\\\/toode\\\/grillkoda-40-x-34-m-kaldseintega-taisvarustusega\\\/#primaryimage\"},\"thumbnailUrl\":\"https:\\\/\\\/alekeskus.eu\\\/wp-content\\\/uploads\\\/2021\\\/11\\\/904grillkoda-4-0-x-3-4-m-kaldseintega-t-isvarustusega-0.jpg\",\"datePublished\":\"2021-11-12T05:18:47+00:00\",\"dateModified\":\"2022-02-05T12:57:47+00:00\",\"description\":\"grillkoda on majaliik, mis enam v\u00e4ga ei m\u00fc\u00fc\",\"breadcrumb\":{\"@id\":\"https:\\\/\\\/alekeskus.eu\\\/toode\\\/grillkoda-40-x-34-m-kaldseintega-taisvarustusega\\\/#breadcrumb\"},\"inLanguage\":\"et\",\"potentialAction\":[{\"@type\":\"ReadAction\",\"target\":[\"https:\\\/\\\/alekeskus.eu\\\/toode\\\/grillkoda-40-x-34-m-kaldseintega-taisvarustusega\\\/\"]}]},{\"@type\":\"ImageObject\",\"inLanguage\":\"et\",\"@id\":\"https:\\\/\\\/alekeskus.eu\\\/toode\\\/grillkoda-40-x-34-m-kaldseintega-taisvarustusega\\\/#primaryimage\",\"url\":\"https:\\\/\\\/alekeskus.eu\\\/wp-content\\\/uploads\\\/2021\\\/11\\\/904grillkoda-4-0-x-3-4-m-kaldseintega-t-isvarustusega-0.jpg\",\"contentUrl\":\"https:\\\/\\\/alekeskus.eu\\\/wp-content\\\/uploads\\\/2021\\\/11\\\/904grillkoda-4-0-x-3-4-m-kaldseintega-t-isvarustusega-0.jpg\",\"width\":600,\"height\":400},{\"@type\":\"BreadcrumbList\",\"@id\":\"https:\\\/\\\/alekeskus.eu\\\/toode\\\/grillkoda-40-x-34-m-kaldseintega-taisvarustusega\\\/#breadcrumb\",\"itemListElement\":[{\"@type\":\"ListItem\",\"position\":1,\"name\":\"Avaleht\",\"item\":\"https:\\\/\\\/alekeskus.eu\\\/et\\\/\"},{\"@type\":\"ListItem\",\"position\":2,\"name\":\"Pood\",\"item\":\"https:\\\/\\\/alekeskus.eu\\\/pood\\\/\"},{\"@type\":\"ListItem\",\"position\":3,\"name\":\"Grillkoda 4,0 x 3,4 m kaldseintega t\u00e4isvarustusega\"}]},{\"@type\":\"WebSite\",\"@id\":\"https:\\\/\\\/alekeskus.eu\\\/#website\",\"url\":\"https:\\\/\\\/alekeskus.eu\\\/\",\"name\":\"Alekeskus\",\"description\":\"Alekeskus.eu\",\"potentialAction\":[{\"@type\":\"SearchAction\",\"target\":{\"@type\":\"EntryPoint\",\"urlTemplate\":\"https:\\\/\\\/alekeskus.eu\\\/?s={search_term_string}\"},\"query-input\":{\"@type\":\"PropertyValueSpecification\",\"valueRequired\":true,\"valueName\":\"search_term_string\"}}],\"inLanguage\":\"et\"}]}<\/script>\n<!-- \/ Yoast SEO plugin. -->","yoast_head_json":{"title":"Grillkoda 4,0 x 3,4 m kaldseintega t\u00e4isvarustusega - Alekeskus","description":"grillkoda on majaliik, mis enam v\u00e4ga ei m\u00fc\u00fc","robots":{"index":"index","follow":"follow","max-snippet":"max-snippet:-1","max-image-preview":"max-image-preview:large","max-video-preview":"max-video-preview:-1"},"canonical":"https:\/\/alekeskus.eu\/toode\/grillkoda-40-x-34-m-kaldseintega-taisvarustusega\/","og_locale":"et_EE","og_type":"article","og_title":"Grillkoda 4,0 x 3,4 m kaldseintega t\u00e4isvarustusega - Alekeskus","og_description":"grillkoda on majaliik, mis enam v\u00e4ga ei m\u00fc\u00fc","og_url":"https:\/\/alekeskus.eu\/toode\/grillkoda-40-x-34-m-kaldseintega-taisvarustusega\/","og_site_name":"Alekeskus","article_modified_time":"2022-02-05T12:57:47+00:00","og_image":[{"width":600,"height":400,"url":"https:\/\/alekeskus.eu\/wp-content\/uploads\/2021\/11\/904grillkoda-4-0-x-3-4-m-kaldseintega-t-isvarustusega-0.jpg","type":"image\/jpeg"}],"twitter_card":"summary_large_image","twitter_misc":{"Est. reading time":"1 minut"},"schema":{"@context":"https:\/\/schema.org","@graph":[{"@type":"WebPage","@id":"https:\/\/alekeskus.eu\/toode\/grillkoda-40-x-34-m-kaldseintega-taisvarustusega\/","url":"https:\/\/alekeskus.eu\/toode\/grillkoda-40-x-34-m-kaldseintega-taisvarustusega\/","name":"Grillkoda 4,0 x 3,4 m kaldseintega t\u00e4isvarustusega - Alekeskus","isPartOf":{"@id":"https:\/\/alekeskus.eu\/#website"},"primaryImageOfPage":{"@id":"https:\/\/alekeskus.eu\/toode\/grillkoda-40-x-34-m-kaldseintega-taisvarustusega\/#primaryimage"},"image":{"@id":"https:\/\/alekeskus.eu\/toode\/grillkoda-40-x-34-m-kaldseintega-taisvarustusega\/#primaryimage"},"thumbnailUrl":"https:\/\/alekeskus.eu\/wp-content\/uploads\/2021\/11\/904grillkoda-4-0-x-3-4-m-kaldseintega-t-isvarustusega-0.jpg","datePublished":"2021-11-12T05:18:47+00:00","dateModified":"2022-02-05T12:57:47+00:00","description":"grillkoda on majaliik, mis enam v\u00e4ga ei m\u00fc\u00fc","breadcrumb":{"@id":"https:\/\/alekeskus.eu\/toode\/grillkoda-40-x-34-m-kaldseintega-taisvarustusega\/#breadcrumb"},"inLanguage":"et","potentialAction":[{"@type":"ReadAction","target":["https:\/\/alekeskus.eu\/toode\/grillkoda-40-x-34-m-kaldseintega-taisvarustusega\/"]}]},{"@type":"ImageObject","inLanguage":"et","@id":"https:\/\/alekeskus.eu\/toode\/grillkoda-40-x-34-m-kaldseintega-taisvarustusega\/#primaryimage","url":"https:\/\/alekeskus.eu\/wp-content\/uploads\/2021\/11\/904grillkoda-4-0-x-3-4-m-kaldseintega-t-isvarustusega-0.jpg","contentUrl":"https:\/\/alekeskus.eu\/wp-content\/uploads\/2021\/11\/904grillkoda-4-0-x-3-4-m-kaldseintega-t-isvarustusega-0.jpg","width":600,"height":400},{"@type":"BreadcrumbList","@id":"https:\/\/alekeskus.eu\/toode\/grillkoda-40-x-34-m-kaldseintega-taisvarustusega\/#breadcrumb","itemListElement":[{"@type":"ListItem","position":1,"name":"Avaleht","item":"https:\/\/alekeskus.eu\/et\/"},{"@type":"ListItem","position":2,"name":"Pood","item":"https:\/\/alekeskus.eu\/pood\/"},{"@type":"ListItem","position":3,"name":"Grillkoda 4,0 x 3,4 m kaldseintega t\u00e4isvarustusega"}]},{"@type":"WebSite","@id":"https:\/\/alekeskus.eu\/#website","url":"https:\/\/alekeskus.eu\/","name":"Alekeskus","description":"Alekeskus.eu","potentialAction":[{"@type":"SearchAction","target":{"@type":"EntryPoint","urlTemplate":"https:\/\/alekeskus.eu\/?s={search_term_string}"},"query-input":{"@type":"PropertyValueSpecification","valueRequired":true,"valueName":"search_term_string"}}],"inLanguage":"et"}]}},"brands":[],"_links":{"self":[{"href":"https:\/\/alekeskus.eu\/et\/wp-json\/wp\/v2\/product\/71018","targetHints":{"allow":["GET"]}}],"collection":[{"href":"https:\/\/alekeskus.eu\/et\/wp-json\/wp\/v2\/product"}],"about":[{"href":"https:\/\/alekeskus.eu\/et\/wp-json\/wp\/v2\/types\/product"}],"wp:featuredmedia":[{"embeddable":true,"href":"https:\/\/alekeskus.eu\/et\/wp-json\/wp\/v2\/media\/71008"}],"wp:attachment":[{"href":"https:\/\/alekeskus.eu\/et\/wp-json\/wp\/v2\/media?parent=71018"}],"wp:term":[{"taxonomy":"pwb-brand","embeddable":true,"href":"https:\/\/alekeskus.eu\/et\/wp-json\/wp\/v2\/pwb-brand?post=71018"},{"taxonomy":"product_brand","embeddable":true,"href":"https:\/\/alekeskus.eu\/et\/wp-json\/wp\/v2\/product_brand?post=71018"},{"taxonomy":"product_cat","embeddable":true,"href":"https:\/\/alekeskus.eu\/et\/wp-json\/wp\/v2\/product_cat?post=71018"},{"taxonomy":"product_tag","embeddable":true,"href":"https:\/\/alekeskus.eu\/et\/wp-json\/wp\/v2\/product_tag?post=71018"}],"curies":[{"name":"wp","href":"https:\/\/api.w.org\/{rel}","templated":true}]}}