{"id":71028,"date":"2021-11-12T05:18:50","date_gmt":"2021-11-12T05:18:50","guid":{"rendered":"http:\/\/alekeskus.eu\/product\/saun-sofia-15m%c2%b2-eraldi-paasuga-sauna\/"},"modified":"2023-12-11T11:41:06","modified_gmt":"2023-12-11T11:41:06","slug":"saun-sofia-15m%c2%b2-eraldi-paasuga-sauna","status":"publish","type":"product","link":"https:\/\/alekeskus.eu\/et\/toode\/saun-sofia-15m%c2%b2-eraldi-paasuga-sauna\/","title":{"rendered":"Saunamaja Sofia 15m\u00b2 eraldi p\u00e4\u00e4suga leiliruumi"},"content":{"rendered":"<div class=\"pictogram qtip-additional-element\">\n<div class=\"description\">\n<p>&nbsp;<\/p>\n<div class=\"pictogram qtip-additional-element\">\n<div class=\"image\">\n<div class=\"pictogram qtip-additional-element\">\n<div class=\"description\">\n<div class=\"description\"><\/div>\n<\/div>\n<\/div>\n<\/div>\n<\/div>\n<\/div>\n<\/div>\n","protected":false},"excerpt":{"rendered":"<p>V\u00e4lism\u00f5\u00f5dud: 440 x 470 cm<\/p>\n<p>TASUTA VEDU JA MAHALAADIMINE(ka suursaartel)!<\/p>\n<p>Sofia sisepindala on 15,0 m<sup>2<\/sup>\u00a0ning terrassi pindala 3,7 m<sup>2<\/sup>. Leiliruumist eraldi v\u00e4ljap\u00e4\u00e4s.<\/p>\n<ul>\n<li>tuuletapiga viimistlemata freespalk <strong>44 mm <\/strong>(tellitav ka 70 mm palgiga)<\/li>\n<li>seina k\u00f5rgus 247 cm ja harja k\u00f5rgus 361 cm<\/li>\n<li>immutatud terrassilauad<\/li>\n<li>immutatud alusprussid<\/li>\n<li>pakettklaasiga uksed 3D reguleeritavate hingedega; liimpuidust ukseleng;\u00a0madal metalliga kaetud l\u00e4vepakk;\u00a0silinderlukk<\/li>\n<li>aknad p\u00f6\u00f6rd-ja kaldavanemisega karastatud pakettklaasiga<\/li>\n<li>punnsoonega p\u00f5randa ja katuselaudis 19 mm<\/li>\n<li>kinnitusvahendid ja\u00a0koostejuhend<\/li>\n<li>Eesti toode<\/li>\n<li>tehase garantii 5 aastat<\/li>\n<li>katusekate ei sisaldu hinnas (bituumensindli tarve 14 pakki)<\/li>\n<\/ul>\n","protected":false},"featured_media":71020,"template":"","meta":{"_monsterinsights_skip_tracking":false,"_monsterinsights_sitenote_active":false,"_monsterinsights_sitenote_note":"","_monsterinsights_sitenote_category":0},"pwb-brand":[],"product_brand":[],"product_cat":[13592,13540,13604],"product_tag":[14423,14997,15020,13813,15122,13831,15285,13978,16285],"class_list":{"0":"post-71028","1":"product","2":"type-product","3":"status-publish","4":"has-post-thumbnail","6":"product_cat-aia-ja-grillmajad","7":"product_cat-hooned-alekeskus","8":"product_cat-saunad","9":"product_tag-sofia","10":"product_tag-saun","11":"product_tag-sauna","12":"product_tag-aiamaja","13":"product_tag-loma","14":"product_tag-mokki","15":"product_tag-kesamokki","16":"product_tag-huvila","17":"product_tag-rantasauna","18":"product_shipping_class-tasuta-transport-kuni-300kg","19":"pa_garantii-5-aastat","20":"pa_kaalkg-15416","21":"pa_kohaletoimetamine-eestis-tasuta-soome-kusi-hinda","22":"pa_laoasukoht-tartumaa","23":"pa_pakendimoodud-6x12x13m","24":"pa_pindalam-14207","25":"pa_seinapaksus-17405","26":"pa_tellimisaeg-2-3-kuud","27":"pa_varv-viimistlemata","28":"pa_veame-eesti-ja-soome","30":"first","31":"onbackorder","32":"taxable","33":"shipping-taxable","34":"purchasable","35":"product-type-simple"},"yoast_head":"<!-- This site is optimized with the Yoast SEO plugin v27.3 - https:\/\/yoast.com\/product\/yoast-seo-wordpress\/ -->\n<title>Saunamaja Sofia 15m\u00b2 eraldi p\u00e4\u00e4suga leiliruumi - Alekeskus<\/title>\n<meta name=\"description\" content=\"saunsuvila sofia\" \/>\n<meta name=\"robots\" content=\"index, follow, max-snippet:-1, max-image-preview:large, max-video-preview:-1\" \/>\n<link rel=\"canonical\" href=\"https:\/\/alekeskus.eu\/toode\/saun-sofia-15m\u00b2-eraldi-paasuga-sauna\/\" \/>\n<meta property=\"og:locale\" content=\"et_EE\" \/>\n<meta property=\"og:type\" content=\"article\" \/>\n<meta property=\"og:title\" content=\"Saunamaja Sofia 15m\u00b2 eraldi p\u00e4\u00e4suga leiliruumi - Alekeskus\" \/>\n<meta property=\"og:description\" content=\"saunsuvila sofia\" \/>\n<meta property=\"og:url\" content=\"https:\/\/alekeskus.eu\/toode\/saun-sofia-15m\u00b2-eraldi-paasuga-sauna\/\" \/>\n<meta property=\"og:site_name\" content=\"Alekeskus\" \/>\n<meta property=\"article:modified_time\" content=\"2023-12-11T11:41:06+00:00\" \/>\n<meta property=\"og:image\" content=\"https:\/\/alekeskus.eu\/wp-content\/uploads\/2021\/11\/651saun-sofia-15m-eraldi-p-suga-sauna-0.jpg\" \/>\n\t<meta property=\"og:image:width\" content=\"900\" \/>\n\t<meta property=\"og:image:height\" content=\"675\" \/>\n\t<meta property=\"og:image:type\" content=\"image\/jpeg\" \/>\n<meta name=\"twitter:card\" content=\"summary_large_image\" \/>\n<script type=\"application\/ld+json\" class=\"yoast-schema-graph\">{\"@context\":\"https:\\\/\\\/schema.org\",\"@graph\":[{\"@type\":\"WebPage\",\"@id\":\"https:\\\/\\\/alekeskus.eu\\\/toode\\\/saun-sofia-15m%c2%b2-eraldi-paasuga-sauna\\\/\",\"url\":\"https:\\\/\\\/alekeskus.eu\\\/toode\\\/saun-sofia-15m%c2%b2-eraldi-paasuga-sauna\\\/\",\"name\":\"Saunamaja Sofia 15m\u00b2 eraldi p\u00e4\u00e4suga leiliruumi - Alekeskus\",\"isPartOf\":{\"@id\":\"https:\\\/\\\/alekeskus.eu\\\/#website\"},\"primaryImageOfPage\":{\"@id\":\"https:\\\/\\\/alekeskus.eu\\\/toode\\\/saun-sofia-15m%c2%b2-eraldi-paasuga-sauna\\\/#primaryimage\"},\"image\":{\"@id\":\"https:\\\/\\\/alekeskus.eu\\\/toode\\\/saun-sofia-15m%c2%b2-eraldi-paasuga-sauna\\\/#primaryimage\"},\"thumbnailUrl\":\"https:\\\/\\\/alekeskus.eu\\\/wp-content\\\/uploads\\\/2021\\\/11\\\/651saun-sofia-15m-eraldi-p-suga-sauna-0.jpg\",\"datePublished\":\"2021-11-12T05:18:50+00:00\",\"dateModified\":\"2023-12-11T11:41:06+00:00\",\"description\":\"saunsuvila sofia\",\"breadcrumb\":{\"@id\":\"https:\\\/\\\/alekeskus.eu\\\/toode\\\/saun-sofia-15m%c2%b2-eraldi-paasuga-sauna\\\/#breadcrumb\"},\"inLanguage\":\"et\",\"potentialAction\":[{\"@type\":\"ReadAction\",\"target\":[\"https:\\\/\\\/alekeskus.eu\\\/toode\\\/saun-sofia-15m%c2%b2-eraldi-paasuga-sauna\\\/\"]}]},{\"@type\":\"ImageObject\",\"inLanguage\":\"et\",\"@id\":\"https:\\\/\\\/alekeskus.eu\\\/toode\\\/saun-sofia-15m%c2%b2-eraldi-paasuga-sauna\\\/#primaryimage\",\"url\":\"https:\\\/\\\/alekeskus.eu\\\/wp-content\\\/uploads\\\/2021\\\/11\\\/651saun-sofia-15m-eraldi-p-suga-sauna-0.jpg\",\"contentUrl\":\"https:\\\/\\\/alekeskus.eu\\\/wp-content\\\/uploads\\\/2021\\\/11\\\/651saun-sofia-15m-eraldi-p-suga-sauna-0.jpg\",\"width\":900,\"height\":675},{\"@type\":\"BreadcrumbList\",\"@id\":\"https:\\\/\\\/alekeskus.eu\\\/toode\\\/saun-sofia-15m%c2%b2-eraldi-paasuga-sauna\\\/#breadcrumb\",\"itemListElement\":[{\"@type\":\"ListItem\",\"position\":1,\"name\":\"Avaleht\",\"item\":\"https:\\\/\\\/alekeskus.eu\\\/et\\\/\"},{\"@type\":\"ListItem\",\"position\":2,\"name\":\"Pood\",\"item\":\"https:\\\/\\\/alekeskus.eu\\\/pood\\\/\"},{\"@type\":\"ListItem\",\"position\":3,\"name\":\"Saunamaja Sofia 15m\u00b2 eraldi p\u00e4\u00e4suga leiliruumi\"}]},{\"@type\":\"WebSite\",\"@id\":\"https:\\\/\\\/alekeskus.eu\\\/#website\",\"url\":\"https:\\\/\\\/alekeskus.eu\\\/\",\"name\":\"Alekeskus\",\"description\":\"Alekeskus.eu\",\"potentialAction\":[{\"@type\":\"SearchAction\",\"target\":{\"@type\":\"EntryPoint\",\"urlTemplate\":\"https:\\\/\\\/alekeskus.eu\\\/?s={search_term_string}\"},\"query-input\":{\"@type\":\"PropertyValueSpecification\",\"valueRequired\":true,\"valueName\":\"search_term_string\"}}],\"inLanguage\":\"et\"}]}<\/script>\n<!-- \/ Yoast SEO plugin. -->","yoast_head_json":{"title":"Saunamaja Sofia 15m\u00b2 eraldi p\u00e4\u00e4suga leiliruumi - Alekeskus","description":"saunsuvila sofia","robots":{"index":"index","follow":"follow","max-snippet":"max-snippet:-1","max-image-preview":"max-image-preview:large","max-video-preview":"max-video-preview:-1"},"canonical":"https:\/\/alekeskus.eu\/toode\/saun-sofia-15m\u00b2-eraldi-paasuga-sauna\/","og_locale":"et_EE","og_type":"article","og_title":"Saunamaja Sofia 15m\u00b2 eraldi p\u00e4\u00e4suga leiliruumi - Alekeskus","og_description":"saunsuvila sofia","og_url":"https:\/\/alekeskus.eu\/toode\/saun-sofia-15m\u00b2-eraldi-paasuga-sauna\/","og_site_name":"Alekeskus","article_modified_time":"2023-12-11T11:41:06+00:00","og_image":[{"width":900,"height":675,"url":"https:\/\/alekeskus.eu\/wp-content\/uploads\/2021\/11\/651saun-sofia-15m-eraldi-p-suga-sauna-0.jpg","type":"image\/jpeg"}],"twitter_card":"summary_large_image","schema":{"@context":"https:\/\/schema.org","@graph":[{"@type":"WebPage","@id":"https:\/\/alekeskus.eu\/toode\/saun-sofia-15m%c2%b2-eraldi-paasuga-sauna\/","url":"https:\/\/alekeskus.eu\/toode\/saun-sofia-15m%c2%b2-eraldi-paasuga-sauna\/","name":"Saunamaja Sofia 15m\u00b2 eraldi p\u00e4\u00e4suga leiliruumi - Alekeskus","isPartOf":{"@id":"https:\/\/alekeskus.eu\/#website"},"primaryImageOfPage":{"@id":"https:\/\/alekeskus.eu\/toode\/saun-sofia-15m%c2%b2-eraldi-paasuga-sauna\/#primaryimage"},"image":{"@id":"https:\/\/alekeskus.eu\/toode\/saun-sofia-15m%c2%b2-eraldi-paasuga-sauna\/#primaryimage"},"thumbnailUrl":"https:\/\/alekeskus.eu\/wp-content\/uploads\/2021\/11\/651saun-sofia-15m-eraldi-p-suga-sauna-0.jpg","datePublished":"2021-11-12T05:18:50+00:00","dateModified":"2023-12-11T11:41:06+00:00","description":"saunsuvila sofia","breadcrumb":{"@id":"https:\/\/alekeskus.eu\/toode\/saun-sofia-15m%c2%b2-eraldi-paasuga-sauna\/#breadcrumb"},"inLanguage":"et","potentialAction":[{"@type":"ReadAction","target":["https:\/\/alekeskus.eu\/toode\/saun-sofia-15m%c2%b2-eraldi-paasuga-sauna\/"]}]},{"@type":"ImageObject","inLanguage":"et","@id":"https:\/\/alekeskus.eu\/toode\/saun-sofia-15m%c2%b2-eraldi-paasuga-sauna\/#primaryimage","url":"https:\/\/alekeskus.eu\/wp-content\/uploads\/2021\/11\/651saun-sofia-15m-eraldi-p-suga-sauna-0.jpg","contentUrl":"https:\/\/alekeskus.eu\/wp-content\/uploads\/2021\/11\/651saun-sofia-15m-eraldi-p-suga-sauna-0.jpg","width":900,"height":675},{"@type":"BreadcrumbList","@id":"https:\/\/alekeskus.eu\/toode\/saun-sofia-15m%c2%b2-eraldi-paasuga-sauna\/#breadcrumb","itemListElement":[{"@type":"ListItem","position":1,"name":"Avaleht","item":"https:\/\/alekeskus.eu\/et\/"},{"@type":"ListItem","position":2,"name":"Pood","item":"https:\/\/alekeskus.eu\/pood\/"},{"@type":"ListItem","position":3,"name":"Saunamaja Sofia 15m\u00b2 eraldi p\u00e4\u00e4suga leiliruumi"}]},{"@type":"WebSite","@id":"https:\/\/alekeskus.eu\/#website","url":"https:\/\/alekeskus.eu\/","name":"Alekeskus","description":"Alekeskus.eu","potentialAction":[{"@type":"SearchAction","target":{"@type":"EntryPoint","urlTemplate":"https:\/\/alekeskus.eu\/?s={search_term_string}"},"query-input":{"@type":"PropertyValueSpecification","valueRequired":true,"valueName":"search_term_string"}}],"inLanguage":"et"}]}},"brands":[],"_links":{"self":[{"href":"https:\/\/alekeskus.eu\/et\/wp-json\/wp\/v2\/product\/71028","targetHints":{"allow":["GET"]}}],"collection":[{"href":"https:\/\/alekeskus.eu\/et\/wp-json\/wp\/v2\/product"}],"about":[{"href":"https:\/\/alekeskus.eu\/et\/wp-json\/wp\/v2\/types\/product"}],"wp:featuredmedia":[{"embeddable":true,"href":"https:\/\/alekeskus.eu\/et\/wp-json\/wp\/v2\/media\/71020"}],"wp:attachment":[{"href":"https:\/\/alekeskus.eu\/et\/wp-json\/wp\/v2\/media?parent=71028"}],"wp:term":[{"taxonomy":"pwb-brand","embeddable":true,"href":"https:\/\/alekeskus.eu\/et\/wp-json\/wp\/v2\/pwb-brand?post=71028"},{"taxonomy":"product_brand","embeddable":true,"href":"https:\/\/alekeskus.eu\/et\/wp-json\/wp\/v2\/product_brand?post=71028"},{"taxonomy":"product_cat","embeddable":true,"href":"https:\/\/alekeskus.eu\/et\/wp-json\/wp\/v2\/product_cat?post=71028"},{"taxonomy":"product_tag","embeddable":true,"href":"https:\/\/alekeskus.eu\/et\/wp-json\/wp\/v2\/product_tag?post=71028"}],"curies":[{"name":"wp","href":"https:\/\/api.w.org\/{rel}","templated":true}]}}