{"id":71044,"date":"2025-11-12T05:18:56","date_gmt":"2025-11-12T05:18:56","guid":{"rendered":"http:\/\/alekeskus.eu\/product\/saun-leyla2-magamiskorrusega\/"},"modified":"2025-12-09T14:25:07","modified_gmt":"2025-12-09T14:25:07","slug":"saunsuvila-leili2-magamiskorrusega-alekeskus","status":"publish","type":"product","link":"https:\/\/alekeskus.eu\/et\/toode\/saunsuvila-leili2-magamiskorrusega-alekeskus\/","title":{"rendered":"Saunsuvila Leili2 magamiskorrusega"},"content":{"rendered":"<div class=\"pictogram qtip-additional-element\">\n<div class=\"image\"><\/div>\n<div class=\"image\"><\/div>\n<\/div>\n<div class=\"pictogram qtip-additional-element\">\n<div class=\"description\">\n<div class=\"pictogram qtip-additional-element\">\n<div class=\"pictogram qtip-additional-element\">\n<div class=\"image\"><\/div>\n<\/div>\n<\/div>\n<\/div>\n<\/div>\n","protected":false},"excerpt":{"rendered":"<p>V\u00e4lism\u00f5\u00f5dud: <strong>6,0 x 4,3 m. <\/strong><strong><strong>\u00a0<\/strong><\/strong><\/p>\n<p><strong><strong>TASUTA VEDU JA MAHALAADIMINE(ka suursaartel)!<\/strong><\/strong><\/p>\n<p>Saunsuvila eraldi saunast v\u00e4ljap\u00e4\u00e4suga ja magamiskorrusega.<\/p>\n<ul>\n<li>tuuletapiga freespalksein <strong>70 mm<\/strong>, tormikinnitused<\/li>\n<li>seina k\u00f5rgus 231 cm ja harja k\u00f5rgus 500 cm<\/li>\n<li>immutatud alusprussid ja terrassilauad<\/li>\n<li>katusealune 2,1 m<\/li>\n<li>punnitud p\u00f5randalauad 28 mm ja katuselauad 19 mm<\/li>\n<li>liimpuidust lengid, madalad metalliga kaetud uksek\u00fcnnised, silinderlukud, 3D hinged<\/li>\n<li>pakettklaasidega p\u00f6\u00f6rdkaldavanevad aknad metallist tilganinadega<\/li>\n<li>karastatud klaasist saunauks 690 x 1890 mm ja saunalava<\/li>\n<li>katusekate ei sisaldu hinnas(tarve bituumensindlit 22 pakki v\u00f5i SBS-bituumenkatet 11 rulli)<\/li>\n<li>saunakeris ei sisaldu hinnas<\/li>\n<li>kinnitusvahendid, koostejuhend<\/li>\n<li>5-aastane tehase garantii<\/li>\n<li>Eesti toode<\/li>\n<li>ilmastikukindel pakend<\/li>\n<\/ul>\n<p>K\u00fcsi ka paigaldust!<\/p>\n","protected":false},"featured_media":94540,"template":"","meta":{"_monsterinsights_skip_tracking":false,"_monsterinsights_sitenote_active":false,"_monsterinsights_sitenote_note":"","_monsterinsights_sitenote_category":0},"pwb-brand":[18577],"product_brand":[],"product_cat":[13538,13540,13604,13610],"product_tag":[18764,15020,15947,13813,17388,13831,17515,18330,13978,18389],"class_list":{"0":"post-71044","1":"product","2":"type-product","3":"status-publish","4":"has-post-thumbnail","6":"pwb-brand-eesti","7":"product_cat-ale","8":"product_cat-hooned-alekeskus","9":"product_cat-saunad","10":"product_cat-suvilad","11":"product_tag-saunsuvila","12":"product_tag-sauna","13":"product_tag-leila","14":"product_tag-aiamaja","15":"product_tag-saunamaja","16":"product_tag-mokki","17":"product_tag-saunamokki","18":"product_tag-palmako-vierasmaja","19":"product_tag-huvila","20":"product_tag-palmako-sauna","21":"product_shipping_class-tasuta-transport-alates-1000kg","22":"pa_garantii-5-aastat","23":"pa_kohaletoimetamine-eestis-tasuta-soome-kusi-hinda","24":"pa_laoasukoht-tartumaa","25":"pa_pindalam-15951","26":"pa_seinapaksus-70-mm","27":"pa_tellimisaeg-6-8-nadalat","28":"pa_varv-viimistlemata","29":"pa_veame-eesti-ja-soome","31":"first","32":"instock","33":"sale","34":"featured","35":"taxable","36":"shipping-taxable","37":"purchasable","38":"product-type-simple"},"yoast_head":"<!-- This site is optimized with the Yoast SEO plugin v27.3 - https:\/\/yoast.com\/product\/yoast-seo-wordpress\/ -->\n<title>Saunsuvila Leili2 magamiskorrusega - Alekeskus<\/title>\n<meta name=\"description\" content=\"freespalksaun Leili magamiskorrusega\" \/>\n<meta name=\"robots\" content=\"index, follow, max-snippet:-1, max-image-preview:large, max-video-preview:-1\" \/>\n<link rel=\"canonical\" href=\"https:\/\/alekeskus.eu\/toode\/saunsuvila-leili2-magamiskorrusega-alekeskus\/\" \/>\n<meta property=\"og:locale\" content=\"et_EE\" \/>\n<meta property=\"og:type\" content=\"article\" \/>\n<meta property=\"og:title\" content=\"Saunsuvila Leili2 magamiskorrusega - Alekeskus\" \/>\n<meta property=\"og:description\" content=\"freespalksaun Leili magamiskorrusega\" \/>\n<meta property=\"og:url\" content=\"https:\/\/alekeskus.eu\/toode\/saunsuvila-leili2-magamiskorrusega-alekeskus\/\" \/>\n<meta property=\"og:site_name\" content=\"Alekeskus\" \/>\n<meta property=\"article:modified_time\" content=\"2025-12-09T14:25:07+00:00\" \/>\n<meta property=\"og:image\" content=\"https:\/\/alekeskus.eu\/wp-content\/uploads\/2023\/11\/Leila_20.010.4_m2_NATURAL_wb.jpg\" \/>\n\t<meta property=\"og:image:width\" content=\"2500\" \/>\n\t<meta property=\"og:image:height\" content=\"1875\" \/>\n\t<meta property=\"og:image:type\" content=\"image\/jpeg\" \/>\n<meta name=\"twitter:card\" content=\"summary_large_image\" \/>\n<meta name=\"twitter:label1\" content=\"Est. reading time\" \/>\n\t<meta name=\"twitter:data1\" content=\"1 minut\" \/>\n<script type=\"application\/ld+json\" class=\"yoast-schema-graph\">{\"@context\":\"https:\\\/\\\/schema.org\",\"@graph\":[{\"@type\":\"WebPage\",\"@id\":\"https:\\\/\\\/alekeskus.eu\\\/toode\\\/saunsuvila-leili2-magamiskorrusega-alekeskus\\\/\",\"url\":\"https:\\\/\\\/alekeskus.eu\\\/toode\\\/saunsuvila-leili2-magamiskorrusega-alekeskus\\\/\",\"name\":\"Saunsuvila Leili2 magamiskorrusega - Alekeskus\",\"isPartOf\":{\"@id\":\"https:\\\/\\\/alekeskus.eu\\\/#website\"},\"primaryImageOfPage\":{\"@id\":\"https:\\\/\\\/alekeskus.eu\\\/toode\\\/saunsuvila-leili2-magamiskorrusega-alekeskus\\\/#primaryimage\"},\"image\":{\"@id\":\"https:\\\/\\\/alekeskus.eu\\\/toode\\\/saunsuvila-leili2-magamiskorrusega-alekeskus\\\/#primaryimage\"},\"thumbnailUrl\":\"https:\\\/\\\/alekeskus.eu\\\/wp-content\\\/uploads\\\/2023\\\/11\\\/Leila_20.010.4_m2_NATURAL_wb.jpg\",\"datePublished\":\"2025-11-12T05:18:56+00:00\",\"dateModified\":\"2025-12-09T14:25:07+00:00\",\"description\":\"freespalksaun Leili magamiskorrusega\",\"breadcrumb\":{\"@id\":\"https:\\\/\\\/alekeskus.eu\\\/toode\\\/saunsuvila-leili2-magamiskorrusega-alekeskus\\\/#breadcrumb\"},\"inLanguage\":\"et\",\"potentialAction\":[{\"@type\":\"ReadAction\",\"target\":[\"https:\\\/\\\/alekeskus.eu\\\/toode\\\/saunsuvila-leili2-magamiskorrusega-alekeskus\\\/\"]}]},{\"@type\":\"ImageObject\",\"inLanguage\":\"et\",\"@id\":\"https:\\\/\\\/alekeskus.eu\\\/toode\\\/saunsuvila-leili2-magamiskorrusega-alekeskus\\\/#primaryimage\",\"url\":\"https:\\\/\\\/alekeskus.eu\\\/wp-content\\\/uploads\\\/2023\\\/11\\\/Leila_20.010.4_m2_NATURAL_wb.jpg\",\"contentUrl\":\"https:\\\/\\\/alekeskus.eu\\\/wp-content\\\/uploads\\\/2023\\\/11\\\/Leila_20.010.4_m2_NATURAL_wb.jpg\",\"width\":1600,\"height\":1200},{\"@type\":\"BreadcrumbList\",\"@id\":\"https:\\\/\\\/alekeskus.eu\\\/toode\\\/saunsuvila-leili2-magamiskorrusega-alekeskus\\\/#breadcrumb\",\"itemListElement\":[{\"@type\":\"ListItem\",\"position\":1,\"name\":\"Avaleht\",\"item\":\"https:\\\/\\\/alekeskus.eu\\\/et\\\/\"},{\"@type\":\"ListItem\",\"position\":2,\"name\":\"Pood\",\"item\":\"https:\\\/\\\/alekeskus.eu\\\/pood\\\/\"},{\"@type\":\"ListItem\",\"position\":3,\"name\":\"Saunsuvila Leili2 magamiskorrusega\"}]},{\"@type\":\"WebSite\",\"@id\":\"https:\\\/\\\/alekeskus.eu\\\/#website\",\"url\":\"https:\\\/\\\/alekeskus.eu\\\/\",\"name\":\"Alekeskus\",\"description\":\"Alekeskus.eu\",\"potentialAction\":[{\"@type\":\"SearchAction\",\"target\":{\"@type\":\"EntryPoint\",\"urlTemplate\":\"https:\\\/\\\/alekeskus.eu\\\/?s={search_term_string}\"},\"query-input\":{\"@type\":\"PropertyValueSpecification\",\"valueRequired\":true,\"valueName\":\"search_term_string\"}}],\"inLanguage\":\"et\"}]}<\/script>\n<!-- \/ Yoast SEO plugin. -->","yoast_head_json":{"title":"Saunsuvila Leili2 magamiskorrusega - Alekeskus","description":"freespalksaun Leili magamiskorrusega","robots":{"index":"index","follow":"follow","max-snippet":"max-snippet:-1","max-image-preview":"max-image-preview:large","max-video-preview":"max-video-preview:-1"},"canonical":"https:\/\/alekeskus.eu\/toode\/saunsuvila-leili2-magamiskorrusega-alekeskus\/","og_locale":"et_EE","og_type":"article","og_title":"Saunsuvila Leili2 magamiskorrusega - Alekeskus","og_description":"freespalksaun Leili magamiskorrusega","og_url":"https:\/\/alekeskus.eu\/toode\/saunsuvila-leili2-magamiskorrusega-alekeskus\/","og_site_name":"Alekeskus","article_modified_time":"2025-12-09T14:25:07+00:00","og_image":[{"width":2500,"height":1875,"url":"https:\/\/alekeskus.eu\/wp-content\/uploads\/2023\/11\/Leila_20.010.4_m2_NATURAL_wb.jpg","type":"image\/jpeg"}],"twitter_card":"summary_large_image","twitter_misc":{"Est. reading time":"1 minut"},"schema":{"@context":"https:\/\/schema.org","@graph":[{"@type":"WebPage","@id":"https:\/\/alekeskus.eu\/toode\/saunsuvila-leili2-magamiskorrusega-alekeskus\/","url":"https:\/\/alekeskus.eu\/toode\/saunsuvila-leili2-magamiskorrusega-alekeskus\/","name":"Saunsuvila Leili2 magamiskorrusega - Alekeskus","isPartOf":{"@id":"https:\/\/alekeskus.eu\/#website"},"primaryImageOfPage":{"@id":"https:\/\/alekeskus.eu\/toode\/saunsuvila-leili2-magamiskorrusega-alekeskus\/#primaryimage"},"image":{"@id":"https:\/\/alekeskus.eu\/toode\/saunsuvila-leili2-magamiskorrusega-alekeskus\/#primaryimage"},"thumbnailUrl":"https:\/\/alekeskus.eu\/wp-content\/uploads\/2023\/11\/Leila_20.010.4_m2_NATURAL_wb.jpg","datePublished":"2025-11-12T05:18:56+00:00","dateModified":"2025-12-09T14:25:07+00:00","description":"freespalksaun Leili magamiskorrusega","breadcrumb":{"@id":"https:\/\/alekeskus.eu\/toode\/saunsuvila-leili2-magamiskorrusega-alekeskus\/#breadcrumb"},"inLanguage":"et","potentialAction":[{"@type":"ReadAction","target":["https:\/\/alekeskus.eu\/toode\/saunsuvila-leili2-magamiskorrusega-alekeskus\/"]}]},{"@type":"ImageObject","inLanguage":"et","@id":"https:\/\/alekeskus.eu\/toode\/saunsuvila-leili2-magamiskorrusega-alekeskus\/#primaryimage","url":"https:\/\/alekeskus.eu\/wp-content\/uploads\/2023\/11\/Leila_20.010.4_m2_NATURAL_wb.jpg","contentUrl":"https:\/\/alekeskus.eu\/wp-content\/uploads\/2023\/11\/Leila_20.010.4_m2_NATURAL_wb.jpg","width":1600,"height":1200},{"@type":"BreadcrumbList","@id":"https:\/\/alekeskus.eu\/toode\/saunsuvila-leili2-magamiskorrusega-alekeskus\/#breadcrumb","itemListElement":[{"@type":"ListItem","position":1,"name":"Avaleht","item":"https:\/\/alekeskus.eu\/et\/"},{"@type":"ListItem","position":2,"name":"Pood","item":"https:\/\/alekeskus.eu\/pood\/"},{"@type":"ListItem","position":3,"name":"Saunsuvila Leili2 magamiskorrusega"}]},{"@type":"WebSite","@id":"https:\/\/alekeskus.eu\/#website","url":"https:\/\/alekeskus.eu\/","name":"Alekeskus","description":"Alekeskus.eu","potentialAction":[{"@type":"SearchAction","target":{"@type":"EntryPoint","urlTemplate":"https:\/\/alekeskus.eu\/?s={search_term_string}"},"query-input":{"@type":"PropertyValueSpecification","valueRequired":true,"valueName":"search_term_string"}}],"inLanguage":"et"}]}},"brands":[{"id":18577,"name":"Eesti","slug":"eesti"}],"_links":{"self":[{"href":"https:\/\/alekeskus.eu\/et\/wp-json\/wp\/v2\/product\/71044","targetHints":{"allow":["GET"]}}],"collection":[{"href":"https:\/\/alekeskus.eu\/et\/wp-json\/wp\/v2\/product"}],"about":[{"href":"https:\/\/alekeskus.eu\/et\/wp-json\/wp\/v2\/types\/product"}],"wp:featuredmedia":[{"embeddable":true,"href":"https:\/\/alekeskus.eu\/et\/wp-json\/wp\/v2\/media\/94540"}],"wp:attachment":[{"href":"https:\/\/alekeskus.eu\/et\/wp-json\/wp\/v2\/media?parent=71044"}],"wp:term":[{"taxonomy":"pwb-brand","embeddable":true,"href":"https:\/\/alekeskus.eu\/et\/wp-json\/wp\/v2\/pwb-brand?post=71044"},{"taxonomy":"product_brand","embeddable":true,"href":"https:\/\/alekeskus.eu\/et\/wp-json\/wp\/v2\/product_brand?post=71044"},{"taxonomy":"product_cat","embeddable":true,"href":"https:\/\/alekeskus.eu\/et\/wp-json\/wp\/v2\/product_cat?post=71044"},{"taxonomy":"product_tag","embeddable":true,"href":"https:\/\/alekeskus.eu\/et\/wp-json\/wp\/v2\/product_tag?post=71044"}],"curies":[{"name":"wp","href":"https:\/\/api.w.org\/{rel}","templated":true}]}}