{"id":71056,"date":"2025-07-12T05:19:01","date_gmt":"2025-07-12T05:19:01","guid":{"rendered":"http:\/\/alekeskus.eu\/product\/saun-leyla1-magamiskorrusega\/"},"modified":"2025-12-09T14:24:20","modified_gmt":"2025-12-09T14:24:20","slug":"saunasuvila-leili1-magamiskorrusega-alekeskus","status":"publish","type":"product","link":"https:\/\/alekeskus.eu\/et\/toode\/saunasuvila-leili1-magamiskorrusega-alekeskus\/","title":{"rendered":"Saunasuvila Leili1 magamiskorrusega"},"content":{"rendered":"<div class=\"pictogram qtip-additional-element\">\n<div class=\"description\">\n<p>&nbsp;<\/p>\n<div class=\"pictogram qtip-additional-element\"><\/div>\n<\/div>\n<\/div>\n","protected":false},"excerpt":{"rendered":"<p>V\u00e4lism\u00f5\u00f5dud:<strong> 5,2 x 3,7 m + terrass<\/strong><\/p>\n<p><strong>TASUTA VEDU JA MAHALAADIMINE(ka suursaartel)!\u00a0<\/strong><\/p>\n<ul>\n<li>tuuletapiga freespalk <strong>70 mm<\/strong>, tormikinnitused<\/li>\n<li>1. korruse sisepindala 17,4 m<sup>2<\/sup> , magamiskorrus 8,8 m<sup>2<\/sup>\u00a0 ja terrass 7,4 m<sup>2<\/sup><\/li>\n<li>r\u00e4\u00e4sta k\u00f5rgus 243 cm, harja k\u00f5rgus 388 cm<\/li>\n<li>immutatud alusprussid 45 x 70 mm ja 45 x 95 mm<\/li>\n<li>katusealune 1,45 m, s\u00fcvaimmutatud terrassilauad<\/li>\n<li>punnitud p\u00f5randalauad 28 mm ja katuselauad 19 mm<\/li>\n<li>katusep\u00e4rlinid 80 x 200 mm<\/li>\n<li>klaasist saunauks 69 x 184 cm, saunalava seljatoega<\/li>\n<li>silinderlukkudega puidust uks 84 x 185 cm ja pakettklaasiga paarisuks 161 x 210 cm; liimpuidust ukselengid, madalad metalliga kaetud uksek\u00fcnnised<\/li>\n<li>pakettklaasiga p\u00f6\u00f6rdkaldavanevad aknad metallist tilganinaga\u00a0 2 x 54 x 54 cm ja 129 x 104 cm; 3D hinged<\/li>\n<li>redeltrepp<\/li>\n<li>katusekate lisahinnaga (bituumensindli kulu 15 pakki)<\/li>\n<li>keris ei sisaldu hinnas<\/li>\n<li>kinnitusvahendid, koostejuhend<\/li>\n<li>5-aastane tehase garantii<\/li>\n<li>Eesti toode<\/li>\n<li>vihmakindel pakend<\/li>\n<\/ul>\n<p>K\u00fcsi ka paigaldust!<\/p>\n","protected":false},"featured_media":94522,"template":"","meta":{"_monsterinsights_skip_tracking":false,"_monsterinsights_sitenote_active":false,"_monsterinsights_sitenote_note":"","_monsterinsights_sitenote_category":0},"pwb-brand":[18577],"product_brand":[],"product_cat":[13592,13538,13540,13604,13610],"product_tag":[17515,13913,18033,13978,18558,14997,15020,18764,15285,13813,15947,13830,13831],"class_list":{"0":"post-71056","1":"product","2":"type-product","3":"status-publish","4":"has-post-thumbnail","6":"pwb-brand-eesti","7":"product_cat-aia-ja-grillmajad","8":"product_cat-ale","9":"product_cat-hooned-alekeskus","10":"product_cat-saunad","11":"product_cat-suvilad","12":"product_tag-saunamokki","13":"product_tag-vierasmaja","14":"product_tag-rantamokki-2","15":"product_tag-huvila","16":"product_tag-lomamokki-2","17":"product_tag-saun","18":"product_tag-sauna","19":"product_tag-saunsuvila","20":"product_tag-kesamokki","21":"product_tag-aiamaja","22":"product_tag-leila","23":"product_tag-kesa","24":"product_tag-mokki","25":"product_shipping_class-tasuta-transport-alates-1000kg","26":"pa_garantii-5-aastat","27":"pa_kohaletoimetamine-tasuta-mandri-eestis-ja-suursaartel-soome-alates-699e","28":"pa_laoasukoht-tartumaa","29":"pa_pindalam-15953","30":"pa_seinapaksus-70-mm","31":"pa_tellimisaeg-6-8-nadalat","32":"pa_varv-viimistlemata","33":"pa_veame-eesti-ja-soome","35":"first","36":"instock","37":"sale","38":"featured","39":"taxable","40":"shipping-taxable","41":"purchasable","42":"product-type-simple"},"yoast_head":"<!-- This site is optimized with the Yoast SEO plugin v27.3 - https:\/\/yoast.com\/product\/yoast-seo-wordpress\/ -->\n<title>Saunasuvila Leili1 magamiskorrusega - Alekeskus<\/title>\n<meta name=\"description\" content=\"saunsuvila 70 mm freespalgist ja magamiskorrusega\" \/>\n<meta name=\"robots\" content=\"index, follow, max-snippet:-1, max-image-preview:large, max-video-preview:-1\" \/>\n<link rel=\"canonical\" href=\"https:\/\/alekeskus.eu\/toode\/saunasuvila-leili1-magamiskorrusega-alekeskus\/\" \/>\n<meta property=\"og:locale\" content=\"et_EE\" \/>\n<meta property=\"og:type\" content=\"article\" \/>\n<meta property=\"og:title\" content=\"Saunasuvila Leili1 magamiskorrusega - Alekeskus\" \/>\n<meta property=\"og:description\" content=\"saunsuvila 70 mm freespalgist ja magamiskorrusega\" \/>\n<meta property=\"og:url\" content=\"https:\/\/alekeskus.eu\/toode\/saunasuvila-leili1-magamiskorrusega-alekeskus\/\" \/>\n<meta property=\"og:site_name\" content=\"Alekeskus\" \/>\n<meta property=\"article:modified_time\" content=\"2025-12-09T14:24:20+00:00\" \/>\n<meta property=\"og:image\" content=\"https:\/\/alekeskus.eu\/wp-content\/uploads\/2025\/01\/Leila_17.57.3_m2_NATURAL_wb.jpg\" \/>\n\t<meta property=\"og:image:width\" content=\"2500\" \/>\n\t<meta property=\"og:image:height\" content=\"1875\" \/>\n\t<meta property=\"og:image:type\" content=\"image\/jpeg\" \/>\n<meta name=\"twitter:card\" content=\"summary_large_image\" \/>\n<meta name=\"twitter:label1\" content=\"Est. reading time\" \/>\n\t<meta name=\"twitter:data1\" content=\"1 minut\" \/>\n<script type=\"application\/ld+json\" class=\"yoast-schema-graph\">{\"@context\":\"https:\\\/\\\/schema.org\",\"@graph\":[{\"@type\":\"WebPage\",\"@id\":\"https:\\\/\\\/alekeskus.eu\\\/toode\\\/saunasuvila-leili1-magamiskorrusega-alekeskus\\\/\",\"url\":\"https:\\\/\\\/alekeskus.eu\\\/toode\\\/saunasuvila-leili1-magamiskorrusega-alekeskus\\\/\",\"name\":\"Saunasuvila Leili1 magamiskorrusega - Alekeskus\",\"isPartOf\":{\"@id\":\"https:\\\/\\\/alekeskus.eu\\\/#website\"},\"primaryImageOfPage\":{\"@id\":\"https:\\\/\\\/alekeskus.eu\\\/toode\\\/saunasuvila-leili1-magamiskorrusega-alekeskus\\\/#primaryimage\"},\"image\":{\"@id\":\"https:\\\/\\\/alekeskus.eu\\\/toode\\\/saunasuvila-leili1-magamiskorrusega-alekeskus\\\/#primaryimage\"},\"thumbnailUrl\":\"https:\\\/\\\/alekeskus.eu\\\/wp-content\\\/uploads\\\/2025\\\/01\\\/Leila_17.57.3_m2_NATURAL_wb.jpg\",\"datePublished\":\"2025-07-12T05:19:01+00:00\",\"dateModified\":\"2025-12-09T14:24:20+00:00\",\"description\":\"saunsuvila 70 mm freespalgist ja magamiskorrusega\",\"breadcrumb\":{\"@id\":\"https:\\\/\\\/alekeskus.eu\\\/toode\\\/saunasuvila-leili1-magamiskorrusega-alekeskus\\\/#breadcrumb\"},\"inLanguage\":\"et\",\"potentialAction\":[{\"@type\":\"ReadAction\",\"target\":[\"https:\\\/\\\/alekeskus.eu\\\/toode\\\/saunasuvila-leili1-magamiskorrusega-alekeskus\\\/\"]}]},{\"@type\":\"ImageObject\",\"inLanguage\":\"et\",\"@id\":\"https:\\\/\\\/alekeskus.eu\\\/toode\\\/saunasuvila-leili1-magamiskorrusega-alekeskus\\\/#primaryimage\",\"url\":\"https:\\\/\\\/alekeskus.eu\\\/wp-content\\\/uploads\\\/2025\\\/01\\\/Leila_17.57.3_m2_NATURAL_wb.jpg\",\"contentUrl\":\"https:\\\/\\\/alekeskus.eu\\\/wp-content\\\/uploads\\\/2025\\\/01\\\/Leila_17.57.3_m2_NATURAL_wb.jpg\",\"width\":1600,\"height\":1200},{\"@type\":\"BreadcrumbList\",\"@id\":\"https:\\\/\\\/alekeskus.eu\\\/toode\\\/saunasuvila-leili1-magamiskorrusega-alekeskus\\\/#breadcrumb\",\"itemListElement\":[{\"@type\":\"ListItem\",\"position\":1,\"name\":\"Avaleht\",\"item\":\"https:\\\/\\\/alekeskus.eu\\\/et\\\/\"},{\"@type\":\"ListItem\",\"position\":2,\"name\":\"Pood\",\"item\":\"https:\\\/\\\/alekeskus.eu\\\/pood\\\/\"},{\"@type\":\"ListItem\",\"position\":3,\"name\":\"Saunasuvila Leili1 magamiskorrusega\"}]},{\"@type\":\"WebSite\",\"@id\":\"https:\\\/\\\/alekeskus.eu\\\/#website\",\"url\":\"https:\\\/\\\/alekeskus.eu\\\/\",\"name\":\"Alekeskus\",\"description\":\"Alekeskus.eu\",\"potentialAction\":[{\"@type\":\"SearchAction\",\"target\":{\"@type\":\"EntryPoint\",\"urlTemplate\":\"https:\\\/\\\/alekeskus.eu\\\/?s={search_term_string}\"},\"query-input\":{\"@type\":\"PropertyValueSpecification\",\"valueRequired\":true,\"valueName\":\"search_term_string\"}}],\"inLanguage\":\"et\"}]}<\/script>\n<!-- \/ Yoast SEO plugin. -->","yoast_head_json":{"title":"Saunasuvila Leili1 magamiskorrusega - Alekeskus","description":"saunsuvila 70 mm freespalgist ja magamiskorrusega","robots":{"index":"index","follow":"follow","max-snippet":"max-snippet:-1","max-image-preview":"max-image-preview:large","max-video-preview":"max-video-preview:-1"},"canonical":"https:\/\/alekeskus.eu\/toode\/saunasuvila-leili1-magamiskorrusega-alekeskus\/","og_locale":"et_EE","og_type":"article","og_title":"Saunasuvila Leili1 magamiskorrusega - Alekeskus","og_description":"saunsuvila 70 mm freespalgist ja magamiskorrusega","og_url":"https:\/\/alekeskus.eu\/toode\/saunasuvila-leili1-magamiskorrusega-alekeskus\/","og_site_name":"Alekeskus","article_modified_time":"2025-12-09T14:24:20+00:00","og_image":[{"width":2500,"height":1875,"url":"https:\/\/alekeskus.eu\/wp-content\/uploads\/2025\/01\/Leila_17.57.3_m2_NATURAL_wb.jpg","type":"image\/jpeg"}],"twitter_card":"summary_large_image","twitter_misc":{"Est. reading time":"1 minut"},"schema":{"@context":"https:\/\/schema.org","@graph":[{"@type":"WebPage","@id":"https:\/\/alekeskus.eu\/toode\/saunasuvila-leili1-magamiskorrusega-alekeskus\/","url":"https:\/\/alekeskus.eu\/toode\/saunasuvila-leili1-magamiskorrusega-alekeskus\/","name":"Saunasuvila Leili1 magamiskorrusega - Alekeskus","isPartOf":{"@id":"https:\/\/alekeskus.eu\/#website"},"primaryImageOfPage":{"@id":"https:\/\/alekeskus.eu\/toode\/saunasuvila-leili1-magamiskorrusega-alekeskus\/#primaryimage"},"image":{"@id":"https:\/\/alekeskus.eu\/toode\/saunasuvila-leili1-magamiskorrusega-alekeskus\/#primaryimage"},"thumbnailUrl":"https:\/\/alekeskus.eu\/wp-content\/uploads\/2025\/01\/Leila_17.57.3_m2_NATURAL_wb.jpg","datePublished":"2025-07-12T05:19:01+00:00","dateModified":"2025-12-09T14:24:20+00:00","description":"saunsuvila 70 mm freespalgist ja magamiskorrusega","breadcrumb":{"@id":"https:\/\/alekeskus.eu\/toode\/saunasuvila-leili1-magamiskorrusega-alekeskus\/#breadcrumb"},"inLanguage":"et","potentialAction":[{"@type":"ReadAction","target":["https:\/\/alekeskus.eu\/toode\/saunasuvila-leili1-magamiskorrusega-alekeskus\/"]}]},{"@type":"ImageObject","inLanguage":"et","@id":"https:\/\/alekeskus.eu\/toode\/saunasuvila-leili1-magamiskorrusega-alekeskus\/#primaryimage","url":"https:\/\/alekeskus.eu\/wp-content\/uploads\/2025\/01\/Leila_17.57.3_m2_NATURAL_wb.jpg","contentUrl":"https:\/\/alekeskus.eu\/wp-content\/uploads\/2025\/01\/Leila_17.57.3_m2_NATURAL_wb.jpg","width":1600,"height":1200},{"@type":"BreadcrumbList","@id":"https:\/\/alekeskus.eu\/toode\/saunasuvila-leili1-magamiskorrusega-alekeskus\/#breadcrumb","itemListElement":[{"@type":"ListItem","position":1,"name":"Avaleht","item":"https:\/\/alekeskus.eu\/et\/"},{"@type":"ListItem","position":2,"name":"Pood","item":"https:\/\/alekeskus.eu\/pood\/"},{"@type":"ListItem","position":3,"name":"Saunasuvila Leili1 magamiskorrusega"}]},{"@type":"WebSite","@id":"https:\/\/alekeskus.eu\/#website","url":"https:\/\/alekeskus.eu\/","name":"Alekeskus","description":"Alekeskus.eu","potentialAction":[{"@type":"SearchAction","target":{"@type":"EntryPoint","urlTemplate":"https:\/\/alekeskus.eu\/?s={search_term_string}"},"query-input":{"@type":"PropertyValueSpecification","valueRequired":true,"valueName":"search_term_string"}}],"inLanguage":"et"}]}},"brands":[{"id":18577,"name":"Eesti","slug":"eesti"}],"_links":{"self":[{"href":"https:\/\/alekeskus.eu\/et\/wp-json\/wp\/v2\/product\/71056","targetHints":{"allow":["GET"]}}],"collection":[{"href":"https:\/\/alekeskus.eu\/et\/wp-json\/wp\/v2\/product"}],"about":[{"href":"https:\/\/alekeskus.eu\/et\/wp-json\/wp\/v2\/types\/product"}],"wp:featuredmedia":[{"embeddable":true,"href":"https:\/\/alekeskus.eu\/et\/wp-json\/wp\/v2\/media\/94522"}],"wp:attachment":[{"href":"https:\/\/alekeskus.eu\/et\/wp-json\/wp\/v2\/media?parent=71056"}],"wp:term":[{"taxonomy":"pwb-brand","embeddable":true,"href":"https:\/\/alekeskus.eu\/et\/wp-json\/wp\/v2\/pwb-brand?post=71056"},{"taxonomy":"product_brand","embeddable":true,"href":"https:\/\/alekeskus.eu\/et\/wp-json\/wp\/v2\/product_brand?post=71056"},{"taxonomy":"product_cat","embeddable":true,"href":"https:\/\/alekeskus.eu\/et\/wp-json\/wp\/v2\/product_cat?post=71056"},{"taxonomy":"product_tag","embeddable":true,"href":"https:\/\/alekeskus.eu\/et\/wp-json\/wp\/v2\/product_tag?post=71056"}],"curies":[{"name":"wp","href":"https:\/\/api.w.org\/{rel}","templated":true}]}}