{"id":71064,"date":"2021-11-12T05:19:14","date_gmt":"2021-11-12T05:19:14","guid":{"rendered":"http:\/\/alekeskus.eu\/product\/koerakuut-donna2-soojustatud\/"},"modified":"2022-01-25T14:21:23","modified_gmt":"2022-01-25T14:21:23","slug":"koerakuut-donna2-soojustatud","status":"publish","type":"product","link":"https:\/\/alekeskus.eu\/et\/toode\/koerakuut-donna2-soojustatud\/","title":{"rendered":"Koerakuut Donna2 soojustatud"},"content":{"rendered":"","protected":false},"excerpt":{"rendered":"<ul>\n<li>Koerakuudi sisem\u00f5\u00f5dud: 140 x 90 x 90 cm<\/li>\n<li>Ukseava: L 38 x H 67 cm<\/li>\n<li>Aken: L 28 x H 35 cm, pleksiklaasist<\/li>\n<li>Katus: ulatub ette 30 cm, katusekate t\u00f5rvapapp<\/li>\n<li>Materjal: p\u00f5rand, seinad, katus on soojustatud vahtplastiga. Koerakuut on v\u00e4ljast kaetud kuusepuidust voodrilauaga 16mm<\/li>\n<li>V\u00e4rvitoon: naturaalne<\/li>\n<li>Vahesein ja katus on puhastamiseks eemaldatavad<\/li>\n<\/ul>\n","protected":false},"featured_media":71062,"template":"","meta":{"_monsterinsights_skip_tracking":false,"_monsterinsights_sitenote_active":false,"_monsterinsights_sitenote_note":"","_monsterinsights_sitenote_category":0},"pwb-brand":[],"product_brand":[],"product_cat":[13540,13606],"product_tag":[13932,15955,15956,15957,15967],"class_list":{"0":"post-71064","1":"product","2":"type-product","3":"status-publish","4":"has-post-thumbnail","6":"product_cat-hooned-alekeskus","7":"product_cat-koerakuudid-ja-loomapuurid","8":"product_tag-koppi","9":"product_tag-koerakuut","10":"product_tag-koira","11":"product_tag-donna","12":"product_tag-dog-house","13":"product_shipping_class-30-300kg","14":"pa_garantii-2-aastat","15":"pa_kaalkg-14445","16":"pa_laoasukoht-tartumaa","17":"pa_pakendimoodud-126x162x40-cm","18":"pa_tellimisaeg-2-10-toopaeva","19":"pa_varv-viimistlemata","20":"pa_veame-eesti-ja-soome","22":"first","23":"instock","24":"taxable","25":"shipping-taxable","26":"purchasable","27":"product-type-simple"},"yoast_head":"<!-- This site is optimized with the Yoast SEO plugin v27.3 - https:\/\/yoast.com\/product\/yoast-seo-wordpress\/ -->\n<title>Koerakuut Donna2 soojustatud - Alekeskus<\/title>\n<meta name=\"robots\" content=\"index, follow, max-snippet:-1, max-image-preview:large, max-video-preview:-1\" \/>\n<link rel=\"canonical\" href=\"https:\/\/alekeskus.eu\/toode\/koerakuut-donna2-soojustatud\/\" \/>\n<meta property=\"og:locale\" content=\"et_EE\" \/>\n<meta property=\"og:type\" content=\"article\" \/>\n<meta property=\"og:title\" content=\"Koerakuut Donna2 soojustatud - Alekeskus\" \/>\n<meta property=\"og:description\" content=\"Koerakuudi sisem\u00f5\u00f5dud: 140 x 90 x 90 cm  Ukseava: L 38 x H 67 cm  Aken: L 28 x H 35 cm, pleksiklaasist  Katus: ulatub ette 30 cm, katusekate t\u00f5rvapapp  Materjal: p\u00f5rand, seinad, katus on soojustatud vahtplastiga. Koerakuut on v\u00e4ljast kaetud kuusepuidust voodrilauaga 16mm  V\u00e4rvitoon: naturaalne  Vahesein ja katus on puhastamiseks eemaldatavad\" \/>\n<meta property=\"og:url\" content=\"https:\/\/alekeskus.eu\/toode\/koerakuut-donna2-soojustatud\/\" \/>\n<meta property=\"og:site_name\" content=\"Alekeskus\" \/>\n<meta property=\"article:modified_time\" content=\"2022-01-25T14:21:23+00:00\" \/>\n<meta property=\"og:image\" content=\"https:\/\/alekeskus.eu\/wp-content\/uploads\/2021\/11\/696koerakuut-donna2-soojustatud-0-scaled.jpg\" \/>\n\t<meta property=\"og:image:width\" content=\"2560\" \/>\n\t<meta property=\"og:image:height\" content=\"1714\" \/>\n\t<meta property=\"og:image:type\" content=\"image\/jpeg\" \/>\n<meta name=\"twitter:card\" content=\"summary_large_image\" \/>\n<script type=\"application\/ld+json\" class=\"yoast-schema-graph\">{\"@context\":\"https:\\\/\\\/schema.org\",\"@graph\":[{\"@type\":\"WebPage\",\"@id\":\"https:\\\/\\\/alekeskus.eu\\\/toode\\\/koerakuut-donna2-soojustatud\\\/\",\"url\":\"https:\\\/\\\/alekeskus.eu\\\/toode\\\/koerakuut-donna2-soojustatud\\\/\",\"name\":\"Koerakuut Donna2 soojustatud - Alekeskus\",\"isPartOf\":{\"@id\":\"https:\\\/\\\/alekeskus.eu\\\/#website\"},\"primaryImageOfPage\":{\"@id\":\"https:\\\/\\\/alekeskus.eu\\\/toode\\\/koerakuut-donna2-soojustatud\\\/#primaryimage\"},\"image\":{\"@id\":\"https:\\\/\\\/alekeskus.eu\\\/toode\\\/koerakuut-donna2-soojustatud\\\/#primaryimage\"},\"thumbnailUrl\":\"https:\\\/\\\/alekeskus.eu\\\/wp-content\\\/uploads\\\/2021\\\/11\\\/696koerakuut-donna2-soojustatud-0-scaled.jpg\",\"datePublished\":\"2021-11-12T05:19:14+00:00\",\"dateModified\":\"2022-01-25T14:21:23+00:00\",\"breadcrumb\":{\"@id\":\"https:\\\/\\\/alekeskus.eu\\\/toode\\\/koerakuut-donna2-soojustatud\\\/#breadcrumb\"},\"inLanguage\":\"et\",\"potentialAction\":[{\"@type\":\"ReadAction\",\"target\":[\"https:\\\/\\\/alekeskus.eu\\\/toode\\\/koerakuut-donna2-soojustatud\\\/\"]}]},{\"@type\":\"ImageObject\",\"inLanguage\":\"et\",\"@id\":\"https:\\\/\\\/alekeskus.eu\\\/toode\\\/koerakuut-donna2-soojustatud\\\/#primaryimage\",\"url\":\"https:\\\/\\\/alekeskus.eu\\\/wp-content\\\/uploads\\\/2021\\\/11\\\/696koerakuut-donna2-soojustatud-0-scaled.jpg\",\"contentUrl\":\"https:\\\/\\\/alekeskus.eu\\\/wp-content\\\/uploads\\\/2021\\\/11\\\/696koerakuut-donna2-soojustatud-0-scaled.jpg\",\"width\":1600,\"height\":1071},{\"@type\":\"BreadcrumbList\",\"@id\":\"https:\\\/\\\/alekeskus.eu\\\/toode\\\/koerakuut-donna2-soojustatud\\\/#breadcrumb\",\"itemListElement\":[{\"@type\":\"ListItem\",\"position\":1,\"name\":\"Avaleht\",\"item\":\"https:\\\/\\\/alekeskus.eu\\\/et\\\/\"},{\"@type\":\"ListItem\",\"position\":2,\"name\":\"Pood\",\"item\":\"https:\\\/\\\/alekeskus.eu\\\/pood\\\/\"},{\"@type\":\"ListItem\",\"position\":3,\"name\":\"Koerakuut Donna2 soojustatud\"}]},{\"@type\":\"WebSite\",\"@id\":\"https:\\\/\\\/alekeskus.eu\\\/#website\",\"url\":\"https:\\\/\\\/alekeskus.eu\\\/\",\"name\":\"Alekeskus\",\"description\":\"Alekeskus.eu\",\"potentialAction\":[{\"@type\":\"SearchAction\",\"target\":{\"@type\":\"EntryPoint\",\"urlTemplate\":\"https:\\\/\\\/alekeskus.eu\\\/?s={search_term_string}\"},\"query-input\":{\"@type\":\"PropertyValueSpecification\",\"valueRequired\":true,\"valueName\":\"search_term_string\"}}],\"inLanguage\":\"et\"}]}<\/script>\n<!-- \/ Yoast SEO plugin. -->","yoast_head_json":{"title":"Koerakuut Donna2 soojustatud - Alekeskus","robots":{"index":"index","follow":"follow","max-snippet":"max-snippet:-1","max-image-preview":"max-image-preview:large","max-video-preview":"max-video-preview:-1"},"canonical":"https:\/\/alekeskus.eu\/toode\/koerakuut-donna2-soojustatud\/","og_locale":"et_EE","og_type":"article","og_title":"Koerakuut Donna2 soojustatud - Alekeskus","og_description":"Koerakuudi sisem\u00f5\u00f5dud: 140 x 90 x 90 cm  Ukseava: L 38 x H 67 cm  Aken: L 28 x H 35 cm, pleksiklaasist  Katus: ulatub ette 30 cm, katusekate t\u00f5rvapapp  Materjal: p\u00f5rand, seinad, katus on soojustatud vahtplastiga. Koerakuut on v\u00e4ljast kaetud kuusepuidust voodrilauaga 16mm  V\u00e4rvitoon: naturaalne  Vahesein ja katus on puhastamiseks eemaldatavad","og_url":"https:\/\/alekeskus.eu\/toode\/koerakuut-donna2-soojustatud\/","og_site_name":"Alekeskus","article_modified_time":"2022-01-25T14:21:23+00:00","og_image":[{"width":2560,"height":1714,"url":"https:\/\/alekeskus.eu\/wp-content\/uploads\/2021\/11\/696koerakuut-donna2-soojustatud-0-scaled.jpg","type":"image\/jpeg"}],"twitter_card":"summary_large_image","schema":{"@context":"https:\/\/schema.org","@graph":[{"@type":"WebPage","@id":"https:\/\/alekeskus.eu\/toode\/koerakuut-donna2-soojustatud\/","url":"https:\/\/alekeskus.eu\/toode\/koerakuut-donna2-soojustatud\/","name":"Koerakuut Donna2 soojustatud - Alekeskus","isPartOf":{"@id":"https:\/\/alekeskus.eu\/#website"},"primaryImageOfPage":{"@id":"https:\/\/alekeskus.eu\/toode\/koerakuut-donna2-soojustatud\/#primaryimage"},"image":{"@id":"https:\/\/alekeskus.eu\/toode\/koerakuut-donna2-soojustatud\/#primaryimage"},"thumbnailUrl":"https:\/\/alekeskus.eu\/wp-content\/uploads\/2021\/11\/696koerakuut-donna2-soojustatud-0-scaled.jpg","datePublished":"2021-11-12T05:19:14+00:00","dateModified":"2022-01-25T14:21:23+00:00","breadcrumb":{"@id":"https:\/\/alekeskus.eu\/toode\/koerakuut-donna2-soojustatud\/#breadcrumb"},"inLanguage":"et","potentialAction":[{"@type":"ReadAction","target":["https:\/\/alekeskus.eu\/toode\/koerakuut-donna2-soojustatud\/"]}]},{"@type":"ImageObject","inLanguage":"et","@id":"https:\/\/alekeskus.eu\/toode\/koerakuut-donna2-soojustatud\/#primaryimage","url":"https:\/\/alekeskus.eu\/wp-content\/uploads\/2021\/11\/696koerakuut-donna2-soojustatud-0-scaled.jpg","contentUrl":"https:\/\/alekeskus.eu\/wp-content\/uploads\/2021\/11\/696koerakuut-donna2-soojustatud-0-scaled.jpg","width":1600,"height":1071},{"@type":"BreadcrumbList","@id":"https:\/\/alekeskus.eu\/toode\/koerakuut-donna2-soojustatud\/#breadcrumb","itemListElement":[{"@type":"ListItem","position":1,"name":"Avaleht","item":"https:\/\/alekeskus.eu\/et\/"},{"@type":"ListItem","position":2,"name":"Pood","item":"https:\/\/alekeskus.eu\/pood\/"},{"@type":"ListItem","position":3,"name":"Koerakuut Donna2 soojustatud"}]},{"@type":"WebSite","@id":"https:\/\/alekeskus.eu\/#website","url":"https:\/\/alekeskus.eu\/","name":"Alekeskus","description":"Alekeskus.eu","potentialAction":[{"@type":"SearchAction","target":{"@type":"EntryPoint","urlTemplate":"https:\/\/alekeskus.eu\/?s={search_term_string}"},"query-input":{"@type":"PropertyValueSpecification","valueRequired":true,"valueName":"search_term_string"}}],"inLanguage":"et"}]}},"brands":[],"_links":{"self":[{"href":"https:\/\/alekeskus.eu\/et\/wp-json\/wp\/v2\/product\/71064","targetHints":{"allow":["GET"]}}],"collection":[{"href":"https:\/\/alekeskus.eu\/et\/wp-json\/wp\/v2\/product"}],"about":[{"href":"https:\/\/alekeskus.eu\/et\/wp-json\/wp\/v2\/types\/product"}],"wp:featuredmedia":[{"embeddable":true,"href":"https:\/\/alekeskus.eu\/et\/wp-json\/wp\/v2\/media\/71062"}],"wp:attachment":[{"href":"https:\/\/alekeskus.eu\/et\/wp-json\/wp\/v2\/media?parent=71064"}],"wp:term":[{"taxonomy":"pwb-brand","embeddable":true,"href":"https:\/\/alekeskus.eu\/et\/wp-json\/wp\/v2\/pwb-brand?post=71064"},{"taxonomy":"product_brand","embeddable":true,"href":"https:\/\/alekeskus.eu\/et\/wp-json\/wp\/v2\/product_brand?post=71064"},{"taxonomy":"product_cat","embeddable":true,"href":"https:\/\/alekeskus.eu\/et\/wp-json\/wp\/v2\/product_cat?post=71064"},{"taxonomy":"product_tag","embeddable":true,"href":"https:\/\/alekeskus.eu\/et\/wp-json\/wp\/v2\/product_tag?post=71064"}],"curies":[{"name":"wp","href":"https:\/\/api.w.org\/{rel}","templated":true}]}}