{"id":71074,"date":"2021-11-12T05:19:23","date_gmt":"2021-11-12T05:19:23","guid":{"rendered":"http:\/\/alekeskus.eu\/product\/koerakuut-bose-terrassiga-soojustatud\/"},"modified":"2022-01-25T14:21:22","modified_gmt":"2022-01-25T14:21:22","slug":"koerakuut-bose-terrassiga-soojustatud","status":"publish","type":"product","link":"https:\/\/alekeskus.eu\/et\/toode\/koerakuut-bose-terrassiga-soojustatud\/","title":{"rendered":"Koerakuut B\u00f6se terrassiga soojustatud"},"content":{"rendered":"","protected":false},"excerpt":{"rendered":"<ul>\n<li>sisem\u00f5\u00f5dud 120 x 76 x 89 cm<\/li>\n<li>ukseava 36 x 58 cm<\/li>\n<li>aken 28&#215;35 cm pleksiklaasiga<\/li>\n<li>katus kaetud t\u00f5rvapapiga v\u00f5i k\u00e4rgkattega<\/li>\n<li>terrass 129&#215;40 cm<\/li>\n<li>seinad, p\u00f5rand, katus on soojustatud vahtplastiga 25mm, koerakuudi sisemus on kaetud niiskuskindla vineeriga, v\u00e4lisvooder 16mm kuusevoodrilaud<\/li>\n<li>viimistlemata puit<\/li>\n<li>vahesein ja katus on puhastamiseks eemaldatavad<\/li>\n<li>PVC kardin ja tuulutusava tellimisel<\/li>\n<\/ul>\n","protected":false},"featured_media":71072,"template":"","meta":{"_monsterinsights_skip_tracking":false,"_monsterinsights_sitenote_active":false,"_monsterinsights_sitenote_note":"","_monsterinsights_sitenote_category":0},"pwb-brand":[],"product_brand":[],"product_cat":[13540,13606],"product_tag":[15974,13841,14441,15634,15955,15958,15959,15967,15973],"class_list":{"0":"post-71074","1":"product","2":"type-product","3":"status-publish","4":"has-post-thumbnail","6":"product_cat-hooned-alekeskus","7":"product_cat-koerakuudid-ja-loomapuurid","8":"product_tag-koirakoppi","9":"product_tag-soojak","10":"product_tag-pesa","11":"product_tag-kodu","12":"product_tag-koerakuut","13":"product_tag-lemmik","14":"product_tag-loom","15":"product_tag-dog-house","16":"product_tag-bose","17":"product_shipping_class-30-300kg","18":"pa_garantii-2-aastat","19":"pa_kaalkg-14424","20":"pa_laoasukoht-tartumaa","21":"pa_pakendimoodud-90x129x59cm","22":"pa_tellimisaeg-2-10-toopaeva","23":"pa_veame-eesti-ja-soome","25":"first","26":"instock","27":"taxable","28":"shipping-taxable","29":"purchasable","30":"product-type-simple"},"yoast_head":"<!-- This site is optimized with the Yoast SEO plugin v27.3 - https:\/\/yoast.com\/product\/yoast-seo-wordpress\/ -->\n<title>Koerakuut B\u00f6se terrassiga soojustatud - Alekeskus<\/title>\n<meta name=\"robots\" content=\"index, follow, max-snippet:-1, max-image-preview:large, max-video-preview:-1\" \/>\n<link rel=\"canonical\" href=\"https:\/\/alekeskus.eu\/toode\/koerakuut-bose-terrassiga-soojustatud\/\" \/>\n<meta property=\"og:locale\" content=\"et_EE\" \/>\n<meta property=\"og:type\" content=\"article\" \/>\n<meta property=\"og:title\" content=\"Koerakuut B\u00f6se terrassiga soojustatud - Alekeskus\" \/>\n<meta property=\"og:description\" content=\"sisem\u00f5\u00f5dud 120 x 76 x 89 cm  ukseava 36 x 58 cm  aken 28x35 cm pleksiklaasiga  katus kaetud t\u00f5rvapapiga v\u00f5i k\u00e4rgkattega  terrass 129x40 cm  seinad, p\u00f5rand, katus on soojustatud vahtplastiga 25mm, koerakuudi sisemus on kaetud niiskuskindla vineeriga, v\u00e4lisvooder 16mm kuusevoodrilaud  viimistlemata puit  vahesein ja katus on puhastamiseks eemaldatavad  PVC kardin ja tuulutusava tellimisel\" \/>\n<meta property=\"og:url\" content=\"https:\/\/alekeskus.eu\/toode\/koerakuut-bose-terrassiga-soojustatud\/\" \/>\n<meta property=\"og:site_name\" content=\"Alekeskus\" \/>\n<meta property=\"article:modified_time\" content=\"2022-01-25T14:21:22+00:00\" \/>\n<meta property=\"og:image\" content=\"https:\/\/alekeskus.eu\/wp-content\/uploads\/2021\/11\/698koerakuut-b-se-terrassiga-soojustatud-0.jpg\" \/>\n\t<meta property=\"og:image:width\" content=\"1588\" \/>\n\t<meta property=\"og:image:height\" content=\"1205\" \/>\n\t<meta property=\"og:image:type\" content=\"image\/jpeg\" \/>\n<meta name=\"twitter:card\" content=\"summary_large_image\" \/>\n<script type=\"application\/ld+json\" class=\"yoast-schema-graph\">{\"@context\":\"https:\\\/\\\/schema.org\",\"@graph\":[{\"@type\":\"WebPage\",\"@id\":\"https:\\\/\\\/alekeskus.eu\\\/toode\\\/koerakuut-bose-terrassiga-soojustatud\\\/\",\"url\":\"https:\\\/\\\/alekeskus.eu\\\/toode\\\/koerakuut-bose-terrassiga-soojustatud\\\/\",\"name\":\"Koerakuut B\u00f6se terrassiga soojustatud - Alekeskus\",\"isPartOf\":{\"@id\":\"https:\\\/\\\/alekeskus.eu\\\/#website\"},\"primaryImageOfPage\":{\"@id\":\"https:\\\/\\\/alekeskus.eu\\\/toode\\\/koerakuut-bose-terrassiga-soojustatud\\\/#primaryimage\"},\"image\":{\"@id\":\"https:\\\/\\\/alekeskus.eu\\\/toode\\\/koerakuut-bose-terrassiga-soojustatud\\\/#primaryimage\"},\"thumbnailUrl\":\"https:\\\/\\\/alekeskus.eu\\\/wp-content\\\/uploads\\\/2021\\\/11\\\/698koerakuut-b-se-terrassiga-soojustatud-0.jpg\",\"datePublished\":\"2021-11-12T05:19:23+00:00\",\"dateModified\":\"2022-01-25T14:21:22+00:00\",\"breadcrumb\":{\"@id\":\"https:\\\/\\\/alekeskus.eu\\\/toode\\\/koerakuut-bose-terrassiga-soojustatud\\\/#breadcrumb\"},\"inLanguage\":\"et\",\"potentialAction\":[{\"@type\":\"ReadAction\",\"target\":[\"https:\\\/\\\/alekeskus.eu\\\/toode\\\/koerakuut-bose-terrassiga-soojustatud\\\/\"]}]},{\"@type\":\"ImageObject\",\"inLanguage\":\"et\",\"@id\":\"https:\\\/\\\/alekeskus.eu\\\/toode\\\/koerakuut-bose-terrassiga-soojustatud\\\/#primaryimage\",\"url\":\"https:\\\/\\\/alekeskus.eu\\\/wp-content\\\/uploads\\\/2021\\\/11\\\/698koerakuut-b-se-terrassiga-soojustatud-0.jpg\",\"contentUrl\":\"https:\\\/\\\/alekeskus.eu\\\/wp-content\\\/uploads\\\/2021\\\/11\\\/698koerakuut-b-se-terrassiga-soojustatud-0.jpg\",\"width\":1588,\"height\":1205},{\"@type\":\"BreadcrumbList\",\"@id\":\"https:\\\/\\\/alekeskus.eu\\\/toode\\\/koerakuut-bose-terrassiga-soojustatud\\\/#breadcrumb\",\"itemListElement\":[{\"@type\":\"ListItem\",\"position\":1,\"name\":\"Avaleht\",\"item\":\"https:\\\/\\\/alekeskus.eu\\\/et\\\/\"},{\"@type\":\"ListItem\",\"position\":2,\"name\":\"Pood\",\"item\":\"https:\\\/\\\/alekeskus.eu\\\/pood\\\/\"},{\"@type\":\"ListItem\",\"position\":3,\"name\":\"Koerakuut B\u00f6se terrassiga soojustatud\"}]},{\"@type\":\"WebSite\",\"@id\":\"https:\\\/\\\/alekeskus.eu\\\/#website\",\"url\":\"https:\\\/\\\/alekeskus.eu\\\/\",\"name\":\"Alekeskus\",\"description\":\"Alekeskus.eu\",\"potentialAction\":[{\"@type\":\"SearchAction\",\"target\":{\"@type\":\"EntryPoint\",\"urlTemplate\":\"https:\\\/\\\/alekeskus.eu\\\/?s={search_term_string}\"},\"query-input\":{\"@type\":\"PropertyValueSpecification\",\"valueRequired\":true,\"valueName\":\"search_term_string\"}}],\"inLanguage\":\"et\"}]}<\/script>\n<!-- \/ Yoast SEO plugin. -->","yoast_head_json":{"title":"Koerakuut B\u00f6se terrassiga soojustatud - Alekeskus","robots":{"index":"index","follow":"follow","max-snippet":"max-snippet:-1","max-image-preview":"max-image-preview:large","max-video-preview":"max-video-preview:-1"},"canonical":"https:\/\/alekeskus.eu\/toode\/koerakuut-bose-terrassiga-soojustatud\/","og_locale":"et_EE","og_type":"article","og_title":"Koerakuut B\u00f6se terrassiga soojustatud - Alekeskus","og_description":"sisem\u00f5\u00f5dud 120 x 76 x 89 cm  ukseava 36 x 58 cm  aken 28x35 cm pleksiklaasiga  katus kaetud t\u00f5rvapapiga v\u00f5i k\u00e4rgkattega  terrass 129x40 cm  seinad, p\u00f5rand, katus on soojustatud vahtplastiga 25mm, koerakuudi sisemus on kaetud niiskuskindla vineeriga, v\u00e4lisvooder 16mm kuusevoodrilaud  viimistlemata puit  vahesein ja katus on puhastamiseks eemaldatavad  PVC kardin ja tuulutusava tellimisel","og_url":"https:\/\/alekeskus.eu\/toode\/koerakuut-bose-terrassiga-soojustatud\/","og_site_name":"Alekeskus","article_modified_time":"2022-01-25T14:21:22+00:00","og_image":[{"width":1588,"height":1205,"url":"https:\/\/alekeskus.eu\/wp-content\/uploads\/2021\/11\/698koerakuut-b-se-terrassiga-soojustatud-0.jpg","type":"image\/jpeg"}],"twitter_card":"summary_large_image","schema":{"@context":"https:\/\/schema.org","@graph":[{"@type":"WebPage","@id":"https:\/\/alekeskus.eu\/toode\/koerakuut-bose-terrassiga-soojustatud\/","url":"https:\/\/alekeskus.eu\/toode\/koerakuut-bose-terrassiga-soojustatud\/","name":"Koerakuut B\u00f6se terrassiga soojustatud - Alekeskus","isPartOf":{"@id":"https:\/\/alekeskus.eu\/#website"},"primaryImageOfPage":{"@id":"https:\/\/alekeskus.eu\/toode\/koerakuut-bose-terrassiga-soojustatud\/#primaryimage"},"image":{"@id":"https:\/\/alekeskus.eu\/toode\/koerakuut-bose-terrassiga-soojustatud\/#primaryimage"},"thumbnailUrl":"https:\/\/alekeskus.eu\/wp-content\/uploads\/2021\/11\/698koerakuut-b-se-terrassiga-soojustatud-0.jpg","datePublished":"2021-11-12T05:19:23+00:00","dateModified":"2022-01-25T14:21:22+00:00","breadcrumb":{"@id":"https:\/\/alekeskus.eu\/toode\/koerakuut-bose-terrassiga-soojustatud\/#breadcrumb"},"inLanguage":"et","potentialAction":[{"@type":"ReadAction","target":["https:\/\/alekeskus.eu\/toode\/koerakuut-bose-terrassiga-soojustatud\/"]}]},{"@type":"ImageObject","inLanguage":"et","@id":"https:\/\/alekeskus.eu\/toode\/koerakuut-bose-terrassiga-soojustatud\/#primaryimage","url":"https:\/\/alekeskus.eu\/wp-content\/uploads\/2021\/11\/698koerakuut-b-se-terrassiga-soojustatud-0.jpg","contentUrl":"https:\/\/alekeskus.eu\/wp-content\/uploads\/2021\/11\/698koerakuut-b-se-terrassiga-soojustatud-0.jpg","width":1588,"height":1205},{"@type":"BreadcrumbList","@id":"https:\/\/alekeskus.eu\/toode\/koerakuut-bose-terrassiga-soojustatud\/#breadcrumb","itemListElement":[{"@type":"ListItem","position":1,"name":"Avaleht","item":"https:\/\/alekeskus.eu\/et\/"},{"@type":"ListItem","position":2,"name":"Pood","item":"https:\/\/alekeskus.eu\/pood\/"},{"@type":"ListItem","position":3,"name":"Koerakuut B\u00f6se terrassiga soojustatud"}]},{"@type":"WebSite","@id":"https:\/\/alekeskus.eu\/#website","url":"https:\/\/alekeskus.eu\/","name":"Alekeskus","description":"Alekeskus.eu","potentialAction":[{"@type":"SearchAction","target":{"@type":"EntryPoint","urlTemplate":"https:\/\/alekeskus.eu\/?s={search_term_string}"},"query-input":{"@type":"PropertyValueSpecification","valueRequired":true,"valueName":"search_term_string"}}],"inLanguage":"et"}]}},"brands":[],"_links":{"self":[{"href":"https:\/\/alekeskus.eu\/et\/wp-json\/wp\/v2\/product\/71074","targetHints":{"allow":["GET"]}}],"collection":[{"href":"https:\/\/alekeskus.eu\/et\/wp-json\/wp\/v2\/product"}],"about":[{"href":"https:\/\/alekeskus.eu\/et\/wp-json\/wp\/v2\/types\/product"}],"wp:featuredmedia":[{"embeddable":true,"href":"https:\/\/alekeskus.eu\/et\/wp-json\/wp\/v2\/media\/71072"}],"wp:attachment":[{"href":"https:\/\/alekeskus.eu\/et\/wp-json\/wp\/v2\/media?parent=71074"}],"wp:term":[{"taxonomy":"pwb-brand","embeddable":true,"href":"https:\/\/alekeskus.eu\/et\/wp-json\/wp\/v2\/pwb-brand?post=71074"},{"taxonomy":"product_brand","embeddable":true,"href":"https:\/\/alekeskus.eu\/et\/wp-json\/wp\/v2\/product_brand?post=71074"},{"taxonomy":"product_cat","embeddable":true,"href":"https:\/\/alekeskus.eu\/et\/wp-json\/wp\/v2\/product_cat?post=71074"},{"taxonomy":"product_tag","embeddable":true,"href":"https:\/\/alekeskus.eu\/et\/wp-json\/wp\/v2\/product_tag?post=71074"}],"curies":[{"name":"wp","href":"https:\/\/api.w.org\/{rel}","templated":true}]}}