{"id":71078,"date":"2021-11-12T05:19:26","date_gmt":"2021-11-12T05:19:26","guid":{"rendered":"http:\/\/alekeskus.eu\/product\/koerakuut-boss4-terrassiga-soojustatud\/"},"modified":"2022-01-25T14:21:22","modified_gmt":"2022-01-25T14:21:22","slug":"koerakuut-boss4-terrassiga-soojustatud","status":"publish","type":"product","link":"https:\/\/alekeskus.eu\/et\/toode\/koerakuut-boss4-terrassiga-soojustatud\/","title":{"rendered":"Koerakuut Boss4 terrassiga soojustatud"},"content":{"rendered":"","protected":false},"excerpt":{"rendered":"<ul>\n<li>koerakuudi sisem\u00f5\u00f5dud: 180 x 100 x 90 cm<\/li>\n<li>ukseava 38 x 67 cm<\/li>\n<li>2 akent 35&#215;28 cm, pleksiklaasiga<\/li>\n<li>katus kaetud t\u00f5rvapapiga<\/li>\n<li>terrass<\/li>\n<li>seinad, p\u00f5rand, katus on soojustatud vahtplastiga 25mm, sisu kaetud niiskuskindla vineeriga, v\u00e4lisvooder 16mm kuuselauaga<\/li>\n<li>v\u00e4rvitoon naturaalne<\/li>\n<li>vahesein ja katus on puhastamiseks eemaldatavad<\/li>\n<li>PVC kardin ja tuulutusava telli eraldi juurde<\/li>\n<\/ul>\n","protected":false},"featured_media":71076,"template":"","meta":{"_monsterinsights_skip_tracking":false,"_monsterinsights_sitenote_active":false,"_monsterinsights_sitenote_note":"","_monsterinsights_sitenote_category":0},"pwb-brand":[],"product_brand":[],"product_cat":[13540,13606],"product_tag":[14453,15955,15967,15973,15974],"class_list":{"0":"post-71078","1":"product","2":"type-product","3":"status-publish","4":"has-post-thumbnail","6":"product_cat-hooned-alekeskus","7":"product_cat-koerakuudid-ja-loomapuurid","8":"product_tag-boss","9":"product_tag-koerakuut","10":"product_tag-dog-house","11":"product_tag-bose","12":"product_tag-koirakoppi","13":"product_shipping_class-30-300kg","14":"pa_garantii-2-aastat","15":"pa_kaalkg-140-kg","16":"pa_laoasukoht-tartumaa","17":"pa_pakendimoodud-140x208x40cm","18":"pa_tellimisaeg-2-10-toopaeva","19":"pa_varv-viimistlemata","20":"pa_veame-eesti-ja-soome","22":"first","23":"instock","24":"taxable","25":"shipping-taxable","26":"purchasable","27":"product-type-simple"},"yoast_head":"<!-- This site is optimized with the Yoast SEO plugin v27.3 - https:\/\/yoast.com\/product\/yoast-seo-wordpress\/ -->\n<title>Koerakuut Boss4 terrassiga soojustatud - Alekeskus<\/title>\n<meta name=\"robots\" content=\"index, follow, max-snippet:-1, max-image-preview:large, max-video-preview:-1\" \/>\n<link rel=\"canonical\" href=\"https:\/\/alekeskus.eu\/toode\/koerakuut-boss4-terrassiga-soojustatud\/\" \/>\n<meta property=\"og:locale\" content=\"et_EE\" \/>\n<meta property=\"og:type\" content=\"article\" \/>\n<meta property=\"og:title\" content=\"Koerakuut Boss4 terrassiga soojustatud - Alekeskus\" \/>\n<meta property=\"og:description\" content=\"koerakuudi sisem\u00f5\u00f5dud: 180 x 100 x 90 cm  ukseava 38 x 67 cm  2 akent 35x28 cm, pleksiklaasiga  katus kaetud t\u00f5rvapapiga  terrass  seinad, p\u00f5rand, katus on soojustatud vahtplastiga 25mm, sisu kaetud niiskuskindla vineeriga, v\u00e4lisvooder 16mm kuuselauaga  v\u00e4rvitoon naturaalne  vahesein ja katus on puhastamiseks eemaldatavad  PVC kardin ja tuulutusava telli eraldi juurde\" \/>\n<meta property=\"og:url\" content=\"https:\/\/alekeskus.eu\/toode\/koerakuut-boss4-terrassiga-soojustatud\/\" \/>\n<meta property=\"og:site_name\" content=\"Alekeskus\" \/>\n<meta property=\"article:modified_time\" content=\"2022-01-25T14:21:22+00:00\" \/>\n<meta property=\"og:image\" content=\"https:\/\/alekeskus.eu\/wp-content\/uploads\/2021\/11\/699koerakuut-boss4-terrassiga-soojustatud-0-scaled.jpg\" \/>\n\t<meta property=\"og:image:width\" content=\"2560\" \/>\n\t<meta property=\"og:image:height\" content=\"1920\" \/>\n\t<meta property=\"og:image:type\" content=\"image\/jpeg\" \/>\n<meta name=\"twitter:card\" content=\"summary_large_image\" \/>\n<script type=\"application\/ld+json\" class=\"yoast-schema-graph\">{\"@context\":\"https:\\\/\\\/schema.org\",\"@graph\":[{\"@type\":\"WebPage\",\"@id\":\"https:\\\/\\\/alekeskus.eu\\\/toode\\\/koerakuut-boss4-terrassiga-soojustatud\\\/\",\"url\":\"https:\\\/\\\/alekeskus.eu\\\/toode\\\/koerakuut-boss4-terrassiga-soojustatud\\\/\",\"name\":\"Koerakuut Boss4 terrassiga soojustatud - Alekeskus\",\"isPartOf\":{\"@id\":\"https:\\\/\\\/alekeskus.eu\\\/#website\"},\"primaryImageOfPage\":{\"@id\":\"https:\\\/\\\/alekeskus.eu\\\/toode\\\/koerakuut-boss4-terrassiga-soojustatud\\\/#primaryimage\"},\"image\":{\"@id\":\"https:\\\/\\\/alekeskus.eu\\\/toode\\\/koerakuut-boss4-terrassiga-soojustatud\\\/#primaryimage\"},\"thumbnailUrl\":\"https:\\\/\\\/alekeskus.eu\\\/wp-content\\\/uploads\\\/2021\\\/11\\\/699koerakuut-boss4-terrassiga-soojustatud-0-scaled.jpg\",\"datePublished\":\"2021-11-12T05:19:26+00:00\",\"dateModified\":\"2022-01-25T14:21:22+00:00\",\"breadcrumb\":{\"@id\":\"https:\\\/\\\/alekeskus.eu\\\/toode\\\/koerakuut-boss4-terrassiga-soojustatud\\\/#breadcrumb\"},\"inLanguage\":\"et\",\"potentialAction\":[{\"@type\":\"ReadAction\",\"target\":[\"https:\\\/\\\/alekeskus.eu\\\/toode\\\/koerakuut-boss4-terrassiga-soojustatud\\\/\"]}]},{\"@type\":\"ImageObject\",\"inLanguage\":\"et\",\"@id\":\"https:\\\/\\\/alekeskus.eu\\\/toode\\\/koerakuut-boss4-terrassiga-soojustatud\\\/#primaryimage\",\"url\":\"https:\\\/\\\/alekeskus.eu\\\/wp-content\\\/uploads\\\/2021\\\/11\\\/699koerakuut-boss4-terrassiga-soojustatud-0-scaled.jpg\",\"contentUrl\":\"https:\\\/\\\/alekeskus.eu\\\/wp-content\\\/uploads\\\/2021\\\/11\\\/699koerakuut-boss4-terrassiga-soojustatud-0-scaled.jpg\",\"width\":1600,\"height\":1200},{\"@type\":\"BreadcrumbList\",\"@id\":\"https:\\\/\\\/alekeskus.eu\\\/toode\\\/koerakuut-boss4-terrassiga-soojustatud\\\/#breadcrumb\",\"itemListElement\":[{\"@type\":\"ListItem\",\"position\":1,\"name\":\"Avaleht\",\"item\":\"https:\\\/\\\/alekeskus.eu\\\/et\\\/\"},{\"@type\":\"ListItem\",\"position\":2,\"name\":\"Pood\",\"item\":\"https:\\\/\\\/alekeskus.eu\\\/pood\\\/\"},{\"@type\":\"ListItem\",\"position\":3,\"name\":\"Koerakuut Boss4 terrassiga soojustatud\"}]},{\"@type\":\"WebSite\",\"@id\":\"https:\\\/\\\/alekeskus.eu\\\/#website\",\"url\":\"https:\\\/\\\/alekeskus.eu\\\/\",\"name\":\"Alekeskus\",\"description\":\"Alekeskus.eu\",\"potentialAction\":[{\"@type\":\"SearchAction\",\"target\":{\"@type\":\"EntryPoint\",\"urlTemplate\":\"https:\\\/\\\/alekeskus.eu\\\/?s={search_term_string}\"},\"query-input\":{\"@type\":\"PropertyValueSpecification\",\"valueRequired\":true,\"valueName\":\"search_term_string\"}}],\"inLanguage\":\"et\"}]}<\/script>\n<!-- \/ Yoast SEO plugin. -->","yoast_head_json":{"title":"Koerakuut Boss4 terrassiga soojustatud - Alekeskus","robots":{"index":"index","follow":"follow","max-snippet":"max-snippet:-1","max-image-preview":"max-image-preview:large","max-video-preview":"max-video-preview:-1"},"canonical":"https:\/\/alekeskus.eu\/toode\/koerakuut-boss4-terrassiga-soojustatud\/","og_locale":"et_EE","og_type":"article","og_title":"Koerakuut Boss4 terrassiga soojustatud - Alekeskus","og_description":"koerakuudi sisem\u00f5\u00f5dud: 180 x 100 x 90 cm  ukseava 38 x 67 cm  2 akent 35x28 cm, pleksiklaasiga  katus kaetud t\u00f5rvapapiga  terrass  seinad, p\u00f5rand, katus on soojustatud vahtplastiga 25mm, sisu kaetud niiskuskindla vineeriga, v\u00e4lisvooder 16mm kuuselauaga  v\u00e4rvitoon naturaalne  vahesein ja katus on puhastamiseks eemaldatavad  PVC kardin ja tuulutusava telli eraldi juurde","og_url":"https:\/\/alekeskus.eu\/toode\/koerakuut-boss4-terrassiga-soojustatud\/","og_site_name":"Alekeskus","article_modified_time":"2022-01-25T14:21:22+00:00","og_image":[{"width":2560,"height":1920,"url":"https:\/\/alekeskus.eu\/wp-content\/uploads\/2021\/11\/699koerakuut-boss4-terrassiga-soojustatud-0-scaled.jpg","type":"image\/jpeg"}],"twitter_card":"summary_large_image","schema":{"@context":"https:\/\/schema.org","@graph":[{"@type":"WebPage","@id":"https:\/\/alekeskus.eu\/toode\/koerakuut-boss4-terrassiga-soojustatud\/","url":"https:\/\/alekeskus.eu\/toode\/koerakuut-boss4-terrassiga-soojustatud\/","name":"Koerakuut Boss4 terrassiga soojustatud - Alekeskus","isPartOf":{"@id":"https:\/\/alekeskus.eu\/#website"},"primaryImageOfPage":{"@id":"https:\/\/alekeskus.eu\/toode\/koerakuut-boss4-terrassiga-soojustatud\/#primaryimage"},"image":{"@id":"https:\/\/alekeskus.eu\/toode\/koerakuut-boss4-terrassiga-soojustatud\/#primaryimage"},"thumbnailUrl":"https:\/\/alekeskus.eu\/wp-content\/uploads\/2021\/11\/699koerakuut-boss4-terrassiga-soojustatud-0-scaled.jpg","datePublished":"2021-11-12T05:19:26+00:00","dateModified":"2022-01-25T14:21:22+00:00","breadcrumb":{"@id":"https:\/\/alekeskus.eu\/toode\/koerakuut-boss4-terrassiga-soojustatud\/#breadcrumb"},"inLanguage":"et","potentialAction":[{"@type":"ReadAction","target":["https:\/\/alekeskus.eu\/toode\/koerakuut-boss4-terrassiga-soojustatud\/"]}]},{"@type":"ImageObject","inLanguage":"et","@id":"https:\/\/alekeskus.eu\/toode\/koerakuut-boss4-terrassiga-soojustatud\/#primaryimage","url":"https:\/\/alekeskus.eu\/wp-content\/uploads\/2021\/11\/699koerakuut-boss4-terrassiga-soojustatud-0-scaled.jpg","contentUrl":"https:\/\/alekeskus.eu\/wp-content\/uploads\/2021\/11\/699koerakuut-boss4-terrassiga-soojustatud-0-scaled.jpg","width":1600,"height":1200},{"@type":"BreadcrumbList","@id":"https:\/\/alekeskus.eu\/toode\/koerakuut-boss4-terrassiga-soojustatud\/#breadcrumb","itemListElement":[{"@type":"ListItem","position":1,"name":"Avaleht","item":"https:\/\/alekeskus.eu\/et\/"},{"@type":"ListItem","position":2,"name":"Pood","item":"https:\/\/alekeskus.eu\/pood\/"},{"@type":"ListItem","position":3,"name":"Koerakuut Boss4 terrassiga soojustatud"}]},{"@type":"WebSite","@id":"https:\/\/alekeskus.eu\/#website","url":"https:\/\/alekeskus.eu\/","name":"Alekeskus","description":"Alekeskus.eu","potentialAction":[{"@type":"SearchAction","target":{"@type":"EntryPoint","urlTemplate":"https:\/\/alekeskus.eu\/?s={search_term_string}"},"query-input":{"@type":"PropertyValueSpecification","valueRequired":true,"valueName":"search_term_string"}}],"inLanguage":"et"}]}},"brands":[],"_links":{"self":[{"href":"https:\/\/alekeskus.eu\/et\/wp-json\/wp\/v2\/product\/71078","targetHints":{"allow":["GET"]}}],"collection":[{"href":"https:\/\/alekeskus.eu\/et\/wp-json\/wp\/v2\/product"}],"about":[{"href":"https:\/\/alekeskus.eu\/et\/wp-json\/wp\/v2\/types\/product"}],"wp:featuredmedia":[{"embeddable":true,"href":"https:\/\/alekeskus.eu\/et\/wp-json\/wp\/v2\/media\/71076"}],"wp:attachment":[{"href":"https:\/\/alekeskus.eu\/et\/wp-json\/wp\/v2\/media?parent=71078"}],"wp:term":[{"taxonomy":"pwb-brand","embeddable":true,"href":"https:\/\/alekeskus.eu\/et\/wp-json\/wp\/v2\/pwb-brand?post=71078"},{"taxonomy":"product_brand","embeddable":true,"href":"https:\/\/alekeskus.eu\/et\/wp-json\/wp\/v2\/product_brand?post=71078"},{"taxonomy":"product_cat","embeddable":true,"href":"https:\/\/alekeskus.eu\/et\/wp-json\/wp\/v2\/product_cat?post=71078"},{"taxonomy":"product_tag","embeddable":true,"href":"https:\/\/alekeskus.eu\/et\/wp-json\/wp\/v2\/product_tag?post=71078"}],"curies":[{"name":"wp","href":"https:\/\/api.w.org\/{rel}","templated":true}]}}