{"id":71082,"date":"2021-11-12T05:19:29","date_gmt":"2021-11-12T05:19:29","guid":{"rendered":"http:\/\/alekeskus.eu\/product\/koerakuudi-ukseava-pvc-kate-ja-tuulutusava\/"},"modified":"2023-11-17T13:07:47","modified_gmt":"2023-11-17T13:07:47","slug":"koerakuudi-ukseava-pvc-kate-alekeskus","status":"publish","type":"product","link":"https:\/\/alekeskus.eu\/et\/toode\/koerakuudi-ukseava-pvc-kate-alekeskus\/","title":{"rendered":"Koerakuudi ukseava PVC kate"},"content":{"rendered":"","protected":false},"excerpt":{"rendered":"<p>PVC kardin kaitseb lemmikut tuulte ja tuiskude eest.<\/p>\n<p>Valmistatakse soovitud m\u00f5\u00f5tudes, mille saab lisada m\u00e4rkustesse tellimust sooritades v\u00f5i saates e-kirja.<\/p>\n","protected":false},"featured_media":71080,"template":"","meta":{"_monsterinsights_skip_tracking":false,"_monsterinsights_sitenote_active":false,"_monsterinsights_sitenote_note":"","_monsterinsights_sitenote_category":0},"pwb-brand":[],"product_brand":[],"product_cat":[13540,13606],"product_tag":[15098,15955,15979,15980,18262],"class_list":{"0":"post-71082","1":"product","2":"type-product","3":"status-publish","4":"has-post-thumbnail","6":"product_cat-hooned-alekeskus","7":"product_cat-koerakuudid-ja-loomapuurid","8":"product_tag-pvc","9":"product_tag-koerakuut","10":"product_tag-kardin","11":"product_tag-tuulutus","12":"product_tag-koerakuudi-uks","13":"product_shipping_class-pakiautomaat","14":"pa_laoasukoht-tartumaa","15":"pa_veame-eesti-ja-soome","17":"first","18":"instock","19":"taxable","20":"shipping-taxable","21":"purchasable","22":"product-type-simple"},"yoast_head":"<!-- This site is optimized with the Yoast SEO plugin v27.3 - https:\/\/yoast.com\/product\/yoast-seo-wordpress\/ -->\n<title>Koerakuudi ukseava PVC kate - Alekeskus<\/title>\n<meta name=\"robots\" content=\"index, follow, max-snippet:-1, max-image-preview:large, max-video-preview:-1\" \/>\n<link rel=\"canonical\" href=\"https:\/\/alekeskus.eu\/toode\/koerakuudi-ukseava-pvc-kate-alekeskus\/\" \/>\n<meta property=\"og:locale\" content=\"et_EE\" \/>\n<meta property=\"og:type\" content=\"article\" \/>\n<meta property=\"og:title\" content=\"Koerakuudi ukseava PVC kate - Alekeskus\" \/>\n<meta property=\"og:description\" content=\"PVC kardin kaitseb lemmikut tuulte ja tuiskude eest.  Valmistatakse soovitud m\u00f5\u00f5tudes, mille saab lisada m\u00e4rkustesse tellimust sooritades v\u00f5i saates e-kirja.\" \/>\n<meta property=\"og:url\" content=\"https:\/\/alekeskus.eu\/toode\/koerakuudi-ukseava-pvc-kate-alekeskus\/\" \/>\n<meta property=\"og:site_name\" content=\"Alekeskus\" \/>\n<meta property=\"article:modified_time\" content=\"2023-11-17T13:07:47+00:00\" \/>\n<meta property=\"og:image\" content=\"https:\/\/alekeskus.eu\/wp-content\/uploads\/2021\/11\/761koerakuudi-ukseava-pvc-kate-ja-tuulutusava-0.jpg\" \/>\n\t<meta property=\"og:image:width\" content=\"225\" \/>\n\t<meta property=\"og:image:height\" content=\"225\" \/>\n\t<meta property=\"og:image:type\" content=\"image\/jpeg\" \/>\n<meta name=\"twitter:card\" content=\"summary_large_image\" \/>\n<script type=\"application\/ld+json\" class=\"yoast-schema-graph\">{\"@context\":\"https:\\\/\\\/schema.org\",\"@graph\":[{\"@type\":\"WebPage\",\"@id\":\"https:\\\/\\\/alekeskus.eu\\\/toode\\\/koerakuudi-ukseava-pvc-kate-alekeskus\\\/\",\"url\":\"https:\\\/\\\/alekeskus.eu\\\/toode\\\/koerakuudi-ukseava-pvc-kate-alekeskus\\\/\",\"name\":\"Koerakuudi ukseava PVC kate - Alekeskus\",\"isPartOf\":{\"@id\":\"https:\\\/\\\/alekeskus.eu\\\/#website\"},\"primaryImageOfPage\":{\"@id\":\"https:\\\/\\\/alekeskus.eu\\\/toode\\\/koerakuudi-ukseava-pvc-kate-alekeskus\\\/#primaryimage\"},\"image\":{\"@id\":\"https:\\\/\\\/alekeskus.eu\\\/toode\\\/koerakuudi-ukseava-pvc-kate-alekeskus\\\/#primaryimage\"},\"thumbnailUrl\":\"https:\\\/\\\/alekeskus.eu\\\/wp-content\\\/uploads\\\/2021\\\/11\\\/761koerakuudi-ukseava-pvc-kate-ja-tuulutusava-0.jpg\",\"datePublished\":\"2021-11-12T05:19:29+00:00\",\"dateModified\":\"2023-11-17T13:07:47+00:00\",\"breadcrumb\":{\"@id\":\"https:\\\/\\\/alekeskus.eu\\\/toode\\\/koerakuudi-ukseava-pvc-kate-alekeskus\\\/#breadcrumb\"},\"inLanguage\":\"et\",\"potentialAction\":[{\"@type\":\"ReadAction\",\"target\":[\"https:\\\/\\\/alekeskus.eu\\\/toode\\\/koerakuudi-ukseava-pvc-kate-alekeskus\\\/\"]}]},{\"@type\":\"ImageObject\",\"inLanguage\":\"et\",\"@id\":\"https:\\\/\\\/alekeskus.eu\\\/toode\\\/koerakuudi-ukseava-pvc-kate-alekeskus\\\/#primaryimage\",\"url\":\"https:\\\/\\\/alekeskus.eu\\\/wp-content\\\/uploads\\\/2021\\\/11\\\/761koerakuudi-ukseava-pvc-kate-ja-tuulutusava-0.jpg\",\"contentUrl\":\"https:\\\/\\\/alekeskus.eu\\\/wp-content\\\/uploads\\\/2021\\\/11\\\/761koerakuudi-ukseava-pvc-kate-ja-tuulutusava-0.jpg\",\"width\":225,\"height\":225},{\"@type\":\"BreadcrumbList\",\"@id\":\"https:\\\/\\\/alekeskus.eu\\\/toode\\\/koerakuudi-ukseava-pvc-kate-alekeskus\\\/#breadcrumb\",\"itemListElement\":[{\"@type\":\"ListItem\",\"position\":1,\"name\":\"Avaleht\",\"item\":\"https:\\\/\\\/alekeskus.eu\\\/et\\\/\"},{\"@type\":\"ListItem\",\"position\":2,\"name\":\"Pood\",\"item\":\"https:\\\/\\\/alekeskus.eu\\\/pood\\\/\"},{\"@type\":\"ListItem\",\"position\":3,\"name\":\"Koerakuudi ukseava PVC kate\"}]},{\"@type\":\"WebSite\",\"@id\":\"https:\\\/\\\/alekeskus.eu\\\/#website\",\"url\":\"https:\\\/\\\/alekeskus.eu\\\/\",\"name\":\"Alekeskus\",\"description\":\"Alekeskus.eu\",\"potentialAction\":[{\"@type\":\"SearchAction\",\"target\":{\"@type\":\"EntryPoint\",\"urlTemplate\":\"https:\\\/\\\/alekeskus.eu\\\/?s={search_term_string}\"},\"query-input\":{\"@type\":\"PropertyValueSpecification\",\"valueRequired\":true,\"valueName\":\"search_term_string\"}}],\"inLanguage\":\"et\"}]}<\/script>\n<!-- \/ Yoast SEO plugin. -->","yoast_head_json":{"title":"Koerakuudi ukseava PVC kate - Alekeskus","robots":{"index":"index","follow":"follow","max-snippet":"max-snippet:-1","max-image-preview":"max-image-preview:large","max-video-preview":"max-video-preview:-1"},"canonical":"https:\/\/alekeskus.eu\/toode\/koerakuudi-ukseava-pvc-kate-alekeskus\/","og_locale":"et_EE","og_type":"article","og_title":"Koerakuudi ukseava PVC kate - Alekeskus","og_description":"PVC kardin kaitseb lemmikut tuulte ja tuiskude eest.  Valmistatakse soovitud m\u00f5\u00f5tudes, mille saab lisada m\u00e4rkustesse tellimust sooritades v\u00f5i saates e-kirja.","og_url":"https:\/\/alekeskus.eu\/toode\/koerakuudi-ukseava-pvc-kate-alekeskus\/","og_site_name":"Alekeskus","article_modified_time":"2023-11-17T13:07:47+00:00","og_image":[{"width":225,"height":225,"url":"https:\/\/alekeskus.eu\/wp-content\/uploads\/2021\/11\/761koerakuudi-ukseava-pvc-kate-ja-tuulutusava-0.jpg","type":"image\/jpeg"}],"twitter_card":"summary_large_image","schema":{"@context":"https:\/\/schema.org","@graph":[{"@type":"WebPage","@id":"https:\/\/alekeskus.eu\/toode\/koerakuudi-ukseava-pvc-kate-alekeskus\/","url":"https:\/\/alekeskus.eu\/toode\/koerakuudi-ukseava-pvc-kate-alekeskus\/","name":"Koerakuudi ukseava PVC kate - Alekeskus","isPartOf":{"@id":"https:\/\/alekeskus.eu\/#website"},"primaryImageOfPage":{"@id":"https:\/\/alekeskus.eu\/toode\/koerakuudi-ukseava-pvc-kate-alekeskus\/#primaryimage"},"image":{"@id":"https:\/\/alekeskus.eu\/toode\/koerakuudi-ukseava-pvc-kate-alekeskus\/#primaryimage"},"thumbnailUrl":"https:\/\/alekeskus.eu\/wp-content\/uploads\/2021\/11\/761koerakuudi-ukseava-pvc-kate-ja-tuulutusava-0.jpg","datePublished":"2021-11-12T05:19:29+00:00","dateModified":"2023-11-17T13:07:47+00:00","breadcrumb":{"@id":"https:\/\/alekeskus.eu\/toode\/koerakuudi-ukseava-pvc-kate-alekeskus\/#breadcrumb"},"inLanguage":"et","potentialAction":[{"@type":"ReadAction","target":["https:\/\/alekeskus.eu\/toode\/koerakuudi-ukseava-pvc-kate-alekeskus\/"]}]},{"@type":"ImageObject","inLanguage":"et","@id":"https:\/\/alekeskus.eu\/toode\/koerakuudi-ukseava-pvc-kate-alekeskus\/#primaryimage","url":"https:\/\/alekeskus.eu\/wp-content\/uploads\/2021\/11\/761koerakuudi-ukseava-pvc-kate-ja-tuulutusava-0.jpg","contentUrl":"https:\/\/alekeskus.eu\/wp-content\/uploads\/2021\/11\/761koerakuudi-ukseava-pvc-kate-ja-tuulutusava-0.jpg","width":225,"height":225},{"@type":"BreadcrumbList","@id":"https:\/\/alekeskus.eu\/toode\/koerakuudi-ukseava-pvc-kate-alekeskus\/#breadcrumb","itemListElement":[{"@type":"ListItem","position":1,"name":"Avaleht","item":"https:\/\/alekeskus.eu\/et\/"},{"@type":"ListItem","position":2,"name":"Pood","item":"https:\/\/alekeskus.eu\/pood\/"},{"@type":"ListItem","position":3,"name":"Koerakuudi ukseava PVC kate"}]},{"@type":"WebSite","@id":"https:\/\/alekeskus.eu\/#website","url":"https:\/\/alekeskus.eu\/","name":"Alekeskus","description":"Alekeskus.eu","potentialAction":[{"@type":"SearchAction","target":{"@type":"EntryPoint","urlTemplate":"https:\/\/alekeskus.eu\/?s={search_term_string}"},"query-input":{"@type":"PropertyValueSpecification","valueRequired":true,"valueName":"search_term_string"}}],"inLanguage":"et"}]}},"brands":[],"_links":{"self":[{"href":"https:\/\/alekeskus.eu\/et\/wp-json\/wp\/v2\/product\/71082","targetHints":{"allow":["GET"]}}],"collection":[{"href":"https:\/\/alekeskus.eu\/et\/wp-json\/wp\/v2\/product"}],"about":[{"href":"https:\/\/alekeskus.eu\/et\/wp-json\/wp\/v2\/types\/product"}],"wp:featuredmedia":[{"embeddable":true,"href":"https:\/\/alekeskus.eu\/et\/wp-json\/wp\/v2\/media\/71080"}],"wp:attachment":[{"href":"https:\/\/alekeskus.eu\/et\/wp-json\/wp\/v2\/media?parent=71082"}],"wp:term":[{"taxonomy":"pwb-brand","embeddable":true,"href":"https:\/\/alekeskus.eu\/et\/wp-json\/wp\/v2\/pwb-brand?post=71082"},{"taxonomy":"product_brand","embeddable":true,"href":"https:\/\/alekeskus.eu\/et\/wp-json\/wp\/v2\/product_brand?post=71082"},{"taxonomy":"product_cat","embeddable":true,"href":"https:\/\/alekeskus.eu\/et\/wp-json\/wp\/v2\/product_cat?post=71082"},{"taxonomy":"product_tag","embeddable":true,"href":"https:\/\/alekeskus.eu\/et\/wp-json\/wp\/v2\/product_tag?post=71082"}],"curies":[{"name":"wp","href":"https:\/\/api.w.org\/{rel}","templated":true}]}}