{"id":71124,"date":"2023-11-12T05:20:04","date_gmt":"2023-11-12T05:20:04","guid":{"rendered":"http:\/\/alekeskus.eu\/product\/koerakuut-donna2-soojustamata\/"},"modified":"2024-07-18T16:18:21","modified_gmt":"2024-07-18T16:18:21","slug":"koerakuut-donna2-soojustamata-alekeskus","status":"publish","type":"product","link":"https:\/\/alekeskus.eu\/et\/toode\/koerakuut-donna2-soojustamata-alekeskus\/","title":{"rendered":"Koerakuut Donna2 soojustamata"},"content":{"rendered":"","protected":false},"excerpt":{"rendered":"<ul>\n<li>Koerakuudi sisem\u00f5\u00f5dud: 140 x 90 x 90 cm<\/li>\n<li>Ukseava: L 38 x H 67 cm<\/li>\n<li>Aken: L 28 x H 35 cm, pleksiklaasist<\/li>\n<li>Katus: ulatub ette 30 cm, katusekate t\u00f5rvapapp<\/li>\n<li>Koerakuut on v\u00e4ljast kaetud kuusepuidust voodrilauaga 16mm<\/li>\n<li>V\u00e4rvitoon: naturaalne<\/li>\n<li>Vahesein ja katus on puhastamiseks eemaldatavad<\/li>\n<li>Eesti toode<\/li>\n<\/ul>\n","protected":false},"featured_media":71122,"template":"","meta":{"_monsterinsights_skip_tracking":false,"_monsterinsights_sitenote_active":false,"_monsterinsights_sitenote_note":"","_monsterinsights_sitenote_category":0},"pwb-brand":[],"product_brand":[],"product_cat":[13540,13606],"product_tag":[15956,15957,15965,15967,13932,15955],"class_list":{"0":"post-71124","1":"product","2":"type-product","3":"status-publish","4":"has-post-thumbnail","6":"product_cat-hooned-alekeskus","7":"product_cat-koerakuudid-ja-loomapuurid","8":"product_tag-koira","9":"product_tag-donna","10":"product_tag-koirankoppi","11":"product_tag-dog-house","12":"product_tag-koppi","13":"product_tag-koerakuut","14":"product_shipping_class-30-300kg","15":"pa_garantii-2-aastat","16":"pa_kaalkg-16024","17":"pa_kohaletoimetamine-veohind-mandri-eestis-alekeskus","18":"pa_laoasukoht-tartumaa","19":"pa_pakendimoodud-126x162x40-cm","20":"pa_tellimisaeg-2-10-toopaeva","21":"pa_varv-viimistlemata","22":"pa_veame-eesti-ja-soome","24":"first","25":"instock","26":"taxable","27":"shipping-taxable","28":"purchasable","29":"product-type-simple"},"yoast_head":"<!-- This site is optimized with the Yoast SEO plugin v27.3 - https:\/\/yoast.com\/product\/yoast-seo-wordpress\/ -->\n<title>Koerakuut Donna2 soojustamata - Alekeskus<\/title>\n<meta name=\"robots\" content=\"index, follow, max-snippet:-1, max-image-preview:large, max-video-preview:-1\" \/>\n<link rel=\"canonical\" href=\"https:\/\/alekeskus.eu\/toode\/koerakuut-donna2-soojustamata-alekeskus\/\" \/>\n<meta property=\"og:locale\" content=\"et_EE\" \/>\n<meta property=\"og:type\" content=\"article\" \/>\n<meta property=\"og:title\" content=\"Koerakuut Donna2 soojustamata - Alekeskus\" \/>\n<meta property=\"og:description\" content=\"Koerakuudi sisem\u00f5\u00f5dud: 140 x 90 x 90 cm  Ukseava: L 38 x H 67 cm  Aken: L 28 x H 35 cm, pleksiklaasist  Katus: ulatub ette 30 cm, katusekate t\u00f5rvapapp  Koerakuut on v\u00e4ljast kaetud kuusepuidust voodrilauaga 16mm  V\u00e4rvitoon: naturaalne  Vahesein ja katus on puhastamiseks eemaldatavad  Eesti toode\" \/>\n<meta property=\"og:url\" content=\"https:\/\/alekeskus.eu\/toode\/koerakuut-donna2-soojustamata-alekeskus\/\" \/>\n<meta property=\"og:site_name\" content=\"Alekeskus\" \/>\n<meta property=\"article:modified_time\" content=\"2024-07-18T16:18:21+00:00\" \/>\n<meta property=\"og:image\" content=\"https:\/\/alekeskus.eu\/wp-content\/uploads\/2021\/11\/1043koerakuut-donna2-soojustamata-0-scaled.jpg\" \/>\n\t<meta property=\"og:image:width\" content=\"2560\" \/>\n\t<meta property=\"og:image:height\" content=\"1714\" \/>\n\t<meta property=\"og:image:type\" content=\"image\/jpeg\" \/>\n<meta name=\"twitter:card\" content=\"summary_large_image\" \/>\n<meta name=\"twitter:label1\" content=\"Est. reading time\" \/>\n\t<meta name=\"twitter:data1\" content=\"1 minut\" \/>\n<script type=\"application\/ld+json\" class=\"yoast-schema-graph\">{\"@context\":\"https:\\\/\\\/schema.org\",\"@graph\":[{\"@type\":\"WebPage\",\"@id\":\"https:\\\/\\\/alekeskus.eu\\\/toode\\\/koerakuut-donna2-soojustamata-alekeskus\\\/\",\"url\":\"https:\\\/\\\/alekeskus.eu\\\/toode\\\/koerakuut-donna2-soojustamata-alekeskus\\\/\",\"name\":\"Koerakuut Donna2 soojustamata - Alekeskus\",\"isPartOf\":{\"@id\":\"https:\\\/\\\/alekeskus.eu\\\/#website\"},\"primaryImageOfPage\":{\"@id\":\"https:\\\/\\\/alekeskus.eu\\\/toode\\\/koerakuut-donna2-soojustamata-alekeskus\\\/#primaryimage\"},\"image\":{\"@id\":\"https:\\\/\\\/alekeskus.eu\\\/toode\\\/koerakuut-donna2-soojustamata-alekeskus\\\/#primaryimage\"},\"thumbnailUrl\":\"https:\\\/\\\/alekeskus.eu\\\/wp-content\\\/uploads\\\/2021\\\/11\\\/1043koerakuut-donna2-soojustamata-0-scaled.jpg\",\"datePublished\":\"2023-11-12T05:20:04+00:00\",\"dateModified\":\"2024-07-18T16:18:21+00:00\",\"breadcrumb\":{\"@id\":\"https:\\\/\\\/alekeskus.eu\\\/toode\\\/koerakuut-donna2-soojustamata-alekeskus\\\/#breadcrumb\"},\"inLanguage\":\"et\",\"potentialAction\":[{\"@type\":\"ReadAction\",\"target\":[\"https:\\\/\\\/alekeskus.eu\\\/toode\\\/koerakuut-donna2-soojustamata-alekeskus\\\/\"]}]},{\"@type\":\"ImageObject\",\"inLanguage\":\"et\",\"@id\":\"https:\\\/\\\/alekeskus.eu\\\/toode\\\/koerakuut-donna2-soojustamata-alekeskus\\\/#primaryimage\",\"url\":\"https:\\\/\\\/alekeskus.eu\\\/wp-content\\\/uploads\\\/2021\\\/11\\\/1043koerakuut-donna2-soojustamata-0-scaled.jpg\",\"contentUrl\":\"https:\\\/\\\/alekeskus.eu\\\/wp-content\\\/uploads\\\/2021\\\/11\\\/1043koerakuut-donna2-soojustamata-0-scaled.jpg\",\"width\":1600,\"height\":1071},{\"@type\":\"BreadcrumbList\",\"@id\":\"https:\\\/\\\/alekeskus.eu\\\/toode\\\/koerakuut-donna2-soojustamata-alekeskus\\\/#breadcrumb\",\"itemListElement\":[{\"@type\":\"ListItem\",\"position\":1,\"name\":\"Avaleht\",\"item\":\"https:\\\/\\\/alekeskus.eu\\\/et\\\/\"},{\"@type\":\"ListItem\",\"position\":2,\"name\":\"Pood\",\"item\":\"https:\\\/\\\/alekeskus.eu\\\/pood\\\/\"},{\"@type\":\"ListItem\",\"position\":3,\"name\":\"Koerakuut Donna2 soojustamata\"}]},{\"@type\":\"WebSite\",\"@id\":\"https:\\\/\\\/alekeskus.eu\\\/#website\",\"url\":\"https:\\\/\\\/alekeskus.eu\\\/\",\"name\":\"Alekeskus\",\"description\":\"Alekeskus.eu\",\"potentialAction\":[{\"@type\":\"SearchAction\",\"target\":{\"@type\":\"EntryPoint\",\"urlTemplate\":\"https:\\\/\\\/alekeskus.eu\\\/?s={search_term_string}\"},\"query-input\":{\"@type\":\"PropertyValueSpecification\",\"valueRequired\":true,\"valueName\":\"search_term_string\"}}],\"inLanguage\":\"et\"}]}<\/script>\n<!-- \/ Yoast SEO plugin. -->","yoast_head_json":{"title":"Koerakuut Donna2 soojustamata - Alekeskus","robots":{"index":"index","follow":"follow","max-snippet":"max-snippet:-1","max-image-preview":"max-image-preview:large","max-video-preview":"max-video-preview:-1"},"canonical":"https:\/\/alekeskus.eu\/toode\/koerakuut-donna2-soojustamata-alekeskus\/","og_locale":"et_EE","og_type":"article","og_title":"Koerakuut Donna2 soojustamata - Alekeskus","og_description":"Koerakuudi sisem\u00f5\u00f5dud: 140 x 90 x 90 cm  Ukseava: L 38 x H 67 cm  Aken: L 28 x H 35 cm, pleksiklaasist  Katus: ulatub ette 30 cm, katusekate t\u00f5rvapapp  Koerakuut on v\u00e4ljast kaetud kuusepuidust voodrilauaga 16mm  V\u00e4rvitoon: naturaalne  Vahesein ja katus on puhastamiseks eemaldatavad  Eesti toode","og_url":"https:\/\/alekeskus.eu\/toode\/koerakuut-donna2-soojustamata-alekeskus\/","og_site_name":"Alekeskus","article_modified_time":"2024-07-18T16:18:21+00:00","og_image":[{"width":2560,"height":1714,"url":"https:\/\/alekeskus.eu\/wp-content\/uploads\/2021\/11\/1043koerakuut-donna2-soojustamata-0-scaled.jpg","type":"image\/jpeg"}],"twitter_card":"summary_large_image","twitter_misc":{"Est. reading time":"1 minut"},"schema":{"@context":"https:\/\/schema.org","@graph":[{"@type":"WebPage","@id":"https:\/\/alekeskus.eu\/toode\/koerakuut-donna2-soojustamata-alekeskus\/","url":"https:\/\/alekeskus.eu\/toode\/koerakuut-donna2-soojustamata-alekeskus\/","name":"Koerakuut Donna2 soojustamata - Alekeskus","isPartOf":{"@id":"https:\/\/alekeskus.eu\/#website"},"primaryImageOfPage":{"@id":"https:\/\/alekeskus.eu\/toode\/koerakuut-donna2-soojustamata-alekeskus\/#primaryimage"},"image":{"@id":"https:\/\/alekeskus.eu\/toode\/koerakuut-donna2-soojustamata-alekeskus\/#primaryimage"},"thumbnailUrl":"https:\/\/alekeskus.eu\/wp-content\/uploads\/2021\/11\/1043koerakuut-donna2-soojustamata-0-scaled.jpg","datePublished":"2023-11-12T05:20:04+00:00","dateModified":"2024-07-18T16:18:21+00:00","breadcrumb":{"@id":"https:\/\/alekeskus.eu\/toode\/koerakuut-donna2-soojustamata-alekeskus\/#breadcrumb"},"inLanguage":"et","potentialAction":[{"@type":"ReadAction","target":["https:\/\/alekeskus.eu\/toode\/koerakuut-donna2-soojustamata-alekeskus\/"]}]},{"@type":"ImageObject","inLanguage":"et","@id":"https:\/\/alekeskus.eu\/toode\/koerakuut-donna2-soojustamata-alekeskus\/#primaryimage","url":"https:\/\/alekeskus.eu\/wp-content\/uploads\/2021\/11\/1043koerakuut-donna2-soojustamata-0-scaled.jpg","contentUrl":"https:\/\/alekeskus.eu\/wp-content\/uploads\/2021\/11\/1043koerakuut-donna2-soojustamata-0-scaled.jpg","width":1600,"height":1071},{"@type":"BreadcrumbList","@id":"https:\/\/alekeskus.eu\/toode\/koerakuut-donna2-soojustamata-alekeskus\/#breadcrumb","itemListElement":[{"@type":"ListItem","position":1,"name":"Avaleht","item":"https:\/\/alekeskus.eu\/et\/"},{"@type":"ListItem","position":2,"name":"Pood","item":"https:\/\/alekeskus.eu\/pood\/"},{"@type":"ListItem","position":3,"name":"Koerakuut Donna2 soojustamata"}]},{"@type":"WebSite","@id":"https:\/\/alekeskus.eu\/#website","url":"https:\/\/alekeskus.eu\/","name":"Alekeskus","description":"Alekeskus.eu","potentialAction":[{"@type":"SearchAction","target":{"@type":"EntryPoint","urlTemplate":"https:\/\/alekeskus.eu\/?s={search_term_string}"},"query-input":{"@type":"PropertyValueSpecification","valueRequired":true,"valueName":"search_term_string"}}],"inLanguage":"et"}]}},"brands":[],"_links":{"self":[{"href":"https:\/\/alekeskus.eu\/et\/wp-json\/wp\/v2\/product\/71124","targetHints":{"allow":["GET"]}}],"collection":[{"href":"https:\/\/alekeskus.eu\/et\/wp-json\/wp\/v2\/product"}],"about":[{"href":"https:\/\/alekeskus.eu\/et\/wp-json\/wp\/v2\/types\/product"}],"wp:featuredmedia":[{"embeddable":true,"href":"https:\/\/alekeskus.eu\/et\/wp-json\/wp\/v2\/media\/71122"}],"wp:attachment":[{"href":"https:\/\/alekeskus.eu\/et\/wp-json\/wp\/v2\/media?parent=71124"}],"wp:term":[{"taxonomy":"pwb-brand","embeddable":true,"href":"https:\/\/alekeskus.eu\/et\/wp-json\/wp\/v2\/pwb-brand?post=71124"},{"taxonomy":"product_brand","embeddable":true,"href":"https:\/\/alekeskus.eu\/et\/wp-json\/wp\/v2\/product_brand?post=71124"},{"taxonomy":"product_cat","embeddable":true,"href":"https:\/\/alekeskus.eu\/et\/wp-json\/wp\/v2\/product_cat?post=71124"},{"taxonomy":"product_tag","embeddable":true,"href":"https:\/\/alekeskus.eu\/et\/wp-json\/wp\/v2\/product_tag?post=71124"}],"curies":[{"name":"wp","href":"https:\/\/api.w.org\/{rel}","templated":true}]}}