{"id":71138,"date":"2022-11-12T05:20:14","date_gmt":"2022-11-12T05:20:14","guid":{"rendered":"http:\/\/alekeskus.eu\/product\/aiamaja-kontor-domo3-2-toaline-228m%c2%b2\/"},"modified":"2025-09-16T15:22:32","modified_gmt":"2025-09-16T15:22:32","slug":"aiamaja-domo3-loggia-alekeskus","status":"publish","type":"product","link":"https:\/\/alekeskus.eu\/et\/toode\/aiamaja-domo3-loggia-alekeskus\/","title":{"rendered":"Aiamaja Domo3 Loggia 2-toaline 22,8 m\u00b2"},"content":{"rendered":"","protected":false},"excerpt":{"rendered":"<div class=\"spec-multi\">\n<p>V\u00e4lism\u00f5\u00f5dud: <strong>402<\/strong><b>\u00a0x 589 cm.\u00a0<\/b>K\u00f5rgus<strong>\u00a0240 cm.\u00a0<\/strong><\/p>\n<ul>\n<li>tappideta kruvitav nurgalahendus;\u00a0seina paksus<strong> 44\u00a0mm<\/strong><\/li>\n<li>s\u00fcvaimmutatud p\u00f5randatalad 45 x 70 mm<\/li>\n<li>punniga p\u00f5randa- ja katuselaudis 18 mm<\/li>\n<li><strong>alumiiniumliuguksed<\/strong> 3039 x 2026, 2041 x 2026 ja\u00a0 puuuks 835 x 1957 mm<\/li>\n<li><strong>alumiiniumpakettaknad<\/strong> 2x 1003 x 2026 mm karastatud klaasiga<\/li>\n<li>2 tuba<\/li>\n<li>katuse kalle 2.4\u00b0, pindala 25 m<sup>2\u00a0<\/sup><\/li>\n<li>katusekate ei sisaldu hinnas<\/li>\n<li>maja on tellitav ka ilma r\u00e4\u00e4stata (vt Domo3) ja k\u00fcljekatusealusega<\/li>\n<li>kinnitusvahendid ja p\u00fcstitusjuhend<\/li>\n<li>tehase garantii 5 aastat<strong>\u00a0<\/strong><\/li>\n<li>ilmastikukindel pakend<\/li>\n<li>Eesti toode<\/li>\n<li>peegelpildis paigaldatav<\/li>\n<\/ul>\n<p>Vedu mandril tellijapoolse mahalaadimisega 180\u20ac v\u00f5i kraana-autoga 350\u20ac(suursaartele vastavalt 280\u20ac ja 590\u20ac).<\/p>\n<p>K\u00fcsi ka paigaldust!<\/p>\n<\/div>\n<div class=\"spec-multi\"><\/div>\n","protected":false},"featured_media":0,"template":"","meta":{"_monsterinsights_skip_tracking":false,"_monsterinsights_sitenote_active":false,"_monsterinsights_sitenote_note":"","_monsterinsights_sitenote_category":0},"pwb-brand":[18577],"product_brand":[],"product_cat":[17182,13592,13540,13608,13610],"product_tag":[17181,13913,15255,15309,13813,13840,17180],"class_list":{"0":"post-71138","1":"product","2":"type-product","3":"status-publish","5":"pwb-brand-eesti","6":"product_cat-suvekoogid-alekeskus","7":"product_cat-aia-ja-grillmajad","8":"product_cat-hooned-alekeskus","9":"product_cat-kontorid","10":"product_cat-suvilad","11":"product_tag-alumiiniumist-voldikuks","12":"product_tag-vierasmaja","13":"product_tag-tootuba","14":"product_tag-kodukontor-kohe-laos","15":"product_tag-aiamaja","16":"product_tag-kontor","17":"product_tag-domeo","18":"product_shipping_class-alates-1000kg","19":"pa_garantii-5-aastat","20":"pa_kaalkg-16025","21":"pa_kohaletoimetamine-alates-180e","22":"pa_laoasukoht-tartumaa","23":"pa_pakendimoodud-630x118x77-245x118x41-cm","24":"pa_pindalam-15345","25":"pa_seinapaksus-17405","26":"pa_tellimisaeg-6-8-nadalat","27":"pa_varv-viimistlemata","28":"pa_veame-eesti-ja-soome","30":"first","31":"instock","32":"taxable","33":"shipping-taxable","34":"purchasable","35":"product-type-simple"},"yoast_head":"<!-- This site is optimized with the Yoast SEO plugin v27.3 - https:\/\/yoast.com\/product\/yoast-seo-wordpress\/ -->\n<title>Aiamaja Domo3 Loggia 2-toaline 22,8 m\u00b2 - Alekeskus<\/title>\n<meta name=\"description\" content=\"avar ja valgusk\u00fcllane kodukontor Domeo sarjast\" \/>\n<meta name=\"robots\" content=\"index, follow, max-snippet:-1, max-image-preview:large, max-video-preview:-1\" \/>\n<link rel=\"canonical\" href=\"https:\/\/alekeskus.eu\/toode\/aiamaja-domo3-loggia-alekeskus\/\" \/>\n<meta property=\"og:locale\" content=\"et_EE\" \/>\n<meta property=\"og:type\" content=\"article\" \/>\n<meta property=\"og:title\" content=\"Aiamaja Domo3 Loggia 2-toaline 22,8 m\u00b2 - Alekeskus\" \/>\n<meta property=\"og:description\" content=\"avar ja valgusk\u00fcllane kodukontor Domeo sarjast\" \/>\n<meta property=\"og:url\" content=\"https:\/\/alekeskus.eu\/toode\/aiamaja-domo3-loggia-alekeskus\/\" \/>\n<meta property=\"og:site_name\" content=\"Alekeskus\" \/>\n<meta property=\"article:modified_time\" content=\"2025-09-16T15:22:32+00:00\" \/>\n<meta property=\"og:image\" content=\"https:\/\/alekeskus.eu\/wp-content\/uploads\/2021\/11\/1290aiamaja-kontor-domo3-2-toaline-22-8m-0.jpg\" \/>\n\t<meta property=\"og:image:width\" content=\"2048\" \/>\n\t<meta property=\"og:image:height\" content=\"1365\" \/>\n\t<meta property=\"og:image:type\" content=\"image\/jpeg\" \/>\n<meta name=\"twitter:card\" content=\"summary_large_image\" \/>\n<meta name=\"twitter:label1\" content=\"Est. reading time\" \/>\n\t<meta name=\"twitter:data1\" content=\"1 minut\" \/>\n<script type=\"application\/ld+json\" class=\"yoast-schema-graph\">{\"@context\":\"https:\\\/\\\/schema.org\",\"@graph\":[{\"@type\":\"WebPage\",\"@id\":\"https:\\\/\\\/alekeskus.eu\\\/toode\\\/aiamaja-domo3-loggia-alekeskus\\\/\",\"url\":\"https:\\\/\\\/alekeskus.eu\\\/toode\\\/aiamaja-domo3-loggia-alekeskus\\\/\",\"name\":\"Aiamaja Domo3 Loggia 2-toaline 22,8 m\u00b2 - Alekeskus\",\"isPartOf\":{\"@id\":\"https:\\\/\\\/alekeskus.eu\\\/#website\"},\"datePublished\":\"2022-11-12T05:20:14+00:00\",\"dateModified\":\"2025-09-16T15:22:32+00:00\",\"description\":\"avar ja valgusk\u00fcllane kodukontor Domeo sarjast\",\"breadcrumb\":{\"@id\":\"https:\\\/\\\/alekeskus.eu\\\/toode\\\/aiamaja-domo3-loggia-alekeskus\\\/#breadcrumb\"},\"inLanguage\":\"et\",\"potentialAction\":[{\"@type\":\"ReadAction\",\"target\":[\"https:\\\/\\\/alekeskus.eu\\\/toode\\\/aiamaja-domo3-loggia-alekeskus\\\/\"]}]},{\"@type\":\"BreadcrumbList\",\"@id\":\"https:\\\/\\\/alekeskus.eu\\\/toode\\\/aiamaja-domo3-loggia-alekeskus\\\/#breadcrumb\",\"itemListElement\":[{\"@type\":\"ListItem\",\"position\":1,\"name\":\"Avaleht\",\"item\":\"https:\\\/\\\/alekeskus.eu\\\/et\\\/\"},{\"@type\":\"ListItem\",\"position\":2,\"name\":\"Pood\",\"item\":\"https:\\\/\\\/alekeskus.eu\\\/pood\\\/\"},{\"@type\":\"ListItem\",\"position\":3,\"name\":\"Aiamaja Domo3 Loggia 2-toaline 22,8 m\u00b2\"}]},{\"@type\":\"WebSite\",\"@id\":\"https:\\\/\\\/alekeskus.eu\\\/#website\",\"url\":\"https:\\\/\\\/alekeskus.eu\\\/\",\"name\":\"Alekeskus\",\"description\":\"Alekeskus.eu\",\"potentialAction\":[{\"@type\":\"SearchAction\",\"target\":{\"@type\":\"EntryPoint\",\"urlTemplate\":\"https:\\\/\\\/alekeskus.eu\\\/?s={search_term_string}\"},\"query-input\":{\"@type\":\"PropertyValueSpecification\",\"valueRequired\":true,\"valueName\":\"search_term_string\"}}],\"inLanguage\":\"et\"}]}<\/script>\n<!-- \/ Yoast SEO plugin. -->","yoast_head_json":{"title":"Aiamaja Domo3 Loggia 2-toaline 22,8 m\u00b2 - Alekeskus","description":"avar ja valgusk\u00fcllane kodukontor Domeo sarjast","robots":{"index":"index","follow":"follow","max-snippet":"max-snippet:-1","max-image-preview":"max-image-preview:large","max-video-preview":"max-video-preview:-1"},"canonical":"https:\/\/alekeskus.eu\/toode\/aiamaja-domo3-loggia-alekeskus\/","og_locale":"et_EE","og_type":"article","og_title":"Aiamaja Domo3 Loggia 2-toaline 22,8 m\u00b2 - Alekeskus","og_description":"avar ja valgusk\u00fcllane kodukontor Domeo sarjast","og_url":"https:\/\/alekeskus.eu\/toode\/aiamaja-domo3-loggia-alekeskus\/","og_site_name":"Alekeskus","article_modified_time":"2025-09-16T15:22:32+00:00","og_image":[{"width":2048,"height":1365,"url":"https:\/\/alekeskus.eu\/wp-content\/uploads\/2021\/11\/1290aiamaja-kontor-domo3-2-toaline-22-8m-0.jpg","type":"image\/jpeg"}],"twitter_card":"summary_large_image","twitter_misc":{"Est. reading time":"1 minut"},"schema":{"@context":"https:\/\/schema.org","@graph":[{"@type":"WebPage","@id":"https:\/\/alekeskus.eu\/toode\/aiamaja-domo3-loggia-alekeskus\/","url":"https:\/\/alekeskus.eu\/toode\/aiamaja-domo3-loggia-alekeskus\/","name":"Aiamaja Domo3 Loggia 2-toaline 22,8 m\u00b2 - Alekeskus","isPartOf":{"@id":"https:\/\/alekeskus.eu\/#website"},"datePublished":"2022-11-12T05:20:14+00:00","dateModified":"2025-09-16T15:22:32+00:00","description":"avar ja valgusk\u00fcllane kodukontor Domeo sarjast","breadcrumb":{"@id":"https:\/\/alekeskus.eu\/toode\/aiamaja-domo3-loggia-alekeskus\/#breadcrumb"},"inLanguage":"et","potentialAction":[{"@type":"ReadAction","target":["https:\/\/alekeskus.eu\/toode\/aiamaja-domo3-loggia-alekeskus\/"]}]},{"@type":"BreadcrumbList","@id":"https:\/\/alekeskus.eu\/toode\/aiamaja-domo3-loggia-alekeskus\/#breadcrumb","itemListElement":[{"@type":"ListItem","position":1,"name":"Avaleht","item":"https:\/\/alekeskus.eu\/et\/"},{"@type":"ListItem","position":2,"name":"Pood","item":"https:\/\/alekeskus.eu\/pood\/"},{"@type":"ListItem","position":3,"name":"Aiamaja Domo3 Loggia 2-toaline 22,8 m\u00b2"}]},{"@type":"WebSite","@id":"https:\/\/alekeskus.eu\/#website","url":"https:\/\/alekeskus.eu\/","name":"Alekeskus","description":"Alekeskus.eu","potentialAction":[{"@type":"SearchAction","target":{"@type":"EntryPoint","urlTemplate":"https:\/\/alekeskus.eu\/?s={search_term_string}"},"query-input":{"@type":"PropertyValueSpecification","valueRequired":true,"valueName":"search_term_string"}}],"inLanguage":"et"}]}},"brands":[{"id":18577,"name":"Eesti","slug":"eesti"}],"_links":{"self":[{"href":"https:\/\/alekeskus.eu\/et\/wp-json\/wp\/v2\/product\/71138","targetHints":{"allow":["GET"]}}],"collection":[{"href":"https:\/\/alekeskus.eu\/et\/wp-json\/wp\/v2\/product"}],"about":[{"href":"https:\/\/alekeskus.eu\/et\/wp-json\/wp\/v2\/types\/product"}],"wp:attachment":[{"href":"https:\/\/alekeskus.eu\/et\/wp-json\/wp\/v2\/media?parent=71138"}],"wp:term":[{"taxonomy":"pwb-brand","embeddable":true,"href":"https:\/\/alekeskus.eu\/et\/wp-json\/wp\/v2\/pwb-brand?post=71138"},{"taxonomy":"product_brand","embeddable":true,"href":"https:\/\/alekeskus.eu\/et\/wp-json\/wp\/v2\/product_brand?post=71138"},{"taxonomy":"product_cat","embeddable":true,"href":"https:\/\/alekeskus.eu\/et\/wp-json\/wp\/v2\/product_cat?post=71138"},{"taxonomy":"product_tag","embeddable":true,"href":"https:\/\/alekeskus.eu\/et\/wp-json\/wp\/v2\/product_tag?post=71138"}],"curies":[{"name":"wp","href":"https:\/\/api.w.org\/{rel}","templated":true}]}}