{"id":71160,"date":"2025-08-12T05:20:19","date_gmt":"2025-08-12T05:20:19","guid":{"rendered":"http:\/\/alekeskus.eu\/product\/aiamaja-emily-40152m%c2%b2-veranda-ja-magamiskorrusega\/"},"modified":"2025-12-09T15:16:59","modified_gmt":"2025-12-09T15:16:59","slug":"suvemaja-eemil-401-alekeskus","status":"publish","type":"product","link":"https:\/\/alekeskus.eu\/et\/toode\/suvemaja-eemil-401-alekeskus\/","title":{"rendered":"Suvemaja Eemil 40,1+5,2 m\u00b2 elutuba-k\u00f6\u00f6gi, pesuruumi ja magamiskorrusega"},"content":{"rendered":"<div class=\"pictogram qtip-additional-element\">\n<div class=\"description\">\u00a0Pakendid: 6,0&#215;1,2&#215;0,8; 6,0&#215;1,2&#215;0,9; 2,1&#215;1,2&#215;0,6; 3,6&#215;1,2&#215;0,4 m<\/div>\n<\/div>\n<div class=\"pictogram qtip-additional-element\">\n<div class=\"image\">\u00a0Kaal:\u00a01500, 1500, 350 ja 600kg<\/div>\n<div class=\"description\">\u00a0Osaloetelu: <a href=\"https:\/\/alekeskus.eu\/wp-content\/uploads\/2022\/04\/Emily_40.15.2-osaloettelu.pdf\">Emily_40.1+5.2 osaloettelu<\/a><\/div>\n<div class=\"description\"><\/div>\n<\/div>\n","protected":false},"excerpt":{"rendered":"<p><strong>V\u00e4lism\u00f5\u00f5dud 5,7 x 5,5 m.<\/strong><\/p>\n<p><strong>TASUTA VEDU JA MAHALAADIMINE(ka suursaartele)!<\/strong><\/p>\n<p>Freespalksuvila magamiskorruse, pesuruumi ja elutuba-k\u00f6\u00f6giga.<\/p>\n<ul>\n<li>tuuletapiga <strong>freespalksein\u00a070 mm<\/strong>, tormikinnitused<\/li>\n<li>seina k\u00f5rgus 256 cm, harja k\u00f5rgus 395 cm<\/li>\n<li>katusetalad 60 x 240 mm, punniga katuselauad 19 mm<\/li>\n<li>katuse pindala 42 m\u00b2 \/ 25\u00ba, r\u00e4\u00e4stas ees 24 cm<\/li>\n<li>katusekate lisahinnaga(tarve 16 pakki bituumensindlit, 9 rulli SBS-bituumenkatet v\u00f5i 9 rulli ajutist katusepappi)<\/li>\n<li>punniga p\u00f5randalauad 28 mm, puidukaitsega k\u00e4sitletud p\u00f5randatalad 60 x 80 mm, vahelaetalad 70 x 140 mm<\/li>\n<li>terrassilauad 28 x 70 mm<\/li>\n<li>liimpuidust ukseleng, metalliga kaetud k\u00fcnnis, silinderlukk, <strong>pakettklaasiga v\u00e4lisuks<\/strong> 73 x 195 cm ja puidust siseuks 73 x 195 cm<\/li>\n<li>p\u00f6\u00f6rd-ja kaldavanemisega <strong>pakettaknad<\/strong> 2 tk 42 x 40, 2 tk 76 x 90, 2 tk 117 x 90 cm alumiiniumist tilganinaga<\/li>\n<li>kinnitusvahendid ja koostejuhend<\/li>\n<li>Eesti toode<\/li>\n<li>garantii 5 aastat<\/li>\n<li>vihmakindel pakend<\/li>\n<\/ul>\n<p>K\u00fcsi ka paigaldust!<\/p>\n","protected":false},"featured_media":94591,"template":"","meta":{"_monsterinsights_skip_tracking":false,"_monsterinsights_sitenote_active":false,"_monsterinsights_sitenote_note":"","_monsterinsights_sitenote_category":0},"pwb-brand":[18577],"product_brand":[],"product_cat":[13592,13540,13604,13610],"product_tag":[18785,16027,13813,16285,13831,17388,17390,13913,17866,13970,17869,18033,15233,15285],"class_list":{"0":"post-71160","1":"product","2":"type-product","3":"status-publish","4":"has-post-thumbnail","6":"pwb-brand-eesti","7":"product_cat-aia-ja-grillmajad","8":"product_cat-hooned-alekeskus","9":"product_cat-saunad","10":"product_cat-suvilad","11":"product_tag-tilava-mokki","12":"product_tag-emily","13":"product_tag-aiamaja","14":"product_tag-rantasauna","15":"product_tag-mokki","16":"product_tag-saunamaja","17":"product_tag-freespalksuvila","18":"product_tag-vierasmaja","19":"product_tag-hirsimokki","20":"product_tag-suvila","21":"product_tag-rannasaun","22":"product_tag-rantamokki-2","23":"product_tag-loghouse","24":"product_tag-kesamokki","25":"product_shipping_class-tasuta-transport-alates-1000kg","26":"pa_garantii-5-aastat","27":"pa_kohaletoimetamine-eestis-tasuta-soome-kusi-hinda","28":"pa_laoasukoht-tartumaa","29":"pa_pindalam-40-1","30":"pa_seinapaksus-70-mm","31":"pa_tellimisaeg-6-8-nadalat","32":"pa_varv-viimistlemata","33":"pa_veame-eesti-ja-soome","35":"first","36":"instock","37":"taxable","38":"shipping-taxable","39":"purchasable","40":"product-type-simple"},"yoast_head":"<!-- This site is optimized with the Yoast SEO plugin v27.3 - https:\/\/yoast.com\/product\/yoast-seo-wordpress\/ -->\n<title>Suvemaja Eemil 40,1+5,2 m\u00b2 elutuba-k\u00f6\u00f6gi, pesuruumi ja magamiskorrusega - Alekeskus<\/title>\n<meta name=\"description\" content=\"Ruumikas magamiskorrusega suvemaja paksust freespalgist.\" \/>\n<meta name=\"robots\" content=\"index, follow, max-snippet:-1, max-image-preview:large, max-video-preview:-1\" \/>\n<link rel=\"canonical\" href=\"https:\/\/alekeskus.eu\/toode\/suvemaja-eemil-401-alekeskus\/\" \/>\n<meta property=\"og:locale\" content=\"et_EE\" \/>\n<meta property=\"og:type\" content=\"article\" \/>\n<meta property=\"og:title\" content=\"Suvemaja Eemil 40,1+5,2 m\u00b2 elutuba-k\u00f6\u00f6gi, pesuruumi ja magamiskorrusega - Alekeskus\" \/>\n<meta property=\"og:description\" content=\"Ruumikas magamiskorrusega suvemaja paksust freespalgist.\" \/>\n<meta property=\"og:url\" content=\"https:\/\/alekeskus.eu\/toode\/suvemaja-eemil-401-alekeskus\/\" \/>\n<meta property=\"og:site_name\" content=\"Alekeskus\" \/>\n<meta property=\"article:modified_time\" content=\"2025-12-09T15:16:59+00:00\" \/>\n<meta property=\"og:image\" content=\"https:\/\/alekeskus.eu\/wp-content\/uploads\/2025\/04\/Emily_40.15.2_m2_NATURAL_wb-.jpg\" \/>\n\t<meta property=\"og:image:width\" content=\"2500\" \/>\n\t<meta property=\"og:image:height\" content=\"1875\" \/>\n\t<meta property=\"og:image:type\" content=\"image\/jpeg\" \/>\n<meta name=\"twitter:card\" content=\"summary_large_image\" \/>\n<meta name=\"twitter:label1\" content=\"Est. reading time\" \/>\n\t<meta name=\"twitter:data1\" content=\"1 minut\" \/>\n<script type=\"application\/ld+json\" class=\"yoast-schema-graph\">{\"@context\":\"https:\\\/\\\/schema.org\",\"@graph\":[{\"@type\":\"WebPage\",\"@id\":\"https:\\\/\\\/alekeskus.eu\\\/toode\\\/suvemaja-eemil-401-alekeskus\\\/\",\"url\":\"https:\\\/\\\/alekeskus.eu\\\/toode\\\/suvemaja-eemil-401-alekeskus\\\/\",\"name\":\"Suvemaja Eemil 40,1+5,2 m\u00b2 elutuba-k\u00f6\u00f6gi, pesuruumi ja magamiskorrusega - Alekeskus\",\"isPartOf\":{\"@id\":\"https:\\\/\\\/alekeskus.eu\\\/#website\"},\"primaryImageOfPage\":{\"@id\":\"https:\\\/\\\/alekeskus.eu\\\/toode\\\/suvemaja-eemil-401-alekeskus\\\/#primaryimage\"},\"image\":{\"@id\":\"https:\\\/\\\/alekeskus.eu\\\/toode\\\/suvemaja-eemil-401-alekeskus\\\/#primaryimage\"},\"thumbnailUrl\":\"https:\\\/\\\/alekeskus.eu\\\/wp-content\\\/uploads\\\/2025\\\/04\\\/Emily_40.15.2_m2_NATURAL_wb-.jpg\",\"datePublished\":\"2025-08-12T05:20:19+00:00\",\"dateModified\":\"2025-12-09T15:16:59+00:00\",\"description\":\"Ruumikas magamiskorrusega suvemaja paksust freespalgist.\",\"breadcrumb\":{\"@id\":\"https:\\\/\\\/alekeskus.eu\\\/toode\\\/suvemaja-eemil-401-alekeskus\\\/#breadcrumb\"},\"inLanguage\":\"et\",\"potentialAction\":[{\"@type\":\"ReadAction\",\"target\":[\"https:\\\/\\\/alekeskus.eu\\\/toode\\\/suvemaja-eemil-401-alekeskus\\\/\"]}]},{\"@type\":\"ImageObject\",\"inLanguage\":\"et\",\"@id\":\"https:\\\/\\\/alekeskus.eu\\\/toode\\\/suvemaja-eemil-401-alekeskus\\\/#primaryimage\",\"url\":\"https:\\\/\\\/alekeskus.eu\\\/wp-content\\\/uploads\\\/2025\\\/04\\\/Emily_40.15.2_m2_NATURAL_wb-.jpg\",\"contentUrl\":\"https:\\\/\\\/alekeskus.eu\\\/wp-content\\\/uploads\\\/2025\\\/04\\\/Emily_40.15.2_m2_NATURAL_wb-.jpg\",\"width\":1600,\"height\":1200},{\"@type\":\"BreadcrumbList\",\"@id\":\"https:\\\/\\\/alekeskus.eu\\\/toode\\\/suvemaja-eemil-401-alekeskus\\\/#breadcrumb\",\"itemListElement\":[{\"@type\":\"ListItem\",\"position\":1,\"name\":\"Avaleht\",\"item\":\"https:\\\/\\\/alekeskus.eu\\\/et\\\/\"},{\"@type\":\"ListItem\",\"position\":2,\"name\":\"Pood\",\"item\":\"https:\\\/\\\/alekeskus.eu\\\/pood\\\/\"},{\"@type\":\"ListItem\",\"position\":3,\"name\":\"Suvemaja Eemil 40,1+5,2 m\u00b2 elutuba-k\u00f6\u00f6gi, pesuruumi ja magamiskorrusega\"}]},{\"@type\":\"WebSite\",\"@id\":\"https:\\\/\\\/alekeskus.eu\\\/#website\",\"url\":\"https:\\\/\\\/alekeskus.eu\\\/\",\"name\":\"Alekeskus\",\"description\":\"Alekeskus.eu\",\"potentialAction\":[{\"@type\":\"SearchAction\",\"target\":{\"@type\":\"EntryPoint\",\"urlTemplate\":\"https:\\\/\\\/alekeskus.eu\\\/?s={search_term_string}\"},\"query-input\":{\"@type\":\"PropertyValueSpecification\",\"valueRequired\":true,\"valueName\":\"search_term_string\"}}],\"inLanguage\":\"et\"}]}<\/script>\n<!-- \/ Yoast SEO plugin. -->","yoast_head_json":{"title":"Suvemaja Eemil 40,1+5,2 m\u00b2 elutuba-k\u00f6\u00f6gi, pesuruumi ja magamiskorrusega - Alekeskus","description":"Ruumikas magamiskorrusega suvemaja paksust freespalgist.","robots":{"index":"index","follow":"follow","max-snippet":"max-snippet:-1","max-image-preview":"max-image-preview:large","max-video-preview":"max-video-preview:-1"},"canonical":"https:\/\/alekeskus.eu\/toode\/suvemaja-eemil-401-alekeskus\/","og_locale":"et_EE","og_type":"article","og_title":"Suvemaja Eemil 40,1+5,2 m\u00b2 elutuba-k\u00f6\u00f6gi, pesuruumi ja magamiskorrusega - Alekeskus","og_description":"Ruumikas magamiskorrusega suvemaja paksust freespalgist.","og_url":"https:\/\/alekeskus.eu\/toode\/suvemaja-eemil-401-alekeskus\/","og_site_name":"Alekeskus","article_modified_time":"2025-12-09T15:16:59+00:00","og_image":[{"width":2500,"height":1875,"url":"https:\/\/alekeskus.eu\/wp-content\/uploads\/2025\/04\/Emily_40.15.2_m2_NATURAL_wb-.jpg","type":"image\/jpeg"}],"twitter_card":"summary_large_image","twitter_misc":{"Est. reading time":"1 minut"},"schema":{"@context":"https:\/\/schema.org","@graph":[{"@type":"WebPage","@id":"https:\/\/alekeskus.eu\/toode\/suvemaja-eemil-401-alekeskus\/","url":"https:\/\/alekeskus.eu\/toode\/suvemaja-eemil-401-alekeskus\/","name":"Suvemaja Eemil 40,1+5,2 m\u00b2 elutuba-k\u00f6\u00f6gi, pesuruumi ja magamiskorrusega - Alekeskus","isPartOf":{"@id":"https:\/\/alekeskus.eu\/#website"},"primaryImageOfPage":{"@id":"https:\/\/alekeskus.eu\/toode\/suvemaja-eemil-401-alekeskus\/#primaryimage"},"image":{"@id":"https:\/\/alekeskus.eu\/toode\/suvemaja-eemil-401-alekeskus\/#primaryimage"},"thumbnailUrl":"https:\/\/alekeskus.eu\/wp-content\/uploads\/2025\/04\/Emily_40.15.2_m2_NATURAL_wb-.jpg","datePublished":"2025-08-12T05:20:19+00:00","dateModified":"2025-12-09T15:16:59+00:00","description":"Ruumikas magamiskorrusega suvemaja paksust freespalgist.","breadcrumb":{"@id":"https:\/\/alekeskus.eu\/toode\/suvemaja-eemil-401-alekeskus\/#breadcrumb"},"inLanguage":"et","potentialAction":[{"@type":"ReadAction","target":["https:\/\/alekeskus.eu\/toode\/suvemaja-eemil-401-alekeskus\/"]}]},{"@type":"ImageObject","inLanguage":"et","@id":"https:\/\/alekeskus.eu\/toode\/suvemaja-eemil-401-alekeskus\/#primaryimage","url":"https:\/\/alekeskus.eu\/wp-content\/uploads\/2025\/04\/Emily_40.15.2_m2_NATURAL_wb-.jpg","contentUrl":"https:\/\/alekeskus.eu\/wp-content\/uploads\/2025\/04\/Emily_40.15.2_m2_NATURAL_wb-.jpg","width":1600,"height":1200},{"@type":"BreadcrumbList","@id":"https:\/\/alekeskus.eu\/toode\/suvemaja-eemil-401-alekeskus\/#breadcrumb","itemListElement":[{"@type":"ListItem","position":1,"name":"Avaleht","item":"https:\/\/alekeskus.eu\/et\/"},{"@type":"ListItem","position":2,"name":"Pood","item":"https:\/\/alekeskus.eu\/pood\/"},{"@type":"ListItem","position":3,"name":"Suvemaja Eemil 40,1+5,2 m\u00b2 elutuba-k\u00f6\u00f6gi, pesuruumi ja magamiskorrusega"}]},{"@type":"WebSite","@id":"https:\/\/alekeskus.eu\/#website","url":"https:\/\/alekeskus.eu\/","name":"Alekeskus","description":"Alekeskus.eu","potentialAction":[{"@type":"SearchAction","target":{"@type":"EntryPoint","urlTemplate":"https:\/\/alekeskus.eu\/?s={search_term_string}"},"query-input":{"@type":"PropertyValueSpecification","valueRequired":true,"valueName":"search_term_string"}}],"inLanguage":"et"}]}},"brands":[{"id":18577,"name":"Eesti","slug":"eesti"}],"_links":{"self":[{"href":"https:\/\/alekeskus.eu\/et\/wp-json\/wp\/v2\/product\/71160","targetHints":{"allow":["GET"]}}],"collection":[{"href":"https:\/\/alekeskus.eu\/et\/wp-json\/wp\/v2\/product"}],"about":[{"href":"https:\/\/alekeskus.eu\/et\/wp-json\/wp\/v2\/types\/product"}],"wp:featuredmedia":[{"embeddable":true,"href":"https:\/\/alekeskus.eu\/et\/wp-json\/wp\/v2\/media\/94591"}],"wp:attachment":[{"href":"https:\/\/alekeskus.eu\/et\/wp-json\/wp\/v2\/media?parent=71160"}],"wp:term":[{"taxonomy":"pwb-brand","embeddable":true,"href":"https:\/\/alekeskus.eu\/et\/wp-json\/wp\/v2\/pwb-brand?post=71160"},{"taxonomy":"product_brand","embeddable":true,"href":"https:\/\/alekeskus.eu\/et\/wp-json\/wp\/v2\/product_brand?post=71160"},{"taxonomy":"product_cat","embeddable":true,"href":"https:\/\/alekeskus.eu\/et\/wp-json\/wp\/v2\/product_cat?post=71160"},{"taxonomy":"product_tag","embeddable":true,"href":"https:\/\/alekeskus.eu\/et\/wp-json\/wp\/v2\/product_tag?post=71160"}],"curies":[{"name":"wp","href":"https:\/\/api.w.org\/{rel}","templated":true}]}}