{"id":71182,"date":"2025-07-12T05:20:26","date_gmt":"2025-07-12T05:20:26","guid":{"rendered":"http:\/\/alekeskus.eu\/product\/suvemaja-emily-392m%c2%b2-2-magamistoaga\/"},"modified":"2025-12-09T14:59:30","modified_gmt":"2025-12-09T14:59:30","slug":"suvemaja-emil-392-alekeskus","status":"publish","type":"product","link":"https:\/\/alekeskus.eu\/et\/toode\/suvemaja-emil-392-alekeskus\/","title":{"rendered":"Freespalksuvila Emil 39,2 m\u00b2 2 magamistoa, WC ja elutuba-k\u00f6\u00f6giga"},"content":{"rendered":"<div class=\"pictogram qtip-additional-element\">\n<div class=\"description\">Pakend: 6,0&#215;1,2&#215;0,8; 6,0&#215;1,2&#215;0,9; 6,0&#215;1,2&#215;0,5; 2,2&#215;1,2&#215;1,0 m; kaal 1400; 1600; 1100; 500 kg<\/div>\n<\/div>\n<div class=\"pictogram qtip-additional-element\">\n<div class=\"description\">Osaloetelu: <a href=\"https:\/\/alekeskus.eu\/wp-content\/uploads\/2022\/11\/Emily392-osaloetelu.pdf\">Emily39,2 osaloetelu<\/a><\/div>\n<div class=\"description\"><strong>Telli juurde:<\/strong><\/div>\n<div class=\"description\"><\/div>\n<div class=\"description\"><strong>&#8211; sindelkatusekate 21 pakki<\/strong><\/div>\n<div class=\"description\"><strong>&#8211; ajutine katuse<\/strong><strong>papp 10 rulli<\/strong><\/div>\n<div class=\"description\"><strong>&#8211; SBS-bituumenkate 10 rulli<\/strong><\/div>\n<\/div>\n","protected":false},"excerpt":{"rendered":"<div id=\"short_description_block\">\n<div id=\"short_description_content\" class=\"rte align_justify\">\n<p><strong>V\u00e4lism\u00f5\u00f5dud 6,4 x 7,6 m.\u00a0<\/strong><\/p>\n<\/div>\n<\/div>\n<p><strong>TASUTA VEDU JA MAHALAADIMINE(ka suursaartele)!<\/strong><\/p>\n<p>Mahukas freespalksuvilas Emil 39,2 m\u00b2 on 2 magamistuba, elutuba-k\u00f6\u00f6k ja WC.<\/p>\n<ul>\n<li>tuuletapiga <strong>freespalksein 70 mm<\/strong>, tormikinnitused<\/li>\n<li>seina k\u00f5rgus 230 cm, harja k\u00f5rgus 310 cm<\/li>\n<li>katusetalad 60 x 200 mm, punniga katuselauad 19 mm<\/li>\n<li>katuse pindala 54 m\u00b2 ja kalle 16\u00ba, r\u00e4\u00e4stas ees 54 cm<\/li>\n<li>katusekate lisahinnaga(tarve 21 pakki bituumensindlit, kestvat SBS-bituumenkatet v\u00f5i ajutist katusepappi 10 rulli)<\/li>\n<li>punniga p\u00f5randalauad 28 mm, puidukaitsega k\u00e4sitletud p\u00f5randatalad 60 x 80 mm<\/li>\n<li><strong>pakettklaasiga v\u00e4lisuks<\/strong> 73 x 195 cm, 3 puidust siseust 73 x 195 cm, liimpuidust ukselengid, metalliga kaetud k\u00fcnnised, silinderlukud<\/li>\n<li>p\u00f6\u00f6rd-ja kaldavanemisega <strong>pakettaknad<\/strong> 2 tk 42 x 40, 4 tk 76 x 90, 117 x 90 cm; alumiiniumist tilganinad<\/li>\n<li>kinnitusvahendid ja koostejuhend<\/li>\n<li>Eesti toode<\/li>\n<li>garantii 5 aastat<\/li>\n<li>vihmakindel pakend<\/li>\n<\/ul>\n<p>K\u00fcsi ka paigaldust!<\/p>\n","protected":false},"featured_media":94573,"template":"","meta":{"_monsterinsights_skip_tracking":false,"_monsterinsights_sitenote_active":false,"_monsterinsights_sitenote_note":"","_monsterinsights_sitenote_category":0},"pwb-brand":[18577],"product_brand":[],"product_cat":[13592,13540,13610],"product_tag":[15285,15911,13813,16027,13831,17390,13913,17866,13970,18033,14252,14277],"class_list":{"0":"post-71182","1":"product","2":"type-product","3":"status-publish","4":"has-post-thumbnail","6":"pwb-brand-eesti","7":"product_cat-aia-ja-grillmajad","8":"product_cat-hooned-alekeskus","9":"product_cat-suvilad","10":"product_tag-kesamokki","11":"product_tag-house","12":"product_tag-aiamaja","13":"product_tag-emily","14":"product_tag-mokki","15":"product_tag-freespalksuvila","16":"product_tag-vierasmaja","17":"product_tag-hirsimokki","18":"product_tag-suvila","19":"product_tag-rantamokki-2","20":"product_tag-suvemaja","21":"product_tag-freespalk","22":"product_shipping_class-tasuta-transport-alates-1000kg","23":"pa_garantii-5-aastat","24":"pa_kohaletoimetamine-tasuta-mandri-eestis-ja-suursaartel-soome-alates-699e","25":"pa_laoasukoht-tartumaa","26":"pa_pindalam-39-2","27":"pa_seinapaksus-70-mm","28":"pa_tellimisaeg-6-8-nadalat","29":"pa_varv-viimistlemata","30":"pa_veame-eesti-ja-soome","32":"first","33":"instock","34":"taxable","35":"shipping-taxable","36":"purchasable","37":"product-type-simple"},"yoast_head":"<!-- This site is optimized with the Yoast SEO plugin v27.3 - https:\/\/yoast.com\/product\/yoast-seo-wordpress\/ -->\n<title>Freespalksuvila Emil 39,2 m\u00b2 2 magamistoa, WC ja elutuba-k\u00f6\u00f6giga - Alekeskus<\/title>\n<meta name=\"description\" content=\"suvemaja Emil 70 mm freespalgist ja 2 magamistoaga.\" \/>\n<meta name=\"robots\" content=\"index, follow, max-snippet:-1, max-image-preview:large, max-video-preview:-1\" \/>\n<link rel=\"canonical\" href=\"https:\/\/alekeskus.eu\/toode\/suvemaja-emil-392-alekeskus\/\" \/>\n<meta property=\"og:locale\" content=\"et_EE\" \/>\n<meta property=\"og:type\" content=\"article\" \/>\n<meta property=\"og:title\" content=\"Freespalksuvila Emil 39,2 m\u00b2 2 magamistoa, WC ja elutuba-k\u00f6\u00f6giga - Alekeskus\" \/>\n<meta property=\"og:description\" content=\"suvemaja Emil 70 mm freespalgist ja 2 magamistoaga.\" \/>\n<meta property=\"og:url\" content=\"https:\/\/alekeskus.eu\/toode\/suvemaja-emil-392-alekeskus\/\" \/>\n<meta property=\"og:site_name\" content=\"Alekeskus\" \/>\n<meta property=\"article:modified_time\" content=\"2025-12-09T14:59:30+00:00\" \/>\n<meta property=\"og:image\" content=\"https:\/\/alekeskus.eu\/wp-content\/uploads\/2025\/03\/Emily_39.2_m2_NATURAL_wb-.jpg\" \/>\n\t<meta property=\"og:image:width\" content=\"2500\" \/>\n\t<meta property=\"og:image:height\" content=\"1875\" \/>\n\t<meta property=\"og:image:type\" content=\"image\/jpeg\" \/>\n<meta name=\"twitter:card\" content=\"summary_large_image\" \/>\n<meta name=\"twitter:label1\" content=\"Est. reading time\" \/>\n\t<meta name=\"twitter:data1\" content=\"1 minut\" \/>\n<script type=\"application\/ld+json\" class=\"yoast-schema-graph\">{\"@context\":\"https:\\\/\\\/schema.org\",\"@graph\":[{\"@type\":\"WebPage\",\"@id\":\"https:\\\/\\\/alekeskus.eu\\\/toode\\\/suvemaja-emil-392-alekeskus\\\/\",\"url\":\"https:\\\/\\\/alekeskus.eu\\\/toode\\\/suvemaja-emil-392-alekeskus\\\/\",\"name\":\"Freespalksuvila Emil 39,2 m\u00b2 2 magamistoa, WC ja elutuba-k\u00f6\u00f6giga - Alekeskus\",\"isPartOf\":{\"@id\":\"https:\\\/\\\/alekeskus.eu\\\/#website\"},\"primaryImageOfPage\":{\"@id\":\"https:\\\/\\\/alekeskus.eu\\\/toode\\\/suvemaja-emil-392-alekeskus\\\/#primaryimage\"},\"image\":{\"@id\":\"https:\\\/\\\/alekeskus.eu\\\/toode\\\/suvemaja-emil-392-alekeskus\\\/#primaryimage\"},\"thumbnailUrl\":\"https:\\\/\\\/alekeskus.eu\\\/wp-content\\\/uploads\\\/2025\\\/03\\\/Emily_39.2_m2_NATURAL_wb-.jpg\",\"datePublished\":\"2025-07-12T05:20:26+00:00\",\"dateModified\":\"2025-12-09T14:59:30+00:00\",\"description\":\"suvemaja Emil 70 mm freespalgist ja 2 magamistoaga.\",\"breadcrumb\":{\"@id\":\"https:\\\/\\\/alekeskus.eu\\\/toode\\\/suvemaja-emil-392-alekeskus\\\/#breadcrumb\"},\"inLanguage\":\"et\",\"potentialAction\":[{\"@type\":\"ReadAction\",\"target\":[\"https:\\\/\\\/alekeskus.eu\\\/toode\\\/suvemaja-emil-392-alekeskus\\\/\"]}]},{\"@type\":\"ImageObject\",\"inLanguage\":\"et\",\"@id\":\"https:\\\/\\\/alekeskus.eu\\\/toode\\\/suvemaja-emil-392-alekeskus\\\/#primaryimage\",\"url\":\"https:\\\/\\\/alekeskus.eu\\\/wp-content\\\/uploads\\\/2025\\\/03\\\/Emily_39.2_m2_NATURAL_wb-.jpg\",\"contentUrl\":\"https:\\\/\\\/alekeskus.eu\\\/wp-content\\\/uploads\\\/2025\\\/03\\\/Emily_39.2_m2_NATURAL_wb-.jpg\",\"width\":1600,\"height\":1200},{\"@type\":\"BreadcrumbList\",\"@id\":\"https:\\\/\\\/alekeskus.eu\\\/toode\\\/suvemaja-emil-392-alekeskus\\\/#breadcrumb\",\"itemListElement\":[{\"@type\":\"ListItem\",\"position\":1,\"name\":\"Avaleht\",\"item\":\"https:\\\/\\\/alekeskus.eu\\\/et\\\/\"},{\"@type\":\"ListItem\",\"position\":2,\"name\":\"Pood\",\"item\":\"https:\\\/\\\/alekeskus.eu\\\/pood\\\/\"},{\"@type\":\"ListItem\",\"position\":3,\"name\":\"Freespalksuvila Emil 39,2 m\u00b2 2 magamistoa, WC ja elutuba-k\u00f6\u00f6giga\"}]},{\"@type\":\"WebSite\",\"@id\":\"https:\\\/\\\/alekeskus.eu\\\/#website\",\"url\":\"https:\\\/\\\/alekeskus.eu\\\/\",\"name\":\"Alekeskus\",\"description\":\"Alekeskus.eu\",\"potentialAction\":[{\"@type\":\"SearchAction\",\"target\":{\"@type\":\"EntryPoint\",\"urlTemplate\":\"https:\\\/\\\/alekeskus.eu\\\/?s={search_term_string}\"},\"query-input\":{\"@type\":\"PropertyValueSpecification\",\"valueRequired\":true,\"valueName\":\"search_term_string\"}}],\"inLanguage\":\"et\"}]}<\/script>\n<!-- \/ Yoast SEO plugin. -->","yoast_head_json":{"title":"Freespalksuvila Emil 39,2 m\u00b2 2 magamistoa, WC ja elutuba-k\u00f6\u00f6giga - Alekeskus","description":"suvemaja Emil 70 mm freespalgist ja 2 magamistoaga.","robots":{"index":"index","follow":"follow","max-snippet":"max-snippet:-1","max-image-preview":"max-image-preview:large","max-video-preview":"max-video-preview:-1"},"canonical":"https:\/\/alekeskus.eu\/toode\/suvemaja-emil-392-alekeskus\/","og_locale":"et_EE","og_type":"article","og_title":"Freespalksuvila Emil 39,2 m\u00b2 2 magamistoa, WC ja elutuba-k\u00f6\u00f6giga - Alekeskus","og_description":"suvemaja Emil 70 mm freespalgist ja 2 magamistoaga.","og_url":"https:\/\/alekeskus.eu\/toode\/suvemaja-emil-392-alekeskus\/","og_site_name":"Alekeskus","article_modified_time":"2025-12-09T14:59:30+00:00","og_image":[{"width":2500,"height":1875,"url":"https:\/\/alekeskus.eu\/wp-content\/uploads\/2025\/03\/Emily_39.2_m2_NATURAL_wb-.jpg","type":"image\/jpeg"}],"twitter_card":"summary_large_image","twitter_misc":{"Est. reading time":"1 minut"},"schema":{"@context":"https:\/\/schema.org","@graph":[{"@type":"WebPage","@id":"https:\/\/alekeskus.eu\/toode\/suvemaja-emil-392-alekeskus\/","url":"https:\/\/alekeskus.eu\/toode\/suvemaja-emil-392-alekeskus\/","name":"Freespalksuvila Emil 39,2 m\u00b2 2 magamistoa, WC ja elutuba-k\u00f6\u00f6giga - Alekeskus","isPartOf":{"@id":"https:\/\/alekeskus.eu\/#website"},"primaryImageOfPage":{"@id":"https:\/\/alekeskus.eu\/toode\/suvemaja-emil-392-alekeskus\/#primaryimage"},"image":{"@id":"https:\/\/alekeskus.eu\/toode\/suvemaja-emil-392-alekeskus\/#primaryimage"},"thumbnailUrl":"https:\/\/alekeskus.eu\/wp-content\/uploads\/2025\/03\/Emily_39.2_m2_NATURAL_wb-.jpg","datePublished":"2025-07-12T05:20:26+00:00","dateModified":"2025-12-09T14:59:30+00:00","description":"suvemaja Emil 70 mm freespalgist ja 2 magamistoaga.","breadcrumb":{"@id":"https:\/\/alekeskus.eu\/toode\/suvemaja-emil-392-alekeskus\/#breadcrumb"},"inLanguage":"et","potentialAction":[{"@type":"ReadAction","target":["https:\/\/alekeskus.eu\/toode\/suvemaja-emil-392-alekeskus\/"]}]},{"@type":"ImageObject","inLanguage":"et","@id":"https:\/\/alekeskus.eu\/toode\/suvemaja-emil-392-alekeskus\/#primaryimage","url":"https:\/\/alekeskus.eu\/wp-content\/uploads\/2025\/03\/Emily_39.2_m2_NATURAL_wb-.jpg","contentUrl":"https:\/\/alekeskus.eu\/wp-content\/uploads\/2025\/03\/Emily_39.2_m2_NATURAL_wb-.jpg","width":1600,"height":1200},{"@type":"BreadcrumbList","@id":"https:\/\/alekeskus.eu\/toode\/suvemaja-emil-392-alekeskus\/#breadcrumb","itemListElement":[{"@type":"ListItem","position":1,"name":"Avaleht","item":"https:\/\/alekeskus.eu\/et\/"},{"@type":"ListItem","position":2,"name":"Pood","item":"https:\/\/alekeskus.eu\/pood\/"},{"@type":"ListItem","position":3,"name":"Freespalksuvila Emil 39,2 m\u00b2 2 magamistoa, WC ja elutuba-k\u00f6\u00f6giga"}]},{"@type":"WebSite","@id":"https:\/\/alekeskus.eu\/#website","url":"https:\/\/alekeskus.eu\/","name":"Alekeskus","description":"Alekeskus.eu","potentialAction":[{"@type":"SearchAction","target":{"@type":"EntryPoint","urlTemplate":"https:\/\/alekeskus.eu\/?s={search_term_string}"},"query-input":{"@type":"PropertyValueSpecification","valueRequired":true,"valueName":"search_term_string"}}],"inLanguage":"et"}]}},"brands":[{"id":18577,"name":"Eesti","slug":"eesti"}],"_links":{"self":[{"href":"https:\/\/alekeskus.eu\/et\/wp-json\/wp\/v2\/product\/71182","targetHints":{"allow":["GET"]}}],"collection":[{"href":"https:\/\/alekeskus.eu\/et\/wp-json\/wp\/v2\/product"}],"about":[{"href":"https:\/\/alekeskus.eu\/et\/wp-json\/wp\/v2\/types\/product"}],"wp:featuredmedia":[{"embeddable":true,"href":"https:\/\/alekeskus.eu\/et\/wp-json\/wp\/v2\/media\/94573"}],"wp:attachment":[{"href":"https:\/\/alekeskus.eu\/et\/wp-json\/wp\/v2\/media?parent=71182"}],"wp:term":[{"taxonomy":"pwb-brand","embeddable":true,"href":"https:\/\/alekeskus.eu\/et\/wp-json\/wp\/v2\/pwb-brand?post=71182"},{"taxonomy":"product_brand","embeddable":true,"href":"https:\/\/alekeskus.eu\/et\/wp-json\/wp\/v2\/product_brand?post=71182"},{"taxonomy":"product_cat","embeddable":true,"href":"https:\/\/alekeskus.eu\/et\/wp-json\/wp\/v2\/product_cat?post=71182"},{"taxonomy":"product_tag","embeddable":true,"href":"https:\/\/alekeskus.eu\/et\/wp-json\/wp\/v2\/product_tag?post=71182"}],"curies":[{"name":"wp","href":"https:\/\/api.w.org\/{rel}","templated":true}]}}