{"id":71248,"date":"2026-01-12T05:20:42","date_gmt":"2026-01-12T05:20:42","guid":{"rendered":"http:\/\/alekeskus.eu\/product\/suvemaja-sander-256111m%c2%b2-verandaga\/"},"modified":"2026-01-22T13:44:42","modified_gmt":"2026-01-22T13:44:42","slug":"suvemaja-sander-256111-alekeskus","status":"publish","type":"product","link":"https:\/\/alekeskus.eu\/et\/toode\/suvemaja-sander-256111-alekeskus\/","title":{"rendered":"Suvemaja Sander 25,6 +11,1 m\u00b2 3 tuba, pesuruum ja veranda"},"content":{"rendered":"<p>Telli juurde:<\/p>\n<ul>\n<li>sindelkatusekate 18 pakki<\/li>\n<li>ajutine katusepapp 9 rulli v\u00f5i kestev SBS-bituumenkate 9 rulli<\/li>\n<\/ul>\n<div class=\"pictogram qtip-additional-element\">\n<div class=\"description\">Pakend: 6,0&#215;1,2&#215;0,7; 6,0&#215;1,2&#215;0,9; 2,2&#215;1,3&#215;0,9 m<\/div>\n<div class=\"description\">\n<div class=\"pictogram qtip-additional-element\">\n<div class=\"image\">\n<div class=\"pictogram qtip-additional-element\">\n<div class=\"image\">Kaal:\u00a01200; 1500; 300 kg<\/div>\n<div>Osaloetelu: <a href=\"https:\/\/alekeskus.eu\/wp-content\/uploads\/2023\/11\/Sander-25.611.1-osaloetelu.pdf\">Sander 25.6+11.1 osaloetelu<\/a><\/div>\n<\/div>\n<\/div>\n<\/div>\n<\/div>\n<\/div>\n","protected":false},"excerpt":{"rendered":"<p><strong>V\u00e4lism\u00f5\u00f5dud: 7,7 x 3,5 + veranda 7,7 x 1,5 m.\u00a0<\/strong><\/p>\n<p><strong>TASUTA VEDU JA MAHALAADIMINE (ka suursaartel)!<\/strong><\/p>\n<ul>\n<li><strong>44 mm<\/strong>\u00a0<strong>freespalksein<\/strong>\u00a0tuuletapiga, tormikinnitused<\/li>\n<li>seina k\u00f5rgus 239 cm ja harja k\u00f5rgus 335 cm<\/li>\n<li>puidukaitsega t\u00f6\u00f6deldud alusprussid 60 x 80 mm, liimpuidust katusetalad 44 x 140 mm, liimpuidust verandapostid 90 x 90 mm<\/li>\n<li>katuse pindala 49 m\u00b2 ja kalle 19\u00ba<\/li>\n<li>veranda 1,5 m laiune<\/li>\n<li>katusekate ei sisaldu hinnas(telli juurde bituumensindelkatus 18 pakki, ajutine katusepapp 9 rulli v\u00f5i SBS-bituumenkate 9 rulli)<\/li>\n<li><strong>karastatud pakettklaasidega<\/strong> kald-p\u00f6\u00f6rdavatavad aknad 3 tk 117 x 116 cm ja 1 tk 42 x 40 cm; kummitihendid, alumiiniumist tilganinad<\/li>\n<li>immutatud terrassilauad 19 x 95 mm, punnitud p\u00f5randalauad 19 x 89 mm ja punnitud katuselauad 19 x 89 mm<\/li>\n<li><strong>karastatud pakettklaasiga paarisv\u00e4lisuks<\/strong> 151 x 187 cm ja puitsiseuksed 2tk 74 x 187 cm ja 1 tk 60 x 187 cm;\u00a0liimpuidust lengid, metalliga kaetud k\u00fcnnised, silinderlukud<\/li>\n<li>5-aastane tehase garantii<\/li>\n<li>kinnitusvahendid ja p\u00fcstitusjuhend<\/li>\n<li>Eesti toode<\/li>\n<li>vihmakindel pakend<\/li>\n<\/ul>\n<p>K\u00fcsi ka paigaldust!<\/p>\n","protected":false},"featured_media":97227,"template":"","meta":{"_monsterinsights_skip_tracking":false,"_monsterinsights_sitenote_active":false,"_monsterinsights_sitenote_note":"","_monsterinsights_sitenote_category":0},"pwb-brand":[18577],"product_brand":[],"product_cat":[13538,13592,13540,13596,13604,13608,13610],"product_tag":[13910,15450,13913,15562,18626,13970,15684,14252,14311,14420,17390,14528,13813,14641,13831,14643,17881,15121,18269],"class_list":{"0":"post-71248","1":"product","2":"type-product","3":"status-publish","4":"has-post-thumbnail","6":"pwb-brand-eesti","7":"product_cat-ale","8":"product_cat-aia-ja-grillmajad","9":"product_cat-hooned-alekeskus","10":"product_cat-varjualused-talveaiad-alekeskus","11":"product_cat-saunad","12":"product_cat-kontorid","13":"product_cat-suvilad","14":"product_tag-majutus","15":"product_tag-kevythirsi","16":"product_tag-vierasmaja","17":"product_tag-palk","18":"product_tag-kuisti","19":"product_tag-suvila","20":"product_tag-porch","21":"product_tag-suvemaja","22":"product_tag-freespalkaiamaja","23":"product_tag-terassi","24":"product_tag-freespalksuvila","25":"product_tag-sander","26":"product_tag-aiamaja","27":"product_tag-veranda","28":"product_tag-mokki","29":"product_tag-terrass","30":"product_tag-hirsihuvila","31":"product_tag-puhkus","32":"product_tag-palmako-sander","33":"product_shipping_class-tasuta-transport-alates-1000kg","34":"pa_garantii-5-aastat","35":"pa_kohaletoimetamine-tasuta-mandri-eestis-ja-suursaartel-soome-alates-699e","36":"pa_laoasukoht-tartumaa","37":"pa_pindalam-16034","38":"pa_seinapaksus-17405","39":"pa_tellimisaeg-1-8-nadalat","40":"pa_varv-viimistlemata","41":"pa_veame-eesti-ja-soome","43":"first","44":"instock","45":"sale","46":"featured","47":"taxable","48":"shipping-taxable","49":"purchasable","50":"product-type-simple"},"yoast_head":"<!-- This site is optimized with the Yoast SEO plugin v27.3 - https:\/\/yoast.com\/product\/yoast-seo-wordpress\/ -->\n<title>Suvemaja Sander 25,6 +11,1 m\u00b2 3 tuba, pesuruum ja veranda - Alekeskus<\/title>\n<meta name=\"description\" content=\"suvemaja 44 mm freespalgist\" \/>\n<meta name=\"robots\" content=\"index, follow, max-snippet:-1, max-image-preview:large, max-video-preview:-1\" \/>\n<link rel=\"canonical\" href=\"https:\/\/alekeskus.eu\/et\/toode\/suvemaja-sander-256111-alekeskus\/\" \/>\n<meta property=\"og:locale\" content=\"et_EE\" \/>\n<meta property=\"og:type\" content=\"article\" \/>\n<meta property=\"og:title\" content=\"Suvemaja Sander 25,6 +11,1 m\u00b2 3 tuba, pesuruum ja veranda - Alekeskus\" \/>\n<meta property=\"og:description\" content=\"suvemaja 44 mm freespalgist\" \/>\n<meta property=\"og:url\" content=\"https:\/\/alekeskus.eu\/et\/toode\/suvemaja-sander-256111-alekeskus\/\" \/>\n<meta property=\"og:site_name\" content=\"Alekeskus\" \/>\n<meta property=\"article:modified_time\" content=\"2026-01-22T13:44:42+00:00\" \/>\n<meta property=\"og:image\" content=\"https:\/\/alekeskus.eu\/wp-content\/uploads\/2025\/06\/Sander_25.611.1_m2_NATURAL_wb.jpg\" \/>\n\t<meta property=\"og:image:width\" content=\"1600\" \/>\n\t<meta property=\"og:image:height\" content=\"1200\" \/>\n\t<meta property=\"og:image:type\" content=\"image\/jpeg\" \/>\n<meta name=\"twitter:card\" content=\"summary_large_image\" \/>\n<meta name=\"twitter:label1\" content=\"Est. reading time\" \/>\n\t<meta name=\"twitter:data1\" content=\"1 minut\" \/>\n<script type=\"application\/ld+json\" class=\"yoast-schema-graph\">{\"@context\":\"https:\\\/\\\/schema.org\",\"@graph\":[{\"@type\":\"WebPage\",\"@id\":\"https:\\\/\\\/alekeskus.eu\\\/et\\\/toode\\\/suvemaja-sander-256111-alekeskus\\\/\",\"url\":\"https:\\\/\\\/alekeskus.eu\\\/et\\\/toode\\\/suvemaja-sander-256111-alekeskus\\\/\",\"name\":\"Suvemaja Sander 25,6 +11,1 m\u00b2 3 tuba, pesuruum ja veranda - Alekeskus\",\"isPartOf\":{\"@id\":\"https:\\\/\\\/alekeskus.eu\\\/#website\"},\"primaryImageOfPage\":{\"@id\":\"https:\\\/\\\/alekeskus.eu\\\/et\\\/toode\\\/suvemaja-sander-256111-alekeskus\\\/#primaryimage\"},\"image\":{\"@id\":\"https:\\\/\\\/alekeskus.eu\\\/et\\\/toode\\\/suvemaja-sander-256111-alekeskus\\\/#primaryimage\"},\"thumbnailUrl\":\"https:\\\/\\\/alekeskus.eu\\\/wp-content\\\/uploads\\\/2025\\\/06\\\/Sander_25.611.1_m2_NATURAL_wb.jpg\",\"datePublished\":\"2026-01-12T05:20:42+00:00\",\"dateModified\":\"2026-01-22T13:44:42+00:00\",\"description\":\"suvemaja 44 mm freespalgist\",\"breadcrumb\":{\"@id\":\"https:\\\/\\\/alekeskus.eu\\\/et\\\/toode\\\/suvemaja-sander-256111-alekeskus\\\/#breadcrumb\"},\"inLanguage\":\"et\",\"potentialAction\":[{\"@type\":\"ReadAction\",\"target\":[\"https:\\\/\\\/alekeskus.eu\\\/et\\\/toode\\\/suvemaja-sander-256111-alekeskus\\\/\"]}]},{\"@type\":\"ImageObject\",\"inLanguage\":\"et\",\"@id\":\"https:\\\/\\\/alekeskus.eu\\\/et\\\/toode\\\/suvemaja-sander-256111-alekeskus\\\/#primaryimage\",\"url\":\"https:\\\/\\\/alekeskus.eu\\\/wp-content\\\/uploads\\\/2025\\\/06\\\/Sander_25.611.1_m2_NATURAL_wb.jpg\",\"contentUrl\":\"https:\\\/\\\/alekeskus.eu\\\/wp-content\\\/uploads\\\/2025\\\/06\\\/Sander_25.611.1_m2_NATURAL_wb.jpg\",\"width\":1600,\"height\":1200},{\"@type\":\"BreadcrumbList\",\"@id\":\"https:\\\/\\\/alekeskus.eu\\\/et\\\/toode\\\/suvemaja-sander-256111-alekeskus\\\/#breadcrumb\",\"itemListElement\":[{\"@type\":\"ListItem\",\"position\":1,\"name\":\"Avaleht\",\"item\":\"https:\\\/\\\/alekeskus.eu\\\/et\\\/\"},{\"@type\":\"ListItem\",\"position\":2,\"name\":\"Pood\",\"item\":\"https:\\\/\\\/alekeskus.eu\\\/pood\\\/\"},{\"@type\":\"ListItem\",\"position\":3,\"name\":\"Suvemaja Sander 25,6 +11,1 m\u00b2 3 tuba, pesuruum ja veranda\"}]},{\"@type\":\"WebSite\",\"@id\":\"https:\\\/\\\/alekeskus.eu\\\/#website\",\"url\":\"https:\\\/\\\/alekeskus.eu\\\/\",\"name\":\"Alekeskus\",\"description\":\"Alekeskus.eu\",\"potentialAction\":[{\"@type\":\"SearchAction\",\"target\":{\"@type\":\"EntryPoint\",\"urlTemplate\":\"https:\\\/\\\/alekeskus.eu\\\/?s={search_term_string}\"},\"query-input\":{\"@type\":\"PropertyValueSpecification\",\"valueRequired\":true,\"valueName\":\"search_term_string\"}}],\"inLanguage\":\"et\"}]}<\/script>\n<!-- \/ Yoast SEO plugin. -->","yoast_head_json":{"title":"Suvemaja Sander 25,6 +11,1 m\u00b2 3 tuba, pesuruum ja veranda - Alekeskus","description":"suvemaja 44 mm freespalgist","robots":{"index":"index","follow":"follow","max-snippet":"max-snippet:-1","max-image-preview":"max-image-preview:large","max-video-preview":"max-video-preview:-1"},"canonical":"https:\/\/alekeskus.eu\/et\/toode\/suvemaja-sander-256111-alekeskus\/","og_locale":"et_EE","og_type":"article","og_title":"Suvemaja Sander 25,6 +11,1 m\u00b2 3 tuba, pesuruum ja veranda - Alekeskus","og_description":"suvemaja 44 mm freespalgist","og_url":"https:\/\/alekeskus.eu\/et\/toode\/suvemaja-sander-256111-alekeskus\/","og_site_name":"Alekeskus","article_modified_time":"2026-01-22T13:44:42+00:00","og_image":[{"width":1600,"height":1200,"url":"https:\/\/alekeskus.eu\/wp-content\/uploads\/2025\/06\/Sander_25.611.1_m2_NATURAL_wb.jpg","type":"image\/jpeg"}],"twitter_card":"summary_large_image","twitter_misc":{"Est. reading time":"1 minut"},"schema":{"@context":"https:\/\/schema.org","@graph":[{"@type":"WebPage","@id":"https:\/\/alekeskus.eu\/et\/toode\/suvemaja-sander-256111-alekeskus\/","url":"https:\/\/alekeskus.eu\/et\/toode\/suvemaja-sander-256111-alekeskus\/","name":"Suvemaja Sander 25,6 +11,1 m\u00b2 3 tuba, pesuruum ja veranda - Alekeskus","isPartOf":{"@id":"https:\/\/alekeskus.eu\/#website"},"primaryImageOfPage":{"@id":"https:\/\/alekeskus.eu\/et\/toode\/suvemaja-sander-256111-alekeskus\/#primaryimage"},"image":{"@id":"https:\/\/alekeskus.eu\/et\/toode\/suvemaja-sander-256111-alekeskus\/#primaryimage"},"thumbnailUrl":"https:\/\/alekeskus.eu\/wp-content\/uploads\/2025\/06\/Sander_25.611.1_m2_NATURAL_wb.jpg","datePublished":"2026-01-12T05:20:42+00:00","dateModified":"2026-01-22T13:44:42+00:00","description":"suvemaja 44 mm freespalgist","breadcrumb":{"@id":"https:\/\/alekeskus.eu\/et\/toode\/suvemaja-sander-256111-alekeskus\/#breadcrumb"},"inLanguage":"et","potentialAction":[{"@type":"ReadAction","target":["https:\/\/alekeskus.eu\/et\/toode\/suvemaja-sander-256111-alekeskus\/"]}]},{"@type":"ImageObject","inLanguage":"et","@id":"https:\/\/alekeskus.eu\/et\/toode\/suvemaja-sander-256111-alekeskus\/#primaryimage","url":"https:\/\/alekeskus.eu\/wp-content\/uploads\/2025\/06\/Sander_25.611.1_m2_NATURAL_wb.jpg","contentUrl":"https:\/\/alekeskus.eu\/wp-content\/uploads\/2025\/06\/Sander_25.611.1_m2_NATURAL_wb.jpg","width":1600,"height":1200},{"@type":"BreadcrumbList","@id":"https:\/\/alekeskus.eu\/et\/toode\/suvemaja-sander-256111-alekeskus\/#breadcrumb","itemListElement":[{"@type":"ListItem","position":1,"name":"Avaleht","item":"https:\/\/alekeskus.eu\/et\/"},{"@type":"ListItem","position":2,"name":"Pood","item":"https:\/\/alekeskus.eu\/pood\/"},{"@type":"ListItem","position":3,"name":"Suvemaja Sander 25,6 +11,1 m\u00b2 3 tuba, pesuruum ja veranda"}]},{"@type":"WebSite","@id":"https:\/\/alekeskus.eu\/#website","url":"https:\/\/alekeskus.eu\/","name":"Alekeskus","description":"Alekeskus.eu","potentialAction":[{"@type":"SearchAction","target":{"@type":"EntryPoint","urlTemplate":"https:\/\/alekeskus.eu\/?s={search_term_string}"},"query-input":{"@type":"PropertyValueSpecification","valueRequired":true,"valueName":"search_term_string"}}],"inLanguage":"et"}]}},"brands":[{"id":18577,"name":"Eesti","slug":"eesti"}],"_links":{"self":[{"href":"https:\/\/alekeskus.eu\/et\/wp-json\/wp\/v2\/product\/71248","targetHints":{"allow":["GET"]}}],"collection":[{"href":"https:\/\/alekeskus.eu\/et\/wp-json\/wp\/v2\/product"}],"about":[{"href":"https:\/\/alekeskus.eu\/et\/wp-json\/wp\/v2\/types\/product"}],"wp:featuredmedia":[{"embeddable":true,"href":"https:\/\/alekeskus.eu\/et\/wp-json\/wp\/v2\/media\/97227"}],"wp:attachment":[{"href":"https:\/\/alekeskus.eu\/et\/wp-json\/wp\/v2\/media?parent=71248"}],"wp:term":[{"taxonomy":"pwb-brand","embeddable":true,"href":"https:\/\/alekeskus.eu\/et\/wp-json\/wp\/v2\/pwb-brand?post=71248"},{"taxonomy":"product_brand","embeddable":true,"href":"https:\/\/alekeskus.eu\/et\/wp-json\/wp\/v2\/product_brand?post=71248"},{"taxonomy":"product_cat","embeddable":true,"href":"https:\/\/alekeskus.eu\/et\/wp-json\/wp\/v2\/product_cat?post=71248"},{"taxonomy":"product_tag","embeddable":true,"href":"https:\/\/alekeskus.eu\/et\/wp-json\/wp\/v2\/product_tag?post=71248"}],"curies":[{"name":"wp","href":"https:\/\/api.w.org\/{rel}","templated":true}]}}