{"id":71336,"date":"2025-07-12T05:21:03","date_gmt":"2025-07-12T05:21:03","guid":{"rendered":"http:\/\/alekeskus.eu\/product\/suvemaja-ann-26819m%c2%b2\/"},"modified":"2025-12-09T07:20:04","modified_gmt":"2025-12-09T07:20:04","slug":"suvemaja-anne-26819-alekeskus","status":"publish","type":"product","link":"https:\/\/alekeskus.eu\/et\/toode\/suvemaja-anne-26819-alekeskus\/","title":{"rendered":"Freespalksuvila Anne 26,8 + 1,9 m\u00b2 70 mm seinaga"},"content":{"rendered":"<p><strong>Telli juurde:<\/strong><\/p>\n<p><strong>&#8211; bituumensindel 16 pakki\u00a0<\/strong><\/p>\n<p><strong>&#8211; ajutine katusepapp 7 rulli\u00a0<\/strong><\/p>\n<p><strong>&#8211; SBS-bituumenkate 7 rulli\u00a0<\/strong><\/p>\n<div class=\"pictogram qtip-additional-element\">\n<div class=\"description\">\n<div class=\"pictogram qtip-additional-element\">\n<div class=\"image\">\n<div class=\"pictogram qtip-additional-element\">\n<div class=\"image\">Pakend:\u00a04,5&#215;1,2&#215;0,9; 8,5&#215;1,2&#215;0,6; 1,7&#215;0,8&#215;2,1; 3,2&#215;1,2&#215;0,5 m<\/div>\n<\/div>\n<div class=\"pictogram qtip-additional-element\">\n<div class=\"image\">Kaal:\u00a01150; 1500; 400; 350 kg<\/div>\n<div>Osaloetelu:\u00a0 <a href=\"https:\/\/alekeskus.eu\/wp-content\/uploads\/2022\/06\/Anne-26.81.9-osaloetelu.pdf\">Anne 26.8+1.9 osaloetelu<\/a><\/div>\n<\/div>\n<\/div>\n<\/div>\n<\/div>\n<\/div>\n","protected":false},"excerpt":{"rendered":"<p><strong>V\u00e4lism\u00f5\u00f5dud: 7,7 x 4,0 m.<\/strong><\/p>\n<p><strong>TASUTA VEDU JA MAHALAADIMINE (ka suursaartel)!<\/strong><\/p>\n<ul>\n<li><strong>70 mm<\/strong>\u00a0<strong>freespalksein<\/strong>\u00a0tuuletapiga, tormikinnitused<\/li>\n<li>seina k\u00f5rgus 229 cm ja harja k\u00f5rgus 297 cm<\/li>\n<li>puidukaitsega t\u00f6\u00f6deldud alusprussid 45 x 70 ja 45 x 95 mm, katusetalad 60 x 160 mm<\/li>\n<li>katus 40 m\u00b2\/ kalle 18\u00ba, r\u00e4\u00e4stas ukse kohal 30 cm<\/li>\n<li>katusekate ei sisaldu hinnas(telli juurde bituumensindel 16 pakki, ajutine katusepapp 7 rulli v\u00f5i SBS.bituumenkate 7 rulli)<\/li>\n<li><strong>karastatud pakettklaasidega<\/strong> kald-p\u00f6\u00f6rdavatavad aknad 3 tk 117 x 145 cm; kummitihendid, alumiiniumist tilganinad<\/li>\n<li>immutatud terrassilauad 28 x 120 mm, punnitud p\u00f5randalauad 28 x 114 mm ja punnitud katuselauad 19 x 89 mm<\/li>\n<li><strong>karastatud pakettklaasiga paarisuks<\/strong> 148 x 189 cm ja puidust siseuks 74 x 189 cm; liimpuidust lengid, metalliga kaetud k\u00fcnnis, silinderlukud<\/li>\n<li>5-aastane tehase garantii<\/li>\n<li>kinnitusvahendid ja p\u00fcstitusjuhend<\/li>\n<li>Eesti toode<\/li>\n<li>vihmakindel pakend<\/li>\n<\/ul>\n<p>K\u00fcsi ka paigaldust!<\/p>\n","protected":false},"featured_media":94504,"template":"","meta":{"_monsterinsights_skip_tracking":false,"_monsterinsights_sitenote_active":false,"_monsterinsights_sitenote_note":"","_monsterinsights_sitenote_category":0},"pwb-brand":[18577],"product_brand":[],"product_cat":[13592,13540,13604,13608,13610],"product_tag":[14643,13831,15285,15686,13910,16285,13970,17390,13978,13999,17866,14252,17881,14277,14420,13813],"class_list":{"0":"post-71336","1":"product","2":"type-product","3":"status-publish","4":"has-post-thumbnail","6":"pwb-brand-eesti","7":"product_cat-aia-ja-grillmajad","8":"product_cat-hooned-alekeskus","9":"product_cat-saunad","10":"product_cat-kontorid","11":"product_cat-suvilad","12":"product_tag-terrass","13":"product_tag-mokki","14":"product_tag-kesamokki","15":"product_tag-anna","16":"product_tag-majutus","17":"product_tag-rantasauna","18":"product_tag-suvila","19":"product_tag-freespalksuvila","20":"product_tag-huvila","21":"product_tag-hoylahirsi","22":"product_tag-hirsimokki","23":"product_tag-suvemaja","24":"product_tag-hirsihuvila","25":"product_tag-freespalk","26":"product_tag-terassi","27":"product_tag-aiamaja","28":"product_shipping_class-tasuta-transport-alates-1000kg","29":"pa_garantii-5-aastat","30":"pa_kohaletoimetamine-tasuta-mandri-eestis-ja-suursaartel-soome-alates-699e","31":"pa_laoasukoht-tartumaa","32":"pa_pindalam-17884","33":"pa_seinapaksus-70-mm","34":"pa_tellimisaeg-6-8-nadalat","35":"pa_varv-viimistlemata","36":"pa_veame-eesti-ja-soome","38":"first","39":"instock","40":"taxable","41":"shipping-taxable","42":"purchasable","43":"product-type-simple"},"yoast_head":"<!-- This site is optimized with the Yoast SEO plugin v27.3 - https:\/\/yoast.com\/product\/yoast-seo-wordpress\/ -->\n<title>Freespalksuvila Anne 26,8 + 1,9 m\u00b2 70 mm seinaga - Alekeskus<\/title>\n<meta name=\"description\" content=\"freespalksuvila 70 mm freespalgist\" \/>\n<meta name=\"robots\" content=\"index, follow, max-snippet:-1, max-image-preview:large, max-video-preview:-1\" \/>\n<link rel=\"canonical\" href=\"https:\/\/alekeskus.eu\/toode\/suvemaja-anne-26819-alekeskus\/\" \/>\n<meta property=\"og:locale\" content=\"et_EE\" \/>\n<meta property=\"og:type\" content=\"article\" \/>\n<meta property=\"og:title\" content=\"Freespalksuvila Anne 26,8 + 1,9 m\u00b2 70 mm seinaga - Alekeskus\" \/>\n<meta property=\"og:description\" content=\"freespalksuvila 70 mm freespalgist\" \/>\n<meta property=\"og:url\" content=\"https:\/\/alekeskus.eu\/toode\/suvemaja-anne-26819-alekeskus\/\" \/>\n<meta property=\"og:site_name\" content=\"Alekeskus\" \/>\n<meta property=\"article:modified_time\" content=\"2025-12-09T07:20:04+00:00\" \/>\n<meta property=\"og:image\" content=\"https:\/\/alekeskus.eu\/wp-content\/uploads\/2024\/11\/Anna_26.81.9_m2_NATURAL_wb-.jpg\" \/>\n\t<meta property=\"og:image:width\" content=\"2500\" \/>\n\t<meta property=\"og:image:height\" content=\"1875\" \/>\n\t<meta property=\"og:image:type\" content=\"image\/jpeg\" \/>\n<meta name=\"twitter:card\" content=\"summary_large_image\" \/>\n<meta name=\"twitter:label1\" content=\"Est. reading time\" \/>\n\t<meta name=\"twitter:data1\" content=\"1 minut\" \/>\n<script type=\"application\/ld+json\" class=\"yoast-schema-graph\">{\"@context\":\"https:\\\/\\\/schema.org\",\"@graph\":[{\"@type\":\"WebPage\",\"@id\":\"https:\\\/\\\/alekeskus.eu\\\/toode\\\/suvemaja-anne-26819-alekeskus\\\/\",\"url\":\"https:\\\/\\\/alekeskus.eu\\\/toode\\\/suvemaja-anne-26819-alekeskus\\\/\",\"name\":\"Freespalksuvila Anne 26,8 + 1,9 m\u00b2 70 mm seinaga - Alekeskus\",\"isPartOf\":{\"@id\":\"https:\\\/\\\/alekeskus.eu\\\/#website\"},\"primaryImageOfPage\":{\"@id\":\"https:\\\/\\\/alekeskus.eu\\\/toode\\\/suvemaja-anne-26819-alekeskus\\\/#primaryimage\"},\"image\":{\"@id\":\"https:\\\/\\\/alekeskus.eu\\\/toode\\\/suvemaja-anne-26819-alekeskus\\\/#primaryimage\"},\"thumbnailUrl\":\"https:\\\/\\\/alekeskus.eu\\\/wp-content\\\/uploads\\\/2024\\\/11\\\/Anna_26.81.9_m2_NATURAL_wb-.jpg\",\"datePublished\":\"2025-07-12T05:21:03+00:00\",\"dateModified\":\"2025-12-09T07:20:04+00:00\",\"description\":\"freespalksuvila 70 mm freespalgist\",\"breadcrumb\":{\"@id\":\"https:\\\/\\\/alekeskus.eu\\\/toode\\\/suvemaja-anne-26819-alekeskus\\\/#breadcrumb\"},\"inLanguage\":\"et\",\"potentialAction\":[{\"@type\":\"ReadAction\",\"target\":[\"https:\\\/\\\/alekeskus.eu\\\/toode\\\/suvemaja-anne-26819-alekeskus\\\/\"]}]},{\"@type\":\"ImageObject\",\"inLanguage\":\"et\",\"@id\":\"https:\\\/\\\/alekeskus.eu\\\/toode\\\/suvemaja-anne-26819-alekeskus\\\/#primaryimage\",\"url\":\"https:\\\/\\\/alekeskus.eu\\\/wp-content\\\/uploads\\\/2024\\\/11\\\/Anna_26.81.9_m2_NATURAL_wb-.jpg\",\"contentUrl\":\"https:\\\/\\\/alekeskus.eu\\\/wp-content\\\/uploads\\\/2024\\\/11\\\/Anna_26.81.9_m2_NATURAL_wb-.jpg\",\"width\":1600,\"height\":1200},{\"@type\":\"BreadcrumbList\",\"@id\":\"https:\\\/\\\/alekeskus.eu\\\/toode\\\/suvemaja-anne-26819-alekeskus\\\/#breadcrumb\",\"itemListElement\":[{\"@type\":\"ListItem\",\"position\":1,\"name\":\"Avaleht\",\"item\":\"https:\\\/\\\/alekeskus.eu\\\/et\\\/\"},{\"@type\":\"ListItem\",\"position\":2,\"name\":\"Pood\",\"item\":\"https:\\\/\\\/alekeskus.eu\\\/pood\\\/\"},{\"@type\":\"ListItem\",\"position\":3,\"name\":\"Freespalksuvila Anne 26,8 + 1,9 m\u00b2 70 mm seinaga\"}]},{\"@type\":\"WebSite\",\"@id\":\"https:\\\/\\\/alekeskus.eu\\\/#website\",\"url\":\"https:\\\/\\\/alekeskus.eu\\\/\",\"name\":\"Alekeskus\",\"description\":\"Alekeskus.eu\",\"potentialAction\":[{\"@type\":\"SearchAction\",\"target\":{\"@type\":\"EntryPoint\",\"urlTemplate\":\"https:\\\/\\\/alekeskus.eu\\\/?s={search_term_string}\"},\"query-input\":{\"@type\":\"PropertyValueSpecification\",\"valueRequired\":true,\"valueName\":\"search_term_string\"}}],\"inLanguage\":\"et\"}]}<\/script>\n<!-- \/ Yoast SEO plugin. -->","yoast_head_json":{"title":"Freespalksuvila Anne 26,8 + 1,9 m\u00b2 70 mm seinaga - Alekeskus","description":"freespalksuvila 70 mm freespalgist","robots":{"index":"index","follow":"follow","max-snippet":"max-snippet:-1","max-image-preview":"max-image-preview:large","max-video-preview":"max-video-preview:-1"},"canonical":"https:\/\/alekeskus.eu\/toode\/suvemaja-anne-26819-alekeskus\/","og_locale":"et_EE","og_type":"article","og_title":"Freespalksuvila Anne 26,8 + 1,9 m\u00b2 70 mm seinaga - Alekeskus","og_description":"freespalksuvila 70 mm freespalgist","og_url":"https:\/\/alekeskus.eu\/toode\/suvemaja-anne-26819-alekeskus\/","og_site_name":"Alekeskus","article_modified_time":"2025-12-09T07:20:04+00:00","og_image":[{"width":2500,"height":1875,"url":"https:\/\/alekeskus.eu\/wp-content\/uploads\/2024\/11\/Anna_26.81.9_m2_NATURAL_wb-.jpg","type":"image\/jpeg"}],"twitter_card":"summary_large_image","twitter_misc":{"Est. reading time":"1 minut"},"schema":{"@context":"https:\/\/schema.org","@graph":[{"@type":"WebPage","@id":"https:\/\/alekeskus.eu\/toode\/suvemaja-anne-26819-alekeskus\/","url":"https:\/\/alekeskus.eu\/toode\/suvemaja-anne-26819-alekeskus\/","name":"Freespalksuvila Anne 26,8 + 1,9 m\u00b2 70 mm seinaga - Alekeskus","isPartOf":{"@id":"https:\/\/alekeskus.eu\/#website"},"primaryImageOfPage":{"@id":"https:\/\/alekeskus.eu\/toode\/suvemaja-anne-26819-alekeskus\/#primaryimage"},"image":{"@id":"https:\/\/alekeskus.eu\/toode\/suvemaja-anne-26819-alekeskus\/#primaryimage"},"thumbnailUrl":"https:\/\/alekeskus.eu\/wp-content\/uploads\/2024\/11\/Anna_26.81.9_m2_NATURAL_wb-.jpg","datePublished":"2025-07-12T05:21:03+00:00","dateModified":"2025-12-09T07:20:04+00:00","description":"freespalksuvila 70 mm freespalgist","breadcrumb":{"@id":"https:\/\/alekeskus.eu\/toode\/suvemaja-anne-26819-alekeskus\/#breadcrumb"},"inLanguage":"et","potentialAction":[{"@type":"ReadAction","target":["https:\/\/alekeskus.eu\/toode\/suvemaja-anne-26819-alekeskus\/"]}]},{"@type":"ImageObject","inLanguage":"et","@id":"https:\/\/alekeskus.eu\/toode\/suvemaja-anne-26819-alekeskus\/#primaryimage","url":"https:\/\/alekeskus.eu\/wp-content\/uploads\/2024\/11\/Anna_26.81.9_m2_NATURAL_wb-.jpg","contentUrl":"https:\/\/alekeskus.eu\/wp-content\/uploads\/2024\/11\/Anna_26.81.9_m2_NATURAL_wb-.jpg","width":1600,"height":1200},{"@type":"BreadcrumbList","@id":"https:\/\/alekeskus.eu\/toode\/suvemaja-anne-26819-alekeskus\/#breadcrumb","itemListElement":[{"@type":"ListItem","position":1,"name":"Avaleht","item":"https:\/\/alekeskus.eu\/et\/"},{"@type":"ListItem","position":2,"name":"Pood","item":"https:\/\/alekeskus.eu\/pood\/"},{"@type":"ListItem","position":3,"name":"Freespalksuvila Anne 26,8 + 1,9 m\u00b2 70 mm seinaga"}]},{"@type":"WebSite","@id":"https:\/\/alekeskus.eu\/#website","url":"https:\/\/alekeskus.eu\/","name":"Alekeskus","description":"Alekeskus.eu","potentialAction":[{"@type":"SearchAction","target":{"@type":"EntryPoint","urlTemplate":"https:\/\/alekeskus.eu\/?s={search_term_string}"},"query-input":{"@type":"PropertyValueSpecification","valueRequired":true,"valueName":"search_term_string"}}],"inLanguage":"et"}]}},"brands":[{"id":18577,"name":"Eesti","slug":"eesti"}],"_links":{"self":[{"href":"https:\/\/alekeskus.eu\/et\/wp-json\/wp\/v2\/product\/71336","targetHints":{"allow":["GET"]}}],"collection":[{"href":"https:\/\/alekeskus.eu\/et\/wp-json\/wp\/v2\/product"}],"about":[{"href":"https:\/\/alekeskus.eu\/et\/wp-json\/wp\/v2\/types\/product"}],"wp:featuredmedia":[{"embeddable":true,"href":"https:\/\/alekeskus.eu\/et\/wp-json\/wp\/v2\/media\/94504"}],"wp:attachment":[{"href":"https:\/\/alekeskus.eu\/et\/wp-json\/wp\/v2\/media?parent=71336"}],"wp:term":[{"taxonomy":"pwb-brand","embeddable":true,"href":"https:\/\/alekeskus.eu\/et\/wp-json\/wp\/v2\/pwb-brand?post=71336"},{"taxonomy":"product_brand","embeddable":true,"href":"https:\/\/alekeskus.eu\/et\/wp-json\/wp\/v2\/product_brand?post=71336"},{"taxonomy":"product_cat","embeddable":true,"href":"https:\/\/alekeskus.eu\/et\/wp-json\/wp\/v2\/product_cat?post=71336"},{"taxonomy":"product_tag","embeddable":true,"href":"https:\/\/alekeskus.eu\/et\/wp-json\/wp\/v2\/product_tag?post=71336"}],"curies":[{"name":"wp","href":"https:\/\/api.w.org\/{rel}","templated":true}]}}