{"id":71480,"date":"2024-11-12T05:21:48","date_gmt":"2024-11-12T05:21:48","guid":{"rendered":"http:\/\/alekeskus.eu\/product\/suvemaja-mekon-668-m%c2%b2-5-tuba-kook-wc-ja-pesuruum\/"},"modified":"2025-01-05T14:50:06","modified_gmt":"2025-01-05T14:50:06","slug":"suvemaja-mekon-668-alekeskus","status":"publish","type":"product","link":"https:\/\/alekeskus.eu\/et\/toode\/suvemaja-mekon-668-alekeskus\/","title":{"rendered":"Freespalksuvila Mekon 75 m\u00b2 5 tuba, k\u00f6\u00f6k, WC ja pesuruum"},"content":{"rendered":"","protected":false},"excerpt":{"rendered":"<p>V\u00e4lism\u00f5\u00f5dud: <strong>1050<\/strong><b>\u00a0x 735 cm. <\/b>Seina k\u00f5rgused<strong> 211 cm ja 483 cm.\u00a0<\/strong><\/p>\n<ul>\n<li>tuuletapiga freespalk <strong>70 mm<\/strong> tormikinnitustega<\/li>\n<li><strong>5 tuba,<\/strong>\u00a0WC, pesuruum, k\u00f6\u00f6k, terrass<\/li>\n<li>s\u00fcvaimmutatud alustalad 45 x 70 mm, punnitud p\u00f5randalauad 28 x 112 mm<\/li>\n<li>s\u00fcvaimmutatud terrassilauad 28 x 120 mm<\/li>\n<li>punnitud katuselauad 18 x 90 mm<\/li>\n<li>uksed 82.7 x 193.3; 158 x 193.3; 2 x 82.7 x 193.3; 82.7 x 193.3 cm<\/li>\n<li>kaldp\u00f6\u00f6ratavad tihenditega pakettaknad (U-arv 2,8) alumiiniumist veeninadega (va 3 v\u00e4ikest akent on kinnised)<\/li>\n<li>katus 12\u00b0\/ 103 m2<\/li>\n<li>katusekate ei sisaldu hinnas<\/li>\n<li>kinnitusvahendid ja koostejuhend<\/li>\n<li>tehase garantii 5 aastat<\/li>\n<li>Eesti toode<\/li>\n<li>v\u00f5imalik teha m\u00f5\u00f5tudes ja avat\u00e4idetes muudatusi<\/li>\n<li>tootmise alustamiseks eeldame ettemaksu pool hinnast, tellimisaeg u 3 kuud<\/li>\n<li>ehitusjoonised<\/li>\n<\/ul>\n<p>K\u00fcsi ka paigaldust!<\/p>\n","protected":false},"featured_media":71468,"template":"","meta":{"_monsterinsights_skip_tracking":false,"_monsterinsights_sitenote_active":false,"_monsterinsights_sitenote_note":"","_monsterinsights_sitenote_category":0},"pwb-brand":[18577],"product_brand":[],"product_cat":[13540,13610],"product_tag":[15285,13831,15914,13913,16285,13970,14252,14276,17448,14277,17449,14278,17450,18565],"class_list":{"0":"post-71480","1":"product","2":"type-product","3":"status-publish","4":"has-post-thumbnail","6":"pwb-brand-eesti","7":"product_cat-hooned-alekeskus","8":"product_cat-suvilad","9":"product_tag-kesamokki","10":"product_tag-mokki","11":"product_tag-pihasauna","12":"product_tag-vierasmaja","13":"product_tag-rantasauna","14":"product_tag-suvila","15":"product_tag-suvemaja","16":"product_tag-puhkemaja","17":"product_tag-eramu","18":"product_tag-freespalk","19":"product_tag-freespalkmaja","20":"product_tag-kulalistemaja","21":"product_tag-hoylahirsi-talo","22":"product_tag-etatyotila-2","23":"product_shipping_class-alates-1000kg","24":"pa_garantii-5-aastat","25":"pa_kaalkg-16047","26":"pa_kohaletoimetamine-alates-180e","27":"pa_laoasukoht-tartumaa","28":"pa_pindalam-16048","29":"pa_seinapaksus-70-mm","30":"pa_tellimisaeg-2-3-kuud","31":"pa_varv-viimistlemata","32":"pa_veame-eesti-ja-soome","34":"first","35":"onbackorder","36":"taxable","37":"shipping-taxable","38":"purchasable","39":"product-type-simple"},"yoast_head":"<!-- This site is optimized with the Yoast SEO plugin v27.3 - https:\/\/yoast.com\/product\/yoast-seo-wordpress\/ -->\n<title>Freespalksuvila Mekon 75 m\u00b2 5 tuba, k\u00f6\u00f6k, WC ja pesuruum - Alekeskus<\/title>\n<meta name=\"description\" content=\"Suvemaja v\u00f5i eramu freespalgist Mekon\" \/>\n<meta name=\"robots\" content=\"index, follow, max-snippet:-1, max-image-preview:large, max-video-preview:-1\" \/>\n<link rel=\"canonical\" href=\"https:\/\/alekeskus.eu\/toode\/suvemaja-mekon-668-alekeskus\/\" \/>\n<meta property=\"og:locale\" content=\"et_EE\" \/>\n<meta property=\"og:type\" content=\"article\" \/>\n<meta property=\"og:title\" content=\"Freespalksuvila Mekon 75 m\u00b2 5 tuba, k\u00f6\u00f6k, WC ja pesuruum - Alekeskus\" \/>\n<meta property=\"og:description\" content=\"Suvemaja v\u00f5i eramu freespalgist Mekon\" \/>\n<meta property=\"og:url\" content=\"https:\/\/alekeskus.eu\/toode\/suvemaja-mekon-668-alekeskus\/\" \/>\n<meta property=\"og:site_name\" content=\"Alekeskus\" \/>\n<meta property=\"article:modified_time\" content=\"2025-01-05T14:50:06+00:00\" \/>\n<meta property=\"og:image\" content=\"https:\/\/alekeskus.eu\/wp-content\/uploads\/2021\/11\/1269suvemaja-mekon-66-8-m-5-tuba-k-k-wc-ja-pesuruum-0-scaled.jpg\" \/>\n\t<meta property=\"og:image:width\" content=\"2560\" \/>\n\t<meta property=\"og:image:height\" content=\"1707\" \/>\n\t<meta property=\"og:image:type\" content=\"image\/jpeg\" \/>\n<meta name=\"twitter:card\" content=\"summary_large_image\" \/>\n<meta name=\"twitter:label1\" content=\"Est. reading time\" \/>\n\t<meta name=\"twitter:data1\" content=\"1 minut\" \/>\n<script type=\"application\/ld+json\" class=\"yoast-schema-graph\">{\"@context\":\"https:\\\/\\\/schema.org\",\"@graph\":[{\"@type\":\"WebPage\",\"@id\":\"https:\\\/\\\/alekeskus.eu\\\/toode\\\/suvemaja-mekon-668-alekeskus\\\/\",\"url\":\"https:\\\/\\\/alekeskus.eu\\\/toode\\\/suvemaja-mekon-668-alekeskus\\\/\",\"name\":\"Freespalksuvila Mekon 75 m\u00b2 5 tuba, k\u00f6\u00f6k, WC ja pesuruum - Alekeskus\",\"isPartOf\":{\"@id\":\"https:\\\/\\\/alekeskus.eu\\\/#website\"},\"primaryImageOfPage\":{\"@id\":\"https:\\\/\\\/alekeskus.eu\\\/toode\\\/suvemaja-mekon-668-alekeskus\\\/#primaryimage\"},\"image\":{\"@id\":\"https:\\\/\\\/alekeskus.eu\\\/toode\\\/suvemaja-mekon-668-alekeskus\\\/#primaryimage\"},\"thumbnailUrl\":\"https:\\\/\\\/alekeskus.eu\\\/wp-content\\\/uploads\\\/2021\\\/11\\\/1269suvemaja-mekon-66-8-m-5-tuba-k-k-wc-ja-pesuruum-0-scaled.jpg\",\"datePublished\":\"2024-11-12T05:21:48+00:00\",\"dateModified\":\"2025-01-05T14:50:06+00:00\",\"description\":\"Suvemaja v\u00f5i eramu freespalgist Mekon\",\"breadcrumb\":{\"@id\":\"https:\\\/\\\/alekeskus.eu\\\/toode\\\/suvemaja-mekon-668-alekeskus\\\/#breadcrumb\"},\"inLanguage\":\"et\",\"potentialAction\":[{\"@type\":\"ReadAction\",\"target\":[\"https:\\\/\\\/alekeskus.eu\\\/toode\\\/suvemaja-mekon-668-alekeskus\\\/\"]}]},{\"@type\":\"ImageObject\",\"inLanguage\":\"et\",\"@id\":\"https:\\\/\\\/alekeskus.eu\\\/toode\\\/suvemaja-mekon-668-alekeskus\\\/#primaryimage\",\"url\":\"https:\\\/\\\/alekeskus.eu\\\/wp-content\\\/uploads\\\/2021\\\/11\\\/1269suvemaja-mekon-66-8-m-5-tuba-k-k-wc-ja-pesuruum-0-scaled.jpg\",\"contentUrl\":\"https:\\\/\\\/alekeskus.eu\\\/wp-content\\\/uploads\\\/2021\\\/11\\\/1269suvemaja-mekon-66-8-m-5-tuba-k-k-wc-ja-pesuruum-0-scaled.jpg\",\"width\":1600,\"height\":1067},{\"@type\":\"BreadcrumbList\",\"@id\":\"https:\\\/\\\/alekeskus.eu\\\/toode\\\/suvemaja-mekon-668-alekeskus\\\/#breadcrumb\",\"itemListElement\":[{\"@type\":\"ListItem\",\"position\":1,\"name\":\"Avaleht\",\"item\":\"https:\\\/\\\/alekeskus.eu\\\/et\\\/\"},{\"@type\":\"ListItem\",\"position\":2,\"name\":\"Pood\",\"item\":\"https:\\\/\\\/alekeskus.eu\\\/pood\\\/\"},{\"@type\":\"ListItem\",\"position\":3,\"name\":\"Freespalksuvila Mekon 75 m\u00b2 5 tuba, k\u00f6\u00f6k, WC ja pesuruum\"}]},{\"@type\":\"WebSite\",\"@id\":\"https:\\\/\\\/alekeskus.eu\\\/#website\",\"url\":\"https:\\\/\\\/alekeskus.eu\\\/\",\"name\":\"Alekeskus\",\"description\":\"Alekeskus.eu\",\"potentialAction\":[{\"@type\":\"SearchAction\",\"target\":{\"@type\":\"EntryPoint\",\"urlTemplate\":\"https:\\\/\\\/alekeskus.eu\\\/?s={search_term_string}\"},\"query-input\":{\"@type\":\"PropertyValueSpecification\",\"valueRequired\":true,\"valueName\":\"search_term_string\"}}],\"inLanguage\":\"et\"}]}<\/script>\n<!-- \/ Yoast SEO plugin. -->","yoast_head_json":{"title":"Freespalksuvila Mekon 75 m\u00b2 5 tuba, k\u00f6\u00f6k, WC ja pesuruum - Alekeskus","description":"Suvemaja v\u00f5i eramu freespalgist Mekon","robots":{"index":"index","follow":"follow","max-snippet":"max-snippet:-1","max-image-preview":"max-image-preview:large","max-video-preview":"max-video-preview:-1"},"canonical":"https:\/\/alekeskus.eu\/toode\/suvemaja-mekon-668-alekeskus\/","og_locale":"et_EE","og_type":"article","og_title":"Freespalksuvila Mekon 75 m\u00b2 5 tuba, k\u00f6\u00f6k, WC ja pesuruum - Alekeskus","og_description":"Suvemaja v\u00f5i eramu freespalgist Mekon","og_url":"https:\/\/alekeskus.eu\/toode\/suvemaja-mekon-668-alekeskus\/","og_site_name":"Alekeskus","article_modified_time":"2025-01-05T14:50:06+00:00","og_image":[{"width":2560,"height":1707,"url":"https:\/\/alekeskus.eu\/wp-content\/uploads\/2021\/11\/1269suvemaja-mekon-66-8-m-5-tuba-k-k-wc-ja-pesuruum-0-scaled.jpg","type":"image\/jpeg"}],"twitter_card":"summary_large_image","twitter_misc":{"Est. reading time":"1 minut"},"schema":{"@context":"https:\/\/schema.org","@graph":[{"@type":"WebPage","@id":"https:\/\/alekeskus.eu\/toode\/suvemaja-mekon-668-alekeskus\/","url":"https:\/\/alekeskus.eu\/toode\/suvemaja-mekon-668-alekeskus\/","name":"Freespalksuvila Mekon 75 m\u00b2 5 tuba, k\u00f6\u00f6k, WC ja pesuruum - Alekeskus","isPartOf":{"@id":"https:\/\/alekeskus.eu\/#website"},"primaryImageOfPage":{"@id":"https:\/\/alekeskus.eu\/toode\/suvemaja-mekon-668-alekeskus\/#primaryimage"},"image":{"@id":"https:\/\/alekeskus.eu\/toode\/suvemaja-mekon-668-alekeskus\/#primaryimage"},"thumbnailUrl":"https:\/\/alekeskus.eu\/wp-content\/uploads\/2021\/11\/1269suvemaja-mekon-66-8-m-5-tuba-k-k-wc-ja-pesuruum-0-scaled.jpg","datePublished":"2024-11-12T05:21:48+00:00","dateModified":"2025-01-05T14:50:06+00:00","description":"Suvemaja v\u00f5i eramu freespalgist Mekon","breadcrumb":{"@id":"https:\/\/alekeskus.eu\/toode\/suvemaja-mekon-668-alekeskus\/#breadcrumb"},"inLanguage":"et","potentialAction":[{"@type":"ReadAction","target":["https:\/\/alekeskus.eu\/toode\/suvemaja-mekon-668-alekeskus\/"]}]},{"@type":"ImageObject","inLanguage":"et","@id":"https:\/\/alekeskus.eu\/toode\/suvemaja-mekon-668-alekeskus\/#primaryimage","url":"https:\/\/alekeskus.eu\/wp-content\/uploads\/2021\/11\/1269suvemaja-mekon-66-8-m-5-tuba-k-k-wc-ja-pesuruum-0-scaled.jpg","contentUrl":"https:\/\/alekeskus.eu\/wp-content\/uploads\/2021\/11\/1269suvemaja-mekon-66-8-m-5-tuba-k-k-wc-ja-pesuruum-0-scaled.jpg","width":1600,"height":1067},{"@type":"BreadcrumbList","@id":"https:\/\/alekeskus.eu\/toode\/suvemaja-mekon-668-alekeskus\/#breadcrumb","itemListElement":[{"@type":"ListItem","position":1,"name":"Avaleht","item":"https:\/\/alekeskus.eu\/et\/"},{"@type":"ListItem","position":2,"name":"Pood","item":"https:\/\/alekeskus.eu\/pood\/"},{"@type":"ListItem","position":3,"name":"Freespalksuvila Mekon 75 m\u00b2 5 tuba, k\u00f6\u00f6k, WC ja pesuruum"}]},{"@type":"WebSite","@id":"https:\/\/alekeskus.eu\/#website","url":"https:\/\/alekeskus.eu\/","name":"Alekeskus","description":"Alekeskus.eu","potentialAction":[{"@type":"SearchAction","target":{"@type":"EntryPoint","urlTemplate":"https:\/\/alekeskus.eu\/?s={search_term_string}"},"query-input":{"@type":"PropertyValueSpecification","valueRequired":true,"valueName":"search_term_string"}}],"inLanguage":"et"}]}},"brands":[{"id":18577,"name":"Eesti","slug":"eesti"}],"_links":{"self":[{"href":"https:\/\/alekeskus.eu\/et\/wp-json\/wp\/v2\/product\/71480","targetHints":{"allow":["GET"]}}],"collection":[{"href":"https:\/\/alekeskus.eu\/et\/wp-json\/wp\/v2\/product"}],"about":[{"href":"https:\/\/alekeskus.eu\/et\/wp-json\/wp\/v2\/types\/product"}],"wp:featuredmedia":[{"embeddable":true,"href":"https:\/\/alekeskus.eu\/et\/wp-json\/wp\/v2\/media\/71468"}],"wp:attachment":[{"href":"https:\/\/alekeskus.eu\/et\/wp-json\/wp\/v2\/media?parent=71480"}],"wp:term":[{"taxonomy":"pwb-brand","embeddable":true,"href":"https:\/\/alekeskus.eu\/et\/wp-json\/wp\/v2\/pwb-brand?post=71480"},{"taxonomy":"product_brand","embeddable":true,"href":"https:\/\/alekeskus.eu\/et\/wp-json\/wp\/v2\/product_brand?post=71480"},{"taxonomy":"product_cat","embeddable":true,"href":"https:\/\/alekeskus.eu\/et\/wp-json\/wp\/v2\/product_cat?post=71480"},{"taxonomy":"product_tag","embeddable":true,"href":"https:\/\/alekeskus.eu\/et\/wp-json\/wp\/v2\/product_tag?post=71480"}],"curies":[{"name":"wp","href":"https:\/\/api.w.org\/{rel}","templated":true}]}}