{"id":71590,"date":"2023-11-12T05:23:14","date_gmt":"2023-11-12T05:23:14","guid":{"rendered":"http:\/\/alekeskus.eu\/product\/pvc-kate-plastsisuga-kumblustunnidele\/"},"modified":"2025-11-17T13:05:40","modified_gmt":"2025-11-17T13:05:40","slug":"pvc-kate-plastsisuga-kumblustunnidele","status":"publish","type":"product","link":"https:\/\/alekeskus.eu\/et\/toode\/pvc-kate-plastsisuga-kumblustunnidele\/","title":{"rendered":"PVC-kate plastsisuga k\u00fcmblust\u00fcnnidele"},"content":{"rendered":"","protected":false},"excerpt":{"rendered":"<p>Vali oma plastsisuga t\u00fcnnile sobiva m\u00f5\u00f5duga kate. V\u00e4rv: hall.<\/p>\n<p>Takistab t\u00fcnnivee risustumist lehtede ja okastega. K\u00fctmise ajal peal hoides v\u00e4heneb ka k\u00fctmiseaeg. Takistab ka pisip\u00f5nnide soovimatut sisse kukkumist.<\/p>\n","protected":false},"featured_media":71588,"template":"","meta":{"_monsterinsights_skip_tracking":false,"_monsterinsights_sitenote_active":false,"_monsterinsights_sitenote_note":"","_monsterinsights_sitenote_category":0},"pwb-brand":[],"product_brand":[],"product_cat":[13582,13536],"product_tag":[13770,18765,14474,15011,16087,16090],"class_list":{"0":"post-71590","1":"product","2":"type-product","3":"status-publish","4":"has-post-thumbnail","6":"product_cat-tarvikud-saun-ja-kumblus","7":"product_cat-saun-ja-kumblus","8":"product_tag-tarvik","9":"product_tag-paljun-kansi","10":"product_tag-kansi","11":"product_tag-kumblustunn","12":"product_tag-sademepuudja","13":"product_tag-pvckate","14":"product_shipping_class-pakiautomaat","15":"pa_laoasukoht-viljandimaa","16":"pa_pvc-18x24-20x24-24x24-21x28m","17":"pa_pvc-20m","18":"pa_pvc-16m-2-kohaline","19":"pa_pvc-175m","20":"pa_pvc-18m-8-nurkne","21":"pa_pvc-19m","22":"pa_pvc-22m","23":"pa_tellimisaeg-2-10-toopaeva","24":"pa_veame-eesti-ja-soome","26":"first","27":"instock","28":"taxable","29":"shipping-taxable","30":"purchasable","31":"product-type-variable","32":"has-default-attributes"},"yoast_head":"<!-- This site is optimized with the Yoast SEO plugin v27.3 - https:\/\/yoast.com\/product\/yoast-seo-wordpress\/ -->\n<title>PVC-kate plastsisuga k\u00fcmblust\u00fcnnidele - Alekeskus<\/title>\n<meta name=\"description\" content=\"PVC kate k\u00fcmblust\u00fcnnidele risu kaitseks\" \/>\n<meta name=\"robots\" content=\"index, follow, max-snippet:-1, max-image-preview:large, max-video-preview:-1\" \/>\n<link rel=\"canonical\" href=\"https:\/\/alekeskus.eu\/toode\/pvc-kate-plastsisuga-kumblustunnidele\/\" \/>\n<meta property=\"og:locale\" content=\"et_EE\" \/>\n<meta property=\"og:type\" content=\"article\" \/>\n<meta property=\"og:title\" content=\"PVC-kate plastsisuga k\u00fcmblust\u00fcnnidele - Alekeskus\" \/>\n<meta property=\"og:description\" content=\"PVC kate k\u00fcmblust\u00fcnnidele risu kaitseks\" \/>\n<meta property=\"og:url\" content=\"https:\/\/alekeskus.eu\/toode\/pvc-kate-plastsisuga-kumblustunnidele\/\" \/>\n<meta property=\"og:site_name\" content=\"Alekeskus\" \/>\n<meta property=\"article:modified_time\" content=\"2025-11-17T13:05:40+00:00\" \/>\n<meta property=\"og:image\" content=\"https:\/\/alekeskus.eu\/wp-content\/uploads\/2021\/11\/815pvc-kate-plastsisuga-k-mblust-nnidele-0.jpg\" \/>\n\t<meta property=\"og:image:width\" content=\"1800\" \/>\n\t<meta property=\"og:image:height\" content=\"772\" \/>\n\t<meta property=\"og:image:type\" content=\"image\/jpeg\" \/>\n<meta name=\"twitter:card\" content=\"summary_large_image\" \/>\n<meta name=\"twitter:label1\" content=\"Est. reading time\" \/>\n\t<meta name=\"twitter:data1\" content=\"1 minut\" \/>\n<script type=\"application\/ld+json\" class=\"yoast-schema-graph\">{\"@context\":\"https:\\\/\\\/schema.org\",\"@graph\":[{\"@type\":\"WebPage\",\"@id\":\"https:\\\/\\\/alekeskus.eu\\\/toode\\\/pvc-kate-plastsisuga-kumblustunnidele\\\/\",\"url\":\"https:\\\/\\\/alekeskus.eu\\\/toode\\\/pvc-kate-plastsisuga-kumblustunnidele\\\/\",\"name\":\"PVC-kate plastsisuga k\u00fcmblust\u00fcnnidele - Alekeskus\",\"isPartOf\":{\"@id\":\"https:\\\/\\\/alekeskus.eu\\\/#website\"},\"primaryImageOfPage\":{\"@id\":\"https:\\\/\\\/alekeskus.eu\\\/toode\\\/pvc-kate-plastsisuga-kumblustunnidele\\\/#primaryimage\"},\"image\":{\"@id\":\"https:\\\/\\\/alekeskus.eu\\\/toode\\\/pvc-kate-plastsisuga-kumblustunnidele\\\/#primaryimage\"},\"thumbnailUrl\":\"https:\\\/\\\/alekeskus.eu\\\/wp-content\\\/uploads\\\/2021\\\/11\\\/815pvc-kate-plastsisuga-k-mblust-nnidele-0.jpg\",\"datePublished\":\"2023-11-12T05:23:14+00:00\",\"dateModified\":\"2025-11-17T13:05:40+00:00\",\"description\":\"PVC kate k\u00fcmblust\u00fcnnidele risu kaitseks\",\"breadcrumb\":{\"@id\":\"https:\\\/\\\/alekeskus.eu\\\/toode\\\/pvc-kate-plastsisuga-kumblustunnidele\\\/#breadcrumb\"},\"inLanguage\":\"et\",\"potentialAction\":[{\"@type\":\"ReadAction\",\"target\":[\"https:\\\/\\\/alekeskus.eu\\\/toode\\\/pvc-kate-plastsisuga-kumblustunnidele\\\/\"]}]},{\"@type\":\"ImageObject\",\"inLanguage\":\"et\",\"@id\":\"https:\\\/\\\/alekeskus.eu\\\/toode\\\/pvc-kate-plastsisuga-kumblustunnidele\\\/#primaryimage\",\"url\":\"https:\\\/\\\/alekeskus.eu\\\/wp-content\\\/uploads\\\/2021\\\/11\\\/815pvc-kate-plastsisuga-k-mblust-nnidele-0.jpg\",\"contentUrl\":\"https:\\\/\\\/alekeskus.eu\\\/wp-content\\\/uploads\\\/2021\\\/11\\\/815pvc-kate-plastsisuga-k-mblust-nnidele-0.jpg\",\"width\":1600,\"height\":686},{\"@type\":\"BreadcrumbList\",\"@id\":\"https:\\\/\\\/alekeskus.eu\\\/toode\\\/pvc-kate-plastsisuga-kumblustunnidele\\\/#breadcrumb\",\"itemListElement\":[{\"@type\":\"ListItem\",\"position\":1,\"name\":\"Avaleht\",\"item\":\"https:\\\/\\\/alekeskus.eu\\\/et\\\/\"},{\"@type\":\"ListItem\",\"position\":2,\"name\":\"Pood\",\"item\":\"https:\\\/\\\/alekeskus.eu\\\/pood\\\/\"},{\"@type\":\"ListItem\",\"position\":3,\"name\":\"PVC-kate plastsisuga k\u00fcmblust\u00fcnnidele\"}]},{\"@type\":\"WebSite\",\"@id\":\"https:\\\/\\\/alekeskus.eu\\\/#website\",\"url\":\"https:\\\/\\\/alekeskus.eu\\\/\",\"name\":\"Alekeskus\",\"description\":\"Alekeskus.eu\",\"potentialAction\":[{\"@type\":\"SearchAction\",\"target\":{\"@type\":\"EntryPoint\",\"urlTemplate\":\"https:\\\/\\\/alekeskus.eu\\\/?s={search_term_string}\"},\"query-input\":{\"@type\":\"PropertyValueSpecification\",\"valueRequired\":true,\"valueName\":\"search_term_string\"}}],\"inLanguage\":\"et\"}]}<\/script>\n<!-- \/ Yoast SEO plugin. -->","yoast_head_json":{"title":"PVC-kate plastsisuga k\u00fcmblust\u00fcnnidele - Alekeskus","description":"PVC kate k\u00fcmblust\u00fcnnidele risu kaitseks","robots":{"index":"index","follow":"follow","max-snippet":"max-snippet:-1","max-image-preview":"max-image-preview:large","max-video-preview":"max-video-preview:-1"},"canonical":"https:\/\/alekeskus.eu\/toode\/pvc-kate-plastsisuga-kumblustunnidele\/","og_locale":"et_EE","og_type":"article","og_title":"PVC-kate plastsisuga k\u00fcmblust\u00fcnnidele - Alekeskus","og_description":"PVC kate k\u00fcmblust\u00fcnnidele risu kaitseks","og_url":"https:\/\/alekeskus.eu\/toode\/pvc-kate-plastsisuga-kumblustunnidele\/","og_site_name":"Alekeskus","article_modified_time":"2025-11-17T13:05:40+00:00","og_image":[{"width":1800,"height":772,"url":"https:\/\/alekeskus.eu\/wp-content\/uploads\/2021\/11\/815pvc-kate-plastsisuga-k-mblust-nnidele-0.jpg","type":"image\/jpeg"}],"twitter_card":"summary_large_image","twitter_misc":{"Est. reading time":"1 minut"},"schema":{"@context":"https:\/\/schema.org","@graph":[{"@type":"WebPage","@id":"https:\/\/alekeskus.eu\/toode\/pvc-kate-plastsisuga-kumblustunnidele\/","url":"https:\/\/alekeskus.eu\/toode\/pvc-kate-plastsisuga-kumblustunnidele\/","name":"PVC-kate plastsisuga k\u00fcmblust\u00fcnnidele - Alekeskus","isPartOf":{"@id":"https:\/\/alekeskus.eu\/#website"},"primaryImageOfPage":{"@id":"https:\/\/alekeskus.eu\/toode\/pvc-kate-plastsisuga-kumblustunnidele\/#primaryimage"},"image":{"@id":"https:\/\/alekeskus.eu\/toode\/pvc-kate-plastsisuga-kumblustunnidele\/#primaryimage"},"thumbnailUrl":"https:\/\/alekeskus.eu\/wp-content\/uploads\/2021\/11\/815pvc-kate-plastsisuga-k-mblust-nnidele-0.jpg","datePublished":"2023-11-12T05:23:14+00:00","dateModified":"2025-11-17T13:05:40+00:00","description":"PVC kate k\u00fcmblust\u00fcnnidele risu kaitseks","breadcrumb":{"@id":"https:\/\/alekeskus.eu\/toode\/pvc-kate-plastsisuga-kumblustunnidele\/#breadcrumb"},"inLanguage":"et","potentialAction":[{"@type":"ReadAction","target":["https:\/\/alekeskus.eu\/toode\/pvc-kate-plastsisuga-kumblustunnidele\/"]}]},{"@type":"ImageObject","inLanguage":"et","@id":"https:\/\/alekeskus.eu\/toode\/pvc-kate-plastsisuga-kumblustunnidele\/#primaryimage","url":"https:\/\/alekeskus.eu\/wp-content\/uploads\/2021\/11\/815pvc-kate-plastsisuga-k-mblust-nnidele-0.jpg","contentUrl":"https:\/\/alekeskus.eu\/wp-content\/uploads\/2021\/11\/815pvc-kate-plastsisuga-k-mblust-nnidele-0.jpg","width":1600,"height":686},{"@type":"BreadcrumbList","@id":"https:\/\/alekeskus.eu\/toode\/pvc-kate-plastsisuga-kumblustunnidele\/#breadcrumb","itemListElement":[{"@type":"ListItem","position":1,"name":"Avaleht","item":"https:\/\/alekeskus.eu\/et\/"},{"@type":"ListItem","position":2,"name":"Pood","item":"https:\/\/alekeskus.eu\/pood\/"},{"@type":"ListItem","position":3,"name":"PVC-kate plastsisuga k\u00fcmblust\u00fcnnidele"}]},{"@type":"WebSite","@id":"https:\/\/alekeskus.eu\/#website","url":"https:\/\/alekeskus.eu\/","name":"Alekeskus","description":"Alekeskus.eu","potentialAction":[{"@type":"SearchAction","target":{"@type":"EntryPoint","urlTemplate":"https:\/\/alekeskus.eu\/?s={search_term_string}"},"query-input":{"@type":"PropertyValueSpecification","valueRequired":true,"valueName":"search_term_string"}}],"inLanguage":"et"}]}},"brands":[],"_links":{"self":[{"href":"https:\/\/alekeskus.eu\/et\/wp-json\/wp\/v2\/product\/71590","targetHints":{"allow":["GET"]}}],"collection":[{"href":"https:\/\/alekeskus.eu\/et\/wp-json\/wp\/v2\/product"}],"about":[{"href":"https:\/\/alekeskus.eu\/et\/wp-json\/wp\/v2\/types\/product"}],"wp:featuredmedia":[{"embeddable":true,"href":"https:\/\/alekeskus.eu\/et\/wp-json\/wp\/v2\/media\/71588"}],"wp:attachment":[{"href":"https:\/\/alekeskus.eu\/et\/wp-json\/wp\/v2\/media?parent=71590"}],"wp:term":[{"taxonomy":"pwb-brand","embeddable":true,"href":"https:\/\/alekeskus.eu\/et\/wp-json\/wp\/v2\/pwb-brand?post=71590"},{"taxonomy":"product_brand","embeddable":true,"href":"https:\/\/alekeskus.eu\/et\/wp-json\/wp\/v2\/product_brand?post=71590"},{"taxonomy":"product_cat","embeddable":true,"href":"https:\/\/alekeskus.eu\/et\/wp-json\/wp\/v2\/product_cat?post=71590"},{"taxonomy":"product_tag","embeddable":true,"href":"https:\/\/alekeskus.eu\/et\/wp-json\/wp\/v2\/product_tag?post=71590"}],"curies":[{"name":"wp","href":"https:\/\/api.w.org\/{rel}","templated":true}]}}