{"id":71604,"date":"2023-11-12T05:23:21","date_gmt":"2023-11-12T05:23:21","guid":{"rendered":"http:\/\/alekeskus.eu\/product\/jookide-riiul-kumblustunnile\/"},"modified":"2024-06-06T16:59:57","modified_gmt":"2024-06-06T16:59:57","slug":"jookide-riiul-kumblustunnile","status":"publish","type":"product","link":"https:\/\/alekeskus.eu\/et\/toode\/jookide-riiul-kumblustunnile\/","title":{"rendered":"Jookide riiul k\u00fcmblust\u00fcnnile"},"content":{"rendered":"","protected":false},"excerpt":{"rendered":"<p>K\u00fcmmeldes on ju m\u00f5nus nautida karastusjooke ja suupisteid. Mugavaim viis on v\u00f5tta neid k\u00e4eulatuses olevalt riiulilt.<\/p>\n<p>Valikus sirge servaga kandilistele k\u00fcmblust\u00fcnnidele ja kumera servaga \u00fcmmargustele t\u00fcnnidele(maini sobiv serv tellimuse m\u00e4rkustes).<\/p>\n<p>Tasuta vedu koos t\u00fcnniga tellides.<\/p>\n","protected":false},"featured_media":71598,"template":"","meta":{"_monsterinsights_skip_tracking":false,"_monsterinsights_sitenote_active":false,"_monsterinsights_sitenote_note":"","_monsterinsights_sitenote_category":0},"pwb-brand":[],"product_brand":[],"product_cat":[13582,13536],"product_tag":[13949,14996,14998,15014,15018,15074,16076],"class_list":{"0":"post-71604","1":"product","2":"type-product","3":"status-publish","4":"has-post-thumbnail","6":"product_cat-tarvikud-saun-ja-kumblus","7":"product_cat-saun-ja-kumblus","8":"product_tag-seks","9":"product_tag-kumblus","10":"product_tag-tunn","11":"product_tag-vann","12":"product_tag-loogastus","13":"product_tag-soojus","14":"product_tag-amme","15":"product_shipping_class-pakiautomaat","16":"pa_garantii-2-aastat","17":"pa_laoasukoht-viljandimaa","18":"pa_tellimisaeg-2-10-toopaeva","19":"pa_veame-eesti-ja-soome","21":"first","22":"instock","23":"taxable","24":"shipping-taxable","25":"purchasable","26":"product-type-simple"},"yoast_head":"<!-- This site is optimized with the Yoast SEO plugin v27.3 - https:\/\/yoast.com\/product\/yoast-seo-wordpress\/ -->\n<title>Jookide riiul k\u00fcmblust\u00fcnnile - Alekeskus<\/title>\n<meta name=\"robots\" content=\"index, follow, max-snippet:-1, max-image-preview:large, max-video-preview:-1\" \/>\n<link rel=\"canonical\" href=\"https:\/\/alekeskus.eu\/toode\/jookide-riiul-kumblustunnile\/\" \/>\n<meta property=\"og:locale\" content=\"et_EE\" \/>\n<meta property=\"og:type\" content=\"article\" \/>\n<meta property=\"og:title\" content=\"Jookide riiul k\u00fcmblust\u00fcnnile - Alekeskus\" \/>\n<meta property=\"og:description\" content=\"K\u00fcmmeldes on ju m\u00f5nus nautida karastusjooke ja suupisteid. Mugavaim viis on v\u00f5tta neid k\u00e4eulatuses olevalt riiulilt.  Valikus sirge servaga kandilistele k\u00fcmblust\u00fcnnidele ja kumera servaga \u00fcmmargustele t\u00fcnnidele(maini sobiv serv tellimuse m\u00e4rkustes).  Tasuta vedu koos t\u00fcnniga tellides.\" \/>\n<meta property=\"og:url\" content=\"https:\/\/alekeskus.eu\/toode\/jookide-riiul-kumblustunnile\/\" \/>\n<meta property=\"og:site_name\" content=\"Alekeskus\" \/>\n<meta property=\"article:modified_time\" content=\"2024-06-06T16:59:57+00:00\" \/>\n<meta property=\"og:image\" content=\"https:\/\/alekeskus.eu\/wp-content\/uploads\/2021\/11\/1137jookide-riiul-k-mblust-nnile-0.jpg\" \/>\n\t<meta property=\"og:image:width\" content=\"216\" \/>\n\t<meta property=\"og:image:height\" content=\"216\" \/>\n\t<meta property=\"og:image:type\" content=\"image\/jpeg\" \/>\n<meta name=\"twitter:card\" content=\"summary_large_image\" \/>\n<meta name=\"twitter:label1\" content=\"Est. reading time\" \/>\n\t<meta name=\"twitter:data1\" content=\"1 minut\" \/>\n<script type=\"application\/ld+json\" class=\"yoast-schema-graph\">{\"@context\":\"https:\\\/\\\/schema.org\",\"@graph\":[{\"@type\":\"WebPage\",\"@id\":\"https:\\\/\\\/alekeskus.eu\\\/toode\\\/jookide-riiul-kumblustunnile\\\/\",\"url\":\"https:\\\/\\\/alekeskus.eu\\\/toode\\\/jookide-riiul-kumblustunnile\\\/\",\"name\":\"Jookide riiul k\u00fcmblust\u00fcnnile - Alekeskus\",\"isPartOf\":{\"@id\":\"https:\\\/\\\/alekeskus.eu\\\/#website\"},\"primaryImageOfPage\":{\"@id\":\"https:\\\/\\\/alekeskus.eu\\\/toode\\\/jookide-riiul-kumblustunnile\\\/#primaryimage\"},\"image\":{\"@id\":\"https:\\\/\\\/alekeskus.eu\\\/toode\\\/jookide-riiul-kumblustunnile\\\/#primaryimage\"},\"thumbnailUrl\":\"https:\\\/\\\/alekeskus.eu\\\/wp-content\\\/uploads\\\/2021\\\/11\\\/1137jookide-riiul-k-mblust-nnile-0.jpg\",\"datePublished\":\"2023-11-12T05:23:21+00:00\",\"dateModified\":\"2024-06-06T16:59:57+00:00\",\"breadcrumb\":{\"@id\":\"https:\\\/\\\/alekeskus.eu\\\/toode\\\/jookide-riiul-kumblustunnile\\\/#breadcrumb\"},\"inLanguage\":\"et\",\"potentialAction\":[{\"@type\":\"ReadAction\",\"target\":[\"https:\\\/\\\/alekeskus.eu\\\/toode\\\/jookide-riiul-kumblustunnile\\\/\"]}]},{\"@type\":\"ImageObject\",\"inLanguage\":\"et\",\"@id\":\"https:\\\/\\\/alekeskus.eu\\\/toode\\\/jookide-riiul-kumblustunnile\\\/#primaryimage\",\"url\":\"https:\\\/\\\/alekeskus.eu\\\/wp-content\\\/uploads\\\/2021\\\/11\\\/1137jookide-riiul-k-mblust-nnile-0.jpg\",\"contentUrl\":\"https:\\\/\\\/alekeskus.eu\\\/wp-content\\\/uploads\\\/2021\\\/11\\\/1137jookide-riiul-k-mblust-nnile-0.jpg\",\"width\":216,\"height\":216},{\"@type\":\"BreadcrumbList\",\"@id\":\"https:\\\/\\\/alekeskus.eu\\\/toode\\\/jookide-riiul-kumblustunnile\\\/#breadcrumb\",\"itemListElement\":[{\"@type\":\"ListItem\",\"position\":1,\"name\":\"Avaleht\",\"item\":\"https:\\\/\\\/alekeskus.eu\\\/et\\\/\"},{\"@type\":\"ListItem\",\"position\":2,\"name\":\"Pood\",\"item\":\"https:\\\/\\\/alekeskus.eu\\\/pood\\\/\"},{\"@type\":\"ListItem\",\"position\":3,\"name\":\"Jookide riiul k\u00fcmblust\u00fcnnile\"}]},{\"@type\":\"WebSite\",\"@id\":\"https:\\\/\\\/alekeskus.eu\\\/#website\",\"url\":\"https:\\\/\\\/alekeskus.eu\\\/\",\"name\":\"Alekeskus\",\"description\":\"Alekeskus.eu\",\"potentialAction\":[{\"@type\":\"SearchAction\",\"target\":{\"@type\":\"EntryPoint\",\"urlTemplate\":\"https:\\\/\\\/alekeskus.eu\\\/?s={search_term_string}\"},\"query-input\":{\"@type\":\"PropertyValueSpecification\",\"valueRequired\":true,\"valueName\":\"search_term_string\"}}],\"inLanguage\":\"et\"}]}<\/script>\n<!-- \/ Yoast SEO plugin. -->","yoast_head_json":{"title":"Jookide riiul k\u00fcmblust\u00fcnnile - Alekeskus","robots":{"index":"index","follow":"follow","max-snippet":"max-snippet:-1","max-image-preview":"max-image-preview:large","max-video-preview":"max-video-preview:-1"},"canonical":"https:\/\/alekeskus.eu\/toode\/jookide-riiul-kumblustunnile\/","og_locale":"et_EE","og_type":"article","og_title":"Jookide riiul k\u00fcmblust\u00fcnnile - Alekeskus","og_description":"K\u00fcmmeldes on ju m\u00f5nus nautida karastusjooke ja suupisteid. Mugavaim viis on v\u00f5tta neid k\u00e4eulatuses olevalt riiulilt.  Valikus sirge servaga kandilistele k\u00fcmblust\u00fcnnidele ja kumera servaga \u00fcmmargustele t\u00fcnnidele(maini sobiv serv tellimuse m\u00e4rkustes).  Tasuta vedu koos t\u00fcnniga tellides.","og_url":"https:\/\/alekeskus.eu\/toode\/jookide-riiul-kumblustunnile\/","og_site_name":"Alekeskus","article_modified_time":"2024-06-06T16:59:57+00:00","og_image":[{"width":216,"height":216,"url":"https:\/\/alekeskus.eu\/wp-content\/uploads\/2021\/11\/1137jookide-riiul-k-mblust-nnile-0.jpg","type":"image\/jpeg"}],"twitter_card":"summary_large_image","twitter_misc":{"Est. reading time":"1 minut"},"schema":{"@context":"https:\/\/schema.org","@graph":[{"@type":"WebPage","@id":"https:\/\/alekeskus.eu\/toode\/jookide-riiul-kumblustunnile\/","url":"https:\/\/alekeskus.eu\/toode\/jookide-riiul-kumblustunnile\/","name":"Jookide riiul k\u00fcmblust\u00fcnnile - Alekeskus","isPartOf":{"@id":"https:\/\/alekeskus.eu\/#website"},"primaryImageOfPage":{"@id":"https:\/\/alekeskus.eu\/toode\/jookide-riiul-kumblustunnile\/#primaryimage"},"image":{"@id":"https:\/\/alekeskus.eu\/toode\/jookide-riiul-kumblustunnile\/#primaryimage"},"thumbnailUrl":"https:\/\/alekeskus.eu\/wp-content\/uploads\/2021\/11\/1137jookide-riiul-k-mblust-nnile-0.jpg","datePublished":"2023-11-12T05:23:21+00:00","dateModified":"2024-06-06T16:59:57+00:00","breadcrumb":{"@id":"https:\/\/alekeskus.eu\/toode\/jookide-riiul-kumblustunnile\/#breadcrumb"},"inLanguage":"et","potentialAction":[{"@type":"ReadAction","target":["https:\/\/alekeskus.eu\/toode\/jookide-riiul-kumblustunnile\/"]}]},{"@type":"ImageObject","inLanguage":"et","@id":"https:\/\/alekeskus.eu\/toode\/jookide-riiul-kumblustunnile\/#primaryimage","url":"https:\/\/alekeskus.eu\/wp-content\/uploads\/2021\/11\/1137jookide-riiul-k-mblust-nnile-0.jpg","contentUrl":"https:\/\/alekeskus.eu\/wp-content\/uploads\/2021\/11\/1137jookide-riiul-k-mblust-nnile-0.jpg","width":216,"height":216},{"@type":"BreadcrumbList","@id":"https:\/\/alekeskus.eu\/toode\/jookide-riiul-kumblustunnile\/#breadcrumb","itemListElement":[{"@type":"ListItem","position":1,"name":"Avaleht","item":"https:\/\/alekeskus.eu\/et\/"},{"@type":"ListItem","position":2,"name":"Pood","item":"https:\/\/alekeskus.eu\/pood\/"},{"@type":"ListItem","position":3,"name":"Jookide riiul k\u00fcmblust\u00fcnnile"}]},{"@type":"WebSite","@id":"https:\/\/alekeskus.eu\/#website","url":"https:\/\/alekeskus.eu\/","name":"Alekeskus","description":"Alekeskus.eu","potentialAction":[{"@type":"SearchAction","target":{"@type":"EntryPoint","urlTemplate":"https:\/\/alekeskus.eu\/?s={search_term_string}"},"query-input":{"@type":"PropertyValueSpecification","valueRequired":true,"valueName":"search_term_string"}}],"inLanguage":"et"}]}},"brands":[],"_links":{"self":[{"href":"https:\/\/alekeskus.eu\/et\/wp-json\/wp\/v2\/product\/71604","targetHints":{"allow":["GET"]}}],"collection":[{"href":"https:\/\/alekeskus.eu\/et\/wp-json\/wp\/v2\/product"}],"about":[{"href":"https:\/\/alekeskus.eu\/et\/wp-json\/wp\/v2\/types\/product"}],"wp:featuredmedia":[{"embeddable":true,"href":"https:\/\/alekeskus.eu\/et\/wp-json\/wp\/v2\/media\/71598"}],"wp:attachment":[{"href":"https:\/\/alekeskus.eu\/et\/wp-json\/wp\/v2\/media?parent=71604"}],"wp:term":[{"taxonomy":"pwb-brand","embeddable":true,"href":"https:\/\/alekeskus.eu\/et\/wp-json\/wp\/v2\/pwb-brand?post=71604"},{"taxonomy":"product_brand","embeddable":true,"href":"https:\/\/alekeskus.eu\/et\/wp-json\/wp\/v2\/product_brand?post=71604"},{"taxonomy":"product_cat","embeddable":true,"href":"https:\/\/alekeskus.eu\/et\/wp-json\/wp\/v2\/product_cat?post=71604"},{"taxonomy":"product_tag","embeddable":true,"href":"https:\/\/alekeskus.eu\/et\/wp-json\/wp\/v2\/product_tag?post=71604"}],"curies":[{"name":"wp","href":"https:\/\/api.w.org\/{rel}","templated":true}]}}