{"id":71620,"date":"2021-11-12T05:23:36","date_gmt":"2021-11-12T05:23:36","guid":{"rendered":"http:\/\/alekeskus.eu\/product\/plastist-kuppelkate-17m-175m-ja-20m-plastsisuga-tunnidele\/"},"modified":"2024-05-29T13:47:52","modified_gmt":"2024-05-29T13:47:52","slug":"plastist-kuppelkate-alekeskus","status":"publish","type":"product","link":"https:\/\/alekeskus.eu\/et\/toode\/plastist-kuppelkate-alekeskus\/","title":{"rendered":"Kuppelkate 8-nurksele ja 2,0 m k\u00fcmblust\u00fcnnile"},"content":{"rendered":"","protected":false},"excerpt":{"rendered":"<p>Plastist kuppelkate plastsisuga k\u00fcmblust\u00fcnnidele 8-nurkne(1,8m) ja 2,0m.<\/p>\n<p>Peab lumeraskusele paremini vastu kui PVC-kate.<\/p>\n","protected":false},"featured_media":71618,"template":"","meta":{"_monsterinsights_skip_tracking":false,"_monsterinsights_sitenote_active":false,"_monsterinsights_sitenote_note":"","_monsterinsights_sitenote_category":0},"pwb-brand":[],"product_brand":[],"product_cat":[13582,13536],"product_tag":[16108,16109],"class_list":{"0":"post-71620","1":"product","2":"type-product","3":"status-publish","4":"has-post-thumbnail","6":"product_cat-tarvikud-saun-ja-kumblus","7":"product_cat-saun-ja-kumblus","8":"product_tag-kuppelkate","9":"product_tag-kaan-kumblustunnile","10":"product_shipping_class-pakiautomaat","11":"pa_laoasukoht-viljandimaa","12":"pa_tellimisaeg-2-10-toopaeva","13":"pa_veame-eesti-ja-soome","15":"first","16":"instock","17":"taxable","18":"shipping-taxable","19":"purchasable","20":"product-type-simple"},"yoast_head":"<!-- This site is optimized with the Yoast SEO plugin v27.3 - https:\/\/yoast.com\/product\/yoast-seo-wordpress\/ -->\n<title>Kuppelkate 8-nurksele ja 2,0 m k\u00fcmblust\u00fcnnile - Alekeskus<\/title>\n<meta name=\"description\" content=\"kuppelkate k\u00fcmblust\u00fcnnidele\" \/>\n<meta name=\"robots\" content=\"index, follow, max-snippet:-1, max-image-preview:large, max-video-preview:-1\" \/>\n<link rel=\"canonical\" href=\"https:\/\/alekeskus.eu\/toode\/plastist-kuppelkate-alekeskus\/\" \/>\n<meta property=\"og:locale\" content=\"et_EE\" \/>\n<meta property=\"og:type\" content=\"article\" \/>\n<meta property=\"og:title\" content=\"Kuppelkate 8-nurksele ja 2,0 m k\u00fcmblust\u00fcnnile - Alekeskus\" \/>\n<meta property=\"og:description\" content=\"kuppelkate k\u00fcmblust\u00fcnnidele\" \/>\n<meta property=\"og:url\" content=\"https:\/\/alekeskus.eu\/toode\/plastist-kuppelkate-alekeskus\/\" \/>\n<meta property=\"og:site_name\" content=\"Alekeskus\" \/>\n<meta property=\"article:modified_time\" content=\"2024-05-29T13:47:52+00:00\" \/>\n<meta property=\"og:image\" content=\"https:\/\/alekeskus.eu\/wp-content\/uploads\/2021\/11\/1163plastist-kuppelkate-1-7m-1-75m-ja-2-0m-plastsisuga-t-nnidele-0.jpg\" \/>\n\t<meta property=\"og:image:width\" content=\"216\" \/>\n\t<meta property=\"og:image:height\" content=\"216\" \/>\n\t<meta property=\"og:image:type\" content=\"image\/jpeg\" \/>\n<meta name=\"twitter:card\" content=\"summary_large_image\" \/>\n<meta name=\"twitter:label1\" content=\"Est. reading time\" \/>\n\t<meta name=\"twitter:data1\" content=\"1 minut\" \/>\n<script type=\"application\/ld+json\" class=\"yoast-schema-graph\">{\"@context\":\"https:\\\/\\\/schema.org\",\"@graph\":[{\"@type\":\"WebPage\",\"@id\":\"https:\\\/\\\/alekeskus.eu\\\/toode\\\/plastist-kuppelkate-alekeskus\\\/\",\"url\":\"https:\\\/\\\/alekeskus.eu\\\/toode\\\/plastist-kuppelkate-alekeskus\\\/\",\"name\":\"Kuppelkate 8-nurksele ja 2,0 m k\u00fcmblust\u00fcnnile - Alekeskus\",\"isPartOf\":{\"@id\":\"https:\\\/\\\/alekeskus.eu\\\/#website\"},\"primaryImageOfPage\":{\"@id\":\"https:\\\/\\\/alekeskus.eu\\\/toode\\\/plastist-kuppelkate-alekeskus\\\/#primaryimage\"},\"image\":{\"@id\":\"https:\\\/\\\/alekeskus.eu\\\/toode\\\/plastist-kuppelkate-alekeskus\\\/#primaryimage\"},\"thumbnailUrl\":\"https:\\\/\\\/alekeskus.eu\\\/wp-content\\\/uploads\\\/2021\\\/11\\\/1163plastist-kuppelkate-1-7m-1-75m-ja-2-0m-plastsisuga-t-nnidele-0.jpg\",\"datePublished\":\"2021-11-12T05:23:36+00:00\",\"dateModified\":\"2024-05-29T13:47:52+00:00\",\"description\":\"kuppelkate k\u00fcmblust\u00fcnnidele\",\"breadcrumb\":{\"@id\":\"https:\\\/\\\/alekeskus.eu\\\/toode\\\/plastist-kuppelkate-alekeskus\\\/#breadcrumb\"},\"inLanguage\":\"et\",\"potentialAction\":[{\"@type\":\"ReadAction\",\"target\":[\"https:\\\/\\\/alekeskus.eu\\\/toode\\\/plastist-kuppelkate-alekeskus\\\/\"]}]},{\"@type\":\"ImageObject\",\"inLanguage\":\"et\",\"@id\":\"https:\\\/\\\/alekeskus.eu\\\/toode\\\/plastist-kuppelkate-alekeskus\\\/#primaryimage\",\"url\":\"https:\\\/\\\/alekeskus.eu\\\/wp-content\\\/uploads\\\/2021\\\/11\\\/1163plastist-kuppelkate-1-7m-1-75m-ja-2-0m-plastsisuga-t-nnidele-0.jpg\",\"contentUrl\":\"https:\\\/\\\/alekeskus.eu\\\/wp-content\\\/uploads\\\/2021\\\/11\\\/1163plastist-kuppelkate-1-7m-1-75m-ja-2-0m-plastsisuga-t-nnidele-0.jpg\",\"width\":216,\"height\":216},{\"@type\":\"BreadcrumbList\",\"@id\":\"https:\\\/\\\/alekeskus.eu\\\/toode\\\/plastist-kuppelkate-alekeskus\\\/#breadcrumb\",\"itemListElement\":[{\"@type\":\"ListItem\",\"position\":1,\"name\":\"Avaleht\",\"item\":\"https:\\\/\\\/alekeskus.eu\\\/et\\\/\"},{\"@type\":\"ListItem\",\"position\":2,\"name\":\"Pood\",\"item\":\"https:\\\/\\\/alekeskus.eu\\\/pood\\\/\"},{\"@type\":\"ListItem\",\"position\":3,\"name\":\"Kuppelkate 8-nurksele ja 2,0 m k\u00fcmblust\u00fcnnile\"}]},{\"@type\":\"WebSite\",\"@id\":\"https:\\\/\\\/alekeskus.eu\\\/#website\",\"url\":\"https:\\\/\\\/alekeskus.eu\\\/\",\"name\":\"Alekeskus\",\"description\":\"Alekeskus.eu\",\"potentialAction\":[{\"@type\":\"SearchAction\",\"target\":{\"@type\":\"EntryPoint\",\"urlTemplate\":\"https:\\\/\\\/alekeskus.eu\\\/?s={search_term_string}\"},\"query-input\":{\"@type\":\"PropertyValueSpecification\",\"valueRequired\":true,\"valueName\":\"search_term_string\"}}],\"inLanguage\":\"et\"}]}<\/script>\n<!-- \/ Yoast SEO plugin. -->","yoast_head_json":{"title":"Kuppelkate 8-nurksele ja 2,0 m k\u00fcmblust\u00fcnnile - Alekeskus","description":"kuppelkate k\u00fcmblust\u00fcnnidele","robots":{"index":"index","follow":"follow","max-snippet":"max-snippet:-1","max-image-preview":"max-image-preview:large","max-video-preview":"max-video-preview:-1"},"canonical":"https:\/\/alekeskus.eu\/toode\/plastist-kuppelkate-alekeskus\/","og_locale":"et_EE","og_type":"article","og_title":"Kuppelkate 8-nurksele ja 2,0 m k\u00fcmblust\u00fcnnile - Alekeskus","og_description":"kuppelkate k\u00fcmblust\u00fcnnidele","og_url":"https:\/\/alekeskus.eu\/toode\/plastist-kuppelkate-alekeskus\/","og_site_name":"Alekeskus","article_modified_time":"2024-05-29T13:47:52+00:00","og_image":[{"width":216,"height":216,"url":"https:\/\/alekeskus.eu\/wp-content\/uploads\/2021\/11\/1163plastist-kuppelkate-1-7m-1-75m-ja-2-0m-plastsisuga-t-nnidele-0.jpg","type":"image\/jpeg"}],"twitter_card":"summary_large_image","twitter_misc":{"Est. reading time":"1 minut"},"schema":{"@context":"https:\/\/schema.org","@graph":[{"@type":"WebPage","@id":"https:\/\/alekeskus.eu\/toode\/plastist-kuppelkate-alekeskus\/","url":"https:\/\/alekeskus.eu\/toode\/plastist-kuppelkate-alekeskus\/","name":"Kuppelkate 8-nurksele ja 2,0 m k\u00fcmblust\u00fcnnile - Alekeskus","isPartOf":{"@id":"https:\/\/alekeskus.eu\/#website"},"primaryImageOfPage":{"@id":"https:\/\/alekeskus.eu\/toode\/plastist-kuppelkate-alekeskus\/#primaryimage"},"image":{"@id":"https:\/\/alekeskus.eu\/toode\/plastist-kuppelkate-alekeskus\/#primaryimage"},"thumbnailUrl":"https:\/\/alekeskus.eu\/wp-content\/uploads\/2021\/11\/1163plastist-kuppelkate-1-7m-1-75m-ja-2-0m-plastsisuga-t-nnidele-0.jpg","datePublished":"2021-11-12T05:23:36+00:00","dateModified":"2024-05-29T13:47:52+00:00","description":"kuppelkate k\u00fcmblust\u00fcnnidele","breadcrumb":{"@id":"https:\/\/alekeskus.eu\/toode\/plastist-kuppelkate-alekeskus\/#breadcrumb"},"inLanguage":"et","potentialAction":[{"@type":"ReadAction","target":["https:\/\/alekeskus.eu\/toode\/plastist-kuppelkate-alekeskus\/"]}]},{"@type":"ImageObject","inLanguage":"et","@id":"https:\/\/alekeskus.eu\/toode\/plastist-kuppelkate-alekeskus\/#primaryimage","url":"https:\/\/alekeskus.eu\/wp-content\/uploads\/2021\/11\/1163plastist-kuppelkate-1-7m-1-75m-ja-2-0m-plastsisuga-t-nnidele-0.jpg","contentUrl":"https:\/\/alekeskus.eu\/wp-content\/uploads\/2021\/11\/1163plastist-kuppelkate-1-7m-1-75m-ja-2-0m-plastsisuga-t-nnidele-0.jpg","width":216,"height":216},{"@type":"BreadcrumbList","@id":"https:\/\/alekeskus.eu\/toode\/plastist-kuppelkate-alekeskus\/#breadcrumb","itemListElement":[{"@type":"ListItem","position":1,"name":"Avaleht","item":"https:\/\/alekeskus.eu\/et\/"},{"@type":"ListItem","position":2,"name":"Pood","item":"https:\/\/alekeskus.eu\/pood\/"},{"@type":"ListItem","position":3,"name":"Kuppelkate 8-nurksele ja 2,0 m k\u00fcmblust\u00fcnnile"}]},{"@type":"WebSite","@id":"https:\/\/alekeskus.eu\/#website","url":"https:\/\/alekeskus.eu\/","name":"Alekeskus","description":"Alekeskus.eu","potentialAction":[{"@type":"SearchAction","target":{"@type":"EntryPoint","urlTemplate":"https:\/\/alekeskus.eu\/?s={search_term_string}"},"query-input":{"@type":"PropertyValueSpecification","valueRequired":true,"valueName":"search_term_string"}}],"inLanguage":"et"}]}},"brands":[],"_links":{"self":[{"href":"https:\/\/alekeskus.eu\/et\/wp-json\/wp\/v2\/product\/71620","targetHints":{"allow":["GET"]}}],"collection":[{"href":"https:\/\/alekeskus.eu\/et\/wp-json\/wp\/v2\/product"}],"about":[{"href":"https:\/\/alekeskus.eu\/et\/wp-json\/wp\/v2\/types\/product"}],"wp:featuredmedia":[{"embeddable":true,"href":"https:\/\/alekeskus.eu\/et\/wp-json\/wp\/v2\/media\/71618"}],"wp:attachment":[{"href":"https:\/\/alekeskus.eu\/et\/wp-json\/wp\/v2\/media?parent=71620"}],"wp:term":[{"taxonomy":"pwb-brand","embeddable":true,"href":"https:\/\/alekeskus.eu\/et\/wp-json\/wp\/v2\/pwb-brand?post=71620"},{"taxonomy":"product_brand","embeddable":true,"href":"https:\/\/alekeskus.eu\/et\/wp-json\/wp\/v2\/product_brand?post=71620"},{"taxonomy":"product_cat","embeddable":true,"href":"https:\/\/alekeskus.eu\/et\/wp-json\/wp\/v2\/product_cat?post=71620"},{"taxonomy":"product_tag","embeddable":true,"href":"https:\/\/alekeskus.eu\/et\/wp-json\/wp\/v2\/product_tag?post=71620"}],"curies":[{"name":"wp","href":"https:\/\/api.w.org\/{rel}","templated":true}]}}