{"id":71632,"date":"2024-11-12T05:23:50","date_gmt":"2024-11-12T05:23:50","guid":{"rendered":"http:\/\/alekeskus.eu\/product\/suutepulgad-taislooduslikud-72tk\/"},"modified":"2025-10-03T13:17:37","modified_gmt":"2025-10-03T13:17:37","slug":"suutepulgad-taislooduslikud-alekeskus","status":"publish","type":"product","link":"https:\/\/alekeskus.eu\/et\/toode\/suutepulgad-taislooduslikud-alekeskus\/","title":{"rendered":"S\u00fc\u00fctepulgad t\u00e4islooduslikud 70 tk"},"content":{"rendered":"","protected":false},"excerpt":{"rendered":"<p>Pakend sisaldab u 70(kaal 1 kg) vahaga immutatud puutohust s\u00fc\u00fctepulka.<\/p>\n<p><strong>1 pulga p\u00f5lemisaeg u 8 min. S\u00fc\u00fctab ka niisked puud.<\/strong><\/p>\n<p>Eesti toode.<\/p>\n<p>Keegi \u00fctles tabavalt, et p\u00f5leb nagu raketik\u00fctus v\u00f5rreldes poodides m\u00fc\u00fcdavate vinduvate kuubikutega.<\/p>\n","protected":false},"featured_media":75246,"template":"","meta":{"_monsterinsights_skip_tracking":false,"_monsterinsights_sitenote_active":false,"_monsterinsights_sitenote_note":"","_monsterinsights_sitenote_category":0},"pwb-brand":[18577],"product_brand":[],"product_cat":[13568,13582,13536,13530,13542],"product_tag":[18284,16116,16117,16118,16121],"class_list":{"0":"post-71632","1":"product","2":"type-product","3":"status-publish","4":"has-post-thumbnail","6":"pwb-brand-eesti","7":"product_cat-grill-ja-tuli","8":"product_cat-tarvikud-saun-ja-kumblus","9":"product_cat-saun-ja-kumblus","10":"product_cat-aed-ja-kodu","11":"product_cat-kute","12":"product_tag-suutematerjal","13":"product_tag-suutehakatis","14":"product_tag-tulehakatis","15":"product_tag-suutepalad","16":"product_tag-sytytyspala","17":"product_shipping_class-pakiautomaat","18":"pa_kohaletoimetamine-5e-pakiautomaati-12e-kulleriga","19":"pa_laoasukoht-saadaval-paslepa-laos-5015483-alekeskus","20":"pa_pakendimoodud-35x30x5cm","21":"pa_tellimisaeg-2-10-toopaeva","22":"pa_veame-eesti-ja-soome","24":"first","25":"instock","26":"taxable","27":"shipping-taxable","28":"purchasable","29":"product-type-simple"},"yoast_head":"<!-- This site is optimized with the Yoast SEO plugin v27.3 - https:\/\/yoast.com\/product\/yoast-seo-wordpress\/ -->\n<title>S\u00fc\u00fctepulgad t\u00e4islooduslikud 70 tk - Alekeskus<\/title>\n<meta name=\"description\" content=\"Eestis toodetud s\u00fc\u00fctepulgad vahast ja tohust\" \/>\n<meta name=\"robots\" content=\"index, follow, max-snippet:-1, max-image-preview:large, max-video-preview:-1\" \/>\n<link rel=\"canonical\" href=\"https:\/\/alekeskus.eu\/toode\/suutepulgad-taislooduslikud-alekeskus\/\" \/>\n<meta property=\"og:locale\" content=\"et_EE\" \/>\n<meta property=\"og:type\" content=\"article\" \/>\n<meta property=\"og:title\" content=\"S\u00fc\u00fctepulgad t\u00e4islooduslikud 70 tk - Alekeskus\" \/>\n<meta property=\"og:description\" content=\"Eestis toodetud s\u00fc\u00fctepulgad vahast ja tohust\" \/>\n<meta property=\"og:url\" content=\"https:\/\/alekeskus.eu\/toode\/suutepulgad-taislooduslikud-alekeskus\/\" \/>\n<meta property=\"og:site_name\" content=\"Alekeskus\" \/>\n<meta property=\"article:modified_time\" content=\"2025-10-03T13:17:37+00:00\" \/>\n<meta property=\"og:image\" content=\"https:\/\/alekeskus.eu\/wp-content\/uploads\/2021\/11\/Suutepulgad-kastis-lahti.jpg\" \/>\n\t<meta property=\"og:image:width\" content=\"1094\" \/>\n\t<meta property=\"og:image:height\" content=\"820\" \/>\n\t<meta property=\"og:image:type\" content=\"image\/jpeg\" \/>\n<meta name=\"twitter:card\" content=\"summary_large_image\" \/>\n<meta name=\"twitter:label1\" content=\"Est. reading time\" \/>\n\t<meta name=\"twitter:data1\" content=\"1 minut\" \/>\n<script type=\"application\/ld+json\" class=\"yoast-schema-graph\">{\"@context\":\"https:\\\/\\\/schema.org\",\"@graph\":[{\"@type\":\"WebPage\",\"@id\":\"https:\\\/\\\/alekeskus.eu\\\/toode\\\/suutepulgad-taislooduslikud-alekeskus\\\/\",\"url\":\"https:\\\/\\\/alekeskus.eu\\\/toode\\\/suutepulgad-taislooduslikud-alekeskus\\\/\",\"name\":\"S\u00fc\u00fctepulgad t\u00e4islooduslikud 70 tk - Alekeskus\",\"isPartOf\":{\"@id\":\"https:\\\/\\\/alekeskus.eu\\\/#website\"},\"primaryImageOfPage\":{\"@id\":\"https:\\\/\\\/alekeskus.eu\\\/toode\\\/suutepulgad-taislooduslikud-alekeskus\\\/#primaryimage\"},\"image\":{\"@id\":\"https:\\\/\\\/alekeskus.eu\\\/toode\\\/suutepulgad-taislooduslikud-alekeskus\\\/#primaryimage\"},\"thumbnailUrl\":\"https:\\\/\\\/alekeskus.eu\\\/wp-content\\\/uploads\\\/2021\\\/11\\\/Suutepulgad-kastis-lahti.jpg\",\"datePublished\":\"2024-11-12T05:23:50+00:00\",\"dateModified\":\"2025-10-03T13:17:37+00:00\",\"description\":\"Eestis toodetud s\u00fc\u00fctepulgad vahast ja tohust\",\"breadcrumb\":{\"@id\":\"https:\\\/\\\/alekeskus.eu\\\/toode\\\/suutepulgad-taislooduslikud-alekeskus\\\/#breadcrumb\"},\"inLanguage\":\"et\",\"potentialAction\":[{\"@type\":\"ReadAction\",\"target\":[\"https:\\\/\\\/alekeskus.eu\\\/toode\\\/suutepulgad-taislooduslikud-alekeskus\\\/\"]}]},{\"@type\":\"ImageObject\",\"inLanguage\":\"et\",\"@id\":\"https:\\\/\\\/alekeskus.eu\\\/toode\\\/suutepulgad-taislooduslikud-alekeskus\\\/#primaryimage\",\"url\":\"https:\\\/\\\/alekeskus.eu\\\/wp-content\\\/uploads\\\/2021\\\/11\\\/Suutepulgad-kastis-lahti.jpg\",\"contentUrl\":\"https:\\\/\\\/alekeskus.eu\\\/wp-content\\\/uploads\\\/2021\\\/11\\\/Suutepulgad-kastis-lahti.jpg\",\"width\":1094,\"height\":820},{\"@type\":\"BreadcrumbList\",\"@id\":\"https:\\\/\\\/alekeskus.eu\\\/toode\\\/suutepulgad-taislooduslikud-alekeskus\\\/#breadcrumb\",\"itemListElement\":[{\"@type\":\"ListItem\",\"position\":1,\"name\":\"Avaleht\",\"item\":\"https:\\\/\\\/alekeskus.eu\\\/et\\\/\"},{\"@type\":\"ListItem\",\"position\":2,\"name\":\"Pood\",\"item\":\"https:\\\/\\\/alekeskus.eu\\\/pood\\\/\"},{\"@type\":\"ListItem\",\"position\":3,\"name\":\"S\u00fc\u00fctepulgad t\u00e4islooduslikud 70 tk\"}]},{\"@type\":\"WebSite\",\"@id\":\"https:\\\/\\\/alekeskus.eu\\\/#website\",\"url\":\"https:\\\/\\\/alekeskus.eu\\\/\",\"name\":\"Alekeskus\",\"description\":\"Alekeskus.eu\",\"potentialAction\":[{\"@type\":\"SearchAction\",\"target\":{\"@type\":\"EntryPoint\",\"urlTemplate\":\"https:\\\/\\\/alekeskus.eu\\\/?s={search_term_string}\"},\"query-input\":{\"@type\":\"PropertyValueSpecification\",\"valueRequired\":true,\"valueName\":\"search_term_string\"}}],\"inLanguage\":\"et\"}]}<\/script>\n<!-- \/ Yoast SEO plugin. -->","yoast_head_json":{"title":"S\u00fc\u00fctepulgad t\u00e4islooduslikud 70 tk - Alekeskus","description":"Eestis toodetud s\u00fc\u00fctepulgad vahast ja tohust","robots":{"index":"index","follow":"follow","max-snippet":"max-snippet:-1","max-image-preview":"max-image-preview:large","max-video-preview":"max-video-preview:-1"},"canonical":"https:\/\/alekeskus.eu\/toode\/suutepulgad-taislooduslikud-alekeskus\/","og_locale":"et_EE","og_type":"article","og_title":"S\u00fc\u00fctepulgad t\u00e4islooduslikud 70 tk - Alekeskus","og_description":"Eestis toodetud s\u00fc\u00fctepulgad vahast ja tohust","og_url":"https:\/\/alekeskus.eu\/toode\/suutepulgad-taislooduslikud-alekeskus\/","og_site_name":"Alekeskus","article_modified_time":"2025-10-03T13:17:37+00:00","og_image":[{"width":1094,"height":820,"url":"https:\/\/alekeskus.eu\/wp-content\/uploads\/2021\/11\/Suutepulgad-kastis-lahti.jpg","type":"image\/jpeg"}],"twitter_card":"summary_large_image","twitter_misc":{"Est. reading time":"1 minut"},"schema":{"@context":"https:\/\/schema.org","@graph":[{"@type":"WebPage","@id":"https:\/\/alekeskus.eu\/toode\/suutepulgad-taislooduslikud-alekeskus\/","url":"https:\/\/alekeskus.eu\/toode\/suutepulgad-taislooduslikud-alekeskus\/","name":"S\u00fc\u00fctepulgad t\u00e4islooduslikud 70 tk - Alekeskus","isPartOf":{"@id":"https:\/\/alekeskus.eu\/#website"},"primaryImageOfPage":{"@id":"https:\/\/alekeskus.eu\/toode\/suutepulgad-taislooduslikud-alekeskus\/#primaryimage"},"image":{"@id":"https:\/\/alekeskus.eu\/toode\/suutepulgad-taislooduslikud-alekeskus\/#primaryimage"},"thumbnailUrl":"https:\/\/alekeskus.eu\/wp-content\/uploads\/2021\/11\/Suutepulgad-kastis-lahti.jpg","datePublished":"2024-11-12T05:23:50+00:00","dateModified":"2025-10-03T13:17:37+00:00","description":"Eestis toodetud s\u00fc\u00fctepulgad vahast ja tohust","breadcrumb":{"@id":"https:\/\/alekeskus.eu\/toode\/suutepulgad-taislooduslikud-alekeskus\/#breadcrumb"},"inLanguage":"et","potentialAction":[{"@type":"ReadAction","target":["https:\/\/alekeskus.eu\/toode\/suutepulgad-taislooduslikud-alekeskus\/"]}]},{"@type":"ImageObject","inLanguage":"et","@id":"https:\/\/alekeskus.eu\/toode\/suutepulgad-taislooduslikud-alekeskus\/#primaryimage","url":"https:\/\/alekeskus.eu\/wp-content\/uploads\/2021\/11\/Suutepulgad-kastis-lahti.jpg","contentUrl":"https:\/\/alekeskus.eu\/wp-content\/uploads\/2021\/11\/Suutepulgad-kastis-lahti.jpg","width":1094,"height":820},{"@type":"BreadcrumbList","@id":"https:\/\/alekeskus.eu\/toode\/suutepulgad-taislooduslikud-alekeskus\/#breadcrumb","itemListElement":[{"@type":"ListItem","position":1,"name":"Avaleht","item":"https:\/\/alekeskus.eu\/et\/"},{"@type":"ListItem","position":2,"name":"Pood","item":"https:\/\/alekeskus.eu\/pood\/"},{"@type":"ListItem","position":3,"name":"S\u00fc\u00fctepulgad t\u00e4islooduslikud 70 tk"}]},{"@type":"WebSite","@id":"https:\/\/alekeskus.eu\/#website","url":"https:\/\/alekeskus.eu\/","name":"Alekeskus","description":"Alekeskus.eu","potentialAction":[{"@type":"SearchAction","target":{"@type":"EntryPoint","urlTemplate":"https:\/\/alekeskus.eu\/?s={search_term_string}"},"query-input":{"@type":"PropertyValueSpecification","valueRequired":true,"valueName":"search_term_string"}}],"inLanguage":"et"}]}},"brands":[{"id":18577,"name":"Eesti","slug":"eesti"}],"_links":{"self":[{"href":"https:\/\/alekeskus.eu\/et\/wp-json\/wp\/v2\/product\/71632","targetHints":{"allow":["GET"]}}],"collection":[{"href":"https:\/\/alekeskus.eu\/et\/wp-json\/wp\/v2\/product"}],"about":[{"href":"https:\/\/alekeskus.eu\/et\/wp-json\/wp\/v2\/types\/product"}],"wp:featuredmedia":[{"embeddable":true,"href":"https:\/\/alekeskus.eu\/et\/wp-json\/wp\/v2\/media\/75246"}],"wp:attachment":[{"href":"https:\/\/alekeskus.eu\/et\/wp-json\/wp\/v2\/media?parent=71632"}],"wp:term":[{"taxonomy":"pwb-brand","embeddable":true,"href":"https:\/\/alekeskus.eu\/et\/wp-json\/wp\/v2\/pwb-brand?post=71632"},{"taxonomy":"product_brand","embeddable":true,"href":"https:\/\/alekeskus.eu\/et\/wp-json\/wp\/v2\/product_brand?post=71632"},{"taxonomy":"product_cat","embeddable":true,"href":"https:\/\/alekeskus.eu\/et\/wp-json\/wp\/v2\/product_cat?post=71632"},{"taxonomy":"product_tag","embeddable":true,"href":"https:\/\/alekeskus.eu\/et\/wp-json\/wp\/v2\/product_tag?post=71632"}],"curies":[{"name":"wp","href":"https:\/\/api.w.org\/{rel}","templated":true}]}}