{"id":71728,"date":"2021-11-12T05:24:40","date_gmt":"2021-11-12T05:24:40","guid":{"rendered":"http:\/\/alekeskus.eu\/?post_type=product&#038;p=71728"},"modified":"2022-03-28T18:52:33","modified_gmt":"2022-03-28T18:52:33","slug":"aed-umbertoodeldud-plastjaatmelaudadest-laitses","status":"publish","type":"product","link":"https:\/\/alekeskus.eu\/et\/toode\/aed-umbertoodeldud-plastjaatmelaudadest-laitses\/","title":{"rendered":"Aed \u00fcmbert\u00f6\u00f6deldud plastj\u00e4\u00e4tmelaudadest Laitses"},"content":{"rendered":"","protected":false},"excerpt":{"rendered":"<p>Aia k\u00f5rgus 1,5m. Teraspostid sammuga 3m ja nende vahel 50x95mm plastprussid 20x95mm plastlaudade l\u00e4bivajumise toestamiseks.<\/p>\n<p><span style=\"text-decoration: underline\">Selle aia laudise tootmiseks t\u00f6\u00f6deldi \u00fcmber u 0,5 miljonit \u00e4ravisatud plastpakendit ja j\u00e4eti raiumata u 5 puud.<\/span><\/p>\n<p>Pea igavene ja hooldevaba aed isalt pojale.<\/p>\n","protected":false},"featured_media":71722,"template":"","meta":{"_monsterinsights_skip_tracking":false,"_monsterinsights_sitenote_active":false,"_monsterinsights_sitenote_note":"","_monsterinsights_sitenote_category":0},"pwb-brand":[],"product_brand":[],"product_cat":[13544],"product_tag":[14256,14257,16132],"class_list":{"0":"post-71728","1":"product","2":"type-product","3":"status-publish","4":"has-post-thumbnail","6":"product_cat-tehtud-tood","7":"product_tag-aed","8":"product_tag-piire","9":"product_tag-naidisaed","11":"first","12":"onbackorder","13":"virtual","14":"taxable","15":"purchasable","16":"product-type-simple"},"yoast_head":"<!-- This site is optimized with the Yoast SEO plugin v27.3 - https:\/\/yoast.com\/product\/yoast-seo-wordpress\/ -->\n<title>Aed \u00fcmbert\u00f6\u00f6deldud plastj\u00e4\u00e4tmelaudadest Laitses - Alekeskus<\/title>\n<meta name=\"robots\" content=\"index, follow, max-snippet:-1, max-image-preview:large, max-video-preview:-1\" \/>\n<link rel=\"canonical\" href=\"https:\/\/alekeskus.eu\/toode\/aed-umbertoodeldud-plastjaatmelaudadest-laitses\/\" \/>\n<meta property=\"og:locale\" content=\"et_EE\" \/>\n<meta property=\"og:type\" content=\"article\" \/>\n<meta property=\"og:title\" content=\"Aed \u00fcmbert\u00f6\u00f6deldud plastj\u00e4\u00e4tmelaudadest Laitses - Alekeskus\" \/>\n<meta property=\"og:description\" content=\"Aia k\u00f5rgus 1,5m. Teraspostid sammuga 3m ja nende vahel 50x95mm plastprussid 20x95mm plastlaudade l\u00e4bivajumise toestamiseks. Selle aia laudise tootmiseks t\u00f6\u00f6deldi \u00fcmber u 0,5 miljonit \u00e4ravisatud plastpakendit ja j\u00e4eti raiumata u 5 puud. Pea igavene ja hooldevaba aed isalt pojale.\" \/>\n<meta property=\"og:url\" content=\"https:\/\/alekeskus.eu\/toode\/aed-umbertoodeldud-plastjaatmelaudadest-laitses\/\" \/>\n<meta property=\"og:site_name\" content=\"Alekeskus\" \/>\n<meta property=\"article:modified_time\" content=\"2022-03-28T18:52:33+00:00\" \/>\n<meta property=\"og:image\" content=\"https:\/\/alekeskus.eu\/wp-content\/uploads\/2021\/11\/1254aed-mbert-deldud-plastj-tmelaudadest-laitses-0-scaled.jpg\" \/>\n\t<meta property=\"og:image:width\" content=\"1920\" \/>\n\t<meta property=\"og:image:height\" content=\"2560\" \/>\n\t<meta property=\"og:image:type\" content=\"image\/jpeg\" \/>\n<meta name=\"twitter:card\" content=\"summary_large_image\" \/>\n<script type=\"application\/ld+json\" class=\"yoast-schema-graph\">{\"@context\":\"https:\\\/\\\/schema.org\",\"@graph\":[{\"@type\":\"WebPage\",\"@id\":\"https:\\\/\\\/alekeskus.eu\\\/toode\\\/aed-umbertoodeldud-plastjaatmelaudadest-laitses\\\/\",\"url\":\"https:\\\/\\\/alekeskus.eu\\\/toode\\\/aed-umbertoodeldud-plastjaatmelaudadest-laitses\\\/\",\"name\":\"Aed \u00fcmbert\u00f6\u00f6deldud plastj\u00e4\u00e4tmelaudadest Laitses - Alekeskus\",\"isPartOf\":{\"@id\":\"https:\\\/\\\/alekeskus.eu\\\/#website\"},\"primaryImageOfPage\":{\"@id\":\"https:\\\/\\\/alekeskus.eu\\\/toode\\\/aed-umbertoodeldud-plastjaatmelaudadest-laitses\\\/#primaryimage\"},\"image\":{\"@id\":\"https:\\\/\\\/alekeskus.eu\\\/toode\\\/aed-umbertoodeldud-plastjaatmelaudadest-laitses\\\/#primaryimage\"},\"thumbnailUrl\":\"https:\\\/\\\/alekeskus.eu\\\/wp-content\\\/uploads\\\/2021\\\/11\\\/1254aed-mbert-deldud-plastj-tmelaudadest-laitses-0-scaled.jpg\",\"datePublished\":\"2021-11-12T05:24:40+00:00\",\"dateModified\":\"2022-03-28T18:52:33+00:00\",\"breadcrumb\":{\"@id\":\"https:\\\/\\\/alekeskus.eu\\\/toode\\\/aed-umbertoodeldud-plastjaatmelaudadest-laitses\\\/#breadcrumb\"},\"inLanguage\":\"et\",\"potentialAction\":[{\"@type\":\"ReadAction\",\"target\":[\"https:\\\/\\\/alekeskus.eu\\\/toode\\\/aed-umbertoodeldud-plastjaatmelaudadest-laitses\\\/\"]}]},{\"@type\":\"ImageObject\",\"inLanguage\":\"et\",\"@id\":\"https:\\\/\\\/alekeskus.eu\\\/toode\\\/aed-umbertoodeldud-plastjaatmelaudadest-laitses\\\/#primaryimage\",\"url\":\"https:\\\/\\\/alekeskus.eu\\\/wp-content\\\/uploads\\\/2021\\\/11\\\/1254aed-mbert-deldud-plastj-tmelaudadest-laitses-0-scaled.jpg\",\"contentUrl\":\"https:\\\/\\\/alekeskus.eu\\\/wp-content\\\/uploads\\\/2021\\\/11\\\/1254aed-mbert-deldud-plastj-tmelaudadest-laitses-0-scaled.jpg\",\"width\":1200,\"height\":1600},{\"@type\":\"BreadcrumbList\",\"@id\":\"https:\\\/\\\/alekeskus.eu\\\/toode\\\/aed-umbertoodeldud-plastjaatmelaudadest-laitses\\\/#breadcrumb\",\"itemListElement\":[{\"@type\":\"ListItem\",\"position\":1,\"name\":\"Avaleht\",\"item\":\"https:\\\/\\\/alekeskus.eu\\\/et\\\/\"},{\"@type\":\"ListItem\",\"position\":2,\"name\":\"Pood\",\"item\":\"https:\\\/\\\/alekeskus.eu\\\/pood\\\/\"},{\"@type\":\"ListItem\",\"position\":3,\"name\":\"Aed \u00fcmbert\u00f6\u00f6deldud plastj\u00e4\u00e4tmelaudadest Laitses\"}]},{\"@type\":\"WebSite\",\"@id\":\"https:\\\/\\\/alekeskus.eu\\\/#website\",\"url\":\"https:\\\/\\\/alekeskus.eu\\\/\",\"name\":\"Alekeskus\",\"description\":\"Alekeskus.eu\",\"potentialAction\":[{\"@type\":\"SearchAction\",\"target\":{\"@type\":\"EntryPoint\",\"urlTemplate\":\"https:\\\/\\\/alekeskus.eu\\\/?s={search_term_string}\"},\"query-input\":{\"@type\":\"PropertyValueSpecification\",\"valueRequired\":true,\"valueName\":\"search_term_string\"}}],\"inLanguage\":\"et\"}]}<\/script>\n<!-- \/ Yoast SEO plugin. -->","yoast_head_json":{"title":"Aed \u00fcmbert\u00f6\u00f6deldud plastj\u00e4\u00e4tmelaudadest Laitses - Alekeskus","robots":{"index":"index","follow":"follow","max-snippet":"max-snippet:-1","max-image-preview":"max-image-preview:large","max-video-preview":"max-video-preview:-1"},"canonical":"https:\/\/alekeskus.eu\/toode\/aed-umbertoodeldud-plastjaatmelaudadest-laitses\/","og_locale":"et_EE","og_type":"article","og_title":"Aed \u00fcmbert\u00f6\u00f6deldud plastj\u00e4\u00e4tmelaudadest Laitses - Alekeskus","og_description":"Aia k\u00f5rgus 1,5m. Teraspostid sammuga 3m ja nende vahel 50x95mm plastprussid 20x95mm plastlaudade l\u00e4bivajumise toestamiseks. Selle aia laudise tootmiseks t\u00f6\u00f6deldi \u00fcmber u 0,5 miljonit \u00e4ravisatud plastpakendit ja j\u00e4eti raiumata u 5 puud. Pea igavene ja hooldevaba aed isalt pojale.","og_url":"https:\/\/alekeskus.eu\/toode\/aed-umbertoodeldud-plastjaatmelaudadest-laitses\/","og_site_name":"Alekeskus","article_modified_time":"2022-03-28T18:52:33+00:00","og_image":[{"width":1920,"height":2560,"url":"https:\/\/alekeskus.eu\/wp-content\/uploads\/2021\/11\/1254aed-mbert-deldud-plastj-tmelaudadest-laitses-0-scaled.jpg","type":"image\/jpeg"}],"twitter_card":"summary_large_image","schema":{"@context":"https:\/\/schema.org","@graph":[{"@type":"WebPage","@id":"https:\/\/alekeskus.eu\/toode\/aed-umbertoodeldud-plastjaatmelaudadest-laitses\/","url":"https:\/\/alekeskus.eu\/toode\/aed-umbertoodeldud-plastjaatmelaudadest-laitses\/","name":"Aed \u00fcmbert\u00f6\u00f6deldud plastj\u00e4\u00e4tmelaudadest Laitses - Alekeskus","isPartOf":{"@id":"https:\/\/alekeskus.eu\/#website"},"primaryImageOfPage":{"@id":"https:\/\/alekeskus.eu\/toode\/aed-umbertoodeldud-plastjaatmelaudadest-laitses\/#primaryimage"},"image":{"@id":"https:\/\/alekeskus.eu\/toode\/aed-umbertoodeldud-plastjaatmelaudadest-laitses\/#primaryimage"},"thumbnailUrl":"https:\/\/alekeskus.eu\/wp-content\/uploads\/2021\/11\/1254aed-mbert-deldud-plastj-tmelaudadest-laitses-0-scaled.jpg","datePublished":"2021-11-12T05:24:40+00:00","dateModified":"2022-03-28T18:52:33+00:00","breadcrumb":{"@id":"https:\/\/alekeskus.eu\/toode\/aed-umbertoodeldud-plastjaatmelaudadest-laitses\/#breadcrumb"},"inLanguage":"et","potentialAction":[{"@type":"ReadAction","target":["https:\/\/alekeskus.eu\/toode\/aed-umbertoodeldud-plastjaatmelaudadest-laitses\/"]}]},{"@type":"ImageObject","inLanguage":"et","@id":"https:\/\/alekeskus.eu\/toode\/aed-umbertoodeldud-plastjaatmelaudadest-laitses\/#primaryimage","url":"https:\/\/alekeskus.eu\/wp-content\/uploads\/2021\/11\/1254aed-mbert-deldud-plastj-tmelaudadest-laitses-0-scaled.jpg","contentUrl":"https:\/\/alekeskus.eu\/wp-content\/uploads\/2021\/11\/1254aed-mbert-deldud-plastj-tmelaudadest-laitses-0-scaled.jpg","width":1200,"height":1600},{"@type":"BreadcrumbList","@id":"https:\/\/alekeskus.eu\/toode\/aed-umbertoodeldud-plastjaatmelaudadest-laitses\/#breadcrumb","itemListElement":[{"@type":"ListItem","position":1,"name":"Avaleht","item":"https:\/\/alekeskus.eu\/et\/"},{"@type":"ListItem","position":2,"name":"Pood","item":"https:\/\/alekeskus.eu\/pood\/"},{"@type":"ListItem","position":3,"name":"Aed \u00fcmbert\u00f6\u00f6deldud plastj\u00e4\u00e4tmelaudadest Laitses"}]},{"@type":"WebSite","@id":"https:\/\/alekeskus.eu\/#website","url":"https:\/\/alekeskus.eu\/","name":"Alekeskus","description":"Alekeskus.eu","potentialAction":[{"@type":"SearchAction","target":{"@type":"EntryPoint","urlTemplate":"https:\/\/alekeskus.eu\/?s={search_term_string}"},"query-input":{"@type":"PropertyValueSpecification","valueRequired":true,"valueName":"search_term_string"}}],"inLanguage":"et"}]}},"brands":[],"_links":{"self":[{"href":"https:\/\/alekeskus.eu\/et\/wp-json\/wp\/v2\/product\/71728","targetHints":{"allow":["GET"]}}],"collection":[{"href":"https:\/\/alekeskus.eu\/et\/wp-json\/wp\/v2\/product"}],"about":[{"href":"https:\/\/alekeskus.eu\/et\/wp-json\/wp\/v2\/types\/product"}],"wp:featuredmedia":[{"embeddable":true,"href":"https:\/\/alekeskus.eu\/et\/wp-json\/wp\/v2\/media\/71722"}],"wp:attachment":[{"href":"https:\/\/alekeskus.eu\/et\/wp-json\/wp\/v2\/media?parent=71728"}],"wp:term":[{"taxonomy":"pwb-brand","embeddable":true,"href":"https:\/\/alekeskus.eu\/et\/wp-json\/wp\/v2\/pwb-brand?post=71728"},{"taxonomy":"product_brand","embeddable":true,"href":"https:\/\/alekeskus.eu\/et\/wp-json\/wp\/v2\/product_brand?post=71728"},{"taxonomy":"product_cat","embeddable":true,"href":"https:\/\/alekeskus.eu\/et\/wp-json\/wp\/v2\/product_cat?post=71728"},{"taxonomy":"product_tag","embeddable":true,"href":"https:\/\/alekeskus.eu\/et\/wp-json\/wp\/v2\/product_tag?post=71728"}],"curies":[{"name":"wp","href":"https:\/\/api.w.org\/{rel}","templated":true}]}}