{"id":71838,"date":"2024-11-12T05:28:07","date_gmt":"2024-11-12T05:28:07","guid":{"rendered":"http:\/\/alekeskus.eu\/product\/pruss-craft-95x95x3000mm-umbertoodeldud-plastist\/"},"modified":"2026-02-10T20:22:55","modified_gmt":"2026-02-10T20:22:55","slug":"pruss-craft-95x95x3000mm-umbertoodeldud-plastist","status":"publish","type":"product","link":"https:\/\/alekeskus.eu\/et\/toode\/pruss-craft-95x95x3000mm-umbertoodeldud-plastist\/","title":{"rendered":"Pruss 95 x 95 x 3000 mm \u00fcmbert\u00f6\u00f6deldud plastj\u00e4\u00e4tmetest"},"content":{"rendered":"<p>Neular profiilid on toodetud toidut\u00f6\u00f6stusest p\u00e4rinevatest plastpakenditest. Orgaaniliste materjalide eemaldamiseks, t\u00f6\u00f6deldakse toorainet termiliselt. Peale t\u00f6\u00f6tlemist toimub, ektruudermeetodil, erinevate profiilide tootmine. Neulari materjal koosneb peamiselt k\u00f5rg- ja madaltihedast pol\u00fcet\u00fcleenist (HDPE, LPDE), pol\u00fcst\u00fcreenist (PP) ja pol\u00fcprop\u00fcleenist (PS).<\/p>\n","protected":false},"excerpt":{"rendered":"<ul>\n<li>hooldusvaba, lihtne paigaldada ja puhastada<\/li>\n<li>must v\u00f5i pruun, sile v\u00f5i puus\u00fc\u00fc pind<\/li>\n<li>puiduga sarnaselt t\u00f6\u00f6deldav<\/li>\n<li>garantii 15 aastat<\/li>\n<li>ilmastikukindel, UV-kindel<\/li>\n<li>ei ima vedelikke<\/li>\n<li>m\u00fcrgitu<\/li>\n<li>kaal 7,1 kg\/ jm<\/li>\n<li>ei aja pinde<\/li>\n<li>ei m\u00e4dane ega hallita<\/li>\n<li>hobustele h\u00fcgieeniline, sest bakterid ei levi<\/li>\n<li>Eesti toode<\/li>\n<li><span style=\"text-decoration: underline;\">toodetud toidupakendite plastikj\u00e4\u00e4tmetest j\u00e4ttes puud metsa kasvama<\/span><\/li>\n<\/ul>\n<p><span style=\"text-decoration: underline;\">Eripikkustel hinnalisa +15%.<\/span><\/p>\n","protected":false},"featured_media":97090,"template":"","meta":{"_monsterinsights_skip_tracking":false,"_monsterinsights_sitenote_active":false,"_monsterinsights_sitenote_note":"","_monsterinsights_sitenote_category":0},"pwb-brand":[],"product_brand":[],"product_cat":[13572,13574,13532,13546],"product_tag":[17236,14530,18887,14747,16161,16162,16168,16169,16170],"class_list":{"0":"post-71838","1":"product","2":"type-product","3":"status-publish","4":"has-post-thumbnail","6":"product_cat-aiapostid","7":"product_cat-karjaaed","8":"product_cat-postid-ja-aiad","9":"product_cat-umbertoodeldud-plastist-tooted-alekeskus","10":"product_tag-kierratysmuovi","11":"product_tag-craft","12":"product_tag-ehitusmaterjal-taaskaideldud-plastjaatmetest","13":"product_tag-ekologinen-rakennusmateriaali","14":"product_tag-pruss","15":"product_tag-kandur","16":"product_tag-tugi","17":"product_tag-ehitustoode","18":"product_tag-terrassitugi","19":"product_shipping_class-30-300kg","20":"pa_garantii-15-aastat","21":"pa_kaalkg-16171","22":"pa_kohaletoimetamine-veohind-mandri-eestis-alekeskus","23":"pa_laoasukoht-jarvamaa","24":"pa_tellimisaeg-2-10-toopaeva","25":"pa_valimus-sile-pind","26":"pa_valimus-puusuu-alekeskus","27":"pa_varv-pruun","28":"pa_varv-must","29":"pa_veame-eesti-ja-soome","31":"first","32":"instock","33":"taxable","34":"shipping-taxable","35":"purchasable","36":"product-type-variable","37":"has-default-attributes"},"yoast_head":"<!-- This site is optimized with the Yoast SEO plugin v27.3 - https:\/\/yoast.com\/product\/yoast-seo-wordpress\/ -->\n<title>Pruss 95 x 95 x 3000 mm \u00fcmbert\u00f6\u00f6deldud plastj\u00e4\u00e4tmetest - Alekeskus<\/title>\n<meta name=\"description\" content=\"\u00dcmbert\u00f6\u00f6deldud plastj\u00e4\u00e4tmetest ilmastikukindlad ehituslauad, mis on taaskasutatavad\" \/>\n<meta name=\"robots\" content=\"index, follow, max-snippet:-1, max-image-preview:large, max-video-preview:-1\" \/>\n<link rel=\"canonical\" href=\"https:\/\/alekeskus.eu\/et\/toode\/pruss-craft-95x95x3000mm-umbertoodeldud-plastist\/\" \/>\n<meta property=\"og:locale\" content=\"et_EE\" \/>\n<meta property=\"og:type\" content=\"article\" \/>\n<meta property=\"og:title\" content=\"Pruss 95 x 95 x 3000 mm \u00fcmbert\u00f6\u00f6deldud plastj\u00e4\u00e4tmetest - Alekeskus\" \/>\n<meta property=\"og:description\" content=\"\u00dcmbert\u00f6\u00f6deldud plastj\u00e4\u00e4tmetest ilmastikukindlad ehituslauad, mis on taaskasutatavad\" \/>\n<meta property=\"og:url\" content=\"https:\/\/alekeskus.eu\/et\/toode\/pruss-craft-95x95x3000mm-umbertoodeldud-plastist\/\" \/>\n<meta property=\"og:site_name\" content=\"Alekeskus\" \/>\n<meta property=\"article:modified_time\" content=\"2026-02-10T20:22:55+00:00\" \/>\n<meta property=\"og:image\" content=\"https:\/\/alekeskus.eu\/wp-content\/uploads\/2021\/11\/95x95mm-black-CRAFT-post.jpg\" \/>\n\t<meta property=\"og:image:width\" content=\"1600\" \/>\n\t<meta property=\"og:image:height\" content=\"1600\" \/>\n\t<meta property=\"og:image:type\" content=\"image\/jpeg\" \/>\n<meta name=\"twitter:card\" content=\"summary_large_image\" \/>\n<meta name=\"twitter:label1\" content=\"Est. reading time\" \/>\n\t<meta name=\"twitter:data1\" content=\"1 minut\" \/>\n<script type=\"application\/ld+json\" class=\"yoast-schema-graph\">{\"@context\":\"https:\\\/\\\/schema.org\",\"@graph\":[{\"@type\":\"WebPage\",\"@id\":\"https:\\\/\\\/alekeskus.eu\\\/et\\\/toode\\\/pruss-craft-95x95x3000mm-umbertoodeldud-plastist\\\/\",\"url\":\"https:\\\/\\\/alekeskus.eu\\\/et\\\/toode\\\/pruss-craft-95x95x3000mm-umbertoodeldud-plastist\\\/\",\"name\":\"Pruss 95 x 95 x 3000 mm \u00fcmbert\u00f6\u00f6deldud plastj\u00e4\u00e4tmetest - Alekeskus\",\"isPartOf\":{\"@id\":\"https:\\\/\\\/alekeskus.eu\\\/#website\"},\"primaryImageOfPage\":{\"@id\":\"https:\\\/\\\/alekeskus.eu\\\/et\\\/toode\\\/pruss-craft-95x95x3000mm-umbertoodeldud-plastist\\\/#primaryimage\"},\"image\":{\"@id\":\"https:\\\/\\\/alekeskus.eu\\\/et\\\/toode\\\/pruss-craft-95x95x3000mm-umbertoodeldud-plastist\\\/#primaryimage\"},\"thumbnailUrl\":\"https:\\\/\\\/alekeskus.eu\\\/wp-content\\\/uploads\\\/2021\\\/11\\\/95x95mm-black-CRAFT-post.jpg\",\"datePublished\":\"2024-11-12T05:28:07+00:00\",\"dateModified\":\"2026-02-10T20:22:55+00:00\",\"description\":\"\u00dcmbert\u00f6\u00f6deldud plastj\u00e4\u00e4tmetest ilmastikukindlad ehituslauad, mis on taaskasutatavad\",\"breadcrumb\":{\"@id\":\"https:\\\/\\\/alekeskus.eu\\\/et\\\/toode\\\/pruss-craft-95x95x3000mm-umbertoodeldud-plastist\\\/#breadcrumb\"},\"inLanguage\":\"et\",\"potentialAction\":[{\"@type\":\"ReadAction\",\"target\":[\"https:\\\/\\\/alekeskus.eu\\\/et\\\/toode\\\/pruss-craft-95x95x3000mm-umbertoodeldud-plastist\\\/\"]}]},{\"@type\":\"ImageObject\",\"inLanguage\":\"et\",\"@id\":\"https:\\\/\\\/alekeskus.eu\\\/et\\\/toode\\\/pruss-craft-95x95x3000mm-umbertoodeldud-plastist\\\/#primaryimage\",\"url\":\"https:\\\/\\\/alekeskus.eu\\\/wp-content\\\/uploads\\\/2021\\\/11\\\/95x95mm-black-CRAFT-post.jpg\",\"contentUrl\":\"https:\\\/\\\/alekeskus.eu\\\/wp-content\\\/uploads\\\/2021\\\/11\\\/95x95mm-black-CRAFT-post.jpg\",\"width\":1600,\"height\":1600},{\"@type\":\"BreadcrumbList\",\"@id\":\"https:\\\/\\\/alekeskus.eu\\\/et\\\/toode\\\/pruss-craft-95x95x3000mm-umbertoodeldud-plastist\\\/#breadcrumb\",\"itemListElement\":[{\"@type\":\"ListItem\",\"position\":1,\"name\":\"Avaleht\",\"item\":\"https:\\\/\\\/alekeskus.eu\\\/et\\\/\"},{\"@type\":\"ListItem\",\"position\":2,\"name\":\"Pood\",\"item\":\"https:\\\/\\\/alekeskus.eu\\\/pood\\\/\"},{\"@type\":\"ListItem\",\"position\":3,\"name\":\"Pruss 95 x 95 x 3000 mm \u00fcmbert\u00f6\u00f6deldud plastj\u00e4\u00e4tmetest\"}]},{\"@type\":\"WebSite\",\"@id\":\"https:\\\/\\\/alekeskus.eu\\\/#website\",\"url\":\"https:\\\/\\\/alekeskus.eu\\\/\",\"name\":\"Alekeskus\",\"description\":\"Alekeskus.eu\",\"potentialAction\":[{\"@type\":\"SearchAction\",\"target\":{\"@type\":\"EntryPoint\",\"urlTemplate\":\"https:\\\/\\\/alekeskus.eu\\\/?s={search_term_string}\"},\"query-input\":{\"@type\":\"PropertyValueSpecification\",\"valueRequired\":true,\"valueName\":\"search_term_string\"}}],\"inLanguage\":\"et\"}]}<\/script>\n<!-- \/ Yoast SEO plugin. -->","yoast_head_json":{"title":"Pruss 95 x 95 x 3000 mm \u00fcmbert\u00f6\u00f6deldud plastj\u00e4\u00e4tmetest - Alekeskus","description":"\u00dcmbert\u00f6\u00f6deldud plastj\u00e4\u00e4tmetest ilmastikukindlad ehituslauad, mis on taaskasutatavad","robots":{"index":"index","follow":"follow","max-snippet":"max-snippet:-1","max-image-preview":"max-image-preview:large","max-video-preview":"max-video-preview:-1"},"canonical":"https:\/\/alekeskus.eu\/et\/toode\/pruss-craft-95x95x3000mm-umbertoodeldud-plastist\/","og_locale":"et_EE","og_type":"article","og_title":"Pruss 95 x 95 x 3000 mm \u00fcmbert\u00f6\u00f6deldud plastj\u00e4\u00e4tmetest - Alekeskus","og_description":"\u00dcmbert\u00f6\u00f6deldud plastj\u00e4\u00e4tmetest ilmastikukindlad ehituslauad, mis on taaskasutatavad","og_url":"https:\/\/alekeskus.eu\/et\/toode\/pruss-craft-95x95x3000mm-umbertoodeldud-plastist\/","og_site_name":"Alekeskus","article_modified_time":"2026-02-10T20:22:55+00:00","og_image":[{"width":1600,"height":1600,"url":"https:\/\/alekeskus.eu\/wp-content\/uploads\/2021\/11\/95x95mm-black-CRAFT-post.jpg","type":"image\/jpeg"}],"twitter_card":"summary_large_image","twitter_misc":{"Est. reading time":"1 minut"},"schema":{"@context":"https:\/\/schema.org","@graph":[{"@type":"WebPage","@id":"https:\/\/alekeskus.eu\/et\/toode\/pruss-craft-95x95x3000mm-umbertoodeldud-plastist\/","url":"https:\/\/alekeskus.eu\/et\/toode\/pruss-craft-95x95x3000mm-umbertoodeldud-plastist\/","name":"Pruss 95 x 95 x 3000 mm \u00fcmbert\u00f6\u00f6deldud plastj\u00e4\u00e4tmetest - Alekeskus","isPartOf":{"@id":"https:\/\/alekeskus.eu\/#website"},"primaryImageOfPage":{"@id":"https:\/\/alekeskus.eu\/et\/toode\/pruss-craft-95x95x3000mm-umbertoodeldud-plastist\/#primaryimage"},"image":{"@id":"https:\/\/alekeskus.eu\/et\/toode\/pruss-craft-95x95x3000mm-umbertoodeldud-plastist\/#primaryimage"},"thumbnailUrl":"https:\/\/alekeskus.eu\/wp-content\/uploads\/2021\/11\/95x95mm-black-CRAFT-post.jpg","datePublished":"2024-11-12T05:28:07+00:00","dateModified":"2026-02-10T20:22:55+00:00","description":"\u00dcmbert\u00f6\u00f6deldud plastj\u00e4\u00e4tmetest ilmastikukindlad ehituslauad, mis on taaskasutatavad","breadcrumb":{"@id":"https:\/\/alekeskus.eu\/et\/toode\/pruss-craft-95x95x3000mm-umbertoodeldud-plastist\/#breadcrumb"},"inLanguage":"et","potentialAction":[{"@type":"ReadAction","target":["https:\/\/alekeskus.eu\/et\/toode\/pruss-craft-95x95x3000mm-umbertoodeldud-plastist\/"]}]},{"@type":"ImageObject","inLanguage":"et","@id":"https:\/\/alekeskus.eu\/et\/toode\/pruss-craft-95x95x3000mm-umbertoodeldud-plastist\/#primaryimage","url":"https:\/\/alekeskus.eu\/wp-content\/uploads\/2021\/11\/95x95mm-black-CRAFT-post.jpg","contentUrl":"https:\/\/alekeskus.eu\/wp-content\/uploads\/2021\/11\/95x95mm-black-CRAFT-post.jpg","width":1600,"height":1600},{"@type":"BreadcrumbList","@id":"https:\/\/alekeskus.eu\/et\/toode\/pruss-craft-95x95x3000mm-umbertoodeldud-plastist\/#breadcrumb","itemListElement":[{"@type":"ListItem","position":1,"name":"Avaleht","item":"https:\/\/alekeskus.eu\/et\/"},{"@type":"ListItem","position":2,"name":"Pood","item":"https:\/\/alekeskus.eu\/pood\/"},{"@type":"ListItem","position":3,"name":"Pruss 95 x 95 x 3000 mm \u00fcmbert\u00f6\u00f6deldud plastj\u00e4\u00e4tmetest"}]},{"@type":"WebSite","@id":"https:\/\/alekeskus.eu\/#website","url":"https:\/\/alekeskus.eu\/","name":"Alekeskus","description":"Alekeskus.eu","potentialAction":[{"@type":"SearchAction","target":{"@type":"EntryPoint","urlTemplate":"https:\/\/alekeskus.eu\/?s={search_term_string}"},"query-input":{"@type":"PropertyValueSpecification","valueRequired":true,"valueName":"search_term_string"}}],"inLanguage":"et"}]}},"brands":[],"_links":{"self":[{"href":"https:\/\/alekeskus.eu\/et\/wp-json\/wp\/v2\/product\/71838","targetHints":{"allow":["GET"]}}],"collection":[{"href":"https:\/\/alekeskus.eu\/et\/wp-json\/wp\/v2\/product"}],"about":[{"href":"https:\/\/alekeskus.eu\/et\/wp-json\/wp\/v2\/types\/product"}],"wp:featuredmedia":[{"embeddable":true,"href":"https:\/\/alekeskus.eu\/et\/wp-json\/wp\/v2\/media\/97090"}],"wp:attachment":[{"href":"https:\/\/alekeskus.eu\/et\/wp-json\/wp\/v2\/media?parent=71838"}],"wp:term":[{"taxonomy":"pwb-brand","embeddable":true,"href":"https:\/\/alekeskus.eu\/et\/wp-json\/wp\/v2\/pwb-brand?post=71838"},{"taxonomy":"product_brand","embeddable":true,"href":"https:\/\/alekeskus.eu\/et\/wp-json\/wp\/v2\/product_brand?post=71838"},{"taxonomy":"product_cat","embeddable":true,"href":"https:\/\/alekeskus.eu\/et\/wp-json\/wp\/v2\/product_cat?post=71838"},{"taxonomy":"product_tag","embeddable":true,"href":"https:\/\/alekeskus.eu\/et\/wp-json\/wp\/v2\/product_tag?post=71838"}],"curies":[{"name":"wp","href":"https:\/\/api.w.org\/{rel}","templated":true}]}}