{"id":71860,"date":"2025-11-12T05:28:43","date_gmt":"2025-11-12T05:28:43","guid":{"rendered":"http:\/\/alekeskus.eu\/product\/punnlaud-15x70x3000mm-umbertoodeldud-plastist\/"},"modified":"2026-01-02T18:38:59","modified_gmt":"2026-01-02T18:38:59","slug":"punnlaud-15x70x3000mm-umbertoodeldud-plastist-alekeskus","status":"publish","type":"product","link":"https:\/\/alekeskus.eu\/et\/toode\/punnlaud-15x70x3000mm-umbertoodeldud-plastist-alekeskus\/","title":{"rendered":"Punnlaud 15 x 70 x 3000 mm \u00fcmbert\u00f6\u00f6deldud plastj\u00e4\u00e4tmetest"},"content":{"rendered":"<p>Profiilid toodetakse toidut\u00f6\u00f6stusest p\u00e4rinevatest plastpakenditest. Orgaaniliste materjalide eemaldamiseks, t\u00f6\u00f6deldakse toorainet termiliselt. Profiilid toodetakse ekstruudermenetlusega. Materjal koosneb peamiselt k\u00f5rg- ja madaltihedast pol\u00fcet\u00fcleenist (HDPE, LPDE), pol\u00fcst\u00fcreenist (PP) ja pol\u00fcprop\u00fcleenist (PS).<\/p>\n","protected":false},"excerpt":{"rendered":"<ul>\n<li>hooldusvaba, lihtne paigaldada ja lihtne puhastada<\/li>\n<li>puiduga sarnaselt t\u00f6\u00f6deldav<\/li>\n<li><span style=\"text-decoration: underline;\">garantii 15 aastat<\/span><\/li>\n<li>ilmastiku- ja UV-kindel<\/li>\n<li>ei ima vedelikke<\/li>\n<li>m\u00fcrgitu<\/li>\n<li>ei vaja keemilist hooldust<\/li>\n<li>ei aja pinde<\/li>\n<li>ei m\u00e4dane ega hallita<\/li>\n<li><span style=\"text-decoration: underline;\">toodetud toidupakendite plastikj\u00e4\u00e4tmetest Eestis. 1m lauda seob 500 kilekotti\u00a0<\/span>ja puud j\u00e4\u00e4vad kasvama!<\/li>\n<li>4 v\u00e4rvi, sile v\u00f5i puus\u00fc\u00fcpind<\/li>\n<\/ul>\n","protected":false},"featured_media":95664,"template":"","meta":{"_monsterinsights_skip_tracking":false,"_monsterinsights_sitenote_active":false,"_monsterinsights_sitenote_note":"","_monsterinsights_sitenote_category":0},"pwb-brand":[18577],"product_brand":[],"product_cat":[13546],"product_tag":[16180,16181,16182,16183,16184,18487,14530,14747,15559],"class_list":{"0":"post-71860","1":"product","2":"type-product","3":"status-publish","4":"has-post-thumbnail","6":"pwb-brand-eesti","7":"product_cat-umbertoodeldud-plastist-tooted-alekeskus","8":"product_tag-punnlaud","9":"product_tag-tonggroove","10":"product_tag-plastvooder","11":"product_tag-maja-vooder","12":"product_tag-seinakate","13":"product_tag-kierratymuovi","14":"product_tag-craft","15":"product_tag-ekologinen-rakennusmateriaali","16":"product_tag-voodrilaud","17":"product_shipping_class-30-300kg","18":"pa_garantii-15-aastat","19":"pa_kohaletoimetamine-veohind-mandri-eestis-alekeskus","20":"pa_laoasukoht-jarvamaa","21":"pa_tellimisaeg-2-10-toopaeva","22":"pa_valimus-puusuu-alekeskus","23":"pa_valimus-sile-pind","24":"pa_varv-must","25":"pa_varv-roheline","26":"pa_varv-hall","27":"pa_varv-pruun","28":"pa_veame-eesti-ja-soome","30":"first","31":"instock","32":"taxable","33":"shipping-taxable","34":"purchasable","35":"product-type-variable"},"yoast_head":"<!-- This site is optimized with the Yoast SEO plugin v27.3 - https:\/\/yoast.com\/product\/yoast-seo-wordpress\/ -->\n<title>Punnlaud 15 x 70 x 3000 mm \u00fcmbert\u00f6\u00f6deldud plastj\u00e4\u00e4tmetest - Alekeskus<\/title>\n<meta name=\"description\" content=\"Taaskasutatud plastj\u00e4\u00e4tmetest punnlauad\" \/>\n<meta name=\"robots\" content=\"index, follow, max-snippet:-1, max-image-preview:large, max-video-preview:-1\" \/>\n<link rel=\"canonical\" href=\"https:\/\/alekeskus.eu\/toode\/punnlaud-15x70x3000mm-umbertoodeldud-plastist-alekeskus\/\" \/>\n<meta property=\"og:locale\" content=\"et_EE\" \/>\n<meta property=\"og:type\" content=\"article\" \/>\n<meta property=\"og:title\" content=\"Punnlaud 15 x 70 x 3000 mm \u00fcmbert\u00f6\u00f6deldud plastj\u00e4\u00e4tmetest - Alekeskus\" \/>\n<meta property=\"og:description\" content=\"Taaskasutatud plastj\u00e4\u00e4tmetest punnlauad\" \/>\n<meta property=\"og:url\" content=\"https:\/\/alekeskus.eu\/toode\/punnlaud-15x70x3000mm-umbertoodeldud-plastist-alekeskus\/\" \/>\n<meta property=\"og:site_name\" content=\"Alekeskus\" \/>\n<meta property=\"article:modified_time\" content=\"2026-01-02T18:38:59+00:00\" \/>\n<meta property=\"og:image\" content=\"https:\/\/alekeskus.eu\/wp-content\/uploads\/2023\/11\/15x70mm-black-CRAFT-TG.jpg\" \/>\n\t<meta property=\"og:image:width\" content=\"1600\" \/>\n\t<meta property=\"og:image:height\" content=\"1600\" \/>\n\t<meta property=\"og:image:type\" content=\"image\/jpeg\" \/>\n<meta name=\"twitter:card\" content=\"summary_large_image\" \/>\n<meta name=\"twitter:label1\" content=\"Est. reading time\" \/>\n\t<meta name=\"twitter:data1\" content=\"1 minut\" \/>\n<script type=\"application\/ld+json\" class=\"yoast-schema-graph\">{\"@context\":\"https:\\\/\\\/schema.org\",\"@graph\":[{\"@type\":\"WebPage\",\"@id\":\"https:\\\/\\\/alekeskus.eu\\\/toode\\\/punnlaud-15x70x3000mm-umbertoodeldud-plastist-alekeskus\\\/\",\"url\":\"https:\\\/\\\/alekeskus.eu\\\/toode\\\/punnlaud-15x70x3000mm-umbertoodeldud-plastist-alekeskus\\\/\",\"name\":\"Punnlaud 15 x 70 x 3000 mm \u00fcmbert\u00f6\u00f6deldud plastj\u00e4\u00e4tmetest - Alekeskus\",\"isPartOf\":{\"@id\":\"https:\\\/\\\/alekeskus.eu\\\/#website\"},\"primaryImageOfPage\":{\"@id\":\"https:\\\/\\\/alekeskus.eu\\\/toode\\\/punnlaud-15x70x3000mm-umbertoodeldud-plastist-alekeskus\\\/#primaryimage\"},\"image\":{\"@id\":\"https:\\\/\\\/alekeskus.eu\\\/toode\\\/punnlaud-15x70x3000mm-umbertoodeldud-plastist-alekeskus\\\/#primaryimage\"},\"thumbnailUrl\":\"https:\\\/\\\/alekeskus.eu\\\/wp-content\\\/uploads\\\/2023\\\/11\\\/15x70mm-black-CRAFT-TG.jpg\",\"datePublished\":\"2025-11-12T05:28:43+00:00\",\"dateModified\":\"2026-01-02T18:38:59+00:00\",\"description\":\"Taaskasutatud plastj\u00e4\u00e4tmetest punnlauad\",\"breadcrumb\":{\"@id\":\"https:\\\/\\\/alekeskus.eu\\\/toode\\\/punnlaud-15x70x3000mm-umbertoodeldud-plastist-alekeskus\\\/#breadcrumb\"},\"inLanguage\":\"et\",\"potentialAction\":[{\"@type\":\"ReadAction\",\"target\":[\"https:\\\/\\\/alekeskus.eu\\\/toode\\\/punnlaud-15x70x3000mm-umbertoodeldud-plastist-alekeskus\\\/\"]}]},{\"@type\":\"ImageObject\",\"inLanguage\":\"et\",\"@id\":\"https:\\\/\\\/alekeskus.eu\\\/toode\\\/punnlaud-15x70x3000mm-umbertoodeldud-plastist-alekeskus\\\/#primaryimage\",\"url\":\"https:\\\/\\\/alekeskus.eu\\\/wp-content\\\/uploads\\\/2023\\\/11\\\/15x70mm-black-CRAFT-TG.jpg\",\"contentUrl\":\"https:\\\/\\\/alekeskus.eu\\\/wp-content\\\/uploads\\\/2023\\\/11\\\/15x70mm-black-CRAFT-TG.jpg\",\"width\":1600,\"height\":1600},{\"@type\":\"BreadcrumbList\",\"@id\":\"https:\\\/\\\/alekeskus.eu\\\/toode\\\/punnlaud-15x70x3000mm-umbertoodeldud-plastist-alekeskus\\\/#breadcrumb\",\"itemListElement\":[{\"@type\":\"ListItem\",\"position\":1,\"name\":\"Avaleht\",\"item\":\"https:\\\/\\\/alekeskus.eu\\\/et\\\/\"},{\"@type\":\"ListItem\",\"position\":2,\"name\":\"Pood\",\"item\":\"https:\\\/\\\/alekeskus.eu\\\/pood\\\/\"},{\"@type\":\"ListItem\",\"position\":3,\"name\":\"Punnlaud 15 x 70 x 3000 mm \u00fcmbert\u00f6\u00f6deldud plastj\u00e4\u00e4tmetest\"}]},{\"@type\":\"WebSite\",\"@id\":\"https:\\\/\\\/alekeskus.eu\\\/#website\",\"url\":\"https:\\\/\\\/alekeskus.eu\\\/\",\"name\":\"Alekeskus\",\"description\":\"Alekeskus.eu\",\"potentialAction\":[{\"@type\":\"SearchAction\",\"target\":{\"@type\":\"EntryPoint\",\"urlTemplate\":\"https:\\\/\\\/alekeskus.eu\\\/?s={search_term_string}\"},\"query-input\":{\"@type\":\"PropertyValueSpecification\",\"valueRequired\":true,\"valueName\":\"search_term_string\"}}],\"inLanguage\":\"et\"}]}<\/script>\n<!-- \/ Yoast SEO plugin. -->","yoast_head_json":{"title":"Punnlaud 15 x 70 x 3000 mm \u00fcmbert\u00f6\u00f6deldud plastj\u00e4\u00e4tmetest - Alekeskus","description":"Taaskasutatud plastj\u00e4\u00e4tmetest punnlauad","robots":{"index":"index","follow":"follow","max-snippet":"max-snippet:-1","max-image-preview":"max-image-preview:large","max-video-preview":"max-video-preview:-1"},"canonical":"https:\/\/alekeskus.eu\/toode\/punnlaud-15x70x3000mm-umbertoodeldud-plastist-alekeskus\/","og_locale":"et_EE","og_type":"article","og_title":"Punnlaud 15 x 70 x 3000 mm \u00fcmbert\u00f6\u00f6deldud plastj\u00e4\u00e4tmetest - Alekeskus","og_description":"Taaskasutatud plastj\u00e4\u00e4tmetest punnlauad","og_url":"https:\/\/alekeskus.eu\/toode\/punnlaud-15x70x3000mm-umbertoodeldud-plastist-alekeskus\/","og_site_name":"Alekeskus","article_modified_time":"2026-01-02T18:38:59+00:00","og_image":[{"width":1600,"height":1600,"url":"https:\/\/alekeskus.eu\/wp-content\/uploads\/2023\/11\/15x70mm-black-CRAFT-TG.jpg","type":"image\/jpeg"}],"twitter_card":"summary_large_image","twitter_misc":{"Est. reading time":"1 minut"},"schema":{"@context":"https:\/\/schema.org","@graph":[{"@type":"WebPage","@id":"https:\/\/alekeskus.eu\/toode\/punnlaud-15x70x3000mm-umbertoodeldud-plastist-alekeskus\/","url":"https:\/\/alekeskus.eu\/toode\/punnlaud-15x70x3000mm-umbertoodeldud-plastist-alekeskus\/","name":"Punnlaud 15 x 70 x 3000 mm \u00fcmbert\u00f6\u00f6deldud plastj\u00e4\u00e4tmetest - Alekeskus","isPartOf":{"@id":"https:\/\/alekeskus.eu\/#website"},"primaryImageOfPage":{"@id":"https:\/\/alekeskus.eu\/toode\/punnlaud-15x70x3000mm-umbertoodeldud-plastist-alekeskus\/#primaryimage"},"image":{"@id":"https:\/\/alekeskus.eu\/toode\/punnlaud-15x70x3000mm-umbertoodeldud-plastist-alekeskus\/#primaryimage"},"thumbnailUrl":"https:\/\/alekeskus.eu\/wp-content\/uploads\/2023\/11\/15x70mm-black-CRAFT-TG.jpg","datePublished":"2025-11-12T05:28:43+00:00","dateModified":"2026-01-02T18:38:59+00:00","description":"Taaskasutatud plastj\u00e4\u00e4tmetest punnlauad","breadcrumb":{"@id":"https:\/\/alekeskus.eu\/toode\/punnlaud-15x70x3000mm-umbertoodeldud-plastist-alekeskus\/#breadcrumb"},"inLanguage":"et","potentialAction":[{"@type":"ReadAction","target":["https:\/\/alekeskus.eu\/toode\/punnlaud-15x70x3000mm-umbertoodeldud-plastist-alekeskus\/"]}]},{"@type":"ImageObject","inLanguage":"et","@id":"https:\/\/alekeskus.eu\/toode\/punnlaud-15x70x3000mm-umbertoodeldud-plastist-alekeskus\/#primaryimage","url":"https:\/\/alekeskus.eu\/wp-content\/uploads\/2023\/11\/15x70mm-black-CRAFT-TG.jpg","contentUrl":"https:\/\/alekeskus.eu\/wp-content\/uploads\/2023\/11\/15x70mm-black-CRAFT-TG.jpg","width":1600,"height":1600},{"@type":"BreadcrumbList","@id":"https:\/\/alekeskus.eu\/toode\/punnlaud-15x70x3000mm-umbertoodeldud-plastist-alekeskus\/#breadcrumb","itemListElement":[{"@type":"ListItem","position":1,"name":"Avaleht","item":"https:\/\/alekeskus.eu\/et\/"},{"@type":"ListItem","position":2,"name":"Pood","item":"https:\/\/alekeskus.eu\/pood\/"},{"@type":"ListItem","position":3,"name":"Punnlaud 15 x 70 x 3000 mm \u00fcmbert\u00f6\u00f6deldud plastj\u00e4\u00e4tmetest"}]},{"@type":"WebSite","@id":"https:\/\/alekeskus.eu\/#website","url":"https:\/\/alekeskus.eu\/","name":"Alekeskus","description":"Alekeskus.eu","potentialAction":[{"@type":"SearchAction","target":{"@type":"EntryPoint","urlTemplate":"https:\/\/alekeskus.eu\/?s={search_term_string}"},"query-input":{"@type":"PropertyValueSpecification","valueRequired":true,"valueName":"search_term_string"}}],"inLanguage":"et"}]}},"brands":[{"id":18577,"name":"Eesti","slug":"eesti"}],"_links":{"self":[{"href":"https:\/\/alekeskus.eu\/et\/wp-json\/wp\/v2\/product\/71860","targetHints":{"allow":["GET"]}}],"collection":[{"href":"https:\/\/alekeskus.eu\/et\/wp-json\/wp\/v2\/product"}],"about":[{"href":"https:\/\/alekeskus.eu\/et\/wp-json\/wp\/v2\/types\/product"}],"wp:featuredmedia":[{"embeddable":true,"href":"https:\/\/alekeskus.eu\/et\/wp-json\/wp\/v2\/media\/95664"}],"wp:attachment":[{"href":"https:\/\/alekeskus.eu\/et\/wp-json\/wp\/v2\/media?parent=71860"}],"wp:term":[{"taxonomy":"pwb-brand","embeddable":true,"href":"https:\/\/alekeskus.eu\/et\/wp-json\/wp\/v2\/pwb-brand?post=71860"},{"taxonomy":"product_brand","embeddable":true,"href":"https:\/\/alekeskus.eu\/et\/wp-json\/wp\/v2\/product_brand?post=71860"},{"taxonomy":"product_cat","embeddable":true,"href":"https:\/\/alekeskus.eu\/et\/wp-json\/wp\/v2\/product_cat?post=71860"},{"taxonomy":"product_tag","embeddable":true,"href":"https:\/\/alekeskus.eu\/et\/wp-json\/wp\/v2\/product_tag?post=71860"}],"curies":[{"name":"wp","href":"https:\/\/api.w.org\/{rel}","templated":true}]}}