{"id":71894,"date":"2022-11-12T05:29:14","date_gmt":"2022-11-12T05:29:14","guid":{"rendered":"http:\/\/alekeskus.eu\/product\/laud-20x70mm-umbertoodeldud-plastist\/"},"modified":"2026-01-02T20:19:29","modified_gmt":"2026-01-02T20:19:29","slug":"laud-20x70mm-umbertoodeldud-plastist","status":"publish","type":"product","link":"https:\/\/alekeskus.eu\/et\/toode\/laud-20x70mm-umbertoodeldud-plastist\/","title":{"rendered":"Laud 20 x 70 mm \u00fcmbert\u00f6\u00f6deldud plastj\u00e4\u00e4tmetest"},"content":{"rendered":"<p>Profiilid on toodetud toidut\u00f6\u00f6stusest p\u00e4rinevatest plastpakenditest ekstruudermenetlusel. Orgaaniliste materjalide eemaldamiseks t\u00f6\u00f6deldakse toorainet termiliselt. Materjal koosneb peamiselt k\u00f5rg- ja madaltihedast pol\u00fcet\u00fcleenist (HDPE, LPDE), pol\u00fcst\u00fcreenist (PP) ja pol\u00fcprop\u00fcleenist (PS).<\/p>\n","protected":false},"excerpt":{"rendered":"<ul>\n<li>lihtne paigaldada ja puhastada<\/li>\n<li>sarnaselt t\u00f6\u00f6deldav puiduga<\/li>\n<li><strong>t\u00e4isplast<\/strong>, ei \u00f5\u00f5nes kui komposiit<\/li>\n<li><span style=\"text-decoration: underline;\">garantii 15 aastat<\/span><\/li>\n<li>ilmastiku- ja UV-kindel<\/li>\n<li>ei ima, m\u00fcrgitu, ei ole libe ka m\u00e4rjana<\/li>\n<li>ei aja pinde, ei m\u00e4dane ega hallita<\/li>\n<li>hobustele ohutu ja h\u00fcgieeniline, kuna bakterid ei levi. Hobused ei n\u00e4ri plasti<\/li>\n<li><span style=\"text-decoration: underline;\">1m tegemiseks kasutati u 500 kilekotti. Eesti toode<\/span><\/li>\n<\/ul>\n<p>Hinnalisa eripikkustele +15%. 4 v\u00e4rvi. Sile v\u00f5i puus\u00fc\u00fc pind.<\/p>\n","protected":false},"featured_media":95710,"template":"","meta":{"_monsterinsights_skip_tracking":false,"_monsterinsights_sitenote_active":false,"_monsterinsights_sitenote_note":"","_monsterinsights_sitenote_category":0},"pwb-brand":[18577],"product_brand":[],"product_cat":[13546],"product_tag":[16191,16192,16193,17236,14747,16164,16176],"class_list":{"0":"post-71894","1":"product","2":"type-product","3":"status-publish","4":"has-post-thumbnail","6":"pwb-brand-eesti","7":"product_cat-umbertoodeldud-plastist-tooted-alekeskus","8":"product_tag-umbertoodeldud-plastjaatmed","9":"product_tag-keskkonnasobralik-ehitusmaterjal","10":"product_tag-plank","11":"product_tag-kierratysmuovi","12":"product_tag-ekologinen-rakennusmateriaali","13":"product_tag-neular","14":"product_tag-kierratettava-raakaaine","15":"product_shipping_class-30-300kg","16":"pa_garantii-15-aastat","17":"pa_kohaletoimetamine-veohind-mandri-eestis-alekeskus","18":"pa_laoasukoht-jarvamaa","19":"pa_pikkus-3600-mm","20":"pa_pikkus-3000-mm","21":"pa_tellimisaeg-2-10-toopaeva","22":"pa_valimus-puusuu-alekeskus","23":"pa_valimus-sile-pind","24":"pa_varv-roheline","25":"pa_varv-hall","26":"pa_varv-pruun","27":"pa_varv-must","28":"pa_veame-eesti-ja-soome","30":"first","31":"instock","32":"taxable","33":"shipping-taxable","34":"purchasable","35":"product-type-variable"},"yoast_head":"<!-- This site is optimized with the Yoast SEO plugin v27.3 - https:\/\/yoast.com\/product\/yoast-seo-wordpress\/ -->\n<title>Laud 20 x 70 mm \u00fcmbert\u00f6\u00f6deldud plastj\u00e4\u00e4tmetest - Alekeskus<\/title>\n<meta name=\"description\" content=\"\u00dcmbert\u00f6\u00f6deldud plastj\u00e4\u00e4tmetest ehituslauad\" \/>\n<meta name=\"robots\" content=\"index, follow, max-snippet:-1, max-image-preview:large, max-video-preview:-1\" \/>\n<link rel=\"canonical\" href=\"https:\/\/alekeskus.eu\/toode\/laud-20x70mm-umbertoodeldud-plastist\/\" \/>\n<meta property=\"og:locale\" content=\"et_EE\" \/>\n<meta property=\"og:type\" content=\"article\" \/>\n<meta property=\"og:title\" content=\"Laud 20 x 70 mm \u00fcmbert\u00f6\u00f6deldud plastj\u00e4\u00e4tmetest - Alekeskus\" \/>\n<meta property=\"og:description\" content=\"\u00dcmbert\u00f6\u00f6deldud plastj\u00e4\u00e4tmetest ehituslauad\" \/>\n<meta property=\"og:url\" content=\"https:\/\/alekeskus.eu\/toode\/laud-20x70mm-umbertoodeldud-plastist\/\" \/>\n<meta property=\"og:site_name\" content=\"Alekeskus\" \/>\n<meta property=\"article:modified_time\" content=\"2026-01-02T20:19:29+00:00\" \/>\n<meta property=\"og:image\" content=\"https:\/\/alekeskus.eu\/wp-content\/uploads\/2022\/11\/Plank.jpg\" \/>\n\t<meta property=\"og:image:width\" content=\"1101\" \/>\n\t<meta property=\"og:image:height\" content=\"1101\" \/>\n\t<meta property=\"og:image:type\" content=\"image\/jpeg\" \/>\n<meta name=\"twitter:card\" content=\"summary_large_image\" \/>\n<meta name=\"twitter:label1\" content=\"Est. reading time\" \/>\n\t<meta name=\"twitter:data1\" content=\"1 minut\" \/>\n<script type=\"application\/ld+json\" class=\"yoast-schema-graph\">{\"@context\":\"https:\\\/\\\/schema.org\",\"@graph\":[{\"@type\":\"WebPage\",\"@id\":\"https:\\\/\\\/alekeskus.eu\\\/toode\\\/laud-20x70mm-umbertoodeldud-plastist\\\/\",\"url\":\"https:\\\/\\\/alekeskus.eu\\\/toode\\\/laud-20x70mm-umbertoodeldud-plastist\\\/\",\"name\":\"Laud 20 x 70 mm \u00fcmbert\u00f6\u00f6deldud plastj\u00e4\u00e4tmetest - Alekeskus\",\"isPartOf\":{\"@id\":\"https:\\\/\\\/alekeskus.eu\\\/#website\"},\"primaryImageOfPage\":{\"@id\":\"https:\\\/\\\/alekeskus.eu\\\/toode\\\/laud-20x70mm-umbertoodeldud-plastist\\\/#primaryimage\"},\"image\":{\"@id\":\"https:\\\/\\\/alekeskus.eu\\\/toode\\\/laud-20x70mm-umbertoodeldud-plastist\\\/#primaryimage\"},\"thumbnailUrl\":\"https:\\\/\\\/alekeskus.eu\\\/wp-content\\\/uploads\\\/2022\\\/11\\\/Plank.jpg\",\"datePublished\":\"2022-11-12T05:29:14+00:00\",\"dateModified\":\"2026-01-02T20:19:29+00:00\",\"description\":\"\u00dcmbert\u00f6\u00f6deldud plastj\u00e4\u00e4tmetest ehituslauad\",\"breadcrumb\":{\"@id\":\"https:\\\/\\\/alekeskus.eu\\\/toode\\\/laud-20x70mm-umbertoodeldud-plastist\\\/#breadcrumb\"},\"inLanguage\":\"et\",\"potentialAction\":[{\"@type\":\"ReadAction\",\"target\":[\"https:\\\/\\\/alekeskus.eu\\\/toode\\\/laud-20x70mm-umbertoodeldud-plastist\\\/\"]}]},{\"@type\":\"ImageObject\",\"inLanguage\":\"et\",\"@id\":\"https:\\\/\\\/alekeskus.eu\\\/toode\\\/laud-20x70mm-umbertoodeldud-plastist\\\/#primaryimage\",\"url\":\"https:\\\/\\\/alekeskus.eu\\\/wp-content\\\/uploads\\\/2022\\\/11\\\/Plank.jpg\",\"contentUrl\":\"https:\\\/\\\/alekeskus.eu\\\/wp-content\\\/uploads\\\/2022\\\/11\\\/Plank.jpg\",\"width\":1101,\"height\":1101},{\"@type\":\"BreadcrumbList\",\"@id\":\"https:\\\/\\\/alekeskus.eu\\\/toode\\\/laud-20x70mm-umbertoodeldud-plastist\\\/#breadcrumb\",\"itemListElement\":[{\"@type\":\"ListItem\",\"position\":1,\"name\":\"Avaleht\",\"item\":\"https:\\\/\\\/alekeskus.eu\\\/et\\\/\"},{\"@type\":\"ListItem\",\"position\":2,\"name\":\"Pood\",\"item\":\"https:\\\/\\\/alekeskus.eu\\\/pood\\\/\"},{\"@type\":\"ListItem\",\"position\":3,\"name\":\"Laud 20 x 70 mm \u00fcmbert\u00f6\u00f6deldud plastj\u00e4\u00e4tmetest\"}]},{\"@type\":\"WebSite\",\"@id\":\"https:\\\/\\\/alekeskus.eu\\\/#website\",\"url\":\"https:\\\/\\\/alekeskus.eu\\\/\",\"name\":\"Alekeskus\",\"description\":\"Alekeskus.eu\",\"potentialAction\":[{\"@type\":\"SearchAction\",\"target\":{\"@type\":\"EntryPoint\",\"urlTemplate\":\"https:\\\/\\\/alekeskus.eu\\\/?s={search_term_string}\"},\"query-input\":{\"@type\":\"PropertyValueSpecification\",\"valueRequired\":true,\"valueName\":\"search_term_string\"}}],\"inLanguage\":\"et\"}]}<\/script>\n<!-- \/ Yoast SEO plugin. -->","yoast_head_json":{"title":"Laud 20 x 70 mm \u00fcmbert\u00f6\u00f6deldud plastj\u00e4\u00e4tmetest - Alekeskus","description":"\u00dcmbert\u00f6\u00f6deldud plastj\u00e4\u00e4tmetest ehituslauad","robots":{"index":"index","follow":"follow","max-snippet":"max-snippet:-1","max-image-preview":"max-image-preview:large","max-video-preview":"max-video-preview:-1"},"canonical":"https:\/\/alekeskus.eu\/toode\/laud-20x70mm-umbertoodeldud-plastist\/","og_locale":"et_EE","og_type":"article","og_title":"Laud 20 x 70 mm \u00fcmbert\u00f6\u00f6deldud plastj\u00e4\u00e4tmetest - Alekeskus","og_description":"\u00dcmbert\u00f6\u00f6deldud plastj\u00e4\u00e4tmetest ehituslauad","og_url":"https:\/\/alekeskus.eu\/toode\/laud-20x70mm-umbertoodeldud-plastist\/","og_site_name":"Alekeskus","article_modified_time":"2026-01-02T20:19:29+00:00","og_image":[{"width":1101,"height":1101,"url":"https:\/\/alekeskus.eu\/wp-content\/uploads\/2022\/11\/Plank.jpg","type":"image\/jpeg"}],"twitter_card":"summary_large_image","twitter_misc":{"Est. reading time":"1 minut"},"schema":{"@context":"https:\/\/schema.org","@graph":[{"@type":"WebPage","@id":"https:\/\/alekeskus.eu\/toode\/laud-20x70mm-umbertoodeldud-plastist\/","url":"https:\/\/alekeskus.eu\/toode\/laud-20x70mm-umbertoodeldud-plastist\/","name":"Laud 20 x 70 mm \u00fcmbert\u00f6\u00f6deldud plastj\u00e4\u00e4tmetest - Alekeskus","isPartOf":{"@id":"https:\/\/alekeskus.eu\/#website"},"primaryImageOfPage":{"@id":"https:\/\/alekeskus.eu\/toode\/laud-20x70mm-umbertoodeldud-plastist\/#primaryimage"},"image":{"@id":"https:\/\/alekeskus.eu\/toode\/laud-20x70mm-umbertoodeldud-plastist\/#primaryimage"},"thumbnailUrl":"https:\/\/alekeskus.eu\/wp-content\/uploads\/2022\/11\/Plank.jpg","datePublished":"2022-11-12T05:29:14+00:00","dateModified":"2026-01-02T20:19:29+00:00","description":"\u00dcmbert\u00f6\u00f6deldud plastj\u00e4\u00e4tmetest ehituslauad","breadcrumb":{"@id":"https:\/\/alekeskus.eu\/toode\/laud-20x70mm-umbertoodeldud-plastist\/#breadcrumb"},"inLanguage":"et","potentialAction":[{"@type":"ReadAction","target":["https:\/\/alekeskus.eu\/toode\/laud-20x70mm-umbertoodeldud-plastist\/"]}]},{"@type":"ImageObject","inLanguage":"et","@id":"https:\/\/alekeskus.eu\/toode\/laud-20x70mm-umbertoodeldud-plastist\/#primaryimage","url":"https:\/\/alekeskus.eu\/wp-content\/uploads\/2022\/11\/Plank.jpg","contentUrl":"https:\/\/alekeskus.eu\/wp-content\/uploads\/2022\/11\/Plank.jpg","width":1101,"height":1101},{"@type":"BreadcrumbList","@id":"https:\/\/alekeskus.eu\/toode\/laud-20x70mm-umbertoodeldud-plastist\/#breadcrumb","itemListElement":[{"@type":"ListItem","position":1,"name":"Avaleht","item":"https:\/\/alekeskus.eu\/et\/"},{"@type":"ListItem","position":2,"name":"Pood","item":"https:\/\/alekeskus.eu\/pood\/"},{"@type":"ListItem","position":3,"name":"Laud 20 x 70 mm \u00fcmbert\u00f6\u00f6deldud plastj\u00e4\u00e4tmetest"}]},{"@type":"WebSite","@id":"https:\/\/alekeskus.eu\/#website","url":"https:\/\/alekeskus.eu\/","name":"Alekeskus","description":"Alekeskus.eu","potentialAction":[{"@type":"SearchAction","target":{"@type":"EntryPoint","urlTemplate":"https:\/\/alekeskus.eu\/?s={search_term_string}"},"query-input":{"@type":"PropertyValueSpecification","valueRequired":true,"valueName":"search_term_string"}}],"inLanguage":"et"}]}},"brands":[{"id":18577,"name":"Eesti","slug":"eesti"}],"_links":{"self":[{"href":"https:\/\/alekeskus.eu\/et\/wp-json\/wp\/v2\/product\/71894","targetHints":{"allow":["GET"]}}],"collection":[{"href":"https:\/\/alekeskus.eu\/et\/wp-json\/wp\/v2\/product"}],"about":[{"href":"https:\/\/alekeskus.eu\/et\/wp-json\/wp\/v2\/types\/product"}],"wp:featuredmedia":[{"embeddable":true,"href":"https:\/\/alekeskus.eu\/et\/wp-json\/wp\/v2\/media\/95710"}],"wp:attachment":[{"href":"https:\/\/alekeskus.eu\/et\/wp-json\/wp\/v2\/media?parent=71894"}],"wp:term":[{"taxonomy":"pwb-brand","embeddable":true,"href":"https:\/\/alekeskus.eu\/et\/wp-json\/wp\/v2\/pwb-brand?post=71894"},{"taxonomy":"product_brand","embeddable":true,"href":"https:\/\/alekeskus.eu\/et\/wp-json\/wp\/v2\/product_brand?post=71894"},{"taxonomy":"product_cat","embeddable":true,"href":"https:\/\/alekeskus.eu\/et\/wp-json\/wp\/v2\/product_cat?post=71894"},{"taxonomy":"product_tag","embeddable":true,"href":"https:\/\/alekeskus.eu\/et\/wp-json\/wp\/v2\/product_tag?post=71894"}],"curies":[{"name":"wp","href":"https:\/\/api.w.org\/{rel}","templated":true}]}}