{"id":72212,"date":"2021-11-12T05:33:45","date_gmt":"2021-11-12T05:33:45","guid":{"rendered":"http:\/\/alekeskus.eu\/product\/lillekast-umbertoodeldud-plastist\/"},"modified":"2024-10-31T11:25:49","modified_gmt":"2024-10-31T11:25:49","slug":"lillekast-umbertoodeldud-plastjaatmetest-alekeskus","status":"publish","type":"product","link":"https:\/\/alekeskus.eu\/et\/toode\/lillekast-umbertoodeldud-plastjaatmetest-alekeskus\/","title":{"rendered":"Lillekast taaskasutatud plastj\u00e4\u00e4tmetest"},"content":{"rendered":"","protected":false},"excerpt":{"rendered":"<ul data-rte-list=\"default\">\n<li><span style=\"text-decoration: underline;\">hooldusvaba, \u00fclimalt vastupidav\u00a0ilmastikule ning UV kiirgusele<\/span><\/li>\n<li>veekindel, ei ima, ei aja pindusid<\/li>\n<li>ei hallita ega m\u00e4dane, m\u00fcrgitu<\/li>\n<li><span style=\"text-decoration: underline;\">toodetud Eestis 100% taaskasutatud plastist, selle lillekasti tootmiseks on kasutatud mitu tuhat \u00e4ravisatud plastpakendit.<\/span><\/li>\n<li>halli v\u00f5i pruuni v\u00e4rvi<\/li>\n<\/ul>\n<p>3 tavasuurust(v\u00f5ib k\u00fcsida ka muid m\u00f5\u00f5te):<\/p>\n<p>49 x 45 x h=45 cm<\/p>\n<p>49 x 48 x h=74 cm<\/p>\n<p>49 x 48 x h=102 cm<\/p>\n<p>(piltidel olevad lillekastid on muudes m\u00f5\u00f5tudes).<\/p>\n","protected":false},"featured_media":72198,"template":"","meta":{"_monsterinsights_skip_tracking":false,"_monsterinsights_sitenote_active":false,"_monsterinsights_sitenote_note":"","_monsterinsights_sitenote_category":0},"pwb-brand":[],"product_brand":[],"product_cat":[13566,13546,13530],"product_tag":[14668,16231,16232,17236,14141,14147],"class_list":{"0":"post-72212","1":"product","2":"type-product","3":"status-publish","4":"has-post-thumbnail","6":"product_cat-iluaiandus","7":"product_cat-umbertoodeldud-plastist-tooted-alekeskus","8":"product_cat-aed-ja-kodu","9":"product_tag-peenar","10":"product_tag-lillepott","11":"product_tag-lillekasvatus","12":"product_tag-kierratysmuovi","13":"product_tag-lillekast","14":"product_tag-kukkalaatikko","15":"product_shipping_class-30-300kg","16":"pa_kohaletoimetamine-veohind-mandri-eestis-alekeskus","17":"pa_laoasukoht-jarvamaa","18":"pa_moodud-alekeskus-49x48x74cm","19":"pa_moodud-alekeskus-49x48x102cm","20":"pa_moodud-alekeskus-49x45x45cm","21":"pa_tellimisaeg-tilausaika-alekeskus","22":"pa_veame-eesti-ja-soome","24":"first","25":"onbackorder","26":"taxable","27":"shipping-taxable","28":"purchasable","29":"product-type-variable"},"yoast_head":"<!-- This site is optimized with the Yoast SEO plugin v27.3 - https:\/\/yoast.com\/product\/yoast-seo-wordpress\/ -->\n<title>Lillekast taaskasutatud plastj\u00e4\u00e4tmetest - Alekeskus<\/title>\n<meta name=\"description\" content=\"Lillekast taaskasutatud plastj\u00e4\u00e4tmetest\" \/>\n<meta name=\"robots\" content=\"index, follow, max-snippet:-1, max-image-preview:large, max-video-preview:-1\" \/>\n<link rel=\"canonical\" href=\"https:\/\/alekeskus.eu\/toode\/lillekast-umbertoodeldud-plastjaatmetest-alekeskus\/\" \/>\n<meta property=\"og:locale\" content=\"et_EE\" \/>\n<meta property=\"og:type\" content=\"article\" \/>\n<meta property=\"og:title\" content=\"Lillekast taaskasutatud plastj\u00e4\u00e4tmetest - Alekeskus\" \/>\n<meta property=\"og:description\" content=\"Lillekast taaskasutatud plastj\u00e4\u00e4tmetest\" \/>\n<meta property=\"og:url\" content=\"https:\/\/alekeskus.eu\/toode\/lillekast-umbertoodeldud-plastjaatmetest-alekeskus\/\" \/>\n<meta property=\"og:site_name\" content=\"Alekeskus\" \/>\n<meta property=\"article:modified_time\" content=\"2024-10-31T11:25:49+00:00\" \/>\n<meta property=\"og:image\" content=\"https:\/\/alekeskus.eu\/wp-content\/uploads\/2021\/11\/1111lillekast-mbert-deldud-plastist-0.jpg\" \/>\n\t<meta property=\"og:image:width\" content=\"1024\" \/>\n\t<meta property=\"og:image:height\" content=\"768\" \/>\n\t<meta property=\"og:image:type\" content=\"image\/jpeg\" \/>\n<meta name=\"twitter:card\" content=\"summary_large_image\" \/>\n<meta name=\"twitter:label1\" content=\"Est. reading time\" \/>\n\t<meta name=\"twitter:data1\" content=\"1 minut\" \/>\n<script type=\"application\/ld+json\" class=\"yoast-schema-graph\">{\"@context\":\"https:\\\/\\\/schema.org\",\"@graph\":[{\"@type\":\"WebPage\",\"@id\":\"https:\\\/\\\/alekeskus.eu\\\/toode\\\/lillekast-umbertoodeldud-plastjaatmetest-alekeskus\\\/\",\"url\":\"https:\\\/\\\/alekeskus.eu\\\/toode\\\/lillekast-umbertoodeldud-plastjaatmetest-alekeskus\\\/\",\"name\":\"Lillekast taaskasutatud plastj\u00e4\u00e4tmetest - Alekeskus\",\"isPartOf\":{\"@id\":\"https:\\\/\\\/alekeskus.eu\\\/#website\"},\"primaryImageOfPage\":{\"@id\":\"https:\\\/\\\/alekeskus.eu\\\/toode\\\/lillekast-umbertoodeldud-plastjaatmetest-alekeskus\\\/#primaryimage\"},\"image\":{\"@id\":\"https:\\\/\\\/alekeskus.eu\\\/toode\\\/lillekast-umbertoodeldud-plastjaatmetest-alekeskus\\\/#primaryimage\"},\"thumbnailUrl\":\"https:\\\/\\\/alekeskus.eu\\\/wp-content\\\/uploads\\\/2021\\\/11\\\/1111lillekast-mbert-deldud-plastist-0.jpg\",\"datePublished\":\"2021-11-12T05:33:45+00:00\",\"dateModified\":\"2024-10-31T11:25:49+00:00\",\"description\":\"Lillekast taaskasutatud plastj\u00e4\u00e4tmetest\",\"breadcrumb\":{\"@id\":\"https:\\\/\\\/alekeskus.eu\\\/toode\\\/lillekast-umbertoodeldud-plastjaatmetest-alekeskus\\\/#breadcrumb\"},\"inLanguage\":\"et\",\"potentialAction\":[{\"@type\":\"ReadAction\",\"target\":[\"https:\\\/\\\/alekeskus.eu\\\/toode\\\/lillekast-umbertoodeldud-plastjaatmetest-alekeskus\\\/\"]}]},{\"@type\":\"ImageObject\",\"inLanguage\":\"et\",\"@id\":\"https:\\\/\\\/alekeskus.eu\\\/toode\\\/lillekast-umbertoodeldud-plastjaatmetest-alekeskus\\\/#primaryimage\",\"url\":\"https:\\\/\\\/alekeskus.eu\\\/wp-content\\\/uploads\\\/2021\\\/11\\\/1111lillekast-mbert-deldud-plastist-0.jpg\",\"contentUrl\":\"https:\\\/\\\/alekeskus.eu\\\/wp-content\\\/uploads\\\/2021\\\/11\\\/1111lillekast-mbert-deldud-plastist-0.jpg\",\"width\":1024,\"height\":768},{\"@type\":\"BreadcrumbList\",\"@id\":\"https:\\\/\\\/alekeskus.eu\\\/toode\\\/lillekast-umbertoodeldud-plastjaatmetest-alekeskus\\\/#breadcrumb\",\"itemListElement\":[{\"@type\":\"ListItem\",\"position\":1,\"name\":\"Avaleht\",\"item\":\"https:\\\/\\\/alekeskus.eu\\\/et\\\/\"},{\"@type\":\"ListItem\",\"position\":2,\"name\":\"Pood\",\"item\":\"https:\\\/\\\/alekeskus.eu\\\/pood\\\/\"},{\"@type\":\"ListItem\",\"position\":3,\"name\":\"Lillekast taaskasutatud plastj\u00e4\u00e4tmetest\"}]},{\"@type\":\"WebSite\",\"@id\":\"https:\\\/\\\/alekeskus.eu\\\/#website\",\"url\":\"https:\\\/\\\/alekeskus.eu\\\/\",\"name\":\"Alekeskus\",\"description\":\"Alekeskus.eu\",\"potentialAction\":[{\"@type\":\"SearchAction\",\"target\":{\"@type\":\"EntryPoint\",\"urlTemplate\":\"https:\\\/\\\/alekeskus.eu\\\/?s={search_term_string}\"},\"query-input\":{\"@type\":\"PropertyValueSpecification\",\"valueRequired\":true,\"valueName\":\"search_term_string\"}}],\"inLanguage\":\"et\"}]}<\/script>\n<!-- \/ Yoast SEO plugin. -->","yoast_head_json":{"title":"Lillekast taaskasutatud plastj\u00e4\u00e4tmetest - Alekeskus","description":"Lillekast taaskasutatud plastj\u00e4\u00e4tmetest","robots":{"index":"index","follow":"follow","max-snippet":"max-snippet:-1","max-image-preview":"max-image-preview:large","max-video-preview":"max-video-preview:-1"},"canonical":"https:\/\/alekeskus.eu\/toode\/lillekast-umbertoodeldud-plastjaatmetest-alekeskus\/","og_locale":"et_EE","og_type":"article","og_title":"Lillekast taaskasutatud plastj\u00e4\u00e4tmetest - Alekeskus","og_description":"Lillekast taaskasutatud plastj\u00e4\u00e4tmetest","og_url":"https:\/\/alekeskus.eu\/toode\/lillekast-umbertoodeldud-plastjaatmetest-alekeskus\/","og_site_name":"Alekeskus","article_modified_time":"2024-10-31T11:25:49+00:00","og_image":[{"width":1024,"height":768,"url":"https:\/\/alekeskus.eu\/wp-content\/uploads\/2021\/11\/1111lillekast-mbert-deldud-plastist-0.jpg","type":"image\/jpeg"}],"twitter_card":"summary_large_image","twitter_misc":{"Est. reading time":"1 minut"},"schema":{"@context":"https:\/\/schema.org","@graph":[{"@type":"WebPage","@id":"https:\/\/alekeskus.eu\/toode\/lillekast-umbertoodeldud-plastjaatmetest-alekeskus\/","url":"https:\/\/alekeskus.eu\/toode\/lillekast-umbertoodeldud-plastjaatmetest-alekeskus\/","name":"Lillekast taaskasutatud plastj\u00e4\u00e4tmetest - Alekeskus","isPartOf":{"@id":"https:\/\/alekeskus.eu\/#website"},"primaryImageOfPage":{"@id":"https:\/\/alekeskus.eu\/toode\/lillekast-umbertoodeldud-plastjaatmetest-alekeskus\/#primaryimage"},"image":{"@id":"https:\/\/alekeskus.eu\/toode\/lillekast-umbertoodeldud-plastjaatmetest-alekeskus\/#primaryimage"},"thumbnailUrl":"https:\/\/alekeskus.eu\/wp-content\/uploads\/2021\/11\/1111lillekast-mbert-deldud-plastist-0.jpg","datePublished":"2021-11-12T05:33:45+00:00","dateModified":"2024-10-31T11:25:49+00:00","description":"Lillekast taaskasutatud plastj\u00e4\u00e4tmetest","breadcrumb":{"@id":"https:\/\/alekeskus.eu\/toode\/lillekast-umbertoodeldud-plastjaatmetest-alekeskus\/#breadcrumb"},"inLanguage":"et","potentialAction":[{"@type":"ReadAction","target":["https:\/\/alekeskus.eu\/toode\/lillekast-umbertoodeldud-plastjaatmetest-alekeskus\/"]}]},{"@type":"ImageObject","inLanguage":"et","@id":"https:\/\/alekeskus.eu\/toode\/lillekast-umbertoodeldud-plastjaatmetest-alekeskus\/#primaryimage","url":"https:\/\/alekeskus.eu\/wp-content\/uploads\/2021\/11\/1111lillekast-mbert-deldud-plastist-0.jpg","contentUrl":"https:\/\/alekeskus.eu\/wp-content\/uploads\/2021\/11\/1111lillekast-mbert-deldud-plastist-0.jpg","width":1024,"height":768},{"@type":"BreadcrumbList","@id":"https:\/\/alekeskus.eu\/toode\/lillekast-umbertoodeldud-plastjaatmetest-alekeskus\/#breadcrumb","itemListElement":[{"@type":"ListItem","position":1,"name":"Avaleht","item":"https:\/\/alekeskus.eu\/et\/"},{"@type":"ListItem","position":2,"name":"Pood","item":"https:\/\/alekeskus.eu\/pood\/"},{"@type":"ListItem","position":3,"name":"Lillekast taaskasutatud plastj\u00e4\u00e4tmetest"}]},{"@type":"WebSite","@id":"https:\/\/alekeskus.eu\/#website","url":"https:\/\/alekeskus.eu\/","name":"Alekeskus","description":"Alekeskus.eu","potentialAction":[{"@type":"SearchAction","target":{"@type":"EntryPoint","urlTemplate":"https:\/\/alekeskus.eu\/?s={search_term_string}"},"query-input":{"@type":"PropertyValueSpecification","valueRequired":true,"valueName":"search_term_string"}}],"inLanguage":"et"}]}},"brands":[],"_links":{"self":[{"href":"https:\/\/alekeskus.eu\/et\/wp-json\/wp\/v2\/product\/72212","targetHints":{"allow":["GET"]}}],"collection":[{"href":"https:\/\/alekeskus.eu\/et\/wp-json\/wp\/v2\/product"}],"about":[{"href":"https:\/\/alekeskus.eu\/et\/wp-json\/wp\/v2\/types\/product"}],"wp:featuredmedia":[{"embeddable":true,"href":"https:\/\/alekeskus.eu\/et\/wp-json\/wp\/v2\/media\/72198"}],"wp:attachment":[{"href":"https:\/\/alekeskus.eu\/et\/wp-json\/wp\/v2\/media?parent=72212"}],"wp:term":[{"taxonomy":"pwb-brand","embeddable":true,"href":"https:\/\/alekeskus.eu\/et\/wp-json\/wp\/v2\/pwb-brand?post=72212"},{"taxonomy":"product_brand","embeddable":true,"href":"https:\/\/alekeskus.eu\/et\/wp-json\/wp\/v2\/product_brand?post=72212"},{"taxonomy":"product_cat","embeddable":true,"href":"https:\/\/alekeskus.eu\/et\/wp-json\/wp\/v2\/product_cat?post=72212"},{"taxonomy":"product_tag","embeddable":true,"href":"https:\/\/alekeskus.eu\/et\/wp-json\/wp\/v2\/product_tag?post=72212"}],"curies":[{"name":"wp","href":"https:\/\/api.w.org\/{rel}","templated":true}]}}