{"id":72299,"date":"2023-11-12T06:18:14","date_gmt":"2023-11-12T06:18:14","guid":{"rendered":"http:\/\/alekeskus.eu\/product\/pruss-craft-50x140mm\/"},"modified":"2026-02-10T20:15:49","modified_gmt":"2026-02-10T20:15:49","slug":"pruss-craft-50x140mm-alekeskus","status":"publish","type":"product","link":"https:\/\/alekeskus.eu\/et\/toode\/pruss-craft-50x140mm-alekeskus\/","title":{"rendered":"Pruss 50 x 140 mm \u00fcmbert\u00f6\u00f6deldud plastj\u00e4\u00e4tmetest"},"content":{"rendered":"","protected":false},"excerpt":{"rendered":"<ul>\n<li>hooldusvaba, lihtne paigaldada ja lihtne puhastada<\/li>\n<li>t\u00f6\u00f6deldav nagu puit<\/li>\n<li><span style=\"text-decoration: underline;\">toodetud kodustest plastikj\u00e4\u00e4tmetest Eestis<\/span><\/li>\n<li>1 prussi tootmiseks on kasutatud mitu tuhat plastpakendit puid metsas raiumata<\/li>\n<li>garantii 15 aastat<\/li>\n<li>ilmastikukindel, UV-kindel<\/li>\n<li>ei ima<\/li>\n<li>pikisuunaline pikenemine 0.069mm\/m\/C (suurem kui puidul)<\/li>\n<li>m\u00fcrgitu<\/li>\n<li>kaal 5,5 kg \/ jm<\/li>\n<li>ei aja pinde<\/li>\n<li>ei m\u00e4dane ega hallita<\/li>\n<li>hobustele ohutu ja h\u00fcgieeniline, sest bakterid ei levi. Hobused ei hammusta plasti<\/li>\n<li>v\u00e4rvid: must, hall ja pruun<\/li>\n<li>sile v\u00f5i tellimisel puus\u00fc\u00fc pinnaga (+5% kallim)<\/li>\n<\/ul>\n","protected":false},"featured_media":96033,"template":"","meta":{"_monsterinsights_skip_tracking":false,"_monsterinsights_sitenote_active":false,"_monsterinsights_sitenote_note":"","_monsterinsights_sitenote_category":0},"pwb-brand":[],"product_brand":[],"product_cat":[13570,13572,13574,13576,13532,13546],"product_tag":[17236,18835,14530,18836,14621,14747,16161,16162,16163,16191],"class_list":{"0":"post-72299","1":"product","2":"type-product","3":"status-publish","4":"has-post-thumbnail","6":"product_cat-aiapaneelid-valmispiirded-ja-varavad","7":"product_cat-aiapostid","8":"product_cat-karjaaed","9":"product_cat-aialatid-aialipid","10":"product_cat-postid-ja-aiad","11":"product_cat-umbertoodeldud-plastist-tooted-alekeskus","12":"product_tag-kierratysmuovi","13":"product_tag-taaskasutatud","14":"product_tag-craft","15":"product_tag-taaskasutatud-ehitusmaterjal","16":"product_tag-tugipost","17":"product_tag-ekologinen-rakennusmateriaali","18":"product_tag-pruss","19":"product_tag-kandur","20":"product_tag-ehitusmaterjal","21":"product_tag-umbertoodeldud-plastjaatmed","22":"product_shipping_class-30-300kg","23":"pa_garantii-25-aastat","24":"pa_kohaletoimetamine-veohind-mandri-eestis-alekeskus","25":"pa_laoasukoht-jarvamaa","26":"pa_pikkus-3000-mm","27":"pa_pikkus-3600-mm","28":"pa_tellimisaeg-2-10-toopaeva","29":"pa_varv-hall","30":"pa_varv-pruun","31":"pa_varv-must","32":"pa_veame-eesti-ja-soome","34":"first","35":"instock","36":"taxable","37":"shipping-taxable","38":"purchasable","39":"product-type-variable"},"yoast_head":"<!-- This site is optimized with the Yoast SEO plugin v27.3 - https:\/\/yoast.com\/product\/yoast-seo-wordpress\/ -->\n<title>Pruss 50 x 140 mm \u00fcmbert\u00f6\u00f6deldud plastj\u00e4\u00e4tmetest - Alekeskus<\/title>\n<meta name=\"description\" content=\"\u00dcmbert\u00f6\u00f6deldud plastj\u00e4\u00e4tmetest ehitusprussid, mis kestavad ja on taaskasutatavad\" \/>\n<meta name=\"robots\" content=\"index, follow, max-snippet:-1, max-image-preview:large, max-video-preview:-1\" \/>\n<link rel=\"canonical\" href=\"https:\/\/alekeskus.eu\/et\/toode\/pruss-craft-50x140mm-alekeskus\/\" \/>\n<meta property=\"og:locale\" content=\"et_EE\" \/>\n<meta property=\"og:type\" content=\"article\" \/>\n<meta property=\"og:title\" content=\"Pruss 50 x 140 mm \u00fcmbert\u00f6\u00f6deldud plastj\u00e4\u00e4tmetest - Alekeskus\" \/>\n<meta property=\"og:description\" content=\"\u00dcmbert\u00f6\u00f6deldud plastj\u00e4\u00e4tmetest ehitusprussid, mis kestavad ja on taaskasutatavad\" \/>\n<meta property=\"og:url\" content=\"https:\/\/alekeskus.eu\/et\/toode\/pruss-craft-50x140mm-alekeskus\/\" \/>\n<meta property=\"og:site_name\" content=\"Alekeskus\" \/>\n<meta property=\"article:modified_time\" content=\"2026-02-10T20:15:49+00:00\" \/>\n<meta property=\"og:image\" content=\"https:\/\/alekeskus.eu\/wp-content\/uploads\/2021\/11\/50x140uus-1.jpg\" \/>\n\t<meta property=\"og:image:width\" content=\"750\" \/>\n\t<meta property=\"og:image:height\" content=\"456\" \/>\n\t<meta property=\"og:image:type\" content=\"image\/jpeg\" \/>\n<meta name=\"twitter:card\" content=\"summary_large_image\" \/>\n<meta name=\"twitter:label1\" content=\"Est. reading time\" \/>\n\t<meta name=\"twitter:data1\" content=\"1 minut\" \/>\n<script type=\"application\/ld+json\" class=\"yoast-schema-graph\">{\"@context\":\"https:\\\/\\\/schema.org\",\"@graph\":[{\"@type\":\"WebPage\",\"@id\":\"https:\\\/\\\/alekeskus.eu\\\/et\\\/toode\\\/pruss-craft-50x140mm-alekeskus\\\/\",\"url\":\"https:\\\/\\\/alekeskus.eu\\\/et\\\/toode\\\/pruss-craft-50x140mm-alekeskus\\\/\",\"name\":\"Pruss 50 x 140 mm \u00fcmbert\u00f6\u00f6deldud plastj\u00e4\u00e4tmetest - Alekeskus\",\"isPartOf\":{\"@id\":\"https:\\\/\\\/alekeskus.eu\\\/#website\"},\"primaryImageOfPage\":{\"@id\":\"https:\\\/\\\/alekeskus.eu\\\/et\\\/toode\\\/pruss-craft-50x140mm-alekeskus\\\/#primaryimage\"},\"image\":{\"@id\":\"https:\\\/\\\/alekeskus.eu\\\/et\\\/toode\\\/pruss-craft-50x140mm-alekeskus\\\/#primaryimage\"},\"thumbnailUrl\":\"https:\\\/\\\/alekeskus.eu\\\/wp-content\\\/uploads\\\/2021\\\/11\\\/50x140uus-1.jpg\",\"datePublished\":\"2023-11-12T06:18:14+00:00\",\"dateModified\":\"2026-02-10T20:15:49+00:00\",\"description\":\"\u00dcmbert\u00f6\u00f6deldud plastj\u00e4\u00e4tmetest ehitusprussid, mis kestavad ja on taaskasutatavad\",\"breadcrumb\":{\"@id\":\"https:\\\/\\\/alekeskus.eu\\\/et\\\/toode\\\/pruss-craft-50x140mm-alekeskus\\\/#breadcrumb\"},\"inLanguage\":\"et\",\"potentialAction\":[{\"@type\":\"ReadAction\",\"target\":[\"https:\\\/\\\/alekeskus.eu\\\/et\\\/toode\\\/pruss-craft-50x140mm-alekeskus\\\/\"]}]},{\"@type\":\"ImageObject\",\"inLanguage\":\"et\",\"@id\":\"https:\\\/\\\/alekeskus.eu\\\/et\\\/toode\\\/pruss-craft-50x140mm-alekeskus\\\/#primaryimage\",\"url\":\"https:\\\/\\\/alekeskus.eu\\\/wp-content\\\/uploads\\\/2021\\\/11\\\/50x140uus-1.jpg\",\"contentUrl\":\"https:\\\/\\\/alekeskus.eu\\\/wp-content\\\/uploads\\\/2021\\\/11\\\/50x140uus-1.jpg\",\"width\":750,\"height\":456},{\"@type\":\"BreadcrumbList\",\"@id\":\"https:\\\/\\\/alekeskus.eu\\\/et\\\/toode\\\/pruss-craft-50x140mm-alekeskus\\\/#breadcrumb\",\"itemListElement\":[{\"@type\":\"ListItem\",\"position\":1,\"name\":\"Avaleht\",\"item\":\"https:\\\/\\\/alekeskus.eu\\\/et\\\/\"},{\"@type\":\"ListItem\",\"position\":2,\"name\":\"Pood\",\"item\":\"https:\\\/\\\/alekeskus.eu\\\/pood\\\/\"},{\"@type\":\"ListItem\",\"position\":3,\"name\":\"Pruss 50 x 140 mm \u00fcmbert\u00f6\u00f6deldud plastj\u00e4\u00e4tmetest\"}]},{\"@type\":\"WebSite\",\"@id\":\"https:\\\/\\\/alekeskus.eu\\\/#website\",\"url\":\"https:\\\/\\\/alekeskus.eu\\\/\",\"name\":\"Alekeskus\",\"description\":\"Alekeskus.eu\",\"potentialAction\":[{\"@type\":\"SearchAction\",\"target\":{\"@type\":\"EntryPoint\",\"urlTemplate\":\"https:\\\/\\\/alekeskus.eu\\\/?s={search_term_string}\"},\"query-input\":{\"@type\":\"PropertyValueSpecification\",\"valueRequired\":true,\"valueName\":\"search_term_string\"}}],\"inLanguage\":\"et\"}]}<\/script>\n<!-- \/ Yoast SEO plugin. -->","yoast_head_json":{"title":"Pruss 50 x 140 mm \u00fcmbert\u00f6\u00f6deldud plastj\u00e4\u00e4tmetest - Alekeskus","description":"\u00dcmbert\u00f6\u00f6deldud plastj\u00e4\u00e4tmetest ehitusprussid, mis kestavad ja on taaskasutatavad","robots":{"index":"index","follow":"follow","max-snippet":"max-snippet:-1","max-image-preview":"max-image-preview:large","max-video-preview":"max-video-preview:-1"},"canonical":"https:\/\/alekeskus.eu\/et\/toode\/pruss-craft-50x140mm-alekeskus\/","og_locale":"et_EE","og_type":"article","og_title":"Pruss 50 x 140 mm \u00fcmbert\u00f6\u00f6deldud plastj\u00e4\u00e4tmetest - Alekeskus","og_description":"\u00dcmbert\u00f6\u00f6deldud plastj\u00e4\u00e4tmetest ehitusprussid, mis kestavad ja on taaskasutatavad","og_url":"https:\/\/alekeskus.eu\/et\/toode\/pruss-craft-50x140mm-alekeskus\/","og_site_name":"Alekeskus","article_modified_time":"2026-02-10T20:15:49+00:00","og_image":[{"width":750,"height":456,"url":"https:\/\/alekeskus.eu\/wp-content\/uploads\/2021\/11\/50x140uus-1.jpg","type":"image\/jpeg"}],"twitter_card":"summary_large_image","twitter_misc":{"Est. reading time":"1 minut"},"schema":{"@context":"https:\/\/schema.org","@graph":[{"@type":"WebPage","@id":"https:\/\/alekeskus.eu\/et\/toode\/pruss-craft-50x140mm-alekeskus\/","url":"https:\/\/alekeskus.eu\/et\/toode\/pruss-craft-50x140mm-alekeskus\/","name":"Pruss 50 x 140 mm \u00fcmbert\u00f6\u00f6deldud plastj\u00e4\u00e4tmetest - Alekeskus","isPartOf":{"@id":"https:\/\/alekeskus.eu\/#website"},"primaryImageOfPage":{"@id":"https:\/\/alekeskus.eu\/et\/toode\/pruss-craft-50x140mm-alekeskus\/#primaryimage"},"image":{"@id":"https:\/\/alekeskus.eu\/et\/toode\/pruss-craft-50x140mm-alekeskus\/#primaryimage"},"thumbnailUrl":"https:\/\/alekeskus.eu\/wp-content\/uploads\/2021\/11\/50x140uus-1.jpg","datePublished":"2023-11-12T06:18:14+00:00","dateModified":"2026-02-10T20:15:49+00:00","description":"\u00dcmbert\u00f6\u00f6deldud plastj\u00e4\u00e4tmetest ehitusprussid, mis kestavad ja on taaskasutatavad","breadcrumb":{"@id":"https:\/\/alekeskus.eu\/et\/toode\/pruss-craft-50x140mm-alekeskus\/#breadcrumb"},"inLanguage":"et","potentialAction":[{"@type":"ReadAction","target":["https:\/\/alekeskus.eu\/et\/toode\/pruss-craft-50x140mm-alekeskus\/"]}]},{"@type":"ImageObject","inLanguage":"et","@id":"https:\/\/alekeskus.eu\/et\/toode\/pruss-craft-50x140mm-alekeskus\/#primaryimage","url":"https:\/\/alekeskus.eu\/wp-content\/uploads\/2021\/11\/50x140uus-1.jpg","contentUrl":"https:\/\/alekeskus.eu\/wp-content\/uploads\/2021\/11\/50x140uus-1.jpg","width":750,"height":456},{"@type":"BreadcrumbList","@id":"https:\/\/alekeskus.eu\/et\/toode\/pruss-craft-50x140mm-alekeskus\/#breadcrumb","itemListElement":[{"@type":"ListItem","position":1,"name":"Avaleht","item":"https:\/\/alekeskus.eu\/et\/"},{"@type":"ListItem","position":2,"name":"Pood","item":"https:\/\/alekeskus.eu\/pood\/"},{"@type":"ListItem","position":3,"name":"Pruss 50 x 140 mm \u00fcmbert\u00f6\u00f6deldud plastj\u00e4\u00e4tmetest"}]},{"@type":"WebSite","@id":"https:\/\/alekeskus.eu\/#website","url":"https:\/\/alekeskus.eu\/","name":"Alekeskus","description":"Alekeskus.eu","potentialAction":[{"@type":"SearchAction","target":{"@type":"EntryPoint","urlTemplate":"https:\/\/alekeskus.eu\/?s={search_term_string}"},"query-input":{"@type":"PropertyValueSpecification","valueRequired":true,"valueName":"search_term_string"}}],"inLanguage":"et"}]}},"brands":[],"_links":{"self":[{"href":"https:\/\/alekeskus.eu\/et\/wp-json\/wp\/v2\/product\/72299","targetHints":{"allow":["GET"]}}],"collection":[{"href":"https:\/\/alekeskus.eu\/et\/wp-json\/wp\/v2\/product"}],"about":[{"href":"https:\/\/alekeskus.eu\/et\/wp-json\/wp\/v2\/types\/product"}],"wp:featuredmedia":[{"embeddable":true,"href":"https:\/\/alekeskus.eu\/et\/wp-json\/wp\/v2\/media\/96033"}],"wp:attachment":[{"href":"https:\/\/alekeskus.eu\/et\/wp-json\/wp\/v2\/media?parent=72299"}],"wp:term":[{"taxonomy":"pwb-brand","embeddable":true,"href":"https:\/\/alekeskus.eu\/et\/wp-json\/wp\/v2\/pwb-brand?post=72299"},{"taxonomy":"product_brand","embeddable":true,"href":"https:\/\/alekeskus.eu\/et\/wp-json\/wp\/v2\/product_brand?post=72299"},{"taxonomy":"product_cat","embeddable":true,"href":"https:\/\/alekeskus.eu\/et\/wp-json\/wp\/v2\/product_cat?post=72299"},{"taxonomy":"product_tag","embeddable":true,"href":"https:\/\/alekeskus.eu\/et\/wp-json\/wp\/v2\/product_tag?post=72299"}],"curies":[{"name":"wp","href":"https:\/\/api.w.org\/{rel}","templated":true}]}}