{"id":72319,"date":"2024-11-12T06:18:28","date_gmt":"2024-11-12T06:18:28","guid":{"rendered":"http:\/\/alekeskus.eu\/product\/punnlaud-32x138mm-umbertoodeldud-plastist\/"},"modified":"2026-01-22T06:39:23","modified_gmt":"2026-01-22T06:39:23","slug":"punnlaud-32x138mm-umbertoodeldud-plastist","status":"publish","type":"product","link":"https:\/\/alekeskus.eu\/et\/toode\/punnlaud-32x138mm-umbertoodeldud-plastist\/","title":{"rendered":"Punnlaud 32 x 138 mm \u00fcmbert\u00f6\u00f6deldud plastj\u00e4\u00e4tmetest"},"content":{"rendered":"<p>Tooraine p\u00e4rineb toidut\u00f6\u00f6stuse plastpakenditest. Orgaaniliste materjalide eemaldamiseks, t\u00f6\u00f6deldakse toorainet termiliselt. Peale t\u00f6\u00f6tlemist toimub, ektruudermeetodil, erinevate profiilide tootmine. Materjal koosneb peamiselt k\u00f5rg- ja madaltihedast pol\u00fcet\u00fcleenist (HDPE, LPDE), pol\u00fcst\u00fcreenist (PP) ja pol\u00fcprop\u00fcleenist (PS).<\/p>\n","protected":false},"excerpt":{"rendered":"<ul>\n<li><span style=\"text-decoration: underline;\">hooldusvaba, lihtne puhastus<\/span><\/li>\n<li>sarnane t\u00f6\u00f6deldavus puiduga<\/li>\n<li>soojuspaisumine suurem kui puidul<\/li>\n<li>4 v\u00e4rvi, sile v\u00f5i puus\u00fc\u00fc pind<\/li>\n<li><strong>t\u00e4isplast<\/strong>, ei ole \u00f5\u00f5nes nagu komposiitlauad<\/li>\n<li><strong>garantii 15 aastat<\/strong><\/li>\n<li>ilmastiku- ja UV-kindel<\/li>\n<li>ei ima, m\u00fcrgitu<\/li>\n<li>ei aja pinde<\/li>\n<li>ei m\u00e4dane ega hallita<\/li>\n<li><span style=\"text-decoration: underline;\">1m toote valmistamiseks kasutatakse u 500 \u00e4ravisatud kilekotti j\u00e4ttes puud metsas kasvama<\/span><\/li>\n<li><span style=\"text-decoration: underline;\">Eesti toode<\/span><\/li>\n<\/ul>\n<p>Hinnalisa: eripikkustel +15%.<\/p>\n","protected":false},"featured_media":97125,"template":"","meta":{"_monsterinsights_skip_tracking":false,"_monsterinsights_sitenote_active":false,"_monsterinsights_sitenote_note":"","_monsterinsights_sitenote_category":0},"pwb-brand":[],"product_brand":[],"product_cat":[13546],"product_tag":[16151,18891,16163,18892,16180,16204,16266,17236,17237,14747,18890],"class_list":{"0":"post-72319","1":"product","2":"type-product","3":"status-publish","4":"has-post-thumbnail","6":"product_cat-umbertoodeldud-plastist-tooted-alekeskus","7":"product_tag-plastjaatmed","8":"product_tag-okoloogiline-ehitusmaterjal","9":"product_tag-ehitusmaterjal","10":"product_tag-taaskasutatav-ehitusmaterjal","11":"product_tag-punnlaud","12":"product_tag-okoloogiline-toode","13":"product_tag-kierratetty-rakennusmateriaali","14":"product_tag-kierratysmuovi","15":"product_tag-pontattu-lauta","16":"product_tag-ekologinen-rakennusmateriaali","17":"product_tag-madanemiskindel","18":"product_shipping_class-30-300kg","19":"pa_garantii-15-aastat","20":"pa_kaalkg-33-jm","21":"pa_kohaletoimetamine-veohind-mandri-eestis-alekeskus","22":"pa_laoasukoht-jarvamaa","23":"pa_pikkus-3000-mm","24":"pa_pikkus-3600-mm","25":"pa_tellimisaeg-2-10-toopaeva","26":"pa_valimus-puusuu-alekeskus","27":"pa_valimus-sile-pind","28":"pa_varv-must","29":"pa_varv-roheline","30":"pa_varv-hall","31":"pa_varv-pruun","32":"pa_veame-eesti-ja-soome","34":"first","35":"instock","36":"taxable","37":"shipping-taxable","38":"purchasable","39":"product-type-variable","40":"has-default-attributes"},"yoast_head":"<!-- This site is optimized with the Yoast SEO plugin v27.3 - https:\/\/yoast.com\/product\/yoast-seo-wordpress\/ -->\n<title>Punnlaud 32 x 138 mm \u00fcmbert\u00f6\u00f6deldud plastj\u00e4\u00e4tmetest - Alekeskus<\/title>\n<meta name=\"description\" content=\"Taask\u00e4ideldud plastj\u00e4\u00e4tmetest prussid ja lauad\" \/>\n<meta name=\"robots\" content=\"index, follow, max-snippet:-1, max-image-preview:large, max-video-preview:-1\" \/>\n<link rel=\"canonical\" href=\"https:\/\/alekeskus.eu\/toode\/punnlaud-32x138mm-umbertoodeldud-plastist\/\" \/>\n<meta property=\"og:locale\" content=\"et_EE\" \/>\n<meta property=\"og:type\" content=\"article\" \/>\n<meta property=\"og:title\" content=\"Punnlaud 32 x 138 mm \u00fcmbert\u00f6\u00f6deldud plastj\u00e4\u00e4tmetest - Alekeskus\" \/>\n<meta property=\"og:description\" content=\"Taask\u00e4ideldud plastj\u00e4\u00e4tmetest prussid ja lauad\" \/>\n<meta property=\"og:url\" content=\"https:\/\/alekeskus.eu\/toode\/punnlaud-32x138mm-umbertoodeldud-plastist\/\" \/>\n<meta property=\"og:site_name\" content=\"Alekeskus\" \/>\n<meta property=\"article:modified_time\" content=\"2026-01-22T06:39:23+00:00\" \/>\n<meta property=\"og:image\" content=\"https:\/\/alekeskus.eu\/wp-content\/uploads\/2021\/11\/TG.jpg\" \/>\n\t<meta property=\"og:image:width\" content=\"1600\" \/>\n\t<meta property=\"og:image:height\" content=\"1600\" \/>\n\t<meta property=\"og:image:type\" content=\"image\/jpeg\" \/>\n<meta name=\"twitter:card\" content=\"summary_large_image\" \/>\n<meta name=\"twitter:label1\" content=\"Est. reading time\" \/>\n\t<meta name=\"twitter:data1\" content=\"1 minut\" \/>\n<script type=\"application\/ld+json\" class=\"yoast-schema-graph\">{\"@context\":\"https:\\\/\\\/schema.org\",\"@graph\":[{\"@type\":\"WebPage\",\"@id\":\"https:\\\/\\\/alekeskus.eu\\\/toode\\\/punnlaud-32x138mm-umbertoodeldud-plastist\\\/\",\"url\":\"https:\\\/\\\/alekeskus.eu\\\/toode\\\/punnlaud-32x138mm-umbertoodeldud-plastist\\\/\",\"name\":\"Punnlaud 32 x 138 mm \u00fcmbert\u00f6\u00f6deldud plastj\u00e4\u00e4tmetest - Alekeskus\",\"isPartOf\":{\"@id\":\"https:\\\/\\\/alekeskus.eu\\\/#website\"},\"primaryImageOfPage\":{\"@id\":\"https:\\\/\\\/alekeskus.eu\\\/toode\\\/punnlaud-32x138mm-umbertoodeldud-plastist\\\/#primaryimage\"},\"image\":{\"@id\":\"https:\\\/\\\/alekeskus.eu\\\/toode\\\/punnlaud-32x138mm-umbertoodeldud-plastist\\\/#primaryimage\"},\"thumbnailUrl\":\"https:\\\/\\\/alekeskus.eu\\\/wp-content\\\/uploads\\\/2021\\\/11\\\/TG.jpg\",\"datePublished\":\"2024-11-12T06:18:28+00:00\",\"dateModified\":\"2026-01-22T06:39:23+00:00\",\"description\":\"Taask\u00e4ideldud plastj\u00e4\u00e4tmetest prussid ja lauad\",\"breadcrumb\":{\"@id\":\"https:\\\/\\\/alekeskus.eu\\\/toode\\\/punnlaud-32x138mm-umbertoodeldud-plastist\\\/#breadcrumb\"},\"inLanguage\":\"et\",\"potentialAction\":[{\"@type\":\"ReadAction\",\"target\":[\"https:\\\/\\\/alekeskus.eu\\\/toode\\\/punnlaud-32x138mm-umbertoodeldud-plastist\\\/\"]}]},{\"@type\":\"ImageObject\",\"inLanguage\":\"et\",\"@id\":\"https:\\\/\\\/alekeskus.eu\\\/toode\\\/punnlaud-32x138mm-umbertoodeldud-plastist\\\/#primaryimage\",\"url\":\"https:\\\/\\\/alekeskus.eu\\\/wp-content\\\/uploads\\\/2021\\\/11\\\/TG.jpg\",\"contentUrl\":\"https:\\\/\\\/alekeskus.eu\\\/wp-content\\\/uploads\\\/2021\\\/11\\\/TG.jpg\",\"width\":1600,\"height\":1600},{\"@type\":\"BreadcrumbList\",\"@id\":\"https:\\\/\\\/alekeskus.eu\\\/toode\\\/punnlaud-32x138mm-umbertoodeldud-plastist\\\/#breadcrumb\",\"itemListElement\":[{\"@type\":\"ListItem\",\"position\":1,\"name\":\"Avaleht\",\"item\":\"https:\\\/\\\/alekeskus.eu\\\/et\\\/\"},{\"@type\":\"ListItem\",\"position\":2,\"name\":\"Pood\",\"item\":\"https:\\\/\\\/alekeskus.eu\\\/pood\\\/\"},{\"@type\":\"ListItem\",\"position\":3,\"name\":\"Punnlaud 32 x 138 mm \u00fcmbert\u00f6\u00f6deldud plastj\u00e4\u00e4tmetest\"}]},{\"@type\":\"WebSite\",\"@id\":\"https:\\\/\\\/alekeskus.eu\\\/#website\",\"url\":\"https:\\\/\\\/alekeskus.eu\\\/\",\"name\":\"Alekeskus\",\"description\":\"Alekeskus.eu\",\"potentialAction\":[{\"@type\":\"SearchAction\",\"target\":{\"@type\":\"EntryPoint\",\"urlTemplate\":\"https:\\\/\\\/alekeskus.eu\\\/?s={search_term_string}\"},\"query-input\":{\"@type\":\"PropertyValueSpecification\",\"valueRequired\":true,\"valueName\":\"search_term_string\"}}],\"inLanguage\":\"et\"}]}<\/script>\n<!-- \/ Yoast SEO plugin. -->","yoast_head_json":{"title":"Punnlaud 32 x 138 mm \u00fcmbert\u00f6\u00f6deldud plastj\u00e4\u00e4tmetest - Alekeskus","description":"Taask\u00e4ideldud plastj\u00e4\u00e4tmetest prussid ja lauad","robots":{"index":"index","follow":"follow","max-snippet":"max-snippet:-1","max-image-preview":"max-image-preview:large","max-video-preview":"max-video-preview:-1"},"canonical":"https:\/\/alekeskus.eu\/toode\/punnlaud-32x138mm-umbertoodeldud-plastist\/","og_locale":"et_EE","og_type":"article","og_title":"Punnlaud 32 x 138 mm \u00fcmbert\u00f6\u00f6deldud plastj\u00e4\u00e4tmetest - Alekeskus","og_description":"Taask\u00e4ideldud plastj\u00e4\u00e4tmetest prussid ja lauad","og_url":"https:\/\/alekeskus.eu\/toode\/punnlaud-32x138mm-umbertoodeldud-plastist\/","og_site_name":"Alekeskus","article_modified_time":"2026-01-22T06:39:23+00:00","og_image":[{"width":1600,"height":1600,"url":"https:\/\/alekeskus.eu\/wp-content\/uploads\/2021\/11\/TG.jpg","type":"image\/jpeg"}],"twitter_card":"summary_large_image","twitter_misc":{"Est. reading time":"1 minut"},"schema":{"@context":"https:\/\/schema.org","@graph":[{"@type":"WebPage","@id":"https:\/\/alekeskus.eu\/toode\/punnlaud-32x138mm-umbertoodeldud-plastist\/","url":"https:\/\/alekeskus.eu\/toode\/punnlaud-32x138mm-umbertoodeldud-plastist\/","name":"Punnlaud 32 x 138 mm \u00fcmbert\u00f6\u00f6deldud plastj\u00e4\u00e4tmetest - Alekeskus","isPartOf":{"@id":"https:\/\/alekeskus.eu\/#website"},"primaryImageOfPage":{"@id":"https:\/\/alekeskus.eu\/toode\/punnlaud-32x138mm-umbertoodeldud-plastist\/#primaryimage"},"image":{"@id":"https:\/\/alekeskus.eu\/toode\/punnlaud-32x138mm-umbertoodeldud-plastist\/#primaryimage"},"thumbnailUrl":"https:\/\/alekeskus.eu\/wp-content\/uploads\/2021\/11\/TG.jpg","datePublished":"2024-11-12T06:18:28+00:00","dateModified":"2026-01-22T06:39:23+00:00","description":"Taask\u00e4ideldud plastj\u00e4\u00e4tmetest prussid ja lauad","breadcrumb":{"@id":"https:\/\/alekeskus.eu\/toode\/punnlaud-32x138mm-umbertoodeldud-plastist\/#breadcrumb"},"inLanguage":"et","potentialAction":[{"@type":"ReadAction","target":["https:\/\/alekeskus.eu\/toode\/punnlaud-32x138mm-umbertoodeldud-plastist\/"]}]},{"@type":"ImageObject","inLanguage":"et","@id":"https:\/\/alekeskus.eu\/toode\/punnlaud-32x138mm-umbertoodeldud-plastist\/#primaryimage","url":"https:\/\/alekeskus.eu\/wp-content\/uploads\/2021\/11\/TG.jpg","contentUrl":"https:\/\/alekeskus.eu\/wp-content\/uploads\/2021\/11\/TG.jpg","width":1600,"height":1600},{"@type":"BreadcrumbList","@id":"https:\/\/alekeskus.eu\/toode\/punnlaud-32x138mm-umbertoodeldud-plastist\/#breadcrumb","itemListElement":[{"@type":"ListItem","position":1,"name":"Avaleht","item":"https:\/\/alekeskus.eu\/et\/"},{"@type":"ListItem","position":2,"name":"Pood","item":"https:\/\/alekeskus.eu\/pood\/"},{"@type":"ListItem","position":3,"name":"Punnlaud 32 x 138 mm \u00fcmbert\u00f6\u00f6deldud plastj\u00e4\u00e4tmetest"}]},{"@type":"WebSite","@id":"https:\/\/alekeskus.eu\/#website","url":"https:\/\/alekeskus.eu\/","name":"Alekeskus","description":"Alekeskus.eu","potentialAction":[{"@type":"SearchAction","target":{"@type":"EntryPoint","urlTemplate":"https:\/\/alekeskus.eu\/?s={search_term_string}"},"query-input":{"@type":"PropertyValueSpecification","valueRequired":true,"valueName":"search_term_string"}}],"inLanguage":"et"}]}},"brands":[],"_links":{"self":[{"href":"https:\/\/alekeskus.eu\/et\/wp-json\/wp\/v2\/product\/72319","targetHints":{"allow":["GET"]}}],"collection":[{"href":"https:\/\/alekeskus.eu\/et\/wp-json\/wp\/v2\/product"}],"about":[{"href":"https:\/\/alekeskus.eu\/et\/wp-json\/wp\/v2\/types\/product"}],"wp:featuredmedia":[{"embeddable":true,"href":"https:\/\/alekeskus.eu\/et\/wp-json\/wp\/v2\/media\/97125"}],"wp:attachment":[{"href":"https:\/\/alekeskus.eu\/et\/wp-json\/wp\/v2\/media?parent=72319"}],"wp:term":[{"taxonomy":"pwb-brand","embeddable":true,"href":"https:\/\/alekeskus.eu\/et\/wp-json\/wp\/v2\/pwb-brand?post=72319"},{"taxonomy":"product_brand","embeddable":true,"href":"https:\/\/alekeskus.eu\/et\/wp-json\/wp\/v2\/product_brand?post=72319"},{"taxonomy":"product_cat","embeddable":true,"href":"https:\/\/alekeskus.eu\/et\/wp-json\/wp\/v2\/product_cat?post=72319"},{"taxonomy":"product_tag","embeddable":true,"href":"https:\/\/alekeskus.eu\/et\/wp-json\/wp\/v2\/product_tag?post=72319"}],"curies":[{"name":"wp","href":"https:\/\/api.w.org\/{rel}","templated":true}]}}