{"id":72523,"date":"2023-11-12T06:22:04","date_gmt":"2023-11-12T06:22:04","guid":{"rendered":"http:\/\/alekeskus.eu\/product\/pruss-50x50x3000mm-umbertoodeldud-plastjaatmetest\/"},"modified":"2026-01-02T18:29:42","modified_gmt":"2026-01-02T18:29:42","slug":"pruss-50x50mm-umbertoodeldud-plastjaatmetest-alekeskus","status":"publish","type":"product","link":"https:\/\/alekeskus.eu\/et\/toode\/pruss-50x50mm-umbertoodeldud-plastjaatmetest-alekeskus\/","title":{"rendered":"Pruss 50x50x3000mm v\u00f5i 3600mm \u00fcmbert\u00f6\u00f6deldud plastj\u00e4\u00e4tmetest"},"content":{"rendered":"","protected":false},"excerpt":{"rendered":"<ul>\n<li>hooldusvaba, lihtne paigaldada ja puhastada<\/li>\n<li>sarnane t\u00f6\u00f6deldavus puiduga<\/li>\n<li><strong>t\u00e4isplast<\/strong>, ei ole \u00f5\u00f5nes nagu komposiitlauad<\/li>\n<li><strong>garantii 15 aastat<\/strong><\/li>\n<li>ilmastiku- ja UV-kindel<\/li>\n<li>ei ima, m\u00fcrgitu<\/li>\n<li>ei aja pinde, ei m\u00e4dane ega hallita<\/li>\n<li>1 jm toote valmistamiseks kasutatakse u 500 plastpakendit ilma metsa raiumata<\/li>\n<li>Eesti toode<\/li>\n<li>2 laopikkust: 3,0 m ja 3,6 m<\/li>\n<\/ul>\n<p>4 v\u00e4rvi. Eripikkustel hinnalisa +15%.<\/p>\n","protected":false},"featured_media":95662,"template":"","meta":{"_monsterinsights_skip_tracking":false,"_monsterinsights_sitenote_active":false,"_monsterinsights_sitenote_note":"","_monsterinsights_sitenote_category":0},"pwb-brand":[18577],"product_brand":[],"product_cat":[13546],"product_tag":[16261,16262,16266,17236,14747,16258,16259,16260],"class_list":{"0":"post-72523","1":"product","2":"type-product","3":"status-publish","4":"has-post-thumbnail","6":"pwb-brand-eesti","7":"product_cat-umbertoodeldud-plastist-tooted-alekeskus","8":"product_tag-jaatmevaba-elu","9":"product_tag-okotoode","10":"product_tag-kierratetty-rakennusmateriaali","11":"product_tag-kierratysmuovi","12":"product_tag-ekologinen-rakennusmateriaali","13":"product_tag-jaatmeringlus","14":"product_tag-okoloogiline-jalajalg","15":"product_tag-kestev-areng","16":"product_shipping_class-30-300kg","17":"pa_kohaletoimetamine-veohind-mandri-eestis-alekeskus","18":"pa_laoasukoht-jarvamaa","19":"pa_pikkus-3000-mm","20":"pa_pikkus-3600-mm","21":"pa_tellimisaeg-tilausaika-alekeskus","22":"pa_varv-roheline","23":"pa_varv-hall","24":"pa_varv-pruun","25":"pa_varv-must","26":"pa_veame-eesti-ja-soome","28":"first","29":"instock","30":"taxable","31":"shipping-taxable","32":"purchasable","33":"product-type-variable","34":"has-default-attributes"},"yoast_head":"<!-- This site is optimized with the Yoast SEO plugin v27.3 - https:\/\/yoast.com\/product\/yoast-seo-wordpress\/ -->\n<title>Pruss 50x50x3000mm v\u00f5i 3600mm \u00fcmbert\u00f6\u00f6deldud plastj\u00e4\u00e4tmetest - Alekeskus<\/title>\n<meta name=\"description\" content=\"\u00dcmbert\u00f6\u00f6deldud plastj\u00e4\u00e4tmetest pruss, mis ei idane ega m\u00e4dane.\" \/>\n<meta name=\"robots\" content=\"index, follow, max-snippet:-1, max-image-preview:large, max-video-preview:-1\" \/>\n<link rel=\"canonical\" href=\"https:\/\/alekeskus.eu\/toode\/pruss-50x50mm-umbertoodeldud-plastjaatmetest-alekeskus\/\" \/>\n<meta property=\"og:locale\" content=\"et_EE\" \/>\n<meta property=\"og:type\" content=\"article\" \/>\n<meta property=\"og:title\" content=\"Pruss 50x50x3000mm v\u00f5i 3600mm \u00fcmbert\u00f6\u00f6deldud plastj\u00e4\u00e4tmetest - Alekeskus\" \/>\n<meta property=\"og:description\" content=\"\u00dcmbert\u00f6\u00f6deldud plastj\u00e4\u00e4tmetest pruss, mis ei idane ega m\u00e4dane.\" \/>\n<meta property=\"og:url\" content=\"https:\/\/alekeskus.eu\/toode\/pruss-50x50mm-umbertoodeldud-plastjaatmetest-alekeskus\/\" \/>\n<meta property=\"og:site_name\" content=\"Alekeskus\" \/>\n<meta property=\"article:modified_time\" content=\"2026-01-02T18:29:42+00:00\" \/>\n<meta property=\"og:image\" content=\"https:\/\/alekeskus.eu\/wp-content\/uploads\/2023\/11\/50x50uus.jpg\" \/>\n\t<meta property=\"og:image:width\" content=\"750\" \/>\n\t<meta property=\"og:image:height\" content=\"501\" \/>\n\t<meta property=\"og:image:type\" content=\"image\/jpeg\" \/>\n<meta name=\"twitter:card\" content=\"summary_large_image\" \/>\n<meta name=\"twitter:label1\" content=\"Est. reading time\" \/>\n\t<meta name=\"twitter:data1\" content=\"1 minut\" \/>\n<script type=\"application\/ld+json\" class=\"yoast-schema-graph\">{\"@context\":\"https:\\\/\\\/schema.org\",\"@graph\":[{\"@type\":\"WebPage\",\"@id\":\"https:\\\/\\\/alekeskus.eu\\\/toode\\\/pruss-50x50mm-umbertoodeldud-plastjaatmetest-alekeskus\\\/\",\"url\":\"https:\\\/\\\/alekeskus.eu\\\/toode\\\/pruss-50x50mm-umbertoodeldud-plastjaatmetest-alekeskus\\\/\",\"name\":\"Pruss 50x50x3000mm v\u00f5i 3600mm \u00fcmbert\u00f6\u00f6deldud plastj\u00e4\u00e4tmetest - Alekeskus\",\"isPartOf\":{\"@id\":\"https:\\\/\\\/alekeskus.eu\\\/#website\"},\"primaryImageOfPage\":{\"@id\":\"https:\\\/\\\/alekeskus.eu\\\/toode\\\/pruss-50x50mm-umbertoodeldud-plastjaatmetest-alekeskus\\\/#primaryimage\"},\"image\":{\"@id\":\"https:\\\/\\\/alekeskus.eu\\\/toode\\\/pruss-50x50mm-umbertoodeldud-plastjaatmetest-alekeskus\\\/#primaryimage\"},\"thumbnailUrl\":\"https:\\\/\\\/alekeskus.eu\\\/wp-content\\\/uploads\\\/2023\\\/11\\\/50x50uus.jpg\",\"datePublished\":\"2023-11-12T06:22:04+00:00\",\"dateModified\":\"2026-01-02T18:29:42+00:00\",\"description\":\"\u00dcmbert\u00f6\u00f6deldud plastj\u00e4\u00e4tmetest pruss, mis ei idane ega m\u00e4dane.\",\"breadcrumb\":{\"@id\":\"https:\\\/\\\/alekeskus.eu\\\/toode\\\/pruss-50x50mm-umbertoodeldud-plastjaatmetest-alekeskus\\\/#breadcrumb\"},\"inLanguage\":\"et\",\"potentialAction\":[{\"@type\":\"ReadAction\",\"target\":[\"https:\\\/\\\/alekeskus.eu\\\/toode\\\/pruss-50x50mm-umbertoodeldud-plastjaatmetest-alekeskus\\\/\"]}]},{\"@type\":\"ImageObject\",\"inLanguage\":\"et\",\"@id\":\"https:\\\/\\\/alekeskus.eu\\\/toode\\\/pruss-50x50mm-umbertoodeldud-plastjaatmetest-alekeskus\\\/#primaryimage\",\"url\":\"https:\\\/\\\/alekeskus.eu\\\/wp-content\\\/uploads\\\/2023\\\/11\\\/50x50uus.jpg\",\"contentUrl\":\"https:\\\/\\\/alekeskus.eu\\\/wp-content\\\/uploads\\\/2023\\\/11\\\/50x50uus.jpg\",\"width\":750,\"height\":501},{\"@type\":\"BreadcrumbList\",\"@id\":\"https:\\\/\\\/alekeskus.eu\\\/toode\\\/pruss-50x50mm-umbertoodeldud-plastjaatmetest-alekeskus\\\/#breadcrumb\",\"itemListElement\":[{\"@type\":\"ListItem\",\"position\":1,\"name\":\"Avaleht\",\"item\":\"https:\\\/\\\/alekeskus.eu\\\/et\\\/\"},{\"@type\":\"ListItem\",\"position\":2,\"name\":\"Pood\",\"item\":\"https:\\\/\\\/alekeskus.eu\\\/pood\\\/\"},{\"@type\":\"ListItem\",\"position\":3,\"name\":\"Pruss 50x50x3000mm v\u00f5i 3600mm \u00fcmbert\u00f6\u00f6deldud plastj\u00e4\u00e4tmetest\"}]},{\"@type\":\"WebSite\",\"@id\":\"https:\\\/\\\/alekeskus.eu\\\/#website\",\"url\":\"https:\\\/\\\/alekeskus.eu\\\/\",\"name\":\"Alekeskus\",\"description\":\"Alekeskus.eu\",\"potentialAction\":[{\"@type\":\"SearchAction\",\"target\":{\"@type\":\"EntryPoint\",\"urlTemplate\":\"https:\\\/\\\/alekeskus.eu\\\/?s={search_term_string}\"},\"query-input\":{\"@type\":\"PropertyValueSpecification\",\"valueRequired\":true,\"valueName\":\"search_term_string\"}}],\"inLanguage\":\"et\"}]}<\/script>\n<!-- \/ Yoast SEO plugin. -->","yoast_head_json":{"title":"Pruss 50x50x3000mm v\u00f5i 3600mm \u00fcmbert\u00f6\u00f6deldud plastj\u00e4\u00e4tmetest - Alekeskus","description":"\u00dcmbert\u00f6\u00f6deldud plastj\u00e4\u00e4tmetest pruss, mis ei idane ega m\u00e4dane.","robots":{"index":"index","follow":"follow","max-snippet":"max-snippet:-1","max-image-preview":"max-image-preview:large","max-video-preview":"max-video-preview:-1"},"canonical":"https:\/\/alekeskus.eu\/toode\/pruss-50x50mm-umbertoodeldud-plastjaatmetest-alekeskus\/","og_locale":"et_EE","og_type":"article","og_title":"Pruss 50x50x3000mm v\u00f5i 3600mm \u00fcmbert\u00f6\u00f6deldud plastj\u00e4\u00e4tmetest - Alekeskus","og_description":"\u00dcmbert\u00f6\u00f6deldud plastj\u00e4\u00e4tmetest pruss, mis ei idane ega m\u00e4dane.","og_url":"https:\/\/alekeskus.eu\/toode\/pruss-50x50mm-umbertoodeldud-plastjaatmetest-alekeskus\/","og_site_name":"Alekeskus","article_modified_time":"2026-01-02T18:29:42+00:00","og_image":[{"width":750,"height":501,"url":"https:\/\/alekeskus.eu\/wp-content\/uploads\/2023\/11\/50x50uus.jpg","type":"image\/jpeg"}],"twitter_card":"summary_large_image","twitter_misc":{"Est. reading time":"1 minut"},"schema":{"@context":"https:\/\/schema.org","@graph":[{"@type":"WebPage","@id":"https:\/\/alekeskus.eu\/toode\/pruss-50x50mm-umbertoodeldud-plastjaatmetest-alekeskus\/","url":"https:\/\/alekeskus.eu\/toode\/pruss-50x50mm-umbertoodeldud-plastjaatmetest-alekeskus\/","name":"Pruss 50x50x3000mm v\u00f5i 3600mm \u00fcmbert\u00f6\u00f6deldud plastj\u00e4\u00e4tmetest - Alekeskus","isPartOf":{"@id":"https:\/\/alekeskus.eu\/#website"},"primaryImageOfPage":{"@id":"https:\/\/alekeskus.eu\/toode\/pruss-50x50mm-umbertoodeldud-plastjaatmetest-alekeskus\/#primaryimage"},"image":{"@id":"https:\/\/alekeskus.eu\/toode\/pruss-50x50mm-umbertoodeldud-plastjaatmetest-alekeskus\/#primaryimage"},"thumbnailUrl":"https:\/\/alekeskus.eu\/wp-content\/uploads\/2023\/11\/50x50uus.jpg","datePublished":"2023-11-12T06:22:04+00:00","dateModified":"2026-01-02T18:29:42+00:00","description":"\u00dcmbert\u00f6\u00f6deldud plastj\u00e4\u00e4tmetest pruss, mis ei idane ega m\u00e4dane.","breadcrumb":{"@id":"https:\/\/alekeskus.eu\/toode\/pruss-50x50mm-umbertoodeldud-plastjaatmetest-alekeskus\/#breadcrumb"},"inLanguage":"et","potentialAction":[{"@type":"ReadAction","target":["https:\/\/alekeskus.eu\/toode\/pruss-50x50mm-umbertoodeldud-plastjaatmetest-alekeskus\/"]}]},{"@type":"ImageObject","inLanguage":"et","@id":"https:\/\/alekeskus.eu\/toode\/pruss-50x50mm-umbertoodeldud-plastjaatmetest-alekeskus\/#primaryimage","url":"https:\/\/alekeskus.eu\/wp-content\/uploads\/2023\/11\/50x50uus.jpg","contentUrl":"https:\/\/alekeskus.eu\/wp-content\/uploads\/2023\/11\/50x50uus.jpg","width":750,"height":501},{"@type":"BreadcrumbList","@id":"https:\/\/alekeskus.eu\/toode\/pruss-50x50mm-umbertoodeldud-plastjaatmetest-alekeskus\/#breadcrumb","itemListElement":[{"@type":"ListItem","position":1,"name":"Avaleht","item":"https:\/\/alekeskus.eu\/et\/"},{"@type":"ListItem","position":2,"name":"Pood","item":"https:\/\/alekeskus.eu\/pood\/"},{"@type":"ListItem","position":3,"name":"Pruss 50x50x3000mm v\u00f5i 3600mm \u00fcmbert\u00f6\u00f6deldud plastj\u00e4\u00e4tmetest"}]},{"@type":"WebSite","@id":"https:\/\/alekeskus.eu\/#website","url":"https:\/\/alekeskus.eu\/","name":"Alekeskus","description":"Alekeskus.eu","potentialAction":[{"@type":"SearchAction","target":{"@type":"EntryPoint","urlTemplate":"https:\/\/alekeskus.eu\/?s={search_term_string}"},"query-input":{"@type":"PropertyValueSpecification","valueRequired":true,"valueName":"search_term_string"}}],"inLanguage":"et"}]}},"brands":[{"id":18577,"name":"Eesti","slug":"eesti"}],"_links":{"self":[{"href":"https:\/\/alekeskus.eu\/et\/wp-json\/wp\/v2\/product\/72523","targetHints":{"allow":["GET"]}}],"collection":[{"href":"https:\/\/alekeskus.eu\/et\/wp-json\/wp\/v2\/product"}],"about":[{"href":"https:\/\/alekeskus.eu\/et\/wp-json\/wp\/v2\/types\/product"}],"wp:featuredmedia":[{"embeddable":true,"href":"https:\/\/alekeskus.eu\/et\/wp-json\/wp\/v2\/media\/95662"}],"wp:attachment":[{"href":"https:\/\/alekeskus.eu\/et\/wp-json\/wp\/v2\/media?parent=72523"}],"wp:term":[{"taxonomy":"pwb-brand","embeddable":true,"href":"https:\/\/alekeskus.eu\/et\/wp-json\/wp\/v2\/pwb-brand?post=72523"},{"taxonomy":"product_brand","embeddable":true,"href":"https:\/\/alekeskus.eu\/et\/wp-json\/wp\/v2\/product_brand?post=72523"},{"taxonomy":"product_cat","embeddable":true,"href":"https:\/\/alekeskus.eu\/et\/wp-json\/wp\/v2\/product_cat?post=72523"},{"taxonomy":"product_tag","embeddable":true,"href":"https:\/\/alekeskus.eu\/et\/wp-json\/wp\/v2\/product_tag?post=72523"}],"curies":[{"name":"wp","href":"https:\/\/api.w.org\/{rel}","templated":true}]}}